{"id":103790,"date":"2024-05-21T15:29:04","date_gmt":"2024-05-21T12:29:04","guid":{"rendered":"https:\/\/shop.noor.fi\/product\/emil-vaggarmatur-massing\/"},"modified":"2026-04-22T13:18:55","modified_gmt":"2026-04-22T10:18:55","slug":"emil-vaggarmatur-massing-september","status":"publish","type":"product","link":"https:\/\/shop.noor.fi\/sv\/produkt\/emil-vaggarmatur-massing-september\/","title":{"rendered":"Emil v\u00e4ggarmatur m\u00e4ssing"},"content":{"rendered":"<p>Tidl\u00f6s v\u00e4gglampa i metall. Utrustad med kulledsarm f\u00f6r enkel justering \u00e4v sk\u00e4rmen. Emil v\u00e4gglampa passar m\u00e5nga utrymmen.<br \/>\nE27, max 25W. Ljusk\u00e4lla ing\u00e5r ej.<br \/>\n150 cm l\u00e5ng sladd. Str\u00f6mbrytare p\u00e5 lampan.<br \/>\nRoHS, CE.<\/p>\n<p>Bredd 12 cm<br \/>\nDjup max 36 cm<br \/>\nH\u00f6jd 20 cm<br \/>\nSk\u00e4rmdiameter 12 cm, sk\u00e4rmens h\u00f6jd 20 cm<br \/>\nV\u00e4ggf\u00e4ste 10 cm i diameter<\/p>\n","protected":false},"excerpt":{"rendered":"<p>Tidl\u00f6s v\u00e4gglampa i metall. Utrustad med kulledsarm f\u00f6r enkel justering \u00e4v sk\u00e4rmen. Emil v\u00e4gglampa passar m\u00e5nga utrymmen. E27, max 25W. Ljusk\u00e4lla ing\u00e5r ej. 150 cm l\u00e5ng sladd. Str\u00f6mbrytare p\u00e5 lampan. RoHS, CE. Bredd 12 cm Djup max 36 cm H\u00f6jd 20 cm Sk\u00e4rmdiameter 12 cm, sk\u00e4rmens h\u00f6jd 20 cm V\u00e4ggf\u00e4ste 10 cm i diameter<\/p>\n","protected":false},"featured_media":112209,"comment_status":"open","ping_status":"closed","template":"","meta":{"_acf_changed":false,"_relevanssi_hide_post":"","_relevanssi_hide_content":"","_relevanssi_pin_for_all":"","_relevanssi_pin_keywords":"","_relevanssi_unpin_keywords":"","_relevanssi_related_keywords":"","_relevanssi_related_include_ids":"","_relevanssi_related_exclude_ids":"","_relevanssi_related_no_append":"","_relevanssi_related_not_related":"","_relevanssi_related_posts":"","_relevanssi_noindex_reason":""},"pwb-brand":[37487,28731],"product_brand":[],"product_cat":[32120],"product_tag":[],"class_list":{"0":"post-103790","1":"product","2":"type-product","3":"status-publish","4":"has-post-thumbnail","6":"pwb-brand-noor-sv","7":"pwb-brand-noor","8":"product_cat-vagglampor","10":"first","11":"instock","12":"taxable","13":"shipping-taxable","14":"purchasable","15":"product-type-simple"},"acf":[],"yoast_head":"<!-- This site is optimized with the Yoast SEO plugin v27.5 - https:\/\/yoast.com\/product\/yoast-seo-wordpress\/ -->\n<title>Emil v\u00e4ggarmatur m\u00e4ssing - Oy Noortrade Ab<\/title>\n<meta name=\"robots\" content=\"index, follow, max-snippet:-1, max-image-preview:large, max-video-preview:-1\" \/>\n<link rel=\"canonical\" href=\"https:\/\/shop.noor.fi\/sv\/produkt\/emil-vaggarmatur-massing-september\/\" \/>\n<meta property=\"og:locale\" content=\"sv_SE\" \/>\n<meta property=\"og:type\" content=\"article\" \/>\n<meta property=\"og:title\" content=\"Emil v\u00e4ggarmatur m\u00e4ssing - Oy Noortrade Ab\" \/>\n<meta property=\"og:description\" content=\"Tidl\u00f6s v\u00e4gglampa i metall. Utrustad med kulledsarm f\u00f6r enkel justering \u00e4v sk\u00e4rmen. Emil v\u00e4gglampa passar m\u00e5nga utrymmen. E27, max 25W. Ljusk\u00e4lla ing\u00e5r ej. 150 cm l\u00e5ng sladd. Str\u00f6mbrytare p\u00e5 lampan. RoHS, CE. Bredd 12 cm Djup max 36 cm H\u00f6jd 20 cm Sk\u00e4rmdiameter 12 cm, sk\u00e4rmens h\u00f6jd 20 cm V\u00e4ggf\u00e4ste 10 cm i diameter\" \/>\n<meta property=\"og:url\" content=\"https:\/\/shop.noor.fi\/sv\/produkt\/emil-vaggarmatur-massing-september\/\" \/>\n<meta property=\"og:site_name\" content=\"Oy Noortrade Ab\" \/>\n<meta property=\"article:modified_time\" content=\"2026-04-22T10:18:55+00:00\" \/>\n<meta property=\"og:image\" content=\"https:\/\/shop.noor.fi\/wp-content\/uploads\/2024\/05\/6420619978547.jpg\" \/>\n\t<meta property=\"og:image:width\" content=\"2501\" \/>\n\t<meta property=\"og:image:height\" content=\"2560\" \/>\n\t<meta property=\"og:image:type\" content=\"image\/jpeg\" \/>\n<meta name=\"twitter:card\" content=\"summary_large_image\" \/>\n<script type=\"application\/ld+json\" class=\"yoast-schema-graph\">{\"@context\":\"https:\\\/\\\/schema.org\",\"@graph\":[{\"@type\":\"WebPage\",\"@id\":\"https:\\\/\\\/shop.noor.fi\\\/sv\\\/produkt\\\/emil-vaggarmatur-massing-september\\\/\",\"url\":\"https:\\\/\\\/shop.noor.fi\\\/sv\\\/produkt\\\/emil-vaggarmatur-massing-september\\\/\",\"name\":\"Emil v\u00e4ggarmatur m\u00e4ssing - Oy Noortrade Ab\",\"isPartOf\":{\"@id\":\"https:\\\/\\\/shopnoorfi-wp31835.test.cchosting.fi\\\/#website\"},\"primaryImageOfPage\":{\"@id\":\"https:\\\/\\\/shop.noor.fi\\\/sv\\\/produkt\\\/emil-vaggarmatur-massing-september\\\/#primaryimage\"},\"image\":{\"@id\":\"https:\\\/\\\/shop.noor.fi\\\/sv\\\/produkt\\\/emil-vaggarmatur-massing-september\\\/#primaryimage\"},\"thumbnailUrl\":\"https:\\\/\\\/shop.noor.fi\\\/wp-content\\\/uploads\\\/2024\\\/05\\\/6420619978547.jpg\",\"datePublished\":\"2024-05-21T12:29:04+00:00\",\"dateModified\":\"2026-04-22T10:18:55+00:00\",\"breadcrumb\":{\"@id\":\"https:\\\/\\\/shop.noor.fi\\\/sv\\\/produkt\\\/emil-vaggarmatur-massing-september\\\/#breadcrumb\"},\"inLanguage\":\"sv-SE\",\"potentialAction\":[{\"@type\":\"ReadAction\",\"target\":[\"https:\\\/\\\/shop.noor.fi\\\/sv\\\/produkt\\\/emil-vaggarmatur-massing-september\\\/\"]}]},{\"@type\":\"ImageObject\",\"inLanguage\":\"sv-SE\",\"@id\":\"https:\\\/\\\/shop.noor.fi\\\/sv\\\/produkt\\\/emil-vaggarmatur-massing-september\\\/#primaryimage\",\"url\":\"https:\\\/\\\/shop.noor.fi\\\/wp-content\\\/uploads\\\/2024\\\/05\\\/6420619978547.jpg\",\"contentUrl\":\"https:\\\/\\\/shop.noor.fi\\\/wp-content\\\/uploads\\\/2024\\\/05\\\/6420619978547.jpg\",\"width\":2501,\"height\":2560},{\"@type\":\"BreadcrumbList\",\"@id\":\"https:\\\/\\\/shop.noor.fi\\\/sv\\\/produkt\\\/emil-vaggarmatur-massing-september\\\/#breadcrumb\",\"itemListElement\":[{\"@type\":\"ListItem\",\"position\":1,\"name\":\"Etusivu\",\"item\":\"https:\\\/\\\/shop.noor.fi\\\/sv\\\/\"},{\"@type\":\"ListItem\",\"position\":2,\"name\":\"Butik\",\"item\":\"https:\\\/\\\/shopnoorfi-wp31835.test.cchosting.fi\\\/sv\\\/butik\\\/\"},{\"@type\":\"ListItem\",\"position\":3,\"name\":\"Emil v\u00e4ggarmatur m\u00e4ssing\"}]},{\"@type\":\"WebSite\",\"@id\":\"https:\\\/\\\/shopnoorfi-wp31835.test.cchosting.fi\\\/#website\",\"url\":\"https:\\\/\\\/shopnoorfi-wp31835.test.cchosting.fi\\\/\",\"name\":\"Oy Noortrade Ab\",\"description\":\"Finnish family owned company with over 30 years of professional experience in lighting &amp; interior products import and sales - reliably.\",\"publisher\":{\"@id\":\"https:\\\/\\\/shopnoorfi-wp31835.test.cchosting.fi\\\/#organization\"},\"potentialAction\":[{\"@type\":\"SearchAction\",\"target\":{\"@type\":\"EntryPoint\",\"urlTemplate\":\"https:\\\/\\\/shopnoorfi-wp31835.test.cchosting.fi\\\/?s={search_term_string}\"},\"query-input\":{\"@type\":\"PropertyValueSpecification\",\"valueRequired\":true,\"valueName\":\"search_term_string\"}}],\"inLanguage\":\"sv-SE\"},{\"@type\":\"Organization\",\"@id\":\"https:\\\/\\\/shopnoorfi-wp31835.test.cchosting.fi\\\/#organization\",\"name\":\"Oy Noortrade Ab\",\"url\":\"https:\\\/\\\/shopnoorfi-wp31835.test.cchosting.fi\\\/\",\"logo\":{\"@type\":\"ImageObject\",\"inLanguage\":\"sv-SE\",\"@id\":\"https:\\\/\\\/shopnoorfi-wp31835.test.cchosting.fi\\\/#\\\/schema\\\/logo\\\/image\\\/\",\"url\":\"https:\\\/\\\/shop.noor.fi\\\/wp-content\\\/uploads\\\/2024\\\/01\\\/Oy-Noortrade-Ab-Corbel-VERSAL-bold-BLACK.png\",\"contentUrl\":\"https:\\\/\\\/shop.noor.fi\\\/wp-content\\\/uploads\\\/2024\\\/01\\\/Oy-Noortrade-Ab-Corbel-VERSAL-bold-BLACK.png\",\"width\":721,\"height\":177,\"caption\":\"Oy Noortrade Ab\"},\"image\":{\"@id\":\"https:\\\/\\\/shopnoorfi-wp31835.test.cchosting.fi\\\/#\\\/schema\\\/logo\\\/image\\\/\"}}]}<\/script>\n<!-- \/ Yoast SEO plugin. -->","yoast_head_json":{"title":"Emil v\u00e4ggarmatur m\u00e4ssing - Oy Noortrade Ab","robots":{"index":"index","follow":"follow","max-snippet":"max-snippet:-1","max-image-preview":"max-image-preview:large","max-video-preview":"max-video-preview:-1"},"canonical":"https:\/\/shop.noor.fi\/sv\/produkt\/emil-vaggarmatur-massing-september\/","og_locale":"sv_SE","og_type":"article","og_title":"Emil v\u00e4ggarmatur m\u00e4ssing - Oy Noortrade Ab","og_description":"Tidl\u00f6s v\u00e4gglampa i metall. Utrustad med kulledsarm f\u00f6r enkel justering \u00e4v sk\u00e4rmen. Emil v\u00e4gglampa passar m\u00e5nga utrymmen. E27, max 25W. Ljusk\u00e4lla ing\u00e5r ej. 150 cm l\u00e5ng sladd. Str\u00f6mbrytare p\u00e5 lampan. RoHS, CE. Bredd 12 cm Djup max 36 cm H\u00f6jd 20 cm Sk\u00e4rmdiameter 12 cm, sk\u00e4rmens h\u00f6jd 20 cm V\u00e4ggf\u00e4ste 10 cm i diameter","og_url":"https:\/\/shop.noor.fi\/sv\/produkt\/emil-vaggarmatur-massing-september\/","og_site_name":"Oy Noortrade Ab","article_modified_time":"2026-04-22T10:18:55+00:00","og_image":[{"width":2501,"height":2560,"url":"https:\/\/shop.noor.fi\/wp-content\/uploads\/2024\/05\/6420619978547.jpg","type":"image\/jpeg"}],"twitter_card":"summary_large_image","schema":{"@context":"https:\/\/schema.org","@graph":[{"@type":"WebPage","@id":"https:\/\/shop.noor.fi\/sv\/produkt\/emil-vaggarmatur-massing-september\/","url":"https:\/\/shop.noor.fi\/sv\/produkt\/emil-vaggarmatur-massing-september\/","name":"Emil v\u00e4ggarmatur m\u00e4ssing - Oy Noortrade Ab","isPartOf":{"@id":"https:\/\/shopnoorfi-wp31835.test.cchosting.fi\/#website"},"primaryImageOfPage":{"@id":"https:\/\/shop.noor.fi\/sv\/produkt\/emil-vaggarmatur-massing-september\/#primaryimage"},"image":{"@id":"https:\/\/shop.noor.fi\/sv\/produkt\/emil-vaggarmatur-massing-september\/#primaryimage"},"thumbnailUrl":"https:\/\/shop.noor.fi\/wp-content\/uploads\/2024\/05\/6420619978547.jpg","datePublished":"2024-05-21T12:29:04+00:00","dateModified":"2026-04-22T10:18:55+00:00","breadcrumb":{"@id":"https:\/\/shop.noor.fi\/sv\/produkt\/emil-vaggarmatur-massing-september\/#breadcrumb"},"inLanguage":"sv-SE","potentialAction":[{"@type":"ReadAction","target":["https:\/\/shop.noor.fi\/sv\/produkt\/emil-vaggarmatur-massing-september\/"]}]},{"@type":"ImageObject","inLanguage":"sv-SE","@id":"https:\/\/shop.noor.fi\/sv\/produkt\/emil-vaggarmatur-massing-september\/#primaryimage","url":"https:\/\/shop.noor.fi\/wp-content\/uploads\/2024\/05\/6420619978547.jpg","contentUrl":"https:\/\/shop.noor.fi\/wp-content\/uploads\/2024\/05\/6420619978547.jpg","width":2501,"height":2560},{"@type":"BreadcrumbList","@id":"https:\/\/shop.noor.fi\/sv\/produkt\/emil-vaggarmatur-massing-september\/#breadcrumb","itemListElement":[{"@type":"ListItem","position":1,"name":"Etusivu","item":"https:\/\/shop.noor.fi\/sv\/"},{"@type":"ListItem","position":2,"name":"Butik","item":"https:\/\/shopnoorfi-wp31835.test.cchosting.fi\/sv\/butik\/"},{"@type":"ListItem","position":3,"name":"Emil v\u00e4ggarmatur m\u00e4ssing"}]},{"@type":"WebSite","@id":"https:\/\/shopnoorfi-wp31835.test.cchosting.fi\/#website","url":"https:\/\/shopnoorfi-wp31835.test.cchosting.fi\/","name":"Oy Noortrade Ab","description":"Finnish family owned company with over 30 years of professional experience in lighting &amp; interior products import and sales - reliably.","publisher":{"@id":"https:\/\/shopnoorfi-wp31835.test.cchosting.fi\/#organization"},"potentialAction":[{"@type":"SearchAction","target":{"@type":"EntryPoint","urlTemplate":"https:\/\/shopnoorfi-wp31835.test.cchosting.fi\/?s={search_term_string}"},"query-input":{"@type":"PropertyValueSpecification","valueRequired":true,"valueName":"search_term_string"}}],"inLanguage":"sv-SE"},{"@type":"Organization","@id":"https:\/\/shopnoorfi-wp31835.test.cchosting.fi\/#organization","name":"Oy Noortrade Ab","url":"https:\/\/shopnoorfi-wp31835.test.cchosting.fi\/","logo":{"@type":"ImageObject","inLanguage":"sv-SE","@id":"https:\/\/shopnoorfi-wp31835.test.cchosting.fi\/#\/schema\/logo\/image\/","url":"https:\/\/shop.noor.fi\/wp-content\/uploads\/2024\/01\/Oy-Noortrade-Ab-Corbel-VERSAL-bold-BLACK.png","contentUrl":"https:\/\/shop.noor.fi\/wp-content\/uploads\/2024\/01\/Oy-Noortrade-Ab-Corbel-VERSAL-bold-BLACK.png","width":721,"height":177,"caption":"Oy Noortrade Ab"},"image":{"@id":"https:\/\/shopnoorfi-wp31835.test.cchosting.fi\/#\/schema\/logo\/image\/"}}]}},"brands":[{"id":28731,"name":"Noor","slug":"noor"},{"id":37487,"name":"Noor","slug":"noor-sv"}],"_links":{"self":[{"href":"https:\/\/shop.noor.fi\/sv\/wp-json\/wp\/v2\/product\/103790","targetHints":{"allow":["GET"]}}],"collection":[{"href":"https:\/\/shop.noor.fi\/sv\/wp-json\/wp\/v2\/product"}],"about":[{"href":"https:\/\/shop.noor.fi\/sv\/wp-json\/wp\/v2\/types\/product"}],"replies":[{"embeddable":true,"href":"https:\/\/shop.noor.fi\/sv\/wp-json\/wp\/v2\/comments?post=103790"}],"wp:featuredmedia":[{"embeddable":true,"href":"https:\/\/shop.noor.fi\/sv\/wp-json\/wp\/v2\/media\/112209"}],"wp:attachment":[{"href":"https:\/\/shop.noor.fi\/sv\/wp-json\/wp\/v2\/media?parent=103790"}],"wp:term":[{"taxonomy":"pwb-brand","embeddable":true,"href":"https:\/\/shop.noor.fi\/sv\/wp-json\/wp\/v2\/pwb-brand?post=103790"},{"taxonomy":"product_brand","embeddable":true,"href":"https:\/\/shop.noor.fi\/sv\/wp-json\/wp\/v2\/product_brand?post=103790"},{"taxonomy":"product_cat","embeddable":true,"href":"https:\/\/shop.noor.fi\/sv\/wp-json\/wp\/v2\/product_cat?post=103790"},{"taxonomy":"product_tag","embeddable":true,"href":"https:\/\/shop.noor.fi\/sv\/wp-json\/wp\/v2\/product_tag?post=103790"}],"curies":[{"name":"wp","href":"https:\/\/api.w.org\/{rel}","templated":true}]}}