{"id":103787,"date":"2023-11-01T10:18:31","date_gmt":"2023-11-01T08:18:31","guid":{"rendered":"https:\/\/shop.noor.fi\/product\/otava-2-vaggarmatur-antracit\/"},"modified":"2026-04-29T10:43:49","modified_gmt":"2026-04-29T07:43:49","slug":"otava-2-vaggarmatur-antracit","status":"publish","type":"product","link":"https:\/\/shop.noor.fi\/sv\/produkt\/otava-2-vaggarmatur-antracit\/","title":{"rendered":"Otava-2 v\u00e4ggarmatur antracit"},"content":{"rendered":"<p>Modern och stilren v\u00e4ggarmatur i aluminium (maxi-storlek) med upp- och ned\u00e5triktad ljus<br \/>\nPlacera t.ex. vid entr\u00e9 eller intill terass. Kan ocks\u00e5 anv\u00e4ndas<br \/>\ninomhus, t. ex. som hallbelysning.<br \/>\nGer ett ljussken upp\u00e5t och ned\u00e5t genom frostade glasdiffusorer, och \u00e4ven \u00e5t sidorna genom en frostad polykarbonatdiffusor<br \/>\nKan parallellkopplas.<br \/>\nGU10, max 2 x 35W. Ljusk\u00e4llor ing\u00e5r ej.<\/p>\n<p>Bredd 8,9 cm<br \/>\nDjup 11,5 cm<br \/>\nH\u00f6jd 23 cm<\/p>\n<p>V\u00e4ggf\u00e4stets storlek: 6,3 x 6,3 cm.<br \/>\nCE, RoHS.<\/p>\n","protected":false},"excerpt":{"rendered":"<p>Modern och stilren v\u00e4ggarmatur i aluminium (maxi-storlek) med upp- och ned\u00e5triktad ljus Placera t.ex. vid entr\u00e9 eller intill terass. Kan ocks\u00e5 anv\u00e4ndas inomhus, t. ex. som hallbelysning. Ger ett ljussken upp\u00e5t och ned\u00e5t genom frostade glasdiffusorer, och \u00e4ven \u00e5t sidorna genom en frostad polykarbonatdiffusor Kan parallellkopplas. GU10, max 2 x 35W. Ljusk\u00e4llor ing\u00e5r ej. Bredd [&hellip;]<\/p>\n","protected":false},"featured_media":76102,"comment_status":"open","ping_status":"closed","template":"","meta":{"_acf_changed":false,"_relevanssi_hide_post":"","_relevanssi_hide_content":"","_relevanssi_pin_for_all":"","_relevanssi_pin_keywords":"","_relevanssi_unpin_keywords":"","_relevanssi_related_keywords":"","_relevanssi_related_include_ids":"","_relevanssi_related_exclude_ids":"","_relevanssi_related_no_append":"","_relevanssi_related_not_related":"","_relevanssi_related_posts":"","_relevanssi_noindex_reason":""},"pwb-brand":[28731],"product_brand":[],"product_cat":[32193],"product_tag":[],"class_list":{"0":"post-103787","1":"product","2":"type-product","3":"status-publish","4":"has-post-thumbnail","6":"pwb-brand-noor","7":"product_cat-vagglampor-sv-2","9":"first","10":"instock","11":"taxable","12":"shipping-taxable","13":"purchasable","14":"product-type-simple"},"acf":[],"yoast_head":"<!-- This site is optimized with the Yoast SEO plugin v27.5 - https:\/\/yoast.com\/product\/yoast-seo-wordpress\/ -->\n<title>Otava-2 v\u00e4ggarmatur antracit - Oy Noortrade Ab<\/title>\n<meta name=\"robots\" content=\"index, follow, max-snippet:-1, max-image-preview:large, max-video-preview:-1\" \/>\n<link rel=\"canonical\" href=\"https:\/\/shop.noor.fi\/tuote\/otava-2-seinavalaisin-antrasiitti\/\" \/>\n<meta property=\"og:locale\" content=\"sv_SE\" \/>\n<meta property=\"og:type\" content=\"article\" \/>\n<meta property=\"og:title\" content=\"Otava-2 v\u00e4ggarmatur antracit - Oy Noortrade Ab\" \/>\n<meta property=\"og:description\" content=\"Modern och stilren v\u00e4ggarmatur i aluminium (maxi-storlek) med upp- och ned\u00e5triktad ljus Placera t.ex. vid entr\u00e9 eller intill terass. Kan ocks\u00e5 anv\u00e4ndas inomhus, t. ex. som hallbelysning. Ger ett ljussken upp\u00e5t och ned\u00e5t genom frostade glasdiffusorer, och \u00e4ven \u00e5t sidorna genom en frostad polykarbonatdiffusor Kan parallellkopplas. GU10, max 2 x 35W. Ljusk\u00e4llor ing\u00e5r ej. Bredd [&hellip;]\" \/>\n<meta property=\"og:url\" content=\"https:\/\/shop.noor.fi\/tuote\/otava-2-seinavalaisin-antrasiitti\/\" \/>\n<meta property=\"og:site_name\" content=\"Oy Noortrade Ab\" \/>\n<meta property=\"article:modified_time\" content=\"2026-04-29T07:43:49+00:00\" \/>\n<meta property=\"og:image\" content=\"https:\/\/shop.noor.fi\/wp-content\/uploads\/2023\/11\/6420619978301.jpg\" \/>\n\t<meta property=\"og:image:width\" content=\"584\" \/>\n\t<meta property=\"og:image:height\" content=\"1080\" \/>\n\t<meta property=\"og:image:type\" content=\"image\/jpeg\" \/>\n<meta name=\"twitter:card\" content=\"summary_large_image\" \/>\n<script type=\"application\/ld+json\" class=\"yoast-schema-graph\">{\"@context\":\"https:\\\/\\\/schema.org\",\"@graph\":[{\"@type\":\"WebPage\",\"@id\":\"https:\\\/\\\/shop.noor.fi\\\/tuote\\\/otava-2-seinavalaisin-antrasiitti\\\/\",\"url\":\"https:\\\/\\\/shop.noor.fi\\\/tuote\\\/otava-2-seinavalaisin-antrasiitti\\\/\",\"name\":\"Otava-2 v\u00e4ggarmatur antracit - Oy Noortrade Ab\",\"isPartOf\":{\"@id\":\"https:\\\/\\\/shopnoorfi-wp31835.test.cchosting.fi\\\/#website\"},\"primaryImageOfPage\":{\"@id\":\"https:\\\/\\\/shop.noor.fi\\\/tuote\\\/otava-2-seinavalaisin-antrasiitti\\\/#primaryimage\"},\"image\":{\"@id\":\"https:\\\/\\\/shop.noor.fi\\\/tuote\\\/otava-2-seinavalaisin-antrasiitti\\\/#primaryimage\"},\"thumbnailUrl\":\"https:\\\/\\\/shop.noor.fi\\\/wp-content\\\/uploads\\\/2023\\\/11\\\/6420619978301.jpg\",\"datePublished\":\"2023-11-01T08:18:31+00:00\",\"dateModified\":\"2026-04-29T07:43:49+00:00\",\"breadcrumb\":{\"@id\":\"https:\\\/\\\/shop.noor.fi\\\/tuote\\\/otava-2-seinavalaisin-antrasiitti\\\/#breadcrumb\"},\"inLanguage\":\"sv-SE\",\"potentialAction\":[{\"@type\":\"ReadAction\",\"target\":[\"https:\\\/\\\/shop.noor.fi\\\/tuote\\\/otava-2-seinavalaisin-antrasiitti\\\/\"]}]},{\"@type\":\"ImageObject\",\"inLanguage\":\"sv-SE\",\"@id\":\"https:\\\/\\\/shop.noor.fi\\\/tuote\\\/otava-2-seinavalaisin-antrasiitti\\\/#primaryimage\",\"url\":\"https:\\\/\\\/shop.noor.fi\\\/wp-content\\\/uploads\\\/2023\\\/11\\\/6420619978301.jpg\",\"contentUrl\":\"https:\\\/\\\/shop.noor.fi\\\/wp-content\\\/uploads\\\/2023\\\/11\\\/6420619978301.jpg\",\"width\":584,\"height\":1080},{\"@type\":\"BreadcrumbList\",\"@id\":\"https:\\\/\\\/shop.noor.fi\\\/tuote\\\/otava-2-seinavalaisin-antrasiitti\\\/#breadcrumb\",\"itemListElement\":[{\"@type\":\"ListItem\",\"position\":1,\"name\":\"Etusivu\",\"item\":\"https:\\\/\\\/shop.noor.fi\\\/sv\\\/\"},{\"@type\":\"ListItem\",\"position\":2,\"name\":\"Butik\",\"item\":\"https:\\\/\\\/shopnoorfi-wp31835.test.cchosting.fi\\\/sv\\\/butik\\\/\"},{\"@type\":\"ListItem\",\"position\":3,\"name\":\"Otava-2 v\u00e4ggarmatur antracit\"}]},{\"@type\":\"WebSite\",\"@id\":\"https:\\\/\\\/shopnoorfi-wp31835.test.cchosting.fi\\\/#website\",\"url\":\"https:\\\/\\\/shopnoorfi-wp31835.test.cchosting.fi\\\/\",\"name\":\"Oy Noortrade Ab\",\"description\":\"Finnish family owned company with over 30 years of professional experience in lighting &amp; interior products import and sales - reliably.\",\"publisher\":{\"@id\":\"https:\\\/\\\/shopnoorfi-wp31835.test.cchosting.fi\\\/#organization\"},\"potentialAction\":[{\"@type\":\"SearchAction\",\"target\":{\"@type\":\"EntryPoint\",\"urlTemplate\":\"https:\\\/\\\/shopnoorfi-wp31835.test.cchosting.fi\\\/?s={search_term_string}\"},\"query-input\":{\"@type\":\"PropertyValueSpecification\",\"valueRequired\":true,\"valueName\":\"search_term_string\"}}],\"inLanguage\":\"sv-SE\"},{\"@type\":\"Organization\",\"@id\":\"https:\\\/\\\/shopnoorfi-wp31835.test.cchosting.fi\\\/#organization\",\"name\":\"Oy Noortrade Ab\",\"url\":\"https:\\\/\\\/shopnoorfi-wp31835.test.cchosting.fi\\\/\",\"logo\":{\"@type\":\"ImageObject\",\"inLanguage\":\"sv-SE\",\"@id\":\"https:\\\/\\\/shopnoorfi-wp31835.test.cchosting.fi\\\/#\\\/schema\\\/logo\\\/image\\\/\",\"url\":\"https:\\\/\\\/shop.noor.fi\\\/wp-content\\\/uploads\\\/2024\\\/01\\\/Oy-Noortrade-Ab-Corbel-VERSAL-bold-BLACK.png\",\"contentUrl\":\"https:\\\/\\\/shop.noor.fi\\\/wp-content\\\/uploads\\\/2024\\\/01\\\/Oy-Noortrade-Ab-Corbel-VERSAL-bold-BLACK.png\",\"width\":721,\"height\":177,\"caption\":\"Oy Noortrade Ab\"},\"image\":{\"@id\":\"https:\\\/\\\/shopnoorfi-wp31835.test.cchosting.fi\\\/#\\\/schema\\\/logo\\\/image\\\/\"}}]}<\/script>\n<!-- \/ Yoast SEO plugin. -->","yoast_head_json":{"title":"Otava-2 v\u00e4ggarmatur antracit - Oy Noortrade Ab","robots":{"index":"index","follow":"follow","max-snippet":"max-snippet:-1","max-image-preview":"max-image-preview:large","max-video-preview":"max-video-preview:-1"},"canonical":"https:\/\/shop.noor.fi\/tuote\/otava-2-seinavalaisin-antrasiitti\/","og_locale":"sv_SE","og_type":"article","og_title":"Otava-2 v\u00e4ggarmatur antracit - Oy Noortrade Ab","og_description":"Modern och stilren v\u00e4ggarmatur i aluminium (maxi-storlek) med upp- och ned\u00e5triktad ljus Placera t.ex. vid entr\u00e9 eller intill terass. Kan ocks\u00e5 anv\u00e4ndas inomhus, t. ex. som hallbelysning. Ger ett ljussken upp\u00e5t och ned\u00e5t genom frostade glasdiffusorer, och \u00e4ven \u00e5t sidorna genom en frostad polykarbonatdiffusor Kan parallellkopplas. GU10, max 2 x 35W. Ljusk\u00e4llor ing\u00e5r ej. Bredd [&hellip;]","og_url":"https:\/\/shop.noor.fi\/tuote\/otava-2-seinavalaisin-antrasiitti\/","og_site_name":"Oy Noortrade Ab","article_modified_time":"2026-04-29T07:43:49+00:00","og_image":[{"width":584,"height":1080,"url":"https:\/\/shop.noor.fi\/wp-content\/uploads\/2023\/11\/6420619978301.jpg","type":"image\/jpeg"}],"twitter_card":"summary_large_image","schema":{"@context":"https:\/\/schema.org","@graph":[{"@type":"WebPage","@id":"https:\/\/shop.noor.fi\/tuote\/otava-2-seinavalaisin-antrasiitti\/","url":"https:\/\/shop.noor.fi\/tuote\/otava-2-seinavalaisin-antrasiitti\/","name":"Otava-2 v\u00e4ggarmatur antracit - Oy Noortrade Ab","isPartOf":{"@id":"https:\/\/shopnoorfi-wp31835.test.cchosting.fi\/#website"},"primaryImageOfPage":{"@id":"https:\/\/shop.noor.fi\/tuote\/otava-2-seinavalaisin-antrasiitti\/#primaryimage"},"image":{"@id":"https:\/\/shop.noor.fi\/tuote\/otava-2-seinavalaisin-antrasiitti\/#primaryimage"},"thumbnailUrl":"https:\/\/shop.noor.fi\/wp-content\/uploads\/2023\/11\/6420619978301.jpg","datePublished":"2023-11-01T08:18:31+00:00","dateModified":"2026-04-29T07:43:49+00:00","breadcrumb":{"@id":"https:\/\/shop.noor.fi\/tuote\/otava-2-seinavalaisin-antrasiitti\/#breadcrumb"},"inLanguage":"sv-SE","potentialAction":[{"@type":"ReadAction","target":["https:\/\/shop.noor.fi\/tuote\/otava-2-seinavalaisin-antrasiitti\/"]}]},{"@type":"ImageObject","inLanguage":"sv-SE","@id":"https:\/\/shop.noor.fi\/tuote\/otava-2-seinavalaisin-antrasiitti\/#primaryimage","url":"https:\/\/shop.noor.fi\/wp-content\/uploads\/2023\/11\/6420619978301.jpg","contentUrl":"https:\/\/shop.noor.fi\/wp-content\/uploads\/2023\/11\/6420619978301.jpg","width":584,"height":1080},{"@type":"BreadcrumbList","@id":"https:\/\/shop.noor.fi\/tuote\/otava-2-seinavalaisin-antrasiitti\/#breadcrumb","itemListElement":[{"@type":"ListItem","position":1,"name":"Etusivu","item":"https:\/\/shop.noor.fi\/sv\/"},{"@type":"ListItem","position":2,"name":"Butik","item":"https:\/\/shopnoorfi-wp31835.test.cchosting.fi\/sv\/butik\/"},{"@type":"ListItem","position":3,"name":"Otava-2 v\u00e4ggarmatur antracit"}]},{"@type":"WebSite","@id":"https:\/\/shopnoorfi-wp31835.test.cchosting.fi\/#website","url":"https:\/\/shopnoorfi-wp31835.test.cchosting.fi\/","name":"Oy Noortrade Ab","description":"Finnish family owned company with over 30 years of professional experience in lighting &amp; interior products import and sales - reliably.","publisher":{"@id":"https:\/\/shopnoorfi-wp31835.test.cchosting.fi\/#organization"},"potentialAction":[{"@type":"SearchAction","target":{"@type":"EntryPoint","urlTemplate":"https:\/\/shopnoorfi-wp31835.test.cchosting.fi\/?s={search_term_string}"},"query-input":{"@type":"PropertyValueSpecification","valueRequired":true,"valueName":"search_term_string"}}],"inLanguage":"sv-SE"},{"@type":"Organization","@id":"https:\/\/shopnoorfi-wp31835.test.cchosting.fi\/#organization","name":"Oy Noortrade Ab","url":"https:\/\/shopnoorfi-wp31835.test.cchosting.fi\/","logo":{"@type":"ImageObject","inLanguage":"sv-SE","@id":"https:\/\/shopnoorfi-wp31835.test.cchosting.fi\/#\/schema\/logo\/image\/","url":"https:\/\/shop.noor.fi\/wp-content\/uploads\/2024\/01\/Oy-Noortrade-Ab-Corbel-VERSAL-bold-BLACK.png","contentUrl":"https:\/\/shop.noor.fi\/wp-content\/uploads\/2024\/01\/Oy-Noortrade-Ab-Corbel-VERSAL-bold-BLACK.png","width":721,"height":177,"caption":"Oy Noortrade Ab"},"image":{"@id":"https:\/\/shopnoorfi-wp31835.test.cchosting.fi\/#\/schema\/logo\/image\/"}}]}},"brands":[{"id":28731,"name":"Noor","slug":"noor"}],"_links":{"self":[{"href":"https:\/\/shop.noor.fi\/sv\/wp-json\/wp\/v2\/product\/103787","targetHints":{"allow":["GET"]}}],"collection":[{"href":"https:\/\/shop.noor.fi\/sv\/wp-json\/wp\/v2\/product"}],"about":[{"href":"https:\/\/shop.noor.fi\/sv\/wp-json\/wp\/v2\/types\/product"}],"replies":[{"embeddable":true,"href":"https:\/\/shop.noor.fi\/sv\/wp-json\/wp\/v2\/comments?post=103787"}],"wp:featuredmedia":[{"embeddable":true,"href":"https:\/\/shop.noor.fi\/sv\/wp-json\/wp\/v2\/media\/76102"}],"wp:attachment":[{"href":"https:\/\/shop.noor.fi\/sv\/wp-json\/wp\/v2\/media?parent=103787"}],"wp:term":[{"taxonomy":"pwb-brand","embeddable":true,"href":"https:\/\/shop.noor.fi\/sv\/wp-json\/wp\/v2\/pwb-brand?post=103787"},{"taxonomy":"product_brand","embeddable":true,"href":"https:\/\/shop.noor.fi\/sv\/wp-json\/wp\/v2\/product_brand?post=103787"},{"taxonomy":"product_cat","embeddable":true,"href":"https:\/\/shop.noor.fi\/sv\/wp-json\/wp\/v2\/product_cat?post=103787"},{"taxonomy":"product_tag","embeddable":true,"href":"https:\/\/shop.noor.fi\/sv\/wp-json\/wp\/v2\/product_tag?post=103787"}],"curies":[{"name":"wp","href":"https:\/\/api.w.org\/{rel}","templated":true}]}}