{"id":103784,"date":"2023-11-01T12:58:13","date_gmt":"2023-11-01T10:58:13","guid":{"rendered":"https:\/\/shop.noor.fi\/product\/jenni-flex-klamspot-vit\/"},"modified":"2026-04-21T16:21:09","modified_gmt":"2026-04-21T13:21:09","slug":"jenni-flex-klamspot-vit","status":"publish","type":"product","link":"https:\/\/shop.noor.fi\/sv\/produkt\/jenni-flex-klamspot-vit\/","title":{"rendered":"Jenni flex kl\u00e4mspot vit"},"content":{"rendered":"<p>Liten och n\u00e4tt kl\u00e4mspot med en flexibel arm som g\u00f6r det enkelt att rikta ljuset. Enkel att kl\u00e4mma fast stadigt. Kl\u00e4mm\u00e5tt max ca 2,5 cm.<br \/>\nVarmvitt ljus (3000K).<br \/>\nSladdl\u00e4ngd 180 cm, med str\u00f6mbrytare.<br \/>\nLjusk\u00e4llan \u00e4r en integrerad LED modul som inte kan bytas ut. LED-garanti 3 \u00e5r.<\/p>\n<p>Bredd 6 cm<br \/>\nDjup max 43 cm<br \/>\nH\u00f6jd 9 cm<\/p>\n","protected":false},"excerpt":{"rendered":"<p>Liten och n\u00e4tt kl\u00e4mspot med en flexibel arm som g\u00f6r det enkelt att rikta ljuset. Enkel att kl\u00e4mma fast stadigt. Kl\u00e4mm\u00e5tt max ca 2,5 cm. Varmvitt ljus (3000K). Sladdl\u00e4ngd 180 cm, med str\u00f6mbrytare. Ljusk\u00e4llan \u00e4r en integrerad LED modul som inte kan bytas ut. LED-garanti 3 \u00e5r. Bredd 6 cm Djup max 43 cm H\u00f6jd [&hellip;]<\/p>\n","protected":false},"featured_media":76122,"comment_status":"open","ping_status":"closed","template":"","meta":{"_acf_changed":false,"_relevanssi_hide_post":"","_relevanssi_hide_content":"","_relevanssi_pin_for_all":"","_relevanssi_pin_keywords":"","_relevanssi_unpin_keywords":"","_relevanssi_related_keywords":"","_relevanssi_related_include_ids":"","_relevanssi_related_exclude_ids":"","_relevanssi_related_no_append":"","_relevanssi_related_not_related":"","_relevanssi_related_posts":"","_relevanssi_noindex_reason":""},"pwb-brand":[28731],"product_brand":[],"product_cat":[32120],"product_tag":[],"class_list":{"0":"post-103784","1":"product","2":"type-product","3":"status-publish","4":"has-post-thumbnail","6":"pwb-brand-noor","7":"product_cat-vagglampor","9":"first","10":"instock","11":"taxable","12":"shipping-taxable","13":"purchasable","14":"product-type-simple"},"acf":[],"yoast_head":"<!-- This site is optimized with the Yoast SEO plugin v27.5 - https:\/\/yoast.com\/product\/yoast-seo-wordpress\/ -->\n<title>Jenni flex kl\u00e4mspot vit - Oy Noortrade Ab<\/title>\n<meta name=\"robots\" content=\"index, follow, max-snippet:-1, max-image-preview:large, max-video-preview:-1\" \/>\n<link rel=\"canonical\" href=\"https:\/\/shop.noor.fi\/sv\/produkt\/jenni-flex-klamspot-vit\/\" \/>\n<meta property=\"og:locale\" content=\"sv_SE\" \/>\n<meta property=\"og:type\" content=\"article\" \/>\n<meta property=\"og:title\" content=\"Jenni flex kl\u00e4mspot vit - Oy Noortrade Ab\" \/>\n<meta property=\"og:description\" content=\"Liten och n\u00e4tt kl\u00e4mspot med en flexibel arm som g\u00f6r det enkelt att rikta ljuset. Enkel att kl\u00e4mma fast stadigt. Kl\u00e4mm\u00e5tt max ca 2,5 cm. Varmvitt ljus (3000K). Sladdl\u00e4ngd 180 cm, med str\u00f6mbrytare. Ljusk\u00e4llan \u00e4r en integrerad LED modul som inte kan bytas ut. LED-garanti 3 \u00e5r. Bredd 6 cm Djup max 43 cm H\u00f6jd [&hellip;]\" \/>\n<meta property=\"og:url\" content=\"https:\/\/shop.noor.fi\/sv\/produkt\/jenni-flex-klamspot-vit\/\" \/>\n<meta property=\"og:site_name\" content=\"Oy Noortrade Ab\" \/>\n<meta property=\"article:modified_time\" content=\"2026-04-21T13:21:09+00:00\" \/>\n<meta property=\"og:image\" content=\"https:\/\/shop.noor.fi\/wp-content\/uploads\/2023\/11\/6420619978356.jpg\" \/>\n\t<meta property=\"og:image:width\" content=\"673\" \/>\n\t<meta property=\"og:image:height\" content=\"1080\" \/>\n\t<meta property=\"og:image:type\" content=\"image\/jpeg\" \/>\n<meta name=\"twitter:card\" content=\"summary_large_image\" \/>\n<script type=\"application\/ld+json\" class=\"yoast-schema-graph\">{\"@context\":\"https:\\\/\\\/schema.org\",\"@graph\":[{\"@type\":\"WebPage\",\"@id\":\"https:\\\/\\\/shop.noor.fi\\\/sv\\\/produkt\\\/jenni-flex-klamspot-vit\\\/\",\"url\":\"https:\\\/\\\/shop.noor.fi\\\/sv\\\/produkt\\\/jenni-flex-klamspot-vit\\\/\",\"name\":\"Jenni flex kl\u00e4mspot vit - Oy Noortrade Ab\",\"isPartOf\":{\"@id\":\"https:\\\/\\\/shopnoorfi-wp31835.test.cchosting.fi\\\/#website\"},\"primaryImageOfPage\":{\"@id\":\"https:\\\/\\\/shop.noor.fi\\\/sv\\\/produkt\\\/jenni-flex-klamspot-vit\\\/#primaryimage\"},\"image\":{\"@id\":\"https:\\\/\\\/shop.noor.fi\\\/sv\\\/produkt\\\/jenni-flex-klamspot-vit\\\/#primaryimage\"},\"thumbnailUrl\":\"https:\\\/\\\/shop.noor.fi\\\/wp-content\\\/uploads\\\/2023\\\/11\\\/6420619978356.jpg\",\"datePublished\":\"2023-11-01T10:58:13+00:00\",\"dateModified\":\"2026-04-21T13:21:09+00:00\",\"breadcrumb\":{\"@id\":\"https:\\\/\\\/shop.noor.fi\\\/sv\\\/produkt\\\/jenni-flex-klamspot-vit\\\/#breadcrumb\"},\"inLanguage\":\"sv-SE\",\"potentialAction\":[{\"@type\":\"ReadAction\",\"target\":[\"https:\\\/\\\/shop.noor.fi\\\/sv\\\/produkt\\\/jenni-flex-klamspot-vit\\\/\"]}]},{\"@type\":\"ImageObject\",\"inLanguage\":\"sv-SE\",\"@id\":\"https:\\\/\\\/shop.noor.fi\\\/sv\\\/produkt\\\/jenni-flex-klamspot-vit\\\/#primaryimage\",\"url\":\"https:\\\/\\\/shop.noor.fi\\\/wp-content\\\/uploads\\\/2023\\\/11\\\/6420619978356.jpg\",\"contentUrl\":\"https:\\\/\\\/shop.noor.fi\\\/wp-content\\\/uploads\\\/2023\\\/11\\\/6420619978356.jpg\",\"width\":673,\"height\":1080},{\"@type\":\"BreadcrumbList\",\"@id\":\"https:\\\/\\\/shop.noor.fi\\\/sv\\\/produkt\\\/jenni-flex-klamspot-vit\\\/#breadcrumb\",\"itemListElement\":[{\"@type\":\"ListItem\",\"position\":1,\"name\":\"Etusivu\",\"item\":\"https:\\\/\\\/shop.noor.fi\\\/sv\\\/\"},{\"@type\":\"ListItem\",\"position\":2,\"name\":\"Butik\",\"item\":\"https:\\\/\\\/shopnoorfi-wp31835.test.cchosting.fi\\\/sv\\\/butik\\\/\"},{\"@type\":\"ListItem\",\"position\":3,\"name\":\"Jenni flex kl\u00e4mspot vit\"}]},{\"@type\":\"WebSite\",\"@id\":\"https:\\\/\\\/shopnoorfi-wp31835.test.cchosting.fi\\\/#website\",\"url\":\"https:\\\/\\\/shopnoorfi-wp31835.test.cchosting.fi\\\/\",\"name\":\"Oy Noortrade Ab\",\"description\":\"Finnish family owned company with over 30 years of professional experience in lighting &amp; interior products import and sales - reliably.\",\"publisher\":{\"@id\":\"https:\\\/\\\/shopnoorfi-wp31835.test.cchosting.fi\\\/#organization\"},\"potentialAction\":[{\"@type\":\"SearchAction\",\"target\":{\"@type\":\"EntryPoint\",\"urlTemplate\":\"https:\\\/\\\/shopnoorfi-wp31835.test.cchosting.fi\\\/?s={search_term_string}\"},\"query-input\":{\"@type\":\"PropertyValueSpecification\",\"valueRequired\":true,\"valueName\":\"search_term_string\"}}],\"inLanguage\":\"sv-SE\"},{\"@type\":\"Organization\",\"@id\":\"https:\\\/\\\/shopnoorfi-wp31835.test.cchosting.fi\\\/#organization\",\"name\":\"Oy Noortrade Ab\",\"url\":\"https:\\\/\\\/shopnoorfi-wp31835.test.cchosting.fi\\\/\",\"logo\":{\"@type\":\"ImageObject\",\"inLanguage\":\"sv-SE\",\"@id\":\"https:\\\/\\\/shopnoorfi-wp31835.test.cchosting.fi\\\/#\\\/schema\\\/logo\\\/image\\\/\",\"url\":\"https:\\\/\\\/shop.noor.fi\\\/wp-content\\\/uploads\\\/2024\\\/01\\\/Oy-Noortrade-Ab-Corbel-VERSAL-bold-BLACK.png\",\"contentUrl\":\"https:\\\/\\\/shop.noor.fi\\\/wp-content\\\/uploads\\\/2024\\\/01\\\/Oy-Noortrade-Ab-Corbel-VERSAL-bold-BLACK.png\",\"width\":721,\"height\":177,\"caption\":\"Oy Noortrade Ab\"},\"image\":{\"@id\":\"https:\\\/\\\/shopnoorfi-wp31835.test.cchosting.fi\\\/#\\\/schema\\\/logo\\\/image\\\/\"}}]}<\/script>\n<!-- \/ Yoast SEO plugin. -->","yoast_head_json":{"title":"Jenni flex kl\u00e4mspot vit - Oy Noortrade Ab","robots":{"index":"index","follow":"follow","max-snippet":"max-snippet:-1","max-image-preview":"max-image-preview:large","max-video-preview":"max-video-preview:-1"},"canonical":"https:\/\/shop.noor.fi\/sv\/produkt\/jenni-flex-klamspot-vit\/","og_locale":"sv_SE","og_type":"article","og_title":"Jenni flex kl\u00e4mspot vit - Oy Noortrade Ab","og_description":"Liten och n\u00e4tt kl\u00e4mspot med en flexibel arm som g\u00f6r det enkelt att rikta ljuset. Enkel att kl\u00e4mma fast stadigt. Kl\u00e4mm\u00e5tt max ca 2,5 cm. Varmvitt ljus (3000K). Sladdl\u00e4ngd 180 cm, med str\u00f6mbrytare. Ljusk\u00e4llan \u00e4r en integrerad LED modul som inte kan bytas ut. LED-garanti 3 \u00e5r. Bredd 6 cm Djup max 43 cm H\u00f6jd [&hellip;]","og_url":"https:\/\/shop.noor.fi\/sv\/produkt\/jenni-flex-klamspot-vit\/","og_site_name":"Oy Noortrade Ab","article_modified_time":"2026-04-21T13:21:09+00:00","og_image":[{"width":673,"height":1080,"url":"https:\/\/shop.noor.fi\/wp-content\/uploads\/2023\/11\/6420619978356.jpg","type":"image\/jpeg"}],"twitter_card":"summary_large_image","schema":{"@context":"https:\/\/schema.org","@graph":[{"@type":"WebPage","@id":"https:\/\/shop.noor.fi\/sv\/produkt\/jenni-flex-klamspot-vit\/","url":"https:\/\/shop.noor.fi\/sv\/produkt\/jenni-flex-klamspot-vit\/","name":"Jenni flex kl\u00e4mspot vit - Oy Noortrade Ab","isPartOf":{"@id":"https:\/\/shopnoorfi-wp31835.test.cchosting.fi\/#website"},"primaryImageOfPage":{"@id":"https:\/\/shop.noor.fi\/sv\/produkt\/jenni-flex-klamspot-vit\/#primaryimage"},"image":{"@id":"https:\/\/shop.noor.fi\/sv\/produkt\/jenni-flex-klamspot-vit\/#primaryimage"},"thumbnailUrl":"https:\/\/shop.noor.fi\/wp-content\/uploads\/2023\/11\/6420619978356.jpg","datePublished":"2023-11-01T10:58:13+00:00","dateModified":"2026-04-21T13:21:09+00:00","breadcrumb":{"@id":"https:\/\/shop.noor.fi\/sv\/produkt\/jenni-flex-klamspot-vit\/#breadcrumb"},"inLanguage":"sv-SE","potentialAction":[{"@type":"ReadAction","target":["https:\/\/shop.noor.fi\/sv\/produkt\/jenni-flex-klamspot-vit\/"]}]},{"@type":"ImageObject","inLanguage":"sv-SE","@id":"https:\/\/shop.noor.fi\/sv\/produkt\/jenni-flex-klamspot-vit\/#primaryimage","url":"https:\/\/shop.noor.fi\/wp-content\/uploads\/2023\/11\/6420619978356.jpg","contentUrl":"https:\/\/shop.noor.fi\/wp-content\/uploads\/2023\/11\/6420619978356.jpg","width":673,"height":1080},{"@type":"BreadcrumbList","@id":"https:\/\/shop.noor.fi\/sv\/produkt\/jenni-flex-klamspot-vit\/#breadcrumb","itemListElement":[{"@type":"ListItem","position":1,"name":"Etusivu","item":"https:\/\/shop.noor.fi\/sv\/"},{"@type":"ListItem","position":2,"name":"Butik","item":"https:\/\/shopnoorfi-wp31835.test.cchosting.fi\/sv\/butik\/"},{"@type":"ListItem","position":3,"name":"Jenni flex kl\u00e4mspot vit"}]},{"@type":"WebSite","@id":"https:\/\/shopnoorfi-wp31835.test.cchosting.fi\/#website","url":"https:\/\/shopnoorfi-wp31835.test.cchosting.fi\/","name":"Oy Noortrade Ab","description":"Finnish family owned company with over 30 years of professional experience in lighting &amp; interior products import and sales - reliably.","publisher":{"@id":"https:\/\/shopnoorfi-wp31835.test.cchosting.fi\/#organization"},"potentialAction":[{"@type":"SearchAction","target":{"@type":"EntryPoint","urlTemplate":"https:\/\/shopnoorfi-wp31835.test.cchosting.fi\/?s={search_term_string}"},"query-input":{"@type":"PropertyValueSpecification","valueRequired":true,"valueName":"search_term_string"}}],"inLanguage":"sv-SE"},{"@type":"Organization","@id":"https:\/\/shopnoorfi-wp31835.test.cchosting.fi\/#organization","name":"Oy Noortrade Ab","url":"https:\/\/shopnoorfi-wp31835.test.cchosting.fi\/","logo":{"@type":"ImageObject","inLanguage":"sv-SE","@id":"https:\/\/shopnoorfi-wp31835.test.cchosting.fi\/#\/schema\/logo\/image\/","url":"https:\/\/shop.noor.fi\/wp-content\/uploads\/2024\/01\/Oy-Noortrade-Ab-Corbel-VERSAL-bold-BLACK.png","contentUrl":"https:\/\/shop.noor.fi\/wp-content\/uploads\/2024\/01\/Oy-Noortrade-Ab-Corbel-VERSAL-bold-BLACK.png","width":721,"height":177,"caption":"Oy Noortrade Ab"},"image":{"@id":"https:\/\/shopnoorfi-wp31835.test.cchosting.fi\/#\/schema\/logo\/image\/"}}]}},"brands":[{"id":28731,"name":"Noor","slug":"noor"}],"_links":{"self":[{"href":"https:\/\/shop.noor.fi\/sv\/wp-json\/wp\/v2\/product\/103784","targetHints":{"allow":["GET"]}}],"collection":[{"href":"https:\/\/shop.noor.fi\/sv\/wp-json\/wp\/v2\/product"}],"about":[{"href":"https:\/\/shop.noor.fi\/sv\/wp-json\/wp\/v2\/types\/product"}],"replies":[{"embeddable":true,"href":"https:\/\/shop.noor.fi\/sv\/wp-json\/wp\/v2\/comments?post=103784"}],"wp:featuredmedia":[{"embeddable":true,"href":"https:\/\/shop.noor.fi\/sv\/wp-json\/wp\/v2\/media\/76122"}],"wp:attachment":[{"href":"https:\/\/shop.noor.fi\/sv\/wp-json\/wp\/v2\/media?parent=103784"}],"wp:term":[{"taxonomy":"pwb-brand","embeddable":true,"href":"https:\/\/shop.noor.fi\/sv\/wp-json\/wp\/v2\/pwb-brand?post=103784"},{"taxonomy":"product_brand","embeddable":true,"href":"https:\/\/shop.noor.fi\/sv\/wp-json\/wp\/v2\/product_brand?post=103784"},{"taxonomy":"product_cat","embeddable":true,"href":"https:\/\/shop.noor.fi\/sv\/wp-json\/wp\/v2\/product_cat?post=103784"},{"taxonomy":"product_tag","embeddable":true,"href":"https:\/\/shop.noor.fi\/sv\/wp-json\/wp\/v2\/product_tag?post=103784"}],"curies":[{"name":"wp","href":"https:\/\/api.w.org\/{rel}","templated":true}]}}