{"id":103779,"date":"2023-11-01T10:18:19","date_gmt":"2023-11-01T08:18:19","guid":{"rendered":"https:\/\/shop.noor.fi\/product\/lilli-5-set-ljusstake-2i1-krom\/"},"modified":"2026-04-21T19:43:31","modified_gmt":"2026-04-21T16:43:31","slug":"lilli-5-set-ljusstake-2i1-krom","status":"publish","type":"product","link":"https:\/\/shop.noor.fi\/sv\/produkt\/lilli-5-set-ljusstake-2i1-krom\/","title":{"rendered":"Lilli 5-set ljusstake 2i1 krom"},"content":{"rendered":"<p>Lilli ljusstakesetet inneh\u00e5ller fem metalljusstakar, 9 l\u00f6sa runda metallringar och 20 cm h\u00f6ga, s\u00e4kra och barnv\u00e4nliga LED-vaxljus med fj\u00e4rrkontroll.<br \/>\nDe blanka kromf\u00e4rgade metalljusstakarna \u00e4r vackra och passar i m\u00e5nga interi\u00f6rer och dukningar.<br \/>\nLilli \u00e4r en underbart stilren st\u00e4mningsskapare, med vilken du kan forma m\u00e5nga olika kombinationer efter din egen smak. De runda metallringarna kan anv\u00e4ndas f\u00f6r att full\u00e4nda looken, och du kan \u00e4ven utel\u00e4mna dem vid behov.<br \/>\nLjusstakarna kan ocks\u00e5 anv\u00e4ndas med levande vaxljus.<\/p>\n<p>LED-ljuset har en vacker flimrande 3D-l\u00e5ga med varmvitt sken. Ljusen fungerar med AAA-batterier, som inte ing\u00e5r.<br \/>\nTimerfunktionen g\u00f6r det m\u00f6jligt att s\u00e4tta ljusen att lysa i 6 timmar och vara sl\u00e4ckt i 18 timmar f\u00f6r att sedan t\u00e4ndas igen n\u00e4sta dag.<br \/>\nFj\u00e4rrkontrollen med CR2032-batteri ing\u00e5r i paketet. Maximalt 20 ljus (= 4 set) kan styras av samma fj\u00e4rrkontroll. Fj\u00e4rrkontrollens r\u00e4ckvidd \u00e4r max 5 meter.<\/p>\n<p>H\u00f6jd (inklusive ljus): 28 \/ 25 \/ 22 cm.<\/p>\n<p>Design by Patrik \u00c5hman.<\/p>\n<p>CE, RoHS<\/p>\n","protected":false},"excerpt":{"rendered":"<p>Lilli ljusstakesetet inneh\u00e5ller fem metalljusstakar, 9 l\u00f6sa runda metallringar och 20 cm h\u00f6ga, s\u00e4kra och barnv\u00e4nliga LED-vaxljus med fj\u00e4rrkontroll. De blanka kromf\u00e4rgade metalljusstakarna \u00e4r vackra och passar i m\u00e5nga interi\u00f6rer och dukningar. Lilli \u00e4r en underbart stilren st\u00e4mningsskapare, med vilken du kan forma m\u00e5nga olika kombinationer efter din egen smak. De runda metallringarna kan anv\u00e4ndas [&hellip;]<\/p>\n","protected":false},"featured_media":76259,"comment_status":"open","ping_status":"closed","template":"","meta":{"_acf_changed":false,"_relevanssi_hide_post":"","_relevanssi_hide_content":"","_relevanssi_pin_for_all":"","_relevanssi_pin_keywords":"","_relevanssi_unpin_keywords":"","_relevanssi_related_keywords":"","_relevanssi_related_include_ids":"","_relevanssi_related_exclude_ids":"","_relevanssi_related_no_append":"","_relevanssi_related_not_related":"","_relevanssi_related_posts":"","_relevanssi_noindex_reason":""},"pwb-brand":[28731,37487],"product_brand":[],"product_cat":[32073,31897,31931,31994],"product_tag":[39969],"class_list":{"0":"post-103779","1":"product","2":"type-product","3":"status-publish","4":"has-post-thumbnail","6":"pwb-brand-noor","7":"pwb-brand-noor-sv","8":"product_cat-ljusstakar-metall","9":"product_cat-metallikynttelikot","10":"product_cat-antiikkikynttilat","11":"product_cat-antikljus","12":"product_tag-noor40-sv","14":"first","15":"instock","16":"taxable","17":"shipping-taxable","18":"purchasable","19":"product-type-simple"},"acf":[],"yoast_head":"<!-- This site is optimized with the Yoast SEO plugin v27.5 - https:\/\/yoast.com\/product\/yoast-seo-wordpress\/ -->\n<title>Lilli 5-set ljusstake 2i1 krom - Oy Noortrade Ab<\/title>\n<meta name=\"robots\" content=\"index, follow, max-snippet:-1, max-image-preview:large, max-video-preview:-1\" \/>\n<link rel=\"canonical\" href=\"https:\/\/shop.noor.fi\/sv\/produkt\/lilli-5-set-ljusstake-2i1-krom\/\" \/>\n<meta property=\"og:locale\" content=\"sv_SE\" \/>\n<meta property=\"og:type\" content=\"article\" \/>\n<meta property=\"og:title\" content=\"Lilli 5-set ljusstake 2i1 krom - Oy Noortrade Ab\" \/>\n<meta property=\"og:description\" content=\"Lilli ljusstakesetet inneh\u00e5ller fem metalljusstakar, 9 l\u00f6sa runda metallringar och 20 cm h\u00f6ga, s\u00e4kra och barnv\u00e4nliga LED-vaxljus med fj\u00e4rrkontroll. De blanka kromf\u00e4rgade metalljusstakarna \u00e4r vackra och passar i m\u00e5nga interi\u00f6rer och dukningar. Lilli \u00e4r en underbart stilren st\u00e4mningsskapare, med vilken du kan forma m\u00e5nga olika kombinationer efter din egen smak. De runda metallringarna kan anv\u00e4ndas [&hellip;]\" \/>\n<meta property=\"og:url\" content=\"https:\/\/shop.noor.fi\/sv\/produkt\/lilli-5-set-ljusstake-2i1-krom\/\" \/>\n<meta property=\"og:site_name\" content=\"Oy Noortrade Ab\" \/>\n<meta property=\"article:modified_time\" content=\"2026-04-21T16:43:31+00:00\" \/>\n<meta property=\"og:image\" content=\"https:\/\/shop.noor.fi\/wp-content\/uploads\/2023\/11\/6420619978479.jpg\" \/>\n\t<meta property=\"og:image:width\" content=\"971\" \/>\n\t<meta property=\"og:image:height\" content=\"1080\" \/>\n\t<meta property=\"og:image:type\" content=\"image\/jpeg\" \/>\n<meta name=\"twitter:card\" content=\"summary_large_image\" \/>\n<meta name=\"twitter:label1\" content=\"Ber\u00e4knad l\u00e4stid\" \/>\n\t<meta name=\"twitter:data1\" content=\"2 minuter\" \/>\n<script type=\"application\/ld+json\" class=\"yoast-schema-graph\">{\"@context\":\"https:\\\/\\\/schema.org\",\"@graph\":[{\"@type\":\"WebPage\",\"@id\":\"https:\\\/\\\/shop.noor.fi\\\/sv\\\/produkt\\\/lilli-5-set-ljusstake-2i1-krom\\\/\",\"url\":\"https:\\\/\\\/shop.noor.fi\\\/sv\\\/produkt\\\/lilli-5-set-ljusstake-2i1-krom\\\/\",\"name\":\"Lilli 5-set ljusstake 2i1 krom - Oy Noortrade Ab\",\"isPartOf\":{\"@id\":\"https:\\\/\\\/shopnoorfi-wp31835.test.cchosting.fi\\\/#website\"},\"primaryImageOfPage\":{\"@id\":\"https:\\\/\\\/shop.noor.fi\\\/sv\\\/produkt\\\/lilli-5-set-ljusstake-2i1-krom\\\/#primaryimage\"},\"image\":{\"@id\":\"https:\\\/\\\/shop.noor.fi\\\/sv\\\/produkt\\\/lilli-5-set-ljusstake-2i1-krom\\\/#primaryimage\"},\"thumbnailUrl\":\"https:\\\/\\\/shop.noor.fi\\\/wp-content\\\/uploads\\\/2023\\\/11\\\/6420619978479.jpg\",\"datePublished\":\"2023-11-01T08:18:19+00:00\",\"dateModified\":\"2026-04-21T16:43:31+00:00\",\"breadcrumb\":{\"@id\":\"https:\\\/\\\/shop.noor.fi\\\/sv\\\/produkt\\\/lilli-5-set-ljusstake-2i1-krom\\\/#breadcrumb\"},\"inLanguage\":\"sv-SE\",\"potentialAction\":[{\"@type\":\"ReadAction\",\"target\":[\"https:\\\/\\\/shop.noor.fi\\\/sv\\\/produkt\\\/lilli-5-set-ljusstake-2i1-krom\\\/\"]}]},{\"@type\":\"ImageObject\",\"inLanguage\":\"sv-SE\",\"@id\":\"https:\\\/\\\/shop.noor.fi\\\/sv\\\/produkt\\\/lilli-5-set-ljusstake-2i1-krom\\\/#primaryimage\",\"url\":\"https:\\\/\\\/shop.noor.fi\\\/wp-content\\\/uploads\\\/2023\\\/11\\\/6420619978479.jpg\",\"contentUrl\":\"https:\\\/\\\/shop.noor.fi\\\/wp-content\\\/uploads\\\/2023\\\/11\\\/6420619978479.jpg\",\"width\":971,\"height\":1080},{\"@type\":\"BreadcrumbList\",\"@id\":\"https:\\\/\\\/shop.noor.fi\\\/sv\\\/produkt\\\/lilli-5-set-ljusstake-2i1-krom\\\/#breadcrumb\",\"itemListElement\":[{\"@type\":\"ListItem\",\"position\":1,\"name\":\"Etusivu\",\"item\":\"https:\\\/\\\/shop.noor.fi\\\/sv\\\/\"},{\"@type\":\"ListItem\",\"position\":2,\"name\":\"Butik\",\"item\":\"https:\\\/\\\/shopnoorfi-wp31835.test.cchosting.fi\\\/sv\\\/butik\\\/\"},{\"@type\":\"ListItem\",\"position\":3,\"name\":\"Lilli 5-set ljusstake 2i1 krom\"}]},{\"@type\":\"WebSite\",\"@id\":\"https:\\\/\\\/shopnoorfi-wp31835.test.cchosting.fi\\\/#website\",\"url\":\"https:\\\/\\\/shopnoorfi-wp31835.test.cchosting.fi\\\/\",\"name\":\"Oy Noortrade Ab\",\"description\":\"Finnish family owned company with over 30 years of professional experience in lighting &amp; interior products import and sales - reliably.\",\"publisher\":{\"@id\":\"https:\\\/\\\/shopnoorfi-wp31835.test.cchosting.fi\\\/#organization\"},\"potentialAction\":[{\"@type\":\"SearchAction\",\"target\":{\"@type\":\"EntryPoint\",\"urlTemplate\":\"https:\\\/\\\/shopnoorfi-wp31835.test.cchosting.fi\\\/?s={search_term_string}\"},\"query-input\":{\"@type\":\"PropertyValueSpecification\",\"valueRequired\":true,\"valueName\":\"search_term_string\"}}],\"inLanguage\":\"sv-SE\"},{\"@type\":\"Organization\",\"@id\":\"https:\\\/\\\/shopnoorfi-wp31835.test.cchosting.fi\\\/#organization\",\"name\":\"Oy Noortrade Ab\",\"url\":\"https:\\\/\\\/shopnoorfi-wp31835.test.cchosting.fi\\\/\",\"logo\":{\"@type\":\"ImageObject\",\"inLanguage\":\"sv-SE\",\"@id\":\"https:\\\/\\\/shopnoorfi-wp31835.test.cchosting.fi\\\/#\\\/schema\\\/logo\\\/image\\\/\",\"url\":\"https:\\\/\\\/shop.noor.fi\\\/wp-content\\\/uploads\\\/2024\\\/01\\\/Oy-Noortrade-Ab-Corbel-VERSAL-bold-BLACK.png\",\"contentUrl\":\"https:\\\/\\\/shop.noor.fi\\\/wp-content\\\/uploads\\\/2024\\\/01\\\/Oy-Noortrade-Ab-Corbel-VERSAL-bold-BLACK.png\",\"width\":721,\"height\":177,\"caption\":\"Oy Noortrade Ab\"},\"image\":{\"@id\":\"https:\\\/\\\/shopnoorfi-wp31835.test.cchosting.fi\\\/#\\\/schema\\\/logo\\\/image\\\/\"}}]}<\/script>\n<!-- \/ Yoast SEO plugin. -->","yoast_head_json":{"title":"Lilli 5-set ljusstake 2i1 krom - Oy Noortrade Ab","robots":{"index":"index","follow":"follow","max-snippet":"max-snippet:-1","max-image-preview":"max-image-preview:large","max-video-preview":"max-video-preview:-1"},"canonical":"https:\/\/shop.noor.fi\/sv\/produkt\/lilli-5-set-ljusstake-2i1-krom\/","og_locale":"sv_SE","og_type":"article","og_title":"Lilli 5-set ljusstake 2i1 krom - Oy Noortrade Ab","og_description":"Lilli ljusstakesetet inneh\u00e5ller fem metalljusstakar, 9 l\u00f6sa runda metallringar och 20 cm h\u00f6ga, s\u00e4kra och barnv\u00e4nliga LED-vaxljus med fj\u00e4rrkontroll. De blanka kromf\u00e4rgade metalljusstakarna \u00e4r vackra och passar i m\u00e5nga interi\u00f6rer och dukningar. Lilli \u00e4r en underbart stilren st\u00e4mningsskapare, med vilken du kan forma m\u00e5nga olika kombinationer efter din egen smak. De runda metallringarna kan anv\u00e4ndas [&hellip;]","og_url":"https:\/\/shop.noor.fi\/sv\/produkt\/lilli-5-set-ljusstake-2i1-krom\/","og_site_name":"Oy Noortrade Ab","article_modified_time":"2026-04-21T16:43:31+00:00","og_image":[{"width":971,"height":1080,"url":"https:\/\/shop.noor.fi\/wp-content\/uploads\/2023\/11\/6420619978479.jpg","type":"image\/jpeg"}],"twitter_card":"summary_large_image","twitter_misc":{"Ber\u00e4knad l\u00e4stid":"2 minuter"},"schema":{"@context":"https:\/\/schema.org","@graph":[{"@type":"WebPage","@id":"https:\/\/shop.noor.fi\/sv\/produkt\/lilli-5-set-ljusstake-2i1-krom\/","url":"https:\/\/shop.noor.fi\/sv\/produkt\/lilli-5-set-ljusstake-2i1-krom\/","name":"Lilli 5-set ljusstake 2i1 krom - Oy Noortrade Ab","isPartOf":{"@id":"https:\/\/shopnoorfi-wp31835.test.cchosting.fi\/#website"},"primaryImageOfPage":{"@id":"https:\/\/shop.noor.fi\/sv\/produkt\/lilli-5-set-ljusstake-2i1-krom\/#primaryimage"},"image":{"@id":"https:\/\/shop.noor.fi\/sv\/produkt\/lilli-5-set-ljusstake-2i1-krom\/#primaryimage"},"thumbnailUrl":"https:\/\/shop.noor.fi\/wp-content\/uploads\/2023\/11\/6420619978479.jpg","datePublished":"2023-11-01T08:18:19+00:00","dateModified":"2026-04-21T16:43:31+00:00","breadcrumb":{"@id":"https:\/\/shop.noor.fi\/sv\/produkt\/lilli-5-set-ljusstake-2i1-krom\/#breadcrumb"},"inLanguage":"sv-SE","potentialAction":[{"@type":"ReadAction","target":["https:\/\/shop.noor.fi\/sv\/produkt\/lilli-5-set-ljusstake-2i1-krom\/"]}]},{"@type":"ImageObject","inLanguage":"sv-SE","@id":"https:\/\/shop.noor.fi\/sv\/produkt\/lilli-5-set-ljusstake-2i1-krom\/#primaryimage","url":"https:\/\/shop.noor.fi\/wp-content\/uploads\/2023\/11\/6420619978479.jpg","contentUrl":"https:\/\/shop.noor.fi\/wp-content\/uploads\/2023\/11\/6420619978479.jpg","width":971,"height":1080},{"@type":"BreadcrumbList","@id":"https:\/\/shop.noor.fi\/sv\/produkt\/lilli-5-set-ljusstake-2i1-krom\/#breadcrumb","itemListElement":[{"@type":"ListItem","position":1,"name":"Etusivu","item":"https:\/\/shop.noor.fi\/sv\/"},{"@type":"ListItem","position":2,"name":"Butik","item":"https:\/\/shopnoorfi-wp31835.test.cchosting.fi\/sv\/butik\/"},{"@type":"ListItem","position":3,"name":"Lilli 5-set ljusstake 2i1 krom"}]},{"@type":"WebSite","@id":"https:\/\/shopnoorfi-wp31835.test.cchosting.fi\/#website","url":"https:\/\/shopnoorfi-wp31835.test.cchosting.fi\/","name":"Oy Noortrade Ab","description":"Finnish family owned company with over 30 years of professional experience in lighting &amp; interior products import and sales - reliably.","publisher":{"@id":"https:\/\/shopnoorfi-wp31835.test.cchosting.fi\/#organization"},"potentialAction":[{"@type":"SearchAction","target":{"@type":"EntryPoint","urlTemplate":"https:\/\/shopnoorfi-wp31835.test.cchosting.fi\/?s={search_term_string}"},"query-input":{"@type":"PropertyValueSpecification","valueRequired":true,"valueName":"search_term_string"}}],"inLanguage":"sv-SE"},{"@type":"Organization","@id":"https:\/\/shopnoorfi-wp31835.test.cchosting.fi\/#organization","name":"Oy Noortrade Ab","url":"https:\/\/shopnoorfi-wp31835.test.cchosting.fi\/","logo":{"@type":"ImageObject","inLanguage":"sv-SE","@id":"https:\/\/shopnoorfi-wp31835.test.cchosting.fi\/#\/schema\/logo\/image\/","url":"https:\/\/shop.noor.fi\/wp-content\/uploads\/2024\/01\/Oy-Noortrade-Ab-Corbel-VERSAL-bold-BLACK.png","contentUrl":"https:\/\/shop.noor.fi\/wp-content\/uploads\/2024\/01\/Oy-Noortrade-Ab-Corbel-VERSAL-bold-BLACK.png","width":721,"height":177,"caption":"Oy Noortrade Ab"},"image":{"@id":"https:\/\/shopnoorfi-wp31835.test.cchosting.fi\/#\/schema\/logo\/image\/"}}]}},"brands":[{"id":37487,"name":"Noor","slug":"noor-sv"},{"id":28731,"name":"Noor","slug":"noor"}],"_links":{"self":[{"href":"https:\/\/shop.noor.fi\/sv\/wp-json\/wp\/v2\/product\/103779","targetHints":{"allow":["GET"]}}],"collection":[{"href":"https:\/\/shop.noor.fi\/sv\/wp-json\/wp\/v2\/product"}],"about":[{"href":"https:\/\/shop.noor.fi\/sv\/wp-json\/wp\/v2\/types\/product"}],"replies":[{"embeddable":true,"href":"https:\/\/shop.noor.fi\/sv\/wp-json\/wp\/v2\/comments?post=103779"}],"wp:featuredmedia":[{"embeddable":true,"href":"https:\/\/shop.noor.fi\/sv\/wp-json\/wp\/v2\/media\/76259"}],"wp:attachment":[{"href":"https:\/\/shop.noor.fi\/sv\/wp-json\/wp\/v2\/media?parent=103779"}],"wp:term":[{"taxonomy":"pwb-brand","embeddable":true,"href":"https:\/\/shop.noor.fi\/sv\/wp-json\/wp\/v2\/pwb-brand?post=103779"},{"taxonomy":"product_brand","embeddable":true,"href":"https:\/\/shop.noor.fi\/sv\/wp-json\/wp\/v2\/product_brand?post=103779"},{"taxonomy":"product_cat","embeddable":true,"href":"https:\/\/shop.noor.fi\/sv\/wp-json\/wp\/v2\/product_cat?post=103779"},{"taxonomy":"product_tag","embeddable":true,"href":"https:\/\/shop.noor.fi\/sv\/wp-json\/wp\/v2\/product_tag?post=103779"}],"curies":[{"name":"wp","href":"https:\/\/api.w.org\/{rel}","templated":true}]}}