{"id":103768,"date":"2024-05-21T12:16:25","date_gmt":"2024-05-21T09:16:25","guid":{"rendered":"https:\/\/shop.noor.fi\/product\/emil-golvarmatur-borstat-stal\/"},"modified":"2026-05-05T15:02:47","modified_gmt":"2026-05-05T12:02:47","slug":"emil-golvarmatur-borstat-stal-september","status":"publish","type":"product","link":"https:\/\/shop.noor.fi\/sv\/produkt\/emil-golvarmatur-borstat-stal-september\/","title":{"rendered":"Emil golvarmatur borstat st\u00e5l"},"content":{"rendered":"<p>Tidl\u00f6s och stadig golvlampa i borstat st\u00e5l. Utrustad med kulled f\u00f6r enkel justering \u00e4v sk\u00e4rmen. Denna modell passar m\u00e5nga utrymmen.<br \/>\nSk\u00e4rmen \u00e4r vit p\u00e5 insidan.<br \/>\nE27, max 25W. Ljusk\u00e4lla ing\u00e5r ej.<br \/>\n160 cm l\u00e5ng sladd. Str\u00f6mbrytare p\u00e5 sk\u00e4rmen<br \/>\nRoHS, CE.<\/p>\n<p>H\u00f6jd 140 cm<br \/>\nSk\u00e4rmdiameter 15 cm, sk\u00e4rmens h\u00f6jd 26 cm<br \/>\nBasdiameter 25 cm<\/p>\n","protected":false},"excerpt":{"rendered":"<p>Tidl\u00f6s och stadig golvlampa i borstat st\u00e5l. Utrustad med kulled f\u00f6r enkel justering \u00e4v sk\u00e4rmen. Denna modell passar m\u00e5nga utrymmen. Sk\u00e4rmen \u00e4r vit p\u00e5 insidan. E27, max 25W. Ljusk\u00e4lla ing\u00e5r ej. 160 cm l\u00e5ng sladd. Str\u00f6mbrytare p\u00e5 sk\u00e4rmen RoHS, CE. H\u00f6jd 140 cm Sk\u00e4rmdiameter 15 cm, sk\u00e4rmens h\u00f6jd 26 cm Basdiameter 25 cm<\/p>\n","protected":false},"featured_media":112213,"comment_status":"open","ping_status":"closed","template":"","meta":{"_acf_changed":false,"_relevanssi_hide_post":"","_relevanssi_hide_content":"","_relevanssi_pin_for_all":"","_relevanssi_pin_keywords":"","_relevanssi_unpin_keywords":"","_relevanssi_related_keywords":"","_relevanssi_related_include_ids":"","_relevanssi_related_exclude_ids":"","_relevanssi_related_no_append":"","_relevanssi_related_not_related":"","_relevanssi_related_posts":"","_relevanssi_noindex_reason":""},"pwb-brand":[28731],"product_brand":[],"product_cat":[31793,31802,32129,32061],"product_tag":[],"class_list":{"0":"post-103768","1":"product","2":"type-product","3":"status-publish","4":"has-post-thumbnail","6":"pwb-brand-noor","7":"product_cat-sisavalaisimet-uutuudet","8":"product_cat-lattiavalaisimet","9":"product_cat-inomhusbelysning-sv","10":"product_cat-golvlampor-sv","12":"first","13":"instock","14":"taxable","15":"shipping-taxable","16":"purchasable","17":"product-type-simple"},"acf":[],"yoast_head":"<!-- This site is optimized with the Yoast SEO plugin v27.5 - https:\/\/yoast.com\/product\/yoast-seo-wordpress\/ -->\n<title>Emil golvarmatur borstat st\u00e5l - Oy Noortrade Ab<\/title>\n<meta name=\"robots\" content=\"index, follow, max-snippet:-1, max-image-preview:large, max-video-preview:-1\" \/>\n<link rel=\"canonical\" href=\"https:\/\/shop.noor.fi\/sv\/produkt\/emil-golvarmatur-borstat-stal-september\/\" \/>\n<meta property=\"og:locale\" content=\"sv_SE\" \/>\n<meta property=\"og:type\" content=\"article\" \/>\n<meta property=\"og:title\" content=\"Emil golvarmatur borstat st\u00e5l - Oy Noortrade Ab\" \/>\n<meta property=\"og:description\" content=\"Tidl\u00f6s och stadig golvlampa i borstat st\u00e5l. Utrustad med kulled f\u00f6r enkel justering \u00e4v sk\u00e4rmen. Denna modell passar m\u00e5nga utrymmen. Sk\u00e4rmen \u00e4r vit p\u00e5 insidan. E27, max 25W. Ljusk\u00e4lla ing\u00e5r ej. 160 cm l\u00e5ng sladd. Str\u00f6mbrytare p\u00e5 sk\u00e4rmen RoHS, CE. H\u00f6jd 140 cm Sk\u00e4rmdiameter 15 cm, sk\u00e4rmens h\u00f6jd 26 cm Basdiameter 25 cm\" \/>\n<meta property=\"og:url\" content=\"https:\/\/shop.noor.fi\/sv\/produkt\/emil-golvarmatur-borstat-stal-september\/\" \/>\n<meta property=\"og:site_name\" content=\"Oy Noortrade Ab\" \/>\n<meta property=\"article:modified_time\" content=\"2026-05-05T12:02:47+00:00\" \/>\n<meta property=\"og:image\" content=\"https:\/\/shop.noor.fi\/wp-content\/uploads\/2024\/05\/6420619978493.jpg\" \/>\n\t<meta property=\"og:image:width\" content=\"803\" \/>\n\t<meta property=\"og:image:height\" content=\"2559\" \/>\n\t<meta property=\"og:image:type\" content=\"image\/jpeg\" \/>\n<meta name=\"twitter:card\" content=\"summary_large_image\" \/>\n<script type=\"application\/ld+json\" class=\"yoast-schema-graph\">{\"@context\":\"https:\\\/\\\/schema.org\",\"@graph\":[{\"@type\":\"WebPage\",\"@id\":\"https:\\\/\\\/shop.noor.fi\\\/sv\\\/produkt\\\/emil-golvarmatur-borstat-stal-september\\\/\",\"url\":\"https:\\\/\\\/shop.noor.fi\\\/sv\\\/produkt\\\/emil-golvarmatur-borstat-stal-september\\\/\",\"name\":\"Emil golvarmatur borstat st\u00e5l - Oy Noortrade Ab\",\"isPartOf\":{\"@id\":\"https:\\\/\\\/shopnoorfi-wp31835.test.cchosting.fi\\\/#website\"},\"primaryImageOfPage\":{\"@id\":\"https:\\\/\\\/shop.noor.fi\\\/sv\\\/produkt\\\/emil-golvarmatur-borstat-stal-september\\\/#primaryimage\"},\"image\":{\"@id\":\"https:\\\/\\\/shop.noor.fi\\\/sv\\\/produkt\\\/emil-golvarmatur-borstat-stal-september\\\/#primaryimage\"},\"thumbnailUrl\":\"https:\\\/\\\/shop.noor.fi\\\/wp-content\\\/uploads\\\/2024\\\/05\\\/6420619978493.jpg\",\"datePublished\":\"2024-05-21T09:16:25+00:00\",\"dateModified\":\"2026-05-05T12:02:47+00:00\",\"breadcrumb\":{\"@id\":\"https:\\\/\\\/shop.noor.fi\\\/sv\\\/produkt\\\/emil-golvarmatur-borstat-stal-september\\\/#breadcrumb\"},\"inLanguage\":\"sv-SE\",\"potentialAction\":[{\"@type\":\"ReadAction\",\"target\":[\"https:\\\/\\\/shop.noor.fi\\\/sv\\\/produkt\\\/emil-golvarmatur-borstat-stal-september\\\/\"]}]},{\"@type\":\"ImageObject\",\"inLanguage\":\"sv-SE\",\"@id\":\"https:\\\/\\\/shop.noor.fi\\\/sv\\\/produkt\\\/emil-golvarmatur-borstat-stal-september\\\/#primaryimage\",\"url\":\"https:\\\/\\\/shop.noor.fi\\\/wp-content\\\/uploads\\\/2024\\\/05\\\/6420619978493.jpg\",\"contentUrl\":\"https:\\\/\\\/shop.noor.fi\\\/wp-content\\\/uploads\\\/2024\\\/05\\\/6420619978493.jpg\",\"width\":803,\"height\":2559},{\"@type\":\"BreadcrumbList\",\"@id\":\"https:\\\/\\\/shop.noor.fi\\\/sv\\\/produkt\\\/emil-golvarmatur-borstat-stal-september\\\/#breadcrumb\",\"itemListElement\":[{\"@type\":\"ListItem\",\"position\":1,\"name\":\"Etusivu\",\"item\":\"https:\\\/\\\/shop.noor.fi\\\/sv\\\/\"},{\"@type\":\"ListItem\",\"position\":2,\"name\":\"Butik\",\"item\":\"https:\\\/\\\/shopnoorfi-wp31835.test.cchosting.fi\\\/sv\\\/butik\\\/\"},{\"@type\":\"ListItem\",\"position\":3,\"name\":\"Emil golvarmatur borstat st\u00e5l\"}]},{\"@type\":\"WebSite\",\"@id\":\"https:\\\/\\\/shopnoorfi-wp31835.test.cchosting.fi\\\/#website\",\"url\":\"https:\\\/\\\/shopnoorfi-wp31835.test.cchosting.fi\\\/\",\"name\":\"Oy Noortrade Ab\",\"description\":\"Finnish family owned company with over 30 years of professional experience in lighting &amp; interior products import and sales - reliably.\",\"publisher\":{\"@id\":\"https:\\\/\\\/shopnoorfi-wp31835.test.cchosting.fi\\\/#organization\"},\"potentialAction\":[{\"@type\":\"SearchAction\",\"target\":{\"@type\":\"EntryPoint\",\"urlTemplate\":\"https:\\\/\\\/shopnoorfi-wp31835.test.cchosting.fi\\\/?s={search_term_string}\"},\"query-input\":{\"@type\":\"PropertyValueSpecification\",\"valueRequired\":true,\"valueName\":\"search_term_string\"}}],\"inLanguage\":\"sv-SE\"},{\"@type\":\"Organization\",\"@id\":\"https:\\\/\\\/shopnoorfi-wp31835.test.cchosting.fi\\\/#organization\",\"name\":\"Oy Noortrade Ab\",\"url\":\"https:\\\/\\\/shopnoorfi-wp31835.test.cchosting.fi\\\/\",\"logo\":{\"@type\":\"ImageObject\",\"inLanguage\":\"sv-SE\",\"@id\":\"https:\\\/\\\/shopnoorfi-wp31835.test.cchosting.fi\\\/#\\\/schema\\\/logo\\\/image\\\/\",\"url\":\"https:\\\/\\\/shop.noor.fi\\\/wp-content\\\/uploads\\\/2024\\\/01\\\/Oy-Noortrade-Ab-Corbel-VERSAL-bold-BLACK.png\",\"contentUrl\":\"https:\\\/\\\/shop.noor.fi\\\/wp-content\\\/uploads\\\/2024\\\/01\\\/Oy-Noortrade-Ab-Corbel-VERSAL-bold-BLACK.png\",\"width\":721,\"height\":177,\"caption\":\"Oy Noortrade Ab\"},\"image\":{\"@id\":\"https:\\\/\\\/shopnoorfi-wp31835.test.cchosting.fi\\\/#\\\/schema\\\/logo\\\/image\\\/\"}}]}<\/script>\n<!-- \/ Yoast SEO plugin. -->","yoast_head_json":{"title":"Emil golvarmatur borstat st\u00e5l - Oy Noortrade Ab","robots":{"index":"index","follow":"follow","max-snippet":"max-snippet:-1","max-image-preview":"max-image-preview:large","max-video-preview":"max-video-preview:-1"},"canonical":"https:\/\/shop.noor.fi\/sv\/produkt\/emil-golvarmatur-borstat-stal-september\/","og_locale":"sv_SE","og_type":"article","og_title":"Emil golvarmatur borstat st\u00e5l - Oy Noortrade Ab","og_description":"Tidl\u00f6s och stadig golvlampa i borstat st\u00e5l. Utrustad med kulled f\u00f6r enkel justering \u00e4v sk\u00e4rmen. Denna modell passar m\u00e5nga utrymmen. Sk\u00e4rmen \u00e4r vit p\u00e5 insidan. E27, max 25W. Ljusk\u00e4lla ing\u00e5r ej. 160 cm l\u00e5ng sladd. Str\u00f6mbrytare p\u00e5 sk\u00e4rmen RoHS, CE. H\u00f6jd 140 cm Sk\u00e4rmdiameter 15 cm, sk\u00e4rmens h\u00f6jd 26 cm Basdiameter 25 cm","og_url":"https:\/\/shop.noor.fi\/sv\/produkt\/emil-golvarmatur-borstat-stal-september\/","og_site_name":"Oy Noortrade Ab","article_modified_time":"2026-05-05T12:02:47+00:00","og_image":[{"width":803,"height":2559,"url":"https:\/\/shop.noor.fi\/wp-content\/uploads\/2024\/05\/6420619978493.jpg","type":"image\/jpeg"}],"twitter_card":"summary_large_image","schema":{"@context":"https:\/\/schema.org","@graph":[{"@type":"WebPage","@id":"https:\/\/shop.noor.fi\/sv\/produkt\/emil-golvarmatur-borstat-stal-september\/","url":"https:\/\/shop.noor.fi\/sv\/produkt\/emil-golvarmatur-borstat-stal-september\/","name":"Emil golvarmatur borstat st\u00e5l - Oy Noortrade Ab","isPartOf":{"@id":"https:\/\/shopnoorfi-wp31835.test.cchosting.fi\/#website"},"primaryImageOfPage":{"@id":"https:\/\/shop.noor.fi\/sv\/produkt\/emil-golvarmatur-borstat-stal-september\/#primaryimage"},"image":{"@id":"https:\/\/shop.noor.fi\/sv\/produkt\/emil-golvarmatur-borstat-stal-september\/#primaryimage"},"thumbnailUrl":"https:\/\/shop.noor.fi\/wp-content\/uploads\/2024\/05\/6420619978493.jpg","datePublished":"2024-05-21T09:16:25+00:00","dateModified":"2026-05-05T12:02:47+00:00","breadcrumb":{"@id":"https:\/\/shop.noor.fi\/sv\/produkt\/emil-golvarmatur-borstat-stal-september\/#breadcrumb"},"inLanguage":"sv-SE","potentialAction":[{"@type":"ReadAction","target":["https:\/\/shop.noor.fi\/sv\/produkt\/emil-golvarmatur-borstat-stal-september\/"]}]},{"@type":"ImageObject","inLanguage":"sv-SE","@id":"https:\/\/shop.noor.fi\/sv\/produkt\/emil-golvarmatur-borstat-stal-september\/#primaryimage","url":"https:\/\/shop.noor.fi\/wp-content\/uploads\/2024\/05\/6420619978493.jpg","contentUrl":"https:\/\/shop.noor.fi\/wp-content\/uploads\/2024\/05\/6420619978493.jpg","width":803,"height":2559},{"@type":"BreadcrumbList","@id":"https:\/\/shop.noor.fi\/sv\/produkt\/emil-golvarmatur-borstat-stal-september\/#breadcrumb","itemListElement":[{"@type":"ListItem","position":1,"name":"Etusivu","item":"https:\/\/shop.noor.fi\/sv\/"},{"@type":"ListItem","position":2,"name":"Butik","item":"https:\/\/shopnoorfi-wp31835.test.cchosting.fi\/sv\/butik\/"},{"@type":"ListItem","position":3,"name":"Emil golvarmatur borstat st\u00e5l"}]},{"@type":"WebSite","@id":"https:\/\/shopnoorfi-wp31835.test.cchosting.fi\/#website","url":"https:\/\/shopnoorfi-wp31835.test.cchosting.fi\/","name":"Oy Noortrade Ab","description":"Finnish family owned company with over 30 years of professional experience in lighting &amp; interior products import and sales - reliably.","publisher":{"@id":"https:\/\/shopnoorfi-wp31835.test.cchosting.fi\/#organization"},"potentialAction":[{"@type":"SearchAction","target":{"@type":"EntryPoint","urlTemplate":"https:\/\/shopnoorfi-wp31835.test.cchosting.fi\/?s={search_term_string}"},"query-input":{"@type":"PropertyValueSpecification","valueRequired":true,"valueName":"search_term_string"}}],"inLanguage":"sv-SE"},{"@type":"Organization","@id":"https:\/\/shopnoorfi-wp31835.test.cchosting.fi\/#organization","name":"Oy Noortrade Ab","url":"https:\/\/shopnoorfi-wp31835.test.cchosting.fi\/","logo":{"@type":"ImageObject","inLanguage":"sv-SE","@id":"https:\/\/shopnoorfi-wp31835.test.cchosting.fi\/#\/schema\/logo\/image\/","url":"https:\/\/shop.noor.fi\/wp-content\/uploads\/2024\/01\/Oy-Noortrade-Ab-Corbel-VERSAL-bold-BLACK.png","contentUrl":"https:\/\/shop.noor.fi\/wp-content\/uploads\/2024\/01\/Oy-Noortrade-Ab-Corbel-VERSAL-bold-BLACK.png","width":721,"height":177,"caption":"Oy Noortrade Ab"},"image":{"@id":"https:\/\/shopnoorfi-wp31835.test.cchosting.fi\/#\/schema\/logo\/image\/"}}]}},"brands":[{"id":28731,"name":"Noor","slug":"noor"}],"_links":{"self":[{"href":"https:\/\/shop.noor.fi\/sv\/wp-json\/wp\/v2\/product\/103768","targetHints":{"allow":["GET"]}}],"collection":[{"href":"https:\/\/shop.noor.fi\/sv\/wp-json\/wp\/v2\/product"}],"about":[{"href":"https:\/\/shop.noor.fi\/sv\/wp-json\/wp\/v2\/types\/product"}],"replies":[{"embeddable":true,"href":"https:\/\/shop.noor.fi\/sv\/wp-json\/wp\/v2\/comments?post=103768"}],"wp:featuredmedia":[{"embeddable":true,"href":"https:\/\/shop.noor.fi\/sv\/wp-json\/wp\/v2\/media\/112213"}],"wp:attachment":[{"href":"https:\/\/shop.noor.fi\/sv\/wp-json\/wp\/v2\/media?parent=103768"}],"wp:term":[{"taxonomy":"pwb-brand","embeddable":true,"href":"https:\/\/shop.noor.fi\/sv\/wp-json\/wp\/v2\/pwb-brand?post=103768"},{"taxonomy":"product_brand","embeddable":true,"href":"https:\/\/shop.noor.fi\/sv\/wp-json\/wp\/v2\/product_brand?post=103768"},{"taxonomy":"product_cat","embeddable":true,"href":"https:\/\/shop.noor.fi\/sv\/wp-json\/wp\/v2\/product_cat?post=103768"},{"taxonomy":"product_tag","embeddable":true,"href":"https:\/\/shop.noor.fi\/sv\/wp-json\/wp\/v2\/product_tag?post=103768"}],"curies":[{"name":"wp","href":"https:\/\/api.w.org\/{rel}","templated":true}]}}