{"id":103655,"date":"2024-03-08T15:05:20","date_gmt":"2024-03-08T13:05:20","guid":{"rendered":"https:\/\/shop.noor.fi\/product\/pure-10-vaggarmatur-gra-valnot\/"},"modified":"2026-02-02T10:51:21","modified_gmt":"2026-02-02T08:51:21","slug":"pure-10-vaggarmatur-gra-valnot","status":"publish","type":"product","link":"https:\/\/shop.noor.fi\/sv\/produkt\/pure-10-vaggarmatur-gra-valnot\/","title":{"rendered":"Pure v\u00e4ggarmatur gr\u00e5\/valn\u00f6t"},"content":{"rendered":"<p>Pure \u00e4r en snygg och enkel v\u00e4gglampa med en vacker tr\u00e4detalj i valn\u00f6t.<br \/>\nFSC-certifierad.<br \/>\n180 cm l\u00e5ng textilsladd och str\u00f6mbrytare p\u00e5 v\u00e4ggf\u00e4stet.<br \/>\nGU10, max 8W. Ljusk\u00e4lla ing\u00e5r ej.<\/p>\n<p>Obs! Avtagbar sladd, kr\u00e4ver montering (sladden m\u00e5ste kopplas med kopplingsplint). Armaturen \u00e4r l\u00e4mplig ocks\u00e5 f\u00f6r fast installation.<\/p>\n<p>H\u00f6jd: 26 cm<br \/>\nDjup: 17 cm<br \/>\nSk\u00e4rm i diameter: 7,5 cm<br \/>\nV\u00e4ggplatta i diameter: 10 cm<\/p>\n","protected":false},"excerpt":{"rendered":"<p>Pure \u00e4r en snygg och enkel v\u00e4gglampa med en vacker tr\u00e4detalj i valn\u00f6t. FSC-certifierad. 180 cm l\u00e5ng textilsladd och str\u00f6mbrytare p\u00e5 v\u00e4ggf\u00e4stet. GU10, max 8W. Ljusk\u00e4lla ing\u00e5r ej. Obs! Avtagbar sladd, kr\u00e4ver montering (sladden m\u00e5ste kopplas med kopplingsplint). Armaturen \u00e4r l\u00e4mplig ocks\u00e5 f\u00f6r fast installation. H\u00f6jd: 26 cm Djup: 17 cm Sk\u00e4rm i diameter: 7,5 [&hellip;]<\/p>\n","protected":false},"featured_media":113451,"comment_status":"open","ping_status":"closed","template":"","meta":{"_acf_changed":false,"_relevanssi_hide_post":"","_relevanssi_hide_content":"","_relevanssi_pin_for_all":"","_relevanssi_pin_keywords":"","_relevanssi_unpin_keywords":"","_relevanssi_related_keywords":"","_relevanssi_related_include_ids":"","_relevanssi_related_exclude_ids":"","_relevanssi_related_no_append":"","_relevanssi_related_not_related":"","_relevanssi_related_posts":"","_relevanssi_noindex_reason":""},"pwb-brand":[36910],"product_brand":[],"product_cat":[32120],"product_tag":[],"class_list":{"0":"post-103655","1":"product","2":"type-product","3":"status-publish","4":"has-post-thumbnail","6":"pwb-brand-design-for-the-people","7":"product_cat-vagglampor","9":"first","10":"instock","11":"taxable","12":"shipping-taxable","13":"purchasable","14":"product-type-simple"},"acf":[],"yoast_head":"<!-- This site is optimized with the Yoast SEO plugin v27.5 - https:\/\/yoast.com\/product\/yoast-seo-wordpress\/ -->\n<title>Pure v\u00e4ggarmatur gr\u00e5\/valn\u00f6t - Oy Noortrade Ab<\/title>\n<meta name=\"robots\" content=\"index, follow, max-snippet:-1, max-image-preview:large, max-video-preview:-1\" \/>\n<link rel=\"canonical\" href=\"https:\/\/shop.noor.fi\/sv\/produkt\/pure-10-vaggarmatur-gra-valnot\/\" \/>\n<meta property=\"og:locale\" content=\"sv_SE\" \/>\n<meta property=\"og:type\" content=\"article\" \/>\n<meta property=\"og:title\" content=\"Pure v\u00e4ggarmatur gr\u00e5\/valn\u00f6t - Oy Noortrade Ab\" \/>\n<meta property=\"og:description\" content=\"Pure \u00e4r en snygg och enkel v\u00e4gglampa med en vacker tr\u00e4detalj i valn\u00f6t. FSC-certifierad. 180 cm l\u00e5ng textilsladd och str\u00f6mbrytare p\u00e5 v\u00e4ggf\u00e4stet. GU10, max 8W. Ljusk\u00e4lla ing\u00e5r ej. Obs! Avtagbar sladd, kr\u00e4ver montering (sladden m\u00e5ste kopplas med kopplingsplint). Armaturen \u00e4r l\u00e4mplig ocks\u00e5 f\u00f6r fast installation. H\u00f6jd: 26 cm Djup: 17 cm Sk\u00e4rm i diameter: 7,5 [&hellip;]\" \/>\n<meta property=\"og:url\" content=\"https:\/\/shop.noor.fi\/sv\/produkt\/pure-10-vaggarmatur-gra-valnot\/\" \/>\n<meta property=\"og:site_name\" content=\"Oy Noortrade Ab\" \/>\n<meta property=\"article:modified_time\" content=\"2026-02-02T08:51:21+00:00\" \/>\n<meta property=\"og:image\" content=\"https:\/\/shop.noor.fi\/wp-content\/uploads\/2024\/03\/5701581308480.jpg\" \/>\n\t<meta property=\"og:image:width\" content=\"2000\" \/>\n\t<meta property=\"og:image:height\" content=\"2000\" \/>\n\t<meta property=\"og:image:type\" content=\"image\/jpeg\" \/>\n<meta name=\"twitter:card\" content=\"summary_large_image\" \/>\n<script type=\"application\/ld+json\" class=\"yoast-schema-graph\">{\"@context\":\"https:\\\/\\\/schema.org\",\"@graph\":[{\"@type\":\"WebPage\",\"@id\":\"https:\\\/\\\/shop.noor.fi\\\/sv\\\/produkt\\\/pure-10-vaggarmatur-gra-valnot\\\/\",\"url\":\"https:\\\/\\\/shop.noor.fi\\\/sv\\\/produkt\\\/pure-10-vaggarmatur-gra-valnot\\\/\",\"name\":\"Pure v\u00e4ggarmatur gr\u00e5\\\/valn\u00f6t - Oy Noortrade Ab\",\"isPartOf\":{\"@id\":\"https:\\\/\\\/shopnoorfi-wp31835.test.cchosting.fi\\\/#website\"},\"primaryImageOfPage\":{\"@id\":\"https:\\\/\\\/shop.noor.fi\\\/sv\\\/produkt\\\/pure-10-vaggarmatur-gra-valnot\\\/#primaryimage\"},\"image\":{\"@id\":\"https:\\\/\\\/shop.noor.fi\\\/sv\\\/produkt\\\/pure-10-vaggarmatur-gra-valnot\\\/#primaryimage\"},\"thumbnailUrl\":\"https:\\\/\\\/shop.noor.fi\\\/wp-content\\\/uploads\\\/2024\\\/03\\\/5701581308480.jpg\",\"datePublished\":\"2024-03-08T13:05:20+00:00\",\"dateModified\":\"2026-02-02T08:51:21+00:00\",\"breadcrumb\":{\"@id\":\"https:\\\/\\\/shop.noor.fi\\\/sv\\\/produkt\\\/pure-10-vaggarmatur-gra-valnot\\\/#breadcrumb\"},\"inLanguage\":\"sv-SE\",\"potentialAction\":[{\"@type\":\"ReadAction\",\"target\":[\"https:\\\/\\\/shop.noor.fi\\\/sv\\\/produkt\\\/pure-10-vaggarmatur-gra-valnot\\\/\"]}]},{\"@type\":\"ImageObject\",\"inLanguage\":\"sv-SE\",\"@id\":\"https:\\\/\\\/shop.noor.fi\\\/sv\\\/produkt\\\/pure-10-vaggarmatur-gra-valnot\\\/#primaryimage\",\"url\":\"https:\\\/\\\/shop.noor.fi\\\/wp-content\\\/uploads\\\/2024\\\/03\\\/5701581308480.jpg\",\"contentUrl\":\"https:\\\/\\\/shop.noor.fi\\\/wp-content\\\/uploads\\\/2024\\\/03\\\/5701581308480.jpg\",\"width\":2000,\"height\":2000},{\"@type\":\"BreadcrumbList\",\"@id\":\"https:\\\/\\\/shop.noor.fi\\\/sv\\\/produkt\\\/pure-10-vaggarmatur-gra-valnot\\\/#breadcrumb\",\"itemListElement\":[{\"@type\":\"ListItem\",\"position\":1,\"name\":\"Etusivu\",\"item\":\"https:\\\/\\\/shop.noor.fi\\\/sv\\\/\"},{\"@type\":\"ListItem\",\"position\":2,\"name\":\"Butik\",\"item\":\"https:\\\/\\\/shopnoorfi-wp31835.test.cchosting.fi\\\/sv\\\/butik\\\/\"},{\"@type\":\"ListItem\",\"position\":3,\"name\":\"Pure v\u00e4ggarmatur gr\u00e5\\\/valn\u00f6t\"}]},{\"@type\":\"WebSite\",\"@id\":\"https:\\\/\\\/shopnoorfi-wp31835.test.cchosting.fi\\\/#website\",\"url\":\"https:\\\/\\\/shopnoorfi-wp31835.test.cchosting.fi\\\/\",\"name\":\"Oy Noortrade Ab\",\"description\":\"Finnish family owned company with over 30 years of professional experience in lighting &amp; interior products import and sales - reliably.\",\"publisher\":{\"@id\":\"https:\\\/\\\/shopnoorfi-wp31835.test.cchosting.fi\\\/#organization\"},\"potentialAction\":[{\"@type\":\"SearchAction\",\"target\":{\"@type\":\"EntryPoint\",\"urlTemplate\":\"https:\\\/\\\/shopnoorfi-wp31835.test.cchosting.fi\\\/?s={search_term_string}\"},\"query-input\":{\"@type\":\"PropertyValueSpecification\",\"valueRequired\":true,\"valueName\":\"search_term_string\"}}],\"inLanguage\":\"sv-SE\"},{\"@type\":\"Organization\",\"@id\":\"https:\\\/\\\/shopnoorfi-wp31835.test.cchosting.fi\\\/#organization\",\"name\":\"Oy Noortrade Ab\",\"url\":\"https:\\\/\\\/shopnoorfi-wp31835.test.cchosting.fi\\\/\",\"logo\":{\"@type\":\"ImageObject\",\"inLanguage\":\"sv-SE\",\"@id\":\"https:\\\/\\\/shopnoorfi-wp31835.test.cchosting.fi\\\/#\\\/schema\\\/logo\\\/image\\\/\",\"url\":\"https:\\\/\\\/shop.noor.fi\\\/wp-content\\\/uploads\\\/2024\\\/01\\\/Oy-Noortrade-Ab-Corbel-VERSAL-bold-BLACK.png\",\"contentUrl\":\"https:\\\/\\\/shop.noor.fi\\\/wp-content\\\/uploads\\\/2024\\\/01\\\/Oy-Noortrade-Ab-Corbel-VERSAL-bold-BLACK.png\",\"width\":721,\"height\":177,\"caption\":\"Oy Noortrade Ab\"},\"image\":{\"@id\":\"https:\\\/\\\/shopnoorfi-wp31835.test.cchosting.fi\\\/#\\\/schema\\\/logo\\\/image\\\/\"}}]}<\/script>\n<!-- \/ Yoast SEO plugin. -->","yoast_head_json":{"title":"Pure v\u00e4ggarmatur gr\u00e5\/valn\u00f6t - Oy Noortrade Ab","robots":{"index":"index","follow":"follow","max-snippet":"max-snippet:-1","max-image-preview":"max-image-preview:large","max-video-preview":"max-video-preview:-1"},"canonical":"https:\/\/shop.noor.fi\/sv\/produkt\/pure-10-vaggarmatur-gra-valnot\/","og_locale":"sv_SE","og_type":"article","og_title":"Pure v\u00e4ggarmatur gr\u00e5\/valn\u00f6t - Oy Noortrade Ab","og_description":"Pure \u00e4r en snygg och enkel v\u00e4gglampa med en vacker tr\u00e4detalj i valn\u00f6t. FSC-certifierad. 180 cm l\u00e5ng textilsladd och str\u00f6mbrytare p\u00e5 v\u00e4ggf\u00e4stet. GU10, max 8W. Ljusk\u00e4lla ing\u00e5r ej. Obs! Avtagbar sladd, kr\u00e4ver montering (sladden m\u00e5ste kopplas med kopplingsplint). Armaturen \u00e4r l\u00e4mplig ocks\u00e5 f\u00f6r fast installation. H\u00f6jd: 26 cm Djup: 17 cm Sk\u00e4rm i diameter: 7,5 [&hellip;]","og_url":"https:\/\/shop.noor.fi\/sv\/produkt\/pure-10-vaggarmatur-gra-valnot\/","og_site_name":"Oy Noortrade Ab","article_modified_time":"2026-02-02T08:51:21+00:00","og_image":[{"width":2000,"height":2000,"url":"https:\/\/shop.noor.fi\/wp-content\/uploads\/2024\/03\/5701581308480.jpg","type":"image\/jpeg"}],"twitter_card":"summary_large_image","schema":{"@context":"https:\/\/schema.org","@graph":[{"@type":"WebPage","@id":"https:\/\/shop.noor.fi\/sv\/produkt\/pure-10-vaggarmatur-gra-valnot\/","url":"https:\/\/shop.noor.fi\/sv\/produkt\/pure-10-vaggarmatur-gra-valnot\/","name":"Pure v\u00e4ggarmatur gr\u00e5\/valn\u00f6t - Oy Noortrade Ab","isPartOf":{"@id":"https:\/\/shopnoorfi-wp31835.test.cchosting.fi\/#website"},"primaryImageOfPage":{"@id":"https:\/\/shop.noor.fi\/sv\/produkt\/pure-10-vaggarmatur-gra-valnot\/#primaryimage"},"image":{"@id":"https:\/\/shop.noor.fi\/sv\/produkt\/pure-10-vaggarmatur-gra-valnot\/#primaryimage"},"thumbnailUrl":"https:\/\/shop.noor.fi\/wp-content\/uploads\/2024\/03\/5701581308480.jpg","datePublished":"2024-03-08T13:05:20+00:00","dateModified":"2026-02-02T08:51:21+00:00","breadcrumb":{"@id":"https:\/\/shop.noor.fi\/sv\/produkt\/pure-10-vaggarmatur-gra-valnot\/#breadcrumb"},"inLanguage":"sv-SE","potentialAction":[{"@type":"ReadAction","target":["https:\/\/shop.noor.fi\/sv\/produkt\/pure-10-vaggarmatur-gra-valnot\/"]}]},{"@type":"ImageObject","inLanguage":"sv-SE","@id":"https:\/\/shop.noor.fi\/sv\/produkt\/pure-10-vaggarmatur-gra-valnot\/#primaryimage","url":"https:\/\/shop.noor.fi\/wp-content\/uploads\/2024\/03\/5701581308480.jpg","contentUrl":"https:\/\/shop.noor.fi\/wp-content\/uploads\/2024\/03\/5701581308480.jpg","width":2000,"height":2000},{"@type":"BreadcrumbList","@id":"https:\/\/shop.noor.fi\/sv\/produkt\/pure-10-vaggarmatur-gra-valnot\/#breadcrumb","itemListElement":[{"@type":"ListItem","position":1,"name":"Etusivu","item":"https:\/\/shop.noor.fi\/sv\/"},{"@type":"ListItem","position":2,"name":"Butik","item":"https:\/\/shopnoorfi-wp31835.test.cchosting.fi\/sv\/butik\/"},{"@type":"ListItem","position":3,"name":"Pure v\u00e4ggarmatur gr\u00e5\/valn\u00f6t"}]},{"@type":"WebSite","@id":"https:\/\/shopnoorfi-wp31835.test.cchosting.fi\/#website","url":"https:\/\/shopnoorfi-wp31835.test.cchosting.fi\/","name":"Oy Noortrade Ab","description":"Finnish family owned company with over 30 years of professional experience in lighting &amp; interior products import and sales - reliably.","publisher":{"@id":"https:\/\/shopnoorfi-wp31835.test.cchosting.fi\/#organization"},"potentialAction":[{"@type":"SearchAction","target":{"@type":"EntryPoint","urlTemplate":"https:\/\/shopnoorfi-wp31835.test.cchosting.fi\/?s={search_term_string}"},"query-input":{"@type":"PropertyValueSpecification","valueRequired":true,"valueName":"search_term_string"}}],"inLanguage":"sv-SE"},{"@type":"Organization","@id":"https:\/\/shopnoorfi-wp31835.test.cchosting.fi\/#organization","name":"Oy Noortrade Ab","url":"https:\/\/shopnoorfi-wp31835.test.cchosting.fi\/","logo":{"@type":"ImageObject","inLanguage":"sv-SE","@id":"https:\/\/shopnoorfi-wp31835.test.cchosting.fi\/#\/schema\/logo\/image\/","url":"https:\/\/shop.noor.fi\/wp-content\/uploads\/2024\/01\/Oy-Noortrade-Ab-Corbel-VERSAL-bold-BLACK.png","contentUrl":"https:\/\/shop.noor.fi\/wp-content\/uploads\/2024\/01\/Oy-Noortrade-Ab-Corbel-VERSAL-bold-BLACK.png","width":721,"height":177,"caption":"Oy Noortrade Ab"},"image":{"@id":"https:\/\/shopnoorfi-wp31835.test.cchosting.fi\/#\/schema\/logo\/image\/"}}]}},"brands":[{"id":36910,"name":"Design For The People","slug":"design-for-the-people"}],"_links":{"self":[{"href":"https:\/\/shop.noor.fi\/sv\/wp-json\/wp\/v2\/product\/103655","targetHints":{"allow":["GET"]}}],"collection":[{"href":"https:\/\/shop.noor.fi\/sv\/wp-json\/wp\/v2\/product"}],"about":[{"href":"https:\/\/shop.noor.fi\/sv\/wp-json\/wp\/v2\/types\/product"}],"replies":[{"embeddable":true,"href":"https:\/\/shop.noor.fi\/sv\/wp-json\/wp\/v2\/comments?post=103655"}],"wp:featuredmedia":[{"embeddable":true,"href":"https:\/\/shop.noor.fi\/sv\/wp-json\/wp\/v2\/media\/113451"}],"wp:attachment":[{"href":"https:\/\/shop.noor.fi\/sv\/wp-json\/wp\/v2\/media?parent=103655"}],"wp:term":[{"taxonomy":"pwb-brand","embeddable":true,"href":"https:\/\/shop.noor.fi\/sv\/wp-json\/wp\/v2\/pwb-brand?post=103655"},{"taxonomy":"product_brand","embeddable":true,"href":"https:\/\/shop.noor.fi\/sv\/wp-json\/wp\/v2\/product_brand?post=103655"},{"taxonomy":"product_cat","embeddable":true,"href":"https:\/\/shop.noor.fi\/sv\/wp-json\/wp\/v2\/product_cat?post=103655"},{"taxonomy":"product_tag","embeddable":true,"href":"https:\/\/shop.noor.fi\/sv\/wp-json\/wp\/v2\/product_tag?post=103655"}],"curies":[{"name":"wp","href":"https:\/\/api.w.org\/{rel}","templated":true}]}}