{"id":103645,"date":"2024-03-08T15:26:28","date_gmt":"2024-03-08T13:26:28","guid":{"rendered":"https:\/\/shop.noor.fi\/product\/fuse-spear-utearmatur-galvaniserad\/"},"modified":"2026-02-02T10:49:57","modified_gmt":"2026-02-02T08:49:57","slug":"fuse-spear-utearmatur-galvaniserad","status":"publish","type":"product","link":"https:\/\/shop.noor.fi\/sv\/produkt\/fuse-spear-utearmatur-galvaniserad\/","title":{"rendered":"Fuse spear utearmatur galvaniserat st\u00e5l 165cm"},"content":{"rendered":"<p>Nordlux Fuse \u00e4r en tr\u00e4dg\u00e5rdslampa med markspjut, och kan enkelt placeras precis d\u00e4r du vill ha ljus.<br \/>\nDesign by B\u00f8nnelycke MDD. Nordlux Fuse \u00e4r med sitt r\u00e5a uttryck och de rena linjerna B\u00f8nnelyckes designhyllning till Nordsj\u00f6n.<br \/>\nTr\u00e4dg\u00e5rdslampan med spjut kan snabbt och enkelt placeras och flyttas.<br \/>\nSladdl\u00e4ngd 500 cm.<\/p>\n<p>Den galvaniserade ytan g\u00f6r lampan t\u00e5lig i det nordiska klimatet. Lampor i galvaniserat st\u00e5l rekommenderas s\u00e4rskilt f\u00f6r kustn\u00e4ra omr\u00e5den.<\/p>\n<p>Med bottenplattan (NL-77509931, s\u00e4ljs separat) kan lampan g\u00f6ras om till golvlampa.<\/p>\n<p>Diameter 35 cm<br \/>\nH\u00f6jd 165 cm<\/p>\n","protected":false},"excerpt":{"rendered":"<p>Nordlux Fuse \u00e4r en tr\u00e4dg\u00e5rdslampa med markspjut, och kan enkelt placeras precis d\u00e4r du vill ha ljus. Design by B\u00f8nnelycke MDD. Nordlux Fuse \u00e4r med sitt r\u00e5a uttryck och de rena linjerna B\u00f8nnelyckes designhyllning till Nordsj\u00f6n. Tr\u00e4dg\u00e5rdslampan med spjut kan snabbt och enkelt placeras och flyttas. Sladdl\u00e4ngd 500 cm. Den galvaniserade ytan g\u00f6r lampan t\u00e5lig [&hellip;]<\/p>\n","protected":false},"featured_media":78173,"comment_status":"open","ping_status":"closed","template":"","meta":{"_acf_changed":false,"_relevanssi_hide_post":"","_relevanssi_hide_content":"","_relevanssi_pin_for_all":"","_relevanssi_pin_keywords":"","_relevanssi_unpin_keywords":"","_relevanssi_related_keywords":"","_relevanssi_related_include_ids":"","_relevanssi_related_exclude_ids":"","_relevanssi_related_no_append":"","_relevanssi_related_not_related":"","_relevanssi_related_posts":"","_relevanssi_noindex_reason":""},"pwb-brand":[28730],"product_brand":[],"product_cat":[32060],"product_tag":[],"class_list":{"0":"post-103645","1":"product","2":"type-product","3":"status-publish","4":"has-post-thumbnail","6":"pwb-brand-nordlux","7":"product_cat-golvlampor","9":"first","10":"instock","11":"taxable","12":"shipping-taxable","13":"purchasable","14":"product-type-simple"},"acf":[],"yoast_head":"<!-- This site is optimized with the Yoast SEO plugin v27.6 - https:\/\/yoast.com\/product\/yoast-seo-wordpress\/ -->\n<title>Fuse spear utearmatur galvaniserat st\u00e5l 165cm - Oy Noortrade Ab<\/title>\n<meta name=\"robots\" content=\"index, follow, max-snippet:-1, max-image-preview:large, max-video-preview:-1\" \/>\n<link rel=\"canonical\" href=\"https:\/\/shop.noor.fi\/sv\/produkt\/fuse-spear-utearmatur-galvaniserad\/\" \/>\n<meta property=\"og:locale\" content=\"sv_SE\" \/>\n<meta property=\"og:type\" content=\"article\" \/>\n<meta property=\"og:title\" content=\"Fuse spear utearmatur galvaniserat st\u00e5l 165cm - Oy Noortrade Ab\" \/>\n<meta property=\"og:description\" content=\"Nordlux Fuse \u00e4r en tr\u00e4dg\u00e5rdslampa med markspjut, och kan enkelt placeras precis d\u00e4r du vill ha ljus. Design by B\u00f8nnelycke MDD. Nordlux Fuse \u00e4r med sitt r\u00e5a uttryck och de rena linjerna B\u00f8nnelyckes designhyllning till Nordsj\u00f6n. Tr\u00e4dg\u00e5rdslampan med spjut kan snabbt och enkelt placeras och flyttas. Sladdl\u00e4ngd 500 cm. Den galvaniserade ytan g\u00f6r lampan t\u00e5lig [&hellip;]\" \/>\n<meta property=\"og:url\" content=\"https:\/\/shop.noor.fi\/sv\/produkt\/fuse-spear-utearmatur-galvaniserad\/\" \/>\n<meta property=\"og:site_name\" content=\"Oy Noortrade Ab\" \/>\n<meta property=\"article:modified_time\" content=\"2026-02-02T08:49:57+00:00\" \/>\n<meta property=\"og:image\" content=\"https:\/\/shop.noor.fi\/wp-content\/uploads\/2023\/12\/5701581249288-scaled.jpg\" \/>\n\t<meta property=\"og:image:width\" content=\"2560\" \/>\n\t<meta property=\"og:image:height\" content=\"2560\" \/>\n\t<meta property=\"og:image:type\" content=\"image\/jpeg\" \/>\n<meta name=\"twitter:card\" content=\"summary_large_image\" \/>\n<meta name=\"twitter:label1\" content=\"Ber\u00e4knad l\u00e4stid\" \/>\n\t<meta name=\"twitter:data1\" content=\"1 minut\" \/>\n<script type=\"application\/ld+json\" class=\"yoast-schema-graph\">{\"@context\":\"https:\\\/\\\/schema.org\",\"@graph\":[{\"@type\":\"WebPage\",\"@id\":\"https:\\\/\\\/shop.noor.fi\\\/sv\\\/produkt\\\/fuse-spear-utearmatur-galvaniserad\\\/\",\"url\":\"https:\\\/\\\/shop.noor.fi\\\/sv\\\/produkt\\\/fuse-spear-utearmatur-galvaniserad\\\/\",\"name\":\"Fuse spear utearmatur galvaniserat st\u00e5l 165cm - Oy Noortrade Ab\",\"isPartOf\":{\"@id\":\"https:\\\/\\\/shopnoorfi-wp31835.test.cchosting.fi\\\/#website\"},\"primaryImageOfPage\":{\"@id\":\"https:\\\/\\\/shop.noor.fi\\\/sv\\\/produkt\\\/fuse-spear-utearmatur-galvaniserad\\\/#primaryimage\"},\"image\":{\"@id\":\"https:\\\/\\\/shop.noor.fi\\\/sv\\\/produkt\\\/fuse-spear-utearmatur-galvaniserad\\\/#primaryimage\"},\"thumbnailUrl\":\"https:\\\/\\\/shop.noor.fi\\\/wp-content\\\/uploads\\\/2023\\\/12\\\/5701581249288-scaled.jpg\",\"datePublished\":\"2024-03-08T13:26:28+00:00\",\"dateModified\":\"2026-02-02T08:49:57+00:00\",\"breadcrumb\":{\"@id\":\"https:\\\/\\\/shop.noor.fi\\\/sv\\\/produkt\\\/fuse-spear-utearmatur-galvaniserad\\\/#breadcrumb\"},\"inLanguage\":\"sv-SE\",\"potentialAction\":[{\"@type\":\"ReadAction\",\"target\":[\"https:\\\/\\\/shop.noor.fi\\\/sv\\\/produkt\\\/fuse-spear-utearmatur-galvaniserad\\\/\"]}]},{\"@type\":\"ImageObject\",\"inLanguage\":\"sv-SE\",\"@id\":\"https:\\\/\\\/shop.noor.fi\\\/sv\\\/produkt\\\/fuse-spear-utearmatur-galvaniserad\\\/#primaryimage\",\"url\":\"https:\\\/\\\/shop.noor.fi\\\/wp-content\\\/uploads\\\/2023\\\/12\\\/5701581249288-scaled.jpg\",\"contentUrl\":\"https:\\\/\\\/shop.noor.fi\\\/wp-content\\\/uploads\\\/2023\\\/12\\\/5701581249288-scaled.jpg\",\"width\":2560,\"height\":2560},{\"@type\":\"BreadcrumbList\",\"@id\":\"https:\\\/\\\/shop.noor.fi\\\/sv\\\/produkt\\\/fuse-spear-utearmatur-galvaniserad\\\/#breadcrumb\",\"itemListElement\":[{\"@type\":\"ListItem\",\"position\":1,\"name\":\"Etusivu\",\"item\":\"https:\\\/\\\/shop.noor.fi\\\/sv\\\/\"},{\"@type\":\"ListItem\",\"position\":2,\"name\":\"Butik\",\"item\":\"https:\\\/\\\/shopnoorfi-wp31835.test.cchosting.fi\\\/sv\\\/butik\\\/\"},{\"@type\":\"ListItem\",\"position\":3,\"name\":\"Fuse spear utearmatur galvaniserat st\u00e5l 165cm\"}]},{\"@type\":\"WebSite\",\"@id\":\"https:\\\/\\\/shopnoorfi-wp31835.test.cchosting.fi\\\/#website\",\"url\":\"https:\\\/\\\/shopnoorfi-wp31835.test.cchosting.fi\\\/\",\"name\":\"Oy Noortrade Ab\",\"description\":\"Finnish family owned company with over 30 years of professional experience in lighting &amp; interior products import and sales - reliably.\",\"publisher\":{\"@id\":\"https:\\\/\\\/shopnoorfi-wp31835.test.cchosting.fi\\\/#organization\"},\"potentialAction\":[{\"@type\":\"SearchAction\",\"target\":{\"@type\":\"EntryPoint\",\"urlTemplate\":\"https:\\\/\\\/shopnoorfi-wp31835.test.cchosting.fi\\\/?s={search_term_string}\"},\"query-input\":{\"@type\":\"PropertyValueSpecification\",\"valueRequired\":true,\"valueName\":\"search_term_string\"}}],\"inLanguage\":\"sv-SE\"},{\"@type\":\"Organization\",\"@id\":\"https:\\\/\\\/shopnoorfi-wp31835.test.cchosting.fi\\\/#organization\",\"name\":\"Oy Noortrade Ab\",\"url\":\"https:\\\/\\\/shopnoorfi-wp31835.test.cchosting.fi\\\/\",\"logo\":{\"@type\":\"ImageObject\",\"inLanguage\":\"sv-SE\",\"@id\":\"https:\\\/\\\/shopnoorfi-wp31835.test.cchosting.fi\\\/#\\\/schema\\\/logo\\\/image\\\/\",\"url\":\"https:\\\/\\\/shop.noor.fi\\\/wp-content\\\/uploads\\\/2024\\\/01\\\/Oy-Noortrade-Ab-Corbel-VERSAL-bold-BLACK.png\",\"contentUrl\":\"https:\\\/\\\/shop.noor.fi\\\/wp-content\\\/uploads\\\/2024\\\/01\\\/Oy-Noortrade-Ab-Corbel-VERSAL-bold-BLACK.png\",\"width\":721,\"height\":177,\"caption\":\"Oy Noortrade Ab\"},\"image\":{\"@id\":\"https:\\\/\\\/shopnoorfi-wp31835.test.cchosting.fi\\\/#\\\/schema\\\/logo\\\/image\\\/\"}}]}<\/script>\n<!-- \/ Yoast SEO plugin. -->","yoast_head_json":{"title":"Fuse spear utearmatur galvaniserat st\u00e5l 165cm - Oy Noortrade Ab","robots":{"index":"index","follow":"follow","max-snippet":"max-snippet:-1","max-image-preview":"max-image-preview:large","max-video-preview":"max-video-preview:-1"},"canonical":"https:\/\/shop.noor.fi\/sv\/produkt\/fuse-spear-utearmatur-galvaniserad\/","og_locale":"sv_SE","og_type":"article","og_title":"Fuse spear utearmatur galvaniserat st\u00e5l 165cm - Oy Noortrade Ab","og_description":"Nordlux Fuse \u00e4r en tr\u00e4dg\u00e5rdslampa med markspjut, och kan enkelt placeras precis d\u00e4r du vill ha ljus. Design by B\u00f8nnelycke MDD. Nordlux Fuse \u00e4r med sitt r\u00e5a uttryck och de rena linjerna B\u00f8nnelyckes designhyllning till Nordsj\u00f6n. Tr\u00e4dg\u00e5rdslampan med spjut kan snabbt och enkelt placeras och flyttas. Sladdl\u00e4ngd 500 cm. Den galvaniserade ytan g\u00f6r lampan t\u00e5lig [&hellip;]","og_url":"https:\/\/shop.noor.fi\/sv\/produkt\/fuse-spear-utearmatur-galvaniserad\/","og_site_name":"Oy Noortrade Ab","article_modified_time":"2026-02-02T08:49:57+00:00","og_image":[{"width":2560,"height":2560,"url":"https:\/\/shop.noor.fi\/wp-content\/uploads\/2023\/12\/5701581249288-scaled.jpg","type":"image\/jpeg"}],"twitter_card":"summary_large_image","twitter_misc":{"Ber\u00e4knad l\u00e4stid":"1 minut"},"schema":{"@context":"https:\/\/schema.org","@graph":[{"@type":"WebPage","@id":"https:\/\/shop.noor.fi\/sv\/produkt\/fuse-spear-utearmatur-galvaniserad\/","url":"https:\/\/shop.noor.fi\/sv\/produkt\/fuse-spear-utearmatur-galvaniserad\/","name":"Fuse spear utearmatur galvaniserat st\u00e5l 165cm - Oy Noortrade Ab","isPartOf":{"@id":"https:\/\/shopnoorfi-wp31835.test.cchosting.fi\/#website"},"primaryImageOfPage":{"@id":"https:\/\/shop.noor.fi\/sv\/produkt\/fuse-spear-utearmatur-galvaniserad\/#primaryimage"},"image":{"@id":"https:\/\/shop.noor.fi\/sv\/produkt\/fuse-spear-utearmatur-galvaniserad\/#primaryimage"},"thumbnailUrl":"https:\/\/shop.noor.fi\/wp-content\/uploads\/2023\/12\/5701581249288-scaled.jpg","datePublished":"2024-03-08T13:26:28+00:00","dateModified":"2026-02-02T08:49:57+00:00","breadcrumb":{"@id":"https:\/\/shop.noor.fi\/sv\/produkt\/fuse-spear-utearmatur-galvaniserad\/#breadcrumb"},"inLanguage":"sv-SE","potentialAction":[{"@type":"ReadAction","target":["https:\/\/shop.noor.fi\/sv\/produkt\/fuse-spear-utearmatur-galvaniserad\/"]}]},{"@type":"ImageObject","inLanguage":"sv-SE","@id":"https:\/\/shop.noor.fi\/sv\/produkt\/fuse-spear-utearmatur-galvaniserad\/#primaryimage","url":"https:\/\/shop.noor.fi\/wp-content\/uploads\/2023\/12\/5701581249288-scaled.jpg","contentUrl":"https:\/\/shop.noor.fi\/wp-content\/uploads\/2023\/12\/5701581249288-scaled.jpg","width":2560,"height":2560},{"@type":"BreadcrumbList","@id":"https:\/\/shop.noor.fi\/sv\/produkt\/fuse-spear-utearmatur-galvaniserad\/#breadcrumb","itemListElement":[{"@type":"ListItem","position":1,"name":"Etusivu","item":"https:\/\/shop.noor.fi\/sv\/"},{"@type":"ListItem","position":2,"name":"Butik","item":"https:\/\/shopnoorfi-wp31835.test.cchosting.fi\/sv\/butik\/"},{"@type":"ListItem","position":3,"name":"Fuse spear utearmatur galvaniserat st\u00e5l 165cm"}]},{"@type":"WebSite","@id":"https:\/\/shopnoorfi-wp31835.test.cchosting.fi\/#website","url":"https:\/\/shopnoorfi-wp31835.test.cchosting.fi\/","name":"Oy Noortrade Ab","description":"Finnish family owned company with over 30 years of professional experience in lighting &amp; interior products import and sales - reliably.","publisher":{"@id":"https:\/\/shopnoorfi-wp31835.test.cchosting.fi\/#organization"},"potentialAction":[{"@type":"SearchAction","target":{"@type":"EntryPoint","urlTemplate":"https:\/\/shopnoorfi-wp31835.test.cchosting.fi\/?s={search_term_string}"},"query-input":{"@type":"PropertyValueSpecification","valueRequired":true,"valueName":"search_term_string"}}],"inLanguage":"sv-SE"},{"@type":"Organization","@id":"https:\/\/shopnoorfi-wp31835.test.cchosting.fi\/#organization","name":"Oy Noortrade Ab","url":"https:\/\/shopnoorfi-wp31835.test.cchosting.fi\/","logo":{"@type":"ImageObject","inLanguage":"sv-SE","@id":"https:\/\/shopnoorfi-wp31835.test.cchosting.fi\/#\/schema\/logo\/image\/","url":"https:\/\/shop.noor.fi\/wp-content\/uploads\/2024\/01\/Oy-Noortrade-Ab-Corbel-VERSAL-bold-BLACK.png","contentUrl":"https:\/\/shop.noor.fi\/wp-content\/uploads\/2024\/01\/Oy-Noortrade-Ab-Corbel-VERSAL-bold-BLACK.png","width":721,"height":177,"caption":"Oy Noortrade Ab"},"image":{"@id":"https:\/\/shopnoorfi-wp31835.test.cchosting.fi\/#\/schema\/logo\/image\/"}}]}},"brands":[{"id":28730,"name":"Nordlux","slug":"nordlux"}],"_links":{"self":[{"href":"https:\/\/shop.noor.fi\/sv\/wp-json\/wp\/v2\/product\/103645","targetHints":{"allow":["GET"]}}],"collection":[{"href":"https:\/\/shop.noor.fi\/sv\/wp-json\/wp\/v2\/product"}],"about":[{"href":"https:\/\/shop.noor.fi\/sv\/wp-json\/wp\/v2\/types\/product"}],"replies":[{"embeddable":true,"href":"https:\/\/shop.noor.fi\/sv\/wp-json\/wp\/v2\/comments?post=103645"}],"wp:featuredmedia":[{"embeddable":true,"href":"https:\/\/shop.noor.fi\/sv\/wp-json\/wp\/v2\/media\/78173"}],"wp:attachment":[{"href":"https:\/\/shop.noor.fi\/sv\/wp-json\/wp\/v2\/media?parent=103645"}],"wp:term":[{"taxonomy":"pwb-brand","embeddable":true,"href":"https:\/\/shop.noor.fi\/sv\/wp-json\/wp\/v2\/pwb-brand?post=103645"},{"taxonomy":"product_brand","embeddable":true,"href":"https:\/\/shop.noor.fi\/sv\/wp-json\/wp\/v2\/product_brand?post=103645"},{"taxonomy":"product_cat","embeddable":true,"href":"https:\/\/shop.noor.fi\/sv\/wp-json\/wp\/v2\/product_cat?post=103645"},{"taxonomy":"product_tag","embeddable":true,"href":"https:\/\/shop.noor.fi\/sv\/wp-json\/wp\/v2\/product_tag?post=103645"}],"curies":[{"name":"wp","href":"https:\/\/api.w.org\/{rel}","templated":true}]}}