{"id":103625,"date":"2023-11-01T16:48:35","date_gmt":"2023-11-01T14:48:35","guid":{"rendered":"https:\/\/shop.noor.fi\/product\/taurus-utomhusarmatur-borstat-stal\/"},"modified":"2026-03-28T11:39:53","modified_gmt":"2026-03-28T09:39:53","slug":"taurus-utomhusarmatur-borstat-stal","status":"publish","type":"product","link":"https:\/\/shop.noor.fi\/sv\/produkt\/taurus-utomhusarmatur-borstat-stal\/","title":{"rendered":"Taurus utomhusarmatur borstat st\u00e5l"},"content":{"rendered":"<p>Taurus fr\u00e5n Nordlux \u00e4r ett smart alternativ f\u00f6r att f\u00e5 utomhusbelysning \u00f6verallt runt ditt hem. Anv\u00e4nd den f\u00f6r att punktbelysa ditt hem, din tr\u00e4dg\u00e5rd eller till att f\u00e5 en snyggt belyst uppfart.<br \/>\nL\u00e4tt att montera med markspettet.<br \/>\nArmaturen har en 150 cm l\u00e5ng sladd.<br \/>\nGU10, max 28W. Ljusk\u00e4lla ing\u00e5r ej.<\/p>\n<p>Diameter 10 cm<br \/>\nH\u00f6jd 31 cm<\/p>\n<p>Underh\u00e5ll: Behandlas med syrafri olja 3\u20134 g\u00e5nger om \u00e5ret. Rostfria lampor rekommenderas inte till kustomr\u00e5den.<\/p>\n","protected":false},"excerpt":{"rendered":"<p>Taurus fr\u00e5n Nordlux \u00e4r ett smart alternativ f\u00f6r att f\u00e5 utomhusbelysning \u00f6verallt runt ditt hem. Anv\u00e4nd den f\u00f6r att punktbelysa ditt hem, din tr\u00e4dg\u00e5rd eller till att f\u00e5 en snyggt belyst uppfart. L\u00e4tt att montera med markspettet. Armaturen har en 150 cm l\u00e5ng sladd. GU10, max 28W. Ljusk\u00e4lla ing\u00e5r ej. Diameter 10 cm H\u00f6jd 31 [&hellip;]<\/p>\n","protected":false},"featured_media":55313,"comment_status":"open","ping_status":"closed","template":"","meta":{"_acf_changed":false,"_relevanssi_hide_post":"","_relevanssi_hide_content":"","_relevanssi_pin_for_all":"","_relevanssi_pin_keywords":"","_relevanssi_unpin_keywords":"","_relevanssi_related_keywords":"","_relevanssi_related_include_ids":"","_relevanssi_related_exclude_ids":"","_relevanssi_related_no_append":"","_relevanssi_related_not_related":"","_relevanssi_related_posts":"","_relevanssi_noindex_reason":""},"pwb-brand":[28730],"product_brand":[],"product_cat":[32111],"product_tag":[],"class_list":{"0":"post-103625","1":"product","2":"type-product","3":"status-publish","4":"has-post-thumbnail","6":"pwb-brand-nordlux","7":"product_cat-tradgardsspotlights","9":"first","10":"onbackorder","11":"taxable","12":"shipping-taxable","13":"purchasable","14":"product-type-simple"},"acf":[],"yoast_head":"<!-- This site is optimized with the Yoast SEO plugin v27.5 - https:\/\/yoast.com\/product\/yoast-seo-wordpress\/ -->\n<title>Taurus utomhusarmatur borstat st\u00e5l - Oy Noortrade Ab<\/title>\n<meta name=\"robots\" content=\"index, follow, max-snippet:-1, max-image-preview:large, max-video-preview:-1\" \/>\n<link rel=\"canonical\" href=\"https:\/\/shop.noor.fi\/tuote\/taurus-ulkovalaisin-harjattu-teras\/\" \/>\n<meta property=\"og:locale\" content=\"sv_SE\" \/>\n<meta property=\"og:type\" content=\"article\" \/>\n<meta property=\"og:title\" content=\"Taurus utomhusarmatur borstat st\u00e5l - Oy Noortrade Ab\" \/>\n<meta property=\"og:description\" content=\"Taurus fr\u00e5n Nordlux \u00e4r ett smart alternativ f\u00f6r att f\u00e5 utomhusbelysning \u00f6verallt runt ditt hem. Anv\u00e4nd den f\u00f6r att punktbelysa ditt hem, din tr\u00e4dg\u00e5rd eller till att f\u00e5 en snyggt belyst uppfart. L\u00e4tt att montera med markspettet. Armaturen har en 150 cm l\u00e5ng sladd. GU10, max 28W. Ljusk\u00e4lla ing\u00e5r ej. Diameter 10 cm H\u00f6jd 31 [&hellip;]\" \/>\n<meta property=\"og:url\" content=\"https:\/\/shop.noor.fi\/tuote\/taurus-ulkovalaisin-harjattu-teras\/\" \/>\n<meta property=\"og:site_name\" content=\"Oy Noortrade Ab\" \/>\n<meta property=\"article:modified_time\" content=\"2026-03-28T09:39:53+00:00\" \/>\n<meta property=\"og:image\" content=\"https:\/\/shop.noor.fi\/wp-content\/uploads\/2023\/11\/5701581324183.jpg\" \/>\n\t<meta property=\"og:image:width\" content=\"1080\" \/>\n\t<meta property=\"og:image:height\" content=\"1080\" \/>\n\t<meta property=\"og:image:type\" content=\"image\/jpeg\" \/>\n<meta name=\"twitter:card\" content=\"summary_large_image\" \/>\n<script type=\"application\/ld+json\" class=\"yoast-schema-graph\">{\"@context\":\"https:\\\/\\\/schema.org\",\"@graph\":[{\"@type\":\"WebPage\",\"@id\":\"https:\\\/\\\/shop.noor.fi\\\/tuote\\\/taurus-ulkovalaisin-harjattu-teras\\\/\",\"url\":\"https:\\\/\\\/shop.noor.fi\\\/tuote\\\/taurus-ulkovalaisin-harjattu-teras\\\/\",\"name\":\"Taurus utomhusarmatur borstat st\u00e5l - Oy Noortrade Ab\",\"isPartOf\":{\"@id\":\"https:\\\/\\\/shopnoorfi-wp31835.test.cchosting.fi\\\/#website\"},\"primaryImageOfPage\":{\"@id\":\"https:\\\/\\\/shop.noor.fi\\\/tuote\\\/taurus-ulkovalaisin-harjattu-teras\\\/#primaryimage\"},\"image\":{\"@id\":\"https:\\\/\\\/shop.noor.fi\\\/tuote\\\/taurus-ulkovalaisin-harjattu-teras\\\/#primaryimage\"},\"thumbnailUrl\":\"https:\\\/\\\/shop.noor.fi\\\/wp-content\\\/uploads\\\/2023\\\/11\\\/5701581324183.jpg\",\"datePublished\":\"2023-11-01T14:48:35+00:00\",\"dateModified\":\"2026-03-28T09:39:53+00:00\",\"breadcrumb\":{\"@id\":\"https:\\\/\\\/shop.noor.fi\\\/tuote\\\/taurus-ulkovalaisin-harjattu-teras\\\/#breadcrumb\"},\"inLanguage\":\"sv-SE\",\"potentialAction\":[{\"@type\":\"ReadAction\",\"target\":[\"https:\\\/\\\/shop.noor.fi\\\/tuote\\\/taurus-ulkovalaisin-harjattu-teras\\\/\"]}]},{\"@type\":\"ImageObject\",\"inLanguage\":\"sv-SE\",\"@id\":\"https:\\\/\\\/shop.noor.fi\\\/tuote\\\/taurus-ulkovalaisin-harjattu-teras\\\/#primaryimage\",\"url\":\"https:\\\/\\\/shop.noor.fi\\\/wp-content\\\/uploads\\\/2023\\\/11\\\/5701581324183.jpg\",\"contentUrl\":\"https:\\\/\\\/shop.noor.fi\\\/wp-content\\\/uploads\\\/2023\\\/11\\\/5701581324183.jpg\",\"width\":1080,\"height\":1080},{\"@type\":\"BreadcrumbList\",\"@id\":\"https:\\\/\\\/shop.noor.fi\\\/tuote\\\/taurus-ulkovalaisin-harjattu-teras\\\/#breadcrumb\",\"itemListElement\":[{\"@type\":\"ListItem\",\"position\":1,\"name\":\"Etusivu\",\"item\":\"https:\\\/\\\/shop.noor.fi\\\/sv\\\/\"},{\"@type\":\"ListItem\",\"position\":2,\"name\":\"Butik\",\"item\":\"https:\\\/\\\/shopnoorfi-wp31835.test.cchosting.fi\\\/sv\\\/butik\\\/\"},{\"@type\":\"ListItem\",\"position\":3,\"name\":\"Taurus utomhusarmatur borstat st\u00e5l\"}]},{\"@type\":\"WebSite\",\"@id\":\"https:\\\/\\\/shopnoorfi-wp31835.test.cchosting.fi\\\/#website\",\"url\":\"https:\\\/\\\/shopnoorfi-wp31835.test.cchosting.fi\\\/\",\"name\":\"Oy Noortrade Ab\",\"description\":\"Finnish family owned company with over 30 years of professional experience in lighting &amp; interior products import and sales - reliably.\",\"publisher\":{\"@id\":\"https:\\\/\\\/shopnoorfi-wp31835.test.cchosting.fi\\\/#organization\"},\"potentialAction\":[{\"@type\":\"SearchAction\",\"target\":{\"@type\":\"EntryPoint\",\"urlTemplate\":\"https:\\\/\\\/shopnoorfi-wp31835.test.cchosting.fi\\\/?s={search_term_string}\"},\"query-input\":{\"@type\":\"PropertyValueSpecification\",\"valueRequired\":true,\"valueName\":\"search_term_string\"}}],\"inLanguage\":\"sv-SE\"},{\"@type\":\"Organization\",\"@id\":\"https:\\\/\\\/shopnoorfi-wp31835.test.cchosting.fi\\\/#organization\",\"name\":\"Oy Noortrade Ab\",\"url\":\"https:\\\/\\\/shopnoorfi-wp31835.test.cchosting.fi\\\/\",\"logo\":{\"@type\":\"ImageObject\",\"inLanguage\":\"sv-SE\",\"@id\":\"https:\\\/\\\/shopnoorfi-wp31835.test.cchosting.fi\\\/#\\\/schema\\\/logo\\\/image\\\/\",\"url\":\"https:\\\/\\\/shop.noor.fi\\\/wp-content\\\/uploads\\\/2024\\\/01\\\/Oy-Noortrade-Ab-Corbel-VERSAL-bold-BLACK.png\",\"contentUrl\":\"https:\\\/\\\/shop.noor.fi\\\/wp-content\\\/uploads\\\/2024\\\/01\\\/Oy-Noortrade-Ab-Corbel-VERSAL-bold-BLACK.png\",\"width\":721,\"height\":177,\"caption\":\"Oy Noortrade Ab\"},\"image\":{\"@id\":\"https:\\\/\\\/shopnoorfi-wp31835.test.cchosting.fi\\\/#\\\/schema\\\/logo\\\/image\\\/\"}}]}<\/script>\n<!-- \/ Yoast SEO plugin. -->","yoast_head_json":{"title":"Taurus utomhusarmatur borstat st\u00e5l - Oy Noortrade Ab","robots":{"index":"index","follow":"follow","max-snippet":"max-snippet:-1","max-image-preview":"max-image-preview:large","max-video-preview":"max-video-preview:-1"},"canonical":"https:\/\/shop.noor.fi\/tuote\/taurus-ulkovalaisin-harjattu-teras\/","og_locale":"sv_SE","og_type":"article","og_title":"Taurus utomhusarmatur borstat st\u00e5l - Oy Noortrade Ab","og_description":"Taurus fr\u00e5n Nordlux \u00e4r ett smart alternativ f\u00f6r att f\u00e5 utomhusbelysning \u00f6verallt runt ditt hem. Anv\u00e4nd den f\u00f6r att punktbelysa ditt hem, din tr\u00e4dg\u00e5rd eller till att f\u00e5 en snyggt belyst uppfart. L\u00e4tt att montera med markspettet. Armaturen har en 150 cm l\u00e5ng sladd. GU10, max 28W. Ljusk\u00e4lla ing\u00e5r ej. Diameter 10 cm H\u00f6jd 31 [&hellip;]","og_url":"https:\/\/shop.noor.fi\/tuote\/taurus-ulkovalaisin-harjattu-teras\/","og_site_name":"Oy Noortrade Ab","article_modified_time":"2026-03-28T09:39:53+00:00","og_image":[{"width":1080,"height":1080,"url":"https:\/\/shop.noor.fi\/wp-content\/uploads\/2023\/11\/5701581324183.jpg","type":"image\/jpeg"}],"twitter_card":"summary_large_image","schema":{"@context":"https:\/\/schema.org","@graph":[{"@type":"WebPage","@id":"https:\/\/shop.noor.fi\/tuote\/taurus-ulkovalaisin-harjattu-teras\/","url":"https:\/\/shop.noor.fi\/tuote\/taurus-ulkovalaisin-harjattu-teras\/","name":"Taurus utomhusarmatur borstat st\u00e5l - Oy Noortrade Ab","isPartOf":{"@id":"https:\/\/shopnoorfi-wp31835.test.cchosting.fi\/#website"},"primaryImageOfPage":{"@id":"https:\/\/shop.noor.fi\/tuote\/taurus-ulkovalaisin-harjattu-teras\/#primaryimage"},"image":{"@id":"https:\/\/shop.noor.fi\/tuote\/taurus-ulkovalaisin-harjattu-teras\/#primaryimage"},"thumbnailUrl":"https:\/\/shop.noor.fi\/wp-content\/uploads\/2023\/11\/5701581324183.jpg","datePublished":"2023-11-01T14:48:35+00:00","dateModified":"2026-03-28T09:39:53+00:00","breadcrumb":{"@id":"https:\/\/shop.noor.fi\/tuote\/taurus-ulkovalaisin-harjattu-teras\/#breadcrumb"},"inLanguage":"sv-SE","potentialAction":[{"@type":"ReadAction","target":["https:\/\/shop.noor.fi\/tuote\/taurus-ulkovalaisin-harjattu-teras\/"]}]},{"@type":"ImageObject","inLanguage":"sv-SE","@id":"https:\/\/shop.noor.fi\/tuote\/taurus-ulkovalaisin-harjattu-teras\/#primaryimage","url":"https:\/\/shop.noor.fi\/wp-content\/uploads\/2023\/11\/5701581324183.jpg","contentUrl":"https:\/\/shop.noor.fi\/wp-content\/uploads\/2023\/11\/5701581324183.jpg","width":1080,"height":1080},{"@type":"BreadcrumbList","@id":"https:\/\/shop.noor.fi\/tuote\/taurus-ulkovalaisin-harjattu-teras\/#breadcrumb","itemListElement":[{"@type":"ListItem","position":1,"name":"Etusivu","item":"https:\/\/shop.noor.fi\/sv\/"},{"@type":"ListItem","position":2,"name":"Butik","item":"https:\/\/shopnoorfi-wp31835.test.cchosting.fi\/sv\/butik\/"},{"@type":"ListItem","position":3,"name":"Taurus utomhusarmatur borstat st\u00e5l"}]},{"@type":"WebSite","@id":"https:\/\/shopnoorfi-wp31835.test.cchosting.fi\/#website","url":"https:\/\/shopnoorfi-wp31835.test.cchosting.fi\/","name":"Oy Noortrade Ab","description":"Finnish family owned company with over 30 years of professional experience in lighting &amp; interior products import and sales - reliably.","publisher":{"@id":"https:\/\/shopnoorfi-wp31835.test.cchosting.fi\/#organization"},"potentialAction":[{"@type":"SearchAction","target":{"@type":"EntryPoint","urlTemplate":"https:\/\/shopnoorfi-wp31835.test.cchosting.fi\/?s={search_term_string}"},"query-input":{"@type":"PropertyValueSpecification","valueRequired":true,"valueName":"search_term_string"}}],"inLanguage":"sv-SE"},{"@type":"Organization","@id":"https:\/\/shopnoorfi-wp31835.test.cchosting.fi\/#organization","name":"Oy Noortrade Ab","url":"https:\/\/shopnoorfi-wp31835.test.cchosting.fi\/","logo":{"@type":"ImageObject","inLanguage":"sv-SE","@id":"https:\/\/shopnoorfi-wp31835.test.cchosting.fi\/#\/schema\/logo\/image\/","url":"https:\/\/shop.noor.fi\/wp-content\/uploads\/2024\/01\/Oy-Noortrade-Ab-Corbel-VERSAL-bold-BLACK.png","contentUrl":"https:\/\/shop.noor.fi\/wp-content\/uploads\/2024\/01\/Oy-Noortrade-Ab-Corbel-VERSAL-bold-BLACK.png","width":721,"height":177,"caption":"Oy Noortrade Ab"},"image":{"@id":"https:\/\/shopnoorfi-wp31835.test.cchosting.fi\/#\/schema\/logo\/image\/"}}]}},"brands":[{"id":28730,"name":"Nordlux","slug":"nordlux"}],"_links":{"self":[{"href":"https:\/\/shop.noor.fi\/sv\/wp-json\/wp\/v2\/product\/103625","targetHints":{"allow":["GET"]}}],"collection":[{"href":"https:\/\/shop.noor.fi\/sv\/wp-json\/wp\/v2\/product"}],"about":[{"href":"https:\/\/shop.noor.fi\/sv\/wp-json\/wp\/v2\/types\/product"}],"replies":[{"embeddable":true,"href":"https:\/\/shop.noor.fi\/sv\/wp-json\/wp\/v2\/comments?post=103625"}],"wp:featuredmedia":[{"embeddable":true,"href":"https:\/\/shop.noor.fi\/sv\/wp-json\/wp\/v2\/media\/55313"}],"wp:attachment":[{"href":"https:\/\/shop.noor.fi\/sv\/wp-json\/wp\/v2\/media?parent=103625"}],"wp:term":[{"taxonomy":"pwb-brand","embeddable":true,"href":"https:\/\/shop.noor.fi\/sv\/wp-json\/wp\/v2\/pwb-brand?post=103625"},{"taxonomy":"product_brand","embeddable":true,"href":"https:\/\/shop.noor.fi\/sv\/wp-json\/wp\/v2\/product_brand?post=103625"},{"taxonomy":"product_cat","embeddable":true,"href":"https:\/\/shop.noor.fi\/sv\/wp-json\/wp\/v2\/product_cat?post=103625"},{"taxonomy":"product_tag","embeddable":true,"href":"https:\/\/shop.noor.fi\/sv\/wp-json\/wp\/v2\/product_tag?post=103625"}],"curies":[{"name":"wp","href":"https:\/\/api.w.org\/{rel}","templated":true}]}}