{"id":103614,"date":"2023-11-01T16:46:54","date_gmt":"2023-11-01T14:46:54","guid":{"rendered":"https:\/\/shop.noor.fi\/product\/arki-bordsarmatur-svart\/"},"modified":"2026-04-20T12:14:03","modified_gmt":"2026-04-20T09:14:03","slug":"arki-bordsarmatur-svart","status":"publish","type":"product","link":"https:\/\/shop.noor.fi\/sv\/produkt\/arki-bordsarmatur-svart\/","title":{"rendered":"Arki bordsarmatur svart"},"content":{"rendered":"<p>Klassisk arkitektlampa som kan monteras p\u00e5 v\u00e4ggen, med bordskl\u00e4mma eller anv\u00e4ndas som bordslampa med fot. Den \u00e4r enkel i designen och den snygga, matta ytan ger den ett modernt utseende. Design by B\u00f8nnelycke MDD.<br \/>\n180 cm l\u00e5ng sladd, str\u00f6mbrytare p\u00e5 sk\u00e4rmen.<br \/>\nE27, max 60W. Ljusk\u00e4lla ing\u00e5r ej.<\/p>\n<p>Leveys 25 cm<br \/>\nSyvyys 63,5 cm<br \/>\nKorkeus 52 cm<br \/>\nVarjostimen halkaisija 20 cm ja korkeus 20 cm<br \/>\nJalustan halkaisija 25 cm<\/p>\n","protected":false},"excerpt":{"rendered":"<p>Klassisk arkitektlampa som kan monteras p\u00e5 v\u00e4ggen, med bordskl\u00e4mma eller anv\u00e4ndas som bordslampa med fot. Den \u00e4r enkel i designen och den snygga, matta ytan ger den ett modernt utseende. Design by B\u00f8nnelycke MDD. 180 cm l\u00e5ng sladd, str\u00f6mbrytare p\u00e5 sk\u00e4rmen. E27, max 60W. Ljusk\u00e4lla ing\u00e5r ej. Leveys 25 cm Syvyys 63,5 cm Korkeus 52 [&hellip;]<\/p>\n","protected":false},"featured_media":74641,"comment_status":"open","ping_status":"closed","template":"","meta":{"_acf_changed":false,"_relevanssi_hide_post":"","_relevanssi_hide_content":"","_relevanssi_pin_for_all":"","_relevanssi_pin_keywords":"","_relevanssi_unpin_keywords":"","_relevanssi_related_keywords":"","_relevanssi_related_include_ids":"","_relevanssi_related_exclude_ids":"","_relevanssi_related_no_append":"","_relevanssi_related_not_related":"","_relevanssi_related_posts":"","_relevanssi_noindex_reason":""},"pwb-brand":[37483,36910],"product_brand":[],"product_cat":[32105,31803],"product_tag":[],"class_list":{"0":"post-103614","1":"product","2":"type-product","3":"status-publish","4":"has-post-thumbnail","6":"pwb-brand-design-for-the-people-sv","7":"pwb-brand-design-for-the-people","8":"product_cat-bordslampor","9":"product_cat-poytavalaisimet","11":"first","12":"onbackorder","13":"taxable","14":"shipping-taxable","15":"purchasable","16":"product-type-simple"},"acf":[],"yoast_head":"<!-- This site is optimized with the Yoast SEO plugin v27.6 - https:\/\/yoast.com\/product\/yoast-seo-wordpress\/ -->\n<title>Arki bordsarmatur svart - Oy Noortrade Ab<\/title>\n<meta name=\"robots\" content=\"index, follow, max-snippet:-1, max-image-preview:large, max-video-preview:-1\" \/>\n<link rel=\"canonical\" href=\"https:\/\/shop.noor.fi\/sv\/produkt\/arki-bordsarmatur-svart\/\" \/>\n<meta property=\"og:locale\" content=\"sv_SE\" \/>\n<meta property=\"og:type\" content=\"article\" \/>\n<meta property=\"og:title\" content=\"Arki bordsarmatur svart - Oy Noortrade Ab\" \/>\n<meta property=\"og:description\" content=\"Klassisk arkitektlampa som kan monteras p\u00e5 v\u00e4ggen, med bordskl\u00e4mma eller anv\u00e4ndas som bordslampa med fot. Den \u00e4r enkel i designen och den snygga, matta ytan ger den ett modernt utseende. Design by B\u00f8nnelycke MDD. 180 cm l\u00e5ng sladd, str\u00f6mbrytare p\u00e5 sk\u00e4rmen. E27, max 60W. Ljusk\u00e4lla ing\u00e5r ej. Leveys 25 cm Syvyys 63,5 cm Korkeus 52 [&hellip;]\" \/>\n<meta property=\"og:url\" content=\"https:\/\/shop.noor.fi\/sv\/produkt\/arki-bordsarmatur-svart\/\" \/>\n<meta property=\"og:site_name\" content=\"Oy Noortrade Ab\" \/>\n<meta property=\"article:modified_time\" content=\"2026-04-20T09:14:03+00:00\" \/>\n<meta property=\"og:image\" content=\"https:\/\/shop.noor.fi\/wp-content\/uploads\/2023\/11\/5701581279872.jpg\" \/>\n\t<meta property=\"og:image:width\" content=\"1080\" \/>\n\t<meta property=\"og:image:height\" content=\"1080\" \/>\n\t<meta property=\"og:image:type\" content=\"image\/jpeg\" \/>\n<meta name=\"twitter:card\" content=\"summary_large_image\" \/>\n<script type=\"application\/ld+json\" class=\"yoast-schema-graph\">{\"@context\":\"https:\\\/\\\/schema.org\",\"@graph\":[{\"@type\":\"WebPage\",\"@id\":\"https:\\\/\\\/shop.noor.fi\\\/sv\\\/produkt\\\/arki-bordsarmatur-svart\\\/\",\"url\":\"https:\\\/\\\/shop.noor.fi\\\/sv\\\/produkt\\\/arki-bordsarmatur-svart\\\/\",\"name\":\"Arki bordsarmatur svart - Oy Noortrade Ab\",\"isPartOf\":{\"@id\":\"https:\\\/\\\/shopnoorfi-wp31835.test.cchosting.fi\\\/#website\"},\"primaryImageOfPage\":{\"@id\":\"https:\\\/\\\/shop.noor.fi\\\/sv\\\/produkt\\\/arki-bordsarmatur-svart\\\/#primaryimage\"},\"image\":{\"@id\":\"https:\\\/\\\/shop.noor.fi\\\/sv\\\/produkt\\\/arki-bordsarmatur-svart\\\/#primaryimage\"},\"thumbnailUrl\":\"https:\\\/\\\/shop.noor.fi\\\/wp-content\\\/uploads\\\/2023\\\/11\\\/5701581279872.jpg\",\"datePublished\":\"2023-11-01T14:46:54+00:00\",\"dateModified\":\"2026-04-20T09:14:03+00:00\",\"breadcrumb\":{\"@id\":\"https:\\\/\\\/shop.noor.fi\\\/sv\\\/produkt\\\/arki-bordsarmatur-svart\\\/#breadcrumb\"},\"inLanguage\":\"sv-SE\",\"potentialAction\":[{\"@type\":\"ReadAction\",\"target\":[\"https:\\\/\\\/shop.noor.fi\\\/sv\\\/produkt\\\/arki-bordsarmatur-svart\\\/\"]}]},{\"@type\":\"ImageObject\",\"inLanguage\":\"sv-SE\",\"@id\":\"https:\\\/\\\/shop.noor.fi\\\/sv\\\/produkt\\\/arki-bordsarmatur-svart\\\/#primaryimage\",\"url\":\"https:\\\/\\\/shop.noor.fi\\\/wp-content\\\/uploads\\\/2023\\\/11\\\/5701581279872.jpg\",\"contentUrl\":\"https:\\\/\\\/shop.noor.fi\\\/wp-content\\\/uploads\\\/2023\\\/11\\\/5701581279872.jpg\",\"width\":1080,\"height\":1080},{\"@type\":\"BreadcrumbList\",\"@id\":\"https:\\\/\\\/shop.noor.fi\\\/sv\\\/produkt\\\/arki-bordsarmatur-svart\\\/#breadcrumb\",\"itemListElement\":[{\"@type\":\"ListItem\",\"position\":1,\"name\":\"Etusivu\",\"item\":\"https:\\\/\\\/shop.noor.fi\\\/sv\\\/\"},{\"@type\":\"ListItem\",\"position\":2,\"name\":\"Butik\",\"item\":\"https:\\\/\\\/shopnoorfi-wp31835.test.cchosting.fi\\\/sv\\\/butik\\\/\"},{\"@type\":\"ListItem\",\"position\":3,\"name\":\"Arki bordsarmatur svart\"}]},{\"@type\":\"WebSite\",\"@id\":\"https:\\\/\\\/shopnoorfi-wp31835.test.cchosting.fi\\\/#website\",\"url\":\"https:\\\/\\\/shopnoorfi-wp31835.test.cchosting.fi\\\/\",\"name\":\"Oy Noortrade Ab\",\"description\":\"Finnish family owned company with over 30 years of professional experience in lighting &amp; interior products import and sales - reliably.\",\"publisher\":{\"@id\":\"https:\\\/\\\/shopnoorfi-wp31835.test.cchosting.fi\\\/#organization\"},\"potentialAction\":[{\"@type\":\"SearchAction\",\"target\":{\"@type\":\"EntryPoint\",\"urlTemplate\":\"https:\\\/\\\/shopnoorfi-wp31835.test.cchosting.fi\\\/?s={search_term_string}\"},\"query-input\":{\"@type\":\"PropertyValueSpecification\",\"valueRequired\":true,\"valueName\":\"search_term_string\"}}],\"inLanguage\":\"sv-SE\"},{\"@type\":\"Organization\",\"@id\":\"https:\\\/\\\/shopnoorfi-wp31835.test.cchosting.fi\\\/#organization\",\"name\":\"Oy Noortrade Ab\",\"url\":\"https:\\\/\\\/shopnoorfi-wp31835.test.cchosting.fi\\\/\",\"logo\":{\"@type\":\"ImageObject\",\"inLanguage\":\"sv-SE\",\"@id\":\"https:\\\/\\\/shopnoorfi-wp31835.test.cchosting.fi\\\/#\\\/schema\\\/logo\\\/image\\\/\",\"url\":\"https:\\\/\\\/shop.noor.fi\\\/wp-content\\\/uploads\\\/2024\\\/01\\\/Oy-Noortrade-Ab-Corbel-VERSAL-bold-BLACK.png\",\"contentUrl\":\"https:\\\/\\\/shop.noor.fi\\\/wp-content\\\/uploads\\\/2024\\\/01\\\/Oy-Noortrade-Ab-Corbel-VERSAL-bold-BLACK.png\",\"width\":721,\"height\":177,\"caption\":\"Oy Noortrade Ab\"},\"image\":{\"@id\":\"https:\\\/\\\/shopnoorfi-wp31835.test.cchosting.fi\\\/#\\\/schema\\\/logo\\\/image\\\/\"}}]}<\/script>\n<!-- \/ Yoast SEO plugin. -->","yoast_head_json":{"title":"Arki bordsarmatur svart - Oy Noortrade Ab","robots":{"index":"index","follow":"follow","max-snippet":"max-snippet:-1","max-image-preview":"max-image-preview:large","max-video-preview":"max-video-preview:-1"},"canonical":"https:\/\/shop.noor.fi\/sv\/produkt\/arki-bordsarmatur-svart\/","og_locale":"sv_SE","og_type":"article","og_title":"Arki bordsarmatur svart - Oy Noortrade Ab","og_description":"Klassisk arkitektlampa som kan monteras p\u00e5 v\u00e4ggen, med bordskl\u00e4mma eller anv\u00e4ndas som bordslampa med fot. Den \u00e4r enkel i designen och den snygga, matta ytan ger den ett modernt utseende. Design by B\u00f8nnelycke MDD. 180 cm l\u00e5ng sladd, str\u00f6mbrytare p\u00e5 sk\u00e4rmen. E27, max 60W. Ljusk\u00e4lla ing\u00e5r ej. Leveys 25 cm Syvyys 63,5 cm Korkeus 52 [&hellip;]","og_url":"https:\/\/shop.noor.fi\/sv\/produkt\/arki-bordsarmatur-svart\/","og_site_name":"Oy Noortrade Ab","article_modified_time":"2026-04-20T09:14:03+00:00","og_image":[{"width":1080,"height":1080,"url":"https:\/\/shop.noor.fi\/wp-content\/uploads\/2023\/11\/5701581279872.jpg","type":"image\/jpeg"}],"twitter_card":"summary_large_image","schema":{"@context":"https:\/\/schema.org","@graph":[{"@type":"WebPage","@id":"https:\/\/shop.noor.fi\/sv\/produkt\/arki-bordsarmatur-svart\/","url":"https:\/\/shop.noor.fi\/sv\/produkt\/arki-bordsarmatur-svart\/","name":"Arki bordsarmatur svart - Oy Noortrade Ab","isPartOf":{"@id":"https:\/\/shopnoorfi-wp31835.test.cchosting.fi\/#website"},"primaryImageOfPage":{"@id":"https:\/\/shop.noor.fi\/sv\/produkt\/arki-bordsarmatur-svart\/#primaryimage"},"image":{"@id":"https:\/\/shop.noor.fi\/sv\/produkt\/arki-bordsarmatur-svart\/#primaryimage"},"thumbnailUrl":"https:\/\/shop.noor.fi\/wp-content\/uploads\/2023\/11\/5701581279872.jpg","datePublished":"2023-11-01T14:46:54+00:00","dateModified":"2026-04-20T09:14:03+00:00","breadcrumb":{"@id":"https:\/\/shop.noor.fi\/sv\/produkt\/arki-bordsarmatur-svart\/#breadcrumb"},"inLanguage":"sv-SE","potentialAction":[{"@type":"ReadAction","target":["https:\/\/shop.noor.fi\/sv\/produkt\/arki-bordsarmatur-svart\/"]}]},{"@type":"ImageObject","inLanguage":"sv-SE","@id":"https:\/\/shop.noor.fi\/sv\/produkt\/arki-bordsarmatur-svart\/#primaryimage","url":"https:\/\/shop.noor.fi\/wp-content\/uploads\/2023\/11\/5701581279872.jpg","contentUrl":"https:\/\/shop.noor.fi\/wp-content\/uploads\/2023\/11\/5701581279872.jpg","width":1080,"height":1080},{"@type":"BreadcrumbList","@id":"https:\/\/shop.noor.fi\/sv\/produkt\/arki-bordsarmatur-svart\/#breadcrumb","itemListElement":[{"@type":"ListItem","position":1,"name":"Etusivu","item":"https:\/\/shop.noor.fi\/sv\/"},{"@type":"ListItem","position":2,"name":"Butik","item":"https:\/\/shopnoorfi-wp31835.test.cchosting.fi\/sv\/butik\/"},{"@type":"ListItem","position":3,"name":"Arki bordsarmatur svart"}]},{"@type":"WebSite","@id":"https:\/\/shopnoorfi-wp31835.test.cchosting.fi\/#website","url":"https:\/\/shopnoorfi-wp31835.test.cchosting.fi\/","name":"Oy Noortrade Ab","description":"Finnish family owned company with over 30 years of professional experience in lighting &amp; interior products import and sales - reliably.","publisher":{"@id":"https:\/\/shopnoorfi-wp31835.test.cchosting.fi\/#organization"},"potentialAction":[{"@type":"SearchAction","target":{"@type":"EntryPoint","urlTemplate":"https:\/\/shopnoorfi-wp31835.test.cchosting.fi\/?s={search_term_string}"},"query-input":{"@type":"PropertyValueSpecification","valueRequired":true,"valueName":"search_term_string"}}],"inLanguage":"sv-SE"},{"@type":"Organization","@id":"https:\/\/shopnoorfi-wp31835.test.cchosting.fi\/#organization","name":"Oy Noortrade Ab","url":"https:\/\/shopnoorfi-wp31835.test.cchosting.fi\/","logo":{"@type":"ImageObject","inLanguage":"sv-SE","@id":"https:\/\/shopnoorfi-wp31835.test.cchosting.fi\/#\/schema\/logo\/image\/","url":"https:\/\/shop.noor.fi\/wp-content\/uploads\/2024\/01\/Oy-Noortrade-Ab-Corbel-VERSAL-bold-BLACK.png","contentUrl":"https:\/\/shop.noor.fi\/wp-content\/uploads\/2024\/01\/Oy-Noortrade-Ab-Corbel-VERSAL-bold-BLACK.png","width":721,"height":177,"caption":"Oy Noortrade Ab"},"image":{"@id":"https:\/\/shopnoorfi-wp31835.test.cchosting.fi\/#\/schema\/logo\/image\/"}}]}},"brands":[{"id":37483,"name":"Design For The People","slug":"design-for-the-people-sv"},{"id":36910,"name":"Design For The People","slug":"design-for-the-people"}],"_links":{"self":[{"href":"https:\/\/shop.noor.fi\/sv\/wp-json\/wp\/v2\/product\/103614","targetHints":{"allow":["GET"]}}],"collection":[{"href":"https:\/\/shop.noor.fi\/sv\/wp-json\/wp\/v2\/product"}],"about":[{"href":"https:\/\/shop.noor.fi\/sv\/wp-json\/wp\/v2\/types\/product"}],"replies":[{"embeddable":true,"href":"https:\/\/shop.noor.fi\/sv\/wp-json\/wp\/v2\/comments?post=103614"}],"wp:featuredmedia":[{"embeddable":true,"href":"https:\/\/shop.noor.fi\/sv\/wp-json\/wp\/v2\/media\/74641"}],"wp:attachment":[{"href":"https:\/\/shop.noor.fi\/sv\/wp-json\/wp\/v2\/media?parent=103614"}],"wp:term":[{"taxonomy":"pwb-brand","embeddable":true,"href":"https:\/\/shop.noor.fi\/sv\/wp-json\/wp\/v2\/pwb-brand?post=103614"},{"taxonomy":"product_brand","embeddable":true,"href":"https:\/\/shop.noor.fi\/sv\/wp-json\/wp\/v2\/product_brand?post=103614"},{"taxonomy":"product_cat","embeddable":true,"href":"https:\/\/shop.noor.fi\/sv\/wp-json\/wp\/v2\/product_cat?post=103614"},{"taxonomy":"product_tag","embeddable":true,"href":"https:\/\/shop.noor.fi\/sv\/wp-json\/wp\/v2\/product_tag?post=103614"}],"curies":[{"name":"wp","href":"https:\/\/api.w.org\/{rel}","templated":true}]}}