{"id":103566,"date":"2024-03-08T15:06:08","date_gmt":"2024-03-08T13:06:08","guid":{"rendered":"https:\/\/shop.noor.fi\/product\/lonstrup-32-vagglykta-galvaniserad\/"},"modified":"2026-03-26T11:30:56","modified_gmt":"2026-03-26T09:30:56","slug":"lonstrup-32-vagglykta-galvaniserad","status":"publish","type":"product","link":"https:\/\/shop.noor.fi\/sv\/produkt\/lonstrup-32-vagglykta-galvaniserad\/","title":{"rendered":"L\u00f6nstrup 32 v\u00e4gglampa galvaniserad"},"content":{"rendered":"<p>L\u00f6nstrup v\u00e4gglampa fr\u00e5n Nordlux \u00e4r en lampa i klassisk och enkel design som g\u00f6r den perfekt f\u00f6r alla utomhusmilj\u00f6er. Lampan ger ett vackert och mjukt ljus, s\u00e5 den passar perfekt vid ytterd\u00f6rren.<br \/>\nKupa \u00e4r i klart glas.<br \/>\nKan parallelkopplas.<br \/>\nE27, max 60W. Ljusk\u00e4lla ing\u00e5r ej.<\/p>\n<p>Bredd 32 cm<br \/>\nDjup 36 cm<br \/>\nH\u00f6jd 28,5 cm<\/p>\n<p>Denna produkt ing\u00e5r i Nordlux sortiment \u201dDesigned For Seaside\u201d som \u00e4r tillverkat av extra t\u00e5liga material f\u00f6r att klara \u00e4ven de tuffaste v\u00e4derf\u00f6rh\u00e5llandena vid kusten. 15 \u00e5rs garanti mot korrosion.<\/p>\n<p>Med tiden g\u00f6r exponeringen f\u00f6r v\u00e4der och vind att det galvaniserade st\u00e5let f\u00e5r en vacker, m\u00f6rkare patina.<\/p>\n","protected":false},"excerpt":{"rendered":"<p>L\u00f6nstrup v\u00e4gglampa fr\u00e5n Nordlux \u00e4r en lampa i klassisk och enkel design som g\u00f6r den perfekt f\u00f6r alla utomhusmilj\u00f6er. Lampan ger ett vackert och mjukt ljus, s\u00e5 den passar perfekt vid ytterd\u00f6rren. Kupa \u00e4r i klart glas. Kan parallelkopplas. E27, max 60W. Ljusk\u00e4lla ing\u00e5r ej. Bredd 32 cm Djup 36 cm H\u00f6jd 28,5 cm Denna [&hellip;]<\/p>\n","protected":false},"featured_media":113358,"comment_status":"open","ping_status":"closed","template":"","meta":{"_acf_changed":false,"_relevanssi_hide_post":"","_relevanssi_hide_content":"","_relevanssi_pin_for_all":"","_relevanssi_pin_keywords":"","_relevanssi_unpin_keywords":"","_relevanssi_related_keywords":"","_relevanssi_related_include_ids":"","_relevanssi_related_exclude_ids":"","_relevanssi_related_no_append":"","_relevanssi_related_not_related":"","_relevanssi_related_posts":"","_relevanssi_noindex_reason":""},"pwb-brand":[28730],"product_brand":[],"product_cat":[31809,32193],"product_tag":[],"class_list":{"0":"post-103566","1":"product","2":"type-product","3":"status-publish","4":"has-post-thumbnail","6":"pwb-brand-nordlux","7":"product_cat-ulkoseinavalaisimet","8":"product_cat-vagglampor-sv-2","10":"first","11":"instock","12":"taxable","13":"shipping-taxable","14":"purchasable","15":"product-type-simple"},"acf":[],"yoast_head":"<!-- This site is optimized with the Yoast SEO plugin v27.5 - https:\/\/yoast.com\/product\/yoast-seo-wordpress\/ -->\n<title>L\u00f6nstrup 32 v\u00e4gglampa galvaniserad - Oy Noortrade Ab<\/title>\n<meta name=\"robots\" content=\"index, follow, max-snippet:-1, max-image-preview:large, max-video-preview:-1\" \/>\n<link rel=\"canonical\" href=\"https:\/\/shop.noor.fi\/tuote\/lonstrup-32-seinalyhty-galvanoitu\/\" \/>\n<meta property=\"og:locale\" content=\"sv_SE\" \/>\n<meta property=\"og:type\" content=\"article\" \/>\n<meta property=\"og:title\" content=\"L\u00f6nstrup 32 v\u00e4gglampa galvaniserad - Oy Noortrade Ab\" \/>\n<meta property=\"og:description\" content=\"L\u00f6nstrup v\u00e4gglampa fr\u00e5n Nordlux \u00e4r en lampa i klassisk och enkel design som g\u00f6r den perfekt f\u00f6r alla utomhusmilj\u00f6er. Lampan ger ett vackert och mjukt ljus, s\u00e5 den passar perfekt vid ytterd\u00f6rren. Kupa \u00e4r i klart glas. Kan parallelkopplas. E27, max 60W. Ljusk\u00e4lla ing\u00e5r ej. Bredd 32 cm Djup 36 cm H\u00f6jd 28,5 cm Denna [&hellip;]\" \/>\n<meta property=\"og:url\" content=\"https:\/\/shop.noor.fi\/tuote\/lonstrup-32-seinalyhty-galvanoitu\/\" \/>\n<meta property=\"og:site_name\" content=\"Oy Noortrade Ab\" \/>\n<meta property=\"article:modified_time\" content=\"2026-03-26T09:30:56+00:00\" \/>\n<meta property=\"og:image\" content=\"https:\/\/shop.noor.fi\/wp-content\/uploads\/2024\/03\/5701581253773.jpg\" \/>\n\t<meta property=\"og:image:width\" content=\"2000\" \/>\n\t<meta property=\"og:image:height\" content=\"2000\" \/>\n\t<meta property=\"og:image:type\" content=\"image\/jpeg\" \/>\n<meta name=\"twitter:card\" content=\"summary_large_image\" \/>\n<meta name=\"twitter:label1\" content=\"Ber\u00e4knad l\u00e4stid\" \/>\n\t<meta name=\"twitter:data1\" content=\"1 minut\" \/>\n<script type=\"application\/ld+json\" class=\"yoast-schema-graph\">{\"@context\":\"https:\\\/\\\/schema.org\",\"@graph\":[{\"@type\":\"WebPage\",\"@id\":\"https:\\\/\\\/shop.noor.fi\\\/tuote\\\/lonstrup-32-seinalyhty-galvanoitu\\\/\",\"url\":\"https:\\\/\\\/shop.noor.fi\\\/tuote\\\/lonstrup-32-seinalyhty-galvanoitu\\\/\",\"name\":\"L\u00f6nstrup 32 v\u00e4gglampa galvaniserad - Oy Noortrade Ab\",\"isPartOf\":{\"@id\":\"https:\\\/\\\/shopnoorfi-wp31835.test.cchosting.fi\\\/#website\"},\"primaryImageOfPage\":{\"@id\":\"https:\\\/\\\/shop.noor.fi\\\/tuote\\\/lonstrup-32-seinalyhty-galvanoitu\\\/#primaryimage\"},\"image\":{\"@id\":\"https:\\\/\\\/shop.noor.fi\\\/tuote\\\/lonstrup-32-seinalyhty-galvanoitu\\\/#primaryimage\"},\"thumbnailUrl\":\"https:\\\/\\\/shop.noor.fi\\\/wp-content\\\/uploads\\\/2024\\\/03\\\/5701581253773.jpg\",\"datePublished\":\"2024-03-08T13:06:08+00:00\",\"dateModified\":\"2026-03-26T09:30:56+00:00\",\"breadcrumb\":{\"@id\":\"https:\\\/\\\/shop.noor.fi\\\/tuote\\\/lonstrup-32-seinalyhty-galvanoitu\\\/#breadcrumb\"},\"inLanguage\":\"sv-SE\",\"potentialAction\":[{\"@type\":\"ReadAction\",\"target\":[\"https:\\\/\\\/shop.noor.fi\\\/tuote\\\/lonstrup-32-seinalyhty-galvanoitu\\\/\"]}]},{\"@type\":\"ImageObject\",\"inLanguage\":\"sv-SE\",\"@id\":\"https:\\\/\\\/shop.noor.fi\\\/tuote\\\/lonstrup-32-seinalyhty-galvanoitu\\\/#primaryimage\",\"url\":\"https:\\\/\\\/shop.noor.fi\\\/wp-content\\\/uploads\\\/2024\\\/03\\\/5701581253773.jpg\",\"contentUrl\":\"https:\\\/\\\/shop.noor.fi\\\/wp-content\\\/uploads\\\/2024\\\/03\\\/5701581253773.jpg\",\"width\":2000,\"height\":2000},{\"@type\":\"BreadcrumbList\",\"@id\":\"https:\\\/\\\/shop.noor.fi\\\/tuote\\\/lonstrup-32-seinalyhty-galvanoitu\\\/#breadcrumb\",\"itemListElement\":[{\"@type\":\"ListItem\",\"position\":1,\"name\":\"Etusivu\",\"item\":\"https:\\\/\\\/shop.noor.fi\\\/sv\\\/\"},{\"@type\":\"ListItem\",\"position\":2,\"name\":\"Butik\",\"item\":\"https:\\\/\\\/shopnoorfi-wp31835.test.cchosting.fi\\\/sv\\\/butik\\\/\"},{\"@type\":\"ListItem\",\"position\":3,\"name\":\"L\u00f6nstrup 32 v\u00e4gglampa galvaniserad\"}]},{\"@type\":\"WebSite\",\"@id\":\"https:\\\/\\\/shopnoorfi-wp31835.test.cchosting.fi\\\/#website\",\"url\":\"https:\\\/\\\/shopnoorfi-wp31835.test.cchosting.fi\\\/\",\"name\":\"Oy Noortrade Ab\",\"description\":\"Finnish family owned company with over 30 years of professional experience in lighting &amp; interior products import and sales - reliably.\",\"publisher\":{\"@id\":\"https:\\\/\\\/shopnoorfi-wp31835.test.cchosting.fi\\\/#organization\"},\"potentialAction\":[{\"@type\":\"SearchAction\",\"target\":{\"@type\":\"EntryPoint\",\"urlTemplate\":\"https:\\\/\\\/shopnoorfi-wp31835.test.cchosting.fi\\\/?s={search_term_string}\"},\"query-input\":{\"@type\":\"PropertyValueSpecification\",\"valueRequired\":true,\"valueName\":\"search_term_string\"}}],\"inLanguage\":\"sv-SE\"},{\"@type\":\"Organization\",\"@id\":\"https:\\\/\\\/shopnoorfi-wp31835.test.cchosting.fi\\\/#organization\",\"name\":\"Oy Noortrade Ab\",\"url\":\"https:\\\/\\\/shopnoorfi-wp31835.test.cchosting.fi\\\/\",\"logo\":{\"@type\":\"ImageObject\",\"inLanguage\":\"sv-SE\",\"@id\":\"https:\\\/\\\/shopnoorfi-wp31835.test.cchosting.fi\\\/#\\\/schema\\\/logo\\\/image\\\/\",\"url\":\"https:\\\/\\\/shop.noor.fi\\\/wp-content\\\/uploads\\\/2024\\\/01\\\/Oy-Noortrade-Ab-Corbel-VERSAL-bold-BLACK.png\",\"contentUrl\":\"https:\\\/\\\/shop.noor.fi\\\/wp-content\\\/uploads\\\/2024\\\/01\\\/Oy-Noortrade-Ab-Corbel-VERSAL-bold-BLACK.png\",\"width\":721,\"height\":177,\"caption\":\"Oy Noortrade Ab\"},\"image\":{\"@id\":\"https:\\\/\\\/shopnoorfi-wp31835.test.cchosting.fi\\\/#\\\/schema\\\/logo\\\/image\\\/\"}}]}<\/script>\n<!-- \/ Yoast SEO plugin. -->","yoast_head_json":{"title":"L\u00f6nstrup 32 v\u00e4gglampa galvaniserad - Oy Noortrade Ab","robots":{"index":"index","follow":"follow","max-snippet":"max-snippet:-1","max-image-preview":"max-image-preview:large","max-video-preview":"max-video-preview:-1"},"canonical":"https:\/\/shop.noor.fi\/tuote\/lonstrup-32-seinalyhty-galvanoitu\/","og_locale":"sv_SE","og_type":"article","og_title":"L\u00f6nstrup 32 v\u00e4gglampa galvaniserad - Oy Noortrade Ab","og_description":"L\u00f6nstrup v\u00e4gglampa fr\u00e5n Nordlux \u00e4r en lampa i klassisk och enkel design som g\u00f6r den perfekt f\u00f6r alla utomhusmilj\u00f6er. Lampan ger ett vackert och mjukt ljus, s\u00e5 den passar perfekt vid ytterd\u00f6rren. Kupa \u00e4r i klart glas. Kan parallelkopplas. E27, max 60W. Ljusk\u00e4lla ing\u00e5r ej. Bredd 32 cm Djup 36 cm H\u00f6jd 28,5 cm Denna [&hellip;]","og_url":"https:\/\/shop.noor.fi\/tuote\/lonstrup-32-seinalyhty-galvanoitu\/","og_site_name":"Oy Noortrade Ab","article_modified_time":"2026-03-26T09:30:56+00:00","og_image":[{"width":2000,"height":2000,"url":"https:\/\/shop.noor.fi\/wp-content\/uploads\/2024\/03\/5701581253773.jpg","type":"image\/jpeg"}],"twitter_card":"summary_large_image","twitter_misc":{"Ber\u00e4knad l\u00e4stid":"1 minut"},"schema":{"@context":"https:\/\/schema.org","@graph":[{"@type":"WebPage","@id":"https:\/\/shop.noor.fi\/tuote\/lonstrup-32-seinalyhty-galvanoitu\/","url":"https:\/\/shop.noor.fi\/tuote\/lonstrup-32-seinalyhty-galvanoitu\/","name":"L\u00f6nstrup 32 v\u00e4gglampa galvaniserad - Oy Noortrade Ab","isPartOf":{"@id":"https:\/\/shopnoorfi-wp31835.test.cchosting.fi\/#website"},"primaryImageOfPage":{"@id":"https:\/\/shop.noor.fi\/tuote\/lonstrup-32-seinalyhty-galvanoitu\/#primaryimage"},"image":{"@id":"https:\/\/shop.noor.fi\/tuote\/lonstrup-32-seinalyhty-galvanoitu\/#primaryimage"},"thumbnailUrl":"https:\/\/shop.noor.fi\/wp-content\/uploads\/2024\/03\/5701581253773.jpg","datePublished":"2024-03-08T13:06:08+00:00","dateModified":"2026-03-26T09:30:56+00:00","breadcrumb":{"@id":"https:\/\/shop.noor.fi\/tuote\/lonstrup-32-seinalyhty-galvanoitu\/#breadcrumb"},"inLanguage":"sv-SE","potentialAction":[{"@type":"ReadAction","target":["https:\/\/shop.noor.fi\/tuote\/lonstrup-32-seinalyhty-galvanoitu\/"]}]},{"@type":"ImageObject","inLanguage":"sv-SE","@id":"https:\/\/shop.noor.fi\/tuote\/lonstrup-32-seinalyhty-galvanoitu\/#primaryimage","url":"https:\/\/shop.noor.fi\/wp-content\/uploads\/2024\/03\/5701581253773.jpg","contentUrl":"https:\/\/shop.noor.fi\/wp-content\/uploads\/2024\/03\/5701581253773.jpg","width":2000,"height":2000},{"@type":"BreadcrumbList","@id":"https:\/\/shop.noor.fi\/tuote\/lonstrup-32-seinalyhty-galvanoitu\/#breadcrumb","itemListElement":[{"@type":"ListItem","position":1,"name":"Etusivu","item":"https:\/\/shop.noor.fi\/sv\/"},{"@type":"ListItem","position":2,"name":"Butik","item":"https:\/\/shopnoorfi-wp31835.test.cchosting.fi\/sv\/butik\/"},{"@type":"ListItem","position":3,"name":"L\u00f6nstrup 32 v\u00e4gglampa galvaniserad"}]},{"@type":"WebSite","@id":"https:\/\/shopnoorfi-wp31835.test.cchosting.fi\/#website","url":"https:\/\/shopnoorfi-wp31835.test.cchosting.fi\/","name":"Oy Noortrade Ab","description":"Finnish family owned company with over 30 years of professional experience in lighting &amp; interior products import and sales - reliably.","publisher":{"@id":"https:\/\/shopnoorfi-wp31835.test.cchosting.fi\/#organization"},"potentialAction":[{"@type":"SearchAction","target":{"@type":"EntryPoint","urlTemplate":"https:\/\/shopnoorfi-wp31835.test.cchosting.fi\/?s={search_term_string}"},"query-input":{"@type":"PropertyValueSpecification","valueRequired":true,"valueName":"search_term_string"}}],"inLanguage":"sv-SE"},{"@type":"Organization","@id":"https:\/\/shopnoorfi-wp31835.test.cchosting.fi\/#organization","name":"Oy Noortrade Ab","url":"https:\/\/shopnoorfi-wp31835.test.cchosting.fi\/","logo":{"@type":"ImageObject","inLanguage":"sv-SE","@id":"https:\/\/shopnoorfi-wp31835.test.cchosting.fi\/#\/schema\/logo\/image\/","url":"https:\/\/shop.noor.fi\/wp-content\/uploads\/2024\/01\/Oy-Noortrade-Ab-Corbel-VERSAL-bold-BLACK.png","contentUrl":"https:\/\/shop.noor.fi\/wp-content\/uploads\/2024\/01\/Oy-Noortrade-Ab-Corbel-VERSAL-bold-BLACK.png","width":721,"height":177,"caption":"Oy Noortrade Ab"},"image":{"@id":"https:\/\/shopnoorfi-wp31835.test.cchosting.fi\/#\/schema\/logo\/image\/"}}]}},"brands":[{"id":28730,"name":"Nordlux","slug":"nordlux"}],"_links":{"self":[{"href":"https:\/\/shop.noor.fi\/sv\/wp-json\/wp\/v2\/product\/103566","targetHints":{"allow":["GET"]}}],"collection":[{"href":"https:\/\/shop.noor.fi\/sv\/wp-json\/wp\/v2\/product"}],"about":[{"href":"https:\/\/shop.noor.fi\/sv\/wp-json\/wp\/v2\/types\/product"}],"replies":[{"embeddable":true,"href":"https:\/\/shop.noor.fi\/sv\/wp-json\/wp\/v2\/comments?post=103566"}],"wp:featuredmedia":[{"embeddable":true,"href":"https:\/\/shop.noor.fi\/sv\/wp-json\/wp\/v2\/media\/113358"}],"wp:attachment":[{"href":"https:\/\/shop.noor.fi\/sv\/wp-json\/wp\/v2\/media?parent=103566"}],"wp:term":[{"taxonomy":"pwb-brand","embeddable":true,"href":"https:\/\/shop.noor.fi\/sv\/wp-json\/wp\/v2\/pwb-brand?post=103566"},{"taxonomy":"product_brand","embeddable":true,"href":"https:\/\/shop.noor.fi\/sv\/wp-json\/wp\/v2\/product_brand?post=103566"},{"taxonomy":"product_cat","embeddable":true,"href":"https:\/\/shop.noor.fi\/sv\/wp-json\/wp\/v2\/product_cat?post=103566"},{"taxonomy":"product_tag","embeddable":true,"href":"https:\/\/shop.noor.fi\/sv\/wp-json\/wp\/v2\/product_tag?post=103566"}],"curies":[{"name":"wp","href":"https:\/\/api.w.org\/{rel}","templated":true}]}}