{"id":103434,"date":"2023-11-01T16:38:06","date_gmt":"2023-11-01T14:38:06","guid":{"rendered":"https:\/\/shop.noor.fi\/product\/oja-29-ip54-2700k-dim-led-plafond-tra\/"},"modified":"2026-01-20T17:21:10","modified_gmt":"2026-01-20T15:21:10","slug":"oja-29-ip54-2700k-dim-led-plafond-tra","status":"publish","type":"product","link":"https:\/\/shop.noor.fi\/sv\/produkt\/oja-29-ip54-2700k-dim-led-plafond-tra\/","title":{"rendered":"Oja 29 IP54 2700K Dim LED-plafond tr\u00e4folie"},"content":{"rendered":"<p>Oja \u00e4r en ultratunn plafond i en modern och enkel design med m\u00e5nga olika anv\u00e4ndningsomr\u00e5den. Den runda taklampan avger ett vackert och funktionellt ljus och har dessutom en h\u00f6g skyddsklass (IP54), vilket g\u00f6r den l\u00e4mplig f\u00f6r t.ex. badrummet eller k\u00e4llaren.<br \/>\nMed den dimbara funktionen kan du enkelt anpassa belysningen efter behov och situation, fr\u00e5n ett praktisk ljus till ett lugnt och st\u00e4mningsfullt.<br \/>\nFast installation, l\u00e4tt att montera.<br \/>\nIntegrerad LED, ljusk\u00e4llan \u00e4r inte utbytbar. 5 \u00e5rs LED-garanti.<\/p>\n<p>Diameter 29,4 cm<br \/>\nH\u00f6jd 2,3 cm<\/p>\n","protected":false},"excerpt":{"rendered":"<p>Oja \u00e4r en ultratunn plafond i en modern och enkel design med m\u00e5nga olika anv\u00e4ndningsomr\u00e5den. Den runda taklampan avger ett vackert och funktionellt ljus och har dessutom en h\u00f6g skyddsklass (IP54), vilket g\u00f6r den l\u00e4mplig f\u00f6r t.ex. badrummet eller k\u00e4llaren. Med den dimbara funktionen kan du enkelt anpassa belysningen efter behov och situation, fr\u00e5n ett [&hellip;]<\/p>\n","protected":false},"featured_media":48406,"comment_status":"open","ping_status":"closed","template":"","meta":{"_acf_changed":false,"_relevanssi_hide_post":"","_relevanssi_hide_content":"","_relevanssi_pin_for_all":"","_relevanssi_pin_keywords":"","_relevanssi_unpin_keywords":"","_relevanssi_related_keywords":"","_relevanssi_related_include_ids":"","_relevanssi_related_exclude_ids":"","_relevanssi_related_no_append":"","_relevanssi_related_not_related":"","_relevanssi_related_posts":"","_relevanssi_noindex_reason":""},"pwb-brand":[28730,37488],"product_brand":[],"product_cat":[31870,31866,32096,32097],"product_tag":[],"class_list":{"0":"post-103434","1":"product","2":"type-product","3":"status-publish","4":"has-post-thumbnail","6":"pwb-brand-nordlux","7":"pwb-brand-nordlux-sv","8":"product_cat-plafondit-kylpyhuoneeseen","9":"product_cat-plafondit-ja-kattovalaisimet","10":"product_cat-plafonder-och-takarmaturer","11":"product_cat-plafonder-till-badrummet","13":"first","14":"instock","15":"taxable","16":"shipping-taxable","17":"purchasable","18":"product-type-simple"},"acf":[],"yoast_head":"<!-- This site is optimized with the Yoast SEO plugin v27.5 - https:\/\/yoast.com\/product\/yoast-seo-wordpress\/ -->\n<title>Oja 29 IP54 2700K Dim LED-plafond tr\u00e4folie - Oy Noortrade Ab<\/title>\n<meta name=\"robots\" content=\"index, follow, max-snippet:-1, max-image-preview:large, max-video-preview:-1\" \/>\n<link rel=\"canonical\" href=\"https:\/\/shop.noor.fi\/sv\/produkt\/oja-29-ip54-2700k-dim-led-plafond-tra\/\" \/>\n<meta property=\"og:locale\" content=\"sv_SE\" \/>\n<meta property=\"og:type\" content=\"article\" \/>\n<meta property=\"og:title\" content=\"Oja 29 IP54 2700K Dim LED-plafond tr\u00e4folie - Oy Noortrade Ab\" \/>\n<meta property=\"og:description\" content=\"Oja \u00e4r en ultratunn plafond i en modern och enkel design med m\u00e5nga olika anv\u00e4ndningsomr\u00e5den. Den runda taklampan avger ett vackert och funktionellt ljus och har dessutom en h\u00f6g skyddsklass (IP54), vilket g\u00f6r den l\u00e4mplig f\u00f6r t.ex. badrummet eller k\u00e4llaren. Med den dimbara funktionen kan du enkelt anpassa belysningen efter behov och situation, fr\u00e5n ett [&hellip;]\" \/>\n<meta property=\"og:url\" content=\"https:\/\/shop.noor.fi\/sv\/produkt\/oja-29-ip54-2700k-dim-led-plafond-tra\/\" \/>\n<meta property=\"og:site_name\" content=\"Oy Noortrade Ab\" \/>\n<meta property=\"article:modified_time\" content=\"2026-01-20T15:21:10+00:00\" \/>\n<meta property=\"og:image\" content=\"https:\/\/shop.noor.fi\/wp-content\/uploads\/2023\/11\/5704924016400.jpg\" \/>\n\t<meta property=\"og:image:width\" content=\"1080\" \/>\n\t<meta property=\"og:image:height\" content=\"1080\" \/>\n\t<meta property=\"og:image:type\" content=\"image\/jpeg\" \/>\n<meta name=\"twitter:card\" content=\"summary_large_image\" \/>\n<script type=\"application\/ld+json\" class=\"yoast-schema-graph\">{\"@context\":\"https:\\\/\\\/schema.org\",\"@graph\":[{\"@type\":\"WebPage\",\"@id\":\"https:\\\/\\\/shop.noor.fi\\\/sv\\\/produkt\\\/oja-29-ip54-2700k-dim-led-plafond-tra\\\/\",\"url\":\"https:\\\/\\\/shop.noor.fi\\\/sv\\\/produkt\\\/oja-29-ip54-2700k-dim-led-plafond-tra\\\/\",\"name\":\"Oja 29 IP54 2700K Dim LED-plafond tr\u00e4folie - Oy Noortrade Ab\",\"isPartOf\":{\"@id\":\"https:\\\/\\\/shopnoorfi-wp31835.test.cchosting.fi\\\/#website\"},\"primaryImageOfPage\":{\"@id\":\"https:\\\/\\\/shop.noor.fi\\\/sv\\\/produkt\\\/oja-29-ip54-2700k-dim-led-plafond-tra\\\/#primaryimage\"},\"image\":{\"@id\":\"https:\\\/\\\/shop.noor.fi\\\/sv\\\/produkt\\\/oja-29-ip54-2700k-dim-led-plafond-tra\\\/#primaryimage\"},\"thumbnailUrl\":\"https:\\\/\\\/shop.noor.fi\\\/wp-content\\\/uploads\\\/2023\\\/11\\\/5704924016400.jpg\",\"datePublished\":\"2023-11-01T14:38:06+00:00\",\"dateModified\":\"2026-01-20T15:21:10+00:00\",\"breadcrumb\":{\"@id\":\"https:\\\/\\\/shop.noor.fi\\\/sv\\\/produkt\\\/oja-29-ip54-2700k-dim-led-plafond-tra\\\/#breadcrumb\"},\"inLanguage\":\"sv-SE\",\"potentialAction\":[{\"@type\":\"ReadAction\",\"target\":[\"https:\\\/\\\/shop.noor.fi\\\/sv\\\/produkt\\\/oja-29-ip54-2700k-dim-led-plafond-tra\\\/\"]}]},{\"@type\":\"ImageObject\",\"inLanguage\":\"sv-SE\",\"@id\":\"https:\\\/\\\/shop.noor.fi\\\/sv\\\/produkt\\\/oja-29-ip54-2700k-dim-led-plafond-tra\\\/#primaryimage\",\"url\":\"https:\\\/\\\/shop.noor.fi\\\/wp-content\\\/uploads\\\/2023\\\/11\\\/5704924016400.jpg\",\"contentUrl\":\"https:\\\/\\\/shop.noor.fi\\\/wp-content\\\/uploads\\\/2023\\\/11\\\/5704924016400.jpg\",\"width\":1080,\"height\":1080},{\"@type\":\"BreadcrumbList\",\"@id\":\"https:\\\/\\\/shop.noor.fi\\\/sv\\\/produkt\\\/oja-29-ip54-2700k-dim-led-plafond-tra\\\/#breadcrumb\",\"itemListElement\":[{\"@type\":\"ListItem\",\"position\":1,\"name\":\"Etusivu\",\"item\":\"https:\\\/\\\/shop.noor.fi\\\/sv\\\/\"},{\"@type\":\"ListItem\",\"position\":2,\"name\":\"Butik\",\"item\":\"https:\\\/\\\/shopnoorfi-wp31835.test.cchosting.fi\\\/sv\\\/butik\\\/\"},{\"@type\":\"ListItem\",\"position\":3,\"name\":\"Oja 29 IP54 2700K Dim LED-plafond tr\u00e4folie\"}]},{\"@type\":\"WebSite\",\"@id\":\"https:\\\/\\\/shopnoorfi-wp31835.test.cchosting.fi\\\/#website\",\"url\":\"https:\\\/\\\/shopnoorfi-wp31835.test.cchosting.fi\\\/\",\"name\":\"Oy Noortrade Ab\",\"description\":\"Finnish family owned company with over 30 years of professional experience in lighting &amp; interior products import and sales - reliably.\",\"publisher\":{\"@id\":\"https:\\\/\\\/shopnoorfi-wp31835.test.cchosting.fi\\\/#organization\"},\"potentialAction\":[{\"@type\":\"SearchAction\",\"target\":{\"@type\":\"EntryPoint\",\"urlTemplate\":\"https:\\\/\\\/shopnoorfi-wp31835.test.cchosting.fi\\\/?s={search_term_string}\"},\"query-input\":{\"@type\":\"PropertyValueSpecification\",\"valueRequired\":true,\"valueName\":\"search_term_string\"}}],\"inLanguage\":\"sv-SE\"},{\"@type\":\"Organization\",\"@id\":\"https:\\\/\\\/shopnoorfi-wp31835.test.cchosting.fi\\\/#organization\",\"name\":\"Oy Noortrade Ab\",\"url\":\"https:\\\/\\\/shopnoorfi-wp31835.test.cchosting.fi\\\/\",\"logo\":{\"@type\":\"ImageObject\",\"inLanguage\":\"sv-SE\",\"@id\":\"https:\\\/\\\/shopnoorfi-wp31835.test.cchosting.fi\\\/#\\\/schema\\\/logo\\\/image\\\/\",\"url\":\"https:\\\/\\\/shop.noor.fi\\\/wp-content\\\/uploads\\\/2024\\\/01\\\/Oy-Noortrade-Ab-Corbel-VERSAL-bold-BLACK.png\",\"contentUrl\":\"https:\\\/\\\/shop.noor.fi\\\/wp-content\\\/uploads\\\/2024\\\/01\\\/Oy-Noortrade-Ab-Corbel-VERSAL-bold-BLACK.png\",\"width\":721,\"height\":177,\"caption\":\"Oy Noortrade Ab\"},\"image\":{\"@id\":\"https:\\\/\\\/shopnoorfi-wp31835.test.cchosting.fi\\\/#\\\/schema\\\/logo\\\/image\\\/\"}}]}<\/script>\n<!-- \/ Yoast SEO plugin. -->","yoast_head_json":{"title":"Oja 29 IP54 2700K Dim LED-plafond tr\u00e4folie - Oy Noortrade Ab","robots":{"index":"index","follow":"follow","max-snippet":"max-snippet:-1","max-image-preview":"max-image-preview:large","max-video-preview":"max-video-preview:-1"},"canonical":"https:\/\/shop.noor.fi\/sv\/produkt\/oja-29-ip54-2700k-dim-led-plafond-tra\/","og_locale":"sv_SE","og_type":"article","og_title":"Oja 29 IP54 2700K Dim LED-plafond tr\u00e4folie - Oy Noortrade Ab","og_description":"Oja \u00e4r en ultratunn plafond i en modern och enkel design med m\u00e5nga olika anv\u00e4ndningsomr\u00e5den. Den runda taklampan avger ett vackert och funktionellt ljus och har dessutom en h\u00f6g skyddsklass (IP54), vilket g\u00f6r den l\u00e4mplig f\u00f6r t.ex. badrummet eller k\u00e4llaren. Med den dimbara funktionen kan du enkelt anpassa belysningen efter behov och situation, fr\u00e5n ett [&hellip;]","og_url":"https:\/\/shop.noor.fi\/sv\/produkt\/oja-29-ip54-2700k-dim-led-plafond-tra\/","og_site_name":"Oy Noortrade Ab","article_modified_time":"2026-01-20T15:21:10+00:00","og_image":[{"width":1080,"height":1080,"url":"https:\/\/shop.noor.fi\/wp-content\/uploads\/2023\/11\/5704924016400.jpg","type":"image\/jpeg"}],"twitter_card":"summary_large_image","schema":{"@context":"https:\/\/schema.org","@graph":[{"@type":"WebPage","@id":"https:\/\/shop.noor.fi\/sv\/produkt\/oja-29-ip54-2700k-dim-led-plafond-tra\/","url":"https:\/\/shop.noor.fi\/sv\/produkt\/oja-29-ip54-2700k-dim-led-plafond-tra\/","name":"Oja 29 IP54 2700K Dim LED-plafond tr\u00e4folie - Oy Noortrade Ab","isPartOf":{"@id":"https:\/\/shopnoorfi-wp31835.test.cchosting.fi\/#website"},"primaryImageOfPage":{"@id":"https:\/\/shop.noor.fi\/sv\/produkt\/oja-29-ip54-2700k-dim-led-plafond-tra\/#primaryimage"},"image":{"@id":"https:\/\/shop.noor.fi\/sv\/produkt\/oja-29-ip54-2700k-dim-led-plafond-tra\/#primaryimage"},"thumbnailUrl":"https:\/\/shop.noor.fi\/wp-content\/uploads\/2023\/11\/5704924016400.jpg","datePublished":"2023-11-01T14:38:06+00:00","dateModified":"2026-01-20T15:21:10+00:00","breadcrumb":{"@id":"https:\/\/shop.noor.fi\/sv\/produkt\/oja-29-ip54-2700k-dim-led-plafond-tra\/#breadcrumb"},"inLanguage":"sv-SE","potentialAction":[{"@type":"ReadAction","target":["https:\/\/shop.noor.fi\/sv\/produkt\/oja-29-ip54-2700k-dim-led-plafond-tra\/"]}]},{"@type":"ImageObject","inLanguage":"sv-SE","@id":"https:\/\/shop.noor.fi\/sv\/produkt\/oja-29-ip54-2700k-dim-led-plafond-tra\/#primaryimage","url":"https:\/\/shop.noor.fi\/wp-content\/uploads\/2023\/11\/5704924016400.jpg","contentUrl":"https:\/\/shop.noor.fi\/wp-content\/uploads\/2023\/11\/5704924016400.jpg","width":1080,"height":1080},{"@type":"BreadcrumbList","@id":"https:\/\/shop.noor.fi\/sv\/produkt\/oja-29-ip54-2700k-dim-led-plafond-tra\/#breadcrumb","itemListElement":[{"@type":"ListItem","position":1,"name":"Etusivu","item":"https:\/\/shop.noor.fi\/sv\/"},{"@type":"ListItem","position":2,"name":"Butik","item":"https:\/\/shopnoorfi-wp31835.test.cchosting.fi\/sv\/butik\/"},{"@type":"ListItem","position":3,"name":"Oja 29 IP54 2700K Dim LED-plafond tr\u00e4folie"}]},{"@type":"WebSite","@id":"https:\/\/shopnoorfi-wp31835.test.cchosting.fi\/#website","url":"https:\/\/shopnoorfi-wp31835.test.cchosting.fi\/","name":"Oy Noortrade Ab","description":"Finnish family owned company with over 30 years of professional experience in lighting &amp; interior products import and sales - reliably.","publisher":{"@id":"https:\/\/shopnoorfi-wp31835.test.cchosting.fi\/#organization"},"potentialAction":[{"@type":"SearchAction","target":{"@type":"EntryPoint","urlTemplate":"https:\/\/shopnoorfi-wp31835.test.cchosting.fi\/?s={search_term_string}"},"query-input":{"@type":"PropertyValueSpecification","valueRequired":true,"valueName":"search_term_string"}}],"inLanguage":"sv-SE"},{"@type":"Organization","@id":"https:\/\/shopnoorfi-wp31835.test.cchosting.fi\/#organization","name":"Oy Noortrade Ab","url":"https:\/\/shopnoorfi-wp31835.test.cchosting.fi\/","logo":{"@type":"ImageObject","inLanguage":"sv-SE","@id":"https:\/\/shopnoorfi-wp31835.test.cchosting.fi\/#\/schema\/logo\/image\/","url":"https:\/\/shop.noor.fi\/wp-content\/uploads\/2024\/01\/Oy-Noortrade-Ab-Corbel-VERSAL-bold-BLACK.png","contentUrl":"https:\/\/shop.noor.fi\/wp-content\/uploads\/2024\/01\/Oy-Noortrade-Ab-Corbel-VERSAL-bold-BLACK.png","width":721,"height":177,"caption":"Oy Noortrade Ab"},"image":{"@id":"https:\/\/shopnoorfi-wp31835.test.cchosting.fi\/#\/schema\/logo\/image\/"}}]}},"brands":[{"id":28730,"name":"Nordlux","slug":"nordlux"},{"id":37488,"name":"Nordlux","slug":"nordlux-sv"}],"_links":{"self":[{"href":"https:\/\/shop.noor.fi\/sv\/wp-json\/wp\/v2\/product\/103434","targetHints":{"allow":["GET"]}}],"collection":[{"href":"https:\/\/shop.noor.fi\/sv\/wp-json\/wp\/v2\/product"}],"about":[{"href":"https:\/\/shop.noor.fi\/sv\/wp-json\/wp\/v2\/types\/product"}],"replies":[{"embeddable":true,"href":"https:\/\/shop.noor.fi\/sv\/wp-json\/wp\/v2\/comments?post=103434"}],"wp:featuredmedia":[{"embeddable":true,"href":"https:\/\/shop.noor.fi\/sv\/wp-json\/wp\/v2\/media\/48406"}],"wp:attachment":[{"href":"https:\/\/shop.noor.fi\/sv\/wp-json\/wp\/v2\/media?parent=103434"}],"wp:term":[{"taxonomy":"pwb-brand","embeddable":true,"href":"https:\/\/shop.noor.fi\/sv\/wp-json\/wp\/v2\/pwb-brand?post=103434"},{"taxonomy":"product_brand","embeddable":true,"href":"https:\/\/shop.noor.fi\/sv\/wp-json\/wp\/v2\/product_brand?post=103434"},{"taxonomy":"product_cat","embeddable":true,"href":"https:\/\/shop.noor.fi\/sv\/wp-json\/wp\/v2\/product_cat?post=103434"},{"taxonomy":"product_tag","embeddable":true,"href":"https:\/\/shop.noor.fi\/sv\/wp-json\/wp\/v2\/product_tag?post=103434"}],"curies":[{"name":"wp","href":"https:\/\/api.w.org\/{rel}","templated":true}]}}