{"id":103419,"date":"2024-03-08T15:27:57","date_gmt":"2024-03-08T13:27:57","guid":{"rendered":"https:\/\/shop.noor.fi\/product\/canto-maxi-kubi-2-vaggarmatur-gra\/"},"modified":"2026-03-28T08:45:18","modified_gmt":"2026-03-28T06:45:18","slug":"canto-maxi-kubi-2-vaggarmatur-gra","status":"publish","type":"product","link":"https:\/\/shop.noor.fi\/sv\/produkt\/canto-maxi-kubi-2-vaggarmatur-gra\/","title":{"rendered":"Canto Maxi Kubi 2 v\u00e4ggarmatur gr\u00e5"},"content":{"rendered":"<p>Canto Maxi Kubi 2 ger en helt unik belysningsupplevelse d\u00e4r ljuset fl\u00f6dar b\u00e5de upp\u00e5t och ned\u00e5t. Den kubiska designen osar av skandinavisk minimalism och g\u00f6r lampan b\u00e5de dekorativ och skulptural. Canto Maxi Kubi kan parallellkopplas med flera lampor vilket g\u00f6r den extremt funktionell.<br \/>\nDesignad av danska B\u00f8nnelycke MDD.<br \/>\nGU10, max 2 x 28W. Ljusk\u00e4llor ing\u00e5r ej.<\/p>\n<p>Bredd 8,7 cm<br \/>\nDjup 10 cm<br \/>\nH\u00f6jd 17,2 cm<\/p>\n","protected":false},"excerpt":{"rendered":"<p>Canto Maxi Kubi 2 ger en helt unik belysningsupplevelse d\u00e4r ljuset fl\u00f6dar b\u00e5de upp\u00e5t och ned\u00e5t. Den kubiska designen osar av skandinavisk minimalism och g\u00f6r lampan b\u00e5de dekorativ och skulptural. Canto Maxi Kubi kan parallellkopplas med flera lampor vilket g\u00f6r den extremt funktionell. Designad av danska B\u00f8nnelycke MDD. GU10, max 2 x 28W. Ljusk\u00e4llor ing\u00e5r [&hellip;]<\/p>\n","protected":false},"featured_media":53901,"comment_status":"open","ping_status":"closed","template":"","meta":{"_acf_changed":false,"_relevanssi_hide_post":"","_relevanssi_hide_content":"","_relevanssi_pin_for_all":"","_relevanssi_pin_keywords":"","_relevanssi_unpin_keywords":"","_relevanssi_related_keywords":"","_relevanssi_related_include_ids":"","_relevanssi_related_exclude_ids":"","_relevanssi_related_no_append":"","_relevanssi_related_not_related":"","_relevanssi_related_posts":"","_relevanssi_noindex_reason":""},"pwb-brand":[28730],"product_brand":[],"product_cat":[31809,32193],"product_tag":[],"class_list":{"0":"post-103419","1":"product","2":"type-product","3":"status-publish","4":"has-post-thumbnail","6":"pwb-brand-nordlux","7":"product_cat-ulkoseinavalaisimet","8":"product_cat-vagglampor-sv-2","10":"first","11":"instock","12":"taxable","13":"shipping-taxable","14":"purchasable","15":"product-type-simple"},"acf":[],"yoast_head":"<!-- This site is optimized with the Yoast SEO plugin v27.5 - https:\/\/yoast.com\/product\/yoast-seo-wordpress\/ -->\n<title>Canto Maxi Kubi 2 v\u00e4ggarmatur gr\u00e5 - Oy Noortrade Ab<\/title>\n<meta name=\"robots\" content=\"index, follow, max-snippet:-1, max-image-preview:large, max-video-preview:-1\" \/>\n<link rel=\"canonical\" href=\"https:\/\/shop.noor.fi\/tuote\/canto-maxi-kubi-2-seinavalaisin-harmaa\/\" \/>\n<meta property=\"og:locale\" content=\"sv_SE\" \/>\n<meta property=\"og:type\" content=\"article\" \/>\n<meta property=\"og:title\" content=\"Canto Maxi Kubi 2 v\u00e4ggarmatur gr\u00e5 - Oy Noortrade Ab\" \/>\n<meta property=\"og:description\" content=\"Canto Maxi Kubi 2 ger en helt unik belysningsupplevelse d\u00e4r ljuset fl\u00f6dar b\u00e5de upp\u00e5t och ned\u00e5t. Den kubiska designen osar av skandinavisk minimalism och g\u00f6r lampan b\u00e5de dekorativ och skulptural. Canto Maxi Kubi kan parallellkopplas med flera lampor vilket g\u00f6r den extremt funktionell. Designad av danska B\u00f8nnelycke MDD. GU10, max 2 x 28W. Ljusk\u00e4llor ing\u00e5r [&hellip;]\" \/>\n<meta property=\"og:url\" content=\"https:\/\/shop.noor.fi\/tuote\/canto-maxi-kubi-2-seinavalaisin-harmaa\/\" \/>\n<meta property=\"og:site_name\" content=\"Oy Noortrade Ab\" \/>\n<meta property=\"article:modified_time\" content=\"2026-03-28T06:45:18+00:00\" \/>\n<meta property=\"og:image\" content=\"https:\/\/shop.noor.fi\/wp-content\/uploads\/2023\/11\/5701581476189.jpg\" \/>\n\t<meta property=\"og:image:width\" content=\"1080\" \/>\n\t<meta property=\"og:image:height\" content=\"1080\" \/>\n\t<meta property=\"og:image:type\" content=\"image\/jpeg\" \/>\n<meta name=\"twitter:card\" content=\"summary_large_image\" \/>\n<script type=\"application\/ld+json\" class=\"yoast-schema-graph\">{\"@context\":\"https:\\\/\\\/schema.org\",\"@graph\":[{\"@type\":\"WebPage\",\"@id\":\"https:\\\/\\\/shop.noor.fi\\\/tuote\\\/canto-maxi-kubi-2-seinavalaisin-harmaa\\\/\",\"url\":\"https:\\\/\\\/shop.noor.fi\\\/tuote\\\/canto-maxi-kubi-2-seinavalaisin-harmaa\\\/\",\"name\":\"Canto Maxi Kubi 2 v\u00e4ggarmatur gr\u00e5 - Oy Noortrade Ab\",\"isPartOf\":{\"@id\":\"https:\\\/\\\/shopnoorfi-wp31835.test.cchosting.fi\\\/#website\"},\"primaryImageOfPage\":{\"@id\":\"https:\\\/\\\/shop.noor.fi\\\/tuote\\\/canto-maxi-kubi-2-seinavalaisin-harmaa\\\/#primaryimage\"},\"image\":{\"@id\":\"https:\\\/\\\/shop.noor.fi\\\/tuote\\\/canto-maxi-kubi-2-seinavalaisin-harmaa\\\/#primaryimage\"},\"thumbnailUrl\":\"https:\\\/\\\/shop.noor.fi\\\/wp-content\\\/uploads\\\/2023\\\/11\\\/5701581476189.jpg\",\"datePublished\":\"2024-03-08T13:27:57+00:00\",\"dateModified\":\"2026-03-28T06:45:18+00:00\",\"breadcrumb\":{\"@id\":\"https:\\\/\\\/shop.noor.fi\\\/tuote\\\/canto-maxi-kubi-2-seinavalaisin-harmaa\\\/#breadcrumb\"},\"inLanguage\":\"sv-SE\",\"potentialAction\":[{\"@type\":\"ReadAction\",\"target\":[\"https:\\\/\\\/shop.noor.fi\\\/tuote\\\/canto-maxi-kubi-2-seinavalaisin-harmaa\\\/\"]}]},{\"@type\":\"ImageObject\",\"inLanguage\":\"sv-SE\",\"@id\":\"https:\\\/\\\/shop.noor.fi\\\/tuote\\\/canto-maxi-kubi-2-seinavalaisin-harmaa\\\/#primaryimage\",\"url\":\"https:\\\/\\\/shop.noor.fi\\\/wp-content\\\/uploads\\\/2023\\\/11\\\/5701581476189.jpg\",\"contentUrl\":\"https:\\\/\\\/shop.noor.fi\\\/wp-content\\\/uploads\\\/2023\\\/11\\\/5701581476189.jpg\",\"width\":1080,\"height\":1080},{\"@type\":\"BreadcrumbList\",\"@id\":\"https:\\\/\\\/shop.noor.fi\\\/tuote\\\/canto-maxi-kubi-2-seinavalaisin-harmaa\\\/#breadcrumb\",\"itemListElement\":[{\"@type\":\"ListItem\",\"position\":1,\"name\":\"Etusivu\",\"item\":\"https:\\\/\\\/shop.noor.fi\\\/sv\\\/\"},{\"@type\":\"ListItem\",\"position\":2,\"name\":\"Butik\",\"item\":\"https:\\\/\\\/shopnoorfi-wp31835.test.cchosting.fi\\\/sv\\\/butik\\\/\"},{\"@type\":\"ListItem\",\"position\":3,\"name\":\"Canto Maxi Kubi 2 v\u00e4ggarmatur gr\u00e5\"}]},{\"@type\":\"WebSite\",\"@id\":\"https:\\\/\\\/shopnoorfi-wp31835.test.cchosting.fi\\\/#website\",\"url\":\"https:\\\/\\\/shopnoorfi-wp31835.test.cchosting.fi\\\/\",\"name\":\"Oy Noortrade Ab\",\"description\":\"Finnish family owned company with over 30 years of professional experience in lighting &amp; interior products import and sales - reliably.\",\"publisher\":{\"@id\":\"https:\\\/\\\/shopnoorfi-wp31835.test.cchosting.fi\\\/#organization\"},\"potentialAction\":[{\"@type\":\"SearchAction\",\"target\":{\"@type\":\"EntryPoint\",\"urlTemplate\":\"https:\\\/\\\/shopnoorfi-wp31835.test.cchosting.fi\\\/?s={search_term_string}\"},\"query-input\":{\"@type\":\"PropertyValueSpecification\",\"valueRequired\":true,\"valueName\":\"search_term_string\"}}],\"inLanguage\":\"sv-SE\"},{\"@type\":\"Organization\",\"@id\":\"https:\\\/\\\/shopnoorfi-wp31835.test.cchosting.fi\\\/#organization\",\"name\":\"Oy Noortrade Ab\",\"url\":\"https:\\\/\\\/shopnoorfi-wp31835.test.cchosting.fi\\\/\",\"logo\":{\"@type\":\"ImageObject\",\"inLanguage\":\"sv-SE\",\"@id\":\"https:\\\/\\\/shopnoorfi-wp31835.test.cchosting.fi\\\/#\\\/schema\\\/logo\\\/image\\\/\",\"url\":\"https:\\\/\\\/shop.noor.fi\\\/wp-content\\\/uploads\\\/2024\\\/01\\\/Oy-Noortrade-Ab-Corbel-VERSAL-bold-BLACK.png\",\"contentUrl\":\"https:\\\/\\\/shop.noor.fi\\\/wp-content\\\/uploads\\\/2024\\\/01\\\/Oy-Noortrade-Ab-Corbel-VERSAL-bold-BLACK.png\",\"width\":721,\"height\":177,\"caption\":\"Oy Noortrade Ab\"},\"image\":{\"@id\":\"https:\\\/\\\/shopnoorfi-wp31835.test.cchosting.fi\\\/#\\\/schema\\\/logo\\\/image\\\/\"}}]}<\/script>\n<!-- \/ Yoast SEO plugin. -->","yoast_head_json":{"title":"Canto Maxi Kubi 2 v\u00e4ggarmatur gr\u00e5 - Oy Noortrade Ab","robots":{"index":"index","follow":"follow","max-snippet":"max-snippet:-1","max-image-preview":"max-image-preview:large","max-video-preview":"max-video-preview:-1"},"canonical":"https:\/\/shop.noor.fi\/tuote\/canto-maxi-kubi-2-seinavalaisin-harmaa\/","og_locale":"sv_SE","og_type":"article","og_title":"Canto Maxi Kubi 2 v\u00e4ggarmatur gr\u00e5 - Oy Noortrade Ab","og_description":"Canto Maxi Kubi 2 ger en helt unik belysningsupplevelse d\u00e4r ljuset fl\u00f6dar b\u00e5de upp\u00e5t och ned\u00e5t. Den kubiska designen osar av skandinavisk minimalism och g\u00f6r lampan b\u00e5de dekorativ och skulptural. Canto Maxi Kubi kan parallellkopplas med flera lampor vilket g\u00f6r den extremt funktionell. Designad av danska B\u00f8nnelycke MDD. GU10, max 2 x 28W. Ljusk\u00e4llor ing\u00e5r [&hellip;]","og_url":"https:\/\/shop.noor.fi\/tuote\/canto-maxi-kubi-2-seinavalaisin-harmaa\/","og_site_name":"Oy Noortrade Ab","article_modified_time":"2026-03-28T06:45:18+00:00","og_image":[{"width":1080,"height":1080,"url":"https:\/\/shop.noor.fi\/wp-content\/uploads\/2023\/11\/5701581476189.jpg","type":"image\/jpeg"}],"twitter_card":"summary_large_image","schema":{"@context":"https:\/\/schema.org","@graph":[{"@type":"WebPage","@id":"https:\/\/shop.noor.fi\/tuote\/canto-maxi-kubi-2-seinavalaisin-harmaa\/","url":"https:\/\/shop.noor.fi\/tuote\/canto-maxi-kubi-2-seinavalaisin-harmaa\/","name":"Canto Maxi Kubi 2 v\u00e4ggarmatur gr\u00e5 - Oy Noortrade Ab","isPartOf":{"@id":"https:\/\/shopnoorfi-wp31835.test.cchosting.fi\/#website"},"primaryImageOfPage":{"@id":"https:\/\/shop.noor.fi\/tuote\/canto-maxi-kubi-2-seinavalaisin-harmaa\/#primaryimage"},"image":{"@id":"https:\/\/shop.noor.fi\/tuote\/canto-maxi-kubi-2-seinavalaisin-harmaa\/#primaryimage"},"thumbnailUrl":"https:\/\/shop.noor.fi\/wp-content\/uploads\/2023\/11\/5701581476189.jpg","datePublished":"2024-03-08T13:27:57+00:00","dateModified":"2026-03-28T06:45:18+00:00","breadcrumb":{"@id":"https:\/\/shop.noor.fi\/tuote\/canto-maxi-kubi-2-seinavalaisin-harmaa\/#breadcrumb"},"inLanguage":"sv-SE","potentialAction":[{"@type":"ReadAction","target":["https:\/\/shop.noor.fi\/tuote\/canto-maxi-kubi-2-seinavalaisin-harmaa\/"]}]},{"@type":"ImageObject","inLanguage":"sv-SE","@id":"https:\/\/shop.noor.fi\/tuote\/canto-maxi-kubi-2-seinavalaisin-harmaa\/#primaryimage","url":"https:\/\/shop.noor.fi\/wp-content\/uploads\/2023\/11\/5701581476189.jpg","contentUrl":"https:\/\/shop.noor.fi\/wp-content\/uploads\/2023\/11\/5701581476189.jpg","width":1080,"height":1080},{"@type":"BreadcrumbList","@id":"https:\/\/shop.noor.fi\/tuote\/canto-maxi-kubi-2-seinavalaisin-harmaa\/#breadcrumb","itemListElement":[{"@type":"ListItem","position":1,"name":"Etusivu","item":"https:\/\/shop.noor.fi\/sv\/"},{"@type":"ListItem","position":2,"name":"Butik","item":"https:\/\/shopnoorfi-wp31835.test.cchosting.fi\/sv\/butik\/"},{"@type":"ListItem","position":3,"name":"Canto Maxi Kubi 2 v\u00e4ggarmatur gr\u00e5"}]},{"@type":"WebSite","@id":"https:\/\/shopnoorfi-wp31835.test.cchosting.fi\/#website","url":"https:\/\/shopnoorfi-wp31835.test.cchosting.fi\/","name":"Oy Noortrade Ab","description":"Finnish family owned company with over 30 years of professional experience in lighting &amp; interior products import and sales - reliably.","publisher":{"@id":"https:\/\/shopnoorfi-wp31835.test.cchosting.fi\/#organization"},"potentialAction":[{"@type":"SearchAction","target":{"@type":"EntryPoint","urlTemplate":"https:\/\/shopnoorfi-wp31835.test.cchosting.fi\/?s={search_term_string}"},"query-input":{"@type":"PropertyValueSpecification","valueRequired":true,"valueName":"search_term_string"}}],"inLanguage":"sv-SE"},{"@type":"Organization","@id":"https:\/\/shopnoorfi-wp31835.test.cchosting.fi\/#organization","name":"Oy Noortrade Ab","url":"https:\/\/shopnoorfi-wp31835.test.cchosting.fi\/","logo":{"@type":"ImageObject","inLanguage":"sv-SE","@id":"https:\/\/shopnoorfi-wp31835.test.cchosting.fi\/#\/schema\/logo\/image\/","url":"https:\/\/shop.noor.fi\/wp-content\/uploads\/2024\/01\/Oy-Noortrade-Ab-Corbel-VERSAL-bold-BLACK.png","contentUrl":"https:\/\/shop.noor.fi\/wp-content\/uploads\/2024\/01\/Oy-Noortrade-Ab-Corbel-VERSAL-bold-BLACK.png","width":721,"height":177,"caption":"Oy Noortrade Ab"},"image":{"@id":"https:\/\/shopnoorfi-wp31835.test.cchosting.fi\/#\/schema\/logo\/image\/"}}]}},"brands":[{"id":28730,"name":"Nordlux","slug":"nordlux"}],"_links":{"self":[{"href":"https:\/\/shop.noor.fi\/sv\/wp-json\/wp\/v2\/product\/103419","targetHints":{"allow":["GET"]}}],"collection":[{"href":"https:\/\/shop.noor.fi\/sv\/wp-json\/wp\/v2\/product"}],"about":[{"href":"https:\/\/shop.noor.fi\/sv\/wp-json\/wp\/v2\/types\/product"}],"replies":[{"embeddable":true,"href":"https:\/\/shop.noor.fi\/sv\/wp-json\/wp\/v2\/comments?post=103419"}],"wp:featuredmedia":[{"embeddable":true,"href":"https:\/\/shop.noor.fi\/sv\/wp-json\/wp\/v2\/media\/53901"}],"wp:attachment":[{"href":"https:\/\/shop.noor.fi\/sv\/wp-json\/wp\/v2\/media?parent=103419"}],"wp:term":[{"taxonomy":"pwb-brand","embeddable":true,"href":"https:\/\/shop.noor.fi\/sv\/wp-json\/wp\/v2\/pwb-brand?post=103419"},{"taxonomy":"product_brand","embeddable":true,"href":"https:\/\/shop.noor.fi\/sv\/wp-json\/wp\/v2\/product_brand?post=103419"},{"taxonomy":"product_cat","embeddable":true,"href":"https:\/\/shop.noor.fi\/sv\/wp-json\/wp\/v2\/product_cat?post=103419"},{"taxonomy":"product_tag","embeddable":true,"href":"https:\/\/shop.noor.fi\/sv\/wp-json\/wp\/v2\/product_tag?post=103419"}],"curies":[{"name":"wp","href":"https:\/\/api.w.org\/{rel}","templated":true}]}}