{"id":103398,"date":"2023-11-01T16:35:57","date_gmt":"2023-11-01T14:35:57","guid":{"rendered":"https:\/\/shop.noor.fi\/product\/tiaki-led-downlight-2700k-4000k-ip65-vit\/"},"modified":"2026-05-08T08:29:03","modified_gmt":"2026-05-08T05:29:03","slug":"tiaki-led-downlight-2700k-4000k-ip65-vit","status":"publish","type":"product","link":"https:\/\/shop.noor.fi\/sv\/produkt\/tiaki-led-downlight-2700k-4000k-ip65-vit\/","title":{"rendered":"Tiaki LED downlight 2700K\/4000K IP65 vit"},"content":{"rendered":"<p>Tiaki \u00e4r en rund downlight som \u00e4r l\u00e4mplig f\u00f6r badrumsbruk och kan parallelkopplas.<br \/>\nTiaki har en Moodmaker-funktion som anv\u00e4nds med en vanlig v\u00e4ggstr\u00f6mbrytare. Med denna funktion kan du v\u00e4xla mellan varmvit ljus (2700K) och 345 lm ljusfl\u00f6de och kallvit ljus (4000K) med 600 lm ljusfl\u00f6de.<br \/>\nProdukten har 5 \u00e5rs LED-garanti.<\/p>\n<p>Diameter 8,5 cm<br \/>\nH\u00f6jd 4,5 cm<br \/>\nInbyggningsh\u00e5l i diameter 7,2 cm<br \/>\nInbyggningsh\u00f6jd minst 5,5 cm<\/p>\n","protected":false},"excerpt":{"rendered":"<p>Tiaki \u00e4r en rund downlight som \u00e4r l\u00e4mplig f\u00f6r badrumsbruk och kan parallelkopplas. Tiaki har en Moodmaker-funktion som anv\u00e4nds med en vanlig v\u00e4ggstr\u00f6mbrytare. Med denna funktion kan du v\u00e4xla mellan varmvit ljus (2700K) och 345 lm ljusfl\u00f6de och kallvit ljus (4000K) med 600 lm ljusfl\u00f6de. Produkten har 5 \u00e5rs LED-garanti. Diameter 8,5 cm H\u00f6jd 4,5 [&hellip;]<\/p>\n","protected":false},"featured_media":53937,"comment_status":"open","ping_status":"closed","template":"","meta":{"_acf_changed":false,"_relevanssi_hide_post":"","_relevanssi_hide_content":"","_relevanssi_pin_for_all":"","_relevanssi_pin_keywords":"","_relevanssi_unpin_keywords":"","_relevanssi_related_keywords":"","_relevanssi_related_include_ids":"","_relevanssi_related_exclude_ids":"","_relevanssi_related_no_append":"","_relevanssi_related_not_related":"","_relevanssi_related_posts":"","_relevanssi_noindex_reason":""},"pwb-brand":[28730],"product_brand":[],"product_cat":[31991,31868],"product_tag":[],"class_list":{"0":"post-103398","1":"product","2":"type-product","3":"status-publish","4":"has-post-thumbnail","6":"pwb-brand-nordlux","7":"product_cat-downlights","8":"product_cat-alasvalot","10":"first","11":"instock","12":"taxable","13":"shipping-taxable","14":"purchasable","15":"product-type-simple"},"acf":[],"yoast_head":"<!-- This site is optimized with the Yoast SEO plugin v27.5 - https:\/\/yoast.com\/product\/yoast-seo-wordpress\/ -->\n<title>Tiaki LED downlight 2700K\/4000K IP65 vit - Oy Noortrade Ab<\/title>\n<meta name=\"robots\" content=\"index, follow, max-snippet:-1, max-image-preview:large, max-video-preview:-1\" \/>\n<link rel=\"canonical\" href=\"https:\/\/shop.noor.fi\/sv\/produkt\/tiaki-led-downlight-2700k-4000k-ip65-vit\/\" \/>\n<meta property=\"og:locale\" content=\"sv_SE\" \/>\n<meta property=\"og:type\" content=\"article\" \/>\n<meta property=\"og:title\" content=\"Tiaki LED downlight 2700K\/4000K IP65 vit - Oy Noortrade Ab\" \/>\n<meta property=\"og:description\" content=\"Tiaki \u00e4r en rund downlight som \u00e4r l\u00e4mplig f\u00f6r badrumsbruk och kan parallelkopplas. Tiaki har en Moodmaker-funktion som anv\u00e4nds med en vanlig v\u00e4ggstr\u00f6mbrytare. Med denna funktion kan du v\u00e4xla mellan varmvit ljus (2700K) och 345 lm ljusfl\u00f6de och kallvit ljus (4000K) med 600 lm ljusfl\u00f6de. Produkten har 5 \u00e5rs LED-garanti. Diameter 8,5 cm H\u00f6jd 4,5 [&hellip;]\" \/>\n<meta property=\"og:url\" content=\"https:\/\/shop.noor.fi\/sv\/produkt\/tiaki-led-downlight-2700k-4000k-ip65-vit\/\" \/>\n<meta property=\"og:site_name\" content=\"Oy Noortrade Ab\" \/>\n<meta property=\"article:modified_time\" content=\"2026-05-08T05:29:03+00:00\" \/>\n<meta property=\"og:image\" content=\"https:\/\/shop.noor.fi\/wp-content\/uploads\/2023\/11\/5701581474789.jpg\" \/>\n\t<meta property=\"og:image:width\" content=\"1080\" \/>\n\t<meta property=\"og:image:height\" content=\"1080\" \/>\n\t<meta property=\"og:image:type\" content=\"image\/jpeg\" \/>\n<meta name=\"twitter:card\" content=\"summary_large_image\" \/>\n<script type=\"application\/ld+json\" class=\"yoast-schema-graph\">{\"@context\":\"https:\\\/\\\/schema.org\",\"@graph\":[{\"@type\":\"WebPage\",\"@id\":\"https:\\\/\\\/shop.noor.fi\\\/sv\\\/produkt\\\/tiaki-led-downlight-2700k-4000k-ip65-vit\\\/\",\"url\":\"https:\\\/\\\/shop.noor.fi\\\/sv\\\/produkt\\\/tiaki-led-downlight-2700k-4000k-ip65-vit\\\/\",\"name\":\"Tiaki LED downlight 2700K\\\/4000K IP65 vit - Oy Noortrade Ab\",\"isPartOf\":{\"@id\":\"https:\\\/\\\/shopnoorfi-wp31835.test.cchosting.fi\\\/#website\"},\"primaryImageOfPage\":{\"@id\":\"https:\\\/\\\/shop.noor.fi\\\/sv\\\/produkt\\\/tiaki-led-downlight-2700k-4000k-ip65-vit\\\/#primaryimage\"},\"image\":{\"@id\":\"https:\\\/\\\/shop.noor.fi\\\/sv\\\/produkt\\\/tiaki-led-downlight-2700k-4000k-ip65-vit\\\/#primaryimage\"},\"thumbnailUrl\":\"https:\\\/\\\/shop.noor.fi\\\/wp-content\\\/uploads\\\/2023\\\/11\\\/5701581474789.jpg\",\"datePublished\":\"2023-11-01T14:35:57+00:00\",\"dateModified\":\"2026-05-08T05:29:03+00:00\",\"breadcrumb\":{\"@id\":\"https:\\\/\\\/shop.noor.fi\\\/sv\\\/produkt\\\/tiaki-led-downlight-2700k-4000k-ip65-vit\\\/#breadcrumb\"},\"inLanguage\":\"sv-SE\",\"potentialAction\":[{\"@type\":\"ReadAction\",\"target\":[\"https:\\\/\\\/shop.noor.fi\\\/sv\\\/produkt\\\/tiaki-led-downlight-2700k-4000k-ip65-vit\\\/\"]}]},{\"@type\":\"ImageObject\",\"inLanguage\":\"sv-SE\",\"@id\":\"https:\\\/\\\/shop.noor.fi\\\/sv\\\/produkt\\\/tiaki-led-downlight-2700k-4000k-ip65-vit\\\/#primaryimage\",\"url\":\"https:\\\/\\\/shop.noor.fi\\\/wp-content\\\/uploads\\\/2023\\\/11\\\/5701581474789.jpg\",\"contentUrl\":\"https:\\\/\\\/shop.noor.fi\\\/wp-content\\\/uploads\\\/2023\\\/11\\\/5701581474789.jpg\",\"width\":1080,\"height\":1080},{\"@type\":\"BreadcrumbList\",\"@id\":\"https:\\\/\\\/shop.noor.fi\\\/sv\\\/produkt\\\/tiaki-led-downlight-2700k-4000k-ip65-vit\\\/#breadcrumb\",\"itemListElement\":[{\"@type\":\"ListItem\",\"position\":1,\"name\":\"Etusivu\",\"item\":\"https:\\\/\\\/shop.noor.fi\\\/sv\\\/\"},{\"@type\":\"ListItem\",\"position\":2,\"name\":\"Butik\",\"item\":\"https:\\\/\\\/shopnoorfi-wp31835.test.cchosting.fi\\\/sv\\\/butik\\\/\"},{\"@type\":\"ListItem\",\"position\":3,\"name\":\"Tiaki LED downlight 2700K\\\/4000K IP65 vit\"}]},{\"@type\":\"WebSite\",\"@id\":\"https:\\\/\\\/shopnoorfi-wp31835.test.cchosting.fi\\\/#website\",\"url\":\"https:\\\/\\\/shopnoorfi-wp31835.test.cchosting.fi\\\/\",\"name\":\"Oy Noortrade Ab\",\"description\":\"Finnish family owned company with over 30 years of professional experience in lighting &amp; interior products import and sales - reliably.\",\"publisher\":{\"@id\":\"https:\\\/\\\/shopnoorfi-wp31835.test.cchosting.fi\\\/#organization\"},\"potentialAction\":[{\"@type\":\"SearchAction\",\"target\":{\"@type\":\"EntryPoint\",\"urlTemplate\":\"https:\\\/\\\/shopnoorfi-wp31835.test.cchosting.fi\\\/?s={search_term_string}\"},\"query-input\":{\"@type\":\"PropertyValueSpecification\",\"valueRequired\":true,\"valueName\":\"search_term_string\"}}],\"inLanguage\":\"sv-SE\"},{\"@type\":\"Organization\",\"@id\":\"https:\\\/\\\/shopnoorfi-wp31835.test.cchosting.fi\\\/#organization\",\"name\":\"Oy Noortrade Ab\",\"url\":\"https:\\\/\\\/shopnoorfi-wp31835.test.cchosting.fi\\\/\",\"logo\":{\"@type\":\"ImageObject\",\"inLanguage\":\"sv-SE\",\"@id\":\"https:\\\/\\\/shopnoorfi-wp31835.test.cchosting.fi\\\/#\\\/schema\\\/logo\\\/image\\\/\",\"url\":\"https:\\\/\\\/shop.noor.fi\\\/wp-content\\\/uploads\\\/2024\\\/01\\\/Oy-Noortrade-Ab-Corbel-VERSAL-bold-BLACK.png\",\"contentUrl\":\"https:\\\/\\\/shop.noor.fi\\\/wp-content\\\/uploads\\\/2024\\\/01\\\/Oy-Noortrade-Ab-Corbel-VERSAL-bold-BLACK.png\",\"width\":721,\"height\":177,\"caption\":\"Oy Noortrade Ab\"},\"image\":{\"@id\":\"https:\\\/\\\/shopnoorfi-wp31835.test.cchosting.fi\\\/#\\\/schema\\\/logo\\\/image\\\/\"}}]}<\/script>\n<!-- \/ Yoast SEO plugin. -->","yoast_head_json":{"title":"Tiaki LED downlight 2700K\/4000K IP65 vit - Oy Noortrade Ab","robots":{"index":"index","follow":"follow","max-snippet":"max-snippet:-1","max-image-preview":"max-image-preview:large","max-video-preview":"max-video-preview:-1"},"canonical":"https:\/\/shop.noor.fi\/sv\/produkt\/tiaki-led-downlight-2700k-4000k-ip65-vit\/","og_locale":"sv_SE","og_type":"article","og_title":"Tiaki LED downlight 2700K\/4000K IP65 vit - Oy Noortrade Ab","og_description":"Tiaki \u00e4r en rund downlight som \u00e4r l\u00e4mplig f\u00f6r badrumsbruk och kan parallelkopplas. Tiaki har en Moodmaker-funktion som anv\u00e4nds med en vanlig v\u00e4ggstr\u00f6mbrytare. Med denna funktion kan du v\u00e4xla mellan varmvit ljus (2700K) och 345 lm ljusfl\u00f6de och kallvit ljus (4000K) med 600 lm ljusfl\u00f6de. Produkten har 5 \u00e5rs LED-garanti. Diameter 8,5 cm H\u00f6jd 4,5 [&hellip;]","og_url":"https:\/\/shop.noor.fi\/sv\/produkt\/tiaki-led-downlight-2700k-4000k-ip65-vit\/","og_site_name":"Oy Noortrade Ab","article_modified_time":"2026-05-08T05:29:03+00:00","og_image":[{"width":1080,"height":1080,"url":"https:\/\/shop.noor.fi\/wp-content\/uploads\/2023\/11\/5701581474789.jpg","type":"image\/jpeg"}],"twitter_card":"summary_large_image","schema":{"@context":"https:\/\/schema.org","@graph":[{"@type":"WebPage","@id":"https:\/\/shop.noor.fi\/sv\/produkt\/tiaki-led-downlight-2700k-4000k-ip65-vit\/","url":"https:\/\/shop.noor.fi\/sv\/produkt\/tiaki-led-downlight-2700k-4000k-ip65-vit\/","name":"Tiaki LED downlight 2700K\/4000K IP65 vit - Oy Noortrade Ab","isPartOf":{"@id":"https:\/\/shopnoorfi-wp31835.test.cchosting.fi\/#website"},"primaryImageOfPage":{"@id":"https:\/\/shop.noor.fi\/sv\/produkt\/tiaki-led-downlight-2700k-4000k-ip65-vit\/#primaryimage"},"image":{"@id":"https:\/\/shop.noor.fi\/sv\/produkt\/tiaki-led-downlight-2700k-4000k-ip65-vit\/#primaryimage"},"thumbnailUrl":"https:\/\/shop.noor.fi\/wp-content\/uploads\/2023\/11\/5701581474789.jpg","datePublished":"2023-11-01T14:35:57+00:00","dateModified":"2026-05-08T05:29:03+00:00","breadcrumb":{"@id":"https:\/\/shop.noor.fi\/sv\/produkt\/tiaki-led-downlight-2700k-4000k-ip65-vit\/#breadcrumb"},"inLanguage":"sv-SE","potentialAction":[{"@type":"ReadAction","target":["https:\/\/shop.noor.fi\/sv\/produkt\/tiaki-led-downlight-2700k-4000k-ip65-vit\/"]}]},{"@type":"ImageObject","inLanguage":"sv-SE","@id":"https:\/\/shop.noor.fi\/sv\/produkt\/tiaki-led-downlight-2700k-4000k-ip65-vit\/#primaryimage","url":"https:\/\/shop.noor.fi\/wp-content\/uploads\/2023\/11\/5701581474789.jpg","contentUrl":"https:\/\/shop.noor.fi\/wp-content\/uploads\/2023\/11\/5701581474789.jpg","width":1080,"height":1080},{"@type":"BreadcrumbList","@id":"https:\/\/shop.noor.fi\/sv\/produkt\/tiaki-led-downlight-2700k-4000k-ip65-vit\/#breadcrumb","itemListElement":[{"@type":"ListItem","position":1,"name":"Etusivu","item":"https:\/\/shop.noor.fi\/sv\/"},{"@type":"ListItem","position":2,"name":"Butik","item":"https:\/\/shopnoorfi-wp31835.test.cchosting.fi\/sv\/butik\/"},{"@type":"ListItem","position":3,"name":"Tiaki LED downlight 2700K\/4000K IP65 vit"}]},{"@type":"WebSite","@id":"https:\/\/shopnoorfi-wp31835.test.cchosting.fi\/#website","url":"https:\/\/shopnoorfi-wp31835.test.cchosting.fi\/","name":"Oy Noortrade Ab","description":"Finnish family owned company with over 30 years of professional experience in lighting &amp; interior products import and sales - reliably.","publisher":{"@id":"https:\/\/shopnoorfi-wp31835.test.cchosting.fi\/#organization"},"potentialAction":[{"@type":"SearchAction","target":{"@type":"EntryPoint","urlTemplate":"https:\/\/shopnoorfi-wp31835.test.cchosting.fi\/?s={search_term_string}"},"query-input":{"@type":"PropertyValueSpecification","valueRequired":true,"valueName":"search_term_string"}}],"inLanguage":"sv-SE"},{"@type":"Organization","@id":"https:\/\/shopnoorfi-wp31835.test.cchosting.fi\/#organization","name":"Oy Noortrade Ab","url":"https:\/\/shopnoorfi-wp31835.test.cchosting.fi\/","logo":{"@type":"ImageObject","inLanguage":"sv-SE","@id":"https:\/\/shopnoorfi-wp31835.test.cchosting.fi\/#\/schema\/logo\/image\/","url":"https:\/\/shop.noor.fi\/wp-content\/uploads\/2024\/01\/Oy-Noortrade-Ab-Corbel-VERSAL-bold-BLACK.png","contentUrl":"https:\/\/shop.noor.fi\/wp-content\/uploads\/2024\/01\/Oy-Noortrade-Ab-Corbel-VERSAL-bold-BLACK.png","width":721,"height":177,"caption":"Oy Noortrade Ab"},"image":{"@id":"https:\/\/shopnoorfi-wp31835.test.cchosting.fi\/#\/schema\/logo\/image\/"}}]}},"brands":[{"id":28730,"name":"Nordlux","slug":"nordlux"}],"_links":{"self":[{"href":"https:\/\/shop.noor.fi\/sv\/wp-json\/wp\/v2\/product\/103398","targetHints":{"allow":["GET"]}}],"collection":[{"href":"https:\/\/shop.noor.fi\/sv\/wp-json\/wp\/v2\/product"}],"about":[{"href":"https:\/\/shop.noor.fi\/sv\/wp-json\/wp\/v2\/types\/product"}],"replies":[{"embeddable":true,"href":"https:\/\/shop.noor.fi\/sv\/wp-json\/wp\/v2\/comments?post=103398"}],"wp:featuredmedia":[{"embeddable":true,"href":"https:\/\/shop.noor.fi\/sv\/wp-json\/wp\/v2\/media\/53937"}],"wp:attachment":[{"href":"https:\/\/shop.noor.fi\/sv\/wp-json\/wp\/v2\/media?parent=103398"}],"wp:term":[{"taxonomy":"pwb-brand","embeddable":true,"href":"https:\/\/shop.noor.fi\/sv\/wp-json\/wp\/v2\/pwb-brand?post=103398"},{"taxonomy":"product_brand","embeddable":true,"href":"https:\/\/shop.noor.fi\/sv\/wp-json\/wp\/v2\/product_brand?post=103398"},{"taxonomy":"product_cat","embeddable":true,"href":"https:\/\/shop.noor.fi\/sv\/wp-json\/wp\/v2\/product_cat?post=103398"},{"taxonomy":"product_tag","embeddable":true,"href":"https:\/\/shop.noor.fi\/sv\/wp-json\/wp\/v2\/product_tag?post=103398"}],"curies":[{"name":"wp","href":"https:\/\/api.w.org\/{rel}","templated":true}]}}