{"id":103370,"date":"2023-11-01T16:34:12","date_gmt":"2023-11-01T14:34:12","guid":{"rendered":"https:\/\/shop.noor.fi\/product\/leonis-led-downlight-2700k-ip65-3-kit-borst-nickel\/"},"modified":"2026-03-25T18:28:01","modified_gmt":"2026-03-25T16:28:01","slug":"leonis-led-downlight-2700k-ip65-3-kit-borst-nickel","status":"publish","type":"product","link":"https:\/\/shop.noor.fi\/sv\/produkt\/leonis-led-downlight-2700k-ip65-3-kit-borst-nickel\/","title":{"rendered":"Leonis LED-downlight 2700K IP65 3-kit borst.nickel"},"content":{"rendered":"<p>Leonis \u00e4r en enkel inbyggnadsspot med l\u00e5g inbyggnadsh\u00f6jd. Spotten har integrerad LED, plastram samt ett varmvitt ljus (2700K). F\u00f6rpackningen inneh\u00e5ller tre spottar.<br \/>\nLeonis \u00e4r enkel och snabb att installera, har en flexibel inf\u00e4llningsdiameter (68\u201374 mm) och kan parallellkopplas (max 15 st).<br \/>\nDen h\u00f6ga skyddsgraden (IP65) g\u00f6r Leonis s\u00e4rskilt l\u00e4mplig f\u00f6r till exempel badrummet.<br \/>\nLjusk\u00e4llan \u00e4r en integrerad LED modul som inte kan ers\u00e4ttas. Armaturen har 5 \u00e5rs LED-garanti.<\/p>\n<p>Diameter 8,5 cm<br \/>\nH\u00f6jd 3,6 cm<br \/>\nInbyggningsh\u00f6jd minst 4,6 cm, inbyggningsh\u00e5l 6,8 &#8211; 7,4 cm i diameter<\/p>\n","protected":false},"excerpt":{"rendered":"<p>Leonis \u00e4r en enkel inbyggnadsspot med l\u00e5g inbyggnadsh\u00f6jd. Spotten har integrerad LED, plastram samt ett varmvitt ljus (2700K). F\u00f6rpackningen inneh\u00e5ller tre spottar. Leonis \u00e4r enkel och snabb att installera, har en flexibel inf\u00e4llningsdiameter (68\u201374 mm) och kan parallellkopplas (max 15 st). Den h\u00f6ga skyddsgraden (IP65) g\u00f6r Leonis s\u00e4rskilt l\u00e4mplig f\u00f6r till exempel badrummet. Ljusk\u00e4llan \u00e4r [&hellip;]<\/p>\n","protected":false},"featured_media":54135,"comment_status":"open","ping_status":"closed","template":"","meta":{"_acf_changed":false,"_relevanssi_hide_post":"","_relevanssi_hide_content":"","_relevanssi_pin_for_all":"","_relevanssi_pin_keywords":"","_relevanssi_unpin_keywords":"","_relevanssi_related_keywords":"","_relevanssi_related_include_ids":"","_relevanssi_related_exclude_ids":"","_relevanssi_related_no_append":"","_relevanssi_related_not_related":"","_relevanssi_related_posts":"","_relevanssi_noindex_reason":""},"pwb-brand":[28730,37488],"product_brand":[],"product_cat":[31991,31868],"product_tag":[],"class_list":{"0":"post-103370","1":"product","2":"type-product","3":"status-publish","4":"has-post-thumbnail","6":"pwb-brand-nordlux","7":"pwb-brand-nordlux-sv","8":"product_cat-downlights","9":"product_cat-alasvalot","11":"first","12":"instock","13":"taxable","14":"shipping-taxable","15":"purchasable","16":"product-type-simple"},"acf":[],"yoast_head":"<!-- This site is optimized with the Yoast SEO plugin v27.5 - https:\/\/yoast.com\/product\/yoast-seo-wordpress\/ -->\n<title>Leonis LED-downlight 2700K IP65 3-kit borst.nickel - Oy Noortrade Ab<\/title>\n<meta name=\"robots\" content=\"index, follow, max-snippet:-1, max-image-preview:large, max-video-preview:-1\" \/>\n<link rel=\"canonical\" href=\"https:\/\/shop.noor.fi\/tuote\/leonis-led-alasvalo-2700k-ip65-3-kit-harj-nikkeli\/\" \/>\n<meta property=\"og:locale\" content=\"sv_SE\" \/>\n<meta property=\"og:type\" content=\"article\" \/>\n<meta property=\"og:title\" content=\"Leonis LED-downlight 2700K IP65 3-kit borst.nickel - Oy Noortrade Ab\" \/>\n<meta property=\"og:description\" content=\"Leonis \u00e4r en enkel inbyggnadsspot med l\u00e5g inbyggnadsh\u00f6jd. Spotten har integrerad LED, plastram samt ett varmvitt ljus (2700K). F\u00f6rpackningen inneh\u00e5ller tre spottar. Leonis \u00e4r enkel och snabb att installera, har en flexibel inf\u00e4llningsdiameter (68\u201374 mm) och kan parallellkopplas (max 15 st). Den h\u00f6ga skyddsgraden (IP65) g\u00f6r Leonis s\u00e4rskilt l\u00e4mplig f\u00f6r till exempel badrummet. Ljusk\u00e4llan \u00e4r [&hellip;]\" \/>\n<meta property=\"og:url\" content=\"https:\/\/shop.noor.fi\/tuote\/leonis-led-alasvalo-2700k-ip65-3-kit-harj-nikkeli\/\" \/>\n<meta property=\"og:site_name\" content=\"Oy Noortrade Ab\" \/>\n<meta property=\"article:modified_time\" content=\"2026-03-25T16:28:01+00:00\" \/>\n<meta property=\"og:image\" content=\"https:\/\/shop.noor.fi\/wp-content\/uploads\/2023\/11\/5701581466388.jpg\" \/>\n\t<meta property=\"og:image:width\" content=\"1080\" \/>\n\t<meta property=\"og:image:height\" content=\"1080\" \/>\n\t<meta property=\"og:image:type\" content=\"image\/jpeg\" \/>\n<meta name=\"twitter:card\" content=\"summary_large_image\" \/>\n<script type=\"application\/ld+json\" class=\"yoast-schema-graph\">{\"@context\":\"https:\\\/\\\/schema.org\",\"@graph\":[{\"@type\":\"WebPage\",\"@id\":\"https:\\\/\\\/shop.noor.fi\\\/tuote\\\/leonis-led-alasvalo-2700k-ip65-3-kit-harj-nikkeli\\\/\",\"url\":\"https:\\\/\\\/shop.noor.fi\\\/tuote\\\/leonis-led-alasvalo-2700k-ip65-3-kit-harj-nikkeli\\\/\",\"name\":\"Leonis LED-downlight 2700K IP65 3-kit borst.nickel - Oy Noortrade Ab\",\"isPartOf\":{\"@id\":\"https:\\\/\\\/shopnoorfi-wp31835.test.cchosting.fi\\\/#website\"},\"primaryImageOfPage\":{\"@id\":\"https:\\\/\\\/shop.noor.fi\\\/tuote\\\/leonis-led-alasvalo-2700k-ip65-3-kit-harj-nikkeli\\\/#primaryimage\"},\"image\":{\"@id\":\"https:\\\/\\\/shop.noor.fi\\\/tuote\\\/leonis-led-alasvalo-2700k-ip65-3-kit-harj-nikkeli\\\/#primaryimage\"},\"thumbnailUrl\":\"https:\\\/\\\/shop.noor.fi\\\/wp-content\\\/uploads\\\/2023\\\/11\\\/5701581466388.jpg\",\"datePublished\":\"2023-11-01T14:34:12+00:00\",\"dateModified\":\"2026-03-25T16:28:01+00:00\",\"breadcrumb\":{\"@id\":\"https:\\\/\\\/shop.noor.fi\\\/tuote\\\/leonis-led-alasvalo-2700k-ip65-3-kit-harj-nikkeli\\\/#breadcrumb\"},\"inLanguage\":\"sv-SE\",\"potentialAction\":[{\"@type\":\"ReadAction\",\"target\":[\"https:\\\/\\\/shop.noor.fi\\\/tuote\\\/leonis-led-alasvalo-2700k-ip65-3-kit-harj-nikkeli\\\/\"]}]},{\"@type\":\"ImageObject\",\"inLanguage\":\"sv-SE\",\"@id\":\"https:\\\/\\\/shop.noor.fi\\\/tuote\\\/leonis-led-alasvalo-2700k-ip65-3-kit-harj-nikkeli\\\/#primaryimage\",\"url\":\"https:\\\/\\\/shop.noor.fi\\\/wp-content\\\/uploads\\\/2023\\\/11\\\/5701581466388.jpg\",\"contentUrl\":\"https:\\\/\\\/shop.noor.fi\\\/wp-content\\\/uploads\\\/2023\\\/11\\\/5701581466388.jpg\",\"width\":1080,\"height\":1080},{\"@type\":\"BreadcrumbList\",\"@id\":\"https:\\\/\\\/shop.noor.fi\\\/tuote\\\/leonis-led-alasvalo-2700k-ip65-3-kit-harj-nikkeli\\\/#breadcrumb\",\"itemListElement\":[{\"@type\":\"ListItem\",\"position\":1,\"name\":\"Etusivu\",\"item\":\"https:\\\/\\\/shop.noor.fi\\\/sv\\\/\"},{\"@type\":\"ListItem\",\"position\":2,\"name\":\"Butik\",\"item\":\"https:\\\/\\\/shopnoorfi-wp31835.test.cchosting.fi\\\/sv\\\/butik\\\/\"},{\"@type\":\"ListItem\",\"position\":3,\"name\":\"Leonis LED-downlight 2700K IP65 3-kit borst.nickel\"}]},{\"@type\":\"WebSite\",\"@id\":\"https:\\\/\\\/shopnoorfi-wp31835.test.cchosting.fi\\\/#website\",\"url\":\"https:\\\/\\\/shopnoorfi-wp31835.test.cchosting.fi\\\/\",\"name\":\"Oy Noortrade Ab\",\"description\":\"Finnish family owned company with over 30 years of professional experience in lighting &amp; interior products import and sales - reliably.\",\"publisher\":{\"@id\":\"https:\\\/\\\/shopnoorfi-wp31835.test.cchosting.fi\\\/#organization\"},\"potentialAction\":[{\"@type\":\"SearchAction\",\"target\":{\"@type\":\"EntryPoint\",\"urlTemplate\":\"https:\\\/\\\/shopnoorfi-wp31835.test.cchosting.fi\\\/?s={search_term_string}\"},\"query-input\":{\"@type\":\"PropertyValueSpecification\",\"valueRequired\":true,\"valueName\":\"search_term_string\"}}],\"inLanguage\":\"sv-SE\"},{\"@type\":\"Organization\",\"@id\":\"https:\\\/\\\/shopnoorfi-wp31835.test.cchosting.fi\\\/#organization\",\"name\":\"Oy Noortrade Ab\",\"url\":\"https:\\\/\\\/shopnoorfi-wp31835.test.cchosting.fi\\\/\",\"logo\":{\"@type\":\"ImageObject\",\"inLanguage\":\"sv-SE\",\"@id\":\"https:\\\/\\\/shopnoorfi-wp31835.test.cchosting.fi\\\/#\\\/schema\\\/logo\\\/image\\\/\",\"url\":\"https:\\\/\\\/shop.noor.fi\\\/wp-content\\\/uploads\\\/2024\\\/01\\\/Oy-Noortrade-Ab-Corbel-VERSAL-bold-BLACK.png\",\"contentUrl\":\"https:\\\/\\\/shop.noor.fi\\\/wp-content\\\/uploads\\\/2024\\\/01\\\/Oy-Noortrade-Ab-Corbel-VERSAL-bold-BLACK.png\",\"width\":721,\"height\":177,\"caption\":\"Oy Noortrade Ab\"},\"image\":{\"@id\":\"https:\\\/\\\/shopnoorfi-wp31835.test.cchosting.fi\\\/#\\\/schema\\\/logo\\\/image\\\/\"}}]}<\/script>\n<!-- \/ Yoast SEO plugin. -->","yoast_head_json":{"title":"Leonis LED-downlight 2700K IP65 3-kit borst.nickel - Oy Noortrade Ab","robots":{"index":"index","follow":"follow","max-snippet":"max-snippet:-1","max-image-preview":"max-image-preview:large","max-video-preview":"max-video-preview:-1"},"canonical":"https:\/\/shop.noor.fi\/tuote\/leonis-led-alasvalo-2700k-ip65-3-kit-harj-nikkeli\/","og_locale":"sv_SE","og_type":"article","og_title":"Leonis LED-downlight 2700K IP65 3-kit borst.nickel - Oy Noortrade Ab","og_description":"Leonis \u00e4r en enkel inbyggnadsspot med l\u00e5g inbyggnadsh\u00f6jd. Spotten har integrerad LED, plastram samt ett varmvitt ljus (2700K). F\u00f6rpackningen inneh\u00e5ller tre spottar. Leonis \u00e4r enkel och snabb att installera, har en flexibel inf\u00e4llningsdiameter (68\u201374 mm) och kan parallellkopplas (max 15 st). Den h\u00f6ga skyddsgraden (IP65) g\u00f6r Leonis s\u00e4rskilt l\u00e4mplig f\u00f6r till exempel badrummet. Ljusk\u00e4llan \u00e4r [&hellip;]","og_url":"https:\/\/shop.noor.fi\/tuote\/leonis-led-alasvalo-2700k-ip65-3-kit-harj-nikkeli\/","og_site_name":"Oy Noortrade Ab","article_modified_time":"2026-03-25T16:28:01+00:00","og_image":[{"width":1080,"height":1080,"url":"https:\/\/shop.noor.fi\/wp-content\/uploads\/2023\/11\/5701581466388.jpg","type":"image\/jpeg"}],"twitter_card":"summary_large_image","schema":{"@context":"https:\/\/schema.org","@graph":[{"@type":"WebPage","@id":"https:\/\/shop.noor.fi\/tuote\/leonis-led-alasvalo-2700k-ip65-3-kit-harj-nikkeli\/","url":"https:\/\/shop.noor.fi\/tuote\/leonis-led-alasvalo-2700k-ip65-3-kit-harj-nikkeli\/","name":"Leonis LED-downlight 2700K IP65 3-kit borst.nickel - Oy Noortrade Ab","isPartOf":{"@id":"https:\/\/shopnoorfi-wp31835.test.cchosting.fi\/#website"},"primaryImageOfPage":{"@id":"https:\/\/shop.noor.fi\/tuote\/leonis-led-alasvalo-2700k-ip65-3-kit-harj-nikkeli\/#primaryimage"},"image":{"@id":"https:\/\/shop.noor.fi\/tuote\/leonis-led-alasvalo-2700k-ip65-3-kit-harj-nikkeli\/#primaryimage"},"thumbnailUrl":"https:\/\/shop.noor.fi\/wp-content\/uploads\/2023\/11\/5701581466388.jpg","datePublished":"2023-11-01T14:34:12+00:00","dateModified":"2026-03-25T16:28:01+00:00","breadcrumb":{"@id":"https:\/\/shop.noor.fi\/tuote\/leonis-led-alasvalo-2700k-ip65-3-kit-harj-nikkeli\/#breadcrumb"},"inLanguage":"sv-SE","potentialAction":[{"@type":"ReadAction","target":["https:\/\/shop.noor.fi\/tuote\/leonis-led-alasvalo-2700k-ip65-3-kit-harj-nikkeli\/"]}]},{"@type":"ImageObject","inLanguage":"sv-SE","@id":"https:\/\/shop.noor.fi\/tuote\/leonis-led-alasvalo-2700k-ip65-3-kit-harj-nikkeli\/#primaryimage","url":"https:\/\/shop.noor.fi\/wp-content\/uploads\/2023\/11\/5701581466388.jpg","contentUrl":"https:\/\/shop.noor.fi\/wp-content\/uploads\/2023\/11\/5701581466388.jpg","width":1080,"height":1080},{"@type":"BreadcrumbList","@id":"https:\/\/shop.noor.fi\/tuote\/leonis-led-alasvalo-2700k-ip65-3-kit-harj-nikkeli\/#breadcrumb","itemListElement":[{"@type":"ListItem","position":1,"name":"Etusivu","item":"https:\/\/shop.noor.fi\/sv\/"},{"@type":"ListItem","position":2,"name":"Butik","item":"https:\/\/shopnoorfi-wp31835.test.cchosting.fi\/sv\/butik\/"},{"@type":"ListItem","position":3,"name":"Leonis LED-downlight 2700K IP65 3-kit borst.nickel"}]},{"@type":"WebSite","@id":"https:\/\/shopnoorfi-wp31835.test.cchosting.fi\/#website","url":"https:\/\/shopnoorfi-wp31835.test.cchosting.fi\/","name":"Oy Noortrade Ab","description":"Finnish family owned company with over 30 years of professional experience in lighting &amp; interior products import and sales - reliably.","publisher":{"@id":"https:\/\/shopnoorfi-wp31835.test.cchosting.fi\/#organization"},"potentialAction":[{"@type":"SearchAction","target":{"@type":"EntryPoint","urlTemplate":"https:\/\/shopnoorfi-wp31835.test.cchosting.fi\/?s={search_term_string}"},"query-input":{"@type":"PropertyValueSpecification","valueRequired":true,"valueName":"search_term_string"}}],"inLanguage":"sv-SE"},{"@type":"Organization","@id":"https:\/\/shopnoorfi-wp31835.test.cchosting.fi\/#organization","name":"Oy Noortrade Ab","url":"https:\/\/shopnoorfi-wp31835.test.cchosting.fi\/","logo":{"@type":"ImageObject","inLanguage":"sv-SE","@id":"https:\/\/shopnoorfi-wp31835.test.cchosting.fi\/#\/schema\/logo\/image\/","url":"https:\/\/shop.noor.fi\/wp-content\/uploads\/2024\/01\/Oy-Noortrade-Ab-Corbel-VERSAL-bold-BLACK.png","contentUrl":"https:\/\/shop.noor.fi\/wp-content\/uploads\/2024\/01\/Oy-Noortrade-Ab-Corbel-VERSAL-bold-BLACK.png","width":721,"height":177,"caption":"Oy Noortrade Ab"},"image":{"@id":"https:\/\/shopnoorfi-wp31835.test.cchosting.fi\/#\/schema\/logo\/image\/"}}]}},"brands":[{"id":28730,"name":"Nordlux","slug":"nordlux"},{"id":37488,"name":"Nordlux","slug":"nordlux-sv"}],"_links":{"self":[{"href":"https:\/\/shop.noor.fi\/sv\/wp-json\/wp\/v2\/product\/103370","targetHints":{"allow":["GET"]}}],"collection":[{"href":"https:\/\/shop.noor.fi\/sv\/wp-json\/wp\/v2\/product"}],"about":[{"href":"https:\/\/shop.noor.fi\/sv\/wp-json\/wp\/v2\/types\/product"}],"replies":[{"embeddable":true,"href":"https:\/\/shop.noor.fi\/sv\/wp-json\/wp\/v2\/comments?post=103370"}],"wp:featuredmedia":[{"embeddable":true,"href":"https:\/\/shop.noor.fi\/sv\/wp-json\/wp\/v2\/media\/54135"}],"wp:attachment":[{"href":"https:\/\/shop.noor.fi\/sv\/wp-json\/wp\/v2\/media?parent=103370"}],"wp:term":[{"taxonomy":"pwb-brand","embeddable":true,"href":"https:\/\/shop.noor.fi\/sv\/wp-json\/wp\/v2\/pwb-brand?post=103370"},{"taxonomy":"product_brand","embeddable":true,"href":"https:\/\/shop.noor.fi\/sv\/wp-json\/wp\/v2\/product_brand?post=103370"},{"taxonomy":"product_cat","embeddable":true,"href":"https:\/\/shop.noor.fi\/sv\/wp-json\/wp\/v2\/product_cat?post=103370"},{"taxonomy":"product_tag","embeddable":true,"href":"https:\/\/shop.noor.fi\/sv\/wp-json\/wp\/v2\/product_tag?post=103370"}],"curies":[{"name":"wp","href":"https:\/\/api.w.org\/{rel}","templated":true}]}}