{"id":103359,"date":"2023-12-18T17:30:39","date_gmt":"2023-12-18T15:30:39","guid":{"rendered":"https:\/\/shop.noor.fi\/product\/polperro-vaggarmatur-nickel\/"},"modified":"2026-01-20T17:56:30","modified_gmt":"2026-01-20T15:56:30","slug":"polperro-vaggarmatur-nickel","status":"publish","type":"product","link":"https:\/\/shop.noor.fi\/sv\/produkt\/polperro-vaggarmatur-nickel\/","title":{"rendered":"Polperro v\u00e4ggarmatur nickel"},"content":{"rendered":"<p>Polperro \u00e4r inspirerad av karga kustomr\u00e5den med brusande hav och h\u00f6ga v\u00e5gor. Den maritima designen g\u00f6r Polperro till en dekorativ och klassisk v\u00e4gglampa som passar fint vid ytterd\u00f6rren, garaget eller p\u00e5 staketet. Dessutom kan Polperro parallellkopplas, vilket g\u00f6r den extremt funktionell.<br \/>\nLampan \u00e4r tillverkad av m\u00e4ssing som har f\u00e5tt en speciell nickelbehandling, d\u00e4r nickelytan mekaniskt \u00f6verf\u00f6rs till lampan. Denna process g\u00f6r Polperro extremt t\u00e5lig och motst\u00e5ndskraftig mot milj\u00f6er med tufft v\u00e4der. 15 \u00e5rs garanti mot korrosion.<br \/>\nE27, max 12,5W. Ljusk\u00e4lla ing\u00e5r ej.<\/p>\n<p>Bredd 19,5 cm<br \/>\nDjup 9,3 cm<br \/>\nH\u00f6jd 19,5 cm<\/p>\n","protected":false},"excerpt":{"rendered":"<p>Polperro \u00e4r inspirerad av karga kustomr\u00e5den med brusande hav och h\u00f6ga v\u00e5gor. Den maritima designen g\u00f6r Polperro till en dekorativ och klassisk v\u00e4gglampa som passar fint vid ytterd\u00f6rren, garaget eller p\u00e5 staketet. Dessutom kan Polperro parallellkopplas, vilket g\u00f6r den extremt funktionell. Lampan \u00e4r tillverkad av m\u00e4ssing som har f\u00e5tt en speciell nickelbehandling, d\u00e4r nickelytan mekaniskt [&hellip;]<\/p>\n","protected":false},"featured_media":81677,"comment_status":"open","ping_status":"closed","template":"","meta":{"_acf_changed":false,"_relevanssi_hide_post":"","_relevanssi_hide_content":"","_relevanssi_pin_for_all":"","_relevanssi_pin_keywords":"","_relevanssi_unpin_keywords":"","_relevanssi_related_keywords":"","_relevanssi_related_include_ids":"","_relevanssi_related_exclude_ids":"","_relevanssi_related_no_append":"","_relevanssi_related_not_related":"","_relevanssi_related_posts":"","_relevanssi_noindex_reason":""},"pwb-brand":[28730],"product_brand":[],"product_cat":[32193],"product_tag":[],"class_list":{"0":"post-103359","1":"product","2":"type-product","3":"status-publish","4":"has-post-thumbnail","6":"pwb-brand-nordlux","7":"product_cat-vagglampor-sv-2","9":"first","10":"onbackorder","11":"taxable","12":"shipping-taxable","13":"purchasable","14":"product-type-simple"},"acf":[],"yoast_head":"<!-- This site is optimized with the Yoast SEO plugin v27.5 - https:\/\/yoast.com\/product\/yoast-seo-wordpress\/ -->\n<title>Polperro v\u00e4ggarmatur nickel - Oy Noortrade Ab<\/title>\n<meta name=\"robots\" content=\"index, follow, max-snippet:-1, max-image-preview:large, max-video-preview:-1\" \/>\n<link rel=\"canonical\" href=\"https:\/\/shop.noor.fi\/produkt\/polperro-seinavalaisin-nikkeli\/\" \/>\n<meta property=\"og:locale\" content=\"sv_SE\" \/>\n<meta property=\"og:type\" content=\"article\" \/>\n<meta property=\"og:title\" content=\"Polperro v\u00e4ggarmatur nickel - Oy Noortrade Ab\" \/>\n<meta property=\"og:description\" content=\"Polperro \u00e4r inspirerad av karga kustomr\u00e5den med brusande hav och h\u00f6ga v\u00e5gor. Den maritima designen g\u00f6r Polperro till en dekorativ och klassisk v\u00e4gglampa som passar fint vid ytterd\u00f6rren, garaget eller p\u00e5 staketet. Dessutom kan Polperro parallellkopplas, vilket g\u00f6r den extremt funktionell. Lampan \u00e4r tillverkad av m\u00e4ssing som har f\u00e5tt en speciell nickelbehandling, d\u00e4r nickelytan mekaniskt [&hellip;]\" \/>\n<meta property=\"og:url\" content=\"https:\/\/shop.noor.fi\/produkt\/polperro-seinavalaisin-nikkeli\/\" \/>\n<meta property=\"og:site_name\" content=\"Oy Noortrade Ab\" \/>\n<meta property=\"article:modified_time\" content=\"2026-01-20T15:56:30+00:00\" \/>\n<meta property=\"og:image\" content=\"https:\/\/shop.noor.fi\/wp-content\/uploads\/2024\/01\/5701581464582_3-scaled.jpg\" \/>\n\t<meta property=\"og:image:width\" content=\"2560\" \/>\n\t<meta property=\"og:image:height\" content=\"2560\" \/>\n\t<meta property=\"og:image:type\" content=\"image\/jpeg\" \/>\n<meta name=\"twitter:card\" content=\"summary_large_image\" \/>\n<meta name=\"twitter:label1\" content=\"Ber\u00e4knad l\u00e4stid\" \/>\n\t<meta name=\"twitter:data1\" content=\"1 minut\" \/>\n<script type=\"application\/ld+json\" class=\"yoast-schema-graph\">{\"@context\":\"https:\\\/\\\/schema.org\",\"@graph\":[{\"@type\":\"WebPage\",\"@id\":\"https:\\\/\\\/shop.noor.fi\\\/produkt\\\/polperro-seinavalaisin-nikkeli\\\/\",\"url\":\"https:\\\/\\\/shop.noor.fi\\\/produkt\\\/polperro-seinavalaisin-nikkeli\\\/\",\"name\":\"Polperro v\u00e4ggarmatur nickel - Oy Noortrade Ab\",\"isPartOf\":{\"@id\":\"https:\\\/\\\/shopnoorfi-wp31835.test.cchosting.fi\\\/#website\"},\"primaryImageOfPage\":{\"@id\":\"https:\\\/\\\/shop.noor.fi\\\/produkt\\\/polperro-seinavalaisin-nikkeli\\\/#primaryimage\"},\"image\":{\"@id\":\"https:\\\/\\\/shop.noor.fi\\\/produkt\\\/polperro-seinavalaisin-nikkeli\\\/#primaryimage\"},\"thumbnailUrl\":\"https:\\\/\\\/shop.noor.fi\\\/wp-content\\\/uploads\\\/2024\\\/01\\\/5701581464582_3-scaled.jpg\",\"datePublished\":\"2023-12-18T15:30:39+00:00\",\"dateModified\":\"2026-01-20T15:56:30+00:00\",\"breadcrumb\":{\"@id\":\"https:\\\/\\\/shop.noor.fi\\\/produkt\\\/polperro-seinavalaisin-nikkeli\\\/#breadcrumb\"},\"inLanguage\":\"sv-SE\",\"potentialAction\":[{\"@type\":\"ReadAction\",\"target\":[\"https:\\\/\\\/shop.noor.fi\\\/produkt\\\/polperro-seinavalaisin-nikkeli\\\/\"]}]},{\"@type\":\"ImageObject\",\"inLanguage\":\"sv-SE\",\"@id\":\"https:\\\/\\\/shop.noor.fi\\\/produkt\\\/polperro-seinavalaisin-nikkeli\\\/#primaryimage\",\"url\":\"https:\\\/\\\/shop.noor.fi\\\/wp-content\\\/uploads\\\/2024\\\/01\\\/5701581464582_3-scaled.jpg\",\"contentUrl\":\"https:\\\/\\\/shop.noor.fi\\\/wp-content\\\/uploads\\\/2024\\\/01\\\/5701581464582_3-scaled.jpg\",\"width\":2560,\"height\":2560},{\"@type\":\"BreadcrumbList\",\"@id\":\"https:\\\/\\\/shop.noor.fi\\\/produkt\\\/polperro-seinavalaisin-nikkeli\\\/#breadcrumb\",\"itemListElement\":[{\"@type\":\"ListItem\",\"position\":1,\"name\":\"Etusivu\",\"item\":\"https:\\\/\\\/shop.noor.fi\\\/sv\\\/\"},{\"@type\":\"ListItem\",\"position\":2,\"name\":\"Butik\",\"item\":\"https:\\\/\\\/shopnoorfi-wp31835.test.cchosting.fi\\\/sv\\\/butik\\\/\"},{\"@type\":\"ListItem\",\"position\":3,\"name\":\"Polperro v\u00e4ggarmatur nickel\"}]},{\"@type\":\"WebSite\",\"@id\":\"https:\\\/\\\/shopnoorfi-wp31835.test.cchosting.fi\\\/#website\",\"url\":\"https:\\\/\\\/shopnoorfi-wp31835.test.cchosting.fi\\\/\",\"name\":\"Oy Noortrade Ab\",\"description\":\"Finnish family owned company with over 30 years of professional experience in lighting &amp; interior products import and sales - reliably.\",\"publisher\":{\"@id\":\"https:\\\/\\\/shopnoorfi-wp31835.test.cchosting.fi\\\/#organization\"},\"potentialAction\":[{\"@type\":\"SearchAction\",\"target\":{\"@type\":\"EntryPoint\",\"urlTemplate\":\"https:\\\/\\\/shopnoorfi-wp31835.test.cchosting.fi\\\/?s={search_term_string}\"},\"query-input\":{\"@type\":\"PropertyValueSpecification\",\"valueRequired\":true,\"valueName\":\"search_term_string\"}}],\"inLanguage\":\"sv-SE\"},{\"@type\":\"Organization\",\"@id\":\"https:\\\/\\\/shopnoorfi-wp31835.test.cchosting.fi\\\/#organization\",\"name\":\"Oy Noortrade Ab\",\"url\":\"https:\\\/\\\/shopnoorfi-wp31835.test.cchosting.fi\\\/\",\"logo\":{\"@type\":\"ImageObject\",\"inLanguage\":\"sv-SE\",\"@id\":\"https:\\\/\\\/shopnoorfi-wp31835.test.cchosting.fi\\\/#\\\/schema\\\/logo\\\/image\\\/\",\"url\":\"https:\\\/\\\/shop.noor.fi\\\/wp-content\\\/uploads\\\/2024\\\/01\\\/Oy-Noortrade-Ab-Corbel-VERSAL-bold-BLACK.png\",\"contentUrl\":\"https:\\\/\\\/shop.noor.fi\\\/wp-content\\\/uploads\\\/2024\\\/01\\\/Oy-Noortrade-Ab-Corbel-VERSAL-bold-BLACK.png\",\"width\":721,\"height\":177,\"caption\":\"Oy Noortrade Ab\"},\"image\":{\"@id\":\"https:\\\/\\\/shopnoorfi-wp31835.test.cchosting.fi\\\/#\\\/schema\\\/logo\\\/image\\\/\"}}]}<\/script>\n<!-- \/ Yoast SEO plugin. -->","yoast_head_json":{"title":"Polperro v\u00e4ggarmatur nickel - Oy Noortrade Ab","robots":{"index":"index","follow":"follow","max-snippet":"max-snippet:-1","max-image-preview":"max-image-preview:large","max-video-preview":"max-video-preview:-1"},"canonical":"https:\/\/shop.noor.fi\/produkt\/polperro-seinavalaisin-nikkeli\/","og_locale":"sv_SE","og_type":"article","og_title":"Polperro v\u00e4ggarmatur nickel - Oy Noortrade Ab","og_description":"Polperro \u00e4r inspirerad av karga kustomr\u00e5den med brusande hav och h\u00f6ga v\u00e5gor. Den maritima designen g\u00f6r Polperro till en dekorativ och klassisk v\u00e4gglampa som passar fint vid ytterd\u00f6rren, garaget eller p\u00e5 staketet. Dessutom kan Polperro parallellkopplas, vilket g\u00f6r den extremt funktionell. Lampan \u00e4r tillverkad av m\u00e4ssing som har f\u00e5tt en speciell nickelbehandling, d\u00e4r nickelytan mekaniskt [&hellip;]","og_url":"https:\/\/shop.noor.fi\/produkt\/polperro-seinavalaisin-nikkeli\/","og_site_name":"Oy Noortrade Ab","article_modified_time":"2026-01-20T15:56:30+00:00","og_image":[{"width":2560,"height":2560,"url":"https:\/\/shop.noor.fi\/wp-content\/uploads\/2024\/01\/5701581464582_3-scaled.jpg","type":"image\/jpeg"}],"twitter_card":"summary_large_image","twitter_misc":{"Ber\u00e4knad l\u00e4stid":"1 minut"},"schema":{"@context":"https:\/\/schema.org","@graph":[{"@type":"WebPage","@id":"https:\/\/shop.noor.fi\/produkt\/polperro-seinavalaisin-nikkeli\/","url":"https:\/\/shop.noor.fi\/produkt\/polperro-seinavalaisin-nikkeli\/","name":"Polperro v\u00e4ggarmatur nickel - Oy Noortrade Ab","isPartOf":{"@id":"https:\/\/shopnoorfi-wp31835.test.cchosting.fi\/#website"},"primaryImageOfPage":{"@id":"https:\/\/shop.noor.fi\/produkt\/polperro-seinavalaisin-nikkeli\/#primaryimage"},"image":{"@id":"https:\/\/shop.noor.fi\/produkt\/polperro-seinavalaisin-nikkeli\/#primaryimage"},"thumbnailUrl":"https:\/\/shop.noor.fi\/wp-content\/uploads\/2024\/01\/5701581464582_3-scaled.jpg","datePublished":"2023-12-18T15:30:39+00:00","dateModified":"2026-01-20T15:56:30+00:00","breadcrumb":{"@id":"https:\/\/shop.noor.fi\/produkt\/polperro-seinavalaisin-nikkeli\/#breadcrumb"},"inLanguage":"sv-SE","potentialAction":[{"@type":"ReadAction","target":["https:\/\/shop.noor.fi\/produkt\/polperro-seinavalaisin-nikkeli\/"]}]},{"@type":"ImageObject","inLanguage":"sv-SE","@id":"https:\/\/shop.noor.fi\/produkt\/polperro-seinavalaisin-nikkeli\/#primaryimage","url":"https:\/\/shop.noor.fi\/wp-content\/uploads\/2024\/01\/5701581464582_3-scaled.jpg","contentUrl":"https:\/\/shop.noor.fi\/wp-content\/uploads\/2024\/01\/5701581464582_3-scaled.jpg","width":2560,"height":2560},{"@type":"BreadcrumbList","@id":"https:\/\/shop.noor.fi\/produkt\/polperro-seinavalaisin-nikkeli\/#breadcrumb","itemListElement":[{"@type":"ListItem","position":1,"name":"Etusivu","item":"https:\/\/shop.noor.fi\/sv\/"},{"@type":"ListItem","position":2,"name":"Butik","item":"https:\/\/shopnoorfi-wp31835.test.cchosting.fi\/sv\/butik\/"},{"@type":"ListItem","position":3,"name":"Polperro v\u00e4ggarmatur nickel"}]},{"@type":"WebSite","@id":"https:\/\/shopnoorfi-wp31835.test.cchosting.fi\/#website","url":"https:\/\/shopnoorfi-wp31835.test.cchosting.fi\/","name":"Oy Noortrade Ab","description":"Finnish family owned company with over 30 years of professional experience in lighting &amp; interior products import and sales - reliably.","publisher":{"@id":"https:\/\/shopnoorfi-wp31835.test.cchosting.fi\/#organization"},"potentialAction":[{"@type":"SearchAction","target":{"@type":"EntryPoint","urlTemplate":"https:\/\/shopnoorfi-wp31835.test.cchosting.fi\/?s={search_term_string}"},"query-input":{"@type":"PropertyValueSpecification","valueRequired":true,"valueName":"search_term_string"}}],"inLanguage":"sv-SE"},{"@type":"Organization","@id":"https:\/\/shopnoorfi-wp31835.test.cchosting.fi\/#organization","name":"Oy Noortrade Ab","url":"https:\/\/shopnoorfi-wp31835.test.cchosting.fi\/","logo":{"@type":"ImageObject","inLanguage":"sv-SE","@id":"https:\/\/shopnoorfi-wp31835.test.cchosting.fi\/#\/schema\/logo\/image\/","url":"https:\/\/shop.noor.fi\/wp-content\/uploads\/2024\/01\/Oy-Noortrade-Ab-Corbel-VERSAL-bold-BLACK.png","contentUrl":"https:\/\/shop.noor.fi\/wp-content\/uploads\/2024\/01\/Oy-Noortrade-Ab-Corbel-VERSAL-bold-BLACK.png","width":721,"height":177,"caption":"Oy Noortrade Ab"},"image":{"@id":"https:\/\/shopnoorfi-wp31835.test.cchosting.fi\/#\/schema\/logo\/image\/"}}]}},"brands":[{"id":28730,"name":"Nordlux","slug":"nordlux"}],"_links":{"self":[{"href":"https:\/\/shop.noor.fi\/sv\/wp-json\/wp\/v2\/product\/103359","targetHints":{"allow":["GET"]}}],"collection":[{"href":"https:\/\/shop.noor.fi\/sv\/wp-json\/wp\/v2\/product"}],"about":[{"href":"https:\/\/shop.noor.fi\/sv\/wp-json\/wp\/v2\/types\/product"}],"replies":[{"embeddable":true,"href":"https:\/\/shop.noor.fi\/sv\/wp-json\/wp\/v2\/comments?post=103359"}],"wp:featuredmedia":[{"embeddable":true,"href":"https:\/\/shop.noor.fi\/sv\/wp-json\/wp\/v2\/media\/81677"}],"wp:attachment":[{"href":"https:\/\/shop.noor.fi\/sv\/wp-json\/wp\/v2\/media?parent=103359"}],"wp:term":[{"taxonomy":"pwb-brand","embeddable":true,"href":"https:\/\/shop.noor.fi\/sv\/wp-json\/wp\/v2\/pwb-brand?post=103359"},{"taxonomy":"product_brand","embeddable":true,"href":"https:\/\/shop.noor.fi\/sv\/wp-json\/wp\/v2\/product_brand?post=103359"},{"taxonomy":"product_cat","embeddable":true,"href":"https:\/\/shop.noor.fi\/sv\/wp-json\/wp\/v2\/product_cat?post=103359"},{"taxonomy":"product_tag","embeddable":true,"href":"https:\/\/shop.noor.fi\/sv\/wp-json\/wp\/v2\/product_tag?post=103359"}],"curies":[{"name":"wp","href":"https:\/\/api.w.org\/{rel}","templated":true}]}}