{"id":103266,"date":"2023-11-01T16:28:35","date_gmt":"2023-11-01T14:28:35","guid":{"rendered":"https:\/\/shop.noor.fi\/product\/fallon-led-85w-downlight-vit\/"},"modified":"2026-03-25T14:54:52","modified_gmt":"2026-03-25T12:54:52","slug":"fallon-led-85w-downlight-vit","status":"publish","type":"product","link":"https:\/\/shop.noor.fi\/sv\/produkt\/fallon-led-85w-downlight-vit\/","title":{"rendered":"Fallon LED downlight vit"},"content":{"rendered":"<p>Fallon \u00e4r en utanp\u00e5liggande LED-downlight som passar till torra inomhusutrymmen. Den inbyggda Moodmaker-funktionen l\u00e5ter dig justera ljuset i tre steg fr\u00e5n en vanlig v\u00e4ggstr\u00f6mbrytare. Moodmaker-funktionen g\u00f6r det m\u00f6jligt att v\u00e4xla fr\u00e5n ett klart och funktionellt arbetsljus till en varm och mysig st\u00e4mning.<br \/>\nF\u00e4rgtemperaturen \u00e4r varmvit (2700K).<br \/>\nKan parallellkopplas (max 15 st).<br \/>\nLjusk\u00e4llan \u00e4r en integrerad LED modul som inte kan ers\u00e4ttas. 5 \u00e5rs LED-garanti.<\/p>\n<p>Diameter 10 cm<br \/>\nH\u00f6jd 6 cm<\/p>\n","protected":false},"excerpt":{"rendered":"<p>Fallon \u00e4r en utanp\u00e5liggande LED-downlight som passar till torra inomhusutrymmen. Den inbyggda Moodmaker-funktionen l\u00e5ter dig justera ljuset i tre steg fr\u00e5n en vanlig v\u00e4ggstr\u00f6mbrytare. Moodmaker-funktionen g\u00f6r det m\u00f6jligt att v\u00e4xla fr\u00e5n ett klart och funktionellt arbetsljus till en varm och mysig st\u00e4mning. F\u00e4rgtemperaturen \u00e4r varmvit (2700K). Kan parallellkopplas (max 15 st). Ljusk\u00e4llan \u00e4r en integrerad [&hellip;]<\/p>\n","protected":false},"featured_media":54947,"comment_status":"open","ping_status":"closed","template":"","meta":{"_acf_changed":false,"_relevanssi_hide_post":"","_relevanssi_hide_content":"","_relevanssi_pin_for_all":"","_relevanssi_pin_keywords":"","_relevanssi_unpin_keywords":"","_relevanssi_related_keywords":"","_relevanssi_related_include_ids":"","_relevanssi_related_exclude_ids":"","_relevanssi_related_no_append":"","_relevanssi_related_not_related":"","_relevanssi_related_posts":"","_relevanssi_noindex_reason":""},"pwb-brand":[28730],"product_brand":[],"product_cat":[31991,31868],"product_tag":[],"class_list":{"0":"post-103266","1":"product","2":"type-product","3":"status-publish","4":"has-post-thumbnail","6":"pwb-brand-nordlux","7":"product_cat-downlights","8":"product_cat-alasvalot","10":"first","11":"instock","12":"taxable","13":"shipping-taxable","14":"purchasable","15":"product-type-simple"},"acf":[],"yoast_head":"<!-- This site is optimized with the Yoast SEO plugin v27.5 - https:\/\/yoast.com\/product\/yoast-seo-wordpress\/ -->\n<title>Fallon LED downlight vit - Oy Noortrade Ab<\/title>\n<meta name=\"robots\" content=\"index, follow, max-snippet:-1, max-image-preview:large, max-video-preview:-1\" \/>\n<link rel=\"canonical\" href=\"https:\/\/shop.noor.fi\/tuote\/fallon-led-85w-alasvalo-valkoinen\/\" \/>\n<meta property=\"og:locale\" content=\"sv_SE\" \/>\n<meta property=\"og:type\" content=\"article\" \/>\n<meta property=\"og:title\" content=\"Fallon LED downlight vit - Oy Noortrade Ab\" \/>\n<meta property=\"og:description\" content=\"Fallon \u00e4r en utanp\u00e5liggande LED-downlight som passar till torra inomhusutrymmen. Den inbyggda Moodmaker-funktionen l\u00e5ter dig justera ljuset i tre steg fr\u00e5n en vanlig v\u00e4ggstr\u00f6mbrytare. Moodmaker-funktionen g\u00f6r det m\u00f6jligt att v\u00e4xla fr\u00e5n ett klart och funktionellt arbetsljus till en varm och mysig st\u00e4mning. F\u00e4rgtemperaturen \u00e4r varmvit (2700K). Kan parallellkopplas (max 15 st). Ljusk\u00e4llan \u00e4r en integrerad [&hellip;]\" \/>\n<meta property=\"og:url\" content=\"https:\/\/shop.noor.fi\/tuote\/fallon-led-85w-alasvalo-valkoinen\/\" \/>\n<meta property=\"og:site_name\" content=\"Oy Noortrade Ab\" \/>\n<meta property=\"article:modified_time\" content=\"2026-03-25T12:54:52+00:00\" \/>\n<meta property=\"og:image\" content=\"https:\/\/shop.noor.fi\/wp-content\/uploads\/2023\/11\/5701581415089.jpg\" \/>\n\t<meta property=\"og:image:width\" content=\"1080\" \/>\n\t<meta property=\"og:image:height\" content=\"1080\" \/>\n\t<meta property=\"og:image:type\" content=\"image\/jpeg\" \/>\n<meta name=\"twitter:card\" content=\"summary_large_image\" \/>\n<script type=\"application\/ld+json\" class=\"yoast-schema-graph\">{\"@context\":\"https:\\\/\\\/schema.org\",\"@graph\":[{\"@type\":\"WebPage\",\"@id\":\"https:\\\/\\\/shop.noor.fi\\\/tuote\\\/fallon-led-85w-alasvalo-valkoinen\\\/\",\"url\":\"https:\\\/\\\/shop.noor.fi\\\/tuote\\\/fallon-led-85w-alasvalo-valkoinen\\\/\",\"name\":\"Fallon LED downlight vit - Oy Noortrade Ab\",\"isPartOf\":{\"@id\":\"https:\\\/\\\/shopnoorfi-wp31835.test.cchosting.fi\\\/#website\"},\"primaryImageOfPage\":{\"@id\":\"https:\\\/\\\/shop.noor.fi\\\/tuote\\\/fallon-led-85w-alasvalo-valkoinen\\\/#primaryimage\"},\"image\":{\"@id\":\"https:\\\/\\\/shop.noor.fi\\\/tuote\\\/fallon-led-85w-alasvalo-valkoinen\\\/#primaryimage\"},\"thumbnailUrl\":\"https:\\\/\\\/shop.noor.fi\\\/wp-content\\\/uploads\\\/2023\\\/11\\\/5701581415089.jpg\",\"datePublished\":\"2023-11-01T14:28:35+00:00\",\"dateModified\":\"2026-03-25T12:54:52+00:00\",\"breadcrumb\":{\"@id\":\"https:\\\/\\\/shop.noor.fi\\\/tuote\\\/fallon-led-85w-alasvalo-valkoinen\\\/#breadcrumb\"},\"inLanguage\":\"sv-SE\",\"potentialAction\":[{\"@type\":\"ReadAction\",\"target\":[\"https:\\\/\\\/shop.noor.fi\\\/tuote\\\/fallon-led-85w-alasvalo-valkoinen\\\/\"]}]},{\"@type\":\"ImageObject\",\"inLanguage\":\"sv-SE\",\"@id\":\"https:\\\/\\\/shop.noor.fi\\\/tuote\\\/fallon-led-85w-alasvalo-valkoinen\\\/#primaryimage\",\"url\":\"https:\\\/\\\/shop.noor.fi\\\/wp-content\\\/uploads\\\/2023\\\/11\\\/5701581415089.jpg\",\"contentUrl\":\"https:\\\/\\\/shop.noor.fi\\\/wp-content\\\/uploads\\\/2023\\\/11\\\/5701581415089.jpg\",\"width\":1080,\"height\":1080},{\"@type\":\"BreadcrumbList\",\"@id\":\"https:\\\/\\\/shop.noor.fi\\\/tuote\\\/fallon-led-85w-alasvalo-valkoinen\\\/#breadcrumb\",\"itemListElement\":[{\"@type\":\"ListItem\",\"position\":1,\"name\":\"Etusivu\",\"item\":\"https:\\\/\\\/shop.noor.fi\\\/sv\\\/\"},{\"@type\":\"ListItem\",\"position\":2,\"name\":\"Butik\",\"item\":\"https:\\\/\\\/shopnoorfi-wp31835.test.cchosting.fi\\\/sv\\\/butik\\\/\"},{\"@type\":\"ListItem\",\"position\":3,\"name\":\"Fallon LED downlight vit\"}]},{\"@type\":\"WebSite\",\"@id\":\"https:\\\/\\\/shopnoorfi-wp31835.test.cchosting.fi\\\/#website\",\"url\":\"https:\\\/\\\/shopnoorfi-wp31835.test.cchosting.fi\\\/\",\"name\":\"Oy Noortrade Ab\",\"description\":\"Finnish family owned company with over 30 years of professional experience in lighting &amp; interior products import and sales - reliably.\",\"publisher\":{\"@id\":\"https:\\\/\\\/shopnoorfi-wp31835.test.cchosting.fi\\\/#organization\"},\"potentialAction\":[{\"@type\":\"SearchAction\",\"target\":{\"@type\":\"EntryPoint\",\"urlTemplate\":\"https:\\\/\\\/shopnoorfi-wp31835.test.cchosting.fi\\\/?s={search_term_string}\"},\"query-input\":{\"@type\":\"PropertyValueSpecification\",\"valueRequired\":true,\"valueName\":\"search_term_string\"}}],\"inLanguage\":\"sv-SE\"},{\"@type\":\"Organization\",\"@id\":\"https:\\\/\\\/shopnoorfi-wp31835.test.cchosting.fi\\\/#organization\",\"name\":\"Oy Noortrade Ab\",\"url\":\"https:\\\/\\\/shopnoorfi-wp31835.test.cchosting.fi\\\/\",\"logo\":{\"@type\":\"ImageObject\",\"inLanguage\":\"sv-SE\",\"@id\":\"https:\\\/\\\/shopnoorfi-wp31835.test.cchosting.fi\\\/#\\\/schema\\\/logo\\\/image\\\/\",\"url\":\"https:\\\/\\\/shop.noor.fi\\\/wp-content\\\/uploads\\\/2024\\\/01\\\/Oy-Noortrade-Ab-Corbel-VERSAL-bold-BLACK.png\",\"contentUrl\":\"https:\\\/\\\/shop.noor.fi\\\/wp-content\\\/uploads\\\/2024\\\/01\\\/Oy-Noortrade-Ab-Corbel-VERSAL-bold-BLACK.png\",\"width\":721,\"height\":177,\"caption\":\"Oy Noortrade Ab\"},\"image\":{\"@id\":\"https:\\\/\\\/shopnoorfi-wp31835.test.cchosting.fi\\\/#\\\/schema\\\/logo\\\/image\\\/\"}}]}<\/script>\n<!-- \/ Yoast SEO plugin. -->","yoast_head_json":{"title":"Fallon LED downlight vit - Oy Noortrade Ab","robots":{"index":"index","follow":"follow","max-snippet":"max-snippet:-1","max-image-preview":"max-image-preview:large","max-video-preview":"max-video-preview:-1"},"canonical":"https:\/\/shop.noor.fi\/tuote\/fallon-led-85w-alasvalo-valkoinen\/","og_locale":"sv_SE","og_type":"article","og_title":"Fallon LED downlight vit - Oy Noortrade Ab","og_description":"Fallon \u00e4r en utanp\u00e5liggande LED-downlight som passar till torra inomhusutrymmen. Den inbyggda Moodmaker-funktionen l\u00e5ter dig justera ljuset i tre steg fr\u00e5n en vanlig v\u00e4ggstr\u00f6mbrytare. Moodmaker-funktionen g\u00f6r det m\u00f6jligt att v\u00e4xla fr\u00e5n ett klart och funktionellt arbetsljus till en varm och mysig st\u00e4mning. F\u00e4rgtemperaturen \u00e4r varmvit (2700K). Kan parallellkopplas (max 15 st). Ljusk\u00e4llan \u00e4r en integrerad [&hellip;]","og_url":"https:\/\/shop.noor.fi\/tuote\/fallon-led-85w-alasvalo-valkoinen\/","og_site_name":"Oy Noortrade Ab","article_modified_time":"2026-03-25T12:54:52+00:00","og_image":[{"width":1080,"height":1080,"url":"https:\/\/shop.noor.fi\/wp-content\/uploads\/2023\/11\/5701581415089.jpg","type":"image\/jpeg"}],"twitter_card":"summary_large_image","schema":{"@context":"https:\/\/schema.org","@graph":[{"@type":"WebPage","@id":"https:\/\/shop.noor.fi\/tuote\/fallon-led-85w-alasvalo-valkoinen\/","url":"https:\/\/shop.noor.fi\/tuote\/fallon-led-85w-alasvalo-valkoinen\/","name":"Fallon LED downlight vit - Oy Noortrade Ab","isPartOf":{"@id":"https:\/\/shopnoorfi-wp31835.test.cchosting.fi\/#website"},"primaryImageOfPage":{"@id":"https:\/\/shop.noor.fi\/tuote\/fallon-led-85w-alasvalo-valkoinen\/#primaryimage"},"image":{"@id":"https:\/\/shop.noor.fi\/tuote\/fallon-led-85w-alasvalo-valkoinen\/#primaryimage"},"thumbnailUrl":"https:\/\/shop.noor.fi\/wp-content\/uploads\/2023\/11\/5701581415089.jpg","datePublished":"2023-11-01T14:28:35+00:00","dateModified":"2026-03-25T12:54:52+00:00","breadcrumb":{"@id":"https:\/\/shop.noor.fi\/tuote\/fallon-led-85w-alasvalo-valkoinen\/#breadcrumb"},"inLanguage":"sv-SE","potentialAction":[{"@type":"ReadAction","target":["https:\/\/shop.noor.fi\/tuote\/fallon-led-85w-alasvalo-valkoinen\/"]}]},{"@type":"ImageObject","inLanguage":"sv-SE","@id":"https:\/\/shop.noor.fi\/tuote\/fallon-led-85w-alasvalo-valkoinen\/#primaryimage","url":"https:\/\/shop.noor.fi\/wp-content\/uploads\/2023\/11\/5701581415089.jpg","contentUrl":"https:\/\/shop.noor.fi\/wp-content\/uploads\/2023\/11\/5701581415089.jpg","width":1080,"height":1080},{"@type":"BreadcrumbList","@id":"https:\/\/shop.noor.fi\/tuote\/fallon-led-85w-alasvalo-valkoinen\/#breadcrumb","itemListElement":[{"@type":"ListItem","position":1,"name":"Etusivu","item":"https:\/\/shop.noor.fi\/sv\/"},{"@type":"ListItem","position":2,"name":"Butik","item":"https:\/\/shopnoorfi-wp31835.test.cchosting.fi\/sv\/butik\/"},{"@type":"ListItem","position":3,"name":"Fallon LED downlight vit"}]},{"@type":"WebSite","@id":"https:\/\/shopnoorfi-wp31835.test.cchosting.fi\/#website","url":"https:\/\/shopnoorfi-wp31835.test.cchosting.fi\/","name":"Oy Noortrade Ab","description":"Finnish family owned company with over 30 years of professional experience in lighting &amp; interior products import and sales - reliably.","publisher":{"@id":"https:\/\/shopnoorfi-wp31835.test.cchosting.fi\/#organization"},"potentialAction":[{"@type":"SearchAction","target":{"@type":"EntryPoint","urlTemplate":"https:\/\/shopnoorfi-wp31835.test.cchosting.fi\/?s={search_term_string}"},"query-input":{"@type":"PropertyValueSpecification","valueRequired":true,"valueName":"search_term_string"}}],"inLanguage":"sv-SE"},{"@type":"Organization","@id":"https:\/\/shopnoorfi-wp31835.test.cchosting.fi\/#organization","name":"Oy Noortrade Ab","url":"https:\/\/shopnoorfi-wp31835.test.cchosting.fi\/","logo":{"@type":"ImageObject","inLanguage":"sv-SE","@id":"https:\/\/shopnoorfi-wp31835.test.cchosting.fi\/#\/schema\/logo\/image\/","url":"https:\/\/shop.noor.fi\/wp-content\/uploads\/2024\/01\/Oy-Noortrade-Ab-Corbel-VERSAL-bold-BLACK.png","contentUrl":"https:\/\/shop.noor.fi\/wp-content\/uploads\/2024\/01\/Oy-Noortrade-Ab-Corbel-VERSAL-bold-BLACK.png","width":721,"height":177,"caption":"Oy Noortrade Ab"},"image":{"@id":"https:\/\/shopnoorfi-wp31835.test.cchosting.fi\/#\/schema\/logo\/image\/"}}]}},"brands":[{"id":28730,"name":"Nordlux","slug":"nordlux"}],"_links":{"self":[{"href":"https:\/\/shop.noor.fi\/sv\/wp-json\/wp\/v2\/product\/103266","targetHints":{"allow":["GET"]}}],"collection":[{"href":"https:\/\/shop.noor.fi\/sv\/wp-json\/wp\/v2\/product"}],"about":[{"href":"https:\/\/shop.noor.fi\/sv\/wp-json\/wp\/v2\/types\/product"}],"replies":[{"embeddable":true,"href":"https:\/\/shop.noor.fi\/sv\/wp-json\/wp\/v2\/comments?post=103266"}],"wp:featuredmedia":[{"embeddable":true,"href":"https:\/\/shop.noor.fi\/sv\/wp-json\/wp\/v2\/media\/54947"}],"wp:attachment":[{"href":"https:\/\/shop.noor.fi\/sv\/wp-json\/wp\/v2\/media?parent=103266"}],"wp:term":[{"taxonomy":"pwb-brand","embeddable":true,"href":"https:\/\/shop.noor.fi\/sv\/wp-json\/wp\/v2\/pwb-brand?post=103266"},{"taxonomy":"product_brand","embeddable":true,"href":"https:\/\/shop.noor.fi\/sv\/wp-json\/wp\/v2\/product_brand?post=103266"},{"taxonomy":"product_cat","embeddable":true,"href":"https:\/\/shop.noor.fi\/sv\/wp-json\/wp\/v2\/product_cat?post=103266"},{"taxonomy":"product_tag","embeddable":true,"href":"https:\/\/shop.noor.fi\/sv\/wp-json\/wp\/v2\/product_tag?post=103266"}],"curies":[{"name":"wp","href":"https:\/\/api.w.org\/{rel}","templated":true}]}}