{"id":103167,"date":"2023-11-01T16:23:31","date_gmt":"2023-11-01T14:23:31","guid":{"rendered":"https:\/\/shop.noor.fi\/product\/eik-3-delad-spotlight-mattsvart\/"},"modified":"2026-03-24T16:25:59","modified_gmt":"2026-03-24T14:25:59","slug":"eik-3-delad-spotlight-mattsvart","status":"publish","type":"product","link":"https:\/\/shop.noor.fi\/sv\/produkt\/eik-3-delad-spotlight-mattsvart\/","title":{"rendered":"Eik 3-delad spotlight mattsvart"},"content":{"rendered":"<p>I all sin enkelhet \u00e4r Eik-serien \u00e4nd\u00e5 extremt dekorativ. Sk\u00e4rmens form skapar en behaglig lysande yta f\u00f6r ett behagligt och vackert sken. En tydlig l\u00e4tthet uppst\u00e5r mellan sk\u00e4rmen och ramen, och den justerbara sk\u00e4rmen p\u00e5 lampan resulterar i en flexibel design.<br \/>\nArmaturen har tippbara och vridbara sk\u00e4rmar f\u00f6r ett riktat ljus \u2013 perfekt f\u00f6r att lyfta fram utvalda detaljer i din inredning, oavsett om du v\u00e4ljer att montera den p\u00e5 v\u00e4ggen eller i taket.<br \/>\nGU10, max 3 x 35W. Ljusk\u00e4llor ing\u00e5r ej.<br \/>\nFast installation.<\/p>\n<p>Bredd 45 cm<br \/>\nDjup 8,5 cm<br \/>\nH\u00f6jd 15 cm<br \/>\nSk\u00e4rmarnas diameter 8,5 cm<\/p>\n","protected":false},"excerpt":{"rendered":"<p>I all sin enkelhet \u00e4r Eik-serien \u00e4nd\u00e5 extremt dekorativ. Sk\u00e4rmens form skapar en behaglig lysande yta f\u00f6r ett behagligt och vackert sken. En tydlig l\u00e4tthet uppst\u00e5r mellan sk\u00e4rmen och ramen, och den justerbara sk\u00e4rmen p\u00e5 lampan resulterar i en flexibel design. Armaturen har tippbara och vridbara sk\u00e4rmar f\u00f6r ett riktat ljus \u2013 perfekt f\u00f6r att [&hellip;]<\/p>\n","protected":false},"featured_media":50482,"comment_status":"open","ping_status":"closed","template":"","meta":{"_acf_changed":false,"_relevanssi_hide_post":"","_relevanssi_hide_content":"","_relevanssi_pin_for_all":"","_relevanssi_pin_keywords":"","_relevanssi_unpin_keywords":"","_relevanssi_related_keywords":"","_relevanssi_related_include_ids":"","_relevanssi_related_exclude_ids":"","_relevanssi_related_no_append":"","_relevanssi_related_not_related":"","_relevanssi_related_posts":"","_relevanssi_noindex_reason":""},"pwb-brand":[28730],"product_brand":[],"product_cat":[32135,31867],"product_tag":[],"class_list":{"0":"post-103167","1":"product","2":"type-product","3":"status-publish","4":"has-post-thumbnail","6":"pwb-brand-nordlux","7":"product_cat-spotlights-och-allmanljus","8":"product_cat-spotti-ja-yleisvalaisimet","10":"first","11":"instock","12":"taxable","13":"shipping-taxable","14":"purchasable","15":"product-type-simple"},"acf":[],"yoast_head":"<!-- This site is optimized with the Yoast SEO plugin v27.5 - https:\/\/yoast.com\/product\/yoast-seo-wordpress\/ -->\n<title>Eik 3-delad spotlight mattsvart - Oy Noortrade Ab<\/title>\n<meta name=\"robots\" content=\"index, follow, max-snippet:-1, max-image-preview:large, max-video-preview:-1\" \/>\n<link rel=\"canonical\" href=\"https:\/\/shop.noor.fi\/tuote\/eik-3-os-spottivalaisin-mattamusta\/\" \/>\n<meta property=\"og:locale\" content=\"sv_SE\" \/>\n<meta property=\"og:type\" content=\"article\" \/>\n<meta property=\"og:title\" content=\"Eik 3-delad spotlight mattsvart - Oy Noortrade Ab\" \/>\n<meta property=\"og:description\" content=\"I all sin enkelhet \u00e4r Eik-serien \u00e4nd\u00e5 extremt dekorativ. Sk\u00e4rmens form skapar en behaglig lysande yta f\u00f6r ett behagligt och vackert sken. En tydlig l\u00e4tthet uppst\u00e5r mellan sk\u00e4rmen och ramen, och den justerbara sk\u00e4rmen p\u00e5 lampan resulterar i en flexibel design. Armaturen har tippbara och vridbara sk\u00e4rmar f\u00f6r ett riktat ljus \u2013 perfekt f\u00f6r att [&hellip;]\" \/>\n<meta property=\"og:url\" content=\"https:\/\/shop.noor.fi\/tuote\/eik-3-os-spottivalaisin-mattamusta\/\" \/>\n<meta property=\"og:site_name\" content=\"Oy Noortrade Ab\" \/>\n<meta property=\"article:modified_time\" content=\"2026-03-24T14:25:59+00:00\" \/>\n<meta property=\"og:image\" content=\"https:\/\/shop.noor.fi\/wp-content\/uploads\/2023\/11\/5704924011498.jpg\" \/>\n\t<meta property=\"og:image:width\" content=\"1080\" \/>\n\t<meta property=\"og:image:height\" content=\"1080\" \/>\n\t<meta property=\"og:image:type\" content=\"image\/jpeg\" \/>\n<meta name=\"twitter:card\" content=\"summary_large_image\" \/>\n<meta name=\"twitter:label1\" content=\"Ber\u00e4knad l\u00e4stid\" \/>\n\t<meta name=\"twitter:data1\" content=\"1 minut\" \/>\n<script type=\"application\/ld+json\" class=\"yoast-schema-graph\">{\"@context\":\"https:\\\/\\\/schema.org\",\"@graph\":[{\"@type\":\"WebPage\",\"@id\":\"https:\\\/\\\/shop.noor.fi\\\/tuote\\\/eik-3-os-spottivalaisin-mattamusta\\\/\",\"url\":\"https:\\\/\\\/shop.noor.fi\\\/tuote\\\/eik-3-os-spottivalaisin-mattamusta\\\/\",\"name\":\"Eik 3-delad spotlight mattsvart - Oy Noortrade Ab\",\"isPartOf\":{\"@id\":\"https:\\\/\\\/shopnoorfi-wp31835.test.cchosting.fi\\\/#website\"},\"primaryImageOfPage\":{\"@id\":\"https:\\\/\\\/shop.noor.fi\\\/tuote\\\/eik-3-os-spottivalaisin-mattamusta\\\/#primaryimage\"},\"image\":{\"@id\":\"https:\\\/\\\/shop.noor.fi\\\/tuote\\\/eik-3-os-spottivalaisin-mattamusta\\\/#primaryimage\"},\"thumbnailUrl\":\"https:\\\/\\\/shop.noor.fi\\\/wp-content\\\/uploads\\\/2023\\\/11\\\/5704924011498.jpg\",\"datePublished\":\"2023-11-01T14:23:31+00:00\",\"dateModified\":\"2026-03-24T14:25:59+00:00\",\"breadcrumb\":{\"@id\":\"https:\\\/\\\/shop.noor.fi\\\/tuote\\\/eik-3-os-spottivalaisin-mattamusta\\\/#breadcrumb\"},\"inLanguage\":\"sv-SE\",\"potentialAction\":[{\"@type\":\"ReadAction\",\"target\":[\"https:\\\/\\\/shop.noor.fi\\\/tuote\\\/eik-3-os-spottivalaisin-mattamusta\\\/\"]}]},{\"@type\":\"ImageObject\",\"inLanguage\":\"sv-SE\",\"@id\":\"https:\\\/\\\/shop.noor.fi\\\/tuote\\\/eik-3-os-spottivalaisin-mattamusta\\\/#primaryimage\",\"url\":\"https:\\\/\\\/shop.noor.fi\\\/wp-content\\\/uploads\\\/2023\\\/11\\\/5704924011498.jpg\",\"contentUrl\":\"https:\\\/\\\/shop.noor.fi\\\/wp-content\\\/uploads\\\/2023\\\/11\\\/5704924011498.jpg\",\"width\":1080,\"height\":1080},{\"@type\":\"BreadcrumbList\",\"@id\":\"https:\\\/\\\/shop.noor.fi\\\/tuote\\\/eik-3-os-spottivalaisin-mattamusta\\\/#breadcrumb\",\"itemListElement\":[{\"@type\":\"ListItem\",\"position\":1,\"name\":\"Etusivu\",\"item\":\"https:\\\/\\\/shop.noor.fi\\\/sv\\\/\"},{\"@type\":\"ListItem\",\"position\":2,\"name\":\"Butik\",\"item\":\"https:\\\/\\\/shopnoorfi-wp31835.test.cchosting.fi\\\/sv\\\/butik\\\/\"},{\"@type\":\"ListItem\",\"position\":3,\"name\":\"Eik 3-delad spotlight mattsvart\"}]},{\"@type\":\"WebSite\",\"@id\":\"https:\\\/\\\/shopnoorfi-wp31835.test.cchosting.fi\\\/#website\",\"url\":\"https:\\\/\\\/shopnoorfi-wp31835.test.cchosting.fi\\\/\",\"name\":\"Oy Noortrade Ab\",\"description\":\"Finnish family owned company with over 30 years of professional experience in lighting &amp; interior products import and sales - reliably.\",\"publisher\":{\"@id\":\"https:\\\/\\\/shopnoorfi-wp31835.test.cchosting.fi\\\/#organization\"},\"potentialAction\":[{\"@type\":\"SearchAction\",\"target\":{\"@type\":\"EntryPoint\",\"urlTemplate\":\"https:\\\/\\\/shopnoorfi-wp31835.test.cchosting.fi\\\/?s={search_term_string}\"},\"query-input\":{\"@type\":\"PropertyValueSpecification\",\"valueRequired\":true,\"valueName\":\"search_term_string\"}}],\"inLanguage\":\"sv-SE\"},{\"@type\":\"Organization\",\"@id\":\"https:\\\/\\\/shopnoorfi-wp31835.test.cchosting.fi\\\/#organization\",\"name\":\"Oy Noortrade Ab\",\"url\":\"https:\\\/\\\/shopnoorfi-wp31835.test.cchosting.fi\\\/\",\"logo\":{\"@type\":\"ImageObject\",\"inLanguage\":\"sv-SE\",\"@id\":\"https:\\\/\\\/shopnoorfi-wp31835.test.cchosting.fi\\\/#\\\/schema\\\/logo\\\/image\\\/\",\"url\":\"https:\\\/\\\/shop.noor.fi\\\/wp-content\\\/uploads\\\/2024\\\/01\\\/Oy-Noortrade-Ab-Corbel-VERSAL-bold-BLACK.png\",\"contentUrl\":\"https:\\\/\\\/shop.noor.fi\\\/wp-content\\\/uploads\\\/2024\\\/01\\\/Oy-Noortrade-Ab-Corbel-VERSAL-bold-BLACK.png\",\"width\":721,\"height\":177,\"caption\":\"Oy Noortrade Ab\"},\"image\":{\"@id\":\"https:\\\/\\\/shopnoorfi-wp31835.test.cchosting.fi\\\/#\\\/schema\\\/logo\\\/image\\\/\"}}]}<\/script>\n<!-- \/ Yoast SEO plugin. -->","yoast_head_json":{"title":"Eik 3-delad spotlight mattsvart - Oy Noortrade Ab","robots":{"index":"index","follow":"follow","max-snippet":"max-snippet:-1","max-image-preview":"max-image-preview:large","max-video-preview":"max-video-preview:-1"},"canonical":"https:\/\/shop.noor.fi\/tuote\/eik-3-os-spottivalaisin-mattamusta\/","og_locale":"sv_SE","og_type":"article","og_title":"Eik 3-delad spotlight mattsvart - Oy Noortrade Ab","og_description":"I all sin enkelhet \u00e4r Eik-serien \u00e4nd\u00e5 extremt dekorativ. Sk\u00e4rmens form skapar en behaglig lysande yta f\u00f6r ett behagligt och vackert sken. En tydlig l\u00e4tthet uppst\u00e5r mellan sk\u00e4rmen och ramen, och den justerbara sk\u00e4rmen p\u00e5 lampan resulterar i en flexibel design. Armaturen har tippbara och vridbara sk\u00e4rmar f\u00f6r ett riktat ljus \u2013 perfekt f\u00f6r att [&hellip;]","og_url":"https:\/\/shop.noor.fi\/tuote\/eik-3-os-spottivalaisin-mattamusta\/","og_site_name":"Oy Noortrade Ab","article_modified_time":"2026-03-24T14:25:59+00:00","og_image":[{"width":1080,"height":1080,"url":"https:\/\/shop.noor.fi\/wp-content\/uploads\/2023\/11\/5704924011498.jpg","type":"image\/jpeg"}],"twitter_card":"summary_large_image","twitter_misc":{"Ber\u00e4knad l\u00e4stid":"1 minut"},"schema":{"@context":"https:\/\/schema.org","@graph":[{"@type":"WebPage","@id":"https:\/\/shop.noor.fi\/tuote\/eik-3-os-spottivalaisin-mattamusta\/","url":"https:\/\/shop.noor.fi\/tuote\/eik-3-os-spottivalaisin-mattamusta\/","name":"Eik 3-delad spotlight mattsvart - Oy Noortrade Ab","isPartOf":{"@id":"https:\/\/shopnoorfi-wp31835.test.cchosting.fi\/#website"},"primaryImageOfPage":{"@id":"https:\/\/shop.noor.fi\/tuote\/eik-3-os-spottivalaisin-mattamusta\/#primaryimage"},"image":{"@id":"https:\/\/shop.noor.fi\/tuote\/eik-3-os-spottivalaisin-mattamusta\/#primaryimage"},"thumbnailUrl":"https:\/\/shop.noor.fi\/wp-content\/uploads\/2023\/11\/5704924011498.jpg","datePublished":"2023-11-01T14:23:31+00:00","dateModified":"2026-03-24T14:25:59+00:00","breadcrumb":{"@id":"https:\/\/shop.noor.fi\/tuote\/eik-3-os-spottivalaisin-mattamusta\/#breadcrumb"},"inLanguage":"sv-SE","potentialAction":[{"@type":"ReadAction","target":["https:\/\/shop.noor.fi\/tuote\/eik-3-os-spottivalaisin-mattamusta\/"]}]},{"@type":"ImageObject","inLanguage":"sv-SE","@id":"https:\/\/shop.noor.fi\/tuote\/eik-3-os-spottivalaisin-mattamusta\/#primaryimage","url":"https:\/\/shop.noor.fi\/wp-content\/uploads\/2023\/11\/5704924011498.jpg","contentUrl":"https:\/\/shop.noor.fi\/wp-content\/uploads\/2023\/11\/5704924011498.jpg","width":1080,"height":1080},{"@type":"BreadcrumbList","@id":"https:\/\/shop.noor.fi\/tuote\/eik-3-os-spottivalaisin-mattamusta\/#breadcrumb","itemListElement":[{"@type":"ListItem","position":1,"name":"Etusivu","item":"https:\/\/shop.noor.fi\/sv\/"},{"@type":"ListItem","position":2,"name":"Butik","item":"https:\/\/shopnoorfi-wp31835.test.cchosting.fi\/sv\/butik\/"},{"@type":"ListItem","position":3,"name":"Eik 3-delad spotlight mattsvart"}]},{"@type":"WebSite","@id":"https:\/\/shopnoorfi-wp31835.test.cchosting.fi\/#website","url":"https:\/\/shopnoorfi-wp31835.test.cchosting.fi\/","name":"Oy Noortrade Ab","description":"Finnish family owned company with over 30 years of professional experience in lighting &amp; interior products import and sales - reliably.","publisher":{"@id":"https:\/\/shopnoorfi-wp31835.test.cchosting.fi\/#organization"},"potentialAction":[{"@type":"SearchAction","target":{"@type":"EntryPoint","urlTemplate":"https:\/\/shopnoorfi-wp31835.test.cchosting.fi\/?s={search_term_string}"},"query-input":{"@type":"PropertyValueSpecification","valueRequired":true,"valueName":"search_term_string"}}],"inLanguage":"sv-SE"},{"@type":"Organization","@id":"https:\/\/shopnoorfi-wp31835.test.cchosting.fi\/#organization","name":"Oy Noortrade Ab","url":"https:\/\/shopnoorfi-wp31835.test.cchosting.fi\/","logo":{"@type":"ImageObject","inLanguage":"sv-SE","@id":"https:\/\/shopnoorfi-wp31835.test.cchosting.fi\/#\/schema\/logo\/image\/","url":"https:\/\/shop.noor.fi\/wp-content\/uploads\/2024\/01\/Oy-Noortrade-Ab-Corbel-VERSAL-bold-BLACK.png","contentUrl":"https:\/\/shop.noor.fi\/wp-content\/uploads\/2024\/01\/Oy-Noortrade-Ab-Corbel-VERSAL-bold-BLACK.png","width":721,"height":177,"caption":"Oy Noortrade Ab"},"image":{"@id":"https:\/\/shopnoorfi-wp31835.test.cchosting.fi\/#\/schema\/logo\/image\/"}}]}},"brands":[{"id":28730,"name":"Nordlux","slug":"nordlux"}],"_links":{"self":[{"href":"https:\/\/shop.noor.fi\/sv\/wp-json\/wp\/v2\/product\/103167","targetHints":{"allow":["GET"]}}],"collection":[{"href":"https:\/\/shop.noor.fi\/sv\/wp-json\/wp\/v2\/product"}],"about":[{"href":"https:\/\/shop.noor.fi\/sv\/wp-json\/wp\/v2\/types\/product"}],"replies":[{"embeddable":true,"href":"https:\/\/shop.noor.fi\/sv\/wp-json\/wp\/v2\/comments?post=103167"}],"wp:featuredmedia":[{"embeddable":true,"href":"https:\/\/shop.noor.fi\/sv\/wp-json\/wp\/v2\/media\/50482"}],"wp:attachment":[{"href":"https:\/\/shop.noor.fi\/sv\/wp-json\/wp\/v2\/media?parent=103167"}],"wp:term":[{"taxonomy":"pwb-brand","embeddable":true,"href":"https:\/\/shop.noor.fi\/sv\/wp-json\/wp\/v2\/pwb-brand?post=103167"},{"taxonomy":"product_brand","embeddable":true,"href":"https:\/\/shop.noor.fi\/sv\/wp-json\/wp\/v2\/product_brand?post=103167"},{"taxonomy":"product_cat","embeddable":true,"href":"https:\/\/shop.noor.fi\/sv\/wp-json\/wp\/v2\/product_cat?post=103167"},{"taxonomy":"product_tag","embeddable":true,"href":"https:\/\/shop.noor.fi\/sv\/wp-json\/wp\/v2\/product_tag?post=103167"}],"curies":[{"name":"wp","href":"https:\/\/api.w.org\/{rel}","templated":true}]}}