{"id":103091,"date":"2023-11-01T16:19:48","date_gmt":"2023-11-01T14:19:48","guid":{"rendered":"https:\/\/shop.noor.fi\/product\/vejers-stolparmatur-2-m-galvaniserat-stal\/"},"modified":"2026-03-24T15:00:50","modified_gmt":"2026-03-24T13:00:50","slug":"vejers-stolparmatur-2-m-galvaniserat-stal","status":"publish","type":"product","link":"https:\/\/shop.noor.fi\/sv\/produkt\/vejers-stolparmatur-2-m-galvaniserat-stal\/","title":{"rendered":"Vejers stolparmatur 2 m galvaniserat st\u00e5l"},"content":{"rendered":"<p>En klassisk pollare som \u00e4r perfekt f\u00f6r t.ex. uppfarten, vid entr\u00e9n, p\u00e5 terrassen eller i tr\u00e4dg\u00e5rden. Justerbar h\u00f6jd 130-200 cm.<br \/>\nE27, max 60W. Ljusk\u00e4lla ing\u00e5r ej.<br \/>\nKan parallelkopplas.<br \/>\nTillverkad av slitstarkt galvaniserat st\u00e5l som \u00e4r v\u00e4l l\u00e4mpat f\u00f6r h\u00e5rt v\u00e4der, t.ex. f\u00f6r kustn\u00e4ra omr\u00e5den. 15 \u00e5rs garanti mot korrosion.<\/p>\n<p>Diameter 39 cm<br \/>\nH\u00f6jd 130-200 cm<br \/>\nR\u00f6rdiameter 7,4 cm<br \/>\nBasm\u00e5tt 15 cm<\/p>\n<p>Kan monteras p\u00e5 Nordlux Base (NL-22039931).<\/p>\n","protected":false},"excerpt":{"rendered":"<p>En klassisk pollare som \u00e4r perfekt f\u00f6r t.ex. uppfarten, vid entr\u00e9n, p\u00e5 terrassen eller i tr\u00e4dg\u00e5rden. Justerbar h\u00f6jd 130-200 cm. E27, max 60W. Ljusk\u00e4lla ing\u00e5r ej. Kan parallelkopplas. Tillverkad av slitstarkt galvaniserat st\u00e5l som \u00e4r v\u00e4l l\u00e4mpat f\u00f6r h\u00e5rt v\u00e4der, t.ex. f\u00f6r kustn\u00e4ra omr\u00e5den. 15 \u00e5rs garanti mot korrosion. Diameter 39 cm H\u00f6jd 130-200 cm [&hellip;]<\/p>\n","protected":false},"featured_media":87149,"comment_status":"open","ping_status":"closed","template":"","meta":{"_acf_changed":false,"_relevanssi_hide_post":"","_relevanssi_hide_content":"","_relevanssi_pin_for_all":"","_relevanssi_pin_keywords":"","_relevanssi_unpin_keywords":"","_relevanssi_related_keywords":"","_relevanssi_related_include_ids":"","_relevanssi_related_exclude_ids":"","_relevanssi_related_no_append":"","_relevanssi_related_not_related":"","_relevanssi_related_posts":"","_relevanssi_noindex_reason":""},"pwb-brand":[28730],"product_brand":[],"product_cat":[31889,32108],"product_tag":[],"class_list":{"0":"post-103091","1":"product","2":"type-product","3":"status-publish","4":"has-post-thumbnail","6":"pwb-brand-nordlux","7":"product_cat-puistovalaisimet","8":"product_cat-parklampor","10":"first","11":"onbackorder","12":"taxable","13":"shipping-taxable","14":"purchasable","15":"product-type-simple"},"acf":[],"yoast_head":"<!-- This site is optimized with the Yoast SEO plugin v27.5 - https:\/\/yoast.com\/product\/yoast-seo-wordpress\/ -->\n<title>Vejers stolparmatur 2 m galvaniserat st\u00e5l - Oy Noortrade Ab<\/title>\n<meta name=\"robots\" content=\"index, follow, max-snippet:-1, max-image-preview:large, max-video-preview:-1\" \/>\n<link rel=\"canonical\" href=\"https:\/\/shop.noor.fi\/tuote\/vejers-pylvasvalaisin-2-m-galvanoitu\/\" \/>\n<meta property=\"og:locale\" content=\"sv_SE\" \/>\n<meta property=\"og:type\" content=\"article\" \/>\n<meta property=\"og:title\" content=\"Vejers stolparmatur 2 m galvaniserat st\u00e5l - Oy Noortrade Ab\" \/>\n<meta property=\"og:description\" content=\"En klassisk pollare som \u00e4r perfekt f\u00f6r t.ex. uppfarten, vid entr\u00e9n, p\u00e5 terrassen eller i tr\u00e4dg\u00e5rden. Justerbar h\u00f6jd 130-200 cm. E27, max 60W. Ljusk\u00e4lla ing\u00e5r ej. Kan parallelkopplas. Tillverkad av slitstarkt galvaniserat st\u00e5l som \u00e4r v\u00e4l l\u00e4mpat f\u00f6r h\u00e5rt v\u00e4der, t.ex. f\u00f6r kustn\u00e4ra omr\u00e5den. 15 \u00e5rs garanti mot korrosion. Diameter 39 cm H\u00f6jd 130-200 cm [&hellip;]\" \/>\n<meta property=\"og:url\" content=\"https:\/\/shop.noor.fi\/tuote\/vejers-pylvasvalaisin-2-m-galvanoitu\/\" \/>\n<meta property=\"og:site_name\" content=\"Oy Noortrade Ab\" \/>\n<meta property=\"article:modified_time\" content=\"2026-03-24T13:00:50+00:00\" \/>\n<meta property=\"og:image\" content=\"https:\/\/shop.noor.fi\/wp-content\/uploads\/2023\/11\/5701581228573.jpg\" \/>\n\t<meta property=\"og:image:width\" content=\"2560\" \/>\n\t<meta property=\"og:image:height\" content=\"2560\" \/>\n\t<meta property=\"og:image:type\" content=\"image\/jpeg\" \/>\n<meta name=\"twitter:card\" content=\"summary_large_image\" \/>\n<script type=\"application\/ld+json\" class=\"yoast-schema-graph\">{\"@context\":\"https:\\\/\\\/schema.org\",\"@graph\":[{\"@type\":\"WebPage\",\"@id\":\"https:\\\/\\\/shop.noor.fi\\\/tuote\\\/vejers-pylvasvalaisin-2-m-galvanoitu\\\/\",\"url\":\"https:\\\/\\\/shop.noor.fi\\\/tuote\\\/vejers-pylvasvalaisin-2-m-galvanoitu\\\/\",\"name\":\"Vejers stolparmatur 2 m galvaniserat st\u00e5l - Oy Noortrade Ab\",\"isPartOf\":{\"@id\":\"https:\\\/\\\/shopnoorfi-wp31835.test.cchosting.fi\\\/#website\"},\"primaryImageOfPage\":{\"@id\":\"https:\\\/\\\/shop.noor.fi\\\/tuote\\\/vejers-pylvasvalaisin-2-m-galvanoitu\\\/#primaryimage\"},\"image\":{\"@id\":\"https:\\\/\\\/shop.noor.fi\\\/tuote\\\/vejers-pylvasvalaisin-2-m-galvanoitu\\\/#primaryimage\"},\"thumbnailUrl\":\"https:\\\/\\\/shop.noor.fi\\\/wp-content\\\/uploads\\\/2023\\\/11\\\/5701581228573.jpg\",\"datePublished\":\"2023-11-01T14:19:48+00:00\",\"dateModified\":\"2026-03-24T13:00:50+00:00\",\"breadcrumb\":{\"@id\":\"https:\\\/\\\/shop.noor.fi\\\/tuote\\\/vejers-pylvasvalaisin-2-m-galvanoitu\\\/#breadcrumb\"},\"inLanguage\":\"sv-SE\",\"potentialAction\":[{\"@type\":\"ReadAction\",\"target\":[\"https:\\\/\\\/shop.noor.fi\\\/tuote\\\/vejers-pylvasvalaisin-2-m-galvanoitu\\\/\"]}]},{\"@type\":\"ImageObject\",\"inLanguage\":\"sv-SE\",\"@id\":\"https:\\\/\\\/shop.noor.fi\\\/tuote\\\/vejers-pylvasvalaisin-2-m-galvanoitu\\\/#primaryimage\",\"url\":\"https:\\\/\\\/shop.noor.fi\\\/wp-content\\\/uploads\\\/2023\\\/11\\\/5701581228573.jpg\",\"contentUrl\":\"https:\\\/\\\/shop.noor.fi\\\/wp-content\\\/uploads\\\/2023\\\/11\\\/5701581228573.jpg\",\"width\":2560,\"height\":2560},{\"@type\":\"BreadcrumbList\",\"@id\":\"https:\\\/\\\/shop.noor.fi\\\/tuote\\\/vejers-pylvasvalaisin-2-m-galvanoitu\\\/#breadcrumb\",\"itemListElement\":[{\"@type\":\"ListItem\",\"position\":1,\"name\":\"Etusivu\",\"item\":\"https:\\\/\\\/shop.noor.fi\\\/sv\\\/\"},{\"@type\":\"ListItem\",\"position\":2,\"name\":\"Butik\",\"item\":\"https:\\\/\\\/shopnoorfi-wp31835.test.cchosting.fi\\\/sv\\\/butik\\\/\"},{\"@type\":\"ListItem\",\"position\":3,\"name\":\"Vejers stolparmatur 2 m galvaniserat st\u00e5l\"}]},{\"@type\":\"WebSite\",\"@id\":\"https:\\\/\\\/shopnoorfi-wp31835.test.cchosting.fi\\\/#website\",\"url\":\"https:\\\/\\\/shopnoorfi-wp31835.test.cchosting.fi\\\/\",\"name\":\"Oy Noortrade Ab\",\"description\":\"Finnish family owned company with over 30 years of professional experience in lighting &amp; interior products import and sales - reliably.\",\"publisher\":{\"@id\":\"https:\\\/\\\/shopnoorfi-wp31835.test.cchosting.fi\\\/#organization\"},\"potentialAction\":[{\"@type\":\"SearchAction\",\"target\":{\"@type\":\"EntryPoint\",\"urlTemplate\":\"https:\\\/\\\/shopnoorfi-wp31835.test.cchosting.fi\\\/?s={search_term_string}\"},\"query-input\":{\"@type\":\"PropertyValueSpecification\",\"valueRequired\":true,\"valueName\":\"search_term_string\"}}],\"inLanguage\":\"sv-SE\"},{\"@type\":\"Organization\",\"@id\":\"https:\\\/\\\/shopnoorfi-wp31835.test.cchosting.fi\\\/#organization\",\"name\":\"Oy Noortrade Ab\",\"url\":\"https:\\\/\\\/shopnoorfi-wp31835.test.cchosting.fi\\\/\",\"logo\":{\"@type\":\"ImageObject\",\"inLanguage\":\"sv-SE\",\"@id\":\"https:\\\/\\\/shopnoorfi-wp31835.test.cchosting.fi\\\/#\\\/schema\\\/logo\\\/image\\\/\",\"url\":\"https:\\\/\\\/shop.noor.fi\\\/wp-content\\\/uploads\\\/2024\\\/01\\\/Oy-Noortrade-Ab-Corbel-VERSAL-bold-BLACK.png\",\"contentUrl\":\"https:\\\/\\\/shop.noor.fi\\\/wp-content\\\/uploads\\\/2024\\\/01\\\/Oy-Noortrade-Ab-Corbel-VERSAL-bold-BLACK.png\",\"width\":721,\"height\":177,\"caption\":\"Oy Noortrade Ab\"},\"image\":{\"@id\":\"https:\\\/\\\/shopnoorfi-wp31835.test.cchosting.fi\\\/#\\\/schema\\\/logo\\\/image\\\/\"}}]}<\/script>\n<!-- \/ Yoast SEO plugin. -->","yoast_head_json":{"title":"Vejers stolparmatur 2 m galvaniserat st\u00e5l - Oy Noortrade Ab","robots":{"index":"index","follow":"follow","max-snippet":"max-snippet:-1","max-image-preview":"max-image-preview:large","max-video-preview":"max-video-preview:-1"},"canonical":"https:\/\/shop.noor.fi\/tuote\/vejers-pylvasvalaisin-2-m-galvanoitu\/","og_locale":"sv_SE","og_type":"article","og_title":"Vejers stolparmatur 2 m galvaniserat st\u00e5l - Oy Noortrade Ab","og_description":"En klassisk pollare som \u00e4r perfekt f\u00f6r t.ex. uppfarten, vid entr\u00e9n, p\u00e5 terrassen eller i tr\u00e4dg\u00e5rden. Justerbar h\u00f6jd 130-200 cm. E27, max 60W. Ljusk\u00e4lla ing\u00e5r ej. Kan parallelkopplas. Tillverkad av slitstarkt galvaniserat st\u00e5l som \u00e4r v\u00e4l l\u00e4mpat f\u00f6r h\u00e5rt v\u00e4der, t.ex. f\u00f6r kustn\u00e4ra omr\u00e5den. 15 \u00e5rs garanti mot korrosion. Diameter 39 cm H\u00f6jd 130-200 cm [&hellip;]","og_url":"https:\/\/shop.noor.fi\/tuote\/vejers-pylvasvalaisin-2-m-galvanoitu\/","og_site_name":"Oy Noortrade Ab","article_modified_time":"2026-03-24T13:00:50+00:00","og_image":[{"width":2560,"height":2560,"url":"https:\/\/shop.noor.fi\/wp-content\/uploads\/2023\/11\/5701581228573.jpg","type":"image\/jpeg"}],"twitter_card":"summary_large_image","schema":{"@context":"https:\/\/schema.org","@graph":[{"@type":"WebPage","@id":"https:\/\/shop.noor.fi\/tuote\/vejers-pylvasvalaisin-2-m-galvanoitu\/","url":"https:\/\/shop.noor.fi\/tuote\/vejers-pylvasvalaisin-2-m-galvanoitu\/","name":"Vejers stolparmatur 2 m galvaniserat st\u00e5l - Oy Noortrade Ab","isPartOf":{"@id":"https:\/\/shopnoorfi-wp31835.test.cchosting.fi\/#website"},"primaryImageOfPage":{"@id":"https:\/\/shop.noor.fi\/tuote\/vejers-pylvasvalaisin-2-m-galvanoitu\/#primaryimage"},"image":{"@id":"https:\/\/shop.noor.fi\/tuote\/vejers-pylvasvalaisin-2-m-galvanoitu\/#primaryimage"},"thumbnailUrl":"https:\/\/shop.noor.fi\/wp-content\/uploads\/2023\/11\/5701581228573.jpg","datePublished":"2023-11-01T14:19:48+00:00","dateModified":"2026-03-24T13:00:50+00:00","breadcrumb":{"@id":"https:\/\/shop.noor.fi\/tuote\/vejers-pylvasvalaisin-2-m-galvanoitu\/#breadcrumb"},"inLanguage":"sv-SE","potentialAction":[{"@type":"ReadAction","target":["https:\/\/shop.noor.fi\/tuote\/vejers-pylvasvalaisin-2-m-galvanoitu\/"]}]},{"@type":"ImageObject","inLanguage":"sv-SE","@id":"https:\/\/shop.noor.fi\/tuote\/vejers-pylvasvalaisin-2-m-galvanoitu\/#primaryimage","url":"https:\/\/shop.noor.fi\/wp-content\/uploads\/2023\/11\/5701581228573.jpg","contentUrl":"https:\/\/shop.noor.fi\/wp-content\/uploads\/2023\/11\/5701581228573.jpg","width":2560,"height":2560},{"@type":"BreadcrumbList","@id":"https:\/\/shop.noor.fi\/tuote\/vejers-pylvasvalaisin-2-m-galvanoitu\/#breadcrumb","itemListElement":[{"@type":"ListItem","position":1,"name":"Etusivu","item":"https:\/\/shop.noor.fi\/sv\/"},{"@type":"ListItem","position":2,"name":"Butik","item":"https:\/\/shopnoorfi-wp31835.test.cchosting.fi\/sv\/butik\/"},{"@type":"ListItem","position":3,"name":"Vejers stolparmatur 2 m galvaniserat st\u00e5l"}]},{"@type":"WebSite","@id":"https:\/\/shopnoorfi-wp31835.test.cchosting.fi\/#website","url":"https:\/\/shopnoorfi-wp31835.test.cchosting.fi\/","name":"Oy Noortrade Ab","description":"Finnish family owned company with over 30 years of professional experience in lighting &amp; interior products import and sales - reliably.","publisher":{"@id":"https:\/\/shopnoorfi-wp31835.test.cchosting.fi\/#organization"},"potentialAction":[{"@type":"SearchAction","target":{"@type":"EntryPoint","urlTemplate":"https:\/\/shopnoorfi-wp31835.test.cchosting.fi\/?s={search_term_string}"},"query-input":{"@type":"PropertyValueSpecification","valueRequired":true,"valueName":"search_term_string"}}],"inLanguage":"sv-SE"},{"@type":"Organization","@id":"https:\/\/shopnoorfi-wp31835.test.cchosting.fi\/#organization","name":"Oy Noortrade Ab","url":"https:\/\/shopnoorfi-wp31835.test.cchosting.fi\/","logo":{"@type":"ImageObject","inLanguage":"sv-SE","@id":"https:\/\/shopnoorfi-wp31835.test.cchosting.fi\/#\/schema\/logo\/image\/","url":"https:\/\/shop.noor.fi\/wp-content\/uploads\/2024\/01\/Oy-Noortrade-Ab-Corbel-VERSAL-bold-BLACK.png","contentUrl":"https:\/\/shop.noor.fi\/wp-content\/uploads\/2024\/01\/Oy-Noortrade-Ab-Corbel-VERSAL-bold-BLACK.png","width":721,"height":177,"caption":"Oy Noortrade Ab"},"image":{"@id":"https:\/\/shopnoorfi-wp31835.test.cchosting.fi\/#\/schema\/logo\/image\/"}}]}},"brands":[{"id":28730,"name":"Nordlux","slug":"nordlux"}],"_links":{"self":[{"href":"https:\/\/shop.noor.fi\/sv\/wp-json\/wp\/v2\/product\/103091","targetHints":{"allow":["GET"]}}],"collection":[{"href":"https:\/\/shop.noor.fi\/sv\/wp-json\/wp\/v2\/product"}],"about":[{"href":"https:\/\/shop.noor.fi\/sv\/wp-json\/wp\/v2\/types\/product"}],"replies":[{"embeddable":true,"href":"https:\/\/shop.noor.fi\/sv\/wp-json\/wp\/v2\/comments?post=103091"}],"wp:featuredmedia":[{"embeddable":true,"href":"https:\/\/shop.noor.fi\/sv\/wp-json\/wp\/v2\/media\/87149"}],"wp:attachment":[{"href":"https:\/\/shop.noor.fi\/sv\/wp-json\/wp\/v2\/media?parent=103091"}],"wp:term":[{"taxonomy":"pwb-brand","embeddable":true,"href":"https:\/\/shop.noor.fi\/sv\/wp-json\/wp\/v2\/pwb-brand?post=103091"},{"taxonomy":"product_brand","embeddable":true,"href":"https:\/\/shop.noor.fi\/sv\/wp-json\/wp\/v2\/product_brand?post=103091"},{"taxonomy":"product_cat","embeddable":true,"href":"https:\/\/shop.noor.fi\/sv\/wp-json\/wp\/v2\/product_cat?post=103091"},{"taxonomy":"product_tag","embeddable":true,"href":"https:\/\/shop.noor.fi\/sv\/wp-json\/wp\/v2\/product_tag?post=103091"}],"curies":[{"name":"wp","href":"https:\/\/api.w.org\/{rel}","templated":true}]}}