{"id":103086,"date":"2023-11-01T16:19:34","date_gmt":"2023-11-01T14:19:34","guid":{"rendered":"https:\/\/shop.noor.fi\/product\/vejers-up-vagglykta-galvaniserad\/"},"modified":"2026-03-24T14:29:50","modified_gmt":"2026-03-24T12:29:50","slug":"vejers-up-vagglykta-galvaniserad","status":"publish","type":"product","link":"https:\/\/shop.noor.fi\/sv\/produkt\/vejers-up-vagglykta-galvaniserad\/","title":{"rendered":"Vejers Up v\u00e4gglykta galvaniserad"},"content":{"rendered":"<p>En klassisk v\u00e4gglampa som \u00e4r l\u00e4mplig f\u00f6r montering p\u00e5 uppfarten, vid entr\u00e9n, p\u00e5 terrassen eller i tr\u00e4dg\u00e5rden. Den h\u00e4r modellen \u00e4r designad med upp\u00e5tv\u00e4nd lampsk\u00e4rm.<br \/>\nE27, max 60W. Ljusk\u00e4lla ing\u00e5r ej.<br \/>\nKan parallelkopplas.<br \/>\nTillverkad av slitstarkt galvaniserat st\u00e5l som \u00e4r v\u00e4l l\u00e4mpat f\u00f6r h\u00e5rt v\u00e4der, t.ex. f\u00f6r kustn\u00e4ra omr\u00e5den. 15 \u00e5rs garanti mot korrosion.<\/p>\n<p>Bredd 22 cm<br \/>\nDjup 26 cm<br \/>\nH\u00f6jd 23 cm<br \/>\nV\u00e4ggf\u00e4stets diameter 9,5 cm<\/p>\n","protected":false},"excerpt":{"rendered":"<p>En klassisk v\u00e4gglampa som \u00e4r l\u00e4mplig f\u00f6r montering p\u00e5 uppfarten, vid entr\u00e9n, p\u00e5 terrassen eller i tr\u00e4dg\u00e5rden. Den h\u00e4r modellen \u00e4r designad med upp\u00e5tv\u00e4nd lampsk\u00e4rm. E27, max 60W. Ljusk\u00e4lla ing\u00e5r ej. Kan parallelkopplas. Tillverkad av slitstarkt galvaniserat st\u00e5l som \u00e4r v\u00e4l l\u00e4mpat f\u00f6r h\u00e5rt v\u00e4der, t.ex. f\u00f6r kustn\u00e4ra omr\u00e5den. 15 \u00e5rs garanti mot korrosion. Bredd [&hellip;]<\/p>\n","protected":false},"featured_media":87133,"comment_status":"open","ping_status":"closed","template":"","meta":{"_acf_changed":false,"_relevanssi_hide_post":"","_relevanssi_hide_content":"","_relevanssi_pin_for_all":"","_relevanssi_pin_keywords":"","_relevanssi_unpin_keywords":"","_relevanssi_related_keywords":"","_relevanssi_related_include_ids":"","_relevanssi_related_exclude_ids":"","_relevanssi_related_no_append":"","_relevanssi_related_not_related":"","_relevanssi_related_posts":"","_relevanssi_noindex_reason":""},"pwb-brand":[28730],"product_brand":[],"product_cat":[31809,32193],"product_tag":[],"class_list":{"0":"post-103086","1":"product","2":"type-product","3":"status-publish","4":"has-post-thumbnail","6":"pwb-brand-nordlux","7":"product_cat-ulkoseinavalaisimet","8":"product_cat-vagglampor-sv-2","10":"first","11":"instock","12":"taxable","13":"shipping-taxable","14":"purchasable","15":"product-type-simple"},"acf":[],"yoast_head":"<!-- This site is optimized with the Yoast SEO plugin v27.5 - https:\/\/yoast.com\/product\/yoast-seo-wordpress\/ -->\n<title>Vejers Up v\u00e4gglykta galvaniserad - Oy Noortrade Ab<\/title>\n<meta name=\"robots\" content=\"index, follow, max-snippet:-1, max-image-preview:large, max-video-preview:-1\" \/>\n<link rel=\"canonical\" href=\"https:\/\/shop.noor.fi\/tuote\/vejers-seinalyhty-galvanoitu\/\" \/>\n<meta property=\"og:locale\" content=\"sv_SE\" \/>\n<meta property=\"og:type\" content=\"article\" \/>\n<meta property=\"og:title\" content=\"Vejers Up v\u00e4gglykta galvaniserad - Oy Noortrade Ab\" \/>\n<meta property=\"og:description\" content=\"En klassisk v\u00e4gglampa som \u00e4r l\u00e4mplig f\u00f6r montering p\u00e5 uppfarten, vid entr\u00e9n, p\u00e5 terrassen eller i tr\u00e4dg\u00e5rden. Den h\u00e4r modellen \u00e4r designad med upp\u00e5tv\u00e4nd lampsk\u00e4rm. E27, max 60W. Ljusk\u00e4lla ing\u00e5r ej. Kan parallelkopplas. Tillverkad av slitstarkt galvaniserat st\u00e5l som \u00e4r v\u00e4l l\u00e4mpat f\u00f6r h\u00e5rt v\u00e4der, t.ex. f\u00f6r kustn\u00e4ra omr\u00e5den. 15 \u00e5rs garanti mot korrosion. Bredd [&hellip;]\" \/>\n<meta property=\"og:url\" content=\"https:\/\/shop.noor.fi\/tuote\/vejers-seinalyhty-galvanoitu\/\" \/>\n<meta property=\"og:site_name\" content=\"Oy Noortrade Ab\" \/>\n<meta property=\"article:modified_time\" content=\"2026-03-24T12:29:50+00:00\" \/>\n<meta property=\"og:image\" content=\"https:\/\/shop.noor.fi\/wp-content\/uploads\/2023\/11\/5701581092068.jpg\" \/>\n\t<meta property=\"og:image:width\" content=\"1532\" \/>\n\t<meta property=\"og:image:height\" content=\"1532\" \/>\n\t<meta property=\"og:image:type\" content=\"image\/jpeg\" \/>\n<meta name=\"twitter:card\" content=\"summary_large_image\" \/>\n<script type=\"application\/ld+json\" class=\"yoast-schema-graph\">{\"@context\":\"https:\\\/\\\/schema.org\",\"@graph\":[{\"@type\":\"WebPage\",\"@id\":\"https:\\\/\\\/shop.noor.fi\\\/tuote\\\/vejers-seinalyhty-galvanoitu\\\/\",\"url\":\"https:\\\/\\\/shop.noor.fi\\\/tuote\\\/vejers-seinalyhty-galvanoitu\\\/\",\"name\":\"Vejers Up v\u00e4gglykta galvaniserad - Oy Noortrade Ab\",\"isPartOf\":{\"@id\":\"https:\\\/\\\/shopnoorfi-wp31835.test.cchosting.fi\\\/#website\"},\"primaryImageOfPage\":{\"@id\":\"https:\\\/\\\/shop.noor.fi\\\/tuote\\\/vejers-seinalyhty-galvanoitu\\\/#primaryimage\"},\"image\":{\"@id\":\"https:\\\/\\\/shop.noor.fi\\\/tuote\\\/vejers-seinalyhty-galvanoitu\\\/#primaryimage\"},\"thumbnailUrl\":\"https:\\\/\\\/shop.noor.fi\\\/wp-content\\\/uploads\\\/2023\\\/11\\\/5701581092068.jpg\",\"datePublished\":\"2023-11-01T14:19:34+00:00\",\"dateModified\":\"2026-03-24T12:29:50+00:00\",\"breadcrumb\":{\"@id\":\"https:\\\/\\\/shop.noor.fi\\\/tuote\\\/vejers-seinalyhty-galvanoitu\\\/#breadcrumb\"},\"inLanguage\":\"sv-SE\",\"potentialAction\":[{\"@type\":\"ReadAction\",\"target\":[\"https:\\\/\\\/shop.noor.fi\\\/tuote\\\/vejers-seinalyhty-galvanoitu\\\/\"]}]},{\"@type\":\"ImageObject\",\"inLanguage\":\"sv-SE\",\"@id\":\"https:\\\/\\\/shop.noor.fi\\\/tuote\\\/vejers-seinalyhty-galvanoitu\\\/#primaryimage\",\"url\":\"https:\\\/\\\/shop.noor.fi\\\/wp-content\\\/uploads\\\/2023\\\/11\\\/5701581092068.jpg\",\"contentUrl\":\"https:\\\/\\\/shop.noor.fi\\\/wp-content\\\/uploads\\\/2023\\\/11\\\/5701581092068.jpg\",\"width\":1532,\"height\":1532},{\"@type\":\"BreadcrumbList\",\"@id\":\"https:\\\/\\\/shop.noor.fi\\\/tuote\\\/vejers-seinalyhty-galvanoitu\\\/#breadcrumb\",\"itemListElement\":[{\"@type\":\"ListItem\",\"position\":1,\"name\":\"Etusivu\",\"item\":\"https:\\\/\\\/shop.noor.fi\\\/sv\\\/\"},{\"@type\":\"ListItem\",\"position\":2,\"name\":\"Butik\",\"item\":\"https:\\\/\\\/shopnoorfi-wp31835.test.cchosting.fi\\\/sv\\\/butik\\\/\"},{\"@type\":\"ListItem\",\"position\":3,\"name\":\"Vejers Up v\u00e4gglykta galvaniserad\"}]},{\"@type\":\"WebSite\",\"@id\":\"https:\\\/\\\/shopnoorfi-wp31835.test.cchosting.fi\\\/#website\",\"url\":\"https:\\\/\\\/shopnoorfi-wp31835.test.cchosting.fi\\\/\",\"name\":\"Oy Noortrade Ab\",\"description\":\"Finnish family owned company with over 30 years of professional experience in lighting &amp; interior products import and sales - reliably.\",\"publisher\":{\"@id\":\"https:\\\/\\\/shopnoorfi-wp31835.test.cchosting.fi\\\/#organization\"},\"potentialAction\":[{\"@type\":\"SearchAction\",\"target\":{\"@type\":\"EntryPoint\",\"urlTemplate\":\"https:\\\/\\\/shopnoorfi-wp31835.test.cchosting.fi\\\/?s={search_term_string}\"},\"query-input\":{\"@type\":\"PropertyValueSpecification\",\"valueRequired\":true,\"valueName\":\"search_term_string\"}}],\"inLanguage\":\"sv-SE\"},{\"@type\":\"Organization\",\"@id\":\"https:\\\/\\\/shopnoorfi-wp31835.test.cchosting.fi\\\/#organization\",\"name\":\"Oy Noortrade Ab\",\"url\":\"https:\\\/\\\/shopnoorfi-wp31835.test.cchosting.fi\\\/\",\"logo\":{\"@type\":\"ImageObject\",\"inLanguage\":\"sv-SE\",\"@id\":\"https:\\\/\\\/shopnoorfi-wp31835.test.cchosting.fi\\\/#\\\/schema\\\/logo\\\/image\\\/\",\"url\":\"https:\\\/\\\/shop.noor.fi\\\/wp-content\\\/uploads\\\/2024\\\/01\\\/Oy-Noortrade-Ab-Corbel-VERSAL-bold-BLACK.png\",\"contentUrl\":\"https:\\\/\\\/shop.noor.fi\\\/wp-content\\\/uploads\\\/2024\\\/01\\\/Oy-Noortrade-Ab-Corbel-VERSAL-bold-BLACK.png\",\"width\":721,\"height\":177,\"caption\":\"Oy Noortrade Ab\"},\"image\":{\"@id\":\"https:\\\/\\\/shopnoorfi-wp31835.test.cchosting.fi\\\/#\\\/schema\\\/logo\\\/image\\\/\"}}]}<\/script>\n<!-- \/ Yoast SEO plugin. -->","yoast_head_json":{"title":"Vejers Up v\u00e4gglykta galvaniserad - Oy Noortrade Ab","robots":{"index":"index","follow":"follow","max-snippet":"max-snippet:-1","max-image-preview":"max-image-preview:large","max-video-preview":"max-video-preview:-1"},"canonical":"https:\/\/shop.noor.fi\/tuote\/vejers-seinalyhty-galvanoitu\/","og_locale":"sv_SE","og_type":"article","og_title":"Vejers Up v\u00e4gglykta galvaniserad - Oy Noortrade Ab","og_description":"En klassisk v\u00e4gglampa som \u00e4r l\u00e4mplig f\u00f6r montering p\u00e5 uppfarten, vid entr\u00e9n, p\u00e5 terrassen eller i tr\u00e4dg\u00e5rden. Den h\u00e4r modellen \u00e4r designad med upp\u00e5tv\u00e4nd lampsk\u00e4rm. E27, max 60W. Ljusk\u00e4lla ing\u00e5r ej. Kan parallelkopplas. Tillverkad av slitstarkt galvaniserat st\u00e5l som \u00e4r v\u00e4l l\u00e4mpat f\u00f6r h\u00e5rt v\u00e4der, t.ex. f\u00f6r kustn\u00e4ra omr\u00e5den. 15 \u00e5rs garanti mot korrosion. Bredd [&hellip;]","og_url":"https:\/\/shop.noor.fi\/tuote\/vejers-seinalyhty-galvanoitu\/","og_site_name":"Oy Noortrade Ab","article_modified_time":"2026-03-24T12:29:50+00:00","og_image":[{"width":1532,"height":1532,"url":"https:\/\/shop.noor.fi\/wp-content\/uploads\/2023\/11\/5701581092068.jpg","type":"image\/jpeg"}],"twitter_card":"summary_large_image","schema":{"@context":"https:\/\/schema.org","@graph":[{"@type":"WebPage","@id":"https:\/\/shop.noor.fi\/tuote\/vejers-seinalyhty-galvanoitu\/","url":"https:\/\/shop.noor.fi\/tuote\/vejers-seinalyhty-galvanoitu\/","name":"Vejers Up v\u00e4gglykta galvaniserad - Oy Noortrade Ab","isPartOf":{"@id":"https:\/\/shopnoorfi-wp31835.test.cchosting.fi\/#website"},"primaryImageOfPage":{"@id":"https:\/\/shop.noor.fi\/tuote\/vejers-seinalyhty-galvanoitu\/#primaryimage"},"image":{"@id":"https:\/\/shop.noor.fi\/tuote\/vejers-seinalyhty-galvanoitu\/#primaryimage"},"thumbnailUrl":"https:\/\/shop.noor.fi\/wp-content\/uploads\/2023\/11\/5701581092068.jpg","datePublished":"2023-11-01T14:19:34+00:00","dateModified":"2026-03-24T12:29:50+00:00","breadcrumb":{"@id":"https:\/\/shop.noor.fi\/tuote\/vejers-seinalyhty-galvanoitu\/#breadcrumb"},"inLanguage":"sv-SE","potentialAction":[{"@type":"ReadAction","target":["https:\/\/shop.noor.fi\/tuote\/vejers-seinalyhty-galvanoitu\/"]}]},{"@type":"ImageObject","inLanguage":"sv-SE","@id":"https:\/\/shop.noor.fi\/tuote\/vejers-seinalyhty-galvanoitu\/#primaryimage","url":"https:\/\/shop.noor.fi\/wp-content\/uploads\/2023\/11\/5701581092068.jpg","contentUrl":"https:\/\/shop.noor.fi\/wp-content\/uploads\/2023\/11\/5701581092068.jpg","width":1532,"height":1532},{"@type":"BreadcrumbList","@id":"https:\/\/shop.noor.fi\/tuote\/vejers-seinalyhty-galvanoitu\/#breadcrumb","itemListElement":[{"@type":"ListItem","position":1,"name":"Etusivu","item":"https:\/\/shop.noor.fi\/sv\/"},{"@type":"ListItem","position":2,"name":"Butik","item":"https:\/\/shopnoorfi-wp31835.test.cchosting.fi\/sv\/butik\/"},{"@type":"ListItem","position":3,"name":"Vejers Up v\u00e4gglykta galvaniserad"}]},{"@type":"WebSite","@id":"https:\/\/shopnoorfi-wp31835.test.cchosting.fi\/#website","url":"https:\/\/shopnoorfi-wp31835.test.cchosting.fi\/","name":"Oy Noortrade Ab","description":"Finnish family owned company with over 30 years of professional experience in lighting &amp; interior products import and sales - reliably.","publisher":{"@id":"https:\/\/shopnoorfi-wp31835.test.cchosting.fi\/#organization"},"potentialAction":[{"@type":"SearchAction","target":{"@type":"EntryPoint","urlTemplate":"https:\/\/shopnoorfi-wp31835.test.cchosting.fi\/?s={search_term_string}"},"query-input":{"@type":"PropertyValueSpecification","valueRequired":true,"valueName":"search_term_string"}}],"inLanguage":"sv-SE"},{"@type":"Organization","@id":"https:\/\/shopnoorfi-wp31835.test.cchosting.fi\/#organization","name":"Oy Noortrade Ab","url":"https:\/\/shopnoorfi-wp31835.test.cchosting.fi\/","logo":{"@type":"ImageObject","inLanguage":"sv-SE","@id":"https:\/\/shopnoorfi-wp31835.test.cchosting.fi\/#\/schema\/logo\/image\/","url":"https:\/\/shop.noor.fi\/wp-content\/uploads\/2024\/01\/Oy-Noortrade-Ab-Corbel-VERSAL-bold-BLACK.png","contentUrl":"https:\/\/shop.noor.fi\/wp-content\/uploads\/2024\/01\/Oy-Noortrade-Ab-Corbel-VERSAL-bold-BLACK.png","width":721,"height":177,"caption":"Oy Noortrade Ab"},"image":{"@id":"https:\/\/shopnoorfi-wp31835.test.cchosting.fi\/#\/schema\/logo\/image\/"}}]}},"brands":[{"id":28730,"name":"Nordlux","slug":"nordlux"}],"_links":{"self":[{"href":"https:\/\/shop.noor.fi\/sv\/wp-json\/wp\/v2\/product\/103086","targetHints":{"allow":["GET"]}}],"collection":[{"href":"https:\/\/shop.noor.fi\/sv\/wp-json\/wp\/v2\/product"}],"about":[{"href":"https:\/\/shop.noor.fi\/sv\/wp-json\/wp\/v2\/types\/product"}],"replies":[{"embeddable":true,"href":"https:\/\/shop.noor.fi\/sv\/wp-json\/wp\/v2\/comments?post=103086"}],"wp:featuredmedia":[{"embeddable":true,"href":"https:\/\/shop.noor.fi\/sv\/wp-json\/wp\/v2\/media\/87133"}],"wp:attachment":[{"href":"https:\/\/shop.noor.fi\/sv\/wp-json\/wp\/v2\/media?parent=103086"}],"wp:term":[{"taxonomy":"pwb-brand","embeddable":true,"href":"https:\/\/shop.noor.fi\/sv\/wp-json\/wp\/v2\/pwb-brand?post=103086"},{"taxonomy":"product_brand","embeddable":true,"href":"https:\/\/shop.noor.fi\/sv\/wp-json\/wp\/v2\/product_brand?post=103086"},{"taxonomy":"product_cat","embeddable":true,"href":"https:\/\/shop.noor.fi\/sv\/wp-json\/wp\/v2\/product_cat?post=103086"},{"taxonomy":"product_tag","embeddable":true,"href":"https:\/\/shop.noor.fi\/sv\/wp-json\/wp\/v2\/product_tag?post=103086"}],"curies":[{"name":"wp","href":"https:\/\/api.w.org\/{rel}","templated":true}]}}