{"id":103065,"date":"2024-04-23T14:02:10","date_gmt":"2024-04-23T11:02:10","guid":{"rendered":"https:\/\/shop.noor.fi\/product\/ellen-to-go-uppladdningsbar-lampa-beige\/"},"modified":"2026-01-20T18:24:43","modified_gmt":"2026-01-20T16:24:43","slug":"ellen-to-go-uppladdningsbar-lampa-beige","status":"publish","type":"product","link":"https:\/\/shop.noor.fi\/sv\/produkt\/ellen-to-go-uppladdningsbar-lampa-beige\/","title":{"rendered":"Ellen To-Go uppladdningsbar lampa beige"},"content":{"rendered":"<p>Ellen To-Go \u00e4r en b\u00e4rbar bordslampa som kan anv\u00e4ndas b\u00e5de inomhus och utomhus och kan dimmas i tre steg f\u00f6r att skapa den perfekta st\u00e4mningen.<br \/>\nDu laddar enkelt batteriet genom att placera lampan p\u00e5 den medf\u00f6ljande laddningsstationen. Laddningstid ca 3 timmar.<br \/>\nBatteritid \u00e4r ca 4 timmar med 300 lumen, 6 timmar med 200 lumen och i upp till 12 timmar med 100 lumen.<br \/>\nIntegrerad LED. Ljusk\u00e4llan kan ej ers\u00e4ttas. Lampan har 5-\u00e5rs LED-garanti.<\/p>\n<p>Diameter 16 cm<br \/>\nH\u00f6jd 25 cm<br \/>\nBottenplatta 10 cm i diameter<\/p>\n","protected":false},"excerpt":{"rendered":"<p>Ellen To-Go \u00e4r en b\u00e4rbar bordslampa som kan anv\u00e4ndas b\u00e5de inomhus och utomhus och kan dimmas i tre steg f\u00f6r att skapa den perfekta st\u00e4mningen. Du laddar enkelt batteriet genom att placera lampan p\u00e5 den medf\u00f6ljande laddningsstationen. Laddningstid ca 3 timmar. Batteritid \u00e4r ca 4 timmar med 300 lumen, 6 timmar med 200 lumen och [&hellip;]<\/p>\n","protected":false},"featured_media":97967,"comment_status":"open","ping_status":"closed","template":"","meta":{"_acf_changed":false,"_relevanssi_hide_post":"","_relevanssi_hide_content":"","_relevanssi_pin_for_all":"","_relevanssi_pin_keywords":"","_relevanssi_unpin_keywords":"","_relevanssi_related_keywords":"","_relevanssi_related_include_ids":"","_relevanssi_related_exclude_ids":"","_relevanssi_related_no_append":"","_relevanssi_related_not_related":"","_relevanssi_related_posts":"","_relevanssi_noindex_reason":""},"pwb-brand":[37488,28730],"product_brand":[],"product_cat":[32051,32052],"product_tag":[],"class_list":{"0":"post-103065","1":"product","2":"type-product","3":"status-publish","4":"has-post-thumbnail","6":"pwb-brand-nordlux-sv","7":"pwb-brand-nordlux","8":"product_cat-laddbara-lampor","9":"product_cat-laddbara-lampor-for-utomhusbruk","11":"first","12":"instock","13":"taxable","14":"shipping-taxable","15":"purchasable","16":"product-type-simple"},"acf":[],"yoast_head":"<!-- This site is optimized with the Yoast SEO plugin v27.4 - https:\/\/yoast.com\/product\/yoast-seo-wordpress\/ -->\n<title>Ellen To-Go uppladdningsbar lampa beige - Oy Noortrade Ab<\/title>\n<meta name=\"robots\" content=\"index, follow, max-snippet:-1, max-image-preview:large, max-video-preview:-1\" \/>\n<link rel=\"canonical\" href=\"https:\/\/shop.noor.fi\/sv\/produkt\/ellen-to-go-uppladdningsbar-lampa-beige\/\" \/>\n<meta property=\"og:locale\" content=\"sv_SE\" \/>\n<meta property=\"og:type\" content=\"article\" \/>\n<meta property=\"og:title\" content=\"Ellen To-Go uppladdningsbar lampa beige - Oy Noortrade Ab\" \/>\n<meta property=\"og:description\" content=\"Ellen To-Go \u00e4r en b\u00e4rbar bordslampa som kan anv\u00e4ndas b\u00e5de inomhus och utomhus och kan dimmas i tre steg f\u00f6r att skapa den perfekta st\u00e4mningen. Du laddar enkelt batteriet genom att placera lampan p\u00e5 den medf\u00f6ljande laddningsstationen. Laddningstid ca 3 timmar. Batteritid \u00e4r ca 4 timmar med 300 lumen, 6 timmar med 200 lumen och [&hellip;]\" \/>\n<meta property=\"og:url\" content=\"https:\/\/shop.noor.fi\/sv\/produkt\/ellen-to-go-uppladdningsbar-lampa-beige\/\" \/>\n<meta property=\"og:site_name\" content=\"Oy Noortrade Ab\" \/>\n<meta property=\"article:modified_time\" content=\"2026-01-20T16:24:43+00:00\" \/>\n<meta property=\"og:image\" content=\"https:\/\/shop.noor.fi\/wp-content\/uploads\/2024\/04\/5704924017490.jpg\" \/>\n\t<meta property=\"og:image:width\" content=\"2560\" \/>\n\t<meta property=\"og:image:height\" content=\"2560\" \/>\n\t<meta property=\"og:image:type\" content=\"image\/jpeg\" \/>\n<meta name=\"twitter:card\" content=\"summary_large_image\" \/>\n<script type=\"application\/ld+json\" class=\"yoast-schema-graph\">{\"@context\":\"https:\\\/\\\/schema.org\",\"@graph\":[{\"@type\":\"WebPage\",\"@id\":\"https:\\\/\\\/shop.noor.fi\\\/sv\\\/produkt\\\/ellen-to-go-uppladdningsbar-lampa-beige\\\/\",\"url\":\"https:\\\/\\\/shop.noor.fi\\\/sv\\\/produkt\\\/ellen-to-go-uppladdningsbar-lampa-beige\\\/\",\"name\":\"Ellen To-Go uppladdningsbar lampa beige - Oy Noortrade Ab\",\"isPartOf\":{\"@id\":\"https:\\\/\\\/shopnoorfi-wp31835.test.cchosting.fi\\\/#website\"},\"primaryImageOfPage\":{\"@id\":\"https:\\\/\\\/shop.noor.fi\\\/sv\\\/produkt\\\/ellen-to-go-uppladdningsbar-lampa-beige\\\/#primaryimage\"},\"image\":{\"@id\":\"https:\\\/\\\/shop.noor.fi\\\/sv\\\/produkt\\\/ellen-to-go-uppladdningsbar-lampa-beige\\\/#primaryimage\"},\"thumbnailUrl\":\"https:\\\/\\\/shop.noor.fi\\\/wp-content\\\/uploads\\\/2024\\\/04\\\/5704924017490.jpg\",\"datePublished\":\"2024-04-23T11:02:10+00:00\",\"dateModified\":\"2026-01-20T16:24:43+00:00\",\"breadcrumb\":{\"@id\":\"https:\\\/\\\/shop.noor.fi\\\/sv\\\/produkt\\\/ellen-to-go-uppladdningsbar-lampa-beige\\\/#breadcrumb\"},\"inLanguage\":\"sv-SE\",\"potentialAction\":[{\"@type\":\"ReadAction\",\"target\":[\"https:\\\/\\\/shop.noor.fi\\\/sv\\\/produkt\\\/ellen-to-go-uppladdningsbar-lampa-beige\\\/\"]}]},{\"@type\":\"ImageObject\",\"inLanguage\":\"sv-SE\",\"@id\":\"https:\\\/\\\/shop.noor.fi\\\/sv\\\/produkt\\\/ellen-to-go-uppladdningsbar-lampa-beige\\\/#primaryimage\",\"url\":\"https:\\\/\\\/shop.noor.fi\\\/wp-content\\\/uploads\\\/2024\\\/04\\\/5704924017490.jpg\",\"contentUrl\":\"https:\\\/\\\/shop.noor.fi\\\/wp-content\\\/uploads\\\/2024\\\/04\\\/5704924017490.jpg\",\"width\":2560,\"height\":2560},{\"@type\":\"BreadcrumbList\",\"@id\":\"https:\\\/\\\/shop.noor.fi\\\/sv\\\/produkt\\\/ellen-to-go-uppladdningsbar-lampa-beige\\\/#breadcrumb\",\"itemListElement\":[{\"@type\":\"ListItem\",\"position\":1,\"name\":\"Etusivu\",\"item\":\"https:\\\/\\\/shop.noor.fi\\\/sv\\\/\"},{\"@type\":\"ListItem\",\"position\":2,\"name\":\"Butik\",\"item\":\"https:\\\/\\\/shopnoorfi-wp31835.test.cchosting.fi\\\/sv\\\/butik\\\/\"},{\"@type\":\"ListItem\",\"position\":3,\"name\":\"Ellen To-Go uppladdningsbar lampa beige\"}]},{\"@type\":\"WebSite\",\"@id\":\"https:\\\/\\\/shopnoorfi-wp31835.test.cchosting.fi\\\/#website\",\"url\":\"https:\\\/\\\/shopnoorfi-wp31835.test.cchosting.fi\\\/\",\"name\":\"Oy Noortrade Ab\",\"description\":\"Finnish family owned company with over 30 years of professional experience in lighting &amp; interior products import and sales - reliably.\",\"publisher\":{\"@id\":\"https:\\\/\\\/shopnoorfi-wp31835.test.cchosting.fi\\\/#organization\"},\"potentialAction\":[{\"@type\":\"SearchAction\",\"target\":{\"@type\":\"EntryPoint\",\"urlTemplate\":\"https:\\\/\\\/shopnoorfi-wp31835.test.cchosting.fi\\\/?s={search_term_string}\"},\"query-input\":{\"@type\":\"PropertyValueSpecification\",\"valueRequired\":true,\"valueName\":\"search_term_string\"}}],\"inLanguage\":\"sv-SE\"},{\"@type\":\"Organization\",\"@id\":\"https:\\\/\\\/shopnoorfi-wp31835.test.cchosting.fi\\\/#organization\",\"name\":\"Oy Noortrade Ab\",\"url\":\"https:\\\/\\\/shopnoorfi-wp31835.test.cchosting.fi\\\/\",\"logo\":{\"@type\":\"ImageObject\",\"inLanguage\":\"sv-SE\",\"@id\":\"https:\\\/\\\/shopnoorfi-wp31835.test.cchosting.fi\\\/#\\\/schema\\\/logo\\\/image\\\/\",\"url\":\"https:\\\/\\\/shop.noor.fi\\\/wp-content\\\/uploads\\\/2024\\\/01\\\/Oy-Noortrade-Ab-Corbel-VERSAL-bold-BLACK.png\",\"contentUrl\":\"https:\\\/\\\/shop.noor.fi\\\/wp-content\\\/uploads\\\/2024\\\/01\\\/Oy-Noortrade-Ab-Corbel-VERSAL-bold-BLACK.png\",\"width\":721,\"height\":177,\"caption\":\"Oy Noortrade Ab\"},\"image\":{\"@id\":\"https:\\\/\\\/shopnoorfi-wp31835.test.cchosting.fi\\\/#\\\/schema\\\/logo\\\/image\\\/\"}}]}<\/script>\n<!-- \/ Yoast SEO plugin. -->","yoast_head_json":{"title":"Ellen To-Go uppladdningsbar lampa beige - Oy Noortrade Ab","robots":{"index":"index","follow":"follow","max-snippet":"max-snippet:-1","max-image-preview":"max-image-preview:large","max-video-preview":"max-video-preview:-1"},"canonical":"https:\/\/shop.noor.fi\/sv\/produkt\/ellen-to-go-uppladdningsbar-lampa-beige\/","og_locale":"sv_SE","og_type":"article","og_title":"Ellen To-Go uppladdningsbar lampa beige - Oy Noortrade Ab","og_description":"Ellen To-Go \u00e4r en b\u00e4rbar bordslampa som kan anv\u00e4ndas b\u00e5de inomhus och utomhus och kan dimmas i tre steg f\u00f6r att skapa den perfekta st\u00e4mningen. Du laddar enkelt batteriet genom att placera lampan p\u00e5 den medf\u00f6ljande laddningsstationen. Laddningstid ca 3 timmar. Batteritid \u00e4r ca 4 timmar med 300 lumen, 6 timmar med 200 lumen och [&hellip;]","og_url":"https:\/\/shop.noor.fi\/sv\/produkt\/ellen-to-go-uppladdningsbar-lampa-beige\/","og_site_name":"Oy Noortrade Ab","article_modified_time":"2026-01-20T16:24:43+00:00","og_image":[{"width":2560,"height":2560,"url":"https:\/\/shop.noor.fi\/wp-content\/uploads\/2024\/04\/5704924017490.jpg","type":"image\/jpeg"}],"twitter_card":"summary_large_image","schema":{"@context":"https:\/\/schema.org","@graph":[{"@type":"WebPage","@id":"https:\/\/shop.noor.fi\/sv\/produkt\/ellen-to-go-uppladdningsbar-lampa-beige\/","url":"https:\/\/shop.noor.fi\/sv\/produkt\/ellen-to-go-uppladdningsbar-lampa-beige\/","name":"Ellen To-Go uppladdningsbar lampa beige - Oy Noortrade Ab","isPartOf":{"@id":"https:\/\/shopnoorfi-wp31835.test.cchosting.fi\/#website"},"primaryImageOfPage":{"@id":"https:\/\/shop.noor.fi\/sv\/produkt\/ellen-to-go-uppladdningsbar-lampa-beige\/#primaryimage"},"image":{"@id":"https:\/\/shop.noor.fi\/sv\/produkt\/ellen-to-go-uppladdningsbar-lampa-beige\/#primaryimage"},"thumbnailUrl":"https:\/\/shop.noor.fi\/wp-content\/uploads\/2024\/04\/5704924017490.jpg","datePublished":"2024-04-23T11:02:10+00:00","dateModified":"2026-01-20T16:24:43+00:00","breadcrumb":{"@id":"https:\/\/shop.noor.fi\/sv\/produkt\/ellen-to-go-uppladdningsbar-lampa-beige\/#breadcrumb"},"inLanguage":"sv-SE","potentialAction":[{"@type":"ReadAction","target":["https:\/\/shop.noor.fi\/sv\/produkt\/ellen-to-go-uppladdningsbar-lampa-beige\/"]}]},{"@type":"ImageObject","inLanguage":"sv-SE","@id":"https:\/\/shop.noor.fi\/sv\/produkt\/ellen-to-go-uppladdningsbar-lampa-beige\/#primaryimage","url":"https:\/\/shop.noor.fi\/wp-content\/uploads\/2024\/04\/5704924017490.jpg","contentUrl":"https:\/\/shop.noor.fi\/wp-content\/uploads\/2024\/04\/5704924017490.jpg","width":2560,"height":2560},{"@type":"BreadcrumbList","@id":"https:\/\/shop.noor.fi\/sv\/produkt\/ellen-to-go-uppladdningsbar-lampa-beige\/#breadcrumb","itemListElement":[{"@type":"ListItem","position":1,"name":"Etusivu","item":"https:\/\/shop.noor.fi\/sv\/"},{"@type":"ListItem","position":2,"name":"Butik","item":"https:\/\/shopnoorfi-wp31835.test.cchosting.fi\/sv\/butik\/"},{"@type":"ListItem","position":3,"name":"Ellen To-Go uppladdningsbar lampa beige"}]},{"@type":"WebSite","@id":"https:\/\/shopnoorfi-wp31835.test.cchosting.fi\/#website","url":"https:\/\/shopnoorfi-wp31835.test.cchosting.fi\/","name":"Oy Noortrade Ab","description":"Finnish family owned company with over 30 years of professional experience in lighting &amp; interior products import and sales - reliably.","publisher":{"@id":"https:\/\/shopnoorfi-wp31835.test.cchosting.fi\/#organization"},"potentialAction":[{"@type":"SearchAction","target":{"@type":"EntryPoint","urlTemplate":"https:\/\/shopnoorfi-wp31835.test.cchosting.fi\/?s={search_term_string}"},"query-input":{"@type":"PropertyValueSpecification","valueRequired":true,"valueName":"search_term_string"}}],"inLanguage":"sv-SE"},{"@type":"Organization","@id":"https:\/\/shopnoorfi-wp31835.test.cchosting.fi\/#organization","name":"Oy Noortrade Ab","url":"https:\/\/shopnoorfi-wp31835.test.cchosting.fi\/","logo":{"@type":"ImageObject","inLanguage":"sv-SE","@id":"https:\/\/shopnoorfi-wp31835.test.cchosting.fi\/#\/schema\/logo\/image\/","url":"https:\/\/shop.noor.fi\/wp-content\/uploads\/2024\/01\/Oy-Noortrade-Ab-Corbel-VERSAL-bold-BLACK.png","contentUrl":"https:\/\/shop.noor.fi\/wp-content\/uploads\/2024\/01\/Oy-Noortrade-Ab-Corbel-VERSAL-bold-BLACK.png","width":721,"height":177,"caption":"Oy Noortrade Ab"},"image":{"@id":"https:\/\/shopnoorfi-wp31835.test.cchosting.fi\/#\/schema\/logo\/image\/"}}]}},"brands":[{"id":28730,"name":"Nordlux","slug":"nordlux"},{"id":37488,"name":"Nordlux","slug":"nordlux-sv"}],"_links":{"self":[{"href":"https:\/\/shop.noor.fi\/sv\/wp-json\/wp\/v2\/product\/103065","targetHints":{"allow":["GET"]}}],"collection":[{"href":"https:\/\/shop.noor.fi\/sv\/wp-json\/wp\/v2\/product"}],"about":[{"href":"https:\/\/shop.noor.fi\/sv\/wp-json\/wp\/v2\/types\/product"}],"replies":[{"embeddable":true,"href":"https:\/\/shop.noor.fi\/sv\/wp-json\/wp\/v2\/comments?post=103065"}],"wp:featuredmedia":[{"embeddable":true,"href":"https:\/\/shop.noor.fi\/sv\/wp-json\/wp\/v2\/media\/97967"}],"wp:attachment":[{"href":"https:\/\/shop.noor.fi\/sv\/wp-json\/wp\/v2\/media?parent=103065"}],"wp:term":[{"taxonomy":"pwb-brand","embeddable":true,"href":"https:\/\/shop.noor.fi\/sv\/wp-json\/wp\/v2\/pwb-brand?post=103065"},{"taxonomy":"product_brand","embeddable":true,"href":"https:\/\/shop.noor.fi\/sv\/wp-json\/wp\/v2\/product_brand?post=103065"},{"taxonomy":"product_cat","embeddable":true,"href":"https:\/\/shop.noor.fi\/sv\/wp-json\/wp\/v2\/product_cat?post=103065"},{"taxonomy":"product_tag","embeddable":true,"href":"https:\/\/shop.noor.fi\/sv\/wp-json\/wp\/v2\/product_tag?post=103065"}],"curies":[{"name":"wp","href":"https:\/\/api.w.org\/{rel}","templated":true}]}}