{"id":103036,"date":"2023-11-01T16:18:42","date_gmt":"2023-11-01T14:18:42","guid":{"rendered":"https:\/\/shop.noor.fi\/product\/sponge-on-a-stick-uppladdningsbar-led-lampa-gra\/"},"modified":"2026-03-24T11:46:49","modified_gmt":"2026-03-24T09:46:49","slug":"sponge-on-a-stick-uppladdningsbar-led-lampa-gra","status":"publish","type":"product","link":"https:\/\/shop.noor.fi\/sv\/produkt\/sponge-on-a-stick-uppladdningsbar-led-lampa-gra\/","title":{"rendered":"Sponge On A Stick uppladdningsbar LED-lampa gr\u00e5"},"content":{"rendered":"<p>Sponge har f\u00e5tt sitt namn efter svampar i skogen d\u00e4r man ocks\u00e5 har h\u00e4mtat inspiration till formspr\u00e5k och uttryck. Den enkla designen och de mjuka formerna g\u00f6r Sponge till en otroligt elegant serie som passar b\u00e5de inne och ute. Med sitt inbyggda batteri kan Sponge placeras och flyttas som du vill och samtidigt kan ljusstyrkan justeras i tre l\u00e4gen. Batteriet har en h\u00e5llbarhet p\u00e5 upp till fem timmar vid full effekt och \u00e4nnu l\u00e4ngre om det skruvas ned till st\u00e4mningsbelysning. Du laddar enkelt batteriet genom att placera lampan p\u00e5 den medf\u00f6ljande laddningsstationen.<br \/>\nBatteritid enligt den valda ljusstyrkan 300lm\/5h, 200lm\/9h, 100lm\/18h. Laddningstid ca 6 timmar.<\/p>\n<p>M\u00f6jligheterna \u00e4r m\u00e5nga med denna snygga bordslampa. Placera den p\u00e5 terrassen eller balkongen en vacker sommarkv\u00e4ll eller p\u00e5 sk\u00e4nken i vardagsrummet som en helt vanlig bordslampa. Sponge \u00e4r tillverkad av h\u00e5rdplast och t\u00e5l b\u00e5de vind och vatten.<br \/>\nLjusk\u00e4llan \u00e4r en integrerad LED modul som inte kan ers\u00e4ttas. Armaturen har 5 \u00e5rs LED-garanti.<\/p>\n<p>Diameter 20 cm<br \/>\nH\u00f6jd 35 cm<\/p>\n","protected":false},"excerpt":{"rendered":"<p>Sponge har f\u00e5tt sitt namn efter svampar i skogen d\u00e4r man ocks\u00e5 har h\u00e4mtat inspiration till formspr\u00e5k och uttryck. Den enkla designen och de mjuka formerna g\u00f6r Sponge till en otroligt elegant serie som passar b\u00e5de inne och ute. Med sitt inbyggda batteri kan Sponge placeras och flyttas som du vill och samtidigt kan ljusstyrkan [&hellip;]<\/p>\n","protected":false},"featured_media":49170,"comment_status":"open","ping_status":"closed","template":"","meta":{"_acf_changed":false,"_relevanssi_hide_post":"","_relevanssi_hide_content":"","_relevanssi_pin_for_all":"","_relevanssi_pin_keywords":"","_relevanssi_unpin_keywords":"","_relevanssi_related_keywords":"","_relevanssi_related_include_ids":"","_relevanssi_related_exclude_ids":"","_relevanssi_related_no_append":"","_relevanssi_related_not_related":"","_relevanssi_related_posts":"","_relevanssi_noindex_reason":""},"pwb-brand":[28730,37488],"product_brand":[],"product_cat":[32052,31886],"product_tag":[],"class_list":{"0":"post-103036","1":"product","2":"type-product","3":"status-publish","4":"has-post-thumbnail","6":"pwb-brand-nordlux","7":"pwb-brand-nordlux-sv","8":"product_cat-laddbara-lampor-for-utomhusbruk","9":"product_cat-ladattavat-valaisimet-ulkokayttoon","11":"first","12":"instock","13":"taxable","14":"shipping-taxable","15":"purchasable","16":"product-type-simple"},"acf":[],"yoast_head":"<!-- This site is optimized with the Yoast SEO plugin v27.5 - https:\/\/yoast.com\/product\/yoast-seo-wordpress\/ -->\n<title>Sponge On A Stick uppladdningsbar LED-lampa gr\u00e5 - Oy Noortrade Ab<\/title>\n<meta name=\"robots\" content=\"index, follow, max-snippet:-1, max-image-preview:large, max-video-preview:-1\" \/>\n<link rel=\"canonical\" href=\"https:\/\/shop.noor.fi\/sv\/produkt\/sponge-on-a-stick-uppladdningsbar-led-lampa-gra\/\" \/>\n<meta property=\"og:locale\" content=\"sv_SE\" \/>\n<meta property=\"og:type\" content=\"article\" \/>\n<meta property=\"og:title\" content=\"Sponge On A Stick uppladdningsbar LED-lampa gr\u00e5 - Oy Noortrade Ab\" \/>\n<meta property=\"og:description\" content=\"Sponge har f\u00e5tt sitt namn efter svampar i skogen d\u00e4r man ocks\u00e5 har h\u00e4mtat inspiration till formspr\u00e5k och uttryck. Den enkla designen och de mjuka formerna g\u00f6r Sponge till en otroligt elegant serie som passar b\u00e5de inne och ute. Med sitt inbyggda batteri kan Sponge placeras och flyttas som du vill och samtidigt kan ljusstyrkan [&hellip;]\" \/>\n<meta property=\"og:url\" content=\"https:\/\/shop.noor.fi\/sv\/produkt\/sponge-on-a-stick-uppladdningsbar-led-lampa-gra\/\" \/>\n<meta property=\"og:site_name\" content=\"Oy Noortrade Ab\" \/>\n<meta property=\"article:modified_time\" content=\"2026-03-24T09:46:49+00:00\" \/>\n<meta property=\"og:image\" content=\"https:\/\/shop.noor.fi\/wp-content\/uploads\/2023\/11\/5704924014949.jpg\" \/>\n\t<meta property=\"og:image:width\" content=\"1080\" \/>\n\t<meta property=\"og:image:height\" content=\"1080\" \/>\n\t<meta property=\"og:image:type\" content=\"image\/jpeg\" \/>\n<meta name=\"twitter:card\" content=\"summary_large_image\" \/>\n<meta name=\"twitter:label1\" content=\"Ber\u00e4knad l\u00e4stid\" \/>\n\t<meta name=\"twitter:data1\" content=\"1 minut\" \/>\n<script type=\"application\/ld+json\" class=\"yoast-schema-graph\">{\"@context\":\"https:\\\/\\\/schema.org\",\"@graph\":[{\"@type\":\"WebPage\",\"@id\":\"https:\\\/\\\/shop.noor.fi\\\/sv\\\/produkt\\\/sponge-on-a-stick-uppladdningsbar-led-lampa-gra\\\/\",\"url\":\"https:\\\/\\\/shop.noor.fi\\\/sv\\\/produkt\\\/sponge-on-a-stick-uppladdningsbar-led-lampa-gra\\\/\",\"name\":\"Sponge On A Stick uppladdningsbar LED-lampa gr\u00e5 - Oy Noortrade Ab\",\"isPartOf\":{\"@id\":\"https:\\\/\\\/shopnoorfi-wp31835.test.cchosting.fi\\\/#website\"},\"primaryImageOfPage\":{\"@id\":\"https:\\\/\\\/shop.noor.fi\\\/sv\\\/produkt\\\/sponge-on-a-stick-uppladdningsbar-led-lampa-gra\\\/#primaryimage\"},\"image\":{\"@id\":\"https:\\\/\\\/shop.noor.fi\\\/sv\\\/produkt\\\/sponge-on-a-stick-uppladdningsbar-led-lampa-gra\\\/#primaryimage\"},\"thumbnailUrl\":\"https:\\\/\\\/shop.noor.fi\\\/wp-content\\\/uploads\\\/2023\\\/11\\\/5704924014949.jpg\",\"datePublished\":\"2023-11-01T14:18:42+00:00\",\"dateModified\":\"2026-03-24T09:46:49+00:00\",\"breadcrumb\":{\"@id\":\"https:\\\/\\\/shop.noor.fi\\\/sv\\\/produkt\\\/sponge-on-a-stick-uppladdningsbar-led-lampa-gra\\\/#breadcrumb\"},\"inLanguage\":\"sv-SE\",\"potentialAction\":[{\"@type\":\"ReadAction\",\"target\":[\"https:\\\/\\\/shop.noor.fi\\\/sv\\\/produkt\\\/sponge-on-a-stick-uppladdningsbar-led-lampa-gra\\\/\"]}]},{\"@type\":\"ImageObject\",\"inLanguage\":\"sv-SE\",\"@id\":\"https:\\\/\\\/shop.noor.fi\\\/sv\\\/produkt\\\/sponge-on-a-stick-uppladdningsbar-led-lampa-gra\\\/#primaryimage\",\"url\":\"https:\\\/\\\/shop.noor.fi\\\/wp-content\\\/uploads\\\/2023\\\/11\\\/5704924014949.jpg\",\"contentUrl\":\"https:\\\/\\\/shop.noor.fi\\\/wp-content\\\/uploads\\\/2023\\\/11\\\/5704924014949.jpg\",\"width\":1080,\"height\":1080},{\"@type\":\"BreadcrumbList\",\"@id\":\"https:\\\/\\\/shop.noor.fi\\\/sv\\\/produkt\\\/sponge-on-a-stick-uppladdningsbar-led-lampa-gra\\\/#breadcrumb\",\"itemListElement\":[{\"@type\":\"ListItem\",\"position\":1,\"name\":\"Etusivu\",\"item\":\"https:\\\/\\\/shop.noor.fi\\\/sv\\\/\"},{\"@type\":\"ListItem\",\"position\":2,\"name\":\"Butik\",\"item\":\"https:\\\/\\\/shopnoorfi-wp31835.test.cchosting.fi\\\/sv\\\/butik\\\/\"},{\"@type\":\"ListItem\",\"position\":3,\"name\":\"Sponge On A Stick uppladdningsbar LED-lampa gr\u00e5\"}]},{\"@type\":\"WebSite\",\"@id\":\"https:\\\/\\\/shopnoorfi-wp31835.test.cchosting.fi\\\/#website\",\"url\":\"https:\\\/\\\/shopnoorfi-wp31835.test.cchosting.fi\\\/\",\"name\":\"Oy Noortrade Ab\",\"description\":\"Finnish family owned company with over 30 years of professional experience in lighting &amp; interior products import and sales - reliably.\",\"publisher\":{\"@id\":\"https:\\\/\\\/shopnoorfi-wp31835.test.cchosting.fi\\\/#organization\"},\"potentialAction\":[{\"@type\":\"SearchAction\",\"target\":{\"@type\":\"EntryPoint\",\"urlTemplate\":\"https:\\\/\\\/shopnoorfi-wp31835.test.cchosting.fi\\\/?s={search_term_string}\"},\"query-input\":{\"@type\":\"PropertyValueSpecification\",\"valueRequired\":true,\"valueName\":\"search_term_string\"}}],\"inLanguage\":\"sv-SE\"},{\"@type\":\"Organization\",\"@id\":\"https:\\\/\\\/shopnoorfi-wp31835.test.cchosting.fi\\\/#organization\",\"name\":\"Oy Noortrade Ab\",\"url\":\"https:\\\/\\\/shopnoorfi-wp31835.test.cchosting.fi\\\/\",\"logo\":{\"@type\":\"ImageObject\",\"inLanguage\":\"sv-SE\",\"@id\":\"https:\\\/\\\/shopnoorfi-wp31835.test.cchosting.fi\\\/#\\\/schema\\\/logo\\\/image\\\/\",\"url\":\"https:\\\/\\\/shop.noor.fi\\\/wp-content\\\/uploads\\\/2024\\\/01\\\/Oy-Noortrade-Ab-Corbel-VERSAL-bold-BLACK.png\",\"contentUrl\":\"https:\\\/\\\/shop.noor.fi\\\/wp-content\\\/uploads\\\/2024\\\/01\\\/Oy-Noortrade-Ab-Corbel-VERSAL-bold-BLACK.png\",\"width\":721,\"height\":177,\"caption\":\"Oy Noortrade Ab\"},\"image\":{\"@id\":\"https:\\\/\\\/shopnoorfi-wp31835.test.cchosting.fi\\\/#\\\/schema\\\/logo\\\/image\\\/\"}}]}<\/script>\n<!-- \/ Yoast SEO plugin. -->","yoast_head_json":{"title":"Sponge On A Stick uppladdningsbar LED-lampa gr\u00e5 - Oy Noortrade Ab","robots":{"index":"index","follow":"follow","max-snippet":"max-snippet:-1","max-image-preview":"max-image-preview:large","max-video-preview":"max-video-preview:-1"},"canonical":"https:\/\/shop.noor.fi\/sv\/produkt\/sponge-on-a-stick-uppladdningsbar-led-lampa-gra\/","og_locale":"sv_SE","og_type":"article","og_title":"Sponge On A Stick uppladdningsbar LED-lampa gr\u00e5 - Oy Noortrade Ab","og_description":"Sponge har f\u00e5tt sitt namn efter svampar i skogen d\u00e4r man ocks\u00e5 har h\u00e4mtat inspiration till formspr\u00e5k och uttryck. Den enkla designen och de mjuka formerna g\u00f6r Sponge till en otroligt elegant serie som passar b\u00e5de inne och ute. Med sitt inbyggda batteri kan Sponge placeras och flyttas som du vill och samtidigt kan ljusstyrkan [&hellip;]","og_url":"https:\/\/shop.noor.fi\/sv\/produkt\/sponge-on-a-stick-uppladdningsbar-led-lampa-gra\/","og_site_name":"Oy Noortrade Ab","article_modified_time":"2026-03-24T09:46:49+00:00","og_image":[{"width":1080,"height":1080,"url":"https:\/\/shop.noor.fi\/wp-content\/uploads\/2023\/11\/5704924014949.jpg","type":"image\/jpeg"}],"twitter_card":"summary_large_image","twitter_misc":{"Ber\u00e4knad l\u00e4stid":"1 minut"},"schema":{"@context":"https:\/\/schema.org","@graph":[{"@type":"WebPage","@id":"https:\/\/shop.noor.fi\/sv\/produkt\/sponge-on-a-stick-uppladdningsbar-led-lampa-gra\/","url":"https:\/\/shop.noor.fi\/sv\/produkt\/sponge-on-a-stick-uppladdningsbar-led-lampa-gra\/","name":"Sponge On A Stick uppladdningsbar LED-lampa gr\u00e5 - Oy Noortrade Ab","isPartOf":{"@id":"https:\/\/shopnoorfi-wp31835.test.cchosting.fi\/#website"},"primaryImageOfPage":{"@id":"https:\/\/shop.noor.fi\/sv\/produkt\/sponge-on-a-stick-uppladdningsbar-led-lampa-gra\/#primaryimage"},"image":{"@id":"https:\/\/shop.noor.fi\/sv\/produkt\/sponge-on-a-stick-uppladdningsbar-led-lampa-gra\/#primaryimage"},"thumbnailUrl":"https:\/\/shop.noor.fi\/wp-content\/uploads\/2023\/11\/5704924014949.jpg","datePublished":"2023-11-01T14:18:42+00:00","dateModified":"2026-03-24T09:46:49+00:00","breadcrumb":{"@id":"https:\/\/shop.noor.fi\/sv\/produkt\/sponge-on-a-stick-uppladdningsbar-led-lampa-gra\/#breadcrumb"},"inLanguage":"sv-SE","potentialAction":[{"@type":"ReadAction","target":["https:\/\/shop.noor.fi\/sv\/produkt\/sponge-on-a-stick-uppladdningsbar-led-lampa-gra\/"]}]},{"@type":"ImageObject","inLanguage":"sv-SE","@id":"https:\/\/shop.noor.fi\/sv\/produkt\/sponge-on-a-stick-uppladdningsbar-led-lampa-gra\/#primaryimage","url":"https:\/\/shop.noor.fi\/wp-content\/uploads\/2023\/11\/5704924014949.jpg","contentUrl":"https:\/\/shop.noor.fi\/wp-content\/uploads\/2023\/11\/5704924014949.jpg","width":1080,"height":1080},{"@type":"BreadcrumbList","@id":"https:\/\/shop.noor.fi\/sv\/produkt\/sponge-on-a-stick-uppladdningsbar-led-lampa-gra\/#breadcrumb","itemListElement":[{"@type":"ListItem","position":1,"name":"Etusivu","item":"https:\/\/shop.noor.fi\/sv\/"},{"@type":"ListItem","position":2,"name":"Butik","item":"https:\/\/shopnoorfi-wp31835.test.cchosting.fi\/sv\/butik\/"},{"@type":"ListItem","position":3,"name":"Sponge On A Stick uppladdningsbar LED-lampa gr\u00e5"}]},{"@type":"WebSite","@id":"https:\/\/shopnoorfi-wp31835.test.cchosting.fi\/#website","url":"https:\/\/shopnoorfi-wp31835.test.cchosting.fi\/","name":"Oy Noortrade Ab","description":"Finnish family owned company with over 30 years of professional experience in lighting &amp; interior products import and sales - reliably.","publisher":{"@id":"https:\/\/shopnoorfi-wp31835.test.cchosting.fi\/#organization"},"potentialAction":[{"@type":"SearchAction","target":{"@type":"EntryPoint","urlTemplate":"https:\/\/shopnoorfi-wp31835.test.cchosting.fi\/?s={search_term_string}"},"query-input":{"@type":"PropertyValueSpecification","valueRequired":true,"valueName":"search_term_string"}}],"inLanguage":"sv-SE"},{"@type":"Organization","@id":"https:\/\/shopnoorfi-wp31835.test.cchosting.fi\/#organization","name":"Oy Noortrade Ab","url":"https:\/\/shopnoorfi-wp31835.test.cchosting.fi\/","logo":{"@type":"ImageObject","inLanguage":"sv-SE","@id":"https:\/\/shopnoorfi-wp31835.test.cchosting.fi\/#\/schema\/logo\/image\/","url":"https:\/\/shop.noor.fi\/wp-content\/uploads\/2024\/01\/Oy-Noortrade-Ab-Corbel-VERSAL-bold-BLACK.png","contentUrl":"https:\/\/shop.noor.fi\/wp-content\/uploads\/2024\/01\/Oy-Noortrade-Ab-Corbel-VERSAL-bold-BLACK.png","width":721,"height":177,"caption":"Oy Noortrade Ab"},"image":{"@id":"https:\/\/shopnoorfi-wp31835.test.cchosting.fi\/#\/schema\/logo\/image\/"}}]}},"brands":[{"id":28730,"name":"Nordlux","slug":"nordlux"},{"id":37488,"name":"Nordlux","slug":"nordlux-sv"}],"_links":{"self":[{"href":"https:\/\/shop.noor.fi\/sv\/wp-json\/wp\/v2\/product\/103036","targetHints":{"allow":["GET"]}}],"collection":[{"href":"https:\/\/shop.noor.fi\/sv\/wp-json\/wp\/v2\/product"}],"about":[{"href":"https:\/\/shop.noor.fi\/sv\/wp-json\/wp\/v2\/types\/product"}],"replies":[{"embeddable":true,"href":"https:\/\/shop.noor.fi\/sv\/wp-json\/wp\/v2\/comments?post=103036"}],"wp:featuredmedia":[{"embeddable":true,"href":"https:\/\/shop.noor.fi\/sv\/wp-json\/wp\/v2\/media\/49170"}],"wp:attachment":[{"href":"https:\/\/shop.noor.fi\/sv\/wp-json\/wp\/v2\/media?parent=103036"}],"wp:term":[{"taxonomy":"pwb-brand","embeddable":true,"href":"https:\/\/shop.noor.fi\/sv\/wp-json\/wp\/v2\/pwb-brand?post=103036"},{"taxonomy":"product_brand","embeddable":true,"href":"https:\/\/shop.noor.fi\/sv\/wp-json\/wp\/v2\/product_brand?post=103036"},{"taxonomy":"product_cat","embeddable":true,"href":"https:\/\/shop.noor.fi\/sv\/wp-json\/wp\/v2\/product_cat?post=103036"},{"taxonomy":"product_tag","embeddable":true,"href":"https:\/\/shop.noor.fi\/sv\/wp-json\/wp\/v2\/product_tag?post=103036"}],"curies":[{"name":"wp","href":"https:\/\/api.w.org\/{rel}","templated":true}]}}