{"id":102911,"date":"2023-11-01T16:12:38","date_gmt":"2023-11-01T14:12:38","guid":{"rendered":"https:\/\/shop.noor.fi\/product\/maple-55-pendel-svart\/"},"modified":"2026-01-20T14:03:17","modified_gmt":"2026-01-20T12:03:17","slug":"maple-55-pendel-svart","status":"publish","type":"product","link":"https:\/\/shop.noor.fi\/sv\/produkt\/maple-55-pendel-svart\/","title":{"rendered":"Maple 55 pendel svart"},"content":{"rendered":"<p>Maple \u00e4r skapad av den danska designern Charlotte H\u00f8ncke och dess organiska former p\u00e5minner om stora blomblad som utan anstr\u00e4ngning omfamnar ett trivsamt, suggestivt ljus. Maple \u00e4r perfekt ovanf\u00f6r matbordet eller i ett m\u00f6rkt h\u00f6rn som beh\u00f6ver livas upp med en luftig design som inte k\u00e4nns tung eller dominerande i rummet.<br \/>\nIP20, klass 2. E27. Ljusk\u00e4lla ing\u00e5r ej.<br \/>\n300 cm sladd.<\/p>\n<p>H\u00f6jd: 19 cm<br \/>\nDiameter: 55 cm<\/p>\n","protected":false},"excerpt":{"rendered":"<p>Maple \u00e4r skapad av den danska designern Charlotte H\u00f8ncke och dess organiska former p\u00e5minner om stora blomblad som utan anstr\u00e4ngning omfamnar ett trivsamt, suggestivt ljus. Maple \u00e4r perfekt ovanf\u00f6r matbordet eller i ett m\u00f6rkt h\u00f6rn som beh\u00f6ver livas upp med en luftig design som inte k\u00e4nns tung eller dominerande i rummet. IP20, klass 2. E27. [&hellip;]<\/p>\n","protected":false},"featured_media":75491,"comment_status":"open","ping_status":"closed","template":"","meta":{"_acf_changed":false,"_relevanssi_hide_post":"","_relevanssi_hide_content":"","_relevanssi_pin_for_all":"","_relevanssi_pin_keywords":"","_relevanssi_unpin_keywords":"","_relevanssi_related_keywords":"","_relevanssi_related_include_ids":"","_relevanssi_related_exclude_ids":"","_relevanssi_related_no_append":"","_relevanssi_related_not_related":"","_relevanssi_related_posts":"","_relevanssi_noindex_reason":""},"pwb-brand":[36910],"product_brand":[],"product_cat":[32115],"product_tag":[],"class_list":{"0":"post-102911","1":"product","2":"type-product","3":"status-publish","4":"has-post-thumbnail","6":"pwb-brand-design-for-the-people","7":"product_cat-pendlar","9":"first","10":"instock","11":"taxable","12":"shipping-taxable","13":"purchasable","14":"product-type-simple"},"acf":[],"yoast_head":"<!-- This site is optimized with the Yoast SEO plugin v27.5 - https:\/\/yoast.com\/product\/yoast-seo-wordpress\/ -->\n<title>Maple 55 pendel svart - Oy Noortrade Ab<\/title>\n<meta name=\"robots\" content=\"index, follow, max-snippet:-1, max-image-preview:large, max-video-preview:-1\" \/>\n<link rel=\"canonical\" href=\"https:\/\/shop.noor.fi\/sv\/produkt\/maple-55-pendel-svart\/\" \/>\n<meta property=\"og:locale\" content=\"sv_SE\" \/>\n<meta property=\"og:type\" content=\"article\" \/>\n<meta property=\"og:title\" content=\"Maple 55 pendel svart - Oy Noortrade Ab\" \/>\n<meta property=\"og:description\" content=\"Maple \u00e4r skapad av den danska designern Charlotte H\u00f8ncke och dess organiska former p\u00e5minner om stora blomblad som utan anstr\u00e4ngning omfamnar ett trivsamt, suggestivt ljus. Maple \u00e4r perfekt ovanf\u00f6r matbordet eller i ett m\u00f6rkt h\u00f6rn som beh\u00f6ver livas upp med en luftig design som inte k\u00e4nns tung eller dominerande i rummet. IP20, klass 2. E27. [&hellip;]\" \/>\n<meta property=\"og:url\" content=\"https:\/\/shop.noor.fi\/sv\/produkt\/maple-55-pendel-svart\/\" \/>\n<meta property=\"og:site_name\" content=\"Oy Noortrade Ab\" \/>\n<meta property=\"article:modified_time\" content=\"2026-01-20T12:03:17+00:00\" \/>\n<meta property=\"og:image\" content=\"https:\/\/shop.noor.fi\/wp-content\/uploads\/2023\/11\/5704924010019.jpg\" \/>\n\t<meta property=\"og:image:width\" content=\"1080\" \/>\n\t<meta property=\"og:image:height\" content=\"1080\" \/>\n\t<meta property=\"og:image:type\" content=\"image\/jpeg\" \/>\n<meta name=\"twitter:card\" content=\"summary_large_image\" \/>\n<script type=\"application\/ld+json\" class=\"yoast-schema-graph\">{\"@context\":\"https:\\\/\\\/schema.org\",\"@graph\":[{\"@type\":\"WebPage\",\"@id\":\"https:\\\/\\\/shop.noor.fi\\\/sv\\\/produkt\\\/maple-55-pendel-svart\\\/\",\"url\":\"https:\\\/\\\/shop.noor.fi\\\/sv\\\/produkt\\\/maple-55-pendel-svart\\\/\",\"name\":\"Maple 55 pendel svart - Oy Noortrade Ab\",\"isPartOf\":{\"@id\":\"https:\\\/\\\/shopnoorfi-wp31835.test.cchosting.fi\\\/#website\"},\"primaryImageOfPage\":{\"@id\":\"https:\\\/\\\/shop.noor.fi\\\/sv\\\/produkt\\\/maple-55-pendel-svart\\\/#primaryimage\"},\"image\":{\"@id\":\"https:\\\/\\\/shop.noor.fi\\\/sv\\\/produkt\\\/maple-55-pendel-svart\\\/#primaryimage\"},\"thumbnailUrl\":\"https:\\\/\\\/shop.noor.fi\\\/wp-content\\\/uploads\\\/2023\\\/11\\\/5704924010019.jpg\",\"datePublished\":\"2023-11-01T14:12:38+00:00\",\"dateModified\":\"2026-01-20T12:03:17+00:00\",\"breadcrumb\":{\"@id\":\"https:\\\/\\\/shop.noor.fi\\\/sv\\\/produkt\\\/maple-55-pendel-svart\\\/#breadcrumb\"},\"inLanguage\":\"sv-SE\",\"potentialAction\":[{\"@type\":\"ReadAction\",\"target\":[\"https:\\\/\\\/shop.noor.fi\\\/sv\\\/produkt\\\/maple-55-pendel-svart\\\/\"]}]},{\"@type\":\"ImageObject\",\"inLanguage\":\"sv-SE\",\"@id\":\"https:\\\/\\\/shop.noor.fi\\\/sv\\\/produkt\\\/maple-55-pendel-svart\\\/#primaryimage\",\"url\":\"https:\\\/\\\/shop.noor.fi\\\/wp-content\\\/uploads\\\/2023\\\/11\\\/5704924010019.jpg\",\"contentUrl\":\"https:\\\/\\\/shop.noor.fi\\\/wp-content\\\/uploads\\\/2023\\\/11\\\/5704924010019.jpg\",\"width\":1080,\"height\":1080},{\"@type\":\"BreadcrumbList\",\"@id\":\"https:\\\/\\\/shop.noor.fi\\\/sv\\\/produkt\\\/maple-55-pendel-svart\\\/#breadcrumb\",\"itemListElement\":[{\"@type\":\"ListItem\",\"position\":1,\"name\":\"Etusivu\",\"item\":\"https:\\\/\\\/shop.noor.fi\\\/sv\\\/\"},{\"@type\":\"ListItem\",\"position\":2,\"name\":\"Butik\",\"item\":\"https:\\\/\\\/shopnoorfi-wp31835.test.cchosting.fi\\\/sv\\\/butik\\\/\"},{\"@type\":\"ListItem\",\"position\":3,\"name\":\"Maple 55 pendel svart\"}]},{\"@type\":\"WebSite\",\"@id\":\"https:\\\/\\\/shopnoorfi-wp31835.test.cchosting.fi\\\/#website\",\"url\":\"https:\\\/\\\/shopnoorfi-wp31835.test.cchosting.fi\\\/\",\"name\":\"Oy Noortrade Ab\",\"description\":\"Finnish family owned company with over 30 years of professional experience in lighting &amp; interior products import and sales - reliably.\",\"publisher\":{\"@id\":\"https:\\\/\\\/shopnoorfi-wp31835.test.cchosting.fi\\\/#organization\"},\"potentialAction\":[{\"@type\":\"SearchAction\",\"target\":{\"@type\":\"EntryPoint\",\"urlTemplate\":\"https:\\\/\\\/shopnoorfi-wp31835.test.cchosting.fi\\\/?s={search_term_string}\"},\"query-input\":{\"@type\":\"PropertyValueSpecification\",\"valueRequired\":true,\"valueName\":\"search_term_string\"}}],\"inLanguage\":\"sv-SE\"},{\"@type\":\"Organization\",\"@id\":\"https:\\\/\\\/shopnoorfi-wp31835.test.cchosting.fi\\\/#organization\",\"name\":\"Oy Noortrade Ab\",\"url\":\"https:\\\/\\\/shopnoorfi-wp31835.test.cchosting.fi\\\/\",\"logo\":{\"@type\":\"ImageObject\",\"inLanguage\":\"sv-SE\",\"@id\":\"https:\\\/\\\/shopnoorfi-wp31835.test.cchosting.fi\\\/#\\\/schema\\\/logo\\\/image\\\/\",\"url\":\"https:\\\/\\\/shop.noor.fi\\\/wp-content\\\/uploads\\\/2024\\\/01\\\/Oy-Noortrade-Ab-Corbel-VERSAL-bold-BLACK.png\",\"contentUrl\":\"https:\\\/\\\/shop.noor.fi\\\/wp-content\\\/uploads\\\/2024\\\/01\\\/Oy-Noortrade-Ab-Corbel-VERSAL-bold-BLACK.png\",\"width\":721,\"height\":177,\"caption\":\"Oy Noortrade Ab\"},\"image\":{\"@id\":\"https:\\\/\\\/shopnoorfi-wp31835.test.cchosting.fi\\\/#\\\/schema\\\/logo\\\/image\\\/\"}}]}<\/script>\n<!-- \/ Yoast SEO plugin. -->","yoast_head_json":{"title":"Maple 55 pendel svart - Oy Noortrade Ab","robots":{"index":"index","follow":"follow","max-snippet":"max-snippet:-1","max-image-preview":"max-image-preview:large","max-video-preview":"max-video-preview:-1"},"canonical":"https:\/\/shop.noor.fi\/sv\/produkt\/maple-55-pendel-svart\/","og_locale":"sv_SE","og_type":"article","og_title":"Maple 55 pendel svart - Oy Noortrade Ab","og_description":"Maple \u00e4r skapad av den danska designern Charlotte H\u00f8ncke och dess organiska former p\u00e5minner om stora blomblad som utan anstr\u00e4ngning omfamnar ett trivsamt, suggestivt ljus. Maple \u00e4r perfekt ovanf\u00f6r matbordet eller i ett m\u00f6rkt h\u00f6rn som beh\u00f6ver livas upp med en luftig design som inte k\u00e4nns tung eller dominerande i rummet. IP20, klass 2. E27. [&hellip;]","og_url":"https:\/\/shop.noor.fi\/sv\/produkt\/maple-55-pendel-svart\/","og_site_name":"Oy Noortrade Ab","article_modified_time":"2026-01-20T12:03:17+00:00","og_image":[{"width":1080,"height":1080,"url":"https:\/\/shop.noor.fi\/wp-content\/uploads\/2023\/11\/5704924010019.jpg","type":"image\/jpeg"}],"twitter_card":"summary_large_image","schema":{"@context":"https:\/\/schema.org","@graph":[{"@type":"WebPage","@id":"https:\/\/shop.noor.fi\/sv\/produkt\/maple-55-pendel-svart\/","url":"https:\/\/shop.noor.fi\/sv\/produkt\/maple-55-pendel-svart\/","name":"Maple 55 pendel svart - Oy Noortrade Ab","isPartOf":{"@id":"https:\/\/shopnoorfi-wp31835.test.cchosting.fi\/#website"},"primaryImageOfPage":{"@id":"https:\/\/shop.noor.fi\/sv\/produkt\/maple-55-pendel-svart\/#primaryimage"},"image":{"@id":"https:\/\/shop.noor.fi\/sv\/produkt\/maple-55-pendel-svart\/#primaryimage"},"thumbnailUrl":"https:\/\/shop.noor.fi\/wp-content\/uploads\/2023\/11\/5704924010019.jpg","datePublished":"2023-11-01T14:12:38+00:00","dateModified":"2026-01-20T12:03:17+00:00","breadcrumb":{"@id":"https:\/\/shop.noor.fi\/sv\/produkt\/maple-55-pendel-svart\/#breadcrumb"},"inLanguage":"sv-SE","potentialAction":[{"@type":"ReadAction","target":["https:\/\/shop.noor.fi\/sv\/produkt\/maple-55-pendel-svart\/"]}]},{"@type":"ImageObject","inLanguage":"sv-SE","@id":"https:\/\/shop.noor.fi\/sv\/produkt\/maple-55-pendel-svart\/#primaryimage","url":"https:\/\/shop.noor.fi\/wp-content\/uploads\/2023\/11\/5704924010019.jpg","contentUrl":"https:\/\/shop.noor.fi\/wp-content\/uploads\/2023\/11\/5704924010019.jpg","width":1080,"height":1080},{"@type":"BreadcrumbList","@id":"https:\/\/shop.noor.fi\/sv\/produkt\/maple-55-pendel-svart\/#breadcrumb","itemListElement":[{"@type":"ListItem","position":1,"name":"Etusivu","item":"https:\/\/shop.noor.fi\/sv\/"},{"@type":"ListItem","position":2,"name":"Butik","item":"https:\/\/shopnoorfi-wp31835.test.cchosting.fi\/sv\/butik\/"},{"@type":"ListItem","position":3,"name":"Maple 55 pendel svart"}]},{"@type":"WebSite","@id":"https:\/\/shopnoorfi-wp31835.test.cchosting.fi\/#website","url":"https:\/\/shopnoorfi-wp31835.test.cchosting.fi\/","name":"Oy Noortrade Ab","description":"Finnish family owned company with over 30 years of professional experience in lighting &amp; interior products import and sales - reliably.","publisher":{"@id":"https:\/\/shopnoorfi-wp31835.test.cchosting.fi\/#organization"},"potentialAction":[{"@type":"SearchAction","target":{"@type":"EntryPoint","urlTemplate":"https:\/\/shopnoorfi-wp31835.test.cchosting.fi\/?s={search_term_string}"},"query-input":{"@type":"PropertyValueSpecification","valueRequired":true,"valueName":"search_term_string"}}],"inLanguage":"sv-SE"},{"@type":"Organization","@id":"https:\/\/shopnoorfi-wp31835.test.cchosting.fi\/#organization","name":"Oy Noortrade Ab","url":"https:\/\/shopnoorfi-wp31835.test.cchosting.fi\/","logo":{"@type":"ImageObject","inLanguage":"sv-SE","@id":"https:\/\/shopnoorfi-wp31835.test.cchosting.fi\/#\/schema\/logo\/image\/","url":"https:\/\/shop.noor.fi\/wp-content\/uploads\/2024\/01\/Oy-Noortrade-Ab-Corbel-VERSAL-bold-BLACK.png","contentUrl":"https:\/\/shop.noor.fi\/wp-content\/uploads\/2024\/01\/Oy-Noortrade-Ab-Corbel-VERSAL-bold-BLACK.png","width":721,"height":177,"caption":"Oy Noortrade Ab"},"image":{"@id":"https:\/\/shopnoorfi-wp31835.test.cchosting.fi\/#\/schema\/logo\/image\/"}}]}},"brands":[{"id":36910,"name":"Design For The People","slug":"design-for-the-people"}],"_links":{"self":[{"href":"https:\/\/shop.noor.fi\/sv\/wp-json\/wp\/v2\/product\/102911","targetHints":{"allow":["GET"]}}],"collection":[{"href":"https:\/\/shop.noor.fi\/sv\/wp-json\/wp\/v2\/product"}],"about":[{"href":"https:\/\/shop.noor.fi\/sv\/wp-json\/wp\/v2\/types\/product"}],"replies":[{"embeddable":true,"href":"https:\/\/shop.noor.fi\/sv\/wp-json\/wp\/v2\/comments?post=102911"}],"wp:featuredmedia":[{"embeddable":true,"href":"https:\/\/shop.noor.fi\/sv\/wp-json\/wp\/v2\/media\/75491"}],"wp:attachment":[{"href":"https:\/\/shop.noor.fi\/sv\/wp-json\/wp\/v2\/media?parent=102911"}],"wp:term":[{"taxonomy":"pwb-brand","embeddable":true,"href":"https:\/\/shop.noor.fi\/sv\/wp-json\/wp\/v2\/pwb-brand?post=102911"},{"taxonomy":"product_brand","embeddable":true,"href":"https:\/\/shop.noor.fi\/sv\/wp-json\/wp\/v2\/product_brand?post=102911"},{"taxonomy":"product_cat","embeddable":true,"href":"https:\/\/shop.noor.fi\/sv\/wp-json\/wp\/v2\/product_cat?post=102911"},{"taxonomy":"product_tag","embeddable":true,"href":"https:\/\/shop.noor.fi\/sv\/wp-json\/wp\/v2\/product_tag?post=102911"}],"curies":[{"name":"wp","href":"https:\/\/api.w.org\/{rel}","templated":true}]}}