{"id":102878,"date":"2023-11-01T16:11:05","date_gmt":"2023-11-01T14:11:05","guid":{"rendered":"https:\/\/shop.noor.fi\/product\/linton-pollare-galvaniserad\/"},"modified":"2026-03-23T19:50:48","modified_gmt":"2026-03-23T17:50:48","slug":"linton-pollare-galvaniserad","status":"publish","type":"product","link":"https:\/\/shop.noor.fi\/sv\/produkt\/linton-pollare-galvaniserad\/","title":{"rendered":"Linton pollare galvaniserad"},"content":{"rendered":"<p>Linton-serien av den danska designduon Says Who \u00e4r utf\u00f6rd i en rund och elegant design med tydliga referenser till den klassiska lyktan. Den har en r\u00e4fflad diffusor som ger ett behagligt mjukt ljus och en bas av galvaniserat st\u00e5l som \u00e4r v\u00e4l l\u00e4mpad f\u00f6r h\u00e5rt v\u00e4der. Lampan med spett skapar en perfekt atmosf\u00e4r f\u00f6r din uppfart, terrass eller g\u00e5ng. Enkel installation i marken med Nordlux Base markf\u00e4ste (NL-22039931).<br \/>\nKan parallellkopplas.<br \/>\n15 \u00e5rs garanti mot korrosion.<br \/>\nE27, max 15W. Ljusk\u00e4lla ing\u00e5r ej.<\/p>\n<p>Diameter 13 cm<br \/>\nH\u00f6jd 80 cm<br \/>\nKupa i diameter 9,9 cm<br \/>\nTub diameter 8,9 cm<br \/>\nBas i diameter 14,5 cm<\/p>\n<p>Denna produkt ing\u00e5r i Nordlux sortiment \u201dDesigned For Seaside\u201d som \u00e4r tillverkat av extra t\u00e5liga material f\u00f6r att klara \u00e4ven de tuffaste v\u00e4derf\u00f6rh\u00e5llandena vid kusten.<br \/>\nMed tiden g\u00f6r exponeringen f\u00f6r v\u00e4der och vind att det galvaniserade st\u00e5let f\u00e5r en vacker, m\u00f6rkare patina.<\/p>\n","protected":false},"excerpt":{"rendered":"<p>Linton-serien av den danska designduon Says Who \u00e4r utf\u00f6rd i en rund och elegant design med tydliga referenser till den klassiska lyktan. Den har en r\u00e4fflad diffusor som ger ett behagligt mjukt ljus och en bas av galvaniserat st\u00e5l som \u00e4r v\u00e4l l\u00e4mpad f\u00f6r h\u00e5rt v\u00e4der. Lampan med spett skapar en perfekt atmosf\u00e4r f\u00f6r din [&hellip;]<\/p>\n","protected":false},"featured_media":50562,"comment_status":"open","ping_status":"closed","template":"","meta":{"_acf_changed":false,"_relevanssi_hide_post":"","_relevanssi_hide_content":"","_relevanssi_pin_for_all":"","_relevanssi_pin_keywords":"","_relevanssi_unpin_keywords":"","_relevanssi_related_keywords":"","_relevanssi_related_include_ids":"","_relevanssi_related_exclude_ids":"","_relevanssi_related_no_append":"","_relevanssi_related_not_related":"","_relevanssi_related_posts":"","_relevanssi_noindex_reason":""},"pwb-brand":[28730],"product_brand":[],"product_cat":[32099],"product_tag":[],"class_list":{"0":"post-102878","1":"product","2":"type-product","3":"status-publish","4":"has-post-thumbnail","6":"pwb-brand-nordlux","7":"product_cat-pollare","9":"first","10":"instock","11":"taxable","12":"shipping-taxable","13":"purchasable","14":"product-type-simple"},"acf":[],"yoast_head":"<!-- This site is optimized with the Yoast SEO plugin v27.5 - https:\/\/yoast.com\/product\/yoast-seo-wordpress\/ -->\n<title>Linton pollare galvaniserad - Oy Noortrade Ab<\/title>\n<meta name=\"robots\" content=\"index, follow, max-snippet:-1, max-image-preview:large, max-video-preview:-1\" \/>\n<link rel=\"canonical\" href=\"https:\/\/shop.noor.fi\/tuote\/linton-pollarivalaisin-galvanoitu\/\" \/>\n<meta property=\"og:locale\" content=\"sv_SE\" \/>\n<meta property=\"og:type\" content=\"article\" \/>\n<meta property=\"og:title\" content=\"Linton pollare galvaniserad - Oy Noortrade Ab\" \/>\n<meta property=\"og:description\" content=\"Linton-serien av den danska designduon Says Who \u00e4r utf\u00f6rd i en rund och elegant design med tydliga referenser till den klassiska lyktan. Den har en r\u00e4fflad diffusor som ger ett behagligt mjukt ljus och en bas av galvaniserat st\u00e5l som \u00e4r v\u00e4l l\u00e4mpad f\u00f6r h\u00e5rt v\u00e4der. Lampan med spett skapar en perfekt atmosf\u00e4r f\u00f6r din [&hellip;]\" \/>\n<meta property=\"og:url\" content=\"https:\/\/shop.noor.fi\/tuote\/linton-pollarivalaisin-galvanoitu\/\" \/>\n<meta property=\"og:site_name\" content=\"Oy Noortrade Ab\" \/>\n<meta property=\"article:modified_time\" content=\"2026-03-23T17:50:48+00:00\" \/>\n<meta property=\"og:image\" content=\"https:\/\/shop.noor.fi\/wp-content\/uploads\/2023\/11\/5704924011078.jpg\" \/>\n\t<meta property=\"og:image:width\" content=\"1080\" \/>\n\t<meta property=\"og:image:height\" content=\"1080\" \/>\n\t<meta property=\"og:image:type\" content=\"image\/jpeg\" \/>\n<meta name=\"twitter:card\" content=\"summary_large_image\" \/>\n<meta name=\"twitter:label1\" content=\"Ber\u00e4knad l\u00e4stid\" \/>\n\t<meta name=\"twitter:data1\" content=\"1 minut\" \/>\n<script type=\"application\/ld+json\" class=\"yoast-schema-graph\">{\"@context\":\"https:\\\/\\\/schema.org\",\"@graph\":[{\"@type\":\"WebPage\",\"@id\":\"https:\\\/\\\/shop.noor.fi\\\/tuote\\\/linton-pollarivalaisin-galvanoitu\\\/\",\"url\":\"https:\\\/\\\/shop.noor.fi\\\/tuote\\\/linton-pollarivalaisin-galvanoitu\\\/\",\"name\":\"Linton pollare galvaniserad - Oy Noortrade Ab\",\"isPartOf\":{\"@id\":\"https:\\\/\\\/shopnoorfi-wp31835.test.cchosting.fi\\\/#website\"},\"primaryImageOfPage\":{\"@id\":\"https:\\\/\\\/shop.noor.fi\\\/tuote\\\/linton-pollarivalaisin-galvanoitu\\\/#primaryimage\"},\"image\":{\"@id\":\"https:\\\/\\\/shop.noor.fi\\\/tuote\\\/linton-pollarivalaisin-galvanoitu\\\/#primaryimage\"},\"thumbnailUrl\":\"https:\\\/\\\/shop.noor.fi\\\/wp-content\\\/uploads\\\/2023\\\/11\\\/5704924011078.jpg\",\"datePublished\":\"2023-11-01T14:11:05+00:00\",\"dateModified\":\"2026-03-23T17:50:48+00:00\",\"breadcrumb\":{\"@id\":\"https:\\\/\\\/shop.noor.fi\\\/tuote\\\/linton-pollarivalaisin-galvanoitu\\\/#breadcrumb\"},\"inLanguage\":\"sv-SE\",\"potentialAction\":[{\"@type\":\"ReadAction\",\"target\":[\"https:\\\/\\\/shop.noor.fi\\\/tuote\\\/linton-pollarivalaisin-galvanoitu\\\/\"]}]},{\"@type\":\"ImageObject\",\"inLanguage\":\"sv-SE\",\"@id\":\"https:\\\/\\\/shop.noor.fi\\\/tuote\\\/linton-pollarivalaisin-galvanoitu\\\/#primaryimage\",\"url\":\"https:\\\/\\\/shop.noor.fi\\\/wp-content\\\/uploads\\\/2023\\\/11\\\/5704924011078.jpg\",\"contentUrl\":\"https:\\\/\\\/shop.noor.fi\\\/wp-content\\\/uploads\\\/2023\\\/11\\\/5704924011078.jpg\",\"width\":1080,\"height\":1080},{\"@type\":\"BreadcrumbList\",\"@id\":\"https:\\\/\\\/shop.noor.fi\\\/tuote\\\/linton-pollarivalaisin-galvanoitu\\\/#breadcrumb\",\"itemListElement\":[{\"@type\":\"ListItem\",\"position\":1,\"name\":\"Etusivu\",\"item\":\"https:\\\/\\\/shop.noor.fi\\\/sv\\\/\"},{\"@type\":\"ListItem\",\"position\":2,\"name\":\"Butik\",\"item\":\"https:\\\/\\\/shopnoorfi-wp31835.test.cchosting.fi\\\/sv\\\/butik\\\/\"},{\"@type\":\"ListItem\",\"position\":3,\"name\":\"Linton pollare galvaniserad\"}]},{\"@type\":\"WebSite\",\"@id\":\"https:\\\/\\\/shopnoorfi-wp31835.test.cchosting.fi\\\/#website\",\"url\":\"https:\\\/\\\/shopnoorfi-wp31835.test.cchosting.fi\\\/\",\"name\":\"Oy Noortrade Ab\",\"description\":\"Finnish family owned company with over 30 years of professional experience in lighting &amp; interior products import and sales - reliably.\",\"publisher\":{\"@id\":\"https:\\\/\\\/shopnoorfi-wp31835.test.cchosting.fi\\\/#organization\"},\"potentialAction\":[{\"@type\":\"SearchAction\",\"target\":{\"@type\":\"EntryPoint\",\"urlTemplate\":\"https:\\\/\\\/shopnoorfi-wp31835.test.cchosting.fi\\\/?s={search_term_string}\"},\"query-input\":{\"@type\":\"PropertyValueSpecification\",\"valueRequired\":true,\"valueName\":\"search_term_string\"}}],\"inLanguage\":\"sv-SE\"},{\"@type\":\"Organization\",\"@id\":\"https:\\\/\\\/shopnoorfi-wp31835.test.cchosting.fi\\\/#organization\",\"name\":\"Oy Noortrade Ab\",\"url\":\"https:\\\/\\\/shopnoorfi-wp31835.test.cchosting.fi\\\/\",\"logo\":{\"@type\":\"ImageObject\",\"inLanguage\":\"sv-SE\",\"@id\":\"https:\\\/\\\/shopnoorfi-wp31835.test.cchosting.fi\\\/#\\\/schema\\\/logo\\\/image\\\/\",\"url\":\"https:\\\/\\\/shop.noor.fi\\\/wp-content\\\/uploads\\\/2024\\\/01\\\/Oy-Noortrade-Ab-Corbel-VERSAL-bold-BLACK.png\",\"contentUrl\":\"https:\\\/\\\/shop.noor.fi\\\/wp-content\\\/uploads\\\/2024\\\/01\\\/Oy-Noortrade-Ab-Corbel-VERSAL-bold-BLACK.png\",\"width\":721,\"height\":177,\"caption\":\"Oy Noortrade Ab\"},\"image\":{\"@id\":\"https:\\\/\\\/shopnoorfi-wp31835.test.cchosting.fi\\\/#\\\/schema\\\/logo\\\/image\\\/\"}}]}<\/script>\n<!-- \/ Yoast SEO plugin. -->","yoast_head_json":{"title":"Linton pollare galvaniserad - Oy Noortrade Ab","robots":{"index":"index","follow":"follow","max-snippet":"max-snippet:-1","max-image-preview":"max-image-preview:large","max-video-preview":"max-video-preview:-1"},"canonical":"https:\/\/shop.noor.fi\/tuote\/linton-pollarivalaisin-galvanoitu\/","og_locale":"sv_SE","og_type":"article","og_title":"Linton pollare galvaniserad - Oy Noortrade Ab","og_description":"Linton-serien av den danska designduon Says Who \u00e4r utf\u00f6rd i en rund och elegant design med tydliga referenser till den klassiska lyktan. Den har en r\u00e4fflad diffusor som ger ett behagligt mjukt ljus och en bas av galvaniserat st\u00e5l som \u00e4r v\u00e4l l\u00e4mpad f\u00f6r h\u00e5rt v\u00e4der. Lampan med spett skapar en perfekt atmosf\u00e4r f\u00f6r din [&hellip;]","og_url":"https:\/\/shop.noor.fi\/tuote\/linton-pollarivalaisin-galvanoitu\/","og_site_name":"Oy Noortrade Ab","article_modified_time":"2026-03-23T17:50:48+00:00","og_image":[{"width":1080,"height":1080,"url":"https:\/\/shop.noor.fi\/wp-content\/uploads\/2023\/11\/5704924011078.jpg","type":"image\/jpeg"}],"twitter_card":"summary_large_image","twitter_misc":{"Ber\u00e4knad l\u00e4stid":"1 minut"},"schema":{"@context":"https:\/\/schema.org","@graph":[{"@type":"WebPage","@id":"https:\/\/shop.noor.fi\/tuote\/linton-pollarivalaisin-galvanoitu\/","url":"https:\/\/shop.noor.fi\/tuote\/linton-pollarivalaisin-galvanoitu\/","name":"Linton pollare galvaniserad - Oy Noortrade Ab","isPartOf":{"@id":"https:\/\/shopnoorfi-wp31835.test.cchosting.fi\/#website"},"primaryImageOfPage":{"@id":"https:\/\/shop.noor.fi\/tuote\/linton-pollarivalaisin-galvanoitu\/#primaryimage"},"image":{"@id":"https:\/\/shop.noor.fi\/tuote\/linton-pollarivalaisin-galvanoitu\/#primaryimage"},"thumbnailUrl":"https:\/\/shop.noor.fi\/wp-content\/uploads\/2023\/11\/5704924011078.jpg","datePublished":"2023-11-01T14:11:05+00:00","dateModified":"2026-03-23T17:50:48+00:00","breadcrumb":{"@id":"https:\/\/shop.noor.fi\/tuote\/linton-pollarivalaisin-galvanoitu\/#breadcrumb"},"inLanguage":"sv-SE","potentialAction":[{"@type":"ReadAction","target":["https:\/\/shop.noor.fi\/tuote\/linton-pollarivalaisin-galvanoitu\/"]}]},{"@type":"ImageObject","inLanguage":"sv-SE","@id":"https:\/\/shop.noor.fi\/tuote\/linton-pollarivalaisin-galvanoitu\/#primaryimage","url":"https:\/\/shop.noor.fi\/wp-content\/uploads\/2023\/11\/5704924011078.jpg","contentUrl":"https:\/\/shop.noor.fi\/wp-content\/uploads\/2023\/11\/5704924011078.jpg","width":1080,"height":1080},{"@type":"BreadcrumbList","@id":"https:\/\/shop.noor.fi\/tuote\/linton-pollarivalaisin-galvanoitu\/#breadcrumb","itemListElement":[{"@type":"ListItem","position":1,"name":"Etusivu","item":"https:\/\/shop.noor.fi\/sv\/"},{"@type":"ListItem","position":2,"name":"Butik","item":"https:\/\/shopnoorfi-wp31835.test.cchosting.fi\/sv\/butik\/"},{"@type":"ListItem","position":3,"name":"Linton pollare galvaniserad"}]},{"@type":"WebSite","@id":"https:\/\/shopnoorfi-wp31835.test.cchosting.fi\/#website","url":"https:\/\/shopnoorfi-wp31835.test.cchosting.fi\/","name":"Oy Noortrade Ab","description":"Finnish family owned company with over 30 years of professional experience in lighting &amp; interior products import and sales - reliably.","publisher":{"@id":"https:\/\/shopnoorfi-wp31835.test.cchosting.fi\/#organization"},"potentialAction":[{"@type":"SearchAction","target":{"@type":"EntryPoint","urlTemplate":"https:\/\/shopnoorfi-wp31835.test.cchosting.fi\/?s={search_term_string}"},"query-input":{"@type":"PropertyValueSpecification","valueRequired":true,"valueName":"search_term_string"}}],"inLanguage":"sv-SE"},{"@type":"Organization","@id":"https:\/\/shopnoorfi-wp31835.test.cchosting.fi\/#organization","name":"Oy Noortrade Ab","url":"https:\/\/shopnoorfi-wp31835.test.cchosting.fi\/","logo":{"@type":"ImageObject","inLanguage":"sv-SE","@id":"https:\/\/shopnoorfi-wp31835.test.cchosting.fi\/#\/schema\/logo\/image\/","url":"https:\/\/shop.noor.fi\/wp-content\/uploads\/2024\/01\/Oy-Noortrade-Ab-Corbel-VERSAL-bold-BLACK.png","contentUrl":"https:\/\/shop.noor.fi\/wp-content\/uploads\/2024\/01\/Oy-Noortrade-Ab-Corbel-VERSAL-bold-BLACK.png","width":721,"height":177,"caption":"Oy Noortrade Ab"},"image":{"@id":"https:\/\/shopnoorfi-wp31835.test.cchosting.fi\/#\/schema\/logo\/image\/"}}]}},"brands":[{"id":28730,"name":"Nordlux","slug":"nordlux"}],"_links":{"self":[{"href":"https:\/\/shop.noor.fi\/sv\/wp-json\/wp\/v2\/product\/102878","targetHints":{"allow":["GET"]}}],"collection":[{"href":"https:\/\/shop.noor.fi\/sv\/wp-json\/wp\/v2\/product"}],"about":[{"href":"https:\/\/shop.noor.fi\/sv\/wp-json\/wp\/v2\/types\/product"}],"replies":[{"embeddable":true,"href":"https:\/\/shop.noor.fi\/sv\/wp-json\/wp\/v2\/comments?post=102878"}],"wp:featuredmedia":[{"embeddable":true,"href":"https:\/\/shop.noor.fi\/sv\/wp-json\/wp\/v2\/media\/50562"}],"wp:attachment":[{"href":"https:\/\/shop.noor.fi\/sv\/wp-json\/wp\/v2\/media?parent=102878"}],"wp:term":[{"taxonomy":"pwb-brand","embeddable":true,"href":"https:\/\/shop.noor.fi\/sv\/wp-json\/wp\/v2\/pwb-brand?post=102878"},{"taxonomy":"product_brand","embeddable":true,"href":"https:\/\/shop.noor.fi\/sv\/wp-json\/wp\/v2\/product_brand?post=102878"},{"taxonomy":"product_cat","embeddable":true,"href":"https:\/\/shop.noor.fi\/sv\/wp-json\/wp\/v2\/product_cat?post=102878"},{"taxonomy":"product_tag","embeddable":true,"href":"https:\/\/shop.noor.fi\/sv\/wp-json\/wp\/v2\/product_tag?post=102878"}],"curies":[{"name":"wp","href":"https:\/\/api.w.org\/{rel}","templated":true}]}}