{"id":102863,"date":"2023-11-01T16:10:22","date_gmt":"2023-11-01T14:10:22","guid":{"rendered":"https:\/\/shop.noor.fi\/product\/pontio-pollare-galvaniserat-stal\/"},"modified":"2026-03-23T15:29:56","modified_gmt":"2026-03-23T13:29:56","slug":"pontio-pollare-galvaniserat-stal","status":"publish","type":"product","link":"https:\/\/shop.noor.fi\/sv\/produkt\/pontio-pollare-galvaniserat-stal\/","title":{"rendered":"Pontio pollare galvaniserat st\u00e5l"},"content":{"rendered":"<p>Pontio \u00e4r en serie utomhuslampor av den danska designduon Says Who i en str\u00f6mlinjeformad, arkitektonisk design. Den geometriska formen ger ditt hem ett modernt men tidl\u00f6st uttryck \u2013 medan den sneda sk\u00e4rmen ger den ett unikt och intressant utseende fr\u00e5n alla vinklar.<br \/>\nGjord av galvaniserat st\u00e5l, och d\u00e4rf\u00f6r har armaturen en 15 \u00e5rs garanti mot korrosion.<br \/>\nEnkel installation i marken med Nordlux Base markf\u00e4ste (NL-22039931).<br \/>\nKan parallellkopplas.<br \/>\nGU10, max 25W. Ljusk\u00e4lla ing\u00e5r ej.<\/p>\n<p>Bredd 15 cm<br \/>\nDjup 15,2 cm<br \/>\nH\u00f6jd 85 cm<\/p>\n","protected":false},"excerpt":{"rendered":"<p>Pontio \u00e4r en serie utomhuslampor av den danska designduon Says Who i en str\u00f6mlinjeformad, arkitektonisk design. Den geometriska formen ger ditt hem ett modernt men tidl\u00f6st uttryck \u2013 medan den sneda sk\u00e4rmen ger den ett unikt och intressant utseende fr\u00e5n alla vinklar. Gjord av galvaniserat st\u00e5l, och d\u00e4rf\u00f6r har armaturen en 15 \u00e5rs garanti mot [&hellip;]<\/p>\n","protected":false},"featured_media":49182,"comment_status":"open","ping_status":"closed","template":"","meta":{"_acf_changed":false,"_relevanssi_hide_post":"","_relevanssi_hide_content":"","_relevanssi_pin_for_all":"","_relevanssi_pin_keywords":"","_relevanssi_unpin_keywords":"","_relevanssi_related_keywords":"","_relevanssi_related_include_ids":"","_relevanssi_related_exclude_ids":"","_relevanssi_related_no_append":"","_relevanssi_related_not_related":"","_relevanssi_related_posts":"","_relevanssi_noindex_reason":""},"pwb-brand":[28730],"product_brand":[],"product_cat":[31890,32099],"product_tag":[40761,40762],"class_list":{"0":"post-102863","1":"product","2":"type-product","3":"status-publish","4":"has-post-thumbnail","6":"pwb-brand-nordlux","7":"product_cat-pollarit","8":"product_cat-pollare","9":"product_tag-kampanjanl","12":"first","13":"onbackorder","14":"taxable","15":"shipping-taxable","16":"purchasable","17":"product-type-simple"},"acf":[],"yoast_head":"<!-- This site is optimized with the Yoast SEO plugin v27.5 - https:\/\/yoast.com\/product\/yoast-seo-wordpress\/ -->\n<title>Pontio pollare galvaniserat st\u00e5l - Oy Noortrade Ab<\/title>\n<meta name=\"robots\" content=\"index, follow, max-snippet:-1, max-image-preview:large, max-video-preview:-1\" \/>\n<link rel=\"canonical\" href=\"https:\/\/shop.noor.fi\/tuote\/pontio-pollarivalaisin-galvanoitu-teras\/\" \/>\n<meta property=\"og:locale\" content=\"sv_SE\" \/>\n<meta property=\"og:type\" content=\"article\" \/>\n<meta property=\"og:title\" content=\"Pontio pollare galvaniserat st\u00e5l - Oy Noortrade Ab\" \/>\n<meta property=\"og:description\" content=\"Pontio \u00e4r en serie utomhuslampor av den danska designduon Says Who i en str\u00f6mlinjeformad, arkitektonisk design. Den geometriska formen ger ditt hem ett modernt men tidl\u00f6st uttryck \u2013 medan den sneda sk\u00e4rmen ger den ett unikt och intressant utseende fr\u00e5n alla vinklar. Gjord av galvaniserat st\u00e5l, och d\u00e4rf\u00f6r har armaturen en 15 \u00e5rs garanti mot [&hellip;]\" \/>\n<meta property=\"og:url\" content=\"https:\/\/shop.noor.fi\/tuote\/pontio-pollarivalaisin-galvanoitu-teras\/\" \/>\n<meta property=\"og:site_name\" content=\"Oy Noortrade Ab\" \/>\n<meta property=\"article:modified_time\" content=\"2026-03-23T13:29:56+00:00\" \/>\n<meta property=\"og:image\" content=\"https:\/\/shop.noor.fi\/wp-content\/uploads\/2023\/11\/5704924014932.jpg\" \/>\n\t<meta property=\"og:image:width\" content=\"1080\" \/>\n\t<meta property=\"og:image:height\" content=\"1080\" \/>\n\t<meta property=\"og:image:type\" content=\"image\/jpeg\" \/>\n<meta name=\"twitter:card\" content=\"summary_large_image\" \/>\n<meta name=\"twitter:label1\" content=\"Ber\u00e4knad l\u00e4stid\" \/>\n\t<meta name=\"twitter:data1\" content=\"1 minut\" \/>\n<script type=\"application\/ld+json\" class=\"yoast-schema-graph\">{\"@context\":\"https:\\\/\\\/schema.org\",\"@graph\":[{\"@type\":\"WebPage\",\"@id\":\"https:\\\/\\\/shop.noor.fi\\\/tuote\\\/pontio-pollarivalaisin-galvanoitu-teras\\\/\",\"url\":\"https:\\\/\\\/shop.noor.fi\\\/tuote\\\/pontio-pollarivalaisin-galvanoitu-teras\\\/\",\"name\":\"Pontio pollare galvaniserat st\u00e5l - Oy Noortrade Ab\",\"isPartOf\":{\"@id\":\"https:\\\/\\\/shopnoorfi-wp31835.test.cchosting.fi\\\/#website\"},\"primaryImageOfPage\":{\"@id\":\"https:\\\/\\\/shop.noor.fi\\\/tuote\\\/pontio-pollarivalaisin-galvanoitu-teras\\\/#primaryimage\"},\"image\":{\"@id\":\"https:\\\/\\\/shop.noor.fi\\\/tuote\\\/pontio-pollarivalaisin-galvanoitu-teras\\\/#primaryimage\"},\"thumbnailUrl\":\"https:\\\/\\\/shop.noor.fi\\\/wp-content\\\/uploads\\\/2023\\\/11\\\/5704924014932.jpg\",\"datePublished\":\"2023-11-01T14:10:22+00:00\",\"dateModified\":\"2026-03-23T13:29:56+00:00\",\"breadcrumb\":{\"@id\":\"https:\\\/\\\/shop.noor.fi\\\/tuote\\\/pontio-pollarivalaisin-galvanoitu-teras\\\/#breadcrumb\"},\"inLanguage\":\"sv-SE\",\"potentialAction\":[{\"@type\":\"ReadAction\",\"target\":[\"https:\\\/\\\/shop.noor.fi\\\/tuote\\\/pontio-pollarivalaisin-galvanoitu-teras\\\/\"]}]},{\"@type\":\"ImageObject\",\"inLanguage\":\"sv-SE\",\"@id\":\"https:\\\/\\\/shop.noor.fi\\\/tuote\\\/pontio-pollarivalaisin-galvanoitu-teras\\\/#primaryimage\",\"url\":\"https:\\\/\\\/shop.noor.fi\\\/wp-content\\\/uploads\\\/2023\\\/11\\\/5704924014932.jpg\",\"contentUrl\":\"https:\\\/\\\/shop.noor.fi\\\/wp-content\\\/uploads\\\/2023\\\/11\\\/5704924014932.jpg\",\"width\":1080,\"height\":1080},{\"@type\":\"BreadcrumbList\",\"@id\":\"https:\\\/\\\/shop.noor.fi\\\/tuote\\\/pontio-pollarivalaisin-galvanoitu-teras\\\/#breadcrumb\",\"itemListElement\":[{\"@type\":\"ListItem\",\"position\":1,\"name\":\"Etusivu\",\"item\":\"https:\\\/\\\/shop.noor.fi\\\/sv\\\/\"},{\"@type\":\"ListItem\",\"position\":2,\"name\":\"Butik\",\"item\":\"https:\\\/\\\/shopnoorfi-wp31835.test.cchosting.fi\\\/sv\\\/butik\\\/\"},{\"@type\":\"ListItem\",\"position\":3,\"name\":\"Pontio pollare galvaniserat st\u00e5l\"}]},{\"@type\":\"WebSite\",\"@id\":\"https:\\\/\\\/shopnoorfi-wp31835.test.cchosting.fi\\\/#website\",\"url\":\"https:\\\/\\\/shopnoorfi-wp31835.test.cchosting.fi\\\/\",\"name\":\"Oy Noortrade Ab\",\"description\":\"Finnish family owned company with over 30 years of professional experience in lighting &amp; interior products import and sales - reliably.\",\"publisher\":{\"@id\":\"https:\\\/\\\/shopnoorfi-wp31835.test.cchosting.fi\\\/#organization\"},\"potentialAction\":[{\"@type\":\"SearchAction\",\"target\":{\"@type\":\"EntryPoint\",\"urlTemplate\":\"https:\\\/\\\/shopnoorfi-wp31835.test.cchosting.fi\\\/?s={search_term_string}\"},\"query-input\":{\"@type\":\"PropertyValueSpecification\",\"valueRequired\":true,\"valueName\":\"search_term_string\"}}],\"inLanguage\":\"sv-SE\"},{\"@type\":\"Organization\",\"@id\":\"https:\\\/\\\/shopnoorfi-wp31835.test.cchosting.fi\\\/#organization\",\"name\":\"Oy Noortrade Ab\",\"url\":\"https:\\\/\\\/shopnoorfi-wp31835.test.cchosting.fi\\\/\",\"logo\":{\"@type\":\"ImageObject\",\"inLanguage\":\"sv-SE\",\"@id\":\"https:\\\/\\\/shopnoorfi-wp31835.test.cchosting.fi\\\/#\\\/schema\\\/logo\\\/image\\\/\",\"url\":\"https:\\\/\\\/shop.noor.fi\\\/wp-content\\\/uploads\\\/2024\\\/01\\\/Oy-Noortrade-Ab-Corbel-VERSAL-bold-BLACK.png\",\"contentUrl\":\"https:\\\/\\\/shop.noor.fi\\\/wp-content\\\/uploads\\\/2024\\\/01\\\/Oy-Noortrade-Ab-Corbel-VERSAL-bold-BLACK.png\",\"width\":721,\"height\":177,\"caption\":\"Oy Noortrade Ab\"},\"image\":{\"@id\":\"https:\\\/\\\/shopnoorfi-wp31835.test.cchosting.fi\\\/#\\\/schema\\\/logo\\\/image\\\/\"}}]}<\/script>\n<!-- \/ Yoast SEO plugin. -->","yoast_head_json":{"title":"Pontio pollare galvaniserat st\u00e5l - Oy Noortrade Ab","robots":{"index":"index","follow":"follow","max-snippet":"max-snippet:-1","max-image-preview":"max-image-preview:large","max-video-preview":"max-video-preview:-1"},"canonical":"https:\/\/shop.noor.fi\/tuote\/pontio-pollarivalaisin-galvanoitu-teras\/","og_locale":"sv_SE","og_type":"article","og_title":"Pontio pollare galvaniserat st\u00e5l - Oy Noortrade Ab","og_description":"Pontio \u00e4r en serie utomhuslampor av den danska designduon Says Who i en str\u00f6mlinjeformad, arkitektonisk design. Den geometriska formen ger ditt hem ett modernt men tidl\u00f6st uttryck \u2013 medan den sneda sk\u00e4rmen ger den ett unikt och intressant utseende fr\u00e5n alla vinklar. Gjord av galvaniserat st\u00e5l, och d\u00e4rf\u00f6r har armaturen en 15 \u00e5rs garanti mot [&hellip;]","og_url":"https:\/\/shop.noor.fi\/tuote\/pontio-pollarivalaisin-galvanoitu-teras\/","og_site_name":"Oy Noortrade Ab","article_modified_time":"2026-03-23T13:29:56+00:00","og_image":[{"width":1080,"height":1080,"url":"https:\/\/shop.noor.fi\/wp-content\/uploads\/2023\/11\/5704924014932.jpg","type":"image\/jpeg"}],"twitter_card":"summary_large_image","twitter_misc":{"Ber\u00e4knad l\u00e4stid":"1 minut"},"schema":{"@context":"https:\/\/schema.org","@graph":[{"@type":"WebPage","@id":"https:\/\/shop.noor.fi\/tuote\/pontio-pollarivalaisin-galvanoitu-teras\/","url":"https:\/\/shop.noor.fi\/tuote\/pontio-pollarivalaisin-galvanoitu-teras\/","name":"Pontio pollare galvaniserat st\u00e5l - Oy Noortrade Ab","isPartOf":{"@id":"https:\/\/shopnoorfi-wp31835.test.cchosting.fi\/#website"},"primaryImageOfPage":{"@id":"https:\/\/shop.noor.fi\/tuote\/pontio-pollarivalaisin-galvanoitu-teras\/#primaryimage"},"image":{"@id":"https:\/\/shop.noor.fi\/tuote\/pontio-pollarivalaisin-galvanoitu-teras\/#primaryimage"},"thumbnailUrl":"https:\/\/shop.noor.fi\/wp-content\/uploads\/2023\/11\/5704924014932.jpg","datePublished":"2023-11-01T14:10:22+00:00","dateModified":"2026-03-23T13:29:56+00:00","breadcrumb":{"@id":"https:\/\/shop.noor.fi\/tuote\/pontio-pollarivalaisin-galvanoitu-teras\/#breadcrumb"},"inLanguage":"sv-SE","potentialAction":[{"@type":"ReadAction","target":["https:\/\/shop.noor.fi\/tuote\/pontio-pollarivalaisin-galvanoitu-teras\/"]}]},{"@type":"ImageObject","inLanguage":"sv-SE","@id":"https:\/\/shop.noor.fi\/tuote\/pontio-pollarivalaisin-galvanoitu-teras\/#primaryimage","url":"https:\/\/shop.noor.fi\/wp-content\/uploads\/2023\/11\/5704924014932.jpg","contentUrl":"https:\/\/shop.noor.fi\/wp-content\/uploads\/2023\/11\/5704924014932.jpg","width":1080,"height":1080},{"@type":"BreadcrumbList","@id":"https:\/\/shop.noor.fi\/tuote\/pontio-pollarivalaisin-galvanoitu-teras\/#breadcrumb","itemListElement":[{"@type":"ListItem","position":1,"name":"Etusivu","item":"https:\/\/shop.noor.fi\/sv\/"},{"@type":"ListItem","position":2,"name":"Butik","item":"https:\/\/shopnoorfi-wp31835.test.cchosting.fi\/sv\/butik\/"},{"@type":"ListItem","position":3,"name":"Pontio pollare galvaniserat st\u00e5l"}]},{"@type":"WebSite","@id":"https:\/\/shopnoorfi-wp31835.test.cchosting.fi\/#website","url":"https:\/\/shopnoorfi-wp31835.test.cchosting.fi\/","name":"Oy Noortrade Ab","description":"Finnish family owned company with over 30 years of professional experience in lighting &amp; interior products import and sales - reliably.","publisher":{"@id":"https:\/\/shopnoorfi-wp31835.test.cchosting.fi\/#organization"},"potentialAction":[{"@type":"SearchAction","target":{"@type":"EntryPoint","urlTemplate":"https:\/\/shopnoorfi-wp31835.test.cchosting.fi\/?s={search_term_string}"},"query-input":{"@type":"PropertyValueSpecification","valueRequired":true,"valueName":"search_term_string"}}],"inLanguage":"sv-SE"},{"@type":"Organization","@id":"https:\/\/shopnoorfi-wp31835.test.cchosting.fi\/#organization","name":"Oy Noortrade Ab","url":"https:\/\/shopnoorfi-wp31835.test.cchosting.fi\/","logo":{"@type":"ImageObject","inLanguage":"sv-SE","@id":"https:\/\/shopnoorfi-wp31835.test.cchosting.fi\/#\/schema\/logo\/image\/","url":"https:\/\/shop.noor.fi\/wp-content\/uploads\/2024\/01\/Oy-Noortrade-Ab-Corbel-VERSAL-bold-BLACK.png","contentUrl":"https:\/\/shop.noor.fi\/wp-content\/uploads\/2024\/01\/Oy-Noortrade-Ab-Corbel-VERSAL-bold-BLACK.png","width":721,"height":177,"caption":"Oy Noortrade Ab"},"image":{"@id":"https:\/\/shopnoorfi-wp31835.test.cchosting.fi\/#\/schema\/logo\/image\/"}}]}},"brands":[{"id":28730,"name":"Nordlux","slug":"nordlux"}],"_links":{"self":[{"href":"https:\/\/shop.noor.fi\/sv\/wp-json\/wp\/v2\/product\/102863","targetHints":{"allow":["GET"]}}],"collection":[{"href":"https:\/\/shop.noor.fi\/sv\/wp-json\/wp\/v2\/product"}],"about":[{"href":"https:\/\/shop.noor.fi\/sv\/wp-json\/wp\/v2\/types\/product"}],"replies":[{"embeddable":true,"href":"https:\/\/shop.noor.fi\/sv\/wp-json\/wp\/v2\/comments?post=102863"}],"wp:featuredmedia":[{"embeddable":true,"href":"https:\/\/shop.noor.fi\/sv\/wp-json\/wp\/v2\/media\/49182"}],"wp:attachment":[{"href":"https:\/\/shop.noor.fi\/sv\/wp-json\/wp\/v2\/media?parent=102863"}],"wp:term":[{"taxonomy":"pwb-brand","embeddable":true,"href":"https:\/\/shop.noor.fi\/sv\/wp-json\/wp\/v2\/pwb-brand?post=102863"},{"taxonomy":"product_brand","embeddable":true,"href":"https:\/\/shop.noor.fi\/sv\/wp-json\/wp\/v2\/product_brand?post=102863"},{"taxonomy":"product_cat","embeddable":true,"href":"https:\/\/shop.noor.fi\/sv\/wp-json\/wp\/v2\/product_cat?post=102863"},{"taxonomy":"product_tag","embeddable":true,"href":"https:\/\/shop.noor.fi\/sv\/wp-json\/wp\/v2\/product_tag?post=102863"}],"curies":[{"name":"wp","href":"https:\/\/api.w.org\/{rel}","templated":true}]}}