{"id":102827,"date":"2023-11-01T16:08:42","date_gmt":"2023-11-01T14:08:42","guid":{"rendered":"https:\/\/shop.noor.fi\/product\/bring-12-uppladdningsbar-lampa-vit-gron\/"},"modified":"2026-03-23T15:28:58","modified_gmt":"2026-03-23T13:28:58","slug":"bring-12-uppladdningsbar-lampa-vit-gron","status":"publish","type":"product","link":"https:\/\/shop.noor.fi\/sv\/produkt\/bring-12-uppladdningsbar-lampa-vit-gron\/","title":{"rendered":"Bring 12 uppladdningsbar lampa vit\/gr\u00f6n"},"content":{"rendered":"<p>Bring \u00e4r en elegant och b\u00e4rbar uppladdningsbar utomhuslampa. Bring har en rund, upplyst yta som \u00e4r elegant omsluten av ett gummiband som \u00e4ven fungerar som praktiskt handtag eller upph\u00e4ngning. En l\u00e4tt tryckning aktiverar Moodmaker-funktionen och dimrar ljuset i tv\u00e5 steg. Ett extra tryck sl\u00e4cker ljuset. L\u00e5ng batteritid och en vattent\u00e5lig yta av \u00e5tervunnet material g\u00f6r den perfekt att ta med \u00f6verallt \u2013 till stranden, parken eller terrassen d\u00e4r den lyser upp under varma sommarkv\u00e4llar och skapar en trevlig och mysig atmosf\u00e4r. Lampan laddas enkelt med den medf\u00f6ljande USB-kabeln.<br \/>\nBatteritid enligt den valda ljusstyrkan 70lm\/8h, 20lm\/24h. Laddningstid ca 6 timmar.<br \/>\nLjusk\u00e4llan \u00e4r en integrerad LED modul som inte kan ers\u00e4ttas. Armaturen har 5 \u00e5rs LED-garanti.<\/p>\n<p>Kr\u00e4ver 5V 1A laddare (ing\u00e5r ej).<\/p>\n<p>Bredd 12 cm<br \/>\nDjup 9,3 cm<br \/>\nH\u00f6jd 26 cm<\/p>\n","protected":false},"excerpt":{"rendered":"<p>Bring \u00e4r en elegant och b\u00e4rbar uppladdningsbar utomhuslampa. Bring har en rund, upplyst yta som \u00e4r elegant omsluten av ett gummiband som \u00e4ven fungerar som praktiskt handtag eller upph\u00e4ngning. En l\u00e4tt tryckning aktiverar Moodmaker-funktionen och dimrar ljuset i tv\u00e5 steg. Ett extra tryck sl\u00e4cker ljuset. L\u00e5ng batteritid och en vattent\u00e5lig yta av \u00e5tervunnet material g\u00f6r [&hellip;]<\/p>\n","protected":false},"featured_media":49232,"comment_status":"open","ping_status":"closed","template":"","meta":{"_acf_changed":false,"_relevanssi_hide_post":"","_relevanssi_hide_content":"","_relevanssi_pin_for_all":"","_relevanssi_pin_keywords":"","_relevanssi_unpin_keywords":"","_relevanssi_related_keywords":"","_relevanssi_related_include_ids":"","_relevanssi_related_exclude_ids":"","_relevanssi_related_no_append":"","_relevanssi_related_not_related":"","_relevanssi_related_posts":"","_relevanssi_noindex_reason":""},"pwb-brand":[37488,28730],"product_brand":[],"product_cat":[32051,32052,31886,31806],"product_tag":[],"class_list":{"0":"post-102827","1":"product","2":"type-product","3":"status-publish","4":"has-post-thumbnail","6":"pwb-brand-nordlux-sv","7":"pwb-brand-nordlux","8":"product_cat-laddbara-lampor","9":"product_cat-laddbara-lampor-for-utomhusbruk","10":"product_cat-ladattavat-valaisimet-ulkokayttoon","11":"product_cat-ladattavat-valaisimet","13":"first","14":"instock","15":"taxable","16":"shipping-taxable","17":"purchasable","18":"product-type-simple"},"acf":[],"yoast_head":"<!-- This site is optimized with the Yoast SEO plugin v27.5 - https:\/\/yoast.com\/product\/yoast-seo-wordpress\/ -->\n<title>Bring 12 uppladdningsbar lampa vit\/gr\u00f6n - Oy Noortrade Ab<\/title>\n<meta name=\"robots\" content=\"index, follow, max-snippet:-1, max-image-preview:large, max-video-preview:-1\" \/>\n<link rel=\"canonical\" href=\"https:\/\/shop.noor.fi\/tuote\/bring-12-ladattava-valaisin-valkoinen-vihrea\/\" \/>\n<meta property=\"og:locale\" content=\"sv_SE\" \/>\n<meta property=\"og:type\" content=\"article\" \/>\n<meta property=\"og:title\" content=\"Bring 12 uppladdningsbar lampa vit\/gr\u00f6n - Oy Noortrade Ab\" \/>\n<meta property=\"og:description\" content=\"Bring \u00e4r en elegant och b\u00e4rbar uppladdningsbar utomhuslampa. Bring har en rund, upplyst yta som \u00e4r elegant omsluten av ett gummiband som \u00e4ven fungerar som praktiskt handtag eller upph\u00e4ngning. En l\u00e4tt tryckning aktiverar Moodmaker-funktionen och dimrar ljuset i tv\u00e5 steg. Ett extra tryck sl\u00e4cker ljuset. L\u00e5ng batteritid och en vattent\u00e5lig yta av \u00e5tervunnet material g\u00f6r [&hellip;]\" \/>\n<meta property=\"og:url\" content=\"https:\/\/shop.noor.fi\/tuote\/bring-12-ladattava-valaisin-valkoinen-vihrea\/\" \/>\n<meta property=\"og:site_name\" content=\"Oy Noortrade Ab\" \/>\n<meta property=\"article:modified_time\" content=\"2026-03-23T13:28:58+00:00\" \/>\n<meta property=\"og:image\" content=\"https:\/\/shop.noor.fi\/wp-content\/uploads\/2023\/11\/5704924014734.jpg\" \/>\n\t<meta property=\"og:image:width\" content=\"1081\" \/>\n\t<meta property=\"og:image:height\" content=\"1080\" \/>\n\t<meta property=\"og:image:type\" content=\"image\/jpeg\" \/>\n<meta name=\"twitter:card\" content=\"summary_large_image\" \/>\n<meta name=\"twitter:label1\" content=\"Ber\u00e4knad l\u00e4stid\" \/>\n\t<meta name=\"twitter:data1\" content=\"1 minut\" \/>\n<script type=\"application\/ld+json\" class=\"yoast-schema-graph\">{\"@context\":\"https:\\\/\\\/schema.org\",\"@graph\":[{\"@type\":\"WebPage\",\"@id\":\"https:\\\/\\\/shop.noor.fi\\\/tuote\\\/bring-12-ladattava-valaisin-valkoinen-vihrea\\\/\",\"url\":\"https:\\\/\\\/shop.noor.fi\\\/tuote\\\/bring-12-ladattava-valaisin-valkoinen-vihrea\\\/\",\"name\":\"Bring 12 uppladdningsbar lampa vit\\\/gr\u00f6n - Oy Noortrade Ab\",\"isPartOf\":{\"@id\":\"https:\\\/\\\/shopnoorfi-wp31835.test.cchosting.fi\\\/#website\"},\"primaryImageOfPage\":{\"@id\":\"https:\\\/\\\/shop.noor.fi\\\/tuote\\\/bring-12-ladattava-valaisin-valkoinen-vihrea\\\/#primaryimage\"},\"image\":{\"@id\":\"https:\\\/\\\/shop.noor.fi\\\/tuote\\\/bring-12-ladattava-valaisin-valkoinen-vihrea\\\/#primaryimage\"},\"thumbnailUrl\":\"https:\\\/\\\/shop.noor.fi\\\/wp-content\\\/uploads\\\/2023\\\/11\\\/5704924014734.jpg\",\"datePublished\":\"2023-11-01T14:08:42+00:00\",\"dateModified\":\"2026-03-23T13:28:58+00:00\",\"breadcrumb\":{\"@id\":\"https:\\\/\\\/shop.noor.fi\\\/tuote\\\/bring-12-ladattava-valaisin-valkoinen-vihrea\\\/#breadcrumb\"},\"inLanguage\":\"sv-SE\",\"potentialAction\":[{\"@type\":\"ReadAction\",\"target\":[\"https:\\\/\\\/shop.noor.fi\\\/tuote\\\/bring-12-ladattava-valaisin-valkoinen-vihrea\\\/\"]}]},{\"@type\":\"ImageObject\",\"inLanguage\":\"sv-SE\",\"@id\":\"https:\\\/\\\/shop.noor.fi\\\/tuote\\\/bring-12-ladattava-valaisin-valkoinen-vihrea\\\/#primaryimage\",\"url\":\"https:\\\/\\\/shop.noor.fi\\\/wp-content\\\/uploads\\\/2023\\\/11\\\/5704924014734.jpg\",\"contentUrl\":\"https:\\\/\\\/shop.noor.fi\\\/wp-content\\\/uploads\\\/2023\\\/11\\\/5704924014734.jpg\",\"width\":1081,\"height\":1080},{\"@type\":\"BreadcrumbList\",\"@id\":\"https:\\\/\\\/shop.noor.fi\\\/tuote\\\/bring-12-ladattava-valaisin-valkoinen-vihrea\\\/#breadcrumb\",\"itemListElement\":[{\"@type\":\"ListItem\",\"position\":1,\"name\":\"Etusivu\",\"item\":\"https:\\\/\\\/shop.noor.fi\\\/sv\\\/\"},{\"@type\":\"ListItem\",\"position\":2,\"name\":\"Butik\",\"item\":\"https:\\\/\\\/shopnoorfi-wp31835.test.cchosting.fi\\\/sv\\\/butik\\\/\"},{\"@type\":\"ListItem\",\"position\":3,\"name\":\"Bring 12 uppladdningsbar lampa vit\\\/gr\u00f6n\"}]},{\"@type\":\"WebSite\",\"@id\":\"https:\\\/\\\/shopnoorfi-wp31835.test.cchosting.fi\\\/#website\",\"url\":\"https:\\\/\\\/shopnoorfi-wp31835.test.cchosting.fi\\\/\",\"name\":\"Oy Noortrade Ab\",\"description\":\"Finnish family owned company with over 30 years of professional experience in lighting &amp; interior products import and sales - reliably.\",\"publisher\":{\"@id\":\"https:\\\/\\\/shopnoorfi-wp31835.test.cchosting.fi\\\/#organization\"},\"potentialAction\":[{\"@type\":\"SearchAction\",\"target\":{\"@type\":\"EntryPoint\",\"urlTemplate\":\"https:\\\/\\\/shopnoorfi-wp31835.test.cchosting.fi\\\/?s={search_term_string}\"},\"query-input\":{\"@type\":\"PropertyValueSpecification\",\"valueRequired\":true,\"valueName\":\"search_term_string\"}}],\"inLanguage\":\"sv-SE\"},{\"@type\":\"Organization\",\"@id\":\"https:\\\/\\\/shopnoorfi-wp31835.test.cchosting.fi\\\/#organization\",\"name\":\"Oy Noortrade Ab\",\"url\":\"https:\\\/\\\/shopnoorfi-wp31835.test.cchosting.fi\\\/\",\"logo\":{\"@type\":\"ImageObject\",\"inLanguage\":\"sv-SE\",\"@id\":\"https:\\\/\\\/shopnoorfi-wp31835.test.cchosting.fi\\\/#\\\/schema\\\/logo\\\/image\\\/\",\"url\":\"https:\\\/\\\/shop.noor.fi\\\/wp-content\\\/uploads\\\/2024\\\/01\\\/Oy-Noortrade-Ab-Corbel-VERSAL-bold-BLACK.png\",\"contentUrl\":\"https:\\\/\\\/shop.noor.fi\\\/wp-content\\\/uploads\\\/2024\\\/01\\\/Oy-Noortrade-Ab-Corbel-VERSAL-bold-BLACK.png\",\"width\":721,\"height\":177,\"caption\":\"Oy Noortrade Ab\"},\"image\":{\"@id\":\"https:\\\/\\\/shopnoorfi-wp31835.test.cchosting.fi\\\/#\\\/schema\\\/logo\\\/image\\\/\"}}]}<\/script>\n<!-- \/ Yoast SEO plugin. -->","yoast_head_json":{"title":"Bring 12 uppladdningsbar lampa vit\/gr\u00f6n - Oy Noortrade Ab","robots":{"index":"index","follow":"follow","max-snippet":"max-snippet:-1","max-image-preview":"max-image-preview:large","max-video-preview":"max-video-preview:-1"},"canonical":"https:\/\/shop.noor.fi\/tuote\/bring-12-ladattava-valaisin-valkoinen-vihrea\/","og_locale":"sv_SE","og_type":"article","og_title":"Bring 12 uppladdningsbar lampa vit\/gr\u00f6n - Oy Noortrade Ab","og_description":"Bring \u00e4r en elegant och b\u00e4rbar uppladdningsbar utomhuslampa. Bring har en rund, upplyst yta som \u00e4r elegant omsluten av ett gummiband som \u00e4ven fungerar som praktiskt handtag eller upph\u00e4ngning. En l\u00e4tt tryckning aktiverar Moodmaker-funktionen och dimrar ljuset i tv\u00e5 steg. Ett extra tryck sl\u00e4cker ljuset. L\u00e5ng batteritid och en vattent\u00e5lig yta av \u00e5tervunnet material g\u00f6r [&hellip;]","og_url":"https:\/\/shop.noor.fi\/tuote\/bring-12-ladattava-valaisin-valkoinen-vihrea\/","og_site_name":"Oy Noortrade Ab","article_modified_time":"2026-03-23T13:28:58+00:00","og_image":[{"width":1081,"height":1080,"url":"https:\/\/shop.noor.fi\/wp-content\/uploads\/2023\/11\/5704924014734.jpg","type":"image\/jpeg"}],"twitter_card":"summary_large_image","twitter_misc":{"Ber\u00e4knad l\u00e4stid":"1 minut"},"schema":{"@context":"https:\/\/schema.org","@graph":[{"@type":"WebPage","@id":"https:\/\/shop.noor.fi\/tuote\/bring-12-ladattava-valaisin-valkoinen-vihrea\/","url":"https:\/\/shop.noor.fi\/tuote\/bring-12-ladattava-valaisin-valkoinen-vihrea\/","name":"Bring 12 uppladdningsbar lampa vit\/gr\u00f6n - Oy Noortrade Ab","isPartOf":{"@id":"https:\/\/shopnoorfi-wp31835.test.cchosting.fi\/#website"},"primaryImageOfPage":{"@id":"https:\/\/shop.noor.fi\/tuote\/bring-12-ladattava-valaisin-valkoinen-vihrea\/#primaryimage"},"image":{"@id":"https:\/\/shop.noor.fi\/tuote\/bring-12-ladattava-valaisin-valkoinen-vihrea\/#primaryimage"},"thumbnailUrl":"https:\/\/shop.noor.fi\/wp-content\/uploads\/2023\/11\/5704924014734.jpg","datePublished":"2023-11-01T14:08:42+00:00","dateModified":"2026-03-23T13:28:58+00:00","breadcrumb":{"@id":"https:\/\/shop.noor.fi\/tuote\/bring-12-ladattava-valaisin-valkoinen-vihrea\/#breadcrumb"},"inLanguage":"sv-SE","potentialAction":[{"@type":"ReadAction","target":["https:\/\/shop.noor.fi\/tuote\/bring-12-ladattava-valaisin-valkoinen-vihrea\/"]}]},{"@type":"ImageObject","inLanguage":"sv-SE","@id":"https:\/\/shop.noor.fi\/tuote\/bring-12-ladattava-valaisin-valkoinen-vihrea\/#primaryimage","url":"https:\/\/shop.noor.fi\/wp-content\/uploads\/2023\/11\/5704924014734.jpg","contentUrl":"https:\/\/shop.noor.fi\/wp-content\/uploads\/2023\/11\/5704924014734.jpg","width":1081,"height":1080},{"@type":"BreadcrumbList","@id":"https:\/\/shop.noor.fi\/tuote\/bring-12-ladattava-valaisin-valkoinen-vihrea\/#breadcrumb","itemListElement":[{"@type":"ListItem","position":1,"name":"Etusivu","item":"https:\/\/shop.noor.fi\/sv\/"},{"@type":"ListItem","position":2,"name":"Butik","item":"https:\/\/shopnoorfi-wp31835.test.cchosting.fi\/sv\/butik\/"},{"@type":"ListItem","position":3,"name":"Bring 12 uppladdningsbar lampa vit\/gr\u00f6n"}]},{"@type":"WebSite","@id":"https:\/\/shopnoorfi-wp31835.test.cchosting.fi\/#website","url":"https:\/\/shopnoorfi-wp31835.test.cchosting.fi\/","name":"Oy Noortrade Ab","description":"Finnish family owned company with over 30 years of professional experience in lighting &amp; interior products import and sales - reliably.","publisher":{"@id":"https:\/\/shopnoorfi-wp31835.test.cchosting.fi\/#organization"},"potentialAction":[{"@type":"SearchAction","target":{"@type":"EntryPoint","urlTemplate":"https:\/\/shopnoorfi-wp31835.test.cchosting.fi\/?s={search_term_string}"},"query-input":{"@type":"PropertyValueSpecification","valueRequired":true,"valueName":"search_term_string"}}],"inLanguage":"sv-SE"},{"@type":"Organization","@id":"https:\/\/shopnoorfi-wp31835.test.cchosting.fi\/#organization","name":"Oy Noortrade Ab","url":"https:\/\/shopnoorfi-wp31835.test.cchosting.fi\/","logo":{"@type":"ImageObject","inLanguage":"sv-SE","@id":"https:\/\/shopnoorfi-wp31835.test.cchosting.fi\/#\/schema\/logo\/image\/","url":"https:\/\/shop.noor.fi\/wp-content\/uploads\/2024\/01\/Oy-Noortrade-Ab-Corbel-VERSAL-bold-BLACK.png","contentUrl":"https:\/\/shop.noor.fi\/wp-content\/uploads\/2024\/01\/Oy-Noortrade-Ab-Corbel-VERSAL-bold-BLACK.png","width":721,"height":177,"caption":"Oy Noortrade Ab"},"image":{"@id":"https:\/\/shopnoorfi-wp31835.test.cchosting.fi\/#\/schema\/logo\/image\/"}}]}},"brands":[{"id":28730,"name":"Nordlux","slug":"nordlux"},{"id":37488,"name":"Nordlux","slug":"nordlux-sv"}],"_links":{"self":[{"href":"https:\/\/shop.noor.fi\/sv\/wp-json\/wp\/v2\/product\/102827","targetHints":{"allow":["GET"]}}],"collection":[{"href":"https:\/\/shop.noor.fi\/sv\/wp-json\/wp\/v2\/product"}],"about":[{"href":"https:\/\/shop.noor.fi\/sv\/wp-json\/wp\/v2\/types\/product"}],"replies":[{"embeddable":true,"href":"https:\/\/shop.noor.fi\/sv\/wp-json\/wp\/v2\/comments?post=102827"}],"wp:featuredmedia":[{"embeddable":true,"href":"https:\/\/shop.noor.fi\/sv\/wp-json\/wp\/v2\/media\/49232"}],"wp:attachment":[{"href":"https:\/\/shop.noor.fi\/sv\/wp-json\/wp\/v2\/media?parent=102827"}],"wp:term":[{"taxonomy":"pwb-brand","embeddable":true,"href":"https:\/\/shop.noor.fi\/sv\/wp-json\/wp\/v2\/pwb-brand?post=102827"},{"taxonomy":"product_brand","embeddable":true,"href":"https:\/\/shop.noor.fi\/sv\/wp-json\/wp\/v2\/product_brand?post=102827"},{"taxonomy":"product_cat","embeddable":true,"href":"https:\/\/shop.noor.fi\/sv\/wp-json\/wp\/v2\/product_cat?post=102827"},{"taxonomy":"product_tag","embeddable":true,"href":"https:\/\/shop.noor.fi\/sv\/wp-json\/wp\/v2\/product_tag?post=102827"}],"curies":[{"name":"wp","href":"https:\/\/api.w.org\/{rel}","templated":true}]}}