{"id":102806,"date":"2023-11-01T16:07:41","date_gmt":"2023-11-01T14:07:41","guid":{"rendered":"https:\/\/shop.noor.fi\/product\/carmen-pendel-svart\/"},"modified":"2026-03-23T14:20:31","modified_gmt":"2026-03-23T12:20:31","slug":"carmen-pendel-svart","status":"publish","type":"product","link":"https:\/\/shop.noor.fi\/sv\/produkt\/carmen-pendel-svart\/","title":{"rendered":"Carmen pendel svart"},"content":{"rendered":"<p>Carmen \u00e4r en familj med ett minimalistiskt och klassiskt men \u00e4nd\u00e5 mjukt och rundat designuttryck. Sk\u00e4rmarna i flera lager s\u00e4kerst\u00e4ller ett mjukt och bl\u00e4ndfritt ljus som skapar den perfekta atmosf\u00e4ren ovanf\u00f6r matbordet.<br \/>\nSk\u00e4rmarna \u00e4r vita p\u00e5 insidan.<br \/>\nSladdl\u00e4ngd 200 cm. Krokupph\u00e4ng, kopplingsplint. Takplugg ing\u00e5r ej.<br \/>\nE27. Ljusk\u00e4lla ing\u00e5r ej.<\/p>\n<p>Diameter 45 cm<br \/>\nH\u00f6jd 15 cm<br \/>\nTakkopp 12 cm i diameter, h\u00f6jd 9 cm<\/p>\n","protected":false},"excerpt":{"rendered":"<p>Carmen \u00e4r en familj med ett minimalistiskt och klassiskt men \u00e4nd\u00e5 mjukt och rundat designuttryck. Sk\u00e4rmarna i flera lager s\u00e4kerst\u00e4ller ett mjukt och bl\u00e4ndfritt ljus som skapar den perfekta atmosf\u00e4ren ovanf\u00f6r matbordet. Sk\u00e4rmarna \u00e4r vita p\u00e5 insidan. Sladdl\u00e4ngd 200 cm. Krokupph\u00e4ng, kopplingsplint. Takplugg ing\u00e5r ej. E27. Ljusk\u00e4lla ing\u00e5r ej. Diameter 45 cm H\u00f6jd 15 cm [&hellip;]<\/p>\n","protected":false},"featured_media":49872,"comment_status":"open","ping_status":"closed","template":"","meta":{"_acf_changed":false,"_relevanssi_hide_post":"","_relevanssi_hide_content":"","_relevanssi_pin_for_all":"","_relevanssi_pin_keywords":"","_relevanssi_unpin_keywords":"","_relevanssi_related_keywords":"","_relevanssi_related_include_ids":"","_relevanssi_related_exclude_ids":"","_relevanssi_related_no_append":"","_relevanssi_related_not_related":"","_relevanssi_related_posts":"","_relevanssi_noindex_reason":""},"pwb-brand":[28730],"product_brand":[],"product_cat":[32115],"product_tag":[],"class_list":{"0":"post-102806","1":"product","2":"type-product","3":"status-publish","4":"has-post-thumbnail","6":"pwb-brand-nordlux","7":"product_cat-pendlar","9":"first","10":"instock","11":"taxable","12":"shipping-taxable","13":"purchasable","14":"product-type-simple"},"acf":[],"yoast_head":"<!-- This site is optimized with the Yoast SEO plugin v27.5 - https:\/\/yoast.com\/product\/yoast-seo-wordpress\/ -->\n<title>Carmen pendel svart - Oy Noortrade Ab<\/title>\n<meta name=\"robots\" content=\"index, follow, max-snippet:-1, max-image-preview:large, max-video-preview:-1\" \/>\n<link rel=\"canonical\" href=\"https:\/\/shop.noor.fi\/produkt\/carmen-riippuvalaisin-musta\/\" \/>\n<meta property=\"og:locale\" content=\"sv_SE\" \/>\n<meta property=\"og:type\" content=\"article\" \/>\n<meta property=\"og:title\" content=\"Carmen pendel svart - Oy Noortrade Ab\" \/>\n<meta property=\"og:description\" content=\"Carmen \u00e4r en familj med ett minimalistiskt och klassiskt men \u00e4nd\u00e5 mjukt och rundat designuttryck. Sk\u00e4rmarna i flera lager s\u00e4kerst\u00e4ller ett mjukt och bl\u00e4ndfritt ljus som skapar den perfekta atmosf\u00e4ren ovanf\u00f6r matbordet. Sk\u00e4rmarna \u00e4r vita p\u00e5 insidan. Sladdl\u00e4ngd 200 cm. Krokupph\u00e4ng, kopplingsplint. Takplugg ing\u00e5r ej. E27. Ljusk\u00e4lla ing\u00e5r ej. Diameter 45 cm H\u00f6jd 15 cm [&hellip;]\" \/>\n<meta property=\"og:url\" content=\"https:\/\/shop.noor.fi\/produkt\/carmen-riippuvalaisin-musta\/\" \/>\n<meta property=\"og:site_name\" content=\"Oy Noortrade Ab\" \/>\n<meta property=\"article:modified_time\" content=\"2026-03-23T12:20:31+00:00\" \/>\n<meta property=\"og:image\" content=\"https:\/\/shop.noor.fi\/wp-content\/uploads\/2023\/11\/5704924012310.jpg\" \/>\n\t<meta property=\"og:image:width\" content=\"1080\" \/>\n\t<meta property=\"og:image:height\" content=\"1080\" \/>\n\t<meta property=\"og:image:type\" content=\"image\/jpeg\" \/>\n<meta name=\"twitter:card\" content=\"summary_large_image\" \/>\n<script type=\"application\/ld+json\" class=\"yoast-schema-graph\">{\"@context\":\"https:\\\/\\\/schema.org\",\"@graph\":[{\"@type\":\"WebPage\",\"@id\":\"https:\\\/\\\/shop.noor.fi\\\/produkt\\\/carmen-riippuvalaisin-musta\\\/\",\"url\":\"https:\\\/\\\/shop.noor.fi\\\/produkt\\\/carmen-riippuvalaisin-musta\\\/\",\"name\":\"Carmen pendel svart - Oy Noortrade Ab\",\"isPartOf\":{\"@id\":\"https:\\\/\\\/shopnoorfi-wp31835.test.cchosting.fi\\\/#website\"},\"primaryImageOfPage\":{\"@id\":\"https:\\\/\\\/shop.noor.fi\\\/produkt\\\/carmen-riippuvalaisin-musta\\\/#primaryimage\"},\"image\":{\"@id\":\"https:\\\/\\\/shop.noor.fi\\\/produkt\\\/carmen-riippuvalaisin-musta\\\/#primaryimage\"},\"thumbnailUrl\":\"https:\\\/\\\/shop.noor.fi\\\/wp-content\\\/uploads\\\/2023\\\/11\\\/5704924012310.jpg\",\"datePublished\":\"2023-11-01T14:07:41+00:00\",\"dateModified\":\"2026-03-23T12:20:31+00:00\",\"breadcrumb\":{\"@id\":\"https:\\\/\\\/shop.noor.fi\\\/produkt\\\/carmen-riippuvalaisin-musta\\\/#breadcrumb\"},\"inLanguage\":\"sv-SE\",\"potentialAction\":[{\"@type\":\"ReadAction\",\"target\":[\"https:\\\/\\\/shop.noor.fi\\\/produkt\\\/carmen-riippuvalaisin-musta\\\/\"]}]},{\"@type\":\"ImageObject\",\"inLanguage\":\"sv-SE\",\"@id\":\"https:\\\/\\\/shop.noor.fi\\\/produkt\\\/carmen-riippuvalaisin-musta\\\/#primaryimage\",\"url\":\"https:\\\/\\\/shop.noor.fi\\\/wp-content\\\/uploads\\\/2023\\\/11\\\/5704924012310.jpg\",\"contentUrl\":\"https:\\\/\\\/shop.noor.fi\\\/wp-content\\\/uploads\\\/2023\\\/11\\\/5704924012310.jpg\",\"width\":1080,\"height\":1080},{\"@type\":\"BreadcrumbList\",\"@id\":\"https:\\\/\\\/shop.noor.fi\\\/produkt\\\/carmen-riippuvalaisin-musta\\\/#breadcrumb\",\"itemListElement\":[{\"@type\":\"ListItem\",\"position\":1,\"name\":\"Etusivu\",\"item\":\"https:\\\/\\\/shop.noor.fi\\\/sv\\\/\"},{\"@type\":\"ListItem\",\"position\":2,\"name\":\"Butik\",\"item\":\"https:\\\/\\\/shopnoorfi-wp31835.test.cchosting.fi\\\/sv\\\/butik\\\/\"},{\"@type\":\"ListItem\",\"position\":3,\"name\":\"Carmen pendel svart\"}]},{\"@type\":\"WebSite\",\"@id\":\"https:\\\/\\\/shopnoorfi-wp31835.test.cchosting.fi\\\/#website\",\"url\":\"https:\\\/\\\/shopnoorfi-wp31835.test.cchosting.fi\\\/\",\"name\":\"Oy Noortrade Ab\",\"description\":\"Finnish family owned company with over 30 years of professional experience in lighting &amp; interior products import and sales - reliably.\",\"publisher\":{\"@id\":\"https:\\\/\\\/shopnoorfi-wp31835.test.cchosting.fi\\\/#organization\"},\"potentialAction\":[{\"@type\":\"SearchAction\",\"target\":{\"@type\":\"EntryPoint\",\"urlTemplate\":\"https:\\\/\\\/shopnoorfi-wp31835.test.cchosting.fi\\\/?s={search_term_string}\"},\"query-input\":{\"@type\":\"PropertyValueSpecification\",\"valueRequired\":true,\"valueName\":\"search_term_string\"}}],\"inLanguage\":\"sv-SE\"},{\"@type\":\"Organization\",\"@id\":\"https:\\\/\\\/shopnoorfi-wp31835.test.cchosting.fi\\\/#organization\",\"name\":\"Oy Noortrade Ab\",\"url\":\"https:\\\/\\\/shopnoorfi-wp31835.test.cchosting.fi\\\/\",\"logo\":{\"@type\":\"ImageObject\",\"inLanguage\":\"sv-SE\",\"@id\":\"https:\\\/\\\/shopnoorfi-wp31835.test.cchosting.fi\\\/#\\\/schema\\\/logo\\\/image\\\/\",\"url\":\"https:\\\/\\\/shop.noor.fi\\\/wp-content\\\/uploads\\\/2024\\\/01\\\/Oy-Noortrade-Ab-Corbel-VERSAL-bold-BLACK.png\",\"contentUrl\":\"https:\\\/\\\/shop.noor.fi\\\/wp-content\\\/uploads\\\/2024\\\/01\\\/Oy-Noortrade-Ab-Corbel-VERSAL-bold-BLACK.png\",\"width\":721,\"height\":177,\"caption\":\"Oy Noortrade Ab\"},\"image\":{\"@id\":\"https:\\\/\\\/shopnoorfi-wp31835.test.cchosting.fi\\\/#\\\/schema\\\/logo\\\/image\\\/\"}}]}<\/script>\n<!-- \/ Yoast SEO plugin. -->","yoast_head_json":{"title":"Carmen pendel svart - Oy Noortrade Ab","robots":{"index":"index","follow":"follow","max-snippet":"max-snippet:-1","max-image-preview":"max-image-preview:large","max-video-preview":"max-video-preview:-1"},"canonical":"https:\/\/shop.noor.fi\/produkt\/carmen-riippuvalaisin-musta\/","og_locale":"sv_SE","og_type":"article","og_title":"Carmen pendel svart - Oy Noortrade Ab","og_description":"Carmen \u00e4r en familj med ett minimalistiskt och klassiskt men \u00e4nd\u00e5 mjukt och rundat designuttryck. Sk\u00e4rmarna i flera lager s\u00e4kerst\u00e4ller ett mjukt och bl\u00e4ndfritt ljus som skapar den perfekta atmosf\u00e4ren ovanf\u00f6r matbordet. Sk\u00e4rmarna \u00e4r vita p\u00e5 insidan. Sladdl\u00e4ngd 200 cm. Krokupph\u00e4ng, kopplingsplint. Takplugg ing\u00e5r ej. E27. Ljusk\u00e4lla ing\u00e5r ej. Diameter 45 cm H\u00f6jd 15 cm [&hellip;]","og_url":"https:\/\/shop.noor.fi\/produkt\/carmen-riippuvalaisin-musta\/","og_site_name":"Oy Noortrade Ab","article_modified_time":"2026-03-23T12:20:31+00:00","og_image":[{"width":1080,"height":1080,"url":"https:\/\/shop.noor.fi\/wp-content\/uploads\/2023\/11\/5704924012310.jpg","type":"image\/jpeg"}],"twitter_card":"summary_large_image","schema":{"@context":"https:\/\/schema.org","@graph":[{"@type":"WebPage","@id":"https:\/\/shop.noor.fi\/produkt\/carmen-riippuvalaisin-musta\/","url":"https:\/\/shop.noor.fi\/produkt\/carmen-riippuvalaisin-musta\/","name":"Carmen pendel svart - Oy Noortrade Ab","isPartOf":{"@id":"https:\/\/shopnoorfi-wp31835.test.cchosting.fi\/#website"},"primaryImageOfPage":{"@id":"https:\/\/shop.noor.fi\/produkt\/carmen-riippuvalaisin-musta\/#primaryimage"},"image":{"@id":"https:\/\/shop.noor.fi\/produkt\/carmen-riippuvalaisin-musta\/#primaryimage"},"thumbnailUrl":"https:\/\/shop.noor.fi\/wp-content\/uploads\/2023\/11\/5704924012310.jpg","datePublished":"2023-11-01T14:07:41+00:00","dateModified":"2026-03-23T12:20:31+00:00","breadcrumb":{"@id":"https:\/\/shop.noor.fi\/produkt\/carmen-riippuvalaisin-musta\/#breadcrumb"},"inLanguage":"sv-SE","potentialAction":[{"@type":"ReadAction","target":["https:\/\/shop.noor.fi\/produkt\/carmen-riippuvalaisin-musta\/"]}]},{"@type":"ImageObject","inLanguage":"sv-SE","@id":"https:\/\/shop.noor.fi\/produkt\/carmen-riippuvalaisin-musta\/#primaryimage","url":"https:\/\/shop.noor.fi\/wp-content\/uploads\/2023\/11\/5704924012310.jpg","contentUrl":"https:\/\/shop.noor.fi\/wp-content\/uploads\/2023\/11\/5704924012310.jpg","width":1080,"height":1080},{"@type":"BreadcrumbList","@id":"https:\/\/shop.noor.fi\/produkt\/carmen-riippuvalaisin-musta\/#breadcrumb","itemListElement":[{"@type":"ListItem","position":1,"name":"Etusivu","item":"https:\/\/shop.noor.fi\/sv\/"},{"@type":"ListItem","position":2,"name":"Butik","item":"https:\/\/shopnoorfi-wp31835.test.cchosting.fi\/sv\/butik\/"},{"@type":"ListItem","position":3,"name":"Carmen pendel svart"}]},{"@type":"WebSite","@id":"https:\/\/shopnoorfi-wp31835.test.cchosting.fi\/#website","url":"https:\/\/shopnoorfi-wp31835.test.cchosting.fi\/","name":"Oy Noortrade Ab","description":"Finnish family owned company with over 30 years of professional experience in lighting &amp; interior products import and sales - reliably.","publisher":{"@id":"https:\/\/shopnoorfi-wp31835.test.cchosting.fi\/#organization"},"potentialAction":[{"@type":"SearchAction","target":{"@type":"EntryPoint","urlTemplate":"https:\/\/shopnoorfi-wp31835.test.cchosting.fi\/?s={search_term_string}"},"query-input":{"@type":"PropertyValueSpecification","valueRequired":true,"valueName":"search_term_string"}}],"inLanguage":"sv-SE"},{"@type":"Organization","@id":"https:\/\/shopnoorfi-wp31835.test.cchosting.fi\/#organization","name":"Oy Noortrade Ab","url":"https:\/\/shopnoorfi-wp31835.test.cchosting.fi\/","logo":{"@type":"ImageObject","inLanguage":"sv-SE","@id":"https:\/\/shopnoorfi-wp31835.test.cchosting.fi\/#\/schema\/logo\/image\/","url":"https:\/\/shop.noor.fi\/wp-content\/uploads\/2024\/01\/Oy-Noortrade-Ab-Corbel-VERSAL-bold-BLACK.png","contentUrl":"https:\/\/shop.noor.fi\/wp-content\/uploads\/2024\/01\/Oy-Noortrade-Ab-Corbel-VERSAL-bold-BLACK.png","width":721,"height":177,"caption":"Oy Noortrade Ab"},"image":{"@id":"https:\/\/shopnoorfi-wp31835.test.cchosting.fi\/#\/schema\/logo\/image\/"}}]}},"brands":[{"id":28730,"name":"Nordlux","slug":"nordlux"}],"_links":{"self":[{"href":"https:\/\/shop.noor.fi\/sv\/wp-json\/wp\/v2\/product\/102806","targetHints":{"allow":["GET"]}}],"collection":[{"href":"https:\/\/shop.noor.fi\/sv\/wp-json\/wp\/v2\/product"}],"about":[{"href":"https:\/\/shop.noor.fi\/sv\/wp-json\/wp\/v2\/types\/product"}],"replies":[{"embeddable":true,"href":"https:\/\/shop.noor.fi\/sv\/wp-json\/wp\/v2\/comments?post=102806"}],"wp:featuredmedia":[{"embeddable":true,"href":"https:\/\/shop.noor.fi\/sv\/wp-json\/wp\/v2\/media\/49872"}],"wp:attachment":[{"href":"https:\/\/shop.noor.fi\/sv\/wp-json\/wp\/v2\/media?parent=102806"}],"wp:term":[{"taxonomy":"pwb-brand","embeddable":true,"href":"https:\/\/shop.noor.fi\/sv\/wp-json\/wp\/v2\/pwb-brand?post=102806"},{"taxonomy":"product_brand","embeddable":true,"href":"https:\/\/shop.noor.fi\/sv\/wp-json\/wp\/v2\/product_brand?post=102806"},{"taxonomy":"product_cat","embeddable":true,"href":"https:\/\/shop.noor.fi\/sv\/wp-json\/wp\/v2\/product_cat?post=102806"},{"taxonomy":"product_tag","embeddable":true,"href":"https:\/\/shop.noor.fi\/sv\/wp-json\/wp\/v2\/product_tag?post=102806"}],"curies":[{"name":"wp","href":"https:\/\/api.w.org\/{rel}","templated":true}]}}