{"id":102804,"date":"2023-11-01T16:07:35","date_gmt":"2023-11-01T14:07:35","guid":{"rendered":"https:\/\/shop.noor.fi\/product\/lilly-bordarmatur-gra-marmor\/"},"modified":"2026-01-20T13:48:03","modified_gmt":"2026-01-20T11:48:03","slug":"lilly-bordarmatur-gra-marmor","status":"publish","type":"product","link":"https:\/\/shop.noor.fi\/sv\/produkt\/lilly-bordarmatur-gra-marmor\/","title":{"rendered":"Lilly bordarmatur gr\u00e5 marmor"},"content":{"rendered":"<p>Lilly \u00e4r en mycket dekorativ serie som kombinerar enkelhet och elegans p\u00e5 allra finaste s\u00e4tt. Ett stilrent samspel mellan den tunga marmorfoten och den upplysta, opalvita glaskupolen skapar ett modernt designuttryck med art d\u00e9co-referenser. Marmor \u00e4r ett naturmaterial och d\u00e4rf\u00f6r kan linjer, f\u00e4rger och m\u00f6nster variera fr\u00e5n lampa till lampa.<br \/>\nIP20, klass 2. E14, max 25W. Ljusk\u00e4lla ing\u00e5r ej.<br \/>\n150 cm sladd med str\u00f6mbrytare.<br \/>\n230V.<\/p>\n<p>H\u00f6jd: 28,5 cm<br \/>\nDiameter: 15 cm<br \/>\nBas i diameter: 8 cm<\/p>\n","protected":false},"excerpt":{"rendered":"<p>Lilly \u00e4r en mycket dekorativ serie som kombinerar enkelhet och elegans p\u00e5 allra finaste s\u00e4tt. Ett stilrent samspel mellan den tunga marmorfoten och den upplysta, opalvita glaskupolen skapar ett modernt designuttryck med art d\u00e9co-referenser. Marmor \u00e4r ett naturmaterial och d\u00e4rf\u00f6r kan linjer, f\u00e4rger och m\u00f6nster variera fr\u00e5n lampa till lampa. IP20, klass 2. E14, max [&hellip;]<\/p>\n","protected":false},"featured_media":49889,"comment_status":"open","ping_status":"closed","template":"","meta":{"_acf_changed":false,"_relevanssi_hide_post":"","_relevanssi_hide_content":"","_relevanssi_pin_for_all":"","_relevanssi_pin_keywords":"","_relevanssi_unpin_keywords":"","_relevanssi_related_keywords":"","_relevanssi_related_include_ids":"","_relevanssi_related_exclude_ids":"","_relevanssi_related_no_append":"","_relevanssi_related_not_related":"","_relevanssi_related_posts":"","_relevanssi_noindex_reason":""},"pwb-brand":[37488],"product_brand":[],"product_cat":[32105],"product_tag":[],"class_list":{"0":"post-102804","1":"product","2":"type-product","3":"status-publish","4":"has-post-thumbnail","6":"pwb-brand-nordlux-sv","7":"product_cat-bordslampor","9":"first","10":"instock","11":"taxable","12":"shipping-taxable","13":"purchasable","14":"product-type-simple"},"acf":[],"yoast_head":"<!-- This site is optimized with the Yoast SEO plugin v27.6 - https:\/\/yoast.com\/product\/yoast-seo-wordpress\/ -->\n<title>Lilly bordarmatur gr\u00e5 marmor - Oy Noortrade Ab<\/title>\n<meta name=\"robots\" content=\"index, follow, max-snippet:-1, max-image-preview:large, max-video-preview:-1\" \/>\n<link rel=\"canonical\" href=\"https:\/\/shop.noor.fi\/produkt\/lilly-poytavalaisin-harmaa-marmori\/\" \/>\n<meta property=\"og:locale\" content=\"sv_SE\" \/>\n<meta property=\"og:type\" content=\"article\" \/>\n<meta property=\"og:title\" content=\"Lilly bordarmatur gr\u00e5 marmor - Oy Noortrade Ab\" \/>\n<meta property=\"og:description\" content=\"Lilly \u00e4r en mycket dekorativ serie som kombinerar enkelhet och elegans p\u00e5 allra finaste s\u00e4tt. Ett stilrent samspel mellan den tunga marmorfoten och den upplysta, opalvita glaskupolen skapar ett modernt designuttryck med art d\u00e9co-referenser. Marmor \u00e4r ett naturmaterial och d\u00e4rf\u00f6r kan linjer, f\u00e4rger och m\u00f6nster variera fr\u00e5n lampa till lampa. IP20, klass 2. E14, max [&hellip;]\" \/>\n<meta property=\"og:url\" content=\"https:\/\/shop.noor.fi\/produkt\/lilly-poytavalaisin-harmaa-marmori\/\" \/>\n<meta property=\"og:site_name\" content=\"Oy Noortrade Ab\" \/>\n<meta property=\"article:modified_time\" content=\"2026-01-20T11:48:03+00:00\" \/>\n<meta property=\"og:image\" content=\"https:\/\/shop.noor.fi\/wp-content\/uploads\/2023\/11\/5704924012297.jpg\" \/>\n\t<meta property=\"og:image:width\" content=\"1080\" \/>\n\t<meta property=\"og:image:height\" content=\"1080\" \/>\n\t<meta property=\"og:image:type\" content=\"image\/jpeg\" \/>\n<meta name=\"twitter:card\" content=\"summary_large_image\" \/>\n<script type=\"application\/ld+json\" class=\"yoast-schema-graph\">{\"@context\":\"https:\\\/\\\/schema.org\",\"@graph\":[{\"@type\":\"WebPage\",\"@id\":\"https:\\\/\\\/shop.noor.fi\\\/produkt\\\/lilly-poytavalaisin-harmaa-marmori\\\/\",\"url\":\"https:\\\/\\\/shop.noor.fi\\\/produkt\\\/lilly-poytavalaisin-harmaa-marmori\\\/\",\"name\":\"Lilly bordarmatur gr\u00e5 marmor - Oy Noortrade Ab\",\"isPartOf\":{\"@id\":\"https:\\\/\\\/shopnoorfi-wp31835.test.cchosting.fi\\\/#website\"},\"primaryImageOfPage\":{\"@id\":\"https:\\\/\\\/shop.noor.fi\\\/produkt\\\/lilly-poytavalaisin-harmaa-marmori\\\/#primaryimage\"},\"image\":{\"@id\":\"https:\\\/\\\/shop.noor.fi\\\/produkt\\\/lilly-poytavalaisin-harmaa-marmori\\\/#primaryimage\"},\"thumbnailUrl\":\"https:\\\/\\\/shop.noor.fi\\\/wp-content\\\/uploads\\\/2023\\\/11\\\/5704924012297.jpg\",\"datePublished\":\"2023-11-01T14:07:35+00:00\",\"dateModified\":\"2026-01-20T11:48:03+00:00\",\"breadcrumb\":{\"@id\":\"https:\\\/\\\/shop.noor.fi\\\/produkt\\\/lilly-poytavalaisin-harmaa-marmori\\\/#breadcrumb\"},\"inLanguage\":\"sv-SE\",\"potentialAction\":[{\"@type\":\"ReadAction\",\"target\":[\"https:\\\/\\\/shop.noor.fi\\\/produkt\\\/lilly-poytavalaisin-harmaa-marmori\\\/\"]}]},{\"@type\":\"ImageObject\",\"inLanguage\":\"sv-SE\",\"@id\":\"https:\\\/\\\/shop.noor.fi\\\/produkt\\\/lilly-poytavalaisin-harmaa-marmori\\\/#primaryimage\",\"url\":\"https:\\\/\\\/shop.noor.fi\\\/wp-content\\\/uploads\\\/2023\\\/11\\\/5704924012297.jpg\",\"contentUrl\":\"https:\\\/\\\/shop.noor.fi\\\/wp-content\\\/uploads\\\/2023\\\/11\\\/5704924012297.jpg\",\"width\":1080,\"height\":1080},{\"@type\":\"BreadcrumbList\",\"@id\":\"https:\\\/\\\/shop.noor.fi\\\/produkt\\\/lilly-poytavalaisin-harmaa-marmori\\\/#breadcrumb\",\"itemListElement\":[{\"@type\":\"ListItem\",\"position\":1,\"name\":\"Etusivu\",\"item\":\"https:\\\/\\\/shop.noor.fi\\\/sv\\\/\"},{\"@type\":\"ListItem\",\"position\":2,\"name\":\"Butik\",\"item\":\"https:\\\/\\\/shopnoorfi-wp31835.test.cchosting.fi\\\/sv\\\/butik\\\/\"},{\"@type\":\"ListItem\",\"position\":3,\"name\":\"Lilly bordarmatur gr\u00e5 marmor\"}]},{\"@type\":\"WebSite\",\"@id\":\"https:\\\/\\\/shopnoorfi-wp31835.test.cchosting.fi\\\/#website\",\"url\":\"https:\\\/\\\/shopnoorfi-wp31835.test.cchosting.fi\\\/\",\"name\":\"Oy Noortrade Ab\",\"description\":\"Finnish family owned company with over 30 years of professional experience in lighting &amp; interior products import and sales - reliably.\",\"publisher\":{\"@id\":\"https:\\\/\\\/shopnoorfi-wp31835.test.cchosting.fi\\\/#organization\"},\"potentialAction\":[{\"@type\":\"SearchAction\",\"target\":{\"@type\":\"EntryPoint\",\"urlTemplate\":\"https:\\\/\\\/shopnoorfi-wp31835.test.cchosting.fi\\\/?s={search_term_string}\"},\"query-input\":{\"@type\":\"PropertyValueSpecification\",\"valueRequired\":true,\"valueName\":\"search_term_string\"}}],\"inLanguage\":\"sv-SE\"},{\"@type\":\"Organization\",\"@id\":\"https:\\\/\\\/shopnoorfi-wp31835.test.cchosting.fi\\\/#organization\",\"name\":\"Oy Noortrade Ab\",\"url\":\"https:\\\/\\\/shopnoorfi-wp31835.test.cchosting.fi\\\/\",\"logo\":{\"@type\":\"ImageObject\",\"inLanguage\":\"sv-SE\",\"@id\":\"https:\\\/\\\/shopnoorfi-wp31835.test.cchosting.fi\\\/#\\\/schema\\\/logo\\\/image\\\/\",\"url\":\"https:\\\/\\\/shop.noor.fi\\\/wp-content\\\/uploads\\\/2024\\\/01\\\/Oy-Noortrade-Ab-Corbel-VERSAL-bold-BLACK.png\",\"contentUrl\":\"https:\\\/\\\/shop.noor.fi\\\/wp-content\\\/uploads\\\/2024\\\/01\\\/Oy-Noortrade-Ab-Corbel-VERSAL-bold-BLACK.png\",\"width\":721,\"height\":177,\"caption\":\"Oy Noortrade Ab\"},\"image\":{\"@id\":\"https:\\\/\\\/shopnoorfi-wp31835.test.cchosting.fi\\\/#\\\/schema\\\/logo\\\/image\\\/\"}}]}<\/script>\n<!-- \/ Yoast SEO plugin. -->","yoast_head_json":{"title":"Lilly bordarmatur gr\u00e5 marmor - Oy Noortrade Ab","robots":{"index":"index","follow":"follow","max-snippet":"max-snippet:-1","max-image-preview":"max-image-preview:large","max-video-preview":"max-video-preview:-1"},"canonical":"https:\/\/shop.noor.fi\/produkt\/lilly-poytavalaisin-harmaa-marmori\/","og_locale":"sv_SE","og_type":"article","og_title":"Lilly bordarmatur gr\u00e5 marmor - Oy Noortrade Ab","og_description":"Lilly \u00e4r en mycket dekorativ serie som kombinerar enkelhet och elegans p\u00e5 allra finaste s\u00e4tt. Ett stilrent samspel mellan den tunga marmorfoten och den upplysta, opalvita glaskupolen skapar ett modernt designuttryck med art d\u00e9co-referenser. Marmor \u00e4r ett naturmaterial och d\u00e4rf\u00f6r kan linjer, f\u00e4rger och m\u00f6nster variera fr\u00e5n lampa till lampa. IP20, klass 2. E14, max [&hellip;]","og_url":"https:\/\/shop.noor.fi\/produkt\/lilly-poytavalaisin-harmaa-marmori\/","og_site_name":"Oy Noortrade Ab","article_modified_time":"2026-01-20T11:48:03+00:00","og_image":[{"width":1080,"height":1080,"url":"https:\/\/shop.noor.fi\/wp-content\/uploads\/2023\/11\/5704924012297.jpg","type":"image\/jpeg"}],"twitter_card":"summary_large_image","schema":{"@context":"https:\/\/schema.org","@graph":[{"@type":"WebPage","@id":"https:\/\/shop.noor.fi\/produkt\/lilly-poytavalaisin-harmaa-marmori\/","url":"https:\/\/shop.noor.fi\/produkt\/lilly-poytavalaisin-harmaa-marmori\/","name":"Lilly bordarmatur gr\u00e5 marmor - Oy Noortrade Ab","isPartOf":{"@id":"https:\/\/shopnoorfi-wp31835.test.cchosting.fi\/#website"},"primaryImageOfPage":{"@id":"https:\/\/shop.noor.fi\/produkt\/lilly-poytavalaisin-harmaa-marmori\/#primaryimage"},"image":{"@id":"https:\/\/shop.noor.fi\/produkt\/lilly-poytavalaisin-harmaa-marmori\/#primaryimage"},"thumbnailUrl":"https:\/\/shop.noor.fi\/wp-content\/uploads\/2023\/11\/5704924012297.jpg","datePublished":"2023-11-01T14:07:35+00:00","dateModified":"2026-01-20T11:48:03+00:00","breadcrumb":{"@id":"https:\/\/shop.noor.fi\/produkt\/lilly-poytavalaisin-harmaa-marmori\/#breadcrumb"},"inLanguage":"sv-SE","potentialAction":[{"@type":"ReadAction","target":["https:\/\/shop.noor.fi\/produkt\/lilly-poytavalaisin-harmaa-marmori\/"]}]},{"@type":"ImageObject","inLanguage":"sv-SE","@id":"https:\/\/shop.noor.fi\/produkt\/lilly-poytavalaisin-harmaa-marmori\/#primaryimage","url":"https:\/\/shop.noor.fi\/wp-content\/uploads\/2023\/11\/5704924012297.jpg","contentUrl":"https:\/\/shop.noor.fi\/wp-content\/uploads\/2023\/11\/5704924012297.jpg","width":1080,"height":1080},{"@type":"BreadcrumbList","@id":"https:\/\/shop.noor.fi\/produkt\/lilly-poytavalaisin-harmaa-marmori\/#breadcrumb","itemListElement":[{"@type":"ListItem","position":1,"name":"Etusivu","item":"https:\/\/shop.noor.fi\/sv\/"},{"@type":"ListItem","position":2,"name":"Butik","item":"https:\/\/shopnoorfi-wp31835.test.cchosting.fi\/sv\/butik\/"},{"@type":"ListItem","position":3,"name":"Lilly bordarmatur gr\u00e5 marmor"}]},{"@type":"WebSite","@id":"https:\/\/shopnoorfi-wp31835.test.cchosting.fi\/#website","url":"https:\/\/shopnoorfi-wp31835.test.cchosting.fi\/","name":"Oy Noortrade Ab","description":"Finnish family owned company with over 30 years of professional experience in lighting &amp; interior products import and sales - reliably.","publisher":{"@id":"https:\/\/shopnoorfi-wp31835.test.cchosting.fi\/#organization"},"potentialAction":[{"@type":"SearchAction","target":{"@type":"EntryPoint","urlTemplate":"https:\/\/shopnoorfi-wp31835.test.cchosting.fi\/?s={search_term_string}"},"query-input":{"@type":"PropertyValueSpecification","valueRequired":true,"valueName":"search_term_string"}}],"inLanguage":"sv-SE"},{"@type":"Organization","@id":"https:\/\/shopnoorfi-wp31835.test.cchosting.fi\/#organization","name":"Oy Noortrade Ab","url":"https:\/\/shopnoorfi-wp31835.test.cchosting.fi\/","logo":{"@type":"ImageObject","inLanguage":"sv-SE","@id":"https:\/\/shopnoorfi-wp31835.test.cchosting.fi\/#\/schema\/logo\/image\/","url":"https:\/\/shop.noor.fi\/wp-content\/uploads\/2024\/01\/Oy-Noortrade-Ab-Corbel-VERSAL-bold-BLACK.png","contentUrl":"https:\/\/shop.noor.fi\/wp-content\/uploads\/2024\/01\/Oy-Noortrade-Ab-Corbel-VERSAL-bold-BLACK.png","width":721,"height":177,"caption":"Oy Noortrade Ab"},"image":{"@id":"https:\/\/shopnoorfi-wp31835.test.cchosting.fi\/#\/schema\/logo\/image\/"}}]}},"brands":[{"id":37488,"name":"Nordlux","slug":"nordlux-sv"}],"_links":{"self":[{"href":"https:\/\/shop.noor.fi\/sv\/wp-json\/wp\/v2\/product\/102804","targetHints":{"allow":["GET"]}}],"collection":[{"href":"https:\/\/shop.noor.fi\/sv\/wp-json\/wp\/v2\/product"}],"about":[{"href":"https:\/\/shop.noor.fi\/sv\/wp-json\/wp\/v2\/types\/product"}],"replies":[{"embeddable":true,"href":"https:\/\/shop.noor.fi\/sv\/wp-json\/wp\/v2\/comments?post=102804"}],"wp:featuredmedia":[{"embeddable":true,"href":"https:\/\/shop.noor.fi\/sv\/wp-json\/wp\/v2\/media\/49889"}],"wp:attachment":[{"href":"https:\/\/shop.noor.fi\/sv\/wp-json\/wp\/v2\/media?parent=102804"}],"wp:term":[{"taxonomy":"pwb-brand","embeddable":true,"href":"https:\/\/shop.noor.fi\/sv\/wp-json\/wp\/v2\/pwb-brand?post=102804"},{"taxonomy":"product_brand","embeddable":true,"href":"https:\/\/shop.noor.fi\/sv\/wp-json\/wp\/v2\/product_brand?post=102804"},{"taxonomy":"product_cat","embeddable":true,"href":"https:\/\/shop.noor.fi\/sv\/wp-json\/wp\/v2\/product_cat?post=102804"},{"taxonomy":"product_tag","embeddable":true,"href":"https:\/\/shop.noor.fi\/sv\/wp-json\/wp\/v2\/product_tag?post=102804"}],"curies":[{"name":"wp","href":"https:\/\/api.w.org\/{rel}","templated":true}]}}