{"id":102780,"date":"2023-11-01T16:06:17","date_gmt":"2023-11-01T14:06:17","guid":{"rendered":"https:\/\/shop.noor.fi\/product\/dial-vaggarmatur-vit\/"},"modified":"2026-03-23T14:12:56","modified_gmt":"2026-03-23T12:12:56","slug":"dial-vaggarmatur-vit","status":"publish","type":"product","link":"https:\/\/shop.noor.fi\/sv\/produkt\/dial-vaggarmatur-vit\/","title":{"rendered":"Dial v\u00e4ggarmatur vit"},"content":{"rendered":"<p>Dial \u00e4r en modern, nutida serie inspirerad av karakteristisk belysningsdesign fr\u00e5n 1950-talet. Stilen \u00e4r nordisk och funktionell, med en \u00f6ppen och geometrisk form som l\u00e5ter mycket ljus skina igenom. Den \u00f6ppna sk\u00e4rmen skapar ett dekorativt upp\u00e5triktat ljus n\u00e4r lampan \u00e4r t\u00e4nd. Det smala v\u00e4ggf\u00e4stet understryker det l\u00e4tta och eleganta uttrycket.<br \/>\nJusterbar sk\u00e4rm.<br \/>\nArmaturen har en 150 cm l\u00e5ng sladd med str\u00f6mbrytare.<br \/>\nE27, max 40W. Ljusk\u00e4lla ing\u00e5r ej.<\/p>\n<p>Bredd 25 cm<br \/>\nDjup 38,5 cm<br \/>\nH\u00f6jd 40,2 cm<br \/>\nSk\u00e4rmens diameter 25 cm<br \/>\nSk\u00e4rmens h\u00f6jd 14 cm<\/p>\n","protected":false},"excerpt":{"rendered":"<p>Dial \u00e4r en modern, nutida serie inspirerad av karakteristisk belysningsdesign fr\u00e5n 1950-talet. Stilen \u00e4r nordisk och funktionell, med en \u00f6ppen och geometrisk form som l\u00e5ter mycket ljus skina igenom. Den \u00f6ppna sk\u00e4rmen skapar ett dekorativt upp\u00e5triktat ljus n\u00e4r lampan \u00e4r t\u00e4nd. Det smala v\u00e4ggf\u00e4stet understryker det l\u00e4tta och eleganta uttrycket. Justerbar sk\u00e4rm. Armaturen har en [&hellip;]<\/p>\n","protected":false},"featured_media":50088,"comment_status":"open","ping_status":"closed","template":"","meta":{"_acf_changed":false,"_relevanssi_hide_post":"","_relevanssi_hide_content":"","_relevanssi_pin_for_all":"","_relevanssi_pin_keywords":"","_relevanssi_unpin_keywords":"","_relevanssi_related_keywords":"","_relevanssi_related_include_ids":"","_relevanssi_related_exclude_ids":"","_relevanssi_related_no_append":"","_relevanssi_related_not_related":"","_relevanssi_related_posts":"","_relevanssi_noindex_reason":""},"pwb-brand":[28730,37488],"product_brand":[],"product_cat":[32120,31804],"product_tag":[],"class_list":{"0":"post-102780","1":"product","2":"type-product","3":"status-publish","4":"has-post-thumbnail","6":"pwb-brand-nordlux","7":"pwb-brand-nordlux-sv","8":"product_cat-vagglampor","9":"product_cat-seinavalaisimet","11":"first","12":"instock","13":"taxable","14":"shipping-taxable","15":"purchasable","16":"product-type-simple"},"acf":[],"yoast_head":"<!-- This site is optimized with the Yoast SEO plugin v27.5 - https:\/\/yoast.com\/product\/yoast-seo-wordpress\/ -->\n<title>Dial v\u00e4ggarmatur vit - Oy Noortrade Ab<\/title>\n<meta name=\"robots\" content=\"index, follow, max-snippet:-1, max-image-preview:large, max-video-preview:-1\" \/>\n<link rel=\"canonical\" href=\"https:\/\/shop.noor.fi\/tuote\/dial-seinavalaisin-valkoinen\/\" \/>\n<meta property=\"og:locale\" content=\"sv_SE\" \/>\n<meta property=\"og:type\" content=\"article\" \/>\n<meta property=\"og:title\" content=\"Dial v\u00e4ggarmatur vit - Oy Noortrade Ab\" \/>\n<meta property=\"og:description\" content=\"Dial \u00e4r en modern, nutida serie inspirerad av karakteristisk belysningsdesign fr\u00e5n 1950-talet. Stilen \u00e4r nordisk och funktionell, med en \u00f6ppen och geometrisk form som l\u00e5ter mycket ljus skina igenom. Den \u00f6ppna sk\u00e4rmen skapar ett dekorativt upp\u00e5triktat ljus n\u00e4r lampan \u00e4r t\u00e4nd. Det smala v\u00e4ggf\u00e4stet understryker det l\u00e4tta och eleganta uttrycket. Justerbar sk\u00e4rm. Armaturen har en [&hellip;]\" \/>\n<meta property=\"og:url\" content=\"https:\/\/shop.noor.fi\/tuote\/dial-seinavalaisin-valkoinen\/\" \/>\n<meta property=\"og:site_name\" content=\"Oy Noortrade Ab\" \/>\n<meta property=\"article:modified_time\" content=\"2026-03-23T12:12:56+00:00\" \/>\n<meta property=\"og:image\" content=\"https:\/\/shop.noor.fi\/wp-content\/uploads\/2023\/11\/5704924012037.jpg\" \/>\n\t<meta property=\"og:image:width\" content=\"1080\" \/>\n\t<meta property=\"og:image:height\" content=\"1080\" \/>\n\t<meta property=\"og:image:type\" content=\"image\/jpeg\" \/>\n<meta name=\"twitter:card\" content=\"summary_large_image\" \/>\n<meta name=\"twitter:label1\" content=\"Ber\u00e4knad l\u00e4stid\" \/>\n\t<meta name=\"twitter:data1\" content=\"1 minut\" \/>\n<script type=\"application\/ld+json\" class=\"yoast-schema-graph\">{\"@context\":\"https:\\\/\\\/schema.org\",\"@graph\":[{\"@type\":\"WebPage\",\"@id\":\"https:\\\/\\\/shop.noor.fi\\\/tuote\\\/dial-seinavalaisin-valkoinen\\\/\",\"url\":\"https:\\\/\\\/shop.noor.fi\\\/tuote\\\/dial-seinavalaisin-valkoinen\\\/\",\"name\":\"Dial v\u00e4ggarmatur vit - Oy Noortrade Ab\",\"isPartOf\":{\"@id\":\"https:\\\/\\\/shopnoorfi-wp31835.test.cchosting.fi\\\/#website\"},\"primaryImageOfPage\":{\"@id\":\"https:\\\/\\\/shop.noor.fi\\\/tuote\\\/dial-seinavalaisin-valkoinen\\\/#primaryimage\"},\"image\":{\"@id\":\"https:\\\/\\\/shop.noor.fi\\\/tuote\\\/dial-seinavalaisin-valkoinen\\\/#primaryimage\"},\"thumbnailUrl\":\"https:\\\/\\\/shop.noor.fi\\\/wp-content\\\/uploads\\\/2023\\\/11\\\/5704924012037.jpg\",\"datePublished\":\"2023-11-01T14:06:17+00:00\",\"dateModified\":\"2026-03-23T12:12:56+00:00\",\"breadcrumb\":{\"@id\":\"https:\\\/\\\/shop.noor.fi\\\/tuote\\\/dial-seinavalaisin-valkoinen\\\/#breadcrumb\"},\"inLanguage\":\"sv-SE\",\"potentialAction\":[{\"@type\":\"ReadAction\",\"target\":[\"https:\\\/\\\/shop.noor.fi\\\/tuote\\\/dial-seinavalaisin-valkoinen\\\/\"]}]},{\"@type\":\"ImageObject\",\"inLanguage\":\"sv-SE\",\"@id\":\"https:\\\/\\\/shop.noor.fi\\\/tuote\\\/dial-seinavalaisin-valkoinen\\\/#primaryimage\",\"url\":\"https:\\\/\\\/shop.noor.fi\\\/wp-content\\\/uploads\\\/2023\\\/11\\\/5704924012037.jpg\",\"contentUrl\":\"https:\\\/\\\/shop.noor.fi\\\/wp-content\\\/uploads\\\/2023\\\/11\\\/5704924012037.jpg\",\"width\":1080,\"height\":1080},{\"@type\":\"BreadcrumbList\",\"@id\":\"https:\\\/\\\/shop.noor.fi\\\/tuote\\\/dial-seinavalaisin-valkoinen\\\/#breadcrumb\",\"itemListElement\":[{\"@type\":\"ListItem\",\"position\":1,\"name\":\"Etusivu\",\"item\":\"https:\\\/\\\/shop.noor.fi\\\/sv\\\/\"},{\"@type\":\"ListItem\",\"position\":2,\"name\":\"Butik\",\"item\":\"https:\\\/\\\/shopnoorfi-wp31835.test.cchosting.fi\\\/sv\\\/butik\\\/\"},{\"@type\":\"ListItem\",\"position\":3,\"name\":\"Dial v\u00e4ggarmatur vit\"}]},{\"@type\":\"WebSite\",\"@id\":\"https:\\\/\\\/shopnoorfi-wp31835.test.cchosting.fi\\\/#website\",\"url\":\"https:\\\/\\\/shopnoorfi-wp31835.test.cchosting.fi\\\/\",\"name\":\"Oy Noortrade Ab\",\"description\":\"Finnish family owned company with over 30 years of professional experience in lighting &amp; interior products import and sales - reliably.\",\"publisher\":{\"@id\":\"https:\\\/\\\/shopnoorfi-wp31835.test.cchosting.fi\\\/#organization\"},\"potentialAction\":[{\"@type\":\"SearchAction\",\"target\":{\"@type\":\"EntryPoint\",\"urlTemplate\":\"https:\\\/\\\/shopnoorfi-wp31835.test.cchosting.fi\\\/?s={search_term_string}\"},\"query-input\":{\"@type\":\"PropertyValueSpecification\",\"valueRequired\":true,\"valueName\":\"search_term_string\"}}],\"inLanguage\":\"sv-SE\"},{\"@type\":\"Organization\",\"@id\":\"https:\\\/\\\/shopnoorfi-wp31835.test.cchosting.fi\\\/#organization\",\"name\":\"Oy Noortrade Ab\",\"url\":\"https:\\\/\\\/shopnoorfi-wp31835.test.cchosting.fi\\\/\",\"logo\":{\"@type\":\"ImageObject\",\"inLanguage\":\"sv-SE\",\"@id\":\"https:\\\/\\\/shopnoorfi-wp31835.test.cchosting.fi\\\/#\\\/schema\\\/logo\\\/image\\\/\",\"url\":\"https:\\\/\\\/shop.noor.fi\\\/wp-content\\\/uploads\\\/2024\\\/01\\\/Oy-Noortrade-Ab-Corbel-VERSAL-bold-BLACK.png\",\"contentUrl\":\"https:\\\/\\\/shop.noor.fi\\\/wp-content\\\/uploads\\\/2024\\\/01\\\/Oy-Noortrade-Ab-Corbel-VERSAL-bold-BLACK.png\",\"width\":721,\"height\":177,\"caption\":\"Oy Noortrade Ab\"},\"image\":{\"@id\":\"https:\\\/\\\/shopnoorfi-wp31835.test.cchosting.fi\\\/#\\\/schema\\\/logo\\\/image\\\/\"}}]}<\/script>\n<!-- \/ Yoast SEO plugin. -->","yoast_head_json":{"title":"Dial v\u00e4ggarmatur vit - Oy Noortrade Ab","robots":{"index":"index","follow":"follow","max-snippet":"max-snippet:-1","max-image-preview":"max-image-preview:large","max-video-preview":"max-video-preview:-1"},"canonical":"https:\/\/shop.noor.fi\/tuote\/dial-seinavalaisin-valkoinen\/","og_locale":"sv_SE","og_type":"article","og_title":"Dial v\u00e4ggarmatur vit - Oy Noortrade Ab","og_description":"Dial \u00e4r en modern, nutida serie inspirerad av karakteristisk belysningsdesign fr\u00e5n 1950-talet. Stilen \u00e4r nordisk och funktionell, med en \u00f6ppen och geometrisk form som l\u00e5ter mycket ljus skina igenom. Den \u00f6ppna sk\u00e4rmen skapar ett dekorativt upp\u00e5triktat ljus n\u00e4r lampan \u00e4r t\u00e4nd. Det smala v\u00e4ggf\u00e4stet understryker det l\u00e4tta och eleganta uttrycket. Justerbar sk\u00e4rm. Armaturen har en [&hellip;]","og_url":"https:\/\/shop.noor.fi\/tuote\/dial-seinavalaisin-valkoinen\/","og_site_name":"Oy Noortrade Ab","article_modified_time":"2026-03-23T12:12:56+00:00","og_image":[{"width":1080,"height":1080,"url":"https:\/\/shop.noor.fi\/wp-content\/uploads\/2023\/11\/5704924012037.jpg","type":"image\/jpeg"}],"twitter_card":"summary_large_image","twitter_misc":{"Ber\u00e4knad l\u00e4stid":"1 minut"},"schema":{"@context":"https:\/\/schema.org","@graph":[{"@type":"WebPage","@id":"https:\/\/shop.noor.fi\/tuote\/dial-seinavalaisin-valkoinen\/","url":"https:\/\/shop.noor.fi\/tuote\/dial-seinavalaisin-valkoinen\/","name":"Dial v\u00e4ggarmatur vit - Oy Noortrade Ab","isPartOf":{"@id":"https:\/\/shopnoorfi-wp31835.test.cchosting.fi\/#website"},"primaryImageOfPage":{"@id":"https:\/\/shop.noor.fi\/tuote\/dial-seinavalaisin-valkoinen\/#primaryimage"},"image":{"@id":"https:\/\/shop.noor.fi\/tuote\/dial-seinavalaisin-valkoinen\/#primaryimage"},"thumbnailUrl":"https:\/\/shop.noor.fi\/wp-content\/uploads\/2023\/11\/5704924012037.jpg","datePublished":"2023-11-01T14:06:17+00:00","dateModified":"2026-03-23T12:12:56+00:00","breadcrumb":{"@id":"https:\/\/shop.noor.fi\/tuote\/dial-seinavalaisin-valkoinen\/#breadcrumb"},"inLanguage":"sv-SE","potentialAction":[{"@type":"ReadAction","target":["https:\/\/shop.noor.fi\/tuote\/dial-seinavalaisin-valkoinen\/"]}]},{"@type":"ImageObject","inLanguage":"sv-SE","@id":"https:\/\/shop.noor.fi\/tuote\/dial-seinavalaisin-valkoinen\/#primaryimage","url":"https:\/\/shop.noor.fi\/wp-content\/uploads\/2023\/11\/5704924012037.jpg","contentUrl":"https:\/\/shop.noor.fi\/wp-content\/uploads\/2023\/11\/5704924012037.jpg","width":1080,"height":1080},{"@type":"BreadcrumbList","@id":"https:\/\/shop.noor.fi\/tuote\/dial-seinavalaisin-valkoinen\/#breadcrumb","itemListElement":[{"@type":"ListItem","position":1,"name":"Etusivu","item":"https:\/\/shop.noor.fi\/sv\/"},{"@type":"ListItem","position":2,"name":"Butik","item":"https:\/\/shopnoorfi-wp31835.test.cchosting.fi\/sv\/butik\/"},{"@type":"ListItem","position":3,"name":"Dial v\u00e4ggarmatur vit"}]},{"@type":"WebSite","@id":"https:\/\/shopnoorfi-wp31835.test.cchosting.fi\/#website","url":"https:\/\/shopnoorfi-wp31835.test.cchosting.fi\/","name":"Oy Noortrade Ab","description":"Finnish family owned company with over 30 years of professional experience in lighting &amp; interior products import and sales - reliably.","publisher":{"@id":"https:\/\/shopnoorfi-wp31835.test.cchosting.fi\/#organization"},"potentialAction":[{"@type":"SearchAction","target":{"@type":"EntryPoint","urlTemplate":"https:\/\/shopnoorfi-wp31835.test.cchosting.fi\/?s={search_term_string}"},"query-input":{"@type":"PropertyValueSpecification","valueRequired":true,"valueName":"search_term_string"}}],"inLanguage":"sv-SE"},{"@type":"Organization","@id":"https:\/\/shopnoorfi-wp31835.test.cchosting.fi\/#organization","name":"Oy Noortrade Ab","url":"https:\/\/shopnoorfi-wp31835.test.cchosting.fi\/","logo":{"@type":"ImageObject","inLanguage":"sv-SE","@id":"https:\/\/shopnoorfi-wp31835.test.cchosting.fi\/#\/schema\/logo\/image\/","url":"https:\/\/shop.noor.fi\/wp-content\/uploads\/2024\/01\/Oy-Noortrade-Ab-Corbel-VERSAL-bold-BLACK.png","contentUrl":"https:\/\/shop.noor.fi\/wp-content\/uploads\/2024\/01\/Oy-Noortrade-Ab-Corbel-VERSAL-bold-BLACK.png","width":721,"height":177,"caption":"Oy Noortrade Ab"},"image":{"@id":"https:\/\/shopnoorfi-wp31835.test.cchosting.fi\/#\/schema\/logo\/image\/"}}]}},"brands":[{"id":28730,"name":"Nordlux","slug":"nordlux"},{"id":37488,"name":"Nordlux","slug":"nordlux-sv"}],"_links":{"self":[{"href":"https:\/\/shop.noor.fi\/sv\/wp-json\/wp\/v2\/product\/102780","targetHints":{"allow":["GET"]}}],"collection":[{"href":"https:\/\/shop.noor.fi\/sv\/wp-json\/wp\/v2\/product"}],"about":[{"href":"https:\/\/shop.noor.fi\/sv\/wp-json\/wp\/v2\/types\/product"}],"replies":[{"embeddable":true,"href":"https:\/\/shop.noor.fi\/sv\/wp-json\/wp\/v2\/comments?post=102780"}],"wp:featuredmedia":[{"embeddable":true,"href":"https:\/\/shop.noor.fi\/sv\/wp-json\/wp\/v2\/media\/50088"}],"wp:attachment":[{"href":"https:\/\/shop.noor.fi\/sv\/wp-json\/wp\/v2\/media?parent=102780"}],"wp:term":[{"taxonomy":"pwb-brand","embeddable":true,"href":"https:\/\/shop.noor.fi\/sv\/wp-json\/wp\/v2\/pwb-brand?post=102780"},{"taxonomy":"product_brand","embeddable":true,"href":"https:\/\/shop.noor.fi\/sv\/wp-json\/wp\/v2\/product_brand?post=102780"},{"taxonomy":"product_cat","embeddable":true,"href":"https:\/\/shop.noor.fi\/sv\/wp-json\/wp\/v2\/product_cat?post=102780"},{"taxonomy":"product_tag","embeddable":true,"href":"https:\/\/shop.noor.fi\/sv\/wp-json\/wp\/v2\/product_tag?post=102780"}],"curies":[{"name":"wp","href":"https:\/\/api.w.org\/{rel}","templated":true}]}}