{"id":102732,"date":"2023-11-01T16:03:52","date_gmt":"2023-11-01T14:03:52","guid":{"rendered":"https:\/\/shop.noor.fi\/product\/oja-42-ip54-3000-4000k-dim-led-plafond-vit\/"},"modified":"2026-01-20T17:42:39","modified_gmt":"2026-01-20T15:42:39","slug":"oja-42-ip54-3000-4000k-dim-led-plafond-vit","status":"publish","type":"product","link":"https:\/\/shop.noor.fi\/sv\/produkt\/oja-42-ip54-3000-4000k-dim-led-plafond-vit\/","title":{"rendered":"Oja 42 IP54 3000\/4000K DIM LED-plafond vit"},"content":{"rendered":"<p>Oja \u00e4r en v\u00e4ldigt tunn taklampa i modern och enkel design med m\u00e5nga olika anv\u00e4ndningsomr\u00e5den. Den h\u00f6ga skyddsklassen (IP54) g\u00f6r den l\u00e4mplig f\u00f6r t.ex. badrummet eller k\u00e4llaren.<br \/>\nDen runda taklampan avger ett vackert och funktionellt ljus \u2013 v\u00e4lj mellan 3000K och 4000K n\u00e4r du monterar lampan. Skapar en dekorativ backlight-effekt n\u00e4r den \u00e4r p\u00e5slagen. Ljusfl\u00f6de 2200 lm.<br \/>\nMed den dimbara funktionen kan du enkelt anpassa belysningen efter behov och situation.<br \/>\nFast installation, l\u00e4tt att montera.<br \/>\nIntegrerad LED, ljusk\u00e4llan \u00e4r inte utbytbar. 5 \u00e5rs LED-garanti.<\/p>\n<p>Diameter 42,4 cm<br \/>\nH\u00f6jd 2,3 cm<\/p>\n","protected":false},"excerpt":{"rendered":"<p>Oja \u00e4r en v\u00e4ldigt tunn taklampa i modern och enkel design med m\u00e5nga olika anv\u00e4ndningsomr\u00e5den. Den h\u00f6ga skyddsklassen (IP54) g\u00f6r den l\u00e4mplig f\u00f6r t.ex. badrummet eller k\u00e4llaren. Den runda taklampan avger ett vackert och funktionellt ljus \u2013 v\u00e4lj mellan 3000K och 4000K n\u00e4r du monterar lampan. Skapar en dekorativ backlight-effekt n\u00e4r den \u00e4r p\u00e5slagen. Ljusfl\u00f6de [&hellip;]<\/p>\n","protected":false},"featured_media":49334,"comment_status":"open","ping_status":"closed","template":"","meta":{"_acf_changed":false,"_relevanssi_hide_post":"","_relevanssi_hide_content":"","_relevanssi_pin_for_all":"","_relevanssi_pin_keywords":"","_relevanssi_unpin_keywords":"","_relevanssi_related_keywords":"","_relevanssi_related_include_ids":"","_relevanssi_related_exclude_ids":"","_relevanssi_related_no_append":"","_relevanssi_related_not_related":"","_relevanssi_related_posts":"","_relevanssi_noindex_reason":""},"pwb-brand":[28730,37488],"product_brand":[],"product_cat":[32096,32097],"product_tag":[],"class_list":{"0":"post-102732","1":"product","2":"type-product","3":"status-publish","4":"has-post-thumbnail","6":"pwb-brand-nordlux","7":"pwb-brand-nordlux-sv","8":"product_cat-plafonder-och-takarmaturer","9":"product_cat-plafonder-till-badrummet","11":"first","12":"instock","13":"taxable","14":"shipping-taxable","15":"purchasable","16":"product-type-simple"},"acf":[],"yoast_head":"<!-- This site is optimized with the Yoast SEO plugin v27.5 - https:\/\/yoast.com\/product\/yoast-seo-wordpress\/ -->\n<title>Oja 42 IP54 3000\/4000K DIM LED-plafond vit - Oy Noortrade Ab<\/title>\n<meta name=\"robots\" content=\"index, follow, max-snippet:-1, max-image-preview:large, max-video-preview:-1\" \/>\n<link rel=\"canonical\" href=\"https:\/\/shop.noor.fi\/sv\/produkt\/oja-42-ip54-3000-4000k-dim-led-plafond-vit\/\" \/>\n<meta property=\"og:locale\" content=\"sv_SE\" \/>\n<meta property=\"og:type\" content=\"article\" \/>\n<meta property=\"og:title\" content=\"Oja 42 IP54 3000\/4000K DIM LED-plafond vit - Oy Noortrade Ab\" \/>\n<meta property=\"og:description\" content=\"Oja \u00e4r en v\u00e4ldigt tunn taklampa i modern och enkel design med m\u00e5nga olika anv\u00e4ndningsomr\u00e5den. Den h\u00f6ga skyddsklassen (IP54) g\u00f6r den l\u00e4mplig f\u00f6r t.ex. badrummet eller k\u00e4llaren. Den runda taklampan avger ett vackert och funktionellt ljus \u2013 v\u00e4lj mellan 3000K och 4000K n\u00e4r du monterar lampan. Skapar en dekorativ backlight-effekt n\u00e4r den \u00e4r p\u00e5slagen. Ljusfl\u00f6de [&hellip;]\" \/>\n<meta property=\"og:url\" content=\"https:\/\/shop.noor.fi\/sv\/produkt\/oja-42-ip54-3000-4000k-dim-led-plafond-vit\/\" \/>\n<meta property=\"og:site_name\" content=\"Oy Noortrade Ab\" \/>\n<meta property=\"article:modified_time\" content=\"2026-01-20T15:42:39+00:00\" \/>\n<meta property=\"og:image\" content=\"https:\/\/shop.noor.fi\/wp-content\/uploads\/2023\/11\/5704924013881.jpg\" \/>\n\t<meta property=\"og:image:width\" content=\"1080\" \/>\n\t<meta property=\"og:image:height\" content=\"1080\" \/>\n\t<meta property=\"og:image:type\" content=\"image\/jpeg\" \/>\n<meta name=\"twitter:card\" content=\"summary_large_image\" \/>\n<meta name=\"twitter:label1\" content=\"Ber\u00e4knad l\u00e4stid\" \/>\n\t<meta name=\"twitter:data1\" content=\"1 minut\" \/>\n<script type=\"application\/ld+json\" class=\"yoast-schema-graph\">{\"@context\":\"https:\\\/\\\/schema.org\",\"@graph\":[{\"@type\":\"WebPage\",\"@id\":\"https:\\\/\\\/shop.noor.fi\\\/sv\\\/produkt\\\/oja-42-ip54-3000-4000k-dim-led-plafond-vit\\\/\",\"url\":\"https:\\\/\\\/shop.noor.fi\\\/sv\\\/produkt\\\/oja-42-ip54-3000-4000k-dim-led-plafond-vit\\\/\",\"name\":\"Oja 42 IP54 3000\\\/4000K DIM LED-plafond vit - Oy Noortrade Ab\",\"isPartOf\":{\"@id\":\"https:\\\/\\\/shopnoorfi-wp31835.test.cchosting.fi\\\/#website\"},\"primaryImageOfPage\":{\"@id\":\"https:\\\/\\\/shop.noor.fi\\\/sv\\\/produkt\\\/oja-42-ip54-3000-4000k-dim-led-plafond-vit\\\/#primaryimage\"},\"image\":{\"@id\":\"https:\\\/\\\/shop.noor.fi\\\/sv\\\/produkt\\\/oja-42-ip54-3000-4000k-dim-led-plafond-vit\\\/#primaryimage\"},\"thumbnailUrl\":\"https:\\\/\\\/shop.noor.fi\\\/wp-content\\\/uploads\\\/2023\\\/11\\\/5704924013881.jpg\",\"datePublished\":\"2023-11-01T14:03:52+00:00\",\"dateModified\":\"2026-01-20T15:42:39+00:00\",\"breadcrumb\":{\"@id\":\"https:\\\/\\\/shop.noor.fi\\\/sv\\\/produkt\\\/oja-42-ip54-3000-4000k-dim-led-plafond-vit\\\/#breadcrumb\"},\"inLanguage\":\"sv-SE\",\"potentialAction\":[{\"@type\":\"ReadAction\",\"target\":[\"https:\\\/\\\/shop.noor.fi\\\/sv\\\/produkt\\\/oja-42-ip54-3000-4000k-dim-led-plafond-vit\\\/\"]}]},{\"@type\":\"ImageObject\",\"inLanguage\":\"sv-SE\",\"@id\":\"https:\\\/\\\/shop.noor.fi\\\/sv\\\/produkt\\\/oja-42-ip54-3000-4000k-dim-led-plafond-vit\\\/#primaryimage\",\"url\":\"https:\\\/\\\/shop.noor.fi\\\/wp-content\\\/uploads\\\/2023\\\/11\\\/5704924013881.jpg\",\"contentUrl\":\"https:\\\/\\\/shop.noor.fi\\\/wp-content\\\/uploads\\\/2023\\\/11\\\/5704924013881.jpg\",\"width\":1080,\"height\":1080},{\"@type\":\"BreadcrumbList\",\"@id\":\"https:\\\/\\\/shop.noor.fi\\\/sv\\\/produkt\\\/oja-42-ip54-3000-4000k-dim-led-plafond-vit\\\/#breadcrumb\",\"itemListElement\":[{\"@type\":\"ListItem\",\"position\":1,\"name\":\"Etusivu\",\"item\":\"https:\\\/\\\/shop.noor.fi\\\/sv\\\/\"},{\"@type\":\"ListItem\",\"position\":2,\"name\":\"Butik\",\"item\":\"https:\\\/\\\/shopnoorfi-wp31835.test.cchosting.fi\\\/sv\\\/butik\\\/\"},{\"@type\":\"ListItem\",\"position\":3,\"name\":\"Oja 42 IP54 3000\\\/4000K DIM LED-plafond vit\"}]},{\"@type\":\"WebSite\",\"@id\":\"https:\\\/\\\/shopnoorfi-wp31835.test.cchosting.fi\\\/#website\",\"url\":\"https:\\\/\\\/shopnoorfi-wp31835.test.cchosting.fi\\\/\",\"name\":\"Oy Noortrade Ab\",\"description\":\"Finnish family owned company with over 30 years of professional experience in lighting &amp; interior products import and sales - reliably.\",\"publisher\":{\"@id\":\"https:\\\/\\\/shopnoorfi-wp31835.test.cchosting.fi\\\/#organization\"},\"potentialAction\":[{\"@type\":\"SearchAction\",\"target\":{\"@type\":\"EntryPoint\",\"urlTemplate\":\"https:\\\/\\\/shopnoorfi-wp31835.test.cchosting.fi\\\/?s={search_term_string}\"},\"query-input\":{\"@type\":\"PropertyValueSpecification\",\"valueRequired\":true,\"valueName\":\"search_term_string\"}}],\"inLanguage\":\"sv-SE\"},{\"@type\":\"Organization\",\"@id\":\"https:\\\/\\\/shopnoorfi-wp31835.test.cchosting.fi\\\/#organization\",\"name\":\"Oy Noortrade Ab\",\"url\":\"https:\\\/\\\/shopnoorfi-wp31835.test.cchosting.fi\\\/\",\"logo\":{\"@type\":\"ImageObject\",\"inLanguage\":\"sv-SE\",\"@id\":\"https:\\\/\\\/shopnoorfi-wp31835.test.cchosting.fi\\\/#\\\/schema\\\/logo\\\/image\\\/\",\"url\":\"https:\\\/\\\/shop.noor.fi\\\/wp-content\\\/uploads\\\/2024\\\/01\\\/Oy-Noortrade-Ab-Corbel-VERSAL-bold-BLACK.png\",\"contentUrl\":\"https:\\\/\\\/shop.noor.fi\\\/wp-content\\\/uploads\\\/2024\\\/01\\\/Oy-Noortrade-Ab-Corbel-VERSAL-bold-BLACK.png\",\"width\":721,\"height\":177,\"caption\":\"Oy Noortrade Ab\"},\"image\":{\"@id\":\"https:\\\/\\\/shopnoorfi-wp31835.test.cchosting.fi\\\/#\\\/schema\\\/logo\\\/image\\\/\"}}]}<\/script>\n<!-- \/ Yoast SEO plugin. -->","yoast_head_json":{"title":"Oja 42 IP54 3000\/4000K DIM LED-plafond vit - Oy Noortrade Ab","robots":{"index":"index","follow":"follow","max-snippet":"max-snippet:-1","max-image-preview":"max-image-preview:large","max-video-preview":"max-video-preview:-1"},"canonical":"https:\/\/shop.noor.fi\/sv\/produkt\/oja-42-ip54-3000-4000k-dim-led-plafond-vit\/","og_locale":"sv_SE","og_type":"article","og_title":"Oja 42 IP54 3000\/4000K DIM LED-plafond vit - Oy Noortrade Ab","og_description":"Oja \u00e4r en v\u00e4ldigt tunn taklampa i modern och enkel design med m\u00e5nga olika anv\u00e4ndningsomr\u00e5den. Den h\u00f6ga skyddsklassen (IP54) g\u00f6r den l\u00e4mplig f\u00f6r t.ex. badrummet eller k\u00e4llaren. Den runda taklampan avger ett vackert och funktionellt ljus \u2013 v\u00e4lj mellan 3000K och 4000K n\u00e4r du monterar lampan. Skapar en dekorativ backlight-effekt n\u00e4r den \u00e4r p\u00e5slagen. Ljusfl\u00f6de [&hellip;]","og_url":"https:\/\/shop.noor.fi\/sv\/produkt\/oja-42-ip54-3000-4000k-dim-led-plafond-vit\/","og_site_name":"Oy Noortrade Ab","article_modified_time":"2026-01-20T15:42:39+00:00","og_image":[{"width":1080,"height":1080,"url":"https:\/\/shop.noor.fi\/wp-content\/uploads\/2023\/11\/5704924013881.jpg","type":"image\/jpeg"}],"twitter_card":"summary_large_image","twitter_misc":{"Ber\u00e4knad l\u00e4stid":"1 minut"},"schema":{"@context":"https:\/\/schema.org","@graph":[{"@type":"WebPage","@id":"https:\/\/shop.noor.fi\/sv\/produkt\/oja-42-ip54-3000-4000k-dim-led-plafond-vit\/","url":"https:\/\/shop.noor.fi\/sv\/produkt\/oja-42-ip54-3000-4000k-dim-led-plafond-vit\/","name":"Oja 42 IP54 3000\/4000K DIM LED-plafond vit - Oy Noortrade Ab","isPartOf":{"@id":"https:\/\/shopnoorfi-wp31835.test.cchosting.fi\/#website"},"primaryImageOfPage":{"@id":"https:\/\/shop.noor.fi\/sv\/produkt\/oja-42-ip54-3000-4000k-dim-led-plafond-vit\/#primaryimage"},"image":{"@id":"https:\/\/shop.noor.fi\/sv\/produkt\/oja-42-ip54-3000-4000k-dim-led-plafond-vit\/#primaryimage"},"thumbnailUrl":"https:\/\/shop.noor.fi\/wp-content\/uploads\/2023\/11\/5704924013881.jpg","datePublished":"2023-11-01T14:03:52+00:00","dateModified":"2026-01-20T15:42:39+00:00","breadcrumb":{"@id":"https:\/\/shop.noor.fi\/sv\/produkt\/oja-42-ip54-3000-4000k-dim-led-plafond-vit\/#breadcrumb"},"inLanguage":"sv-SE","potentialAction":[{"@type":"ReadAction","target":["https:\/\/shop.noor.fi\/sv\/produkt\/oja-42-ip54-3000-4000k-dim-led-plafond-vit\/"]}]},{"@type":"ImageObject","inLanguage":"sv-SE","@id":"https:\/\/shop.noor.fi\/sv\/produkt\/oja-42-ip54-3000-4000k-dim-led-plafond-vit\/#primaryimage","url":"https:\/\/shop.noor.fi\/wp-content\/uploads\/2023\/11\/5704924013881.jpg","contentUrl":"https:\/\/shop.noor.fi\/wp-content\/uploads\/2023\/11\/5704924013881.jpg","width":1080,"height":1080},{"@type":"BreadcrumbList","@id":"https:\/\/shop.noor.fi\/sv\/produkt\/oja-42-ip54-3000-4000k-dim-led-plafond-vit\/#breadcrumb","itemListElement":[{"@type":"ListItem","position":1,"name":"Etusivu","item":"https:\/\/shop.noor.fi\/sv\/"},{"@type":"ListItem","position":2,"name":"Butik","item":"https:\/\/shopnoorfi-wp31835.test.cchosting.fi\/sv\/butik\/"},{"@type":"ListItem","position":3,"name":"Oja 42 IP54 3000\/4000K DIM LED-plafond vit"}]},{"@type":"WebSite","@id":"https:\/\/shopnoorfi-wp31835.test.cchosting.fi\/#website","url":"https:\/\/shopnoorfi-wp31835.test.cchosting.fi\/","name":"Oy Noortrade Ab","description":"Finnish family owned company with over 30 years of professional experience in lighting &amp; interior products import and sales - reliably.","publisher":{"@id":"https:\/\/shopnoorfi-wp31835.test.cchosting.fi\/#organization"},"potentialAction":[{"@type":"SearchAction","target":{"@type":"EntryPoint","urlTemplate":"https:\/\/shopnoorfi-wp31835.test.cchosting.fi\/?s={search_term_string}"},"query-input":{"@type":"PropertyValueSpecification","valueRequired":true,"valueName":"search_term_string"}}],"inLanguage":"sv-SE"},{"@type":"Organization","@id":"https:\/\/shopnoorfi-wp31835.test.cchosting.fi\/#organization","name":"Oy Noortrade Ab","url":"https:\/\/shopnoorfi-wp31835.test.cchosting.fi\/","logo":{"@type":"ImageObject","inLanguage":"sv-SE","@id":"https:\/\/shopnoorfi-wp31835.test.cchosting.fi\/#\/schema\/logo\/image\/","url":"https:\/\/shop.noor.fi\/wp-content\/uploads\/2024\/01\/Oy-Noortrade-Ab-Corbel-VERSAL-bold-BLACK.png","contentUrl":"https:\/\/shop.noor.fi\/wp-content\/uploads\/2024\/01\/Oy-Noortrade-Ab-Corbel-VERSAL-bold-BLACK.png","width":721,"height":177,"caption":"Oy Noortrade Ab"},"image":{"@id":"https:\/\/shopnoorfi-wp31835.test.cchosting.fi\/#\/schema\/logo\/image\/"}}]}},"brands":[{"id":28730,"name":"Nordlux","slug":"nordlux"},{"id":37488,"name":"Nordlux","slug":"nordlux-sv"}],"_links":{"self":[{"href":"https:\/\/shop.noor.fi\/sv\/wp-json\/wp\/v2\/product\/102732","targetHints":{"allow":["GET"]}}],"collection":[{"href":"https:\/\/shop.noor.fi\/sv\/wp-json\/wp\/v2\/product"}],"about":[{"href":"https:\/\/shop.noor.fi\/sv\/wp-json\/wp\/v2\/types\/product"}],"replies":[{"embeddable":true,"href":"https:\/\/shop.noor.fi\/sv\/wp-json\/wp\/v2\/comments?post=102732"}],"wp:featuredmedia":[{"embeddable":true,"href":"https:\/\/shop.noor.fi\/sv\/wp-json\/wp\/v2\/media\/49334"}],"wp:attachment":[{"href":"https:\/\/shop.noor.fi\/sv\/wp-json\/wp\/v2\/media?parent=102732"}],"wp:term":[{"taxonomy":"pwb-brand","embeddable":true,"href":"https:\/\/shop.noor.fi\/sv\/wp-json\/wp\/v2\/pwb-brand?post=102732"},{"taxonomy":"product_brand","embeddable":true,"href":"https:\/\/shop.noor.fi\/sv\/wp-json\/wp\/v2\/product_brand?post=102732"},{"taxonomy":"product_cat","embeddable":true,"href":"https:\/\/shop.noor.fi\/sv\/wp-json\/wp\/v2\/product_cat?post=102732"},{"taxonomy":"product_tag","embeddable":true,"href":"https:\/\/shop.noor.fi\/sv\/wp-json\/wp\/v2\/product_tag?post=102732"}],"curies":[{"name":"wp","href":"https:\/\/api.w.org\/{rel}","templated":true}]}}