{"id":102605,"date":"2023-11-01T15:57:47","date_gmt":"2023-11-01T13:57:47","guid":{"rendered":"https:\/\/shop.noor.fi\/product\/rica-square-solar-vaggarmatur\/"},"modified":"2026-03-23T08:49:29","modified_gmt":"2026-03-23T06:49:29","slug":"rica-square-solar-vaggarmatur","status":"publish","type":"product","link":"https:\/\/shop.noor.fi\/sv\/produkt\/rica-square-solar-vaggarmatur\/","title":{"rendered":"Rica Square Solar v\u00e4ggarmatur svart"},"content":{"rendered":"<p>Rica-serien fr\u00e5n Nordlux \u00e4r en serie sladdl\u00f6sa, solcellsdrivna tr\u00e4dg\u00e5rdslampor i modern och minimalistisk design. V\u00e4gglamporna laddas av solljus under dagen och sl\u00e5s p\u00e5 automatiskt vid detektering av r\u00f6relse. Det ned\u00e5triktade ljuset \u00e4r perfekt f\u00f6r att belysa huvudentr\u00e9n, uppfarten eller andra omr\u00e5den som anv\u00e4nds mycket. Enkel installation utan kabeldragning.<br \/>\nF\u00e4rgtemperatur 3000K, ljusfl\u00f6de 450 lm.<br \/>\nSensorr\u00e4ckvidd 0-8 m.<br \/>\nPlacera lampan s\u00e5 att solen kan n\u00e5 panelen under dagen.<br \/>\nIntegrerad LED, lampan \u00e4r ej utbytbar. Lampan har 5-\u00e5rs LED-garanti.<\/p>\n<p>Bredd 15 cm<br \/>\nDjup 12,8 cm<br \/>\nH\u00f6jd 12 cm<\/p>\n<p>Obs!<br \/>\nSolcellspanelen beh\u00f6ver riktas mot solen f\u00f6r optimal laddning av batteri<br \/>\nProdukten har en skymningsrel\u00e4 och lyser d\u00e4rf\u00f6r endast under de m\u00f6rka timmarna<\/p>\n","protected":false},"excerpt":{"rendered":"<p>Rica-serien fr\u00e5n Nordlux \u00e4r en serie sladdl\u00f6sa, solcellsdrivna tr\u00e4dg\u00e5rdslampor i modern och minimalistisk design. V\u00e4gglamporna laddas av solljus under dagen och sl\u00e5s p\u00e5 automatiskt vid detektering av r\u00f6relse. Det ned\u00e5triktade ljuset \u00e4r perfekt f\u00f6r att belysa huvudentr\u00e9n, uppfarten eller andra omr\u00e5den som anv\u00e4nds mycket. Enkel installation utan kabeldragning. F\u00e4rgtemperatur 3000K, ljusfl\u00f6de 450 lm. Sensorr\u00e4ckvidd 0-8 [&hellip;]<\/p>\n","protected":false},"featured_media":52142,"comment_status":"open","ping_status":"closed","template":"","meta":{"_acf_changed":false,"_relevanssi_hide_post":"","_relevanssi_hide_content":"","_relevanssi_pin_for_all":"","_relevanssi_pin_keywords":"","_relevanssi_unpin_keywords":"","_relevanssi_related_keywords":"","_relevanssi_related_include_ids":"","_relevanssi_related_exclude_ids":"","_relevanssi_related_no_append":"","_relevanssi_related_not_related":"","_relevanssi_related_posts":"","_relevanssi_noindex_reason":""},"pwb-brand":[28730],"product_brand":[],"product_cat":[32193,31809,31939,32121],"product_tag":[],"class_list":{"0":"post-102605","1":"product","2":"type-product","3":"status-publish","4":"has-post-thumbnail","6":"pwb-brand-nordlux","7":"product_cat-vagglampor-sv-2","8":"product_cat-ulkoseinavalaisimet","9":"product_cat-seinavalaisimet-aurinkokennovalaisimet","10":"product_cat-vagglampor-sv","12":"first","13":"instock","14":"taxable","15":"shipping-taxable","16":"purchasable","17":"product-type-simple"},"acf":[],"yoast_head":"<!-- This site is optimized with the Yoast SEO plugin v27.5 - https:\/\/yoast.com\/product\/yoast-seo-wordpress\/ -->\n<title>Rica Square Solar v\u00e4ggarmatur svart - Oy Noortrade Ab<\/title>\n<meta name=\"robots\" content=\"index, follow, max-snippet:-1, max-image-preview:large, max-video-preview:-1\" \/>\n<link rel=\"canonical\" href=\"https:\/\/shop.noor.fi\/tuote\/rica-square-solar-seinavalaisin\/\" \/>\n<meta property=\"og:locale\" content=\"sv_SE\" \/>\n<meta property=\"og:type\" content=\"article\" \/>\n<meta property=\"og:title\" content=\"Rica Square Solar v\u00e4ggarmatur svart - Oy Noortrade Ab\" \/>\n<meta property=\"og:description\" content=\"Rica-serien fr\u00e5n Nordlux \u00e4r en serie sladdl\u00f6sa, solcellsdrivna tr\u00e4dg\u00e5rdslampor i modern och minimalistisk design. V\u00e4gglamporna laddas av solljus under dagen och sl\u00e5s p\u00e5 automatiskt vid detektering av r\u00f6relse. Det ned\u00e5triktade ljuset \u00e4r perfekt f\u00f6r att belysa huvudentr\u00e9n, uppfarten eller andra omr\u00e5den som anv\u00e4nds mycket. Enkel installation utan kabeldragning. F\u00e4rgtemperatur 3000K, ljusfl\u00f6de 450 lm. Sensorr\u00e4ckvidd 0-8 [&hellip;]\" \/>\n<meta property=\"og:url\" content=\"https:\/\/shop.noor.fi\/tuote\/rica-square-solar-seinavalaisin\/\" \/>\n<meta property=\"og:site_name\" content=\"Oy Noortrade Ab\" \/>\n<meta property=\"article:modified_time\" content=\"2026-03-23T06:49:29+00:00\" \/>\n<meta property=\"og:image\" content=\"https:\/\/shop.noor.fi\/wp-content\/uploads\/2023\/11\/5704924004797.jpg\" \/>\n\t<meta property=\"og:image:width\" content=\"1080\" \/>\n\t<meta property=\"og:image:height\" content=\"1080\" \/>\n\t<meta property=\"og:image:type\" content=\"image\/jpeg\" \/>\n<meta name=\"twitter:card\" content=\"summary_large_image\" \/>\n<meta name=\"twitter:label1\" content=\"Ber\u00e4knad l\u00e4stid\" \/>\n\t<meta name=\"twitter:data1\" content=\"1 minut\" \/>\n<script type=\"application\/ld+json\" class=\"yoast-schema-graph\">{\"@context\":\"https:\\\/\\\/schema.org\",\"@graph\":[{\"@type\":\"WebPage\",\"@id\":\"https:\\\/\\\/shop.noor.fi\\\/tuote\\\/rica-square-solar-seinavalaisin\\\/\",\"url\":\"https:\\\/\\\/shop.noor.fi\\\/tuote\\\/rica-square-solar-seinavalaisin\\\/\",\"name\":\"Rica Square Solar v\u00e4ggarmatur svart - Oy Noortrade Ab\",\"isPartOf\":{\"@id\":\"https:\\\/\\\/shopnoorfi-wp31835.test.cchosting.fi\\\/#website\"},\"primaryImageOfPage\":{\"@id\":\"https:\\\/\\\/shop.noor.fi\\\/tuote\\\/rica-square-solar-seinavalaisin\\\/#primaryimage\"},\"image\":{\"@id\":\"https:\\\/\\\/shop.noor.fi\\\/tuote\\\/rica-square-solar-seinavalaisin\\\/#primaryimage\"},\"thumbnailUrl\":\"https:\\\/\\\/shop.noor.fi\\\/wp-content\\\/uploads\\\/2023\\\/11\\\/5704924004797.jpg\",\"datePublished\":\"2023-11-01T13:57:47+00:00\",\"dateModified\":\"2026-03-23T06:49:29+00:00\",\"breadcrumb\":{\"@id\":\"https:\\\/\\\/shop.noor.fi\\\/tuote\\\/rica-square-solar-seinavalaisin\\\/#breadcrumb\"},\"inLanguage\":\"sv-SE\",\"potentialAction\":[{\"@type\":\"ReadAction\",\"target\":[\"https:\\\/\\\/shop.noor.fi\\\/tuote\\\/rica-square-solar-seinavalaisin\\\/\"]}]},{\"@type\":\"ImageObject\",\"inLanguage\":\"sv-SE\",\"@id\":\"https:\\\/\\\/shop.noor.fi\\\/tuote\\\/rica-square-solar-seinavalaisin\\\/#primaryimage\",\"url\":\"https:\\\/\\\/shop.noor.fi\\\/wp-content\\\/uploads\\\/2023\\\/11\\\/5704924004797.jpg\",\"contentUrl\":\"https:\\\/\\\/shop.noor.fi\\\/wp-content\\\/uploads\\\/2023\\\/11\\\/5704924004797.jpg\",\"width\":1080,\"height\":1080},{\"@type\":\"BreadcrumbList\",\"@id\":\"https:\\\/\\\/shop.noor.fi\\\/tuote\\\/rica-square-solar-seinavalaisin\\\/#breadcrumb\",\"itemListElement\":[{\"@type\":\"ListItem\",\"position\":1,\"name\":\"Etusivu\",\"item\":\"https:\\\/\\\/shop.noor.fi\\\/sv\\\/\"},{\"@type\":\"ListItem\",\"position\":2,\"name\":\"Butik\",\"item\":\"https:\\\/\\\/shopnoorfi-wp31835.test.cchosting.fi\\\/sv\\\/butik\\\/\"},{\"@type\":\"ListItem\",\"position\":3,\"name\":\"Rica Square Solar v\u00e4ggarmatur svart\"}]},{\"@type\":\"WebSite\",\"@id\":\"https:\\\/\\\/shopnoorfi-wp31835.test.cchosting.fi\\\/#website\",\"url\":\"https:\\\/\\\/shopnoorfi-wp31835.test.cchosting.fi\\\/\",\"name\":\"Oy Noortrade Ab\",\"description\":\"Finnish family owned company with over 30 years of professional experience in lighting &amp; interior products import and sales - reliably.\",\"publisher\":{\"@id\":\"https:\\\/\\\/shopnoorfi-wp31835.test.cchosting.fi\\\/#organization\"},\"potentialAction\":[{\"@type\":\"SearchAction\",\"target\":{\"@type\":\"EntryPoint\",\"urlTemplate\":\"https:\\\/\\\/shopnoorfi-wp31835.test.cchosting.fi\\\/?s={search_term_string}\"},\"query-input\":{\"@type\":\"PropertyValueSpecification\",\"valueRequired\":true,\"valueName\":\"search_term_string\"}}],\"inLanguage\":\"sv-SE\"},{\"@type\":\"Organization\",\"@id\":\"https:\\\/\\\/shopnoorfi-wp31835.test.cchosting.fi\\\/#organization\",\"name\":\"Oy Noortrade Ab\",\"url\":\"https:\\\/\\\/shopnoorfi-wp31835.test.cchosting.fi\\\/\",\"logo\":{\"@type\":\"ImageObject\",\"inLanguage\":\"sv-SE\",\"@id\":\"https:\\\/\\\/shopnoorfi-wp31835.test.cchosting.fi\\\/#\\\/schema\\\/logo\\\/image\\\/\",\"url\":\"https:\\\/\\\/shop.noor.fi\\\/wp-content\\\/uploads\\\/2024\\\/01\\\/Oy-Noortrade-Ab-Corbel-VERSAL-bold-BLACK.png\",\"contentUrl\":\"https:\\\/\\\/shop.noor.fi\\\/wp-content\\\/uploads\\\/2024\\\/01\\\/Oy-Noortrade-Ab-Corbel-VERSAL-bold-BLACK.png\",\"width\":721,\"height\":177,\"caption\":\"Oy Noortrade Ab\"},\"image\":{\"@id\":\"https:\\\/\\\/shopnoorfi-wp31835.test.cchosting.fi\\\/#\\\/schema\\\/logo\\\/image\\\/\"}}]}<\/script>\n<!-- \/ Yoast SEO plugin. -->","yoast_head_json":{"title":"Rica Square Solar v\u00e4ggarmatur svart - Oy Noortrade Ab","robots":{"index":"index","follow":"follow","max-snippet":"max-snippet:-1","max-image-preview":"max-image-preview:large","max-video-preview":"max-video-preview:-1"},"canonical":"https:\/\/shop.noor.fi\/tuote\/rica-square-solar-seinavalaisin\/","og_locale":"sv_SE","og_type":"article","og_title":"Rica Square Solar v\u00e4ggarmatur svart - Oy Noortrade Ab","og_description":"Rica-serien fr\u00e5n Nordlux \u00e4r en serie sladdl\u00f6sa, solcellsdrivna tr\u00e4dg\u00e5rdslampor i modern och minimalistisk design. V\u00e4gglamporna laddas av solljus under dagen och sl\u00e5s p\u00e5 automatiskt vid detektering av r\u00f6relse. Det ned\u00e5triktade ljuset \u00e4r perfekt f\u00f6r att belysa huvudentr\u00e9n, uppfarten eller andra omr\u00e5den som anv\u00e4nds mycket. Enkel installation utan kabeldragning. F\u00e4rgtemperatur 3000K, ljusfl\u00f6de 450 lm. Sensorr\u00e4ckvidd 0-8 [&hellip;]","og_url":"https:\/\/shop.noor.fi\/tuote\/rica-square-solar-seinavalaisin\/","og_site_name":"Oy Noortrade Ab","article_modified_time":"2026-03-23T06:49:29+00:00","og_image":[{"width":1080,"height":1080,"url":"https:\/\/shop.noor.fi\/wp-content\/uploads\/2023\/11\/5704924004797.jpg","type":"image\/jpeg"}],"twitter_card":"summary_large_image","twitter_misc":{"Ber\u00e4knad l\u00e4stid":"1 minut"},"schema":{"@context":"https:\/\/schema.org","@graph":[{"@type":"WebPage","@id":"https:\/\/shop.noor.fi\/tuote\/rica-square-solar-seinavalaisin\/","url":"https:\/\/shop.noor.fi\/tuote\/rica-square-solar-seinavalaisin\/","name":"Rica Square Solar v\u00e4ggarmatur svart - Oy Noortrade Ab","isPartOf":{"@id":"https:\/\/shopnoorfi-wp31835.test.cchosting.fi\/#website"},"primaryImageOfPage":{"@id":"https:\/\/shop.noor.fi\/tuote\/rica-square-solar-seinavalaisin\/#primaryimage"},"image":{"@id":"https:\/\/shop.noor.fi\/tuote\/rica-square-solar-seinavalaisin\/#primaryimage"},"thumbnailUrl":"https:\/\/shop.noor.fi\/wp-content\/uploads\/2023\/11\/5704924004797.jpg","datePublished":"2023-11-01T13:57:47+00:00","dateModified":"2026-03-23T06:49:29+00:00","breadcrumb":{"@id":"https:\/\/shop.noor.fi\/tuote\/rica-square-solar-seinavalaisin\/#breadcrumb"},"inLanguage":"sv-SE","potentialAction":[{"@type":"ReadAction","target":["https:\/\/shop.noor.fi\/tuote\/rica-square-solar-seinavalaisin\/"]}]},{"@type":"ImageObject","inLanguage":"sv-SE","@id":"https:\/\/shop.noor.fi\/tuote\/rica-square-solar-seinavalaisin\/#primaryimage","url":"https:\/\/shop.noor.fi\/wp-content\/uploads\/2023\/11\/5704924004797.jpg","contentUrl":"https:\/\/shop.noor.fi\/wp-content\/uploads\/2023\/11\/5704924004797.jpg","width":1080,"height":1080},{"@type":"BreadcrumbList","@id":"https:\/\/shop.noor.fi\/tuote\/rica-square-solar-seinavalaisin\/#breadcrumb","itemListElement":[{"@type":"ListItem","position":1,"name":"Etusivu","item":"https:\/\/shop.noor.fi\/sv\/"},{"@type":"ListItem","position":2,"name":"Butik","item":"https:\/\/shopnoorfi-wp31835.test.cchosting.fi\/sv\/butik\/"},{"@type":"ListItem","position":3,"name":"Rica Square Solar v\u00e4ggarmatur svart"}]},{"@type":"WebSite","@id":"https:\/\/shopnoorfi-wp31835.test.cchosting.fi\/#website","url":"https:\/\/shopnoorfi-wp31835.test.cchosting.fi\/","name":"Oy Noortrade Ab","description":"Finnish family owned company with over 30 years of professional experience in lighting &amp; interior products import and sales - reliably.","publisher":{"@id":"https:\/\/shopnoorfi-wp31835.test.cchosting.fi\/#organization"},"potentialAction":[{"@type":"SearchAction","target":{"@type":"EntryPoint","urlTemplate":"https:\/\/shopnoorfi-wp31835.test.cchosting.fi\/?s={search_term_string}"},"query-input":{"@type":"PropertyValueSpecification","valueRequired":true,"valueName":"search_term_string"}}],"inLanguage":"sv-SE"},{"@type":"Organization","@id":"https:\/\/shopnoorfi-wp31835.test.cchosting.fi\/#organization","name":"Oy Noortrade Ab","url":"https:\/\/shopnoorfi-wp31835.test.cchosting.fi\/","logo":{"@type":"ImageObject","inLanguage":"sv-SE","@id":"https:\/\/shopnoorfi-wp31835.test.cchosting.fi\/#\/schema\/logo\/image\/","url":"https:\/\/shop.noor.fi\/wp-content\/uploads\/2024\/01\/Oy-Noortrade-Ab-Corbel-VERSAL-bold-BLACK.png","contentUrl":"https:\/\/shop.noor.fi\/wp-content\/uploads\/2024\/01\/Oy-Noortrade-Ab-Corbel-VERSAL-bold-BLACK.png","width":721,"height":177,"caption":"Oy Noortrade Ab"},"image":{"@id":"https:\/\/shopnoorfi-wp31835.test.cchosting.fi\/#\/schema\/logo\/image\/"}}]}},"brands":[{"id":28730,"name":"Nordlux","slug":"nordlux"}],"_links":{"self":[{"href":"https:\/\/shop.noor.fi\/sv\/wp-json\/wp\/v2\/product\/102605","targetHints":{"allow":["GET"]}}],"collection":[{"href":"https:\/\/shop.noor.fi\/sv\/wp-json\/wp\/v2\/product"}],"about":[{"href":"https:\/\/shop.noor.fi\/sv\/wp-json\/wp\/v2\/types\/product"}],"replies":[{"embeddable":true,"href":"https:\/\/shop.noor.fi\/sv\/wp-json\/wp\/v2\/comments?post=102605"}],"wp:featuredmedia":[{"embeddable":true,"href":"https:\/\/shop.noor.fi\/sv\/wp-json\/wp\/v2\/media\/52142"}],"wp:attachment":[{"href":"https:\/\/shop.noor.fi\/sv\/wp-json\/wp\/v2\/media?parent=102605"}],"wp:term":[{"taxonomy":"pwb-brand","embeddable":true,"href":"https:\/\/shop.noor.fi\/sv\/wp-json\/wp\/v2\/pwb-brand?post=102605"},{"taxonomy":"product_brand","embeddable":true,"href":"https:\/\/shop.noor.fi\/sv\/wp-json\/wp\/v2\/product_brand?post=102605"},{"taxonomy":"product_cat","embeddable":true,"href":"https:\/\/shop.noor.fi\/sv\/wp-json\/wp\/v2\/product_cat?post=102605"},{"taxonomy":"product_tag","embeddable":true,"href":"https:\/\/shop.noor.fi\/sv\/wp-json\/wp\/v2\/product_tag?post=102605"}],"curies":[{"name":"wp","href":"https:\/\/api.w.org\/{rel}","templated":true}]}}