{"id":102553,"date":"2023-11-01T15:55:08","date_gmt":"2023-11-01T13:55:08","guid":{"rendered":"https:\/\/shop.noor.fi\/product\/gloom-5-delad-pendel-massing\/"},"modified":"2026-01-09T15:46:18","modified_gmt":"2026-01-09T13:46:18","slug":"gloom-5-delad-pendel-massing","status":"publish","type":"product","link":"https:\/\/shop.noor.fi\/sv\/produkt\/gloom-5-delad-pendel-massing\/","title":{"rendered":"Gloom 5-delad pendel m\u00e4ssing"},"content":{"rendered":"<p>Gloom \u00e4r en ny version av den klassiska ljuskronan med en modern och elegant twist. Pendellampan har roterbara armar f\u00f6r enkel justering. Skapa ditt eget unika designuttryck genom att l\u00e4gga till dekorativa gl\u00f6dlampor.<br \/>\nSladdl\u00e4ngd 200 cm.<br \/>\nFast montering, kopplingsplint. Takplugg ing\u00e5r ej.<br \/>\nE27, max 5 x 40W. Ljusk\u00e4llor ing\u00e5r ej.<\/p>\n<p>Bredd 74 cm<br \/>\nDjup 4,3 cm<br \/>\nH\u00f6jd 36 cm<br \/>\nTakkopp 10 cm i diameter, h\u00f6jd 2,5 cm<\/p>\n","protected":false},"excerpt":{"rendered":"<p>Gloom \u00e4r en ny version av den klassiska ljuskronan med en modern och elegant twist. Pendellampan har roterbara armar f\u00f6r enkel justering. Skapa ditt eget unika designuttryck genom att l\u00e4gga till dekorativa gl\u00f6dlampor. Sladdl\u00e4ngd 200 cm. Fast montering, kopplingsplint. Takplugg ing\u00e5r ej. E27, max 5 x 40W. Ljusk\u00e4llor ing\u00e5r ej. Bredd 74 cm Djup 4,3 [&hellip;]<\/p>\n","protected":false},"featured_media":78699,"comment_status":"open","ping_status":"closed","template":"","meta":{"_acf_changed":false,"_relevanssi_hide_post":"","_relevanssi_hide_content":"","_relevanssi_pin_for_all":"","_relevanssi_pin_keywords":"","_relevanssi_unpin_keywords":"","_relevanssi_related_keywords":"","_relevanssi_related_include_ids":"","_relevanssi_related_exclude_ids":"","_relevanssi_related_no_append":"","_relevanssi_related_not_related":"","_relevanssi_related_posts":"","_relevanssi_noindex_reason":""},"pwb-brand":[28730],"product_brand":[],"product_cat":[32115],"product_tag":[],"class_list":{"0":"post-102553","1":"product","2":"type-product","3":"status-publish","4":"has-post-thumbnail","6":"pwb-brand-nordlux","7":"product_cat-pendlar","9":"first","10":"instock","11":"taxable","12":"shipping-taxable","13":"purchasable","14":"product-type-simple"},"acf":[],"yoast_head":"<!-- This site is optimized with the Yoast SEO plugin v27.5 - https:\/\/yoast.com\/product\/yoast-seo-wordpress\/ -->\n<title>Gloom 5-delad pendel m\u00e4ssing - Oy Noortrade Ab<\/title>\n<meta name=\"robots\" content=\"index, follow, max-snippet:-1, max-image-preview:large, max-video-preview:-1\" \/>\n<link rel=\"canonical\" href=\"https:\/\/shop.noor.fi\/sv\/produkt\/gloom-5-delad-pendel-massing\/\" \/>\n<meta property=\"og:locale\" content=\"sv_SE\" \/>\n<meta property=\"og:type\" content=\"article\" \/>\n<meta property=\"og:title\" content=\"Gloom 5-delad pendel m\u00e4ssing - Oy Noortrade Ab\" \/>\n<meta property=\"og:description\" content=\"Gloom \u00e4r en ny version av den klassiska ljuskronan med en modern och elegant twist. Pendellampan har roterbara armar f\u00f6r enkel justering. Skapa ditt eget unika designuttryck genom att l\u00e4gga till dekorativa gl\u00f6dlampor. Sladdl\u00e4ngd 200 cm. Fast montering, kopplingsplint. Takplugg ing\u00e5r ej. E27, max 5 x 40W. Ljusk\u00e4llor ing\u00e5r ej. Bredd 74 cm Djup 4,3 [&hellip;]\" \/>\n<meta property=\"og:url\" content=\"https:\/\/shop.noor.fi\/sv\/produkt\/gloom-5-delad-pendel-massing\/\" \/>\n<meta property=\"og:site_name\" content=\"Oy Noortrade Ab\" \/>\n<meta property=\"article:modified_time\" content=\"2026-01-09T13:46:18+00:00\" \/>\n<meta property=\"og:image\" content=\"https:\/\/shop.noor.fi\/wp-content\/uploads\/2023\/12\/5704924006234-scaled.jpg\" \/>\n\t<meta property=\"og:image:width\" content=\"2560\" \/>\n\t<meta property=\"og:image:height\" content=\"2560\" \/>\n\t<meta property=\"og:image:type\" content=\"image\/jpeg\" \/>\n<meta name=\"twitter:card\" content=\"summary_large_image\" \/>\n<script type=\"application\/ld+json\" class=\"yoast-schema-graph\">{\"@context\":\"https:\\\/\\\/schema.org\",\"@graph\":[{\"@type\":\"WebPage\",\"@id\":\"https:\\\/\\\/shop.noor.fi\\\/sv\\\/produkt\\\/gloom-5-delad-pendel-massing\\\/\",\"url\":\"https:\\\/\\\/shop.noor.fi\\\/sv\\\/produkt\\\/gloom-5-delad-pendel-massing\\\/\",\"name\":\"Gloom 5-delad pendel m\u00e4ssing - Oy Noortrade Ab\",\"isPartOf\":{\"@id\":\"https:\\\/\\\/shopnoorfi-wp31835.test.cchosting.fi\\\/#website\"},\"primaryImageOfPage\":{\"@id\":\"https:\\\/\\\/shop.noor.fi\\\/sv\\\/produkt\\\/gloom-5-delad-pendel-massing\\\/#primaryimage\"},\"image\":{\"@id\":\"https:\\\/\\\/shop.noor.fi\\\/sv\\\/produkt\\\/gloom-5-delad-pendel-massing\\\/#primaryimage\"},\"thumbnailUrl\":\"https:\\\/\\\/shop.noor.fi\\\/wp-content\\\/uploads\\\/2023\\\/12\\\/5704924006234-scaled.jpg\",\"datePublished\":\"2023-11-01T13:55:08+00:00\",\"dateModified\":\"2026-01-09T13:46:18+00:00\",\"breadcrumb\":{\"@id\":\"https:\\\/\\\/shop.noor.fi\\\/sv\\\/produkt\\\/gloom-5-delad-pendel-massing\\\/#breadcrumb\"},\"inLanguage\":\"sv-SE\",\"potentialAction\":[{\"@type\":\"ReadAction\",\"target\":[\"https:\\\/\\\/shop.noor.fi\\\/sv\\\/produkt\\\/gloom-5-delad-pendel-massing\\\/\"]}]},{\"@type\":\"ImageObject\",\"inLanguage\":\"sv-SE\",\"@id\":\"https:\\\/\\\/shop.noor.fi\\\/sv\\\/produkt\\\/gloom-5-delad-pendel-massing\\\/#primaryimage\",\"url\":\"https:\\\/\\\/shop.noor.fi\\\/wp-content\\\/uploads\\\/2023\\\/12\\\/5704924006234-scaled.jpg\",\"contentUrl\":\"https:\\\/\\\/shop.noor.fi\\\/wp-content\\\/uploads\\\/2023\\\/12\\\/5704924006234-scaled.jpg\",\"width\":2560,\"height\":2560},{\"@type\":\"BreadcrumbList\",\"@id\":\"https:\\\/\\\/shop.noor.fi\\\/sv\\\/produkt\\\/gloom-5-delad-pendel-massing\\\/#breadcrumb\",\"itemListElement\":[{\"@type\":\"ListItem\",\"position\":1,\"name\":\"Etusivu\",\"item\":\"https:\\\/\\\/shop.noor.fi\\\/sv\\\/\"},{\"@type\":\"ListItem\",\"position\":2,\"name\":\"Butik\",\"item\":\"https:\\\/\\\/shopnoorfi-wp31835.test.cchosting.fi\\\/sv\\\/butik\\\/\"},{\"@type\":\"ListItem\",\"position\":3,\"name\":\"Gloom 5-delad pendel m\u00e4ssing\"}]},{\"@type\":\"WebSite\",\"@id\":\"https:\\\/\\\/shopnoorfi-wp31835.test.cchosting.fi\\\/#website\",\"url\":\"https:\\\/\\\/shopnoorfi-wp31835.test.cchosting.fi\\\/\",\"name\":\"Oy Noortrade Ab\",\"description\":\"Finnish family owned company with over 30 years of professional experience in lighting &amp; interior products import and sales - reliably.\",\"publisher\":{\"@id\":\"https:\\\/\\\/shopnoorfi-wp31835.test.cchosting.fi\\\/#organization\"},\"potentialAction\":[{\"@type\":\"SearchAction\",\"target\":{\"@type\":\"EntryPoint\",\"urlTemplate\":\"https:\\\/\\\/shopnoorfi-wp31835.test.cchosting.fi\\\/?s={search_term_string}\"},\"query-input\":{\"@type\":\"PropertyValueSpecification\",\"valueRequired\":true,\"valueName\":\"search_term_string\"}}],\"inLanguage\":\"sv-SE\"},{\"@type\":\"Organization\",\"@id\":\"https:\\\/\\\/shopnoorfi-wp31835.test.cchosting.fi\\\/#organization\",\"name\":\"Oy Noortrade Ab\",\"url\":\"https:\\\/\\\/shopnoorfi-wp31835.test.cchosting.fi\\\/\",\"logo\":{\"@type\":\"ImageObject\",\"inLanguage\":\"sv-SE\",\"@id\":\"https:\\\/\\\/shopnoorfi-wp31835.test.cchosting.fi\\\/#\\\/schema\\\/logo\\\/image\\\/\",\"url\":\"https:\\\/\\\/shop.noor.fi\\\/wp-content\\\/uploads\\\/2024\\\/01\\\/Oy-Noortrade-Ab-Corbel-VERSAL-bold-BLACK.png\",\"contentUrl\":\"https:\\\/\\\/shop.noor.fi\\\/wp-content\\\/uploads\\\/2024\\\/01\\\/Oy-Noortrade-Ab-Corbel-VERSAL-bold-BLACK.png\",\"width\":721,\"height\":177,\"caption\":\"Oy Noortrade Ab\"},\"image\":{\"@id\":\"https:\\\/\\\/shopnoorfi-wp31835.test.cchosting.fi\\\/#\\\/schema\\\/logo\\\/image\\\/\"}}]}<\/script>\n<!-- \/ Yoast SEO plugin. -->","yoast_head_json":{"title":"Gloom 5-delad pendel m\u00e4ssing - Oy Noortrade Ab","robots":{"index":"index","follow":"follow","max-snippet":"max-snippet:-1","max-image-preview":"max-image-preview:large","max-video-preview":"max-video-preview:-1"},"canonical":"https:\/\/shop.noor.fi\/sv\/produkt\/gloom-5-delad-pendel-massing\/","og_locale":"sv_SE","og_type":"article","og_title":"Gloom 5-delad pendel m\u00e4ssing - Oy Noortrade Ab","og_description":"Gloom \u00e4r en ny version av den klassiska ljuskronan med en modern och elegant twist. Pendellampan har roterbara armar f\u00f6r enkel justering. Skapa ditt eget unika designuttryck genom att l\u00e4gga till dekorativa gl\u00f6dlampor. Sladdl\u00e4ngd 200 cm. Fast montering, kopplingsplint. Takplugg ing\u00e5r ej. E27, max 5 x 40W. Ljusk\u00e4llor ing\u00e5r ej. Bredd 74 cm Djup 4,3 [&hellip;]","og_url":"https:\/\/shop.noor.fi\/sv\/produkt\/gloom-5-delad-pendel-massing\/","og_site_name":"Oy Noortrade Ab","article_modified_time":"2026-01-09T13:46:18+00:00","og_image":[{"width":2560,"height":2560,"url":"https:\/\/shop.noor.fi\/wp-content\/uploads\/2023\/12\/5704924006234-scaled.jpg","type":"image\/jpeg"}],"twitter_card":"summary_large_image","schema":{"@context":"https:\/\/schema.org","@graph":[{"@type":"WebPage","@id":"https:\/\/shop.noor.fi\/sv\/produkt\/gloom-5-delad-pendel-massing\/","url":"https:\/\/shop.noor.fi\/sv\/produkt\/gloom-5-delad-pendel-massing\/","name":"Gloom 5-delad pendel m\u00e4ssing - Oy Noortrade Ab","isPartOf":{"@id":"https:\/\/shopnoorfi-wp31835.test.cchosting.fi\/#website"},"primaryImageOfPage":{"@id":"https:\/\/shop.noor.fi\/sv\/produkt\/gloom-5-delad-pendel-massing\/#primaryimage"},"image":{"@id":"https:\/\/shop.noor.fi\/sv\/produkt\/gloom-5-delad-pendel-massing\/#primaryimage"},"thumbnailUrl":"https:\/\/shop.noor.fi\/wp-content\/uploads\/2023\/12\/5704924006234-scaled.jpg","datePublished":"2023-11-01T13:55:08+00:00","dateModified":"2026-01-09T13:46:18+00:00","breadcrumb":{"@id":"https:\/\/shop.noor.fi\/sv\/produkt\/gloom-5-delad-pendel-massing\/#breadcrumb"},"inLanguage":"sv-SE","potentialAction":[{"@type":"ReadAction","target":["https:\/\/shop.noor.fi\/sv\/produkt\/gloom-5-delad-pendel-massing\/"]}]},{"@type":"ImageObject","inLanguage":"sv-SE","@id":"https:\/\/shop.noor.fi\/sv\/produkt\/gloom-5-delad-pendel-massing\/#primaryimage","url":"https:\/\/shop.noor.fi\/wp-content\/uploads\/2023\/12\/5704924006234-scaled.jpg","contentUrl":"https:\/\/shop.noor.fi\/wp-content\/uploads\/2023\/12\/5704924006234-scaled.jpg","width":2560,"height":2560},{"@type":"BreadcrumbList","@id":"https:\/\/shop.noor.fi\/sv\/produkt\/gloom-5-delad-pendel-massing\/#breadcrumb","itemListElement":[{"@type":"ListItem","position":1,"name":"Etusivu","item":"https:\/\/shop.noor.fi\/sv\/"},{"@type":"ListItem","position":2,"name":"Butik","item":"https:\/\/shopnoorfi-wp31835.test.cchosting.fi\/sv\/butik\/"},{"@type":"ListItem","position":3,"name":"Gloom 5-delad pendel m\u00e4ssing"}]},{"@type":"WebSite","@id":"https:\/\/shopnoorfi-wp31835.test.cchosting.fi\/#website","url":"https:\/\/shopnoorfi-wp31835.test.cchosting.fi\/","name":"Oy Noortrade Ab","description":"Finnish family owned company with over 30 years of professional experience in lighting &amp; interior products import and sales - reliably.","publisher":{"@id":"https:\/\/shopnoorfi-wp31835.test.cchosting.fi\/#organization"},"potentialAction":[{"@type":"SearchAction","target":{"@type":"EntryPoint","urlTemplate":"https:\/\/shopnoorfi-wp31835.test.cchosting.fi\/?s={search_term_string}"},"query-input":{"@type":"PropertyValueSpecification","valueRequired":true,"valueName":"search_term_string"}}],"inLanguage":"sv-SE"},{"@type":"Organization","@id":"https:\/\/shopnoorfi-wp31835.test.cchosting.fi\/#organization","name":"Oy Noortrade Ab","url":"https:\/\/shopnoorfi-wp31835.test.cchosting.fi\/","logo":{"@type":"ImageObject","inLanguage":"sv-SE","@id":"https:\/\/shopnoorfi-wp31835.test.cchosting.fi\/#\/schema\/logo\/image\/","url":"https:\/\/shop.noor.fi\/wp-content\/uploads\/2024\/01\/Oy-Noortrade-Ab-Corbel-VERSAL-bold-BLACK.png","contentUrl":"https:\/\/shop.noor.fi\/wp-content\/uploads\/2024\/01\/Oy-Noortrade-Ab-Corbel-VERSAL-bold-BLACK.png","width":721,"height":177,"caption":"Oy Noortrade Ab"},"image":{"@id":"https:\/\/shopnoorfi-wp31835.test.cchosting.fi\/#\/schema\/logo\/image\/"}}]}},"brands":[{"id":28730,"name":"Nordlux","slug":"nordlux"}],"_links":{"self":[{"href":"https:\/\/shop.noor.fi\/sv\/wp-json\/wp\/v2\/product\/102553","targetHints":{"allow":["GET"]}}],"collection":[{"href":"https:\/\/shop.noor.fi\/sv\/wp-json\/wp\/v2\/product"}],"about":[{"href":"https:\/\/shop.noor.fi\/sv\/wp-json\/wp\/v2\/types\/product"}],"replies":[{"embeddable":true,"href":"https:\/\/shop.noor.fi\/sv\/wp-json\/wp\/v2\/comments?post=102553"}],"wp:featuredmedia":[{"embeddable":true,"href":"https:\/\/shop.noor.fi\/sv\/wp-json\/wp\/v2\/media\/78699"}],"wp:attachment":[{"href":"https:\/\/shop.noor.fi\/sv\/wp-json\/wp\/v2\/media?parent=102553"}],"wp:term":[{"taxonomy":"pwb-brand","embeddable":true,"href":"https:\/\/shop.noor.fi\/sv\/wp-json\/wp\/v2\/pwb-brand?post=102553"},{"taxonomy":"product_brand","embeddable":true,"href":"https:\/\/shop.noor.fi\/sv\/wp-json\/wp\/v2\/product_brand?post=102553"},{"taxonomy":"product_cat","embeddable":true,"href":"https:\/\/shop.noor.fi\/sv\/wp-json\/wp\/v2\/product_cat?post=102553"},{"taxonomy":"product_tag","embeddable":true,"href":"https:\/\/shop.noor.fi\/sv\/wp-json\/wp\/v2\/product_tag?post=102553"}],"curies":[{"name":"wp","href":"https:\/\/api.w.org\/{rel}","templated":true}]}}