{"id":102539,"date":"2023-11-01T15:54:17","date_gmt":"2023-11-01T13:54:17","guid":{"rendered":"https:\/\/shop.noor.fi\/product\/uma-23-pendel-amber\/"},"modified":"2026-01-09T15:43:55","modified_gmt":"2026-01-09T13:43:55","slug":"uma-23-pendel-amber","status":"publish","type":"product","link":"https:\/\/shop.noor.fi\/sv\/produkt\/uma-23-pendel-amber\/","title":{"rendered":"Uma 23 pendel amber"},"content":{"rendered":"<p>Pendel med en ovalformad, munbl\u00e5st glassk\u00e4rm.<br \/>\nIP20, klass 2. E27, max 40W. Ljusk\u00e4lla ing\u00e5r ej.<br \/>\n200 cm guldf\u00e4rgad sladd.<br \/>\nGuldf\u00e4rgad takkopp, diameter 12 cm och h\u00f6jd 2,5 cm.<br \/>\nFast installation, koppling med sockerbit.<\/p>\n","protected":false},"excerpt":{"rendered":"<p>Pendel med en ovalformad, munbl\u00e5st glassk\u00e4rm. IP20, klass 2. E27, max 40W. Ljusk\u00e4lla ing\u00e5r ej. 200 cm guldf\u00e4rgad sladd. Guldf\u00e4rgad takkopp, diameter 12 cm och h\u00f6jd 2,5 cm. Fast installation, koppling med sockerbit.<\/p>\n","protected":false},"featured_media":51622,"comment_status":"open","ping_status":"closed","template":"","meta":{"_acf_changed":false,"_relevanssi_hide_post":"","_relevanssi_hide_content":"","_relevanssi_pin_for_all":"","_relevanssi_pin_keywords":"","_relevanssi_unpin_keywords":"","_relevanssi_related_keywords":"","_relevanssi_related_include_ids":"","_relevanssi_related_exclude_ids":"","_relevanssi_related_no_append":"","_relevanssi_related_not_related":"","_relevanssi_related_posts":"","_relevanssi_noindex_reason":""},"pwb-brand":[28730,37488],"product_brand":[],"product_cat":[32115],"product_tag":[],"class_list":{"0":"post-102539","1":"product","2":"type-product","3":"status-publish","4":"has-post-thumbnail","6":"pwb-brand-nordlux","7":"pwb-brand-nordlux-sv","8":"product_cat-pendlar","10":"first","11":"onbackorder","12":"taxable","13":"shipping-taxable","14":"purchasable","15":"product-type-simple"},"acf":[],"yoast_head":"<!-- This site is optimized with the Yoast SEO plugin v27.5 - https:\/\/yoast.com\/product\/yoast-seo-wordpress\/ -->\n<title>Uma 23 pendel amber - Oy Noortrade Ab<\/title>\n<meta name=\"robots\" content=\"index, follow, max-snippet:-1, max-image-preview:large, max-video-preview:-1\" \/>\n<link rel=\"canonical\" href=\"https:\/\/shop.noor.fi\/sv\/produkt\/uma-23-pendel-amber\/\" \/>\n<meta property=\"og:locale\" content=\"sv_SE\" \/>\n<meta property=\"og:type\" content=\"article\" \/>\n<meta property=\"og:title\" content=\"Uma 23 pendel amber - Oy Noortrade Ab\" \/>\n<meta property=\"og:description\" content=\"Pendel med en ovalformad, munbl\u00e5st glassk\u00e4rm. IP20, klass 2. E27, max 40W. Ljusk\u00e4lla ing\u00e5r ej. 200 cm guldf\u00e4rgad sladd. Guldf\u00e4rgad takkopp, diameter 12 cm och h\u00f6jd 2,5 cm. Fast installation, koppling med sockerbit.\" \/>\n<meta property=\"og:url\" content=\"https:\/\/shop.noor.fi\/sv\/produkt\/uma-23-pendel-amber\/\" \/>\n<meta property=\"og:site_name\" content=\"Oy Noortrade Ab\" \/>\n<meta property=\"article:modified_time\" content=\"2026-01-09T13:43:55+00:00\" \/>\n<meta property=\"og:image\" content=\"https:\/\/shop.noor.fi\/wp-content\/uploads\/2023\/11\/5704924005732.jpg\" \/>\n\t<meta property=\"og:image:width\" content=\"1080\" \/>\n\t<meta property=\"og:image:height\" content=\"1080\" \/>\n\t<meta property=\"og:image:type\" content=\"image\/jpeg\" \/>\n<meta name=\"twitter:card\" content=\"summary_large_image\" \/>\n<script type=\"application\/ld+json\" class=\"yoast-schema-graph\">{\"@context\":\"https:\\\/\\\/schema.org\",\"@graph\":[{\"@type\":\"WebPage\",\"@id\":\"https:\\\/\\\/shop.noor.fi\\\/sv\\\/produkt\\\/uma-23-pendel-amber\\\/\",\"url\":\"https:\\\/\\\/shop.noor.fi\\\/sv\\\/produkt\\\/uma-23-pendel-amber\\\/\",\"name\":\"Uma 23 pendel amber - Oy Noortrade Ab\",\"isPartOf\":{\"@id\":\"https:\\\/\\\/shopnoorfi-wp31835.test.cchosting.fi\\\/#website\"},\"primaryImageOfPage\":{\"@id\":\"https:\\\/\\\/shop.noor.fi\\\/sv\\\/produkt\\\/uma-23-pendel-amber\\\/#primaryimage\"},\"image\":{\"@id\":\"https:\\\/\\\/shop.noor.fi\\\/sv\\\/produkt\\\/uma-23-pendel-amber\\\/#primaryimage\"},\"thumbnailUrl\":\"https:\\\/\\\/shop.noor.fi\\\/wp-content\\\/uploads\\\/2023\\\/11\\\/5704924005732.jpg\",\"datePublished\":\"2023-11-01T13:54:17+00:00\",\"dateModified\":\"2026-01-09T13:43:55+00:00\",\"breadcrumb\":{\"@id\":\"https:\\\/\\\/shop.noor.fi\\\/sv\\\/produkt\\\/uma-23-pendel-amber\\\/#breadcrumb\"},\"inLanguage\":\"sv-SE\",\"potentialAction\":[{\"@type\":\"ReadAction\",\"target\":[\"https:\\\/\\\/shop.noor.fi\\\/sv\\\/produkt\\\/uma-23-pendel-amber\\\/\"]}]},{\"@type\":\"ImageObject\",\"inLanguage\":\"sv-SE\",\"@id\":\"https:\\\/\\\/shop.noor.fi\\\/sv\\\/produkt\\\/uma-23-pendel-amber\\\/#primaryimage\",\"url\":\"https:\\\/\\\/shop.noor.fi\\\/wp-content\\\/uploads\\\/2023\\\/11\\\/5704924005732.jpg\",\"contentUrl\":\"https:\\\/\\\/shop.noor.fi\\\/wp-content\\\/uploads\\\/2023\\\/11\\\/5704924005732.jpg\",\"width\":1080,\"height\":1080},{\"@type\":\"BreadcrumbList\",\"@id\":\"https:\\\/\\\/shop.noor.fi\\\/sv\\\/produkt\\\/uma-23-pendel-amber\\\/#breadcrumb\",\"itemListElement\":[{\"@type\":\"ListItem\",\"position\":1,\"name\":\"Etusivu\",\"item\":\"https:\\\/\\\/shop.noor.fi\\\/sv\\\/\"},{\"@type\":\"ListItem\",\"position\":2,\"name\":\"Butik\",\"item\":\"https:\\\/\\\/shopnoorfi-wp31835.test.cchosting.fi\\\/sv\\\/butik\\\/\"},{\"@type\":\"ListItem\",\"position\":3,\"name\":\"Uma 23 pendel amber\"}]},{\"@type\":\"WebSite\",\"@id\":\"https:\\\/\\\/shopnoorfi-wp31835.test.cchosting.fi\\\/#website\",\"url\":\"https:\\\/\\\/shopnoorfi-wp31835.test.cchosting.fi\\\/\",\"name\":\"Oy Noortrade Ab\",\"description\":\"Finnish family owned company with over 30 years of professional experience in lighting &amp; interior products import and sales - reliably.\",\"publisher\":{\"@id\":\"https:\\\/\\\/shopnoorfi-wp31835.test.cchosting.fi\\\/#organization\"},\"potentialAction\":[{\"@type\":\"SearchAction\",\"target\":{\"@type\":\"EntryPoint\",\"urlTemplate\":\"https:\\\/\\\/shopnoorfi-wp31835.test.cchosting.fi\\\/?s={search_term_string}\"},\"query-input\":{\"@type\":\"PropertyValueSpecification\",\"valueRequired\":true,\"valueName\":\"search_term_string\"}}],\"inLanguage\":\"sv-SE\"},{\"@type\":\"Organization\",\"@id\":\"https:\\\/\\\/shopnoorfi-wp31835.test.cchosting.fi\\\/#organization\",\"name\":\"Oy Noortrade Ab\",\"url\":\"https:\\\/\\\/shopnoorfi-wp31835.test.cchosting.fi\\\/\",\"logo\":{\"@type\":\"ImageObject\",\"inLanguage\":\"sv-SE\",\"@id\":\"https:\\\/\\\/shopnoorfi-wp31835.test.cchosting.fi\\\/#\\\/schema\\\/logo\\\/image\\\/\",\"url\":\"https:\\\/\\\/shop.noor.fi\\\/wp-content\\\/uploads\\\/2024\\\/01\\\/Oy-Noortrade-Ab-Corbel-VERSAL-bold-BLACK.png\",\"contentUrl\":\"https:\\\/\\\/shop.noor.fi\\\/wp-content\\\/uploads\\\/2024\\\/01\\\/Oy-Noortrade-Ab-Corbel-VERSAL-bold-BLACK.png\",\"width\":721,\"height\":177,\"caption\":\"Oy Noortrade Ab\"},\"image\":{\"@id\":\"https:\\\/\\\/shopnoorfi-wp31835.test.cchosting.fi\\\/#\\\/schema\\\/logo\\\/image\\\/\"}}]}<\/script>\n<!-- \/ Yoast SEO plugin. -->","yoast_head_json":{"title":"Uma 23 pendel amber - Oy Noortrade Ab","robots":{"index":"index","follow":"follow","max-snippet":"max-snippet:-1","max-image-preview":"max-image-preview:large","max-video-preview":"max-video-preview:-1"},"canonical":"https:\/\/shop.noor.fi\/sv\/produkt\/uma-23-pendel-amber\/","og_locale":"sv_SE","og_type":"article","og_title":"Uma 23 pendel amber - Oy Noortrade Ab","og_description":"Pendel med en ovalformad, munbl\u00e5st glassk\u00e4rm. IP20, klass 2. E27, max 40W. Ljusk\u00e4lla ing\u00e5r ej. 200 cm guldf\u00e4rgad sladd. Guldf\u00e4rgad takkopp, diameter 12 cm och h\u00f6jd 2,5 cm. Fast installation, koppling med sockerbit.","og_url":"https:\/\/shop.noor.fi\/sv\/produkt\/uma-23-pendel-amber\/","og_site_name":"Oy Noortrade Ab","article_modified_time":"2026-01-09T13:43:55+00:00","og_image":[{"width":1080,"height":1080,"url":"https:\/\/shop.noor.fi\/wp-content\/uploads\/2023\/11\/5704924005732.jpg","type":"image\/jpeg"}],"twitter_card":"summary_large_image","schema":{"@context":"https:\/\/schema.org","@graph":[{"@type":"WebPage","@id":"https:\/\/shop.noor.fi\/sv\/produkt\/uma-23-pendel-amber\/","url":"https:\/\/shop.noor.fi\/sv\/produkt\/uma-23-pendel-amber\/","name":"Uma 23 pendel amber - Oy Noortrade Ab","isPartOf":{"@id":"https:\/\/shopnoorfi-wp31835.test.cchosting.fi\/#website"},"primaryImageOfPage":{"@id":"https:\/\/shop.noor.fi\/sv\/produkt\/uma-23-pendel-amber\/#primaryimage"},"image":{"@id":"https:\/\/shop.noor.fi\/sv\/produkt\/uma-23-pendel-amber\/#primaryimage"},"thumbnailUrl":"https:\/\/shop.noor.fi\/wp-content\/uploads\/2023\/11\/5704924005732.jpg","datePublished":"2023-11-01T13:54:17+00:00","dateModified":"2026-01-09T13:43:55+00:00","breadcrumb":{"@id":"https:\/\/shop.noor.fi\/sv\/produkt\/uma-23-pendel-amber\/#breadcrumb"},"inLanguage":"sv-SE","potentialAction":[{"@type":"ReadAction","target":["https:\/\/shop.noor.fi\/sv\/produkt\/uma-23-pendel-amber\/"]}]},{"@type":"ImageObject","inLanguage":"sv-SE","@id":"https:\/\/shop.noor.fi\/sv\/produkt\/uma-23-pendel-amber\/#primaryimage","url":"https:\/\/shop.noor.fi\/wp-content\/uploads\/2023\/11\/5704924005732.jpg","contentUrl":"https:\/\/shop.noor.fi\/wp-content\/uploads\/2023\/11\/5704924005732.jpg","width":1080,"height":1080},{"@type":"BreadcrumbList","@id":"https:\/\/shop.noor.fi\/sv\/produkt\/uma-23-pendel-amber\/#breadcrumb","itemListElement":[{"@type":"ListItem","position":1,"name":"Etusivu","item":"https:\/\/shop.noor.fi\/sv\/"},{"@type":"ListItem","position":2,"name":"Butik","item":"https:\/\/shopnoorfi-wp31835.test.cchosting.fi\/sv\/butik\/"},{"@type":"ListItem","position":3,"name":"Uma 23 pendel amber"}]},{"@type":"WebSite","@id":"https:\/\/shopnoorfi-wp31835.test.cchosting.fi\/#website","url":"https:\/\/shopnoorfi-wp31835.test.cchosting.fi\/","name":"Oy Noortrade Ab","description":"Finnish family owned company with over 30 years of professional experience in lighting &amp; interior products import and sales - reliably.","publisher":{"@id":"https:\/\/shopnoorfi-wp31835.test.cchosting.fi\/#organization"},"potentialAction":[{"@type":"SearchAction","target":{"@type":"EntryPoint","urlTemplate":"https:\/\/shopnoorfi-wp31835.test.cchosting.fi\/?s={search_term_string}"},"query-input":{"@type":"PropertyValueSpecification","valueRequired":true,"valueName":"search_term_string"}}],"inLanguage":"sv-SE"},{"@type":"Organization","@id":"https:\/\/shopnoorfi-wp31835.test.cchosting.fi\/#organization","name":"Oy Noortrade Ab","url":"https:\/\/shopnoorfi-wp31835.test.cchosting.fi\/","logo":{"@type":"ImageObject","inLanguage":"sv-SE","@id":"https:\/\/shopnoorfi-wp31835.test.cchosting.fi\/#\/schema\/logo\/image\/","url":"https:\/\/shop.noor.fi\/wp-content\/uploads\/2024\/01\/Oy-Noortrade-Ab-Corbel-VERSAL-bold-BLACK.png","contentUrl":"https:\/\/shop.noor.fi\/wp-content\/uploads\/2024\/01\/Oy-Noortrade-Ab-Corbel-VERSAL-bold-BLACK.png","width":721,"height":177,"caption":"Oy Noortrade Ab"},"image":{"@id":"https:\/\/shopnoorfi-wp31835.test.cchosting.fi\/#\/schema\/logo\/image\/"}}]}},"brands":[{"id":28730,"name":"Nordlux","slug":"nordlux"},{"id":37488,"name":"Nordlux","slug":"nordlux-sv"}],"_links":{"self":[{"href":"https:\/\/shop.noor.fi\/sv\/wp-json\/wp\/v2\/product\/102539","targetHints":{"allow":["GET"]}}],"collection":[{"href":"https:\/\/shop.noor.fi\/sv\/wp-json\/wp\/v2\/product"}],"about":[{"href":"https:\/\/shop.noor.fi\/sv\/wp-json\/wp\/v2\/types\/product"}],"replies":[{"embeddable":true,"href":"https:\/\/shop.noor.fi\/sv\/wp-json\/wp\/v2\/comments?post=102539"}],"wp:featuredmedia":[{"embeddable":true,"href":"https:\/\/shop.noor.fi\/sv\/wp-json\/wp\/v2\/media\/51622"}],"wp:attachment":[{"href":"https:\/\/shop.noor.fi\/sv\/wp-json\/wp\/v2\/media?parent=102539"}],"wp:term":[{"taxonomy":"pwb-brand","embeddable":true,"href":"https:\/\/shop.noor.fi\/sv\/wp-json\/wp\/v2\/pwb-brand?post=102539"},{"taxonomy":"product_brand","embeddable":true,"href":"https:\/\/shop.noor.fi\/sv\/wp-json\/wp\/v2\/product_brand?post=102539"},{"taxonomy":"product_cat","embeddable":true,"href":"https:\/\/shop.noor.fi\/sv\/wp-json\/wp\/v2\/product_cat?post=102539"},{"taxonomy":"product_tag","embeddable":true,"href":"https:\/\/shop.noor.fi\/sv\/wp-json\/wp\/v2\/product_tag?post=102539"}],"curies":[{"name":"wp","href":"https:\/\/api.w.org\/{rel}","templated":true}]}}