{"id":102503,"date":"2023-11-01T15:52:25","date_gmt":"2023-11-01T13:52:25","guid":{"rendered":"https:\/\/shop.noor.fi\/product\/ivona-6-delad-pendel-svart\/"},"modified":"2026-03-20T15:53:43","modified_gmt":"2026-03-20T13:53:43","slug":"ivona-6-delad-pendel-svart","status":"publish","type":"product","link":"https:\/\/shop.noor.fi\/sv\/produkt\/ivona-6-delad-pendel-svart\/","title":{"rendered":"Ivona 6-delad pendel svart"},"content":{"rendered":"<p>Ivona \u00e4r en omtolkning av den klassiska ljuskronan \u2013 den utmanar den traditionella uppfattningen med ett mer organiskt och aktuellt utseende. Ivona avger ett vackert ljus fr\u00e5n flera glaskulor f\u00f6r en modern och extravagant stil.<br \/>\nSvart st\u00e5l och r\u00f6kf\u00e4rgat glas ger ett coolt, industriellt utseende. L\u00e4gg till en dekorativ gl\u00f6dlampa och skapa ditt eget designuttryck.<br \/>\nGlaset i den h\u00e4r lampan \u00e4r munbl\u00e5st och har tillverkats individuellt f\u00f6r hand. P\u00e5 grund av denna unika process kan luftbubblor uppst\u00e5 i glaset och dessutom kan glasets tjocklek variera. Detta ger glaset dess karakt\u00e4r och levande utseende.<br \/>\nTextilsladd 200 cm. Fast installation.<br \/>\nE27, max 6 x 28W. Ljusk\u00e4llor ing\u00e5r ej.<\/p>\n<p>Diameter 62 cm<br \/>\nH\u00f6jd 44,5 cm<br \/>\nGlaskupornas diameter \u00e4r 20 cm<br \/>\nTakkopp 12 cm i diameter, h\u00f6jd 2,5 cm<\/p>\n","protected":false},"excerpt":{"rendered":"<p>Ivona \u00e4r en omtolkning av den klassiska ljuskronan \u2013 den utmanar den traditionella uppfattningen med ett mer organiskt och aktuellt utseende. Ivona avger ett vackert ljus fr\u00e5n flera glaskulor f\u00f6r en modern och extravagant stil. Svart st\u00e5l och r\u00f6kf\u00e4rgat glas ger ett coolt, industriellt utseende. L\u00e4gg till en dekorativ gl\u00f6dlampa och skapa ditt eget designuttryck. [&hellip;]<\/p>\n","protected":false},"featured_media":51930,"comment_status":"open","ping_status":"closed","template":"","meta":{"_acf_changed":false,"_relevanssi_hide_post":"","_relevanssi_hide_content":"","_relevanssi_pin_for_all":"","_relevanssi_pin_keywords":"","_relevanssi_unpin_keywords":"","_relevanssi_related_keywords":"","_relevanssi_related_include_ids":"","_relevanssi_related_exclude_ids":"","_relevanssi_related_no_append":"","_relevanssi_related_not_related":"","_relevanssi_related_posts":"","_relevanssi_noindex_reason":""},"pwb-brand":[37488,28730],"product_brand":[],"product_cat":[31864,32115],"product_tag":[],"class_list":{"0":"post-102503","1":"product","2":"type-product","3":"status-publish","4":"has-post-thumbnail","6":"pwb-brand-nordlux-sv","7":"pwb-brand-nordlux","8":"product_cat-riippuvalaisimet","9":"product_cat-pendlar","11":"first","12":"instock","13":"taxable","14":"shipping-taxable","15":"purchasable","16":"product-type-simple"},"acf":[],"yoast_head":"<!-- This site is optimized with the Yoast SEO plugin v27.5 - https:\/\/yoast.com\/product\/yoast-seo-wordpress\/ -->\n<title>Ivona 6-delad pendel svart - Oy Noortrade Ab<\/title>\n<meta name=\"robots\" content=\"index, follow, max-snippet:-1, max-image-preview:large, max-video-preview:-1\" \/>\n<link rel=\"canonical\" href=\"https:\/\/shop.noor.fi\/tuote\/ivona-6-osainen-riippuvalaisin-musta\/\" \/>\n<meta property=\"og:locale\" content=\"sv_SE\" \/>\n<meta property=\"og:type\" content=\"article\" \/>\n<meta property=\"og:title\" content=\"Ivona 6-delad pendel svart - Oy Noortrade Ab\" \/>\n<meta property=\"og:description\" content=\"Ivona \u00e4r en omtolkning av den klassiska ljuskronan \u2013 den utmanar den traditionella uppfattningen med ett mer organiskt och aktuellt utseende. Ivona avger ett vackert ljus fr\u00e5n flera glaskulor f\u00f6r en modern och extravagant stil. Svart st\u00e5l och r\u00f6kf\u00e4rgat glas ger ett coolt, industriellt utseende. L\u00e4gg till en dekorativ gl\u00f6dlampa och skapa ditt eget designuttryck. [&hellip;]\" \/>\n<meta property=\"og:url\" content=\"https:\/\/shop.noor.fi\/tuote\/ivona-6-osainen-riippuvalaisin-musta\/\" \/>\n<meta property=\"og:site_name\" content=\"Oy Noortrade Ab\" \/>\n<meta property=\"article:modified_time\" content=\"2026-03-20T13:53:43+00:00\" \/>\n<meta property=\"og:image\" content=\"https:\/\/shop.noor.fi\/wp-content\/uploads\/2023\/11\/5704924005336.jpg\" \/>\n\t<meta property=\"og:image:width\" content=\"1080\" \/>\n\t<meta property=\"og:image:height\" content=\"1080\" \/>\n\t<meta property=\"og:image:type\" content=\"image\/jpeg\" \/>\n<meta name=\"twitter:card\" content=\"summary_large_image\" \/>\n<meta name=\"twitter:label1\" content=\"Ber\u00e4knad l\u00e4stid\" \/>\n\t<meta name=\"twitter:data1\" content=\"1 minut\" \/>\n<script type=\"application\/ld+json\" class=\"yoast-schema-graph\">{\"@context\":\"https:\\\/\\\/schema.org\",\"@graph\":[{\"@type\":\"WebPage\",\"@id\":\"https:\\\/\\\/shop.noor.fi\\\/tuote\\\/ivona-6-osainen-riippuvalaisin-musta\\\/\",\"url\":\"https:\\\/\\\/shop.noor.fi\\\/tuote\\\/ivona-6-osainen-riippuvalaisin-musta\\\/\",\"name\":\"Ivona 6-delad pendel svart - Oy Noortrade Ab\",\"isPartOf\":{\"@id\":\"https:\\\/\\\/shopnoorfi-wp31835.test.cchosting.fi\\\/#website\"},\"primaryImageOfPage\":{\"@id\":\"https:\\\/\\\/shop.noor.fi\\\/tuote\\\/ivona-6-osainen-riippuvalaisin-musta\\\/#primaryimage\"},\"image\":{\"@id\":\"https:\\\/\\\/shop.noor.fi\\\/tuote\\\/ivona-6-osainen-riippuvalaisin-musta\\\/#primaryimage\"},\"thumbnailUrl\":\"https:\\\/\\\/shop.noor.fi\\\/wp-content\\\/uploads\\\/2023\\\/11\\\/5704924005336.jpg\",\"datePublished\":\"2023-11-01T13:52:25+00:00\",\"dateModified\":\"2026-03-20T13:53:43+00:00\",\"breadcrumb\":{\"@id\":\"https:\\\/\\\/shop.noor.fi\\\/tuote\\\/ivona-6-osainen-riippuvalaisin-musta\\\/#breadcrumb\"},\"inLanguage\":\"sv-SE\",\"potentialAction\":[{\"@type\":\"ReadAction\",\"target\":[\"https:\\\/\\\/shop.noor.fi\\\/tuote\\\/ivona-6-osainen-riippuvalaisin-musta\\\/\"]}]},{\"@type\":\"ImageObject\",\"inLanguage\":\"sv-SE\",\"@id\":\"https:\\\/\\\/shop.noor.fi\\\/tuote\\\/ivona-6-osainen-riippuvalaisin-musta\\\/#primaryimage\",\"url\":\"https:\\\/\\\/shop.noor.fi\\\/wp-content\\\/uploads\\\/2023\\\/11\\\/5704924005336.jpg\",\"contentUrl\":\"https:\\\/\\\/shop.noor.fi\\\/wp-content\\\/uploads\\\/2023\\\/11\\\/5704924005336.jpg\",\"width\":1080,\"height\":1080},{\"@type\":\"BreadcrumbList\",\"@id\":\"https:\\\/\\\/shop.noor.fi\\\/tuote\\\/ivona-6-osainen-riippuvalaisin-musta\\\/#breadcrumb\",\"itemListElement\":[{\"@type\":\"ListItem\",\"position\":1,\"name\":\"Etusivu\",\"item\":\"https:\\\/\\\/shop.noor.fi\\\/sv\\\/\"},{\"@type\":\"ListItem\",\"position\":2,\"name\":\"Butik\",\"item\":\"https:\\\/\\\/shopnoorfi-wp31835.test.cchosting.fi\\\/sv\\\/butik\\\/\"},{\"@type\":\"ListItem\",\"position\":3,\"name\":\"Ivona 6-delad pendel svart\"}]},{\"@type\":\"WebSite\",\"@id\":\"https:\\\/\\\/shopnoorfi-wp31835.test.cchosting.fi\\\/#website\",\"url\":\"https:\\\/\\\/shopnoorfi-wp31835.test.cchosting.fi\\\/\",\"name\":\"Oy Noortrade Ab\",\"description\":\"Finnish family owned company with over 30 years of professional experience in lighting &amp; interior products import and sales - reliably.\",\"publisher\":{\"@id\":\"https:\\\/\\\/shopnoorfi-wp31835.test.cchosting.fi\\\/#organization\"},\"potentialAction\":[{\"@type\":\"SearchAction\",\"target\":{\"@type\":\"EntryPoint\",\"urlTemplate\":\"https:\\\/\\\/shopnoorfi-wp31835.test.cchosting.fi\\\/?s={search_term_string}\"},\"query-input\":{\"@type\":\"PropertyValueSpecification\",\"valueRequired\":true,\"valueName\":\"search_term_string\"}}],\"inLanguage\":\"sv-SE\"},{\"@type\":\"Organization\",\"@id\":\"https:\\\/\\\/shopnoorfi-wp31835.test.cchosting.fi\\\/#organization\",\"name\":\"Oy Noortrade Ab\",\"url\":\"https:\\\/\\\/shopnoorfi-wp31835.test.cchosting.fi\\\/\",\"logo\":{\"@type\":\"ImageObject\",\"inLanguage\":\"sv-SE\",\"@id\":\"https:\\\/\\\/shopnoorfi-wp31835.test.cchosting.fi\\\/#\\\/schema\\\/logo\\\/image\\\/\",\"url\":\"https:\\\/\\\/shop.noor.fi\\\/wp-content\\\/uploads\\\/2024\\\/01\\\/Oy-Noortrade-Ab-Corbel-VERSAL-bold-BLACK.png\",\"contentUrl\":\"https:\\\/\\\/shop.noor.fi\\\/wp-content\\\/uploads\\\/2024\\\/01\\\/Oy-Noortrade-Ab-Corbel-VERSAL-bold-BLACK.png\",\"width\":721,\"height\":177,\"caption\":\"Oy Noortrade Ab\"},\"image\":{\"@id\":\"https:\\\/\\\/shopnoorfi-wp31835.test.cchosting.fi\\\/#\\\/schema\\\/logo\\\/image\\\/\"}}]}<\/script>\n<!-- \/ Yoast SEO plugin. -->","yoast_head_json":{"title":"Ivona 6-delad pendel svart - Oy Noortrade Ab","robots":{"index":"index","follow":"follow","max-snippet":"max-snippet:-1","max-image-preview":"max-image-preview:large","max-video-preview":"max-video-preview:-1"},"canonical":"https:\/\/shop.noor.fi\/tuote\/ivona-6-osainen-riippuvalaisin-musta\/","og_locale":"sv_SE","og_type":"article","og_title":"Ivona 6-delad pendel svart - Oy Noortrade Ab","og_description":"Ivona \u00e4r en omtolkning av den klassiska ljuskronan \u2013 den utmanar den traditionella uppfattningen med ett mer organiskt och aktuellt utseende. Ivona avger ett vackert ljus fr\u00e5n flera glaskulor f\u00f6r en modern och extravagant stil. Svart st\u00e5l och r\u00f6kf\u00e4rgat glas ger ett coolt, industriellt utseende. L\u00e4gg till en dekorativ gl\u00f6dlampa och skapa ditt eget designuttryck. [&hellip;]","og_url":"https:\/\/shop.noor.fi\/tuote\/ivona-6-osainen-riippuvalaisin-musta\/","og_site_name":"Oy Noortrade Ab","article_modified_time":"2026-03-20T13:53:43+00:00","og_image":[{"width":1080,"height":1080,"url":"https:\/\/shop.noor.fi\/wp-content\/uploads\/2023\/11\/5704924005336.jpg","type":"image\/jpeg"}],"twitter_card":"summary_large_image","twitter_misc":{"Ber\u00e4knad l\u00e4stid":"1 minut"},"schema":{"@context":"https:\/\/schema.org","@graph":[{"@type":"WebPage","@id":"https:\/\/shop.noor.fi\/tuote\/ivona-6-osainen-riippuvalaisin-musta\/","url":"https:\/\/shop.noor.fi\/tuote\/ivona-6-osainen-riippuvalaisin-musta\/","name":"Ivona 6-delad pendel svart - Oy Noortrade Ab","isPartOf":{"@id":"https:\/\/shopnoorfi-wp31835.test.cchosting.fi\/#website"},"primaryImageOfPage":{"@id":"https:\/\/shop.noor.fi\/tuote\/ivona-6-osainen-riippuvalaisin-musta\/#primaryimage"},"image":{"@id":"https:\/\/shop.noor.fi\/tuote\/ivona-6-osainen-riippuvalaisin-musta\/#primaryimage"},"thumbnailUrl":"https:\/\/shop.noor.fi\/wp-content\/uploads\/2023\/11\/5704924005336.jpg","datePublished":"2023-11-01T13:52:25+00:00","dateModified":"2026-03-20T13:53:43+00:00","breadcrumb":{"@id":"https:\/\/shop.noor.fi\/tuote\/ivona-6-osainen-riippuvalaisin-musta\/#breadcrumb"},"inLanguage":"sv-SE","potentialAction":[{"@type":"ReadAction","target":["https:\/\/shop.noor.fi\/tuote\/ivona-6-osainen-riippuvalaisin-musta\/"]}]},{"@type":"ImageObject","inLanguage":"sv-SE","@id":"https:\/\/shop.noor.fi\/tuote\/ivona-6-osainen-riippuvalaisin-musta\/#primaryimage","url":"https:\/\/shop.noor.fi\/wp-content\/uploads\/2023\/11\/5704924005336.jpg","contentUrl":"https:\/\/shop.noor.fi\/wp-content\/uploads\/2023\/11\/5704924005336.jpg","width":1080,"height":1080},{"@type":"BreadcrumbList","@id":"https:\/\/shop.noor.fi\/tuote\/ivona-6-osainen-riippuvalaisin-musta\/#breadcrumb","itemListElement":[{"@type":"ListItem","position":1,"name":"Etusivu","item":"https:\/\/shop.noor.fi\/sv\/"},{"@type":"ListItem","position":2,"name":"Butik","item":"https:\/\/shopnoorfi-wp31835.test.cchosting.fi\/sv\/butik\/"},{"@type":"ListItem","position":3,"name":"Ivona 6-delad pendel svart"}]},{"@type":"WebSite","@id":"https:\/\/shopnoorfi-wp31835.test.cchosting.fi\/#website","url":"https:\/\/shopnoorfi-wp31835.test.cchosting.fi\/","name":"Oy Noortrade Ab","description":"Finnish family owned company with over 30 years of professional experience in lighting &amp; interior products import and sales - reliably.","publisher":{"@id":"https:\/\/shopnoorfi-wp31835.test.cchosting.fi\/#organization"},"potentialAction":[{"@type":"SearchAction","target":{"@type":"EntryPoint","urlTemplate":"https:\/\/shopnoorfi-wp31835.test.cchosting.fi\/?s={search_term_string}"},"query-input":{"@type":"PropertyValueSpecification","valueRequired":true,"valueName":"search_term_string"}}],"inLanguage":"sv-SE"},{"@type":"Organization","@id":"https:\/\/shopnoorfi-wp31835.test.cchosting.fi\/#organization","name":"Oy Noortrade Ab","url":"https:\/\/shopnoorfi-wp31835.test.cchosting.fi\/","logo":{"@type":"ImageObject","inLanguage":"sv-SE","@id":"https:\/\/shopnoorfi-wp31835.test.cchosting.fi\/#\/schema\/logo\/image\/","url":"https:\/\/shop.noor.fi\/wp-content\/uploads\/2024\/01\/Oy-Noortrade-Ab-Corbel-VERSAL-bold-BLACK.png","contentUrl":"https:\/\/shop.noor.fi\/wp-content\/uploads\/2024\/01\/Oy-Noortrade-Ab-Corbel-VERSAL-bold-BLACK.png","width":721,"height":177,"caption":"Oy Noortrade Ab"},"image":{"@id":"https:\/\/shopnoorfi-wp31835.test.cchosting.fi\/#\/schema\/logo\/image\/"}}]}},"brands":[{"id":28730,"name":"Nordlux","slug":"nordlux"},{"id":37488,"name":"Nordlux","slug":"nordlux-sv"}],"_links":{"self":[{"href":"https:\/\/shop.noor.fi\/sv\/wp-json\/wp\/v2\/product\/102503","targetHints":{"allow":["GET"]}}],"collection":[{"href":"https:\/\/shop.noor.fi\/sv\/wp-json\/wp\/v2\/product"}],"about":[{"href":"https:\/\/shop.noor.fi\/sv\/wp-json\/wp\/v2\/types\/product"}],"replies":[{"embeddable":true,"href":"https:\/\/shop.noor.fi\/sv\/wp-json\/wp\/v2\/comments?post=102503"}],"wp:featuredmedia":[{"embeddable":true,"href":"https:\/\/shop.noor.fi\/sv\/wp-json\/wp\/v2\/media\/51930"}],"wp:attachment":[{"href":"https:\/\/shop.noor.fi\/sv\/wp-json\/wp\/v2\/media?parent=102503"}],"wp:term":[{"taxonomy":"pwb-brand","embeddable":true,"href":"https:\/\/shop.noor.fi\/sv\/wp-json\/wp\/v2\/pwb-brand?post=102503"},{"taxonomy":"product_brand","embeddable":true,"href":"https:\/\/shop.noor.fi\/sv\/wp-json\/wp\/v2\/product_brand?post=102503"},{"taxonomy":"product_cat","embeddable":true,"href":"https:\/\/shop.noor.fi\/sv\/wp-json\/wp\/v2\/product_cat?post=102503"},{"taxonomy":"product_tag","embeddable":true,"href":"https:\/\/shop.noor.fi\/sv\/wp-json\/wp\/v2\/product_tag?post=102503"}],"curies":[{"name":"wp","href":"https:\/\/api.w.org\/{rel}","templated":true}]}}