{"id":102472,"date":"2023-11-01T15:50:56","date_gmt":"2023-11-01T13:50:56","guid":{"rendered":"https:\/\/shop.noor.fi\/product\/marlee-led-vaggarmatur-3000k-ip44-vit\/"},"modified":"2026-03-24T15:51:16","modified_gmt":"2026-03-24T13:51:16","slug":"marlee-led-vaggarmatur-3000k-ip44-vit","status":"publish","type":"product","link":"https:\/\/shop.noor.fi\/sv\/produkt\/marlee-led-vaggarmatur-3000k-ip44-vit\/","title":{"rendered":"Marlee 50 v\u00e4ggarmatur 3000K IP44 vit"},"content":{"rendered":"<p>Marlee \u00e4r den perfekta spegelbelysningen f\u00f6r badrummet, utf\u00f6rd i en tunn, rektangul\u00e4r design. L\u00e4tt att montera p\u00e5 ett sk\u00e5p, p\u00e5 spegeln eller p\u00e5 v\u00e4ggen. Inkl. olika installationsm\u00f6jligheter. Ger ett behagligt och praktiskt ned\u00e5triktat ljus.<br \/>\nF\u00e4rgtemperaturen \u00e4r vit (3000K).<br \/>\nIntegrerad LED. Ljusk\u00e4llan kan ej ers\u00e4ttas. Lampan har 5-\u00e5rs LED-garanti.<\/p>\n<p>Bredd 50 cm<br \/>\nH\u00f6jd 3,8 cm<br \/>\nDjup 13,6 cm<\/p>\n","protected":false},"excerpt":{"rendered":"<p>Marlee \u00e4r den perfekta spegelbelysningen f\u00f6r badrummet, utf\u00f6rd i en tunn, rektangul\u00e4r design. L\u00e4tt att montera p\u00e5 ett sk\u00e5p, p\u00e5 spegeln eller p\u00e5 v\u00e4ggen. Inkl. olika installationsm\u00f6jligheter. Ger ett behagligt och praktiskt ned\u00e5triktat ljus. F\u00e4rgtemperaturen \u00e4r vit (3000K). Integrerad LED. Ljusk\u00e4llan kan ej ers\u00e4ttas. Lampan har 5-\u00e5rs LED-garanti. Bredd 50 cm H\u00f6jd 3,8 cm Djup [&hellip;]<\/p>\n","protected":false},"featured_media":51247,"comment_status":"open","ping_status":"closed","template":"","meta":{"_acf_changed":false,"_relevanssi_hide_post":"","_relevanssi_hide_content":"","_relevanssi_pin_for_all":"","_relevanssi_pin_keywords":"","_relevanssi_unpin_keywords":"","_relevanssi_related_keywords":"","_relevanssi_related_include_ids":"","_relevanssi_related_exclude_ids":"","_relevanssi_related_no_append":"","_relevanssi_related_not_related":"","_relevanssi_related_posts":"","_relevanssi_noindex_reason":""},"pwb-brand":[28730,37488],"product_brand":[],"product_cat":[32122,31873],"product_tag":[],"class_list":{"0":"post-102472","1":"product","2":"type-product","3":"status-publish","4":"has-post-thumbnail","6":"pwb-brand-nordlux","7":"pwb-brand-nordlux-sv","8":"product_cat-vagglampor-till-badrummet","9":"product_cat-seinavalaisimet-kylpyhuoneeseen","11":"first","12":"instock","13":"taxable","14":"shipping-taxable","15":"purchasable","16":"product-type-simple"},"acf":[],"yoast_head":"<!-- This site is optimized with the Yoast SEO plugin v27.5 - https:\/\/yoast.com\/product\/yoast-seo-wordpress\/ -->\n<title>Marlee 50 v\u00e4ggarmatur 3000K IP44 vit - Oy Noortrade Ab<\/title>\n<meta name=\"robots\" content=\"index, follow, max-snippet:-1, max-image-preview:large, max-video-preview:-1\" \/>\n<link rel=\"canonical\" href=\"https:\/\/shop.noor.fi\/sv\/produkt\/marlee-led-vaggarmatur-3000k-ip44-vit\/\" \/>\n<meta property=\"og:locale\" content=\"sv_SE\" \/>\n<meta property=\"og:type\" content=\"article\" \/>\n<meta property=\"og:title\" content=\"Marlee 50 v\u00e4ggarmatur 3000K IP44 vit - Oy Noortrade Ab\" \/>\n<meta property=\"og:description\" content=\"Marlee \u00e4r den perfekta spegelbelysningen f\u00f6r badrummet, utf\u00f6rd i en tunn, rektangul\u00e4r design. L\u00e4tt att montera p\u00e5 ett sk\u00e5p, p\u00e5 spegeln eller p\u00e5 v\u00e4ggen. Inkl. olika installationsm\u00f6jligheter. Ger ett behagligt och praktiskt ned\u00e5triktat ljus. F\u00e4rgtemperaturen \u00e4r vit (3000K). Integrerad LED. Ljusk\u00e4llan kan ej ers\u00e4ttas. Lampan har 5-\u00e5rs LED-garanti. Bredd 50 cm H\u00f6jd 3,8 cm Djup [&hellip;]\" \/>\n<meta property=\"og:url\" content=\"https:\/\/shop.noor.fi\/sv\/produkt\/marlee-led-vaggarmatur-3000k-ip44-vit\/\" \/>\n<meta property=\"og:site_name\" content=\"Oy Noortrade Ab\" \/>\n<meta property=\"article:modified_time\" content=\"2026-03-24T13:51:16+00:00\" \/>\n<meta property=\"og:image\" content=\"https:\/\/shop.noor.fi\/wp-content\/uploads\/2023\/11\/5704924007361.jpg\" \/>\n\t<meta property=\"og:image:width\" content=\"1080\" \/>\n\t<meta property=\"og:image:height\" content=\"1080\" \/>\n\t<meta property=\"og:image:type\" content=\"image\/jpeg\" \/>\n<meta name=\"twitter:card\" content=\"summary_large_image\" \/>\n<meta name=\"twitter:label1\" content=\"Ber\u00e4knad l\u00e4stid\" \/>\n\t<meta name=\"twitter:data1\" content=\"1 minut\" \/>\n<script type=\"application\/ld+json\" class=\"yoast-schema-graph\">{\"@context\":\"https:\\\/\\\/schema.org\",\"@graph\":[{\"@type\":\"WebPage\",\"@id\":\"https:\\\/\\\/shop.noor.fi\\\/sv\\\/produkt\\\/marlee-led-vaggarmatur-3000k-ip44-vit\\\/\",\"url\":\"https:\\\/\\\/shop.noor.fi\\\/sv\\\/produkt\\\/marlee-led-vaggarmatur-3000k-ip44-vit\\\/\",\"name\":\"Marlee 50 v\u00e4ggarmatur 3000K IP44 vit - Oy Noortrade Ab\",\"isPartOf\":{\"@id\":\"https:\\\/\\\/shopnoorfi-wp31835.test.cchosting.fi\\\/#website\"},\"primaryImageOfPage\":{\"@id\":\"https:\\\/\\\/shop.noor.fi\\\/sv\\\/produkt\\\/marlee-led-vaggarmatur-3000k-ip44-vit\\\/#primaryimage\"},\"image\":{\"@id\":\"https:\\\/\\\/shop.noor.fi\\\/sv\\\/produkt\\\/marlee-led-vaggarmatur-3000k-ip44-vit\\\/#primaryimage\"},\"thumbnailUrl\":\"https:\\\/\\\/shop.noor.fi\\\/wp-content\\\/uploads\\\/2023\\\/11\\\/5704924007361.jpg\",\"datePublished\":\"2023-11-01T13:50:56+00:00\",\"dateModified\":\"2026-03-24T13:51:16+00:00\",\"breadcrumb\":{\"@id\":\"https:\\\/\\\/shop.noor.fi\\\/sv\\\/produkt\\\/marlee-led-vaggarmatur-3000k-ip44-vit\\\/#breadcrumb\"},\"inLanguage\":\"sv-SE\",\"potentialAction\":[{\"@type\":\"ReadAction\",\"target\":[\"https:\\\/\\\/shop.noor.fi\\\/sv\\\/produkt\\\/marlee-led-vaggarmatur-3000k-ip44-vit\\\/\"]}]},{\"@type\":\"ImageObject\",\"inLanguage\":\"sv-SE\",\"@id\":\"https:\\\/\\\/shop.noor.fi\\\/sv\\\/produkt\\\/marlee-led-vaggarmatur-3000k-ip44-vit\\\/#primaryimage\",\"url\":\"https:\\\/\\\/shop.noor.fi\\\/wp-content\\\/uploads\\\/2023\\\/11\\\/5704924007361.jpg\",\"contentUrl\":\"https:\\\/\\\/shop.noor.fi\\\/wp-content\\\/uploads\\\/2023\\\/11\\\/5704924007361.jpg\",\"width\":1080,\"height\":1080},{\"@type\":\"BreadcrumbList\",\"@id\":\"https:\\\/\\\/shop.noor.fi\\\/sv\\\/produkt\\\/marlee-led-vaggarmatur-3000k-ip44-vit\\\/#breadcrumb\",\"itemListElement\":[{\"@type\":\"ListItem\",\"position\":1,\"name\":\"Etusivu\",\"item\":\"https:\\\/\\\/shop.noor.fi\\\/sv\\\/\"},{\"@type\":\"ListItem\",\"position\":2,\"name\":\"Butik\",\"item\":\"https:\\\/\\\/shopnoorfi-wp31835.test.cchosting.fi\\\/sv\\\/butik\\\/\"},{\"@type\":\"ListItem\",\"position\":3,\"name\":\"Marlee 50 v\u00e4ggarmatur 3000K IP44 vit\"}]},{\"@type\":\"WebSite\",\"@id\":\"https:\\\/\\\/shopnoorfi-wp31835.test.cchosting.fi\\\/#website\",\"url\":\"https:\\\/\\\/shopnoorfi-wp31835.test.cchosting.fi\\\/\",\"name\":\"Oy Noortrade Ab\",\"description\":\"Finnish family owned company with over 30 years of professional experience in lighting &amp; interior products import and sales - reliably.\",\"publisher\":{\"@id\":\"https:\\\/\\\/shopnoorfi-wp31835.test.cchosting.fi\\\/#organization\"},\"potentialAction\":[{\"@type\":\"SearchAction\",\"target\":{\"@type\":\"EntryPoint\",\"urlTemplate\":\"https:\\\/\\\/shopnoorfi-wp31835.test.cchosting.fi\\\/?s={search_term_string}\"},\"query-input\":{\"@type\":\"PropertyValueSpecification\",\"valueRequired\":true,\"valueName\":\"search_term_string\"}}],\"inLanguage\":\"sv-SE\"},{\"@type\":\"Organization\",\"@id\":\"https:\\\/\\\/shopnoorfi-wp31835.test.cchosting.fi\\\/#organization\",\"name\":\"Oy Noortrade Ab\",\"url\":\"https:\\\/\\\/shopnoorfi-wp31835.test.cchosting.fi\\\/\",\"logo\":{\"@type\":\"ImageObject\",\"inLanguage\":\"sv-SE\",\"@id\":\"https:\\\/\\\/shopnoorfi-wp31835.test.cchosting.fi\\\/#\\\/schema\\\/logo\\\/image\\\/\",\"url\":\"https:\\\/\\\/shop.noor.fi\\\/wp-content\\\/uploads\\\/2024\\\/01\\\/Oy-Noortrade-Ab-Corbel-VERSAL-bold-BLACK.png\",\"contentUrl\":\"https:\\\/\\\/shop.noor.fi\\\/wp-content\\\/uploads\\\/2024\\\/01\\\/Oy-Noortrade-Ab-Corbel-VERSAL-bold-BLACK.png\",\"width\":721,\"height\":177,\"caption\":\"Oy Noortrade Ab\"},\"image\":{\"@id\":\"https:\\\/\\\/shopnoorfi-wp31835.test.cchosting.fi\\\/#\\\/schema\\\/logo\\\/image\\\/\"}}]}<\/script>\n<!-- \/ Yoast SEO plugin. -->","yoast_head_json":{"title":"Marlee 50 v\u00e4ggarmatur 3000K IP44 vit - Oy Noortrade Ab","robots":{"index":"index","follow":"follow","max-snippet":"max-snippet:-1","max-image-preview":"max-image-preview:large","max-video-preview":"max-video-preview:-1"},"canonical":"https:\/\/shop.noor.fi\/sv\/produkt\/marlee-led-vaggarmatur-3000k-ip44-vit\/","og_locale":"sv_SE","og_type":"article","og_title":"Marlee 50 v\u00e4ggarmatur 3000K IP44 vit - Oy Noortrade Ab","og_description":"Marlee \u00e4r den perfekta spegelbelysningen f\u00f6r badrummet, utf\u00f6rd i en tunn, rektangul\u00e4r design. L\u00e4tt att montera p\u00e5 ett sk\u00e5p, p\u00e5 spegeln eller p\u00e5 v\u00e4ggen. Inkl. olika installationsm\u00f6jligheter. Ger ett behagligt och praktiskt ned\u00e5triktat ljus. F\u00e4rgtemperaturen \u00e4r vit (3000K). Integrerad LED. Ljusk\u00e4llan kan ej ers\u00e4ttas. Lampan har 5-\u00e5rs LED-garanti. Bredd 50 cm H\u00f6jd 3,8 cm Djup [&hellip;]","og_url":"https:\/\/shop.noor.fi\/sv\/produkt\/marlee-led-vaggarmatur-3000k-ip44-vit\/","og_site_name":"Oy Noortrade Ab","article_modified_time":"2026-03-24T13:51:16+00:00","og_image":[{"width":1080,"height":1080,"url":"https:\/\/shop.noor.fi\/wp-content\/uploads\/2023\/11\/5704924007361.jpg","type":"image\/jpeg"}],"twitter_card":"summary_large_image","twitter_misc":{"Ber\u00e4knad l\u00e4stid":"1 minut"},"schema":{"@context":"https:\/\/schema.org","@graph":[{"@type":"WebPage","@id":"https:\/\/shop.noor.fi\/sv\/produkt\/marlee-led-vaggarmatur-3000k-ip44-vit\/","url":"https:\/\/shop.noor.fi\/sv\/produkt\/marlee-led-vaggarmatur-3000k-ip44-vit\/","name":"Marlee 50 v\u00e4ggarmatur 3000K IP44 vit - Oy Noortrade Ab","isPartOf":{"@id":"https:\/\/shopnoorfi-wp31835.test.cchosting.fi\/#website"},"primaryImageOfPage":{"@id":"https:\/\/shop.noor.fi\/sv\/produkt\/marlee-led-vaggarmatur-3000k-ip44-vit\/#primaryimage"},"image":{"@id":"https:\/\/shop.noor.fi\/sv\/produkt\/marlee-led-vaggarmatur-3000k-ip44-vit\/#primaryimage"},"thumbnailUrl":"https:\/\/shop.noor.fi\/wp-content\/uploads\/2023\/11\/5704924007361.jpg","datePublished":"2023-11-01T13:50:56+00:00","dateModified":"2026-03-24T13:51:16+00:00","breadcrumb":{"@id":"https:\/\/shop.noor.fi\/sv\/produkt\/marlee-led-vaggarmatur-3000k-ip44-vit\/#breadcrumb"},"inLanguage":"sv-SE","potentialAction":[{"@type":"ReadAction","target":["https:\/\/shop.noor.fi\/sv\/produkt\/marlee-led-vaggarmatur-3000k-ip44-vit\/"]}]},{"@type":"ImageObject","inLanguage":"sv-SE","@id":"https:\/\/shop.noor.fi\/sv\/produkt\/marlee-led-vaggarmatur-3000k-ip44-vit\/#primaryimage","url":"https:\/\/shop.noor.fi\/wp-content\/uploads\/2023\/11\/5704924007361.jpg","contentUrl":"https:\/\/shop.noor.fi\/wp-content\/uploads\/2023\/11\/5704924007361.jpg","width":1080,"height":1080},{"@type":"BreadcrumbList","@id":"https:\/\/shop.noor.fi\/sv\/produkt\/marlee-led-vaggarmatur-3000k-ip44-vit\/#breadcrumb","itemListElement":[{"@type":"ListItem","position":1,"name":"Etusivu","item":"https:\/\/shop.noor.fi\/sv\/"},{"@type":"ListItem","position":2,"name":"Butik","item":"https:\/\/shopnoorfi-wp31835.test.cchosting.fi\/sv\/butik\/"},{"@type":"ListItem","position":3,"name":"Marlee 50 v\u00e4ggarmatur 3000K IP44 vit"}]},{"@type":"WebSite","@id":"https:\/\/shopnoorfi-wp31835.test.cchosting.fi\/#website","url":"https:\/\/shopnoorfi-wp31835.test.cchosting.fi\/","name":"Oy Noortrade Ab","description":"Finnish family owned company with over 30 years of professional experience in lighting &amp; interior products import and sales - reliably.","publisher":{"@id":"https:\/\/shopnoorfi-wp31835.test.cchosting.fi\/#organization"},"potentialAction":[{"@type":"SearchAction","target":{"@type":"EntryPoint","urlTemplate":"https:\/\/shopnoorfi-wp31835.test.cchosting.fi\/?s={search_term_string}"},"query-input":{"@type":"PropertyValueSpecification","valueRequired":true,"valueName":"search_term_string"}}],"inLanguage":"sv-SE"},{"@type":"Organization","@id":"https:\/\/shopnoorfi-wp31835.test.cchosting.fi\/#organization","name":"Oy Noortrade Ab","url":"https:\/\/shopnoorfi-wp31835.test.cchosting.fi\/","logo":{"@type":"ImageObject","inLanguage":"sv-SE","@id":"https:\/\/shopnoorfi-wp31835.test.cchosting.fi\/#\/schema\/logo\/image\/","url":"https:\/\/shop.noor.fi\/wp-content\/uploads\/2024\/01\/Oy-Noortrade-Ab-Corbel-VERSAL-bold-BLACK.png","contentUrl":"https:\/\/shop.noor.fi\/wp-content\/uploads\/2024\/01\/Oy-Noortrade-Ab-Corbel-VERSAL-bold-BLACK.png","width":721,"height":177,"caption":"Oy Noortrade Ab"},"image":{"@id":"https:\/\/shopnoorfi-wp31835.test.cchosting.fi\/#\/schema\/logo\/image\/"}}]}},"brands":[{"id":28730,"name":"Nordlux","slug":"nordlux"},{"id":37488,"name":"Nordlux","slug":"nordlux-sv"}],"_links":{"self":[{"href":"https:\/\/shop.noor.fi\/sv\/wp-json\/wp\/v2\/product\/102472","targetHints":{"allow":["GET"]}}],"collection":[{"href":"https:\/\/shop.noor.fi\/sv\/wp-json\/wp\/v2\/product"}],"about":[{"href":"https:\/\/shop.noor.fi\/sv\/wp-json\/wp\/v2\/types\/product"}],"replies":[{"embeddable":true,"href":"https:\/\/shop.noor.fi\/sv\/wp-json\/wp\/v2\/comments?post=102472"}],"wp:featuredmedia":[{"embeddable":true,"href":"https:\/\/shop.noor.fi\/sv\/wp-json\/wp\/v2\/media\/51247"}],"wp:attachment":[{"href":"https:\/\/shop.noor.fi\/sv\/wp-json\/wp\/v2\/media?parent=102472"}],"wp:term":[{"taxonomy":"pwb-brand","embeddable":true,"href":"https:\/\/shop.noor.fi\/sv\/wp-json\/wp\/v2\/pwb-brand?post=102472"},{"taxonomy":"product_brand","embeddable":true,"href":"https:\/\/shop.noor.fi\/sv\/wp-json\/wp\/v2\/product_brand?post=102472"},{"taxonomy":"product_cat","embeddable":true,"href":"https:\/\/shop.noor.fi\/sv\/wp-json\/wp\/v2\/product_cat?post=102472"},{"taxonomy":"product_tag","embeddable":true,"href":"https:\/\/shop.noor.fi\/sv\/wp-json\/wp\/v2\/product_tag?post=102472"}],"curies":[{"name":"wp","href":"https:\/\/api.w.org\/{rel}","templated":true}]}}