{"id":102436,"date":"2023-11-01T15:49:10","date_gmt":"2023-11-01T13:49:10","guid":{"rendered":"https:\/\/shop.noor.fi\/product\/tip-1-kit-riktbar-galvaniserad\/"},"modified":"2026-03-21T04:07:24","modified_gmt":"2026-03-21T02:07:24","slug":"tip-1-kit-riktbar-galvaniserad","status":"publish","type":"product","link":"https:\/\/shop.noor.fi\/sv\/produkt\/tip-1-kit-riktbar-galvaniserad\/","title":{"rendered":"Tip downlight galvaniserat st\u00e5l"},"content":{"rendered":"<p>Vippbar (35\u00b0)  inbyggnadsspot tillverkad av galvaniserat st\u00e5l. Passar b\u00e5de inne och ute.<br \/>\nTillverkad av slitstarkt galvaniserat st\u00e5l som \u00e4r v\u00e4l l\u00e4mpat f\u00f6r h\u00e5rt v\u00e4der.<br \/>\nKan parallellkopplas.<br \/>\n15 \u00e5rs garanti mot korrosion.<br \/>\n GU10, max 35W. Ljusk\u00e4lla ing\u00e5r ej.<\/p>\n<p>Diameter 8 cm<br \/>\nH\u00f6jd 8,5 cm<br \/>\nInbyggnadsdjup min. 15 cm, monteringsh\u00e5l 7,2 cm i diameter.<\/p>\n","protected":false},"excerpt":{"rendered":"<p>Vippbar (35\u00b0) inbyggnadsspot tillverkad av galvaniserat st\u00e5l. Passar b\u00e5de inne och ute. Tillverkad av slitstarkt galvaniserat st\u00e5l som \u00e4r v\u00e4l l\u00e4mpat f\u00f6r h\u00e5rt v\u00e4der. Kan parallellkopplas. 15 \u00e5rs garanti mot korrosion. GU10, max 35W. Ljusk\u00e4lla ing\u00e5r ej. Diameter 8 cm H\u00f6jd 8,5 cm Inbyggnadsdjup min. 15 cm, monteringsh\u00e5l 7,2 cm i diameter.<\/p>\n","protected":false},"featured_media":86823,"comment_status":"open","ping_status":"closed","template":"","meta":{"_acf_changed":false,"_relevanssi_hide_post":"","_relevanssi_hide_content":"","_relevanssi_pin_for_all":"","_relevanssi_pin_keywords":"","_relevanssi_unpin_keywords":"","_relevanssi_related_keywords":"","_relevanssi_related_include_ids":"","_relevanssi_related_exclude_ids":"","_relevanssi_related_no_append":"","_relevanssi_related_not_related":"","_relevanssi_related_posts":"","_relevanssi_noindex_reason":""},"pwb-brand":[28730],"product_brand":[],"product_cat":[31993,31881],"product_tag":[],"class_list":{"0":"post-102436","1":"product","2":"type-product","3":"status-publish","4":"has-post-thumbnail","6":"pwb-brand-nordlux","7":"product_cat-downlights-for-utomhusbruk","8":"product_cat-alasvalot-ulkokayttoon","10":"first","11":"instock","12":"taxable","13":"shipping-taxable","14":"purchasable","15":"product-type-simple"},"acf":[],"yoast_head":"<!-- This site is optimized with the Yoast SEO plugin v27.5 - https:\/\/yoast.com\/product\/yoast-seo-wordpress\/ -->\n<title>Tip downlight galvaniserat st\u00e5l - Oy Noortrade Ab<\/title>\n<meta name=\"robots\" content=\"index, follow, max-snippet:-1, max-image-preview:large, max-video-preview:-1\" \/>\n<link rel=\"canonical\" href=\"https:\/\/shop.noor.fi\/tuote\/tip-1-kit-saadettava-galvanoitu\/\" \/>\n<meta property=\"og:locale\" content=\"sv_SE\" \/>\n<meta property=\"og:type\" content=\"article\" \/>\n<meta property=\"og:title\" content=\"Tip downlight galvaniserat st\u00e5l - Oy Noortrade Ab\" \/>\n<meta property=\"og:description\" content=\"Vippbar (35\u00b0) inbyggnadsspot tillverkad av galvaniserat st\u00e5l. Passar b\u00e5de inne och ute. Tillverkad av slitstarkt galvaniserat st\u00e5l som \u00e4r v\u00e4l l\u00e4mpat f\u00f6r h\u00e5rt v\u00e4der. Kan parallellkopplas. 15 \u00e5rs garanti mot korrosion. GU10, max 35W. Ljusk\u00e4lla ing\u00e5r ej. Diameter 8 cm H\u00f6jd 8,5 cm Inbyggnadsdjup min. 15 cm, monteringsh\u00e5l 7,2 cm i diameter.\" \/>\n<meta property=\"og:url\" content=\"https:\/\/shop.noor.fi\/tuote\/tip-1-kit-saadettava-galvanoitu\/\" \/>\n<meta property=\"og:site_name\" content=\"Oy Noortrade Ab\" \/>\n<meta property=\"article:modified_time\" content=\"2026-03-21T02:07:24+00:00\" \/>\n<meta property=\"og:image\" content=\"https:\/\/shop.noor.fi\/wp-content\/uploads\/2023\/11\/5701581326682.jpg\" \/>\n\t<meta property=\"og:image:width\" content=\"1181\" \/>\n\t<meta property=\"og:image:height\" content=\"1181\" \/>\n\t<meta property=\"og:image:type\" content=\"image\/jpeg\" \/>\n<meta name=\"twitter:card\" content=\"summary_large_image\" \/>\n<script type=\"application\/ld+json\" class=\"yoast-schema-graph\">{\"@context\":\"https:\\\/\\\/schema.org\",\"@graph\":[{\"@type\":\"WebPage\",\"@id\":\"https:\\\/\\\/shop.noor.fi\\\/tuote\\\/tip-1-kit-saadettava-galvanoitu\\\/\",\"url\":\"https:\\\/\\\/shop.noor.fi\\\/tuote\\\/tip-1-kit-saadettava-galvanoitu\\\/\",\"name\":\"Tip downlight galvaniserat st\u00e5l - Oy Noortrade Ab\",\"isPartOf\":{\"@id\":\"https:\\\/\\\/shopnoorfi-wp31835.test.cchosting.fi\\\/#website\"},\"primaryImageOfPage\":{\"@id\":\"https:\\\/\\\/shop.noor.fi\\\/tuote\\\/tip-1-kit-saadettava-galvanoitu\\\/#primaryimage\"},\"image\":{\"@id\":\"https:\\\/\\\/shop.noor.fi\\\/tuote\\\/tip-1-kit-saadettava-galvanoitu\\\/#primaryimage\"},\"thumbnailUrl\":\"https:\\\/\\\/shop.noor.fi\\\/wp-content\\\/uploads\\\/2023\\\/11\\\/5701581326682.jpg\",\"datePublished\":\"2023-11-01T13:49:10+00:00\",\"dateModified\":\"2026-03-21T02:07:24+00:00\",\"breadcrumb\":{\"@id\":\"https:\\\/\\\/shop.noor.fi\\\/tuote\\\/tip-1-kit-saadettava-galvanoitu\\\/#breadcrumb\"},\"inLanguage\":\"sv-SE\",\"potentialAction\":[{\"@type\":\"ReadAction\",\"target\":[\"https:\\\/\\\/shop.noor.fi\\\/tuote\\\/tip-1-kit-saadettava-galvanoitu\\\/\"]}]},{\"@type\":\"ImageObject\",\"inLanguage\":\"sv-SE\",\"@id\":\"https:\\\/\\\/shop.noor.fi\\\/tuote\\\/tip-1-kit-saadettava-galvanoitu\\\/#primaryimage\",\"url\":\"https:\\\/\\\/shop.noor.fi\\\/wp-content\\\/uploads\\\/2023\\\/11\\\/5701581326682.jpg\",\"contentUrl\":\"https:\\\/\\\/shop.noor.fi\\\/wp-content\\\/uploads\\\/2023\\\/11\\\/5701581326682.jpg\",\"width\":1181,\"height\":1181},{\"@type\":\"BreadcrumbList\",\"@id\":\"https:\\\/\\\/shop.noor.fi\\\/tuote\\\/tip-1-kit-saadettava-galvanoitu\\\/#breadcrumb\",\"itemListElement\":[{\"@type\":\"ListItem\",\"position\":1,\"name\":\"Etusivu\",\"item\":\"https:\\\/\\\/shop.noor.fi\\\/sv\\\/\"},{\"@type\":\"ListItem\",\"position\":2,\"name\":\"Butik\",\"item\":\"https:\\\/\\\/shopnoorfi-wp31835.test.cchosting.fi\\\/sv\\\/butik\\\/\"},{\"@type\":\"ListItem\",\"position\":3,\"name\":\"Tip downlight galvaniserat st\u00e5l\"}]},{\"@type\":\"WebSite\",\"@id\":\"https:\\\/\\\/shopnoorfi-wp31835.test.cchosting.fi\\\/#website\",\"url\":\"https:\\\/\\\/shopnoorfi-wp31835.test.cchosting.fi\\\/\",\"name\":\"Oy Noortrade Ab\",\"description\":\"Finnish family owned company with over 30 years of professional experience in lighting &amp; interior products import and sales - reliably.\",\"publisher\":{\"@id\":\"https:\\\/\\\/shopnoorfi-wp31835.test.cchosting.fi\\\/#organization\"},\"potentialAction\":[{\"@type\":\"SearchAction\",\"target\":{\"@type\":\"EntryPoint\",\"urlTemplate\":\"https:\\\/\\\/shopnoorfi-wp31835.test.cchosting.fi\\\/?s={search_term_string}\"},\"query-input\":{\"@type\":\"PropertyValueSpecification\",\"valueRequired\":true,\"valueName\":\"search_term_string\"}}],\"inLanguage\":\"sv-SE\"},{\"@type\":\"Organization\",\"@id\":\"https:\\\/\\\/shopnoorfi-wp31835.test.cchosting.fi\\\/#organization\",\"name\":\"Oy Noortrade Ab\",\"url\":\"https:\\\/\\\/shopnoorfi-wp31835.test.cchosting.fi\\\/\",\"logo\":{\"@type\":\"ImageObject\",\"inLanguage\":\"sv-SE\",\"@id\":\"https:\\\/\\\/shopnoorfi-wp31835.test.cchosting.fi\\\/#\\\/schema\\\/logo\\\/image\\\/\",\"url\":\"https:\\\/\\\/shop.noor.fi\\\/wp-content\\\/uploads\\\/2024\\\/01\\\/Oy-Noortrade-Ab-Corbel-VERSAL-bold-BLACK.png\",\"contentUrl\":\"https:\\\/\\\/shop.noor.fi\\\/wp-content\\\/uploads\\\/2024\\\/01\\\/Oy-Noortrade-Ab-Corbel-VERSAL-bold-BLACK.png\",\"width\":721,\"height\":177,\"caption\":\"Oy Noortrade Ab\"},\"image\":{\"@id\":\"https:\\\/\\\/shopnoorfi-wp31835.test.cchosting.fi\\\/#\\\/schema\\\/logo\\\/image\\\/\"}}]}<\/script>\n<!-- \/ Yoast SEO plugin. -->","yoast_head_json":{"title":"Tip downlight galvaniserat st\u00e5l - Oy Noortrade Ab","robots":{"index":"index","follow":"follow","max-snippet":"max-snippet:-1","max-image-preview":"max-image-preview:large","max-video-preview":"max-video-preview:-1"},"canonical":"https:\/\/shop.noor.fi\/tuote\/tip-1-kit-saadettava-galvanoitu\/","og_locale":"sv_SE","og_type":"article","og_title":"Tip downlight galvaniserat st\u00e5l - Oy Noortrade Ab","og_description":"Vippbar (35\u00b0) inbyggnadsspot tillverkad av galvaniserat st\u00e5l. Passar b\u00e5de inne och ute. Tillverkad av slitstarkt galvaniserat st\u00e5l som \u00e4r v\u00e4l l\u00e4mpat f\u00f6r h\u00e5rt v\u00e4der. Kan parallellkopplas. 15 \u00e5rs garanti mot korrosion. GU10, max 35W. Ljusk\u00e4lla ing\u00e5r ej. Diameter 8 cm H\u00f6jd 8,5 cm Inbyggnadsdjup min. 15 cm, monteringsh\u00e5l 7,2 cm i diameter.","og_url":"https:\/\/shop.noor.fi\/tuote\/tip-1-kit-saadettava-galvanoitu\/","og_site_name":"Oy Noortrade Ab","article_modified_time":"2026-03-21T02:07:24+00:00","og_image":[{"width":1181,"height":1181,"url":"https:\/\/shop.noor.fi\/wp-content\/uploads\/2023\/11\/5701581326682.jpg","type":"image\/jpeg"}],"twitter_card":"summary_large_image","schema":{"@context":"https:\/\/schema.org","@graph":[{"@type":"WebPage","@id":"https:\/\/shop.noor.fi\/tuote\/tip-1-kit-saadettava-galvanoitu\/","url":"https:\/\/shop.noor.fi\/tuote\/tip-1-kit-saadettava-galvanoitu\/","name":"Tip downlight galvaniserat st\u00e5l - Oy Noortrade Ab","isPartOf":{"@id":"https:\/\/shopnoorfi-wp31835.test.cchosting.fi\/#website"},"primaryImageOfPage":{"@id":"https:\/\/shop.noor.fi\/tuote\/tip-1-kit-saadettava-galvanoitu\/#primaryimage"},"image":{"@id":"https:\/\/shop.noor.fi\/tuote\/tip-1-kit-saadettava-galvanoitu\/#primaryimage"},"thumbnailUrl":"https:\/\/shop.noor.fi\/wp-content\/uploads\/2023\/11\/5701581326682.jpg","datePublished":"2023-11-01T13:49:10+00:00","dateModified":"2026-03-21T02:07:24+00:00","breadcrumb":{"@id":"https:\/\/shop.noor.fi\/tuote\/tip-1-kit-saadettava-galvanoitu\/#breadcrumb"},"inLanguage":"sv-SE","potentialAction":[{"@type":"ReadAction","target":["https:\/\/shop.noor.fi\/tuote\/tip-1-kit-saadettava-galvanoitu\/"]}]},{"@type":"ImageObject","inLanguage":"sv-SE","@id":"https:\/\/shop.noor.fi\/tuote\/tip-1-kit-saadettava-galvanoitu\/#primaryimage","url":"https:\/\/shop.noor.fi\/wp-content\/uploads\/2023\/11\/5701581326682.jpg","contentUrl":"https:\/\/shop.noor.fi\/wp-content\/uploads\/2023\/11\/5701581326682.jpg","width":1181,"height":1181},{"@type":"BreadcrumbList","@id":"https:\/\/shop.noor.fi\/tuote\/tip-1-kit-saadettava-galvanoitu\/#breadcrumb","itemListElement":[{"@type":"ListItem","position":1,"name":"Etusivu","item":"https:\/\/shop.noor.fi\/sv\/"},{"@type":"ListItem","position":2,"name":"Butik","item":"https:\/\/shopnoorfi-wp31835.test.cchosting.fi\/sv\/butik\/"},{"@type":"ListItem","position":3,"name":"Tip downlight galvaniserat st\u00e5l"}]},{"@type":"WebSite","@id":"https:\/\/shopnoorfi-wp31835.test.cchosting.fi\/#website","url":"https:\/\/shopnoorfi-wp31835.test.cchosting.fi\/","name":"Oy Noortrade Ab","description":"Finnish family owned company with over 30 years of professional experience in lighting &amp; interior products import and sales - reliably.","publisher":{"@id":"https:\/\/shopnoorfi-wp31835.test.cchosting.fi\/#organization"},"potentialAction":[{"@type":"SearchAction","target":{"@type":"EntryPoint","urlTemplate":"https:\/\/shopnoorfi-wp31835.test.cchosting.fi\/?s={search_term_string}"},"query-input":{"@type":"PropertyValueSpecification","valueRequired":true,"valueName":"search_term_string"}}],"inLanguage":"sv-SE"},{"@type":"Organization","@id":"https:\/\/shopnoorfi-wp31835.test.cchosting.fi\/#organization","name":"Oy Noortrade Ab","url":"https:\/\/shopnoorfi-wp31835.test.cchosting.fi\/","logo":{"@type":"ImageObject","inLanguage":"sv-SE","@id":"https:\/\/shopnoorfi-wp31835.test.cchosting.fi\/#\/schema\/logo\/image\/","url":"https:\/\/shop.noor.fi\/wp-content\/uploads\/2024\/01\/Oy-Noortrade-Ab-Corbel-VERSAL-bold-BLACK.png","contentUrl":"https:\/\/shop.noor.fi\/wp-content\/uploads\/2024\/01\/Oy-Noortrade-Ab-Corbel-VERSAL-bold-BLACK.png","width":721,"height":177,"caption":"Oy Noortrade Ab"},"image":{"@id":"https:\/\/shopnoorfi-wp31835.test.cchosting.fi\/#\/schema\/logo\/image\/"}}]}},"brands":[{"id":28730,"name":"Nordlux","slug":"nordlux"}],"_links":{"self":[{"href":"https:\/\/shop.noor.fi\/sv\/wp-json\/wp\/v2\/product\/102436","targetHints":{"allow":["GET"]}}],"collection":[{"href":"https:\/\/shop.noor.fi\/sv\/wp-json\/wp\/v2\/product"}],"about":[{"href":"https:\/\/shop.noor.fi\/sv\/wp-json\/wp\/v2\/types\/product"}],"replies":[{"embeddable":true,"href":"https:\/\/shop.noor.fi\/sv\/wp-json\/wp\/v2\/comments?post=102436"}],"wp:featuredmedia":[{"embeddable":true,"href":"https:\/\/shop.noor.fi\/sv\/wp-json\/wp\/v2\/media\/86823"}],"wp:attachment":[{"href":"https:\/\/shop.noor.fi\/sv\/wp-json\/wp\/v2\/media?parent=102436"}],"wp:term":[{"taxonomy":"pwb-brand","embeddable":true,"href":"https:\/\/shop.noor.fi\/sv\/wp-json\/wp\/v2\/pwb-brand?post=102436"},{"taxonomy":"product_brand","embeddable":true,"href":"https:\/\/shop.noor.fi\/sv\/wp-json\/wp\/v2\/product_brand?post=102436"},{"taxonomy":"product_cat","embeddable":true,"href":"https:\/\/shop.noor.fi\/sv\/wp-json\/wp\/v2\/product_cat?post=102436"},{"taxonomy":"product_tag","embeddable":true,"href":"https:\/\/shop.noor.fi\/sv\/wp-json\/wp\/v2\/product_tag?post=102436"}],"curies":[{"name":"wp","href":"https:\/\/api.w.org\/{rel}","templated":true}]}}