{"id":102423,"date":"2024-04-26T09:15:28","date_gmt":"2024-04-26T06:15:28","guid":{"rendered":"https:\/\/shop.noor.fi\/product\/nexus-2-0-pendel-10-cm-vit-telegra\/"},"modified":"2026-01-20T18:37:04","modified_gmt":"2026-01-20T16:37:04","slug":"nexus-2-0-pendel-10-cm-vit-telegra","status":"publish","type":"product","link":"https:\/\/shop.noor.fi\/sv\/produkt\/nexus-2-0-pendel-10-cm-vit-telegra\/","title":{"rendered":"Nexus 2.0 pendel 10 cm vit\/telegr\u00e5"},"content":{"rendered":"<p>Nexus \u00e4r en minimalistisk och tidl\u00f6s pendel med en diffusor som t\u00e4cker ljusk\u00e4llan och d\u00e4mpar ljuset. H\u00e4r ber\u00e4ttar detaljerna om lampor med designm\u00e4ssig styrka, till exempel pendellampornas osynliga \u00f6verg\u00e5ng mellan sk\u00e4rm och sladd.<br \/>\nDesigner: B\u00f8nnelycke mdd. Krokupph\u00e4ng eller fast installation, kopplingsplint. Takplugg ing\u00e5r ej.<br \/>\nE27, max 40W. Ljusk\u00e4lla ing\u00e5r ej.<\/p>\n<p>Diameter: 10 cm<br \/>\nH\u00f6jd: 15 cm<br \/>\nTakkopp 11,7 cm i diameter, h\u00f6jd 9 cm<\/p>\n","protected":false},"excerpt":{"rendered":"<p>Nexus \u00e4r en minimalistisk och tidl\u00f6s pendel med en diffusor som t\u00e4cker ljusk\u00e4llan och d\u00e4mpar ljuset. H\u00e4r ber\u00e4ttar detaljerna om lampor med designm\u00e4ssig styrka, till exempel pendellampornas osynliga \u00f6verg\u00e5ng mellan sk\u00e4rm och sladd. Designer: B\u00f8nnelycke mdd. Krokupph\u00e4ng eller fast installation, kopplingsplint. Takplugg ing\u00e5r ej. E27, max 40W. Ljusk\u00e4lla ing\u00e5r ej. Diameter: 10 cm H\u00f6jd: 15 [&hellip;]<\/p>\n","protected":false},"featured_media":99838,"comment_status":"open","ping_status":"closed","template":"","meta":{"_acf_changed":false,"_relevanssi_hide_post":"","_relevanssi_hide_content":"","_relevanssi_pin_for_all":"","_relevanssi_pin_keywords":"","_relevanssi_unpin_keywords":"","_relevanssi_related_keywords":"","_relevanssi_related_include_ids":"","_relevanssi_related_exclude_ids":"","_relevanssi_related_no_append":"","_relevanssi_related_not_related":"","_relevanssi_related_posts":"","_relevanssi_noindex_reason":""},"pwb-brand":[36910],"product_brand":[],"product_cat":[32115],"product_tag":[],"class_list":{"0":"post-102423","1":"product","2":"type-product","3":"status-publish","4":"has-post-thumbnail","6":"pwb-brand-design-for-the-people","7":"product_cat-pendlar","9":"first","10":"instock","11":"taxable","12":"shipping-taxable","13":"purchasable","14":"product-type-simple"},"acf":[],"yoast_head":"<!-- This site is optimized with the Yoast SEO plugin v27.5 - https:\/\/yoast.com\/product\/yoast-seo-wordpress\/ -->\n<title>Nexus 2.0 pendel 10 cm vit\/telegr\u00e5 - Oy Noortrade Ab<\/title>\n<meta name=\"robots\" content=\"index, follow, max-snippet:-1, max-image-preview:large, max-video-preview:-1\" \/>\n<link rel=\"canonical\" href=\"https:\/\/shop.noor.fi\/sv\/produkt\/nexus-2-0-pendel-10-cm-vit-telegra\/\" \/>\n<meta property=\"og:locale\" content=\"sv_SE\" \/>\n<meta property=\"og:type\" content=\"article\" \/>\n<meta property=\"og:title\" content=\"Nexus 2.0 pendel 10 cm vit\/telegr\u00e5 - Oy Noortrade Ab\" \/>\n<meta property=\"og:description\" content=\"Nexus \u00e4r en minimalistisk och tidl\u00f6s pendel med en diffusor som t\u00e4cker ljusk\u00e4llan och d\u00e4mpar ljuset. H\u00e4r ber\u00e4ttar detaljerna om lampor med designm\u00e4ssig styrka, till exempel pendellampornas osynliga \u00f6verg\u00e5ng mellan sk\u00e4rm och sladd. Designer: B\u00f8nnelycke mdd. Krokupph\u00e4ng eller fast installation, kopplingsplint. Takplugg ing\u00e5r ej. E27, max 40W. Ljusk\u00e4lla ing\u00e5r ej. Diameter: 10 cm H\u00f6jd: 15 [&hellip;]\" \/>\n<meta property=\"og:url\" content=\"https:\/\/shop.noor.fi\/sv\/produkt\/nexus-2-0-pendel-10-cm-vit-telegra\/\" \/>\n<meta property=\"og:site_name\" content=\"Oy Noortrade Ab\" \/>\n<meta property=\"article:modified_time\" content=\"2026-01-20T16:37:04+00:00\" \/>\n<meta property=\"og:image\" content=\"https:\/\/shop.noor.fi\/wp-content\/uploads\/2024\/04\/5704924002328.jpg\" \/>\n\t<meta property=\"og:image:width\" content=\"2560\" \/>\n\t<meta property=\"og:image:height\" content=\"2560\" \/>\n\t<meta property=\"og:image:type\" content=\"image\/jpeg\" \/>\n<meta name=\"twitter:card\" content=\"summary_large_image\" \/>\n<script type=\"application\/ld+json\" class=\"yoast-schema-graph\">{\"@context\":\"https:\\\/\\\/schema.org\",\"@graph\":[{\"@type\":\"WebPage\",\"@id\":\"https:\\\/\\\/shop.noor.fi\\\/sv\\\/produkt\\\/nexus-2-0-pendel-10-cm-vit-telegra\\\/\",\"url\":\"https:\\\/\\\/shop.noor.fi\\\/sv\\\/produkt\\\/nexus-2-0-pendel-10-cm-vit-telegra\\\/\",\"name\":\"Nexus 2.0 pendel 10 cm vit\\\/telegr\u00e5 - Oy Noortrade Ab\",\"isPartOf\":{\"@id\":\"https:\\\/\\\/shopnoorfi-wp31835.test.cchosting.fi\\\/#website\"},\"primaryImageOfPage\":{\"@id\":\"https:\\\/\\\/shop.noor.fi\\\/sv\\\/produkt\\\/nexus-2-0-pendel-10-cm-vit-telegra\\\/#primaryimage\"},\"image\":{\"@id\":\"https:\\\/\\\/shop.noor.fi\\\/sv\\\/produkt\\\/nexus-2-0-pendel-10-cm-vit-telegra\\\/#primaryimage\"},\"thumbnailUrl\":\"https:\\\/\\\/shop.noor.fi\\\/wp-content\\\/uploads\\\/2024\\\/04\\\/5704924002328.jpg\",\"datePublished\":\"2024-04-26T06:15:28+00:00\",\"dateModified\":\"2026-01-20T16:37:04+00:00\",\"breadcrumb\":{\"@id\":\"https:\\\/\\\/shop.noor.fi\\\/sv\\\/produkt\\\/nexus-2-0-pendel-10-cm-vit-telegra\\\/#breadcrumb\"},\"inLanguage\":\"sv-SE\",\"potentialAction\":[{\"@type\":\"ReadAction\",\"target\":[\"https:\\\/\\\/shop.noor.fi\\\/sv\\\/produkt\\\/nexus-2-0-pendel-10-cm-vit-telegra\\\/\"]}]},{\"@type\":\"ImageObject\",\"inLanguage\":\"sv-SE\",\"@id\":\"https:\\\/\\\/shop.noor.fi\\\/sv\\\/produkt\\\/nexus-2-0-pendel-10-cm-vit-telegra\\\/#primaryimage\",\"url\":\"https:\\\/\\\/shop.noor.fi\\\/wp-content\\\/uploads\\\/2024\\\/04\\\/5704924002328.jpg\",\"contentUrl\":\"https:\\\/\\\/shop.noor.fi\\\/wp-content\\\/uploads\\\/2024\\\/04\\\/5704924002328.jpg\",\"width\":2560,\"height\":2560},{\"@type\":\"BreadcrumbList\",\"@id\":\"https:\\\/\\\/shop.noor.fi\\\/sv\\\/produkt\\\/nexus-2-0-pendel-10-cm-vit-telegra\\\/#breadcrumb\",\"itemListElement\":[{\"@type\":\"ListItem\",\"position\":1,\"name\":\"Etusivu\",\"item\":\"https:\\\/\\\/shop.noor.fi\\\/sv\\\/\"},{\"@type\":\"ListItem\",\"position\":2,\"name\":\"Butik\",\"item\":\"https:\\\/\\\/shopnoorfi-wp31835.test.cchosting.fi\\\/sv\\\/butik\\\/\"},{\"@type\":\"ListItem\",\"position\":3,\"name\":\"Nexus 2.0 pendel 10 cm vit\\\/telegr\u00e5\"}]},{\"@type\":\"WebSite\",\"@id\":\"https:\\\/\\\/shopnoorfi-wp31835.test.cchosting.fi\\\/#website\",\"url\":\"https:\\\/\\\/shopnoorfi-wp31835.test.cchosting.fi\\\/\",\"name\":\"Oy Noortrade Ab\",\"description\":\"Finnish family owned company with over 30 years of professional experience in lighting &amp; interior products import and sales - reliably.\",\"publisher\":{\"@id\":\"https:\\\/\\\/shopnoorfi-wp31835.test.cchosting.fi\\\/#organization\"},\"potentialAction\":[{\"@type\":\"SearchAction\",\"target\":{\"@type\":\"EntryPoint\",\"urlTemplate\":\"https:\\\/\\\/shopnoorfi-wp31835.test.cchosting.fi\\\/?s={search_term_string}\"},\"query-input\":{\"@type\":\"PropertyValueSpecification\",\"valueRequired\":true,\"valueName\":\"search_term_string\"}}],\"inLanguage\":\"sv-SE\"},{\"@type\":\"Organization\",\"@id\":\"https:\\\/\\\/shopnoorfi-wp31835.test.cchosting.fi\\\/#organization\",\"name\":\"Oy Noortrade Ab\",\"url\":\"https:\\\/\\\/shopnoorfi-wp31835.test.cchosting.fi\\\/\",\"logo\":{\"@type\":\"ImageObject\",\"inLanguage\":\"sv-SE\",\"@id\":\"https:\\\/\\\/shopnoorfi-wp31835.test.cchosting.fi\\\/#\\\/schema\\\/logo\\\/image\\\/\",\"url\":\"https:\\\/\\\/shop.noor.fi\\\/wp-content\\\/uploads\\\/2024\\\/01\\\/Oy-Noortrade-Ab-Corbel-VERSAL-bold-BLACK.png\",\"contentUrl\":\"https:\\\/\\\/shop.noor.fi\\\/wp-content\\\/uploads\\\/2024\\\/01\\\/Oy-Noortrade-Ab-Corbel-VERSAL-bold-BLACK.png\",\"width\":721,\"height\":177,\"caption\":\"Oy Noortrade Ab\"},\"image\":{\"@id\":\"https:\\\/\\\/shopnoorfi-wp31835.test.cchosting.fi\\\/#\\\/schema\\\/logo\\\/image\\\/\"}}]}<\/script>\n<!-- \/ Yoast SEO plugin. -->","yoast_head_json":{"title":"Nexus 2.0 pendel 10 cm vit\/telegr\u00e5 - Oy Noortrade Ab","robots":{"index":"index","follow":"follow","max-snippet":"max-snippet:-1","max-image-preview":"max-image-preview:large","max-video-preview":"max-video-preview:-1"},"canonical":"https:\/\/shop.noor.fi\/sv\/produkt\/nexus-2-0-pendel-10-cm-vit-telegra\/","og_locale":"sv_SE","og_type":"article","og_title":"Nexus 2.0 pendel 10 cm vit\/telegr\u00e5 - Oy Noortrade Ab","og_description":"Nexus \u00e4r en minimalistisk och tidl\u00f6s pendel med en diffusor som t\u00e4cker ljusk\u00e4llan och d\u00e4mpar ljuset. H\u00e4r ber\u00e4ttar detaljerna om lampor med designm\u00e4ssig styrka, till exempel pendellampornas osynliga \u00f6verg\u00e5ng mellan sk\u00e4rm och sladd. Designer: B\u00f8nnelycke mdd. Krokupph\u00e4ng eller fast installation, kopplingsplint. Takplugg ing\u00e5r ej. E27, max 40W. Ljusk\u00e4lla ing\u00e5r ej. Diameter: 10 cm H\u00f6jd: 15 [&hellip;]","og_url":"https:\/\/shop.noor.fi\/sv\/produkt\/nexus-2-0-pendel-10-cm-vit-telegra\/","og_site_name":"Oy Noortrade Ab","article_modified_time":"2026-01-20T16:37:04+00:00","og_image":[{"width":2560,"height":2560,"url":"https:\/\/shop.noor.fi\/wp-content\/uploads\/2024\/04\/5704924002328.jpg","type":"image\/jpeg"}],"twitter_card":"summary_large_image","schema":{"@context":"https:\/\/schema.org","@graph":[{"@type":"WebPage","@id":"https:\/\/shop.noor.fi\/sv\/produkt\/nexus-2-0-pendel-10-cm-vit-telegra\/","url":"https:\/\/shop.noor.fi\/sv\/produkt\/nexus-2-0-pendel-10-cm-vit-telegra\/","name":"Nexus 2.0 pendel 10 cm vit\/telegr\u00e5 - Oy Noortrade Ab","isPartOf":{"@id":"https:\/\/shopnoorfi-wp31835.test.cchosting.fi\/#website"},"primaryImageOfPage":{"@id":"https:\/\/shop.noor.fi\/sv\/produkt\/nexus-2-0-pendel-10-cm-vit-telegra\/#primaryimage"},"image":{"@id":"https:\/\/shop.noor.fi\/sv\/produkt\/nexus-2-0-pendel-10-cm-vit-telegra\/#primaryimage"},"thumbnailUrl":"https:\/\/shop.noor.fi\/wp-content\/uploads\/2024\/04\/5704924002328.jpg","datePublished":"2024-04-26T06:15:28+00:00","dateModified":"2026-01-20T16:37:04+00:00","breadcrumb":{"@id":"https:\/\/shop.noor.fi\/sv\/produkt\/nexus-2-0-pendel-10-cm-vit-telegra\/#breadcrumb"},"inLanguage":"sv-SE","potentialAction":[{"@type":"ReadAction","target":["https:\/\/shop.noor.fi\/sv\/produkt\/nexus-2-0-pendel-10-cm-vit-telegra\/"]}]},{"@type":"ImageObject","inLanguage":"sv-SE","@id":"https:\/\/shop.noor.fi\/sv\/produkt\/nexus-2-0-pendel-10-cm-vit-telegra\/#primaryimage","url":"https:\/\/shop.noor.fi\/wp-content\/uploads\/2024\/04\/5704924002328.jpg","contentUrl":"https:\/\/shop.noor.fi\/wp-content\/uploads\/2024\/04\/5704924002328.jpg","width":2560,"height":2560},{"@type":"BreadcrumbList","@id":"https:\/\/shop.noor.fi\/sv\/produkt\/nexus-2-0-pendel-10-cm-vit-telegra\/#breadcrumb","itemListElement":[{"@type":"ListItem","position":1,"name":"Etusivu","item":"https:\/\/shop.noor.fi\/sv\/"},{"@type":"ListItem","position":2,"name":"Butik","item":"https:\/\/shopnoorfi-wp31835.test.cchosting.fi\/sv\/butik\/"},{"@type":"ListItem","position":3,"name":"Nexus 2.0 pendel 10 cm vit\/telegr\u00e5"}]},{"@type":"WebSite","@id":"https:\/\/shopnoorfi-wp31835.test.cchosting.fi\/#website","url":"https:\/\/shopnoorfi-wp31835.test.cchosting.fi\/","name":"Oy Noortrade Ab","description":"Finnish family owned company with over 30 years of professional experience in lighting &amp; interior products import and sales - reliably.","publisher":{"@id":"https:\/\/shopnoorfi-wp31835.test.cchosting.fi\/#organization"},"potentialAction":[{"@type":"SearchAction","target":{"@type":"EntryPoint","urlTemplate":"https:\/\/shopnoorfi-wp31835.test.cchosting.fi\/?s={search_term_string}"},"query-input":{"@type":"PropertyValueSpecification","valueRequired":true,"valueName":"search_term_string"}}],"inLanguage":"sv-SE"},{"@type":"Organization","@id":"https:\/\/shopnoorfi-wp31835.test.cchosting.fi\/#organization","name":"Oy Noortrade Ab","url":"https:\/\/shopnoorfi-wp31835.test.cchosting.fi\/","logo":{"@type":"ImageObject","inLanguage":"sv-SE","@id":"https:\/\/shopnoorfi-wp31835.test.cchosting.fi\/#\/schema\/logo\/image\/","url":"https:\/\/shop.noor.fi\/wp-content\/uploads\/2024\/01\/Oy-Noortrade-Ab-Corbel-VERSAL-bold-BLACK.png","contentUrl":"https:\/\/shop.noor.fi\/wp-content\/uploads\/2024\/01\/Oy-Noortrade-Ab-Corbel-VERSAL-bold-BLACK.png","width":721,"height":177,"caption":"Oy Noortrade Ab"},"image":{"@id":"https:\/\/shopnoorfi-wp31835.test.cchosting.fi\/#\/schema\/logo\/image\/"}}]}},"brands":[{"id":36910,"name":"Design For The People","slug":"design-for-the-people"}],"_links":{"self":[{"href":"https:\/\/shop.noor.fi\/sv\/wp-json\/wp\/v2\/product\/102423","targetHints":{"allow":["GET"]}}],"collection":[{"href":"https:\/\/shop.noor.fi\/sv\/wp-json\/wp\/v2\/product"}],"about":[{"href":"https:\/\/shop.noor.fi\/sv\/wp-json\/wp\/v2\/types\/product"}],"replies":[{"embeddable":true,"href":"https:\/\/shop.noor.fi\/sv\/wp-json\/wp\/v2\/comments?post=102423"}],"wp:featuredmedia":[{"embeddable":true,"href":"https:\/\/shop.noor.fi\/sv\/wp-json\/wp\/v2\/media\/99838"}],"wp:attachment":[{"href":"https:\/\/shop.noor.fi\/sv\/wp-json\/wp\/v2\/media?parent=102423"}],"wp:term":[{"taxonomy":"pwb-brand","embeddable":true,"href":"https:\/\/shop.noor.fi\/sv\/wp-json\/wp\/v2\/pwb-brand?post=102423"},{"taxonomy":"product_brand","embeddable":true,"href":"https:\/\/shop.noor.fi\/sv\/wp-json\/wp\/v2\/product_brand?post=102423"},{"taxonomy":"product_cat","embeddable":true,"href":"https:\/\/shop.noor.fi\/sv\/wp-json\/wp\/v2\/product_cat?post=102423"},{"taxonomy":"product_tag","embeddable":true,"href":"https:\/\/shop.noor.fi\/sv\/wp-json\/wp\/v2\/product_tag?post=102423"}],"curies":[{"name":"wp","href":"https:\/\/api.w.org\/{rel}","templated":true}]}}