{"id":102398,"date":"2023-11-01T15:47:33","date_gmt":"2023-11-01T13:47:33","guid":{"rendered":"https:\/\/shop.noor.fi\/product\/fold-15-ip54-vaggarmatur-koppar\/"},"modified":"2026-03-10T09:20:33","modified_gmt":"2026-03-10T07:20:33","slug":"fold-15-ip54-vaggarmatur-koppar","status":"publish","type":"product","link":"https:\/\/shop.noor.fi\/sv\/produkt\/fold-15-ip54-vaggarmatur-koppar\/","title":{"rendered":"Fold 15 IP54 v\u00e4ggarmatur koppar"},"content":{"rendered":"<p>\u201dVik ett pappersark, placera en gl\u00f6dlampa bakom \u2013 och vips s\u00e5 har du en lampa.\u201d \u00c4ven om verkligheten inte \u00e4r s\u00e5 enkel vill designern B\u00f8nnelycke MDD att det ska verka s\u00e5. Den magnetiska sk\u00e4rmen g\u00f6r installationen enkel och designen tydlig utan synliga skruvar. Ljuset lyser upp\u00e5t och ned\u00e5t, och med de fyra medf\u00f6ljande ljusm\u00f6nstren kan ljuset \u00e4ndras efter \u00f6nskem\u00e5l och personlig stil.<br \/>\nTillverkad av slitstarkt material som l\u00e4mpar sig v\u00e4l f\u00f6r tuffa v\u00e4derf\u00f6rh\u00e5llanden.<br \/>\n15 \u00e5rs garanti mot korrosion.<br \/>\nIntegrerad LED. Ljusk\u00e4llan kan ej ers\u00e4ttas. Lampan har 5-\u00e5rs LED-garanti.<\/p>\n<p>Bredd 15 cm<br \/>\nDjup 4,5 cm<br \/>\nH\u00f6jd 21 cm<\/p>\n","protected":false},"excerpt":{"rendered":"<p>\u201dVik ett pappersark, placera en gl\u00f6dlampa bakom \u2013 och vips s\u00e5 har du en lampa.\u201d \u00c4ven om verkligheten inte \u00e4r s\u00e5 enkel vill designern B\u00f8nnelycke MDD att det ska verka s\u00e5. Den magnetiska sk\u00e4rmen g\u00f6r installationen enkel och designen tydlig utan synliga skruvar. Ljuset lyser upp\u00e5t och ned\u00e5t, och med de fyra medf\u00f6ljande ljusm\u00f6nstren kan [&hellip;]<\/p>\n","protected":false},"featured_media":53437,"comment_status":"open","ping_status":"closed","template":"","meta":{"_acf_changed":false,"_relevanssi_hide_post":"","_relevanssi_hide_content":"","_relevanssi_pin_for_all":"","_relevanssi_pin_keywords":"","_relevanssi_unpin_keywords":"","_relevanssi_related_keywords":"","_relevanssi_related_include_ids":"","_relevanssi_related_exclude_ids":"","_relevanssi_related_no_append":"","_relevanssi_related_not_related":"","_relevanssi_related_posts":"","_relevanssi_noindex_reason":""},"pwb-brand":[28730],"product_brand":[],"product_cat":[32193],"product_tag":[],"class_list":{"0":"post-102398","1":"product","2":"type-product","3":"status-publish","4":"has-post-thumbnail","6":"pwb-brand-nordlux","7":"product_cat-vagglampor-sv-2","9":"first","10":"onbackorder","11":"taxable","12":"shipping-taxable","13":"purchasable","14":"product-type-simple"},"acf":[],"yoast_head":"<!-- This site is optimized with the Yoast SEO plugin v27.5 - https:\/\/yoast.com\/product\/yoast-seo-wordpress\/ -->\n<title>Fold 15 IP54 v\u00e4ggarmatur koppar - Oy Noortrade Ab<\/title>\n<meta name=\"robots\" content=\"index, follow, max-snippet:-1, max-image-preview:large, max-video-preview:-1\" \/>\n<link rel=\"canonical\" href=\"https:\/\/shop.noor.fi\/sv\/produkt\/fold-15-ip54-vaggarmatur-koppar\/\" \/>\n<meta property=\"og:locale\" content=\"sv_SE\" \/>\n<meta property=\"og:type\" content=\"article\" \/>\n<meta property=\"og:title\" content=\"Fold 15 IP54 v\u00e4ggarmatur koppar - Oy Noortrade Ab\" \/>\n<meta property=\"og:description\" content=\"\u201dVik ett pappersark, placera en gl\u00f6dlampa bakom \u2013 och vips s\u00e5 har du en lampa.\u201d \u00c4ven om verkligheten inte \u00e4r s\u00e5 enkel vill designern B\u00f8nnelycke MDD att det ska verka s\u00e5. Den magnetiska sk\u00e4rmen g\u00f6r installationen enkel och designen tydlig utan synliga skruvar. Ljuset lyser upp\u00e5t och ned\u00e5t, och med de fyra medf\u00f6ljande ljusm\u00f6nstren kan [&hellip;]\" \/>\n<meta property=\"og:url\" content=\"https:\/\/shop.noor.fi\/sv\/produkt\/fold-15-ip54-vaggarmatur-koppar\/\" \/>\n<meta property=\"og:site_name\" content=\"Oy Noortrade Ab\" \/>\n<meta property=\"article:modified_time\" content=\"2026-03-10T07:20:33+00:00\" \/>\n<meta property=\"og:image\" content=\"https:\/\/shop.noor.fi\/wp-content\/uploads\/2023\/11\/5704924000591.jpg\" \/>\n\t<meta property=\"og:image:width\" content=\"857\" \/>\n\t<meta property=\"og:image:height\" content=\"857\" \/>\n\t<meta property=\"og:image:type\" content=\"image\/jpeg\" \/>\n<meta name=\"twitter:card\" content=\"summary_large_image\" \/>\n<meta name=\"twitter:label1\" content=\"Ber\u00e4knad l\u00e4stid\" \/>\n\t<meta name=\"twitter:data1\" content=\"1 minut\" \/>\n<script type=\"application\/ld+json\" class=\"yoast-schema-graph\">{\"@context\":\"https:\\\/\\\/schema.org\",\"@graph\":[{\"@type\":\"WebPage\",\"@id\":\"https:\\\/\\\/shop.noor.fi\\\/sv\\\/produkt\\\/fold-15-ip54-vaggarmatur-koppar\\\/\",\"url\":\"https:\\\/\\\/shop.noor.fi\\\/sv\\\/produkt\\\/fold-15-ip54-vaggarmatur-koppar\\\/\",\"name\":\"Fold 15 IP54 v\u00e4ggarmatur koppar - Oy Noortrade Ab\",\"isPartOf\":{\"@id\":\"https:\\\/\\\/shopnoorfi-wp31835.test.cchosting.fi\\\/#website\"},\"primaryImageOfPage\":{\"@id\":\"https:\\\/\\\/shop.noor.fi\\\/sv\\\/produkt\\\/fold-15-ip54-vaggarmatur-koppar\\\/#primaryimage\"},\"image\":{\"@id\":\"https:\\\/\\\/shop.noor.fi\\\/sv\\\/produkt\\\/fold-15-ip54-vaggarmatur-koppar\\\/#primaryimage\"},\"thumbnailUrl\":\"https:\\\/\\\/shop.noor.fi\\\/wp-content\\\/uploads\\\/2023\\\/11\\\/5704924000591.jpg\",\"datePublished\":\"2023-11-01T13:47:33+00:00\",\"dateModified\":\"2026-03-10T07:20:33+00:00\",\"breadcrumb\":{\"@id\":\"https:\\\/\\\/shop.noor.fi\\\/sv\\\/produkt\\\/fold-15-ip54-vaggarmatur-koppar\\\/#breadcrumb\"},\"inLanguage\":\"sv-SE\",\"potentialAction\":[{\"@type\":\"ReadAction\",\"target\":[\"https:\\\/\\\/shop.noor.fi\\\/sv\\\/produkt\\\/fold-15-ip54-vaggarmatur-koppar\\\/\"]}]},{\"@type\":\"ImageObject\",\"inLanguage\":\"sv-SE\",\"@id\":\"https:\\\/\\\/shop.noor.fi\\\/sv\\\/produkt\\\/fold-15-ip54-vaggarmatur-koppar\\\/#primaryimage\",\"url\":\"https:\\\/\\\/shop.noor.fi\\\/wp-content\\\/uploads\\\/2023\\\/11\\\/5704924000591.jpg\",\"contentUrl\":\"https:\\\/\\\/shop.noor.fi\\\/wp-content\\\/uploads\\\/2023\\\/11\\\/5704924000591.jpg\",\"width\":857,\"height\":857},{\"@type\":\"BreadcrumbList\",\"@id\":\"https:\\\/\\\/shop.noor.fi\\\/sv\\\/produkt\\\/fold-15-ip54-vaggarmatur-koppar\\\/#breadcrumb\",\"itemListElement\":[{\"@type\":\"ListItem\",\"position\":1,\"name\":\"Etusivu\",\"item\":\"https:\\\/\\\/shop.noor.fi\\\/sv\\\/\"},{\"@type\":\"ListItem\",\"position\":2,\"name\":\"Butik\",\"item\":\"https:\\\/\\\/shopnoorfi-wp31835.test.cchosting.fi\\\/sv\\\/butik\\\/\"},{\"@type\":\"ListItem\",\"position\":3,\"name\":\"Fold 15 IP54 v\u00e4ggarmatur koppar\"}]},{\"@type\":\"WebSite\",\"@id\":\"https:\\\/\\\/shopnoorfi-wp31835.test.cchosting.fi\\\/#website\",\"url\":\"https:\\\/\\\/shopnoorfi-wp31835.test.cchosting.fi\\\/\",\"name\":\"Oy Noortrade Ab\",\"description\":\"Finnish family owned company with over 30 years of professional experience in lighting &amp; interior products import and sales - reliably.\",\"publisher\":{\"@id\":\"https:\\\/\\\/shopnoorfi-wp31835.test.cchosting.fi\\\/#organization\"},\"potentialAction\":[{\"@type\":\"SearchAction\",\"target\":{\"@type\":\"EntryPoint\",\"urlTemplate\":\"https:\\\/\\\/shopnoorfi-wp31835.test.cchosting.fi\\\/?s={search_term_string}\"},\"query-input\":{\"@type\":\"PropertyValueSpecification\",\"valueRequired\":true,\"valueName\":\"search_term_string\"}}],\"inLanguage\":\"sv-SE\"},{\"@type\":\"Organization\",\"@id\":\"https:\\\/\\\/shopnoorfi-wp31835.test.cchosting.fi\\\/#organization\",\"name\":\"Oy Noortrade Ab\",\"url\":\"https:\\\/\\\/shopnoorfi-wp31835.test.cchosting.fi\\\/\",\"logo\":{\"@type\":\"ImageObject\",\"inLanguage\":\"sv-SE\",\"@id\":\"https:\\\/\\\/shopnoorfi-wp31835.test.cchosting.fi\\\/#\\\/schema\\\/logo\\\/image\\\/\",\"url\":\"https:\\\/\\\/shop.noor.fi\\\/wp-content\\\/uploads\\\/2024\\\/01\\\/Oy-Noortrade-Ab-Corbel-VERSAL-bold-BLACK.png\",\"contentUrl\":\"https:\\\/\\\/shop.noor.fi\\\/wp-content\\\/uploads\\\/2024\\\/01\\\/Oy-Noortrade-Ab-Corbel-VERSAL-bold-BLACK.png\",\"width\":721,\"height\":177,\"caption\":\"Oy Noortrade Ab\"},\"image\":{\"@id\":\"https:\\\/\\\/shopnoorfi-wp31835.test.cchosting.fi\\\/#\\\/schema\\\/logo\\\/image\\\/\"}}]}<\/script>\n<!-- \/ Yoast SEO plugin. -->","yoast_head_json":{"title":"Fold 15 IP54 v\u00e4ggarmatur koppar - Oy Noortrade Ab","robots":{"index":"index","follow":"follow","max-snippet":"max-snippet:-1","max-image-preview":"max-image-preview:large","max-video-preview":"max-video-preview:-1"},"canonical":"https:\/\/shop.noor.fi\/sv\/produkt\/fold-15-ip54-vaggarmatur-koppar\/","og_locale":"sv_SE","og_type":"article","og_title":"Fold 15 IP54 v\u00e4ggarmatur koppar - Oy Noortrade Ab","og_description":"\u201dVik ett pappersark, placera en gl\u00f6dlampa bakom \u2013 och vips s\u00e5 har du en lampa.\u201d \u00c4ven om verkligheten inte \u00e4r s\u00e5 enkel vill designern B\u00f8nnelycke MDD att det ska verka s\u00e5. Den magnetiska sk\u00e4rmen g\u00f6r installationen enkel och designen tydlig utan synliga skruvar. Ljuset lyser upp\u00e5t och ned\u00e5t, och med de fyra medf\u00f6ljande ljusm\u00f6nstren kan [&hellip;]","og_url":"https:\/\/shop.noor.fi\/sv\/produkt\/fold-15-ip54-vaggarmatur-koppar\/","og_site_name":"Oy Noortrade Ab","article_modified_time":"2026-03-10T07:20:33+00:00","og_image":[{"width":857,"height":857,"url":"https:\/\/shop.noor.fi\/wp-content\/uploads\/2023\/11\/5704924000591.jpg","type":"image\/jpeg"}],"twitter_card":"summary_large_image","twitter_misc":{"Ber\u00e4knad l\u00e4stid":"1 minut"},"schema":{"@context":"https:\/\/schema.org","@graph":[{"@type":"WebPage","@id":"https:\/\/shop.noor.fi\/sv\/produkt\/fold-15-ip54-vaggarmatur-koppar\/","url":"https:\/\/shop.noor.fi\/sv\/produkt\/fold-15-ip54-vaggarmatur-koppar\/","name":"Fold 15 IP54 v\u00e4ggarmatur koppar - Oy Noortrade Ab","isPartOf":{"@id":"https:\/\/shopnoorfi-wp31835.test.cchosting.fi\/#website"},"primaryImageOfPage":{"@id":"https:\/\/shop.noor.fi\/sv\/produkt\/fold-15-ip54-vaggarmatur-koppar\/#primaryimage"},"image":{"@id":"https:\/\/shop.noor.fi\/sv\/produkt\/fold-15-ip54-vaggarmatur-koppar\/#primaryimage"},"thumbnailUrl":"https:\/\/shop.noor.fi\/wp-content\/uploads\/2023\/11\/5704924000591.jpg","datePublished":"2023-11-01T13:47:33+00:00","dateModified":"2026-03-10T07:20:33+00:00","breadcrumb":{"@id":"https:\/\/shop.noor.fi\/sv\/produkt\/fold-15-ip54-vaggarmatur-koppar\/#breadcrumb"},"inLanguage":"sv-SE","potentialAction":[{"@type":"ReadAction","target":["https:\/\/shop.noor.fi\/sv\/produkt\/fold-15-ip54-vaggarmatur-koppar\/"]}]},{"@type":"ImageObject","inLanguage":"sv-SE","@id":"https:\/\/shop.noor.fi\/sv\/produkt\/fold-15-ip54-vaggarmatur-koppar\/#primaryimage","url":"https:\/\/shop.noor.fi\/wp-content\/uploads\/2023\/11\/5704924000591.jpg","contentUrl":"https:\/\/shop.noor.fi\/wp-content\/uploads\/2023\/11\/5704924000591.jpg","width":857,"height":857},{"@type":"BreadcrumbList","@id":"https:\/\/shop.noor.fi\/sv\/produkt\/fold-15-ip54-vaggarmatur-koppar\/#breadcrumb","itemListElement":[{"@type":"ListItem","position":1,"name":"Etusivu","item":"https:\/\/shop.noor.fi\/sv\/"},{"@type":"ListItem","position":2,"name":"Butik","item":"https:\/\/shopnoorfi-wp31835.test.cchosting.fi\/sv\/butik\/"},{"@type":"ListItem","position":3,"name":"Fold 15 IP54 v\u00e4ggarmatur koppar"}]},{"@type":"WebSite","@id":"https:\/\/shopnoorfi-wp31835.test.cchosting.fi\/#website","url":"https:\/\/shopnoorfi-wp31835.test.cchosting.fi\/","name":"Oy Noortrade Ab","description":"Finnish family owned company with over 30 years of professional experience in lighting &amp; interior products import and sales - reliably.","publisher":{"@id":"https:\/\/shopnoorfi-wp31835.test.cchosting.fi\/#organization"},"potentialAction":[{"@type":"SearchAction","target":{"@type":"EntryPoint","urlTemplate":"https:\/\/shopnoorfi-wp31835.test.cchosting.fi\/?s={search_term_string}"},"query-input":{"@type":"PropertyValueSpecification","valueRequired":true,"valueName":"search_term_string"}}],"inLanguage":"sv-SE"},{"@type":"Organization","@id":"https:\/\/shopnoorfi-wp31835.test.cchosting.fi\/#organization","name":"Oy Noortrade Ab","url":"https:\/\/shopnoorfi-wp31835.test.cchosting.fi\/","logo":{"@type":"ImageObject","inLanguage":"sv-SE","@id":"https:\/\/shopnoorfi-wp31835.test.cchosting.fi\/#\/schema\/logo\/image\/","url":"https:\/\/shop.noor.fi\/wp-content\/uploads\/2024\/01\/Oy-Noortrade-Ab-Corbel-VERSAL-bold-BLACK.png","contentUrl":"https:\/\/shop.noor.fi\/wp-content\/uploads\/2024\/01\/Oy-Noortrade-Ab-Corbel-VERSAL-bold-BLACK.png","width":721,"height":177,"caption":"Oy Noortrade Ab"},"image":{"@id":"https:\/\/shopnoorfi-wp31835.test.cchosting.fi\/#\/schema\/logo\/image\/"}}]}},"brands":[{"id":28730,"name":"Nordlux","slug":"nordlux"}],"_links":{"self":[{"href":"https:\/\/shop.noor.fi\/sv\/wp-json\/wp\/v2\/product\/102398","targetHints":{"allow":["GET"]}}],"collection":[{"href":"https:\/\/shop.noor.fi\/sv\/wp-json\/wp\/v2\/product"}],"about":[{"href":"https:\/\/shop.noor.fi\/sv\/wp-json\/wp\/v2\/types\/product"}],"replies":[{"embeddable":true,"href":"https:\/\/shop.noor.fi\/sv\/wp-json\/wp\/v2\/comments?post=102398"}],"wp:featuredmedia":[{"embeddable":true,"href":"https:\/\/shop.noor.fi\/sv\/wp-json\/wp\/v2\/media\/53437"}],"wp:attachment":[{"href":"https:\/\/shop.noor.fi\/sv\/wp-json\/wp\/v2\/media?parent=102398"}],"wp:term":[{"taxonomy":"pwb-brand","embeddable":true,"href":"https:\/\/shop.noor.fi\/sv\/wp-json\/wp\/v2\/pwb-brand?post=102398"},{"taxonomy":"product_brand","embeddable":true,"href":"https:\/\/shop.noor.fi\/sv\/wp-json\/wp\/v2\/product_brand?post=102398"},{"taxonomy":"product_cat","embeddable":true,"href":"https:\/\/shop.noor.fi\/sv\/wp-json\/wp\/v2\/product_cat?post=102398"},{"taxonomy":"product_tag","embeddable":true,"href":"https:\/\/shop.noor.fi\/sv\/wp-json\/wp\/v2\/product_tag?post=102398"}],"curies":[{"name":"wp","href":"https:\/\/api.w.org\/{rel}","templated":true}]}}