{"id":102391,"date":"2023-11-01T15:47:09","date_gmt":"2023-11-01T13:47:09","guid":{"rendered":"https:\/\/shop.noor.fi\/product\/ava-smart-vaggarmatur-svart-opal\/"},"modified":"2026-01-09T14:58:08","modified_gmt":"2026-01-09T12:58:08","slug":"ava-smart-vaggarmatur-svart-opal","status":"publish","type":"product","link":"https:\/\/shop.noor.fi\/sv\/produkt\/ava-smart-vaggarmatur-svart-opal\/","title":{"rendered":"Ava Smart v\u00e4ggarmatur svart\/opal"},"content":{"rendered":"<p>Ava \u00e4r en multifunktionell lampa som kan placeras b\u00e5de i taket och p\u00e5 v\u00e4ggen. V\u00e4gglampan har tv\u00e5 ljusfunktioner som utg\u00f6rs av v\u00e4gledande belysning n\u00e4r m\u00f6rkret faller p\u00e5 och automatiskt aktivering av belysningen vid r\u00f6relse (Nordlux Smart Sensor n\u00f6dv\u00e4ndig).<br \/>\nKan kopplas via Bluetooh till Nordlux Smart Light -appen och Nordlux Smart Sensor (k\u00f6pes separat).<br \/>\nLjusk\u00e4llan \u00e4r en integrerad LED som inte kan bytas ut. 5 \u00e5rs LED-garanti.<\/p>\n<p>Diameter 20 cm<br \/>\nDjup 6,8 cm<\/p>\n","protected":false},"excerpt":{"rendered":"<p>Ava \u00e4r en multifunktionell lampa som kan placeras b\u00e5de i taket och p\u00e5 v\u00e4ggen. V\u00e4gglampan har tv\u00e5 ljusfunktioner som utg\u00f6rs av v\u00e4gledande belysning n\u00e4r m\u00f6rkret faller p\u00e5 och automatiskt aktivering av belysningen vid r\u00f6relse (Nordlux Smart Sensor n\u00f6dv\u00e4ndig). Kan kopplas via Bluetooh till Nordlux Smart Light -appen och Nordlux Smart Sensor (k\u00f6pes separat). Ljusk\u00e4llan \u00e4r [&hellip;]<\/p>\n","protected":false},"featured_media":78571,"comment_status":"open","ping_status":"closed","template":"","meta":{"_acf_changed":false,"_relevanssi_hide_post":"","_relevanssi_hide_content":"","_relevanssi_pin_for_all":"","_relevanssi_pin_keywords":"","_relevanssi_unpin_keywords":"","_relevanssi_related_keywords":"","_relevanssi_related_include_ids":"","_relevanssi_related_exclude_ids":"","_relevanssi_related_no_append":"","_relevanssi_related_not_related":"","_relevanssi_related_posts":"","_relevanssi_noindex_reason":""},"pwb-brand":[28730],"product_brand":[],"product_cat":[32193],"product_tag":[],"class_list":{"0":"post-102391","1":"product","2":"type-product","3":"status-publish","4":"has-post-thumbnail","6":"pwb-brand-nordlux","7":"product_cat-vagglampor-sv-2","9":"first","10":"instock","11":"taxable","12":"shipping-taxable","13":"purchasable","14":"product-type-simple"},"acf":[],"yoast_head":"<!-- This site is optimized with the Yoast SEO plugin v27.5 - https:\/\/yoast.com\/product\/yoast-seo-wordpress\/ -->\n<title>Ava Smart v\u00e4ggarmatur svart\/opal - Oy Noortrade Ab<\/title>\n<meta name=\"robots\" content=\"index, follow, max-snippet:-1, max-image-preview:large, max-video-preview:-1\" \/>\n<link rel=\"canonical\" href=\"https:\/\/shop.noor.fi\/sv\/produkt\/ava-smart-vaggarmatur-svart-opal\/\" \/>\n<meta property=\"og:locale\" content=\"sv_SE\" \/>\n<meta property=\"og:type\" content=\"article\" \/>\n<meta property=\"og:title\" content=\"Ava Smart v\u00e4ggarmatur svart\/opal - Oy Noortrade Ab\" \/>\n<meta property=\"og:description\" content=\"Ava \u00e4r en multifunktionell lampa som kan placeras b\u00e5de i taket och p\u00e5 v\u00e4ggen. V\u00e4gglampan har tv\u00e5 ljusfunktioner som utg\u00f6rs av v\u00e4gledande belysning n\u00e4r m\u00f6rkret faller p\u00e5 och automatiskt aktivering av belysningen vid r\u00f6relse (Nordlux Smart Sensor n\u00f6dv\u00e4ndig). Kan kopplas via Bluetooh till Nordlux Smart Light -appen och Nordlux Smart Sensor (k\u00f6pes separat). Ljusk\u00e4llan \u00e4r [&hellip;]\" \/>\n<meta property=\"og:url\" content=\"https:\/\/shop.noor.fi\/sv\/produkt\/ava-smart-vaggarmatur-svart-opal\/\" \/>\n<meta property=\"og:site_name\" content=\"Oy Noortrade Ab\" \/>\n<meta property=\"article:modified_time\" content=\"2026-01-09T12:58:08+00:00\" \/>\n<meta property=\"og:image\" content=\"https:\/\/shop.noor.fi\/wp-content\/uploads\/2023\/12\/5704924000485.jpg\" \/>\n\t<meta property=\"og:image:width\" content=\"2000\" \/>\n\t<meta property=\"og:image:height\" content=\"2000\" \/>\n\t<meta property=\"og:image:type\" content=\"image\/jpeg\" \/>\n<meta name=\"twitter:card\" content=\"summary_large_image\" \/>\n<script type=\"application\/ld+json\" class=\"yoast-schema-graph\">{\"@context\":\"https:\\\/\\\/schema.org\",\"@graph\":[{\"@type\":\"WebPage\",\"@id\":\"https:\\\/\\\/shop.noor.fi\\\/sv\\\/produkt\\\/ava-smart-vaggarmatur-svart-opal\\\/\",\"url\":\"https:\\\/\\\/shop.noor.fi\\\/sv\\\/produkt\\\/ava-smart-vaggarmatur-svart-opal\\\/\",\"name\":\"Ava Smart v\u00e4ggarmatur svart\\\/opal - Oy Noortrade Ab\",\"isPartOf\":{\"@id\":\"https:\\\/\\\/shopnoorfi-wp31835.test.cchosting.fi\\\/#website\"},\"primaryImageOfPage\":{\"@id\":\"https:\\\/\\\/shop.noor.fi\\\/sv\\\/produkt\\\/ava-smart-vaggarmatur-svart-opal\\\/#primaryimage\"},\"image\":{\"@id\":\"https:\\\/\\\/shop.noor.fi\\\/sv\\\/produkt\\\/ava-smart-vaggarmatur-svart-opal\\\/#primaryimage\"},\"thumbnailUrl\":\"https:\\\/\\\/shop.noor.fi\\\/wp-content\\\/uploads\\\/2023\\\/12\\\/5704924000485.jpg\",\"datePublished\":\"2023-11-01T13:47:09+00:00\",\"dateModified\":\"2026-01-09T12:58:08+00:00\",\"breadcrumb\":{\"@id\":\"https:\\\/\\\/shop.noor.fi\\\/sv\\\/produkt\\\/ava-smart-vaggarmatur-svart-opal\\\/#breadcrumb\"},\"inLanguage\":\"sv-SE\",\"potentialAction\":[{\"@type\":\"ReadAction\",\"target\":[\"https:\\\/\\\/shop.noor.fi\\\/sv\\\/produkt\\\/ava-smart-vaggarmatur-svart-opal\\\/\"]}]},{\"@type\":\"ImageObject\",\"inLanguage\":\"sv-SE\",\"@id\":\"https:\\\/\\\/shop.noor.fi\\\/sv\\\/produkt\\\/ava-smart-vaggarmatur-svart-opal\\\/#primaryimage\",\"url\":\"https:\\\/\\\/shop.noor.fi\\\/wp-content\\\/uploads\\\/2023\\\/12\\\/5704924000485.jpg\",\"contentUrl\":\"https:\\\/\\\/shop.noor.fi\\\/wp-content\\\/uploads\\\/2023\\\/12\\\/5704924000485.jpg\",\"width\":2000,\"height\":2000},{\"@type\":\"BreadcrumbList\",\"@id\":\"https:\\\/\\\/shop.noor.fi\\\/sv\\\/produkt\\\/ava-smart-vaggarmatur-svart-opal\\\/#breadcrumb\",\"itemListElement\":[{\"@type\":\"ListItem\",\"position\":1,\"name\":\"Etusivu\",\"item\":\"https:\\\/\\\/shop.noor.fi\\\/sv\\\/\"},{\"@type\":\"ListItem\",\"position\":2,\"name\":\"Butik\",\"item\":\"https:\\\/\\\/shopnoorfi-wp31835.test.cchosting.fi\\\/sv\\\/butik\\\/\"},{\"@type\":\"ListItem\",\"position\":3,\"name\":\"Ava Smart v\u00e4ggarmatur svart\\\/opal\"}]},{\"@type\":\"WebSite\",\"@id\":\"https:\\\/\\\/shopnoorfi-wp31835.test.cchosting.fi\\\/#website\",\"url\":\"https:\\\/\\\/shopnoorfi-wp31835.test.cchosting.fi\\\/\",\"name\":\"Oy Noortrade Ab\",\"description\":\"Finnish family owned company with over 30 years of professional experience in lighting &amp; interior products import and sales - reliably.\",\"publisher\":{\"@id\":\"https:\\\/\\\/shopnoorfi-wp31835.test.cchosting.fi\\\/#organization\"},\"potentialAction\":[{\"@type\":\"SearchAction\",\"target\":{\"@type\":\"EntryPoint\",\"urlTemplate\":\"https:\\\/\\\/shopnoorfi-wp31835.test.cchosting.fi\\\/?s={search_term_string}\"},\"query-input\":{\"@type\":\"PropertyValueSpecification\",\"valueRequired\":true,\"valueName\":\"search_term_string\"}}],\"inLanguage\":\"sv-SE\"},{\"@type\":\"Organization\",\"@id\":\"https:\\\/\\\/shopnoorfi-wp31835.test.cchosting.fi\\\/#organization\",\"name\":\"Oy Noortrade Ab\",\"url\":\"https:\\\/\\\/shopnoorfi-wp31835.test.cchosting.fi\\\/\",\"logo\":{\"@type\":\"ImageObject\",\"inLanguage\":\"sv-SE\",\"@id\":\"https:\\\/\\\/shopnoorfi-wp31835.test.cchosting.fi\\\/#\\\/schema\\\/logo\\\/image\\\/\",\"url\":\"https:\\\/\\\/shop.noor.fi\\\/wp-content\\\/uploads\\\/2024\\\/01\\\/Oy-Noortrade-Ab-Corbel-VERSAL-bold-BLACK.png\",\"contentUrl\":\"https:\\\/\\\/shop.noor.fi\\\/wp-content\\\/uploads\\\/2024\\\/01\\\/Oy-Noortrade-Ab-Corbel-VERSAL-bold-BLACK.png\",\"width\":721,\"height\":177,\"caption\":\"Oy Noortrade Ab\"},\"image\":{\"@id\":\"https:\\\/\\\/shopnoorfi-wp31835.test.cchosting.fi\\\/#\\\/schema\\\/logo\\\/image\\\/\"}}]}<\/script>\n<!-- \/ Yoast SEO plugin. -->","yoast_head_json":{"title":"Ava Smart v\u00e4ggarmatur svart\/opal - Oy Noortrade Ab","robots":{"index":"index","follow":"follow","max-snippet":"max-snippet:-1","max-image-preview":"max-image-preview:large","max-video-preview":"max-video-preview:-1"},"canonical":"https:\/\/shop.noor.fi\/sv\/produkt\/ava-smart-vaggarmatur-svart-opal\/","og_locale":"sv_SE","og_type":"article","og_title":"Ava Smart v\u00e4ggarmatur svart\/opal - Oy Noortrade Ab","og_description":"Ava \u00e4r en multifunktionell lampa som kan placeras b\u00e5de i taket och p\u00e5 v\u00e4ggen. V\u00e4gglampan har tv\u00e5 ljusfunktioner som utg\u00f6rs av v\u00e4gledande belysning n\u00e4r m\u00f6rkret faller p\u00e5 och automatiskt aktivering av belysningen vid r\u00f6relse (Nordlux Smart Sensor n\u00f6dv\u00e4ndig). Kan kopplas via Bluetooh till Nordlux Smart Light -appen och Nordlux Smart Sensor (k\u00f6pes separat). Ljusk\u00e4llan \u00e4r [&hellip;]","og_url":"https:\/\/shop.noor.fi\/sv\/produkt\/ava-smart-vaggarmatur-svart-opal\/","og_site_name":"Oy Noortrade Ab","article_modified_time":"2026-01-09T12:58:08+00:00","og_image":[{"width":2000,"height":2000,"url":"https:\/\/shop.noor.fi\/wp-content\/uploads\/2023\/12\/5704924000485.jpg","type":"image\/jpeg"}],"twitter_card":"summary_large_image","schema":{"@context":"https:\/\/schema.org","@graph":[{"@type":"WebPage","@id":"https:\/\/shop.noor.fi\/sv\/produkt\/ava-smart-vaggarmatur-svart-opal\/","url":"https:\/\/shop.noor.fi\/sv\/produkt\/ava-smart-vaggarmatur-svart-opal\/","name":"Ava Smart v\u00e4ggarmatur svart\/opal - Oy Noortrade Ab","isPartOf":{"@id":"https:\/\/shopnoorfi-wp31835.test.cchosting.fi\/#website"},"primaryImageOfPage":{"@id":"https:\/\/shop.noor.fi\/sv\/produkt\/ava-smart-vaggarmatur-svart-opal\/#primaryimage"},"image":{"@id":"https:\/\/shop.noor.fi\/sv\/produkt\/ava-smart-vaggarmatur-svart-opal\/#primaryimage"},"thumbnailUrl":"https:\/\/shop.noor.fi\/wp-content\/uploads\/2023\/12\/5704924000485.jpg","datePublished":"2023-11-01T13:47:09+00:00","dateModified":"2026-01-09T12:58:08+00:00","breadcrumb":{"@id":"https:\/\/shop.noor.fi\/sv\/produkt\/ava-smart-vaggarmatur-svart-opal\/#breadcrumb"},"inLanguage":"sv-SE","potentialAction":[{"@type":"ReadAction","target":["https:\/\/shop.noor.fi\/sv\/produkt\/ava-smart-vaggarmatur-svart-opal\/"]}]},{"@type":"ImageObject","inLanguage":"sv-SE","@id":"https:\/\/shop.noor.fi\/sv\/produkt\/ava-smart-vaggarmatur-svart-opal\/#primaryimage","url":"https:\/\/shop.noor.fi\/wp-content\/uploads\/2023\/12\/5704924000485.jpg","contentUrl":"https:\/\/shop.noor.fi\/wp-content\/uploads\/2023\/12\/5704924000485.jpg","width":2000,"height":2000},{"@type":"BreadcrumbList","@id":"https:\/\/shop.noor.fi\/sv\/produkt\/ava-smart-vaggarmatur-svart-opal\/#breadcrumb","itemListElement":[{"@type":"ListItem","position":1,"name":"Etusivu","item":"https:\/\/shop.noor.fi\/sv\/"},{"@type":"ListItem","position":2,"name":"Butik","item":"https:\/\/shopnoorfi-wp31835.test.cchosting.fi\/sv\/butik\/"},{"@type":"ListItem","position":3,"name":"Ava Smart v\u00e4ggarmatur svart\/opal"}]},{"@type":"WebSite","@id":"https:\/\/shopnoorfi-wp31835.test.cchosting.fi\/#website","url":"https:\/\/shopnoorfi-wp31835.test.cchosting.fi\/","name":"Oy Noortrade Ab","description":"Finnish family owned company with over 30 years of professional experience in lighting &amp; interior products import and sales - reliably.","publisher":{"@id":"https:\/\/shopnoorfi-wp31835.test.cchosting.fi\/#organization"},"potentialAction":[{"@type":"SearchAction","target":{"@type":"EntryPoint","urlTemplate":"https:\/\/shopnoorfi-wp31835.test.cchosting.fi\/?s={search_term_string}"},"query-input":{"@type":"PropertyValueSpecification","valueRequired":true,"valueName":"search_term_string"}}],"inLanguage":"sv-SE"},{"@type":"Organization","@id":"https:\/\/shopnoorfi-wp31835.test.cchosting.fi\/#organization","name":"Oy Noortrade Ab","url":"https:\/\/shopnoorfi-wp31835.test.cchosting.fi\/","logo":{"@type":"ImageObject","inLanguage":"sv-SE","@id":"https:\/\/shopnoorfi-wp31835.test.cchosting.fi\/#\/schema\/logo\/image\/","url":"https:\/\/shop.noor.fi\/wp-content\/uploads\/2024\/01\/Oy-Noortrade-Ab-Corbel-VERSAL-bold-BLACK.png","contentUrl":"https:\/\/shop.noor.fi\/wp-content\/uploads\/2024\/01\/Oy-Noortrade-Ab-Corbel-VERSAL-bold-BLACK.png","width":721,"height":177,"caption":"Oy Noortrade Ab"},"image":{"@id":"https:\/\/shopnoorfi-wp31835.test.cchosting.fi\/#\/schema\/logo\/image\/"}}]}},"brands":[{"id":28730,"name":"Nordlux","slug":"nordlux"}],"_links":{"self":[{"href":"https:\/\/shop.noor.fi\/sv\/wp-json\/wp\/v2\/product\/102391","targetHints":{"allow":["GET"]}}],"collection":[{"href":"https:\/\/shop.noor.fi\/sv\/wp-json\/wp\/v2\/product"}],"about":[{"href":"https:\/\/shop.noor.fi\/sv\/wp-json\/wp\/v2\/types\/product"}],"replies":[{"embeddable":true,"href":"https:\/\/shop.noor.fi\/sv\/wp-json\/wp\/v2\/comments?post=102391"}],"wp:featuredmedia":[{"embeddable":true,"href":"https:\/\/shop.noor.fi\/sv\/wp-json\/wp\/v2\/media\/78571"}],"wp:attachment":[{"href":"https:\/\/shop.noor.fi\/sv\/wp-json\/wp\/v2\/media?parent=102391"}],"wp:term":[{"taxonomy":"pwb-brand","embeddable":true,"href":"https:\/\/shop.noor.fi\/sv\/wp-json\/wp\/v2\/pwb-brand?post=102391"},{"taxonomy":"product_brand","embeddable":true,"href":"https:\/\/shop.noor.fi\/sv\/wp-json\/wp\/v2\/product_brand?post=102391"},{"taxonomy":"product_cat","embeddable":true,"href":"https:\/\/shop.noor.fi\/sv\/wp-json\/wp\/v2\/product_cat?post=102391"},{"taxonomy":"product_tag","embeddable":true,"href":"https:\/\/shop.noor.fi\/sv\/wp-json\/wp\/v2\/product_tag?post=102391"}],"curies":[{"name":"wp","href":"https:\/\/api.w.org\/{rel}","templated":true}]}}