{"id":102390,"date":"2023-11-01T15:47:07","date_gmt":"2023-11-01T13:47:07","guid":{"rendered":"https:\/\/shop.noor.fi\/product\/arcus-smart-vaggarmatur-svart\/"},"modified":"2026-02-02T09:47:24","modified_gmt":"2026-02-02T07:47:24","slug":"arcus-smart-vaggarmatur-svart","status":"publish","type":"product","link":"https:\/\/shop.noor.fi\/sv\/produkt\/arcus-smart-vaggarmatur-svart\/","title":{"rendered":"Arcus Smart v\u00e4ggarmatur svart"},"content":{"rendered":"<p>Arcus \u00e4r en vacker och tidl\u00f6s utomhuslampa med den senaste LED- och IoT-tekniken. V\u00e4gglampan har integrerad LED samt tv\u00e5 ljusfunktioner som utg\u00f6rs av v\u00e4gledande belysning n\u00e4r m\u00f6rkret faller p\u00e5 och automatiskt aktivering av belysningen vid r\u00f6relse (Nordlux Smart Sensor n\u00f6dv\u00e4ndig). Arcus har Bluetooth och \u00e4r en del av Nordlux Smart Light-sortimentet, vilket g\u00f6r att belysningen kan kontrolleras fr\u00e5n din mobiltelefon genom r\u00f6ststyrning eller via Nordlux Smart Sensor.<br \/>\nMed sin h\u00f6ga IP-skyddsgrad och snygga minimalistiska design kan v\u00e4gglampan Arcus i svart anv\u00e4ndas b\u00e5de inne och ute.<\/p>\n<p>F\u00f6r att f\u00f6rs\u00e4kra dig om att du f\u00e5r en stark signal fr\u00e5n din Smart-app\/fj\u00e4rrkontroll till lampan rekommenderar vi max 5 anslutna lampor.<br \/>\nObservera att avst\u00e5ndet mellan lamporna inte b\u00f6r vara st\u00f6rre \u00e4n 1,5 meter och att avst\u00e5ndet till din Smart-app\/fj\u00e4rrkontroll inte b\u00f6r vara st\u00f6rre \u00e4n 2,5 meter. <\/p>\n<p>Integrerad LED, ljusk\u00e4llan \u00e4r inte utbytbar. 5 \u00e5rs LED-garanti.<\/p>\n<p>Bredd 20 cm<br \/>\nDjup 10 cm<br \/>\nH\u00f6jd 10 cm<\/p>\n","protected":false},"excerpt":{"rendered":"<p>Arcus \u00e4r en vacker och tidl\u00f6s utomhuslampa med den senaste LED- och IoT-tekniken. V\u00e4gglampan har integrerad LED samt tv\u00e5 ljusfunktioner som utg\u00f6rs av v\u00e4gledande belysning n\u00e4r m\u00f6rkret faller p\u00e5 och automatiskt aktivering av belysningen vid r\u00f6relse (Nordlux Smart Sensor n\u00f6dv\u00e4ndig). Arcus har Bluetooth och \u00e4r en del av Nordlux Smart Light-sortimentet, vilket g\u00f6r att belysningen [&hellip;]<\/p>\n","protected":false},"featured_media":75210,"comment_status":"open","ping_status":"closed","template":"","meta":{"_acf_changed":false,"_relevanssi_hide_post":"","_relevanssi_hide_content":"","_relevanssi_pin_for_all":"","_relevanssi_pin_keywords":"","_relevanssi_unpin_keywords":"","_relevanssi_related_keywords":"","_relevanssi_related_include_ids":"","_relevanssi_related_exclude_ids":"","_relevanssi_related_no_append":"","_relevanssi_related_not_related":"","_relevanssi_related_posts":"","_relevanssi_noindex_reason":""},"pwb-brand":[28730],"product_brand":[],"product_cat":[32193],"product_tag":[],"class_list":{"0":"post-102390","1":"product","2":"type-product","3":"status-publish","4":"has-post-thumbnail","6":"pwb-brand-nordlux","7":"product_cat-vagglampor-sv-2","9":"first","10":"instock","11":"taxable","12":"shipping-taxable","13":"purchasable","14":"product-type-simple"},"acf":[],"yoast_head":"<!-- This site is optimized with the Yoast SEO plugin v27.5 - https:\/\/yoast.com\/product\/yoast-seo-wordpress\/ -->\n<title>Arcus Smart v\u00e4ggarmatur svart - Oy Noortrade Ab<\/title>\n<meta name=\"robots\" content=\"index, follow, max-snippet:-1, max-image-preview:large, max-video-preview:-1\" \/>\n<link rel=\"canonical\" href=\"https:\/\/shop.noor.fi\/sv\/produkt\/arcus-smart-vaggarmatur-svart\/\" \/>\n<meta property=\"og:locale\" content=\"sv_SE\" \/>\n<meta property=\"og:type\" content=\"article\" \/>\n<meta property=\"og:title\" content=\"Arcus Smart v\u00e4ggarmatur svart - Oy Noortrade Ab\" \/>\n<meta property=\"og:description\" content=\"Arcus \u00e4r en vacker och tidl\u00f6s utomhuslampa med den senaste LED- och IoT-tekniken. V\u00e4gglampan har integrerad LED samt tv\u00e5 ljusfunktioner som utg\u00f6rs av v\u00e4gledande belysning n\u00e4r m\u00f6rkret faller p\u00e5 och automatiskt aktivering av belysningen vid r\u00f6relse (Nordlux Smart Sensor n\u00f6dv\u00e4ndig). Arcus har Bluetooth och \u00e4r en del av Nordlux Smart Light-sortimentet, vilket g\u00f6r att belysningen [&hellip;]\" \/>\n<meta property=\"og:url\" content=\"https:\/\/shop.noor.fi\/sv\/produkt\/arcus-smart-vaggarmatur-svart\/\" \/>\n<meta property=\"og:site_name\" content=\"Oy Noortrade Ab\" \/>\n<meta property=\"article:modified_time\" content=\"2026-02-02T07:47:24+00:00\" \/>\n<meta property=\"og:image\" content=\"https:\/\/shop.noor.fi\/wp-content\/uploads\/2023\/11\/5704924000478.jpg\" \/>\n\t<meta property=\"og:image:width\" content=\"1000\" \/>\n\t<meta property=\"og:image:height\" content=\"1000\" \/>\n\t<meta property=\"og:image:type\" content=\"image\/jpeg\" \/>\n<meta name=\"twitter:card\" content=\"summary_large_image\" \/>\n<meta name=\"twitter:label1\" content=\"Ber\u00e4knad l\u00e4stid\" \/>\n\t<meta name=\"twitter:data1\" content=\"1 minut\" \/>\n<script type=\"application\/ld+json\" class=\"yoast-schema-graph\">{\"@context\":\"https:\\\/\\\/schema.org\",\"@graph\":[{\"@type\":\"WebPage\",\"@id\":\"https:\\\/\\\/shop.noor.fi\\\/sv\\\/produkt\\\/arcus-smart-vaggarmatur-svart\\\/\",\"url\":\"https:\\\/\\\/shop.noor.fi\\\/sv\\\/produkt\\\/arcus-smart-vaggarmatur-svart\\\/\",\"name\":\"Arcus Smart v\u00e4ggarmatur svart - Oy Noortrade Ab\",\"isPartOf\":{\"@id\":\"https:\\\/\\\/shopnoorfi-wp31835.test.cchosting.fi\\\/#website\"},\"primaryImageOfPage\":{\"@id\":\"https:\\\/\\\/shop.noor.fi\\\/sv\\\/produkt\\\/arcus-smart-vaggarmatur-svart\\\/#primaryimage\"},\"image\":{\"@id\":\"https:\\\/\\\/shop.noor.fi\\\/sv\\\/produkt\\\/arcus-smart-vaggarmatur-svart\\\/#primaryimage\"},\"thumbnailUrl\":\"https:\\\/\\\/shop.noor.fi\\\/wp-content\\\/uploads\\\/2023\\\/11\\\/5704924000478.jpg\",\"datePublished\":\"2023-11-01T13:47:07+00:00\",\"dateModified\":\"2026-02-02T07:47:24+00:00\",\"breadcrumb\":{\"@id\":\"https:\\\/\\\/shop.noor.fi\\\/sv\\\/produkt\\\/arcus-smart-vaggarmatur-svart\\\/#breadcrumb\"},\"inLanguage\":\"sv-SE\",\"potentialAction\":[{\"@type\":\"ReadAction\",\"target\":[\"https:\\\/\\\/shop.noor.fi\\\/sv\\\/produkt\\\/arcus-smart-vaggarmatur-svart\\\/\"]}]},{\"@type\":\"ImageObject\",\"inLanguage\":\"sv-SE\",\"@id\":\"https:\\\/\\\/shop.noor.fi\\\/sv\\\/produkt\\\/arcus-smart-vaggarmatur-svart\\\/#primaryimage\",\"url\":\"https:\\\/\\\/shop.noor.fi\\\/wp-content\\\/uploads\\\/2023\\\/11\\\/5704924000478.jpg\",\"contentUrl\":\"https:\\\/\\\/shop.noor.fi\\\/wp-content\\\/uploads\\\/2023\\\/11\\\/5704924000478.jpg\",\"width\":1000,\"height\":1000},{\"@type\":\"BreadcrumbList\",\"@id\":\"https:\\\/\\\/shop.noor.fi\\\/sv\\\/produkt\\\/arcus-smart-vaggarmatur-svart\\\/#breadcrumb\",\"itemListElement\":[{\"@type\":\"ListItem\",\"position\":1,\"name\":\"Etusivu\",\"item\":\"https:\\\/\\\/shop.noor.fi\\\/sv\\\/\"},{\"@type\":\"ListItem\",\"position\":2,\"name\":\"Butik\",\"item\":\"https:\\\/\\\/shopnoorfi-wp31835.test.cchosting.fi\\\/sv\\\/butik\\\/\"},{\"@type\":\"ListItem\",\"position\":3,\"name\":\"Arcus Smart v\u00e4ggarmatur svart\"}]},{\"@type\":\"WebSite\",\"@id\":\"https:\\\/\\\/shopnoorfi-wp31835.test.cchosting.fi\\\/#website\",\"url\":\"https:\\\/\\\/shopnoorfi-wp31835.test.cchosting.fi\\\/\",\"name\":\"Oy Noortrade Ab\",\"description\":\"Finnish family owned company with over 30 years of professional experience in lighting &amp; interior products import and sales - reliably.\",\"publisher\":{\"@id\":\"https:\\\/\\\/shopnoorfi-wp31835.test.cchosting.fi\\\/#organization\"},\"potentialAction\":[{\"@type\":\"SearchAction\",\"target\":{\"@type\":\"EntryPoint\",\"urlTemplate\":\"https:\\\/\\\/shopnoorfi-wp31835.test.cchosting.fi\\\/?s={search_term_string}\"},\"query-input\":{\"@type\":\"PropertyValueSpecification\",\"valueRequired\":true,\"valueName\":\"search_term_string\"}}],\"inLanguage\":\"sv-SE\"},{\"@type\":\"Organization\",\"@id\":\"https:\\\/\\\/shopnoorfi-wp31835.test.cchosting.fi\\\/#organization\",\"name\":\"Oy Noortrade Ab\",\"url\":\"https:\\\/\\\/shopnoorfi-wp31835.test.cchosting.fi\\\/\",\"logo\":{\"@type\":\"ImageObject\",\"inLanguage\":\"sv-SE\",\"@id\":\"https:\\\/\\\/shopnoorfi-wp31835.test.cchosting.fi\\\/#\\\/schema\\\/logo\\\/image\\\/\",\"url\":\"https:\\\/\\\/shop.noor.fi\\\/wp-content\\\/uploads\\\/2024\\\/01\\\/Oy-Noortrade-Ab-Corbel-VERSAL-bold-BLACK.png\",\"contentUrl\":\"https:\\\/\\\/shop.noor.fi\\\/wp-content\\\/uploads\\\/2024\\\/01\\\/Oy-Noortrade-Ab-Corbel-VERSAL-bold-BLACK.png\",\"width\":721,\"height\":177,\"caption\":\"Oy Noortrade Ab\"},\"image\":{\"@id\":\"https:\\\/\\\/shopnoorfi-wp31835.test.cchosting.fi\\\/#\\\/schema\\\/logo\\\/image\\\/\"}}]}<\/script>\n<!-- \/ Yoast SEO plugin. -->","yoast_head_json":{"title":"Arcus Smart v\u00e4ggarmatur svart - Oy Noortrade Ab","robots":{"index":"index","follow":"follow","max-snippet":"max-snippet:-1","max-image-preview":"max-image-preview:large","max-video-preview":"max-video-preview:-1"},"canonical":"https:\/\/shop.noor.fi\/sv\/produkt\/arcus-smart-vaggarmatur-svart\/","og_locale":"sv_SE","og_type":"article","og_title":"Arcus Smart v\u00e4ggarmatur svart - Oy Noortrade Ab","og_description":"Arcus \u00e4r en vacker och tidl\u00f6s utomhuslampa med den senaste LED- och IoT-tekniken. V\u00e4gglampan har integrerad LED samt tv\u00e5 ljusfunktioner som utg\u00f6rs av v\u00e4gledande belysning n\u00e4r m\u00f6rkret faller p\u00e5 och automatiskt aktivering av belysningen vid r\u00f6relse (Nordlux Smart Sensor n\u00f6dv\u00e4ndig). Arcus har Bluetooth och \u00e4r en del av Nordlux Smart Light-sortimentet, vilket g\u00f6r att belysningen [&hellip;]","og_url":"https:\/\/shop.noor.fi\/sv\/produkt\/arcus-smart-vaggarmatur-svart\/","og_site_name":"Oy Noortrade Ab","article_modified_time":"2026-02-02T07:47:24+00:00","og_image":[{"width":1000,"height":1000,"url":"https:\/\/shop.noor.fi\/wp-content\/uploads\/2023\/11\/5704924000478.jpg","type":"image\/jpeg"}],"twitter_card":"summary_large_image","twitter_misc":{"Ber\u00e4knad l\u00e4stid":"1 minut"},"schema":{"@context":"https:\/\/schema.org","@graph":[{"@type":"WebPage","@id":"https:\/\/shop.noor.fi\/sv\/produkt\/arcus-smart-vaggarmatur-svart\/","url":"https:\/\/shop.noor.fi\/sv\/produkt\/arcus-smart-vaggarmatur-svart\/","name":"Arcus Smart v\u00e4ggarmatur svart - Oy Noortrade Ab","isPartOf":{"@id":"https:\/\/shopnoorfi-wp31835.test.cchosting.fi\/#website"},"primaryImageOfPage":{"@id":"https:\/\/shop.noor.fi\/sv\/produkt\/arcus-smart-vaggarmatur-svart\/#primaryimage"},"image":{"@id":"https:\/\/shop.noor.fi\/sv\/produkt\/arcus-smart-vaggarmatur-svart\/#primaryimage"},"thumbnailUrl":"https:\/\/shop.noor.fi\/wp-content\/uploads\/2023\/11\/5704924000478.jpg","datePublished":"2023-11-01T13:47:07+00:00","dateModified":"2026-02-02T07:47:24+00:00","breadcrumb":{"@id":"https:\/\/shop.noor.fi\/sv\/produkt\/arcus-smart-vaggarmatur-svart\/#breadcrumb"},"inLanguage":"sv-SE","potentialAction":[{"@type":"ReadAction","target":["https:\/\/shop.noor.fi\/sv\/produkt\/arcus-smart-vaggarmatur-svart\/"]}]},{"@type":"ImageObject","inLanguage":"sv-SE","@id":"https:\/\/shop.noor.fi\/sv\/produkt\/arcus-smart-vaggarmatur-svart\/#primaryimage","url":"https:\/\/shop.noor.fi\/wp-content\/uploads\/2023\/11\/5704924000478.jpg","contentUrl":"https:\/\/shop.noor.fi\/wp-content\/uploads\/2023\/11\/5704924000478.jpg","width":1000,"height":1000},{"@type":"BreadcrumbList","@id":"https:\/\/shop.noor.fi\/sv\/produkt\/arcus-smart-vaggarmatur-svart\/#breadcrumb","itemListElement":[{"@type":"ListItem","position":1,"name":"Etusivu","item":"https:\/\/shop.noor.fi\/sv\/"},{"@type":"ListItem","position":2,"name":"Butik","item":"https:\/\/shopnoorfi-wp31835.test.cchosting.fi\/sv\/butik\/"},{"@type":"ListItem","position":3,"name":"Arcus Smart v\u00e4ggarmatur svart"}]},{"@type":"WebSite","@id":"https:\/\/shopnoorfi-wp31835.test.cchosting.fi\/#website","url":"https:\/\/shopnoorfi-wp31835.test.cchosting.fi\/","name":"Oy Noortrade Ab","description":"Finnish family owned company with over 30 years of professional experience in lighting &amp; interior products import and sales - reliably.","publisher":{"@id":"https:\/\/shopnoorfi-wp31835.test.cchosting.fi\/#organization"},"potentialAction":[{"@type":"SearchAction","target":{"@type":"EntryPoint","urlTemplate":"https:\/\/shopnoorfi-wp31835.test.cchosting.fi\/?s={search_term_string}"},"query-input":{"@type":"PropertyValueSpecification","valueRequired":true,"valueName":"search_term_string"}}],"inLanguage":"sv-SE"},{"@type":"Organization","@id":"https:\/\/shopnoorfi-wp31835.test.cchosting.fi\/#organization","name":"Oy Noortrade Ab","url":"https:\/\/shopnoorfi-wp31835.test.cchosting.fi\/","logo":{"@type":"ImageObject","inLanguage":"sv-SE","@id":"https:\/\/shopnoorfi-wp31835.test.cchosting.fi\/#\/schema\/logo\/image\/","url":"https:\/\/shop.noor.fi\/wp-content\/uploads\/2024\/01\/Oy-Noortrade-Ab-Corbel-VERSAL-bold-BLACK.png","contentUrl":"https:\/\/shop.noor.fi\/wp-content\/uploads\/2024\/01\/Oy-Noortrade-Ab-Corbel-VERSAL-bold-BLACK.png","width":721,"height":177,"caption":"Oy Noortrade Ab"},"image":{"@id":"https:\/\/shopnoorfi-wp31835.test.cchosting.fi\/#\/schema\/logo\/image\/"}}]}},"brands":[{"id":28730,"name":"Nordlux","slug":"nordlux"}],"_links":{"self":[{"href":"https:\/\/shop.noor.fi\/sv\/wp-json\/wp\/v2\/product\/102390","targetHints":{"allow":["GET"]}}],"collection":[{"href":"https:\/\/shop.noor.fi\/sv\/wp-json\/wp\/v2\/product"}],"about":[{"href":"https:\/\/shop.noor.fi\/sv\/wp-json\/wp\/v2\/types\/product"}],"replies":[{"embeddable":true,"href":"https:\/\/shop.noor.fi\/sv\/wp-json\/wp\/v2\/comments?post=102390"}],"wp:featuredmedia":[{"embeddable":true,"href":"https:\/\/shop.noor.fi\/sv\/wp-json\/wp\/v2\/media\/75210"}],"wp:attachment":[{"href":"https:\/\/shop.noor.fi\/sv\/wp-json\/wp\/v2\/media?parent=102390"}],"wp:term":[{"taxonomy":"pwb-brand","embeddable":true,"href":"https:\/\/shop.noor.fi\/sv\/wp-json\/wp\/v2\/pwb-brand?post=102390"},{"taxonomy":"product_brand","embeddable":true,"href":"https:\/\/shop.noor.fi\/sv\/wp-json\/wp\/v2\/product_brand?post=102390"},{"taxonomy":"product_cat","embeddable":true,"href":"https:\/\/shop.noor.fi\/sv\/wp-json\/wp\/v2\/product_cat?post=102390"},{"taxonomy":"product_tag","embeddable":true,"href":"https:\/\/shop.noor.fi\/sv\/wp-json\/wp\/v2\/product_tag?post=102390"}],"curies":[{"name":"wp","href":"https:\/\/api.w.org\/{rel}","templated":true}]}}