{"id":102388,"date":"2023-11-01T15:47:02","date_gmt":"2023-11-01T13:47:02","guid":{"rendered":"https:\/\/shop.noor.fi\/product\/sponge-34-uppladdningsbar-golvlampa\/"},"modified":"2026-03-19T17:49:02","modified_gmt":"2026-03-19T15:49:02","slug":"sponge-34-uppladdningsbar-golvlampa","status":"publish","type":"product","link":"https:\/\/shop.noor.fi\/sv\/produkt\/sponge-34-uppladdningsbar-golvlampa\/","title":{"rendered":"Sponge 34 uppladdningsbar golvlampa"},"content":{"rendered":"<p>Sponge har f\u00e5tt sitt namn efter svampar i skogen d\u00e4r man ocks\u00e5 har h\u00e4mtat inspiration till formspr\u00e5k och uttryck. Den enkla designen och de mjuka formerna g\u00f6r Sponge till en otroligt elegant serie som passar b\u00e5de inne och ute. Med sitt inbyggda batteri kan Sponge placeras och flyttas som du vill och samtidigt kan ljusstyrkan justeras i tre l\u00e4gen. Batteriet har en h\u00e5llbarhet p\u00e5 upp till fem timmar vid full effekt och \u00e4nnu l\u00e4ngre om det skruvas ned till st\u00e4mningsbelysning. Lampan laddas enkelt med den medf\u00f6ljande USB-kabeln.<br \/>\nBatteritid enligt den valda ljusstyrkan 450lm\/5h, 300lm\/10h, 150lm\/18h. Laddningstid ca 8 timmar.<\/p>\n<p>M\u00f6jligheterna \u00e4r m\u00e5nga med denna vackra golvlampa. Anv\u00e4nd den p\u00e5 uteplatsen en vacker sommarkv\u00e4ll eller som en vanlig golvlampa i vardagsrummet eller sovrummet. Sponge \u00e4r tillverkad av h\u00e5rdplast och t\u00e5l b\u00e5de vind och vatten.<br \/>\nLjusk\u00e4llan \u00e4r en integrerad LED modul som inte kan ers\u00e4ttas. Armaturen har 5 \u00e5rs LED-garanti.<\/p>\n<p>Diameter 34 cm<br \/>\nH\u00f6jd 126 cm<br \/>\nBottenplatta 28,5 cm<\/p>\n","protected":false},"excerpt":{"rendered":"<p>Sponge har f\u00e5tt sitt namn efter svampar i skogen d\u00e4r man ocks\u00e5 har h\u00e4mtat inspiration till formspr\u00e5k och uttryck. Den enkla designen och de mjuka formerna g\u00f6r Sponge till en otroligt elegant serie som passar b\u00e5de inne och ute. Med sitt inbyggda batteri kan Sponge placeras och flyttas som du vill och samtidigt kan ljusstyrkan [&hellip;]<\/p>\n","protected":false},"featured_media":53571,"comment_status":"open","ping_status":"closed","template":"","meta":{"_acf_changed":false,"_relevanssi_hide_post":"","_relevanssi_hide_content":"","_relevanssi_pin_for_all":"","_relevanssi_pin_keywords":"","_relevanssi_unpin_keywords":"","_relevanssi_related_keywords":"","_relevanssi_related_include_ids":"","_relevanssi_related_exclude_ids":"","_relevanssi_related_no_append":"","_relevanssi_related_not_related":"","_relevanssi_related_posts":"","_relevanssi_noindex_reason":""},"pwb-brand":[28730],"product_brand":[],"product_cat":[32051,32052,31884,32060,31886,31806],"product_tag":[],"class_list":{"0":"post-102388","1":"product","2":"type-product","3":"status-publish","4":"has-post-thumbnail","6":"pwb-brand-nordlux","7":"product_cat-laddbara-lampor","8":"product_cat-laddbara-lampor-for-utomhusbruk","9":"product_cat-lattiavalaisimet-terassivalaisimet","10":"product_cat-golvlampor","11":"product_cat-ladattavat-valaisimet-ulkokayttoon","12":"product_cat-ladattavat-valaisimet","14":"first","15":"instock","16":"taxable","17":"shipping-taxable","18":"purchasable","19":"product-type-simple"},"acf":[],"yoast_head":"<!-- This site is optimized with the Yoast SEO plugin v27.5 - https:\/\/yoast.com\/product\/yoast-seo-wordpress\/ -->\n<title>Sponge 34 uppladdningsbar golvlampa - Oy Noortrade Ab<\/title>\n<meta name=\"robots\" content=\"index, follow, max-snippet:-1, max-image-preview:large, max-video-preview:-1\" \/>\n<link rel=\"canonical\" href=\"https:\/\/shop.noor.fi\/tuote\/sponge-34-ladattava-lattiavalaisin\/\" \/>\n<meta property=\"og:locale\" content=\"sv_SE\" \/>\n<meta property=\"og:type\" content=\"article\" \/>\n<meta property=\"og:title\" content=\"Sponge 34 uppladdningsbar golvlampa - Oy Noortrade Ab\" \/>\n<meta property=\"og:description\" content=\"Sponge har f\u00e5tt sitt namn efter svampar i skogen d\u00e4r man ocks\u00e5 har h\u00e4mtat inspiration till formspr\u00e5k och uttryck. Den enkla designen och de mjuka formerna g\u00f6r Sponge till en otroligt elegant serie som passar b\u00e5de inne och ute. Med sitt inbyggda batteri kan Sponge placeras och flyttas som du vill och samtidigt kan ljusstyrkan [&hellip;]\" \/>\n<meta property=\"og:url\" content=\"https:\/\/shop.noor.fi\/tuote\/sponge-34-ladattava-lattiavalaisin\/\" \/>\n<meta property=\"og:site_name\" content=\"Oy Noortrade Ab\" \/>\n<meta property=\"article:modified_time\" content=\"2026-03-19T15:49:02+00:00\" \/>\n<meta property=\"og:image\" content=\"https:\/\/shop.noor.fi\/wp-content\/uploads\/2023\/11\/5701581497184.jpg\" \/>\n\t<meta property=\"og:image:width\" content=\"857\" \/>\n\t<meta property=\"og:image:height\" content=\"857\" \/>\n\t<meta property=\"og:image:type\" content=\"image\/jpeg\" \/>\n<meta name=\"twitter:card\" content=\"summary_large_image\" \/>\n<meta name=\"twitter:label1\" content=\"Ber\u00e4knad l\u00e4stid\" \/>\n\t<meta name=\"twitter:data1\" content=\"1 minut\" \/>\n<script type=\"application\/ld+json\" class=\"yoast-schema-graph\">{\"@context\":\"https:\\\/\\\/schema.org\",\"@graph\":[{\"@type\":\"WebPage\",\"@id\":\"https:\\\/\\\/shop.noor.fi\\\/tuote\\\/sponge-34-ladattava-lattiavalaisin\\\/\",\"url\":\"https:\\\/\\\/shop.noor.fi\\\/tuote\\\/sponge-34-ladattava-lattiavalaisin\\\/\",\"name\":\"Sponge 34 uppladdningsbar golvlampa - Oy Noortrade Ab\",\"isPartOf\":{\"@id\":\"https:\\\/\\\/shopnoorfi-wp31835.test.cchosting.fi\\\/#website\"},\"primaryImageOfPage\":{\"@id\":\"https:\\\/\\\/shop.noor.fi\\\/tuote\\\/sponge-34-ladattava-lattiavalaisin\\\/#primaryimage\"},\"image\":{\"@id\":\"https:\\\/\\\/shop.noor.fi\\\/tuote\\\/sponge-34-ladattava-lattiavalaisin\\\/#primaryimage\"},\"thumbnailUrl\":\"https:\\\/\\\/shop.noor.fi\\\/wp-content\\\/uploads\\\/2023\\\/11\\\/5701581497184.jpg\",\"datePublished\":\"2023-11-01T13:47:02+00:00\",\"dateModified\":\"2026-03-19T15:49:02+00:00\",\"breadcrumb\":{\"@id\":\"https:\\\/\\\/shop.noor.fi\\\/tuote\\\/sponge-34-ladattava-lattiavalaisin\\\/#breadcrumb\"},\"inLanguage\":\"sv-SE\",\"potentialAction\":[{\"@type\":\"ReadAction\",\"target\":[\"https:\\\/\\\/shop.noor.fi\\\/tuote\\\/sponge-34-ladattava-lattiavalaisin\\\/\"]}]},{\"@type\":\"ImageObject\",\"inLanguage\":\"sv-SE\",\"@id\":\"https:\\\/\\\/shop.noor.fi\\\/tuote\\\/sponge-34-ladattava-lattiavalaisin\\\/#primaryimage\",\"url\":\"https:\\\/\\\/shop.noor.fi\\\/wp-content\\\/uploads\\\/2023\\\/11\\\/5701581497184.jpg\",\"contentUrl\":\"https:\\\/\\\/shop.noor.fi\\\/wp-content\\\/uploads\\\/2023\\\/11\\\/5701581497184.jpg\",\"width\":857,\"height\":857},{\"@type\":\"BreadcrumbList\",\"@id\":\"https:\\\/\\\/shop.noor.fi\\\/tuote\\\/sponge-34-ladattava-lattiavalaisin\\\/#breadcrumb\",\"itemListElement\":[{\"@type\":\"ListItem\",\"position\":1,\"name\":\"Etusivu\",\"item\":\"https:\\\/\\\/shop.noor.fi\\\/sv\\\/\"},{\"@type\":\"ListItem\",\"position\":2,\"name\":\"Butik\",\"item\":\"https:\\\/\\\/shopnoorfi-wp31835.test.cchosting.fi\\\/sv\\\/butik\\\/\"},{\"@type\":\"ListItem\",\"position\":3,\"name\":\"Sponge 34 uppladdningsbar golvlampa\"}]},{\"@type\":\"WebSite\",\"@id\":\"https:\\\/\\\/shopnoorfi-wp31835.test.cchosting.fi\\\/#website\",\"url\":\"https:\\\/\\\/shopnoorfi-wp31835.test.cchosting.fi\\\/\",\"name\":\"Oy Noortrade Ab\",\"description\":\"Finnish family owned company with over 30 years of professional experience in lighting &amp; interior products import and sales - reliably.\",\"publisher\":{\"@id\":\"https:\\\/\\\/shopnoorfi-wp31835.test.cchosting.fi\\\/#organization\"},\"potentialAction\":[{\"@type\":\"SearchAction\",\"target\":{\"@type\":\"EntryPoint\",\"urlTemplate\":\"https:\\\/\\\/shopnoorfi-wp31835.test.cchosting.fi\\\/?s={search_term_string}\"},\"query-input\":{\"@type\":\"PropertyValueSpecification\",\"valueRequired\":true,\"valueName\":\"search_term_string\"}}],\"inLanguage\":\"sv-SE\"},{\"@type\":\"Organization\",\"@id\":\"https:\\\/\\\/shopnoorfi-wp31835.test.cchosting.fi\\\/#organization\",\"name\":\"Oy Noortrade Ab\",\"url\":\"https:\\\/\\\/shopnoorfi-wp31835.test.cchosting.fi\\\/\",\"logo\":{\"@type\":\"ImageObject\",\"inLanguage\":\"sv-SE\",\"@id\":\"https:\\\/\\\/shopnoorfi-wp31835.test.cchosting.fi\\\/#\\\/schema\\\/logo\\\/image\\\/\",\"url\":\"https:\\\/\\\/shop.noor.fi\\\/wp-content\\\/uploads\\\/2024\\\/01\\\/Oy-Noortrade-Ab-Corbel-VERSAL-bold-BLACK.png\",\"contentUrl\":\"https:\\\/\\\/shop.noor.fi\\\/wp-content\\\/uploads\\\/2024\\\/01\\\/Oy-Noortrade-Ab-Corbel-VERSAL-bold-BLACK.png\",\"width\":721,\"height\":177,\"caption\":\"Oy Noortrade Ab\"},\"image\":{\"@id\":\"https:\\\/\\\/shopnoorfi-wp31835.test.cchosting.fi\\\/#\\\/schema\\\/logo\\\/image\\\/\"}}]}<\/script>\n<!-- \/ Yoast SEO plugin. -->","yoast_head_json":{"title":"Sponge 34 uppladdningsbar golvlampa - Oy Noortrade Ab","robots":{"index":"index","follow":"follow","max-snippet":"max-snippet:-1","max-image-preview":"max-image-preview:large","max-video-preview":"max-video-preview:-1"},"canonical":"https:\/\/shop.noor.fi\/tuote\/sponge-34-ladattava-lattiavalaisin\/","og_locale":"sv_SE","og_type":"article","og_title":"Sponge 34 uppladdningsbar golvlampa - Oy Noortrade Ab","og_description":"Sponge har f\u00e5tt sitt namn efter svampar i skogen d\u00e4r man ocks\u00e5 har h\u00e4mtat inspiration till formspr\u00e5k och uttryck. Den enkla designen och de mjuka formerna g\u00f6r Sponge till en otroligt elegant serie som passar b\u00e5de inne och ute. Med sitt inbyggda batteri kan Sponge placeras och flyttas som du vill och samtidigt kan ljusstyrkan [&hellip;]","og_url":"https:\/\/shop.noor.fi\/tuote\/sponge-34-ladattava-lattiavalaisin\/","og_site_name":"Oy Noortrade Ab","article_modified_time":"2026-03-19T15:49:02+00:00","og_image":[{"width":857,"height":857,"url":"https:\/\/shop.noor.fi\/wp-content\/uploads\/2023\/11\/5701581497184.jpg","type":"image\/jpeg"}],"twitter_card":"summary_large_image","twitter_misc":{"Ber\u00e4knad l\u00e4stid":"1 minut"},"schema":{"@context":"https:\/\/schema.org","@graph":[{"@type":"WebPage","@id":"https:\/\/shop.noor.fi\/tuote\/sponge-34-ladattava-lattiavalaisin\/","url":"https:\/\/shop.noor.fi\/tuote\/sponge-34-ladattava-lattiavalaisin\/","name":"Sponge 34 uppladdningsbar golvlampa - Oy Noortrade Ab","isPartOf":{"@id":"https:\/\/shopnoorfi-wp31835.test.cchosting.fi\/#website"},"primaryImageOfPage":{"@id":"https:\/\/shop.noor.fi\/tuote\/sponge-34-ladattava-lattiavalaisin\/#primaryimage"},"image":{"@id":"https:\/\/shop.noor.fi\/tuote\/sponge-34-ladattava-lattiavalaisin\/#primaryimage"},"thumbnailUrl":"https:\/\/shop.noor.fi\/wp-content\/uploads\/2023\/11\/5701581497184.jpg","datePublished":"2023-11-01T13:47:02+00:00","dateModified":"2026-03-19T15:49:02+00:00","breadcrumb":{"@id":"https:\/\/shop.noor.fi\/tuote\/sponge-34-ladattava-lattiavalaisin\/#breadcrumb"},"inLanguage":"sv-SE","potentialAction":[{"@type":"ReadAction","target":["https:\/\/shop.noor.fi\/tuote\/sponge-34-ladattava-lattiavalaisin\/"]}]},{"@type":"ImageObject","inLanguage":"sv-SE","@id":"https:\/\/shop.noor.fi\/tuote\/sponge-34-ladattava-lattiavalaisin\/#primaryimage","url":"https:\/\/shop.noor.fi\/wp-content\/uploads\/2023\/11\/5701581497184.jpg","contentUrl":"https:\/\/shop.noor.fi\/wp-content\/uploads\/2023\/11\/5701581497184.jpg","width":857,"height":857},{"@type":"BreadcrumbList","@id":"https:\/\/shop.noor.fi\/tuote\/sponge-34-ladattava-lattiavalaisin\/#breadcrumb","itemListElement":[{"@type":"ListItem","position":1,"name":"Etusivu","item":"https:\/\/shop.noor.fi\/sv\/"},{"@type":"ListItem","position":2,"name":"Butik","item":"https:\/\/shopnoorfi-wp31835.test.cchosting.fi\/sv\/butik\/"},{"@type":"ListItem","position":3,"name":"Sponge 34 uppladdningsbar golvlampa"}]},{"@type":"WebSite","@id":"https:\/\/shopnoorfi-wp31835.test.cchosting.fi\/#website","url":"https:\/\/shopnoorfi-wp31835.test.cchosting.fi\/","name":"Oy Noortrade Ab","description":"Finnish family owned company with over 30 years of professional experience in lighting &amp; interior products import and sales - reliably.","publisher":{"@id":"https:\/\/shopnoorfi-wp31835.test.cchosting.fi\/#organization"},"potentialAction":[{"@type":"SearchAction","target":{"@type":"EntryPoint","urlTemplate":"https:\/\/shopnoorfi-wp31835.test.cchosting.fi\/?s={search_term_string}"},"query-input":{"@type":"PropertyValueSpecification","valueRequired":true,"valueName":"search_term_string"}}],"inLanguage":"sv-SE"},{"@type":"Organization","@id":"https:\/\/shopnoorfi-wp31835.test.cchosting.fi\/#organization","name":"Oy Noortrade Ab","url":"https:\/\/shopnoorfi-wp31835.test.cchosting.fi\/","logo":{"@type":"ImageObject","inLanguage":"sv-SE","@id":"https:\/\/shopnoorfi-wp31835.test.cchosting.fi\/#\/schema\/logo\/image\/","url":"https:\/\/shop.noor.fi\/wp-content\/uploads\/2024\/01\/Oy-Noortrade-Ab-Corbel-VERSAL-bold-BLACK.png","contentUrl":"https:\/\/shop.noor.fi\/wp-content\/uploads\/2024\/01\/Oy-Noortrade-Ab-Corbel-VERSAL-bold-BLACK.png","width":721,"height":177,"caption":"Oy Noortrade Ab"},"image":{"@id":"https:\/\/shopnoorfi-wp31835.test.cchosting.fi\/#\/schema\/logo\/image\/"}}]}},"brands":[{"id":28730,"name":"Nordlux","slug":"nordlux"}],"_links":{"self":[{"href":"https:\/\/shop.noor.fi\/sv\/wp-json\/wp\/v2\/product\/102388","targetHints":{"allow":["GET"]}}],"collection":[{"href":"https:\/\/shop.noor.fi\/sv\/wp-json\/wp\/v2\/product"}],"about":[{"href":"https:\/\/shop.noor.fi\/sv\/wp-json\/wp\/v2\/types\/product"}],"replies":[{"embeddable":true,"href":"https:\/\/shop.noor.fi\/sv\/wp-json\/wp\/v2\/comments?post=102388"}],"wp:featuredmedia":[{"embeddable":true,"href":"https:\/\/shop.noor.fi\/sv\/wp-json\/wp\/v2\/media\/53571"}],"wp:attachment":[{"href":"https:\/\/shop.noor.fi\/sv\/wp-json\/wp\/v2\/media?parent=102388"}],"wp:term":[{"taxonomy":"pwb-brand","embeddable":true,"href":"https:\/\/shop.noor.fi\/sv\/wp-json\/wp\/v2\/pwb-brand?post=102388"},{"taxonomy":"product_brand","embeddable":true,"href":"https:\/\/shop.noor.fi\/sv\/wp-json\/wp\/v2\/product_brand?post=102388"},{"taxonomy":"product_cat","embeddable":true,"href":"https:\/\/shop.noor.fi\/sv\/wp-json\/wp\/v2\/product_cat?post=102388"},{"taxonomy":"product_tag","embeddable":true,"href":"https:\/\/shop.noor.fi\/sv\/wp-json\/wp\/v2\/product_tag?post=102388"}],"curies":[{"name":"wp","href":"https:\/\/api.w.org\/{rel}","templated":true}]}}