{"id":102386,"date":"2023-11-01T15:46:58","date_gmt":"2023-11-01T13:46:58","guid":{"rendered":"https:\/\/shop.noor.fi\/product\/sponge-20-uppladdningsbar-bordslampa\/"},"modified":"2026-03-19T16:32:20","modified_gmt":"2026-03-19T14:32:20","slug":"sponge-20-uppladdningsbar-bordslampa","status":"publish","type":"product","link":"https:\/\/shop.noor.fi\/sv\/produkt\/sponge-20-uppladdningsbar-bordslampa\/","title":{"rendered":"Sponge 20 uppladdningsbar bordslampa vit"},"content":{"rendered":"<p>Sponge har f\u00e5tt sitt namn efter svampar i skogen d\u00e4r man ocks\u00e5 har h\u00e4mtat inspiration till formspr\u00e5k och uttryck. Den enkla designen och de mjuka formerna g\u00f6r Sponge till en otroligt elegant serie som passar b\u00e5de inne och ute. Med sitt inbyggda batteri kan Sponge placeras och flyttas som du vill och samtidigt kan ljusstyrkan justeras i tre l\u00e4gen. Batteriet har en h\u00e5llbarhet p\u00e5 upp till fem timmar vid full effekt och \u00e4nnu l\u00e4ngre om det skruvas ned till st\u00e4mningsbelysning. Lampan laddas enkelt med den medf\u00f6ljande USB-kabeln.<br \/>\nBatteritid enligt den valda ljusstyrkan 300lm\/5h, 200lm\/10h, 100lm\/18h. Laddningstid ca 6 timmar.<\/p>\n<p>M\u00f6jligheterna \u00e4r m\u00e5nga med denna snygga bordslampa. Placera den p\u00e5 terrassen eller balkongen en vacker sommarkv\u00e4ll eller p\u00e5 ett litet bord som en helt vanlig bordslampa. Sponge \u00e4r tillverkad av h\u00e5rdplast och t\u00e5l b\u00e5de vind och vatten.<br \/>\nLjusk\u00e4llan \u00e4r en integrerad LED modul som inte kan ers\u00e4ttas. Armaturen har 5 \u00e5rs LED-garanti.<\/p>\n<p>Diameter 20 cm<br \/>\nH\u00f6jd 21,5 cm<br \/>\nBottenplatta 13,5 cm<\/p>\n","protected":false},"excerpt":{"rendered":"<p>Sponge har f\u00e5tt sitt namn efter svampar i skogen d\u00e4r man ocks\u00e5 har h\u00e4mtat inspiration till formspr\u00e5k och uttryck. Den enkla designen och de mjuka formerna g\u00f6r Sponge till en otroligt elegant serie som passar b\u00e5de inne och ute. Med sitt inbyggda batteri kan Sponge placeras och flyttas som du vill och samtidigt kan ljusstyrkan [&hellip;]<\/p>\n","protected":false},"featured_media":53595,"comment_status":"open","ping_status":"closed","template":"","meta":{"_acf_changed":false,"_relevanssi_hide_post":"","_relevanssi_hide_content":"","_relevanssi_pin_for_all":"","_relevanssi_pin_keywords":"","_relevanssi_unpin_keywords":"","_relevanssi_related_keywords":"","_relevanssi_related_include_ids":"","_relevanssi_related_exclude_ids":"","_relevanssi_related_no_append":"","_relevanssi_related_not_related":"","_relevanssi_related_posts":"","_relevanssi_noindex_reason":""},"pwb-brand":[28730],"product_brand":[],"product_cat":[32051,32052,31886,31806],"product_tag":[],"class_list":{"0":"post-102386","1":"product","2":"type-product","3":"status-publish","4":"has-post-thumbnail","6":"pwb-brand-nordlux","7":"product_cat-laddbara-lampor","8":"product_cat-laddbara-lampor-for-utomhusbruk","9":"product_cat-ladattavat-valaisimet-ulkokayttoon","10":"product_cat-ladattavat-valaisimet","12":"first","13":"instock","14":"taxable","15":"shipping-taxable","16":"purchasable","17":"product-type-simple"},"acf":[],"yoast_head":"<!-- This site is optimized with the Yoast SEO plugin v27.5 - https:\/\/yoast.com\/product\/yoast-seo-wordpress\/ -->\n<title>Sponge 20 uppladdningsbar bordslampa vit - Oy Noortrade Ab<\/title>\n<meta name=\"robots\" content=\"index, follow, max-snippet:-1, max-image-preview:large, max-video-preview:-1\" \/>\n<link rel=\"canonical\" href=\"https:\/\/shop.noor.fi\/tuote\/sponge-20-ladattava-poytavalaisin\/\" \/>\n<meta property=\"og:locale\" content=\"sv_SE\" \/>\n<meta property=\"og:type\" content=\"article\" \/>\n<meta property=\"og:title\" content=\"Sponge 20 uppladdningsbar bordslampa vit - Oy Noortrade Ab\" \/>\n<meta property=\"og:description\" content=\"Sponge har f\u00e5tt sitt namn efter svampar i skogen d\u00e4r man ocks\u00e5 har h\u00e4mtat inspiration till formspr\u00e5k och uttryck. Den enkla designen och de mjuka formerna g\u00f6r Sponge till en otroligt elegant serie som passar b\u00e5de inne och ute. Med sitt inbyggda batteri kan Sponge placeras och flyttas som du vill och samtidigt kan ljusstyrkan [&hellip;]\" \/>\n<meta property=\"og:url\" content=\"https:\/\/shop.noor.fi\/tuote\/sponge-20-ladattava-poytavalaisin\/\" \/>\n<meta property=\"og:site_name\" content=\"Oy Noortrade Ab\" \/>\n<meta property=\"article:modified_time\" content=\"2026-03-19T14:32:20+00:00\" \/>\n<meta property=\"og:image\" content=\"https:\/\/shop.noor.fi\/wp-content\/uploads\/2023\/11\/5701581496989.jpg\" \/>\n\t<meta property=\"og:image:width\" content=\"857\" \/>\n\t<meta property=\"og:image:height\" content=\"857\" \/>\n\t<meta property=\"og:image:type\" content=\"image\/jpeg\" \/>\n<meta name=\"twitter:card\" content=\"summary_large_image\" \/>\n<meta name=\"twitter:label1\" content=\"Ber\u00e4knad l\u00e4stid\" \/>\n\t<meta name=\"twitter:data1\" content=\"1 minut\" \/>\n<script type=\"application\/ld+json\" class=\"yoast-schema-graph\">{\"@context\":\"https:\\\/\\\/schema.org\",\"@graph\":[{\"@type\":\"WebPage\",\"@id\":\"https:\\\/\\\/shop.noor.fi\\\/tuote\\\/sponge-20-ladattava-poytavalaisin\\\/\",\"url\":\"https:\\\/\\\/shop.noor.fi\\\/tuote\\\/sponge-20-ladattava-poytavalaisin\\\/\",\"name\":\"Sponge 20 uppladdningsbar bordslampa vit - Oy Noortrade Ab\",\"isPartOf\":{\"@id\":\"https:\\\/\\\/shopnoorfi-wp31835.test.cchosting.fi\\\/#website\"},\"primaryImageOfPage\":{\"@id\":\"https:\\\/\\\/shop.noor.fi\\\/tuote\\\/sponge-20-ladattava-poytavalaisin\\\/#primaryimage\"},\"image\":{\"@id\":\"https:\\\/\\\/shop.noor.fi\\\/tuote\\\/sponge-20-ladattava-poytavalaisin\\\/#primaryimage\"},\"thumbnailUrl\":\"https:\\\/\\\/shop.noor.fi\\\/wp-content\\\/uploads\\\/2023\\\/11\\\/5701581496989.jpg\",\"datePublished\":\"2023-11-01T13:46:58+00:00\",\"dateModified\":\"2026-03-19T14:32:20+00:00\",\"breadcrumb\":{\"@id\":\"https:\\\/\\\/shop.noor.fi\\\/tuote\\\/sponge-20-ladattava-poytavalaisin\\\/#breadcrumb\"},\"inLanguage\":\"sv-SE\",\"potentialAction\":[{\"@type\":\"ReadAction\",\"target\":[\"https:\\\/\\\/shop.noor.fi\\\/tuote\\\/sponge-20-ladattava-poytavalaisin\\\/\"]}]},{\"@type\":\"ImageObject\",\"inLanguage\":\"sv-SE\",\"@id\":\"https:\\\/\\\/shop.noor.fi\\\/tuote\\\/sponge-20-ladattava-poytavalaisin\\\/#primaryimage\",\"url\":\"https:\\\/\\\/shop.noor.fi\\\/wp-content\\\/uploads\\\/2023\\\/11\\\/5701581496989.jpg\",\"contentUrl\":\"https:\\\/\\\/shop.noor.fi\\\/wp-content\\\/uploads\\\/2023\\\/11\\\/5701581496989.jpg\",\"width\":857,\"height\":857},{\"@type\":\"BreadcrumbList\",\"@id\":\"https:\\\/\\\/shop.noor.fi\\\/tuote\\\/sponge-20-ladattava-poytavalaisin\\\/#breadcrumb\",\"itemListElement\":[{\"@type\":\"ListItem\",\"position\":1,\"name\":\"Etusivu\",\"item\":\"https:\\\/\\\/shop.noor.fi\\\/sv\\\/\"},{\"@type\":\"ListItem\",\"position\":2,\"name\":\"Butik\",\"item\":\"https:\\\/\\\/shopnoorfi-wp31835.test.cchosting.fi\\\/sv\\\/butik\\\/\"},{\"@type\":\"ListItem\",\"position\":3,\"name\":\"Sponge 20 uppladdningsbar bordslampa vit\"}]},{\"@type\":\"WebSite\",\"@id\":\"https:\\\/\\\/shopnoorfi-wp31835.test.cchosting.fi\\\/#website\",\"url\":\"https:\\\/\\\/shopnoorfi-wp31835.test.cchosting.fi\\\/\",\"name\":\"Oy Noortrade Ab\",\"description\":\"Finnish family owned company with over 30 years of professional experience in lighting &amp; interior products import and sales - reliably.\",\"publisher\":{\"@id\":\"https:\\\/\\\/shopnoorfi-wp31835.test.cchosting.fi\\\/#organization\"},\"potentialAction\":[{\"@type\":\"SearchAction\",\"target\":{\"@type\":\"EntryPoint\",\"urlTemplate\":\"https:\\\/\\\/shopnoorfi-wp31835.test.cchosting.fi\\\/?s={search_term_string}\"},\"query-input\":{\"@type\":\"PropertyValueSpecification\",\"valueRequired\":true,\"valueName\":\"search_term_string\"}}],\"inLanguage\":\"sv-SE\"},{\"@type\":\"Organization\",\"@id\":\"https:\\\/\\\/shopnoorfi-wp31835.test.cchosting.fi\\\/#organization\",\"name\":\"Oy Noortrade Ab\",\"url\":\"https:\\\/\\\/shopnoorfi-wp31835.test.cchosting.fi\\\/\",\"logo\":{\"@type\":\"ImageObject\",\"inLanguage\":\"sv-SE\",\"@id\":\"https:\\\/\\\/shopnoorfi-wp31835.test.cchosting.fi\\\/#\\\/schema\\\/logo\\\/image\\\/\",\"url\":\"https:\\\/\\\/shop.noor.fi\\\/wp-content\\\/uploads\\\/2024\\\/01\\\/Oy-Noortrade-Ab-Corbel-VERSAL-bold-BLACK.png\",\"contentUrl\":\"https:\\\/\\\/shop.noor.fi\\\/wp-content\\\/uploads\\\/2024\\\/01\\\/Oy-Noortrade-Ab-Corbel-VERSAL-bold-BLACK.png\",\"width\":721,\"height\":177,\"caption\":\"Oy Noortrade Ab\"},\"image\":{\"@id\":\"https:\\\/\\\/shopnoorfi-wp31835.test.cchosting.fi\\\/#\\\/schema\\\/logo\\\/image\\\/\"}}]}<\/script>\n<!-- \/ Yoast SEO plugin. -->","yoast_head_json":{"title":"Sponge 20 uppladdningsbar bordslampa vit - Oy Noortrade Ab","robots":{"index":"index","follow":"follow","max-snippet":"max-snippet:-1","max-image-preview":"max-image-preview:large","max-video-preview":"max-video-preview:-1"},"canonical":"https:\/\/shop.noor.fi\/tuote\/sponge-20-ladattava-poytavalaisin\/","og_locale":"sv_SE","og_type":"article","og_title":"Sponge 20 uppladdningsbar bordslampa vit - Oy Noortrade Ab","og_description":"Sponge har f\u00e5tt sitt namn efter svampar i skogen d\u00e4r man ocks\u00e5 har h\u00e4mtat inspiration till formspr\u00e5k och uttryck. Den enkla designen och de mjuka formerna g\u00f6r Sponge till en otroligt elegant serie som passar b\u00e5de inne och ute. Med sitt inbyggda batteri kan Sponge placeras och flyttas som du vill och samtidigt kan ljusstyrkan [&hellip;]","og_url":"https:\/\/shop.noor.fi\/tuote\/sponge-20-ladattava-poytavalaisin\/","og_site_name":"Oy Noortrade Ab","article_modified_time":"2026-03-19T14:32:20+00:00","og_image":[{"width":857,"height":857,"url":"https:\/\/shop.noor.fi\/wp-content\/uploads\/2023\/11\/5701581496989.jpg","type":"image\/jpeg"}],"twitter_card":"summary_large_image","twitter_misc":{"Ber\u00e4knad l\u00e4stid":"1 minut"},"schema":{"@context":"https:\/\/schema.org","@graph":[{"@type":"WebPage","@id":"https:\/\/shop.noor.fi\/tuote\/sponge-20-ladattava-poytavalaisin\/","url":"https:\/\/shop.noor.fi\/tuote\/sponge-20-ladattava-poytavalaisin\/","name":"Sponge 20 uppladdningsbar bordslampa vit - Oy Noortrade Ab","isPartOf":{"@id":"https:\/\/shopnoorfi-wp31835.test.cchosting.fi\/#website"},"primaryImageOfPage":{"@id":"https:\/\/shop.noor.fi\/tuote\/sponge-20-ladattava-poytavalaisin\/#primaryimage"},"image":{"@id":"https:\/\/shop.noor.fi\/tuote\/sponge-20-ladattava-poytavalaisin\/#primaryimage"},"thumbnailUrl":"https:\/\/shop.noor.fi\/wp-content\/uploads\/2023\/11\/5701581496989.jpg","datePublished":"2023-11-01T13:46:58+00:00","dateModified":"2026-03-19T14:32:20+00:00","breadcrumb":{"@id":"https:\/\/shop.noor.fi\/tuote\/sponge-20-ladattava-poytavalaisin\/#breadcrumb"},"inLanguage":"sv-SE","potentialAction":[{"@type":"ReadAction","target":["https:\/\/shop.noor.fi\/tuote\/sponge-20-ladattava-poytavalaisin\/"]}]},{"@type":"ImageObject","inLanguage":"sv-SE","@id":"https:\/\/shop.noor.fi\/tuote\/sponge-20-ladattava-poytavalaisin\/#primaryimage","url":"https:\/\/shop.noor.fi\/wp-content\/uploads\/2023\/11\/5701581496989.jpg","contentUrl":"https:\/\/shop.noor.fi\/wp-content\/uploads\/2023\/11\/5701581496989.jpg","width":857,"height":857},{"@type":"BreadcrumbList","@id":"https:\/\/shop.noor.fi\/tuote\/sponge-20-ladattava-poytavalaisin\/#breadcrumb","itemListElement":[{"@type":"ListItem","position":1,"name":"Etusivu","item":"https:\/\/shop.noor.fi\/sv\/"},{"@type":"ListItem","position":2,"name":"Butik","item":"https:\/\/shopnoorfi-wp31835.test.cchosting.fi\/sv\/butik\/"},{"@type":"ListItem","position":3,"name":"Sponge 20 uppladdningsbar bordslampa vit"}]},{"@type":"WebSite","@id":"https:\/\/shopnoorfi-wp31835.test.cchosting.fi\/#website","url":"https:\/\/shopnoorfi-wp31835.test.cchosting.fi\/","name":"Oy Noortrade Ab","description":"Finnish family owned company with over 30 years of professional experience in lighting &amp; interior products import and sales - reliably.","publisher":{"@id":"https:\/\/shopnoorfi-wp31835.test.cchosting.fi\/#organization"},"potentialAction":[{"@type":"SearchAction","target":{"@type":"EntryPoint","urlTemplate":"https:\/\/shopnoorfi-wp31835.test.cchosting.fi\/?s={search_term_string}"},"query-input":{"@type":"PropertyValueSpecification","valueRequired":true,"valueName":"search_term_string"}}],"inLanguage":"sv-SE"},{"@type":"Organization","@id":"https:\/\/shopnoorfi-wp31835.test.cchosting.fi\/#organization","name":"Oy Noortrade Ab","url":"https:\/\/shopnoorfi-wp31835.test.cchosting.fi\/","logo":{"@type":"ImageObject","inLanguage":"sv-SE","@id":"https:\/\/shopnoorfi-wp31835.test.cchosting.fi\/#\/schema\/logo\/image\/","url":"https:\/\/shop.noor.fi\/wp-content\/uploads\/2024\/01\/Oy-Noortrade-Ab-Corbel-VERSAL-bold-BLACK.png","contentUrl":"https:\/\/shop.noor.fi\/wp-content\/uploads\/2024\/01\/Oy-Noortrade-Ab-Corbel-VERSAL-bold-BLACK.png","width":721,"height":177,"caption":"Oy Noortrade Ab"},"image":{"@id":"https:\/\/shopnoorfi-wp31835.test.cchosting.fi\/#\/schema\/logo\/image\/"}}]}},"brands":[{"id":28730,"name":"Nordlux","slug":"nordlux"}],"_links":{"self":[{"href":"https:\/\/shop.noor.fi\/sv\/wp-json\/wp\/v2\/product\/102386","targetHints":{"allow":["GET"]}}],"collection":[{"href":"https:\/\/shop.noor.fi\/sv\/wp-json\/wp\/v2\/product"}],"about":[{"href":"https:\/\/shop.noor.fi\/sv\/wp-json\/wp\/v2\/types\/product"}],"replies":[{"embeddable":true,"href":"https:\/\/shop.noor.fi\/sv\/wp-json\/wp\/v2\/comments?post=102386"}],"wp:featuredmedia":[{"embeddable":true,"href":"https:\/\/shop.noor.fi\/sv\/wp-json\/wp\/v2\/media\/53595"}],"wp:attachment":[{"href":"https:\/\/shop.noor.fi\/sv\/wp-json\/wp\/v2\/media?parent=102386"}],"wp:term":[{"taxonomy":"pwb-brand","embeddable":true,"href":"https:\/\/shop.noor.fi\/sv\/wp-json\/wp\/v2\/pwb-brand?post=102386"},{"taxonomy":"product_brand","embeddable":true,"href":"https:\/\/shop.noor.fi\/sv\/wp-json\/wp\/v2\/product_brand?post=102386"},{"taxonomy":"product_cat","embeddable":true,"href":"https:\/\/shop.noor.fi\/sv\/wp-json\/wp\/v2\/product_cat?post=102386"},{"taxonomy":"product_tag","embeddable":true,"href":"https:\/\/shop.noor.fi\/sv\/wp-json\/wp\/v2\/product_tag?post=102386"}],"curies":[{"name":"wp","href":"https:\/\/api.w.org\/{rel}","templated":true}]}}