{"id":102378,"date":"2023-11-01T15:46:41","date_gmt":"2023-11-01T13:46:41","guid":{"rendered":"https:\/\/shop.noor.fi\/product\/kettle-36-uppladdningsbar-lampa-oliv-vit\/"},"modified":"2026-01-20T13:54:36","modified_gmt":"2026-01-20T11:54:36","slug":"kettle-36-uppladdningsbar-lampa-oliv-vit","status":"publish","type":"product","link":"https:\/\/shop.noor.fi\/sv\/produkt\/kettle-36-uppladdningsbar-lampa-oliv-vit\/","title":{"rendered":"Kettle 36 uppladdningsbar lampa oliv\/vit"},"content":{"rendered":"<p>USB-laddbar lampa i plast. Passar till tr\u00e4dg\u00e5rd, terrass eller balkong. Kan anv\u00e4ndas som en bordslampa eller som en pendel. 70 cm h\u00e4ngsn\u00f6re ing\u00e5r.<br \/>\nIP65, klass 3. Integrerad LED 6,8W, 2700K, 450 lm, 80 Ra, 120\u00b0.<br \/>\nMedellivsl\u00e4ngd ca 25 000 h, 15 000 t\u00e4ndcykler.<br \/>\n3-steg Moodmaker dimning 150 lm \/ 300 lm \/ 450 lm.<\/p>\n<p>H\u00f6jd: 30,8 cm<br \/>\nDiameter: 36 cm<\/p>\n<p>Kr\u00e4ver 1A laddare (ing\u00e5r ej). Kabeln medf\u00f6ljer.<\/p>\n","protected":false},"excerpt":{"rendered":"<p>USB-laddbar lampa i plast. Passar till tr\u00e4dg\u00e5rd, terrass eller balkong. Kan anv\u00e4ndas som en bordslampa eller som en pendel. 70 cm h\u00e4ngsn\u00f6re ing\u00e5r. IP65, klass 3. Integrerad LED 6,8W, 2700K, 450 lm, 80 Ra, 120\u00b0. Medellivsl\u00e4ngd ca 25 000 h, 15 000 t\u00e4ndcykler. 3-steg Moodmaker dimning 150 lm \/ 300 lm \/ 450 lm. H\u00f6jd: [&hellip;]<\/p>\n","protected":false},"featured_media":64123,"comment_status":"open","ping_status":"closed","template":"","meta":{"_acf_changed":false,"_relevanssi_hide_post":"","_relevanssi_hide_content":"","_relevanssi_pin_for_all":"","_relevanssi_pin_keywords":"","_relevanssi_unpin_keywords":"","_relevanssi_related_keywords":"","_relevanssi_related_include_ids":"","_relevanssi_related_exclude_ids":"","_relevanssi_related_no_append":"","_relevanssi_related_not_related":"","_relevanssi_related_posts":"","_relevanssi_noindex_reason":""},"pwb-brand":[28730],"product_brand":[],"product_cat":[32051,32052],"product_tag":[],"class_list":{"0":"post-102378","1":"product","2":"type-product","3":"status-publish","4":"has-post-thumbnail","6":"pwb-brand-nordlux","7":"product_cat-laddbara-lampor","8":"product_cat-laddbara-lampor-for-utomhusbruk","10":"first","11":"onbackorder","12":"taxable","13":"shipping-taxable","14":"purchasable","15":"product-type-simple"},"acf":[],"yoast_head":"<!-- This site is optimized with the Yoast SEO plugin v27.5 - https:\/\/yoast.com\/product\/yoast-seo-wordpress\/ -->\n<title>Kettle 36 uppladdningsbar lampa oliv\/vit - Oy Noortrade Ab<\/title>\n<meta name=\"robots\" content=\"index, follow, max-snippet:-1, max-image-preview:large, max-video-preview:-1\" \/>\n<link rel=\"canonical\" href=\"https:\/\/shop.noor.fi\/sv\/produkt\/kettle-36-uppladdningsbar-lampa-oliv-vit\/\" \/>\n<meta property=\"og:locale\" content=\"sv_SE\" \/>\n<meta property=\"og:type\" content=\"article\" \/>\n<meta property=\"og:title\" content=\"Kettle 36 uppladdningsbar lampa oliv\/vit - Oy Noortrade Ab\" \/>\n<meta property=\"og:description\" content=\"USB-laddbar lampa i plast. Passar till tr\u00e4dg\u00e5rd, terrass eller balkong. Kan anv\u00e4ndas som en bordslampa eller som en pendel. 70 cm h\u00e4ngsn\u00f6re ing\u00e5r. IP65, klass 3. Integrerad LED 6,8W, 2700K, 450 lm, 80 Ra, 120\u00b0. Medellivsl\u00e4ngd ca 25 000 h, 15 000 t\u00e4ndcykler. 3-steg Moodmaker dimning 150 lm \/ 300 lm \/ 450 lm. H\u00f6jd: [&hellip;]\" \/>\n<meta property=\"og:url\" content=\"https:\/\/shop.noor.fi\/sv\/produkt\/kettle-36-uppladdningsbar-lampa-oliv-vit\/\" \/>\n<meta property=\"og:site_name\" content=\"Oy Noortrade Ab\" \/>\n<meta property=\"article:modified_time\" content=\"2026-01-20T11:54:36+00:00\" \/>\n<meta property=\"og:image\" content=\"https:\/\/shop.noor.fi\/wp-content\/uploads\/2023\/11\/5704924012891.jpg\" \/>\n\t<meta property=\"og:image:width\" content=\"2000\" \/>\n\t<meta property=\"og:image:height\" content=\"2000\" \/>\n\t<meta property=\"og:image:type\" content=\"image\/jpeg\" \/>\n<meta name=\"twitter:card\" content=\"summary_large_image\" \/>\n<script type=\"application\/ld+json\" class=\"yoast-schema-graph\">{\"@context\":\"https:\\\/\\\/schema.org\",\"@graph\":[{\"@type\":\"WebPage\",\"@id\":\"https:\\\/\\\/shop.noor.fi\\\/sv\\\/produkt\\\/kettle-36-uppladdningsbar-lampa-oliv-vit\\\/\",\"url\":\"https:\\\/\\\/shop.noor.fi\\\/sv\\\/produkt\\\/kettle-36-uppladdningsbar-lampa-oliv-vit\\\/\",\"name\":\"Kettle 36 uppladdningsbar lampa oliv\\\/vit - Oy Noortrade Ab\",\"isPartOf\":{\"@id\":\"https:\\\/\\\/shopnoorfi-wp31835.test.cchosting.fi\\\/#website\"},\"primaryImageOfPage\":{\"@id\":\"https:\\\/\\\/shop.noor.fi\\\/sv\\\/produkt\\\/kettle-36-uppladdningsbar-lampa-oliv-vit\\\/#primaryimage\"},\"image\":{\"@id\":\"https:\\\/\\\/shop.noor.fi\\\/sv\\\/produkt\\\/kettle-36-uppladdningsbar-lampa-oliv-vit\\\/#primaryimage\"},\"thumbnailUrl\":\"https:\\\/\\\/shop.noor.fi\\\/wp-content\\\/uploads\\\/2023\\\/11\\\/5704924012891.jpg\",\"datePublished\":\"2023-11-01T13:46:41+00:00\",\"dateModified\":\"2026-01-20T11:54:36+00:00\",\"breadcrumb\":{\"@id\":\"https:\\\/\\\/shop.noor.fi\\\/sv\\\/produkt\\\/kettle-36-uppladdningsbar-lampa-oliv-vit\\\/#breadcrumb\"},\"inLanguage\":\"sv-SE\",\"potentialAction\":[{\"@type\":\"ReadAction\",\"target\":[\"https:\\\/\\\/shop.noor.fi\\\/sv\\\/produkt\\\/kettle-36-uppladdningsbar-lampa-oliv-vit\\\/\"]}]},{\"@type\":\"ImageObject\",\"inLanguage\":\"sv-SE\",\"@id\":\"https:\\\/\\\/shop.noor.fi\\\/sv\\\/produkt\\\/kettle-36-uppladdningsbar-lampa-oliv-vit\\\/#primaryimage\",\"url\":\"https:\\\/\\\/shop.noor.fi\\\/wp-content\\\/uploads\\\/2023\\\/11\\\/5704924012891.jpg\",\"contentUrl\":\"https:\\\/\\\/shop.noor.fi\\\/wp-content\\\/uploads\\\/2023\\\/11\\\/5704924012891.jpg\",\"width\":2000,\"height\":2000},{\"@type\":\"BreadcrumbList\",\"@id\":\"https:\\\/\\\/shop.noor.fi\\\/sv\\\/produkt\\\/kettle-36-uppladdningsbar-lampa-oliv-vit\\\/#breadcrumb\",\"itemListElement\":[{\"@type\":\"ListItem\",\"position\":1,\"name\":\"Etusivu\",\"item\":\"https:\\\/\\\/shop.noor.fi\\\/sv\\\/\"},{\"@type\":\"ListItem\",\"position\":2,\"name\":\"Butik\",\"item\":\"https:\\\/\\\/shopnoorfi-wp31835.test.cchosting.fi\\\/sv\\\/butik\\\/\"},{\"@type\":\"ListItem\",\"position\":3,\"name\":\"Kettle 36 uppladdningsbar lampa oliv\\\/vit\"}]},{\"@type\":\"WebSite\",\"@id\":\"https:\\\/\\\/shopnoorfi-wp31835.test.cchosting.fi\\\/#website\",\"url\":\"https:\\\/\\\/shopnoorfi-wp31835.test.cchosting.fi\\\/\",\"name\":\"Oy Noortrade Ab\",\"description\":\"Finnish family owned company with over 30 years of professional experience in lighting &amp; interior products import and sales - reliably.\",\"publisher\":{\"@id\":\"https:\\\/\\\/shopnoorfi-wp31835.test.cchosting.fi\\\/#organization\"},\"potentialAction\":[{\"@type\":\"SearchAction\",\"target\":{\"@type\":\"EntryPoint\",\"urlTemplate\":\"https:\\\/\\\/shopnoorfi-wp31835.test.cchosting.fi\\\/?s={search_term_string}\"},\"query-input\":{\"@type\":\"PropertyValueSpecification\",\"valueRequired\":true,\"valueName\":\"search_term_string\"}}],\"inLanguage\":\"sv-SE\"},{\"@type\":\"Organization\",\"@id\":\"https:\\\/\\\/shopnoorfi-wp31835.test.cchosting.fi\\\/#organization\",\"name\":\"Oy Noortrade Ab\",\"url\":\"https:\\\/\\\/shopnoorfi-wp31835.test.cchosting.fi\\\/\",\"logo\":{\"@type\":\"ImageObject\",\"inLanguage\":\"sv-SE\",\"@id\":\"https:\\\/\\\/shopnoorfi-wp31835.test.cchosting.fi\\\/#\\\/schema\\\/logo\\\/image\\\/\",\"url\":\"https:\\\/\\\/shop.noor.fi\\\/wp-content\\\/uploads\\\/2024\\\/01\\\/Oy-Noortrade-Ab-Corbel-VERSAL-bold-BLACK.png\",\"contentUrl\":\"https:\\\/\\\/shop.noor.fi\\\/wp-content\\\/uploads\\\/2024\\\/01\\\/Oy-Noortrade-Ab-Corbel-VERSAL-bold-BLACK.png\",\"width\":721,\"height\":177,\"caption\":\"Oy Noortrade Ab\"},\"image\":{\"@id\":\"https:\\\/\\\/shopnoorfi-wp31835.test.cchosting.fi\\\/#\\\/schema\\\/logo\\\/image\\\/\"}}]}<\/script>\n<!-- \/ Yoast SEO plugin. -->","yoast_head_json":{"title":"Kettle 36 uppladdningsbar lampa oliv\/vit - Oy Noortrade Ab","robots":{"index":"index","follow":"follow","max-snippet":"max-snippet:-1","max-image-preview":"max-image-preview:large","max-video-preview":"max-video-preview:-1"},"canonical":"https:\/\/shop.noor.fi\/sv\/produkt\/kettle-36-uppladdningsbar-lampa-oliv-vit\/","og_locale":"sv_SE","og_type":"article","og_title":"Kettle 36 uppladdningsbar lampa oliv\/vit - Oy Noortrade Ab","og_description":"USB-laddbar lampa i plast. Passar till tr\u00e4dg\u00e5rd, terrass eller balkong. Kan anv\u00e4ndas som en bordslampa eller som en pendel. 70 cm h\u00e4ngsn\u00f6re ing\u00e5r. IP65, klass 3. Integrerad LED 6,8W, 2700K, 450 lm, 80 Ra, 120\u00b0. Medellivsl\u00e4ngd ca 25 000 h, 15 000 t\u00e4ndcykler. 3-steg Moodmaker dimning 150 lm \/ 300 lm \/ 450 lm. H\u00f6jd: [&hellip;]","og_url":"https:\/\/shop.noor.fi\/sv\/produkt\/kettle-36-uppladdningsbar-lampa-oliv-vit\/","og_site_name":"Oy Noortrade Ab","article_modified_time":"2026-01-20T11:54:36+00:00","og_image":[{"width":2000,"height":2000,"url":"https:\/\/shop.noor.fi\/wp-content\/uploads\/2023\/11\/5704924012891.jpg","type":"image\/jpeg"}],"twitter_card":"summary_large_image","schema":{"@context":"https:\/\/schema.org","@graph":[{"@type":"WebPage","@id":"https:\/\/shop.noor.fi\/sv\/produkt\/kettle-36-uppladdningsbar-lampa-oliv-vit\/","url":"https:\/\/shop.noor.fi\/sv\/produkt\/kettle-36-uppladdningsbar-lampa-oliv-vit\/","name":"Kettle 36 uppladdningsbar lampa oliv\/vit - Oy Noortrade Ab","isPartOf":{"@id":"https:\/\/shopnoorfi-wp31835.test.cchosting.fi\/#website"},"primaryImageOfPage":{"@id":"https:\/\/shop.noor.fi\/sv\/produkt\/kettle-36-uppladdningsbar-lampa-oliv-vit\/#primaryimage"},"image":{"@id":"https:\/\/shop.noor.fi\/sv\/produkt\/kettle-36-uppladdningsbar-lampa-oliv-vit\/#primaryimage"},"thumbnailUrl":"https:\/\/shop.noor.fi\/wp-content\/uploads\/2023\/11\/5704924012891.jpg","datePublished":"2023-11-01T13:46:41+00:00","dateModified":"2026-01-20T11:54:36+00:00","breadcrumb":{"@id":"https:\/\/shop.noor.fi\/sv\/produkt\/kettle-36-uppladdningsbar-lampa-oliv-vit\/#breadcrumb"},"inLanguage":"sv-SE","potentialAction":[{"@type":"ReadAction","target":["https:\/\/shop.noor.fi\/sv\/produkt\/kettle-36-uppladdningsbar-lampa-oliv-vit\/"]}]},{"@type":"ImageObject","inLanguage":"sv-SE","@id":"https:\/\/shop.noor.fi\/sv\/produkt\/kettle-36-uppladdningsbar-lampa-oliv-vit\/#primaryimage","url":"https:\/\/shop.noor.fi\/wp-content\/uploads\/2023\/11\/5704924012891.jpg","contentUrl":"https:\/\/shop.noor.fi\/wp-content\/uploads\/2023\/11\/5704924012891.jpg","width":2000,"height":2000},{"@type":"BreadcrumbList","@id":"https:\/\/shop.noor.fi\/sv\/produkt\/kettle-36-uppladdningsbar-lampa-oliv-vit\/#breadcrumb","itemListElement":[{"@type":"ListItem","position":1,"name":"Etusivu","item":"https:\/\/shop.noor.fi\/sv\/"},{"@type":"ListItem","position":2,"name":"Butik","item":"https:\/\/shopnoorfi-wp31835.test.cchosting.fi\/sv\/butik\/"},{"@type":"ListItem","position":3,"name":"Kettle 36 uppladdningsbar lampa oliv\/vit"}]},{"@type":"WebSite","@id":"https:\/\/shopnoorfi-wp31835.test.cchosting.fi\/#website","url":"https:\/\/shopnoorfi-wp31835.test.cchosting.fi\/","name":"Oy Noortrade Ab","description":"Finnish family owned company with over 30 years of professional experience in lighting &amp; interior products import and sales - reliably.","publisher":{"@id":"https:\/\/shopnoorfi-wp31835.test.cchosting.fi\/#organization"},"potentialAction":[{"@type":"SearchAction","target":{"@type":"EntryPoint","urlTemplate":"https:\/\/shopnoorfi-wp31835.test.cchosting.fi\/?s={search_term_string}"},"query-input":{"@type":"PropertyValueSpecification","valueRequired":true,"valueName":"search_term_string"}}],"inLanguage":"sv-SE"},{"@type":"Organization","@id":"https:\/\/shopnoorfi-wp31835.test.cchosting.fi\/#organization","name":"Oy Noortrade Ab","url":"https:\/\/shopnoorfi-wp31835.test.cchosting.fi\/","logo":{"@type":"ImageObject","inLanguage":"sv-SE","@id":"https:\/\/shopnoorfi-wp31835.test.cchosting.fi\/#\/schema\/logo\/image\/","url":"https:\/\/shop.noor.fi\/wp-content\/uploads\/2024\/01\/Oy-Noortrade-Ab-Corbel-VERSAL-bold-BLACK.png","contentUrl":"https:\/\/shop.noor.fi\/wp-content\/uploads\/2024\/01\/Oy-Noortrade-Ab-Corbel-VERSAL-bold-BLACK.png","width":721,"height":177,"caption":"Oy Noortrade Ab"},"image":{"@id":"https:\/\/shopnoorfi-wp31835.test.cchosting.fi\/#\/schema\/logo\/image\/"}}]}},"brands":[{"id":28730,"name":"Nordlux","slug":"nordlux"}],"_links":{"self":[{"href":"https:\/\/shop.noor.fi\/sv\/wp-json\/wp\/v2\/product\/102378","targetHints":{"allow":["GET"]}}],"collection":[{"href":"https:\/\/shop.noor.fi\/sv\/wp-json\/wp\/v2\/product"}],"about":[{"href":"https:\/\/shop.noor.fi\/sv\/wp-json\/wp\/v2\/types\/product"}],"replies":[{"embeddable":true,"href":"https:\/\/shop.noor.fi\/sv\/wp-json\/wp\/v2\/comments?post=102378"}],"wp:featuredmedia":[{"embeddable":true,"href":"https:\/\/shop.noor.fi\/sv\/wp-json\/wp\/v2\/media\/64123"}],"wp:attachment":[{"href":"https:\/\/shop.noor.fi\/sv\/wp-json\/wp\/v2\/media?parent=102378"}],"wp:term":[{"taxonomy":"pwb-brand","embeddable":true,"href":"https:\/\/shop.noor.fi\/sv\/wp-json\/wp\/v2\/pwb-brand?post=102378"},{"taxonomy":"product_brand","embeddable":true,"href":"https:\/\/shop.noor.fi\/sv\/wp-json\/wp\/v2\/product_brand?post=102378"},{"taxonomy":"product_cat","embeddable":true,"href":"https:\/\/shop.noor.fi\/sv\/wp-json\/wp\/v2\/product_cat?post=102378"},{"taxonomy":"product_tag","embeddable":true,"href":"https:\/\/shop.noor.fi\/sv\/wp-json\/wp\/v2\/product_tag?post=102378"}],"curies":[{"name":"wp","href":"https:\/\/api.w.org\/{rel}","templated":true}]}}