{"id":102365,"date":"2023-11-01T15:45:59","date_gmt":"2023-11-01T13:45:59","guid":{"rendered":"https:\/\/shop.noor.fi\/product\/otis-40-vaggarmatur-borstad-nickel\/"},"modified":"2026-01-09T16:01:08","modified_gmt":"2026-01-09T14:01:08","slug":"otis-40-vaggarmatur-borstad-nickel","status":"publish","type":"product","link":"https:\/\/shop.noor.fi\/sv\/produkt\/otis-40-vaggarmatur-borstad-nickel\/","title":{"rendered":"Otis 40 v\u00e4ggarmatur borstad nickel"},"content":{"rendered":"<p>Otis \u00e4r en elegant v\u00e4gglampa som l\u00e4mpar sig perfekt f\u00f6r badrummet tack vare sitt h\u00f6ga IP44-skydd. Otis \u00e4r utrustad med tv\u00e5stegsfunktionen Moodmaker och kan installeras b\u00e5de vertikalt och horisontellt. F\u00e4rgtemperatur 3000K, ljusfl\u00f6de 1300 lm.<br \/>\nMed tv\u00e5stegsfunktionen Moodmaker kan du med ett klick p\u00e5 en vanlig v\u00e4ggstr\u00f6mbrytare skapa ett naturligt ljus med full ljusstyrka. Genom att klicka en andra g\u00e5ng aktiverar du en behaglig 20 lumens nattbelysning som inte lyser dig mitt i \u00f6gonen n\u00e4r du beh\u00f6ver g\u00e5 p\u00e5 toaletten p\u00e5 natten. Otis \u00e4r en mycket praktisk lampa eftersom den har en roterande reflektor och ett justerbart djup, men \u00e4ven en minnes- och \u00e5terst\u00e4llningsfunktion.<br \/>\nDessutom ing\u00e5r ett sk\u00e5pf\u00e4ste som g\u00f6r det enkelt att montera Otis p\u00e5 ett sk\u00e5p.<br \/>\nIntegrerad LED, ljusk\u00e4llan \u00e4r inte utbytbar. 5 \u00e5rs LED-garanti.<\/p>\n<p>Bredd 40 cm<br \/>\nDjup 15,1 cm<br \/>\nH\u00f6jd 7,5 cm<\/p>\n","protected":false},"excerpt":{"rendered":"<p>Otis \u00e4r en elegant v\u00e4gglampa som l\u00e4mpar sig perfekt f\u00f6r badrummet tack vare sitt h\u00f6ga IP44-skydd. Otis \u00e4r utrustad med tv\u00e5stegsfunktionen Moodmaker och kan installeras b\u00e5de vertikalt och horisontellt. F\u00e4rgtemperatur 3000K, ljusfl\u00f6de 1300 lm. Med tv\u00e5stegsfunktionen Moodmaker kan du med ett klick p\u00e5 en vanlig v\u00e4ggstr\u00f6mbrytare skapa ett naturligt ljus med full ljusstyrka. Genom att [&hellip;]<\/p>\n","protected":false},"featured_media":52476,"comment_status":"open","ping_status":"closed","template":"","meta":{"_acf_changed":false,"_relevanssi_hide_post":"","_relevanssi_hide_content":"","_relevanssi_pin_for_all":"","_relevanssi_pin_keywords":"","_relevanssi_unpin_keywords":"","_relevanssi_related_keywords":"","_relevanssi_related_include_ids":"","_relevanssi_related_exclude_ids":"","_relevanssi_related_no_append":"","_relevanssi_related_not_related":"","_relevanssi_related_posts":"","_relevanssi_noindex_reason":""},"pwb-brand":[28730],"product_brand":[],"product_cat":[32122],"product_tag":[],"class_list":{"0":"post-102365","1":"product","2":"type-product","3":"status-publish","4":"has-post-thumbnail","6":"pwb-brand-nordlux","7":"product_cat-vagglampor-till-badrummet","9":"first","10":"instock","11":"taxable","12":"shipping-taxable","13":"purchasable","14":"product-type-simple"},"acf":[],"yoast_head":"<!-- This site is optimized with the Yoast SEO plugin v27.5 - https:\/\/yoast.com\/product\/yoast-seo-wordpress\/ -->\n<title>Otis 40 v\u00e4ggarmatur borstad nickel - Oy Noortrade Ab<\/title>\n<meta name=\"robots\" content=\"index, follow, max-snippet:-1, max-image-preview:large, max-video-preview:-1\" \/>\n<link rel=\"canonical\" href=\"https:\/\/shop.noor.fi\/sv\/produkt\/otis-40-vaggarmatur-borstad-nickel\/\" \/>\n<meta property=\"og:locale\" content=\"sv_SE\" \/>\n<meta property=\"og:type\" content=\"article\" \/>\n<meta property=\"og:title\" content=\"Otis 40 v\u00e4ggarmatur borstad nickel - Oy Noortrade Ab\" \/>\n<meta property=\"og:description\" content=\"Otis \u00e4r en elegant v\u00e4gglampa som l\u00e4mpar sig perfekt f\u00f6r badrummet tack vare sitt h\u00f6ga IP44-skydd. Otis \u00e4r utrustad med tv\u00e5stegsfunktionen Moodmaker och kan installeras b\u00e5de vertikalt och horisontellt. F\u00e4rgtemperatur 3000K, ljusfl\u00f6de 1300 lm. Med tv\u00e5stegsfunktionen Moodmaker kan du med ett klick p\u00e5 en vanlig v\u00e4ggstr\u00f6mbrytare skapa ett naturligt ljus med full ljusstyrka. Genom att [&hellip;]\" \/>\n<meta property=\"og:url\" content=\"https:\/\/shop.noor.fi\/sv\/produkt\/otis-40-vaggarmatur-borstad-nickel\/\" \/>\n<meta property=\"og:site_name\" content=\"Oy Noortrade Ab\" \/>\n<meta property=\"article:modified_time\" content=\"2026-01-09T14:01:08+00:00\" \/>\n<meta property=\"og:image\" content=\"https:\/\/shop.noor.fi\/wp-content\/uploads\/2023\/11\/5704924002700.jpg\" \/>\n\t<meta property=\"og:image:width\" content=\"857\" \/>\n\t<meta property=\"og:image:height\" content=\"792\" \/>\n\t<meta property=\"og:image:type\" content=\"image\/jpeg\" \/>\n<meta name=\"twitter:card\" content=\"summary_large_image\" \/>\n<meta name=\"twitter:label1\" content=\"Ber\u00e4knad l\u00e4stid\" \/>\n\t<meta name=\"twitter:data1\" content=\"1 minut\" \/>\n<script type=\"application\/ld+json\" class=\"yoast-schema-graph\">{\"@context\":\"https:\\\/\\\/schema.org\",\"@graph\":[{\"@type\":\"WebPage\",\"@id\":\"https:\\\/\\\/shop.noor.fi\\\/sv\\\/produkt\\\/otis-40-vaggarmatur-borstad-nickel\\\/\",\"url\":\"https:\\\/\\\/shop.noor.fi\\\/sv\\\/produkt\\\/otis-40-vaggarmatur-borstad-nickel\\\/\",\"name\":\"Otis 40 v\u00e4ggarmatur borstad nickel - Oy Noortrade Ab\",\"isPartOf\":{\"@id\":\"https:\\\/\\\/shopnoorfi-wp31835.test.cchosting.fi\\\/#website\"},\"primaryImageOfPage\":{\"@id\":\"https:\\\/\\\/shop.noor.fi\\\/sv\\\/produkt\\\/otis-40-vaggarmatur-borstad-nickel\\\/#primaryimage\"},\"image\":{\"@id\":\"https:\\\/\\\/shop.noor.fi\\\/sv\\\/produkt\\\/otis-40-vaggarmatur-borstad-nickel\\\/#primaryimage\"},\"thumbnailUrl\":\"https:\\\/\\\/shop.noor.fi\\\/wp-content\\\/uploads\\\/2023\\\/11\\\/5704924002700.jpg\",\"datePublished\":\"2023-11-01T13:45:59+00:00\",\"dateModified\":\"2026-01-09T14:01:08+00:00\",\"breadcrumb\":{\"@id\":\"https:\\\/\\\/shop.noor.fi\\\/sv\\\/produkt\\\/otis-40-vaggarmatur-borstad-nickel\\\/#breadcrumb\"},\"inLanguage\":\"sv-SE\",\"potentialAction\":[{\"@type\":\"ReadAction\",\"target\":[\"https:\\\/\\\/shop.noor.fi\\\/sv\\\/produkt\\\/otis-40-vaggarmatur-borstad-nickel\\\/\"]}]},{\"@type\":\"ImageObject\",\"inLanguage\":\"sv-SE\",\"@id\":\"https:\\\/\\\/shop.noor.fi\\\/sv\\\/produkt\\\/otis-40-vaggarmatur-borstad-nickel\\\/#primaryimage\",\"url\":\"https:\\\/\\\/shop.noor.fi\\\/wp-content\\\/uploads\\\/2023\\\/11\\\/5704924002700.jpg\",\"contentUrl\":\"https:\\\/\\\/shop.noor.fi\\\/wp-content\\\/uploads\\\/2023\\\/11\\\/5704924002700.jpg\",\"width\":857,\"height\":792},{\"@type\":\"BreadcrumbList\",\"@id\":\"https:\\\/\\\/shop.noor.fi\\\/sv\\\/produkt\\\/otis-40-vaggarmatur-borstad-nickel\\\/#breadcrumb\",\"itemListElement\":[{\"@type\":\"ListItem\",\"position\":1,\"name\":\"Etusivu\",\"item\":\"https:\\\/\\\/shop.noor.fi\\\/sv\\\/\"},{\"@type\":\"ListItem\",\"position\":2,\"name\":\"Butik\",\"item\":\"https:\\\/\\\/shopnoorfi-wp31835.test.cchosting.fi\\\/sv\\\/butik\\\/\"},{\"@type\":\"ListItem\",\"position\":3,\"name\":\"Otis 40 v\u00e4ggarmatur borstad nickel\"}]},{\"@type\":\"WebSite\",\"@id\":\"https:\\\/\\\/shopnoorfi-wp31835.test.cchosting.fi\\\/#website\",\"url\":\"https:\\\/\\\/shopnoorfi-wp31835.test.cchosting.fi\\\/\",\"name\":\"Oy Noortrade Ab\",\"description\":\"Finnish family owned company with over 30 years of professional experience in lighting &amp; interior products import and sales - reliably.\",\"publisher\":{\"@id\":\"https:\\\/\\\/shopnoorfi-wp31835.test.cchosting.fi\\\/#organization\"},\"potentialAction\":[{\"@type\":\"SearchAction\",\"target\":{\"@type\":\"EntryPoint\",\"urlTemplate\":\"https:\\\/\\\/shopnoorfi-wp31835.test.cchosting.fi\\\/?s={search_term_string}\"},\"query-input\":{\"@type\":\"PropertyValueSpecification\",\"valueRequired\":true,\"valueName\":\"search_term_string\"}}],\"inLanguage\":\"sv-SE\"},{\"@type\":\"Organization\",\"@id\":\"https:\\\/\\\/shopnoorfi-wp31835.test.cchosting.fi\\\/#organization\",\"name\":\"Oy Noortrade Ab\",\"url\":\"https:\\\/\\\/shopnoorfi-wp31835.test.cchosting.fi\\\/\",\"logo\":{\"@type\":\"ImageObject\",\"inLanguage\":\"sv-SE\",\"@id\":\"https:\\\/\\\/shopnoorfi-wp31835.test.cchosting.fi\\\/#\\\/schema\\\/logo\\\/image\\\/\",\"url\":\"https:\\\/\\\/shop.noor.fi\\\/wp-content\\\/uploads\\\/2024\\\/01\\\/Oy-Noortrade-Ab-Corbel-VERSAL-bold-BLACK.png\",\"contentUrl\":\"https:\\\/\\\/shop.noor.fi\\\/wp-content\\\/uploads\\\/2024\\\/01\\\/Oy-Noortrade-Ab-Corbel-VERSAL-bold-BLACK.png\",\"width\":721,\"height\":177,\"caption\":\"Oy Noortrade Ab\"},\"image\":{\"@id\":\"https:\\\/\\\/shopnoorfi-wp31835.test.cchosting.fi\\\/#\\\/schema\\\/logo\\\/image\\\/\"}}]}<\/script>\n<!-- \/ Yoast SEO plugin. -->","yoast_head_json":{"title":"Otis 40 v\u00e4ggarmatur borstad nickel - Oy Noortrade Ab","robots":{"index":"index","follow":"follow","max-snippet":"max-snippet:-1","max-image-preview":"max-image-preview:large","max-video-preview":"max-video-preview:-1"},"canonical":"https:\/\/shop.noor.fi\/sv\/produkt\/otis-40-vaggarmatur-borstad-nickel\/","og_locale":"sv_SE","og_type":"article","og_title":"Otis 40 v\u00e4ggarmatur borstad nickel - Oy Noortrade Ab","og_description":"Otis \u00e4r en elegant v\u00e4gglampa som l\u00e4mpar sig perfekt f\u00f6r badrummet tack vare sitt h\u00f6ga IP44-skydd. Otis \u00e4r utrustad med tv\u00e5stegsfunktionen Moodmaker och kan installeras b\u00e5de vertikalt och horisontellt. F\u00e4rgtemperatur 3000K, ljusfl\u00f6de 1300 lm. Med tv\u00e5stegsfunktionen Moodmaker kan du med ett klick p\u00e5 en vanlig v\u00e4ggstr\u00f6mbrytare skapa ett naturligt ljus med full ljusstyrka. Genom att [&hellip;]","og_url":"https:\/\/shop.noor.fi\/sv\/produkt\/otis-40-vaggarmatur-borstad-nickel\/","og_site_name":"Oy Noortrade Ab","article_modified_time":"2026-01-09T14:01:08+00:00","og_image":[{"width":857,"height":792,"url":"https:\/\/shop.noor.fi\/wp-content\/uploads\/2023\/11\/5704924002700.jpg","type":"image\/jpeg"}],"twitter_card":"summary_large_image","twitter_misc":{"Ber\u00e4knad l\u00e4stid":"1 minut"},"schema":{"@context":"https:\/\/schema.org","@graph":[{"@type":"WebPage","@id":"https:\/\/shop.noor.fi\/sv\/produkt\/otis-40-vaggarmatur-borstad-nickel\/","url":"https:\/\/shop.noor.fi\/sv\/produkt\/otis-40-vaggarmatur-borstad-nickel\/","name":"Otis 40 v\u00e4ggarmatur borstad nickel - Oy Noortrade Ab","isPartOf":{"@id":"https:\/\/shopnoorfi-wp31835.test.cchosting.fi\/#website"},"primaryImageOfPage":{"@id":"https:\/\/shop.noor.fi\/sv\/produkt\/otis-40-vaggarmatur-borstad-nickel\/#primaryimage"},"image":{"@id":"https:\/\/shop.noor.fi\/sv\/produkt\/otis-40-vaggarmatur-borstad-nickel\/#primaryimage"},"thumbnailUrl":"https:\/\/shop.noor.fi\/wp-content\/uploads\/2023\/11\/5704924002700.jpg","datePublished":"2023-11-01T13:45:59+00:00","dateModified":"2026-01-09T14:01:08+00:00","breadcrumb":{"@id":"https:\/\/shop.noor.fi\/sv\/produkt\/otis-40-vaggarmatur-borstad-nickel\/#breadcrumb"},"inLanguage":"sv-SE","potentialAction":[{"@type":"ReadAction","target":["https:\/\/shop.noor.fi\/sv\/produkt\/otis-40-vaggarmatur-borstad-nickel\/"]}]},{"@type":"ImageObject","inLanguage":"sv-SE","@id":"https:\/\/shop.noor.fi\/sv\/produkt\/otis-40-vaggarmatur-borstad-nickel\/#primaryimage","url":"https:\/\/shop.noor.fi\/wp-content\/uploads\/2023\/11\/5704924002700.jpg","contentUrl":"https:\/\/shop.noor.fi\/wp-content\/uploads\/2023\/11\/5704924002700.jpg","width":857,"height":792},{"@type":"BreadcrumbList","@id":"https:\/\/shop.noor.fi\/sv\/produkt\/otis-40-vaggarmatur-borstad-nickel\/#breadcrumb","itemListElement":[{"@type":"ListItem","position":1,"name":"Etusivu","item":"https:\/\/shop.noor.fi\/sv\/"},{"@type":"ListItem","position":2,"name":"Butik","item":"https:\/\/shopnoorfi-wp31835.test.cchosting.fi\/sv\/butik\/"},{"@type":"ListItem","position":3,"name":"Otis 40 v\u00e4ggarmatur borstad nickel"}]},{"@type":"WebSite","@id":"https:\/\/shopnoorfi-wp31835.test.cchosting.fi\/#website","url":"https:\/\/shopnoorfi-wp31835.test.cchosting.fi\/","name":"Oy Noortrade Ab","description":"Finnish family owned company with over 30 years of professional experience in lighting &amp; interior products import and sales - reliably.","publisher":{"@id":"https:\/\/shopnoorfi-wp31835.test.cchosting.fi\/#organization"},"potentialAction":[{"@type":"SearchAction","target":{"@type":"EntryPoint","urlTemplate":"https:\/\/shopnoorfi-wp31835.test.cchosting.fi\/?s={search_term_string}"},"query-input":{"@type":"PropertyValueSpecification","valueRequired":true,"valueName":"search_term_string"}}],"inLanguage":"sv-SE"},{"@type":"Organization","@id":"https:\/\/shopnoorfi-wp31835.test.cchosting.fi\/#organization","name":"Oy Noortrade Ab","url":"https:\/\/shopnoorfi-wp31835.test.cchosting.fi\/","logo":{"@type":"ImageObject","inLanguage":"sv-SE","@id":"https:\/\/shopnoorfi-wp31835.test.cchosting.fi\/#\/schema\/logo\/image\/","url":"https:\/\/shop.noor.fi\/wp-content\/uploads\/2024\/01\/Oy-Noortrade-Ab-Corbel-VERSAL-bold-BLACK.png","contentUrl":"https:\/\/shop.noor.fi\/wp-content\/uploads\/2024\/01\/Oy-Noortrade-Ab-Corbel-VERSAL-bold-BLACK.png","width":721,"height":177,"caption":"Oy Noortrade Ab"},"image":{"@id":"https:\/\/shopnoorfi-wp31835.test.cchosting.fi\/#\/schema\/logo\/image\/"}}]}},"brands":[{"id":28730,"name":"Nordlux","slug":"nordlux"}],"_links":{"self":[{"href":"https:\/\/shop.noor.fi\/sv\/wp-json\/wp\/v2\/product\/102365","targetHints":{"allow":["GET"]}}],"collection":[{"href":"https:\/\/shop.noor.fi\/sv\/wp-json\/wp\/v2\/product"}],"about":[{"href":"https:\/\/shop.noor.fi\/sv\/wp-json\/wp\/v2\/types\/product"}],"replies":[{"embeddable":true,"href":"https:\/\/shop.noor.fi\/sv\/wp-json\/wp\/v2\/comments?post=102365"}],"wp:featuredmedia":[{"embeddable":true,"href":"https:\/\/shop.noor.fi\/sv\/wp-json\/wp\/v2\/media\/52476"}],"wp:attachment":[{"href":"https:\/\/shop.noor.fi\/sv\/wp-json\/wp\/v2\/media?parent=102365"}],"wp:term":[{"taxonomy":"pwb-brand","embeddable":true,"href":"https:\/\/shop.noor.fi\/sv\/wp-json\/wp\/v2\/pwb-brand?post=102365"},{"taxonomy":"product_brand","embeddable":true,"href":"https:\/\/shop.noor.fi\/sv\/wp-json\/wp\/v2\/product_brand?post=102365"},{"taxonomy":"product_cat","embeddable":true,"href":"https:\/\/shop.noor.fi\/sv\/wp-json\/wp\/v2\/product_cat?post=102365"},{"taxonomy":"product_tag","embeddable":true,"href":"https:\/\/shop.noor.fi\/sv\/wp-json\/wp\/v2\/product_tag?post=102365"}],"curies":[{"name":"wp","href":"https:\/\/api.w.org\/{rel}","templated":true}]}}