{"id":102305,"date":"2023-11-01T15:42:57","date_gmt":"2023-11-01T13:42:57","guid":{"rendered":"https:\/\/shop.noor.fi\/product\/clyde-golv-svart\/"},"modified":"2026-05-13T11:15:47","modified_gmt":"2026-05-13T08:15:47","slug":"clyde-golv-svart","status":"publish","type":"product","link":"https:\/\/shop.noor.fi\/sv\/produkt\/clyde-golv-svart\/","title":{"rendered":"Clyde golvarmatur svart"},"content":{"rendered":"<p>I Clyde-serien kombineras stram skandinavisk design och innovativ teknik p\u00e5 det mest \u00f6vertygande s\u00e4tt. Clyde \u00e4r en snygg och funktionell golvlampa med tv\u00e5 huvuden d\u00e4r det \u00f6versta huvudet kan justeras upp\u00e5t och ned\u00e5t efter behov.<br \/>\nMoodmaker-funktionen g\u00f6r lampan l\u00e4mplig f\u00f6r l\u00e4sbelysning samt f\u00f6r st\u00e4mningsljus bredvid soffan eller din favoritf\u00e5t\u00f6lj.<br \/>\nMoodmaker-funktionen anv\u00e4nds med str\u00f6mbrytaren och fungerar i tre steg: 1: allt ljus p\u00e5, 2: mitten p\u00e5, 3: den yttre ringen p\u00e5.<br \/>\nGolvlampan har en 150 cm l\u00e5ng textilsladd med str\u00f6mbrytare.<br \/>\nLjusk\u00e4llan \u00e4r en integrerad LED som inte kan bytas ut. Lampan har en 5 \u00e5rs LED-garanti.<\/p>\n<p>Bredd 23 cm<br \/>\nDjup 26,6 cm<br \/>\nH\u00f6jd 138 cm<br \/>\nSpotlights 8,5 cm i diameter<\/p>\n","protected":false},"excerpt":{"rendered":"<p>I Clyde-serien kombineras stram skandinavisk design och innovativ teknik p\u00e5 det mest \u00f6vertygande s\u00e4tt. Clyde \u00e4r en snygg och funktionell golvlampa med tv\u00e5 huvuden d\u00e4r det \u00f6versta huvudet kan justeras upp\u00e5t och ned\u00e5t efter behov. Moodmaker-funktionen g\u00f6r lampan l\u00e4mplig f\u00f6r l\u00e4sbelysning samt f\u00f6r st\u00e4mningsljus bredvid soffan eller din favoritf\u00e5t\u00f6lj. Moodmaker-funktionen anv\u00e4nds med str\u00f6mbrytaren och fungerar [&hellip;]<\/p>\n","protected":false},"featured_media":53215,"comment_status":"open","ping_status":"closed","template":"","meta":{"_acf_changed":false,"_relevanssi_hide_post":"","_relevanssi_hide_content":"","_relevanssi_pin_for_all":"","_relevanssi_pin_keywords":"","_relevanssi_unpin_keywords":"","_relevanssi_related_keywords":"","_relevanssi_related_include_ids":"","_relevanssi_related_exclude_ids":"","_relevanssi_related_no_append":"","_relevanssi_related_not_related":"","_relevanssi_related_posts":"","_relevanssi_noindex_reason":""},"pwb-brand":[28730],"product_brand":[],"product_cat":[32061],"product_tag":[],"class_list":{"0":"post-102305","1":"product","2":"type-product","3":"status-publish","4":"has-post-thumbnail","6":"pwb-brand-nordlux","7":"product_cat-golvlampor-sv","9":"first","10":"onbackorder","11":"taxable","12":"shipping-taxable","13":"purchasable","14":"product-type-simple"},"acf":[],"yoast_head":"<!-- This site is optimized with the Yoast SEO plugin v27.6 - https:\/\/yoast.com\/product\/yoast-seo-wordpress\/ -->\n<title>Clyde golvarmatur svart - Oy Noortrade Ab<\/title>\n<meta name=\"robots\" content=\"index, follow, max-snippet:-1, max-image-preview:large, max-video-preview:-1\" \/>\n<link rel=\"canonical\" href=\"https:\/\/shop.noor.fi\/tuote\/clyde-lattiavalaisin-musta\/\" \/>\n<meta property=\"og:locale\" content=\"sv_SE\" \/>\n<meta property=\"og:type\" content=\"article\" \/>\n<meta property=\"og:title\" content=\"Clyde golvarmatur svart - Oy Noortrade Ab\" \/>\n<meta property=\"og:description\" content=\"I Clyde-serien kombineras stram skandinavisk design och innovativ teknik p\u00e5 det mest \u00f6vertygande s\u00e4tt. Clyde \u00e4r en snygg och funktionell golvlampa med tv\u00e5 huvuden d\u00e4r det \u00f6versta huvudet kan justeras upp\u00e5t och ned\u00e5t efter behov. Moodmaker-funktionen g\u00f6r lampan l\u00e4mplig f\u00f6r l\u00e4sbelysning samt f\u00f6r st\u00e4mningsljus bredvid soffan eller din favoritf\u00e5t\u00f6lj. Moodmaker-funktionen anv\u00e4nds med str\u00f6mbrytaren och fungerar [&hellip;]\" \/>\n<meta property=\"og:url\" content=\"https:\/\/shop.noor.fi\/tuote\/clyde-lattiavalaisin-musta\/\" \/>\n<meta property=\"og:site_name\" content=\"Oy Noortrade Ab\" \/>\n<meta property=\"article:modified_time\" content=\"2026-05-13T08:15:47+00:00\" \/>\n<meta property=\"og:image\" content=\"https:\/\/shop.noor.fi\/wp-content\/uploads\/2023\/11\/5704924001192.jpg\" \/>\n\t<meta property=\"og:image:width\" content=\"857\" \/>\n\t<meta property=\"og:image:height\" content=\"857\" \/>\n\t<meta property=\"og:image:type\" content=\"image\/jpeg\" \/>\n<meta name=\"twitter:card\" content=\"summary_large_image\" \/>\n<meta name=\"twitter:label1\" content=\"Ber\u00e4knad l\u00e4stid\" \/>\n\t<meta name=\"twitter:data1\" content=\"1 minut\" \/>\n<script type=\"application\/ld+json\" class=\"yoast-schema-graph\">{\"@context\":\"https:\\\/\\\/schema.org\",\"@graph\":[{\"@type\":\"WebPage\",\"@id\":\"https:\\\/\\\/shop.noor.fi\\\/tuote\\\/clyde-lattiavalaisin-musta\\\/\",\"url\":\"https:\\\/\\\/shop.noor.fi\\\/tuote\\\/clyde-lattiavalaisin-musta\\\/\",\"name\":\"Clyde golvarmatur svart - Oy Noortrade Ab\",\"isPartOf\":{\"@id\":\"https:\\\/\\\/shopnoorfi-wp31835.test.cchosting.fi\\\/#website\"},\"primaryImageOfPage\":{\"@id\":\"https:\\\/\\\/shop.noor.fi\\\/tuote\\\/clyde-lattiavalaisin-musta\\\/#primaryimage\"},\"image\":{\"@id\":\"https:\\\/\\\/shop.noor.fi\\\/tuote\\\/clyde-lattiavalaisin-musta\\\/#primaryimage\"},\"thumbnailUrl\":\"https:\\\/\\\/shop.noor.fi\\\/wp-content\\\/uploads\\\/2023\\\/11\\\/5704924001192.jpg\",\"datePublished\":\"2023-11-01T13:42:57+00:00\",\"dateModified\":\"2026-05-13T08:15:47+00:00\",\"breadcrumb\":{\"@id\":\"https:\\\/\\\/shop.noor.fi\\\/tuote\\\/clyde-lattiavalaisin-musta\\\/#breadcrumb\"},\"inLanguage\":\"sv-SE\",\"potentialAction\":[{\"@type\":\"ReadAction\",\"target\":[\"https:\\\/\\\/shop.noor.fi\\\/tuote\\\/clyde-lattiavalaisin-musta\\\/\"]}]},{\"@type\":\"ImageObject\",\"inLanguage\":\"sv-SE\",\"@id\":\"https:\\\/\\\/shop.noor.fi\\\/tuote\\\/clyde-lattiavalaisin-musta\\\/#primaryimage\",\"url\":\"https:\\\/\\\/shop.noor.fi\\\/wp-content\\\/uploads\\\/2023\\\/11\\\/5704924001192.jpg\",\"contentUrl\":\"https:\\\/\\\/shop.noor.fi\\\/wp-content\\\/uploads\\\/2023\\\/11\\\/5704924001192.jpg\",\"width\":857,\"height\":857},{\"@type\":\"BreadcrumbList\",\"@id\":\"https:\\\/\\\/shop.noor.fi\\\/tuote\\\/clyde-lattiavalaisin-musta\\\/#breadcrumb\",\"itemListElement\":[{\"@type\":\"ListItem\",\"position\":1,\"name\":\"Etusivu\",\"item\":\"https:\\\/\\\/shop.noor.fi\\\/sv\\\/\"},{\"@type\":\"ListItem\",\"position\":2,\"name\":\"Butik\",\"item\":\"https:\\\/\\\/shopnoorfi-wp31835.test.cchosting.fi\\\/sv\\\/butik\\\/\"},{\"@type\":\"ListItem\",\"position\":3,\"name\":\"Clyde golvarmatur svart\"}]},{\"@type\":\"WebSite\",\"@id\":\"https:\\\/\\\/shopnoorfi-wp31835.test.cchosting.fi\\\/#website\",\"url\":\"https:\\\/\\\/shopnoorfi-wp31835.test.cchosting.fi\\\/\",\"name\":\"Oy Noortrade Ab\",\"description\":\"Finnish family owned company with over 30 years of professional experience in lighting &amp; interior products import and sales - reliably.\",\"publisher\":{\"@id\":\"https:\\\/\\\/shopnoorfi-wp31835.test.cchosting.fi\\\/#organization\"},\"potentialAction\":[{\"@type\":\"SearchAction\",\"target\":{\"@type\":\"EntryPoint\",\"urlTemplate\":\"https:\\\/\\\/shopnoorfi-wp31835.test.cchosting.fi\\\/?s={search_term_string}\"},\"query-input\":{\"@type\":\"PropertyValueSpecification\",\"valueRequired\":true,\"valueName\":\"search_term_string\"}}],\"inLanguage\":\"sv-SE\"},{\"@type\":\"Organization\",\"@id\":\"https:\\\/\\\/shopnoorfi-wp31835.test.cchosting.fi\\\/#organization\",\"name\":\"Oy Noortrade Ab\",\"url\":\"https:\\\/\\\/shopnoorfi-wp31835.test.cchosting.fi\\\/\",\"logo\":{\"@type\":\"ImageObject\",\"inLanguage\":\"sv-SE\",\"@id\":\"https:\\\/\\\/shopnoorfi-wp31835.test.cchosting.fi\\\/#\\\/schema\\\/logo\\\/image\\\/\",\"url\":\"https:\\\/\\\/shop.noor.fi\\\/wp-content\\\/uploads\\\/2024\\\/01\\\/Oy-Noortrade-Ab-Corbel-VERSAL-bold-BLACK.png\",\"contentUrl\":\"https:\\\/\\\/shop.noor.fi\\\/wp-content\\\/uploads\\\/2024\\\/01\\\/Oy-Noortrade-Ab-Corbel-VERSAL-bold-BLACK.png\",\"width\":721,\"height\":177,\"caption\":\"Oy Noortrade Ab\"},\"image\":{\"@id\":\"https:\\\/\\\/shopnoorfi-wp31835.test.cchosting.fi\\\/#\\\/schema\\\/logo\\\/image\\\/\"}}]}<\/script>\n<!-- \/ Yoast SEO plugin. -->","yoast_head_json":{"title":"Clyde golvarmatur svart - Oy Noortrade Ab","robots":{"index":"index","follow":"follow","max-snippet":"max-snippet:-1","max-image-preview":"max-image-preview:large","max-video-preview":"max-video-preview:-1"},"canonical":"https:\/\/shop.noor.fi\/tuote\/clyde-lattiavalaisin-musta\/","og_locale":"sv_SE","og_type":"article","og_title":"Clyde golvarmatur svart - Oy Noortrade Ab","og_description":"I Clyde-serien kombineras stram skandinavisk design och innovativ teknik p\u00e5 det mest \u00f6vertygande s\u00e4tt. Clyde \u00e4r en snygg och funktionell golvlampa med tv\u00e5 huvuden d\u00e4r det \u00f6versta huvudet kan justeras upp\u00e5t och ned\u00e5t efter behov. Moodmaker-funktionen g\u00f6r lampan l\u00e4mplig f\u00f6r l\u00e4sbelysning samt f\u00f6r st\u00e4mningsljus bredvid soffan eller din favoritf\u00e5t\u00f6lj. Moodmaker-funktionen anv\u00e4nds med str\u00f6mbrytaren och fungerar [&hellip;]","og_url":"https:\/\/shop.noor.fi\/tuote\/clyde-lattiavalaisin-musta\/","og_site_name":"Oy Noortrade Ab","article_modified_time":"2026-05-13T08:15:47+00:00","og_image":[{"width":857,"height":857,"url":"https:\/\/shop.noor.fi\/wp-content\/uploads\/2023\/11\/5704924001192.jpg","type":"image\/jpeg"}],"twitter_card":"summary_large_image","twitter_misc":{"Ber\u00e4knad l\u00e4stid":"1 minut"},"schema":{"@context":"https:\/\/schema.org","@graph":[{"@type":"WebPage","@id":"https:\/\/shop.noor.fi\/tuote\/clyde-lattiavalaisin-musta\/","url":"https:\/\/shop.noor.fi\/tuote\/clyde-lattiavalaisin-musta\/","name":"Clyde golvarmatur svart - Oy Noortrade Ab","isPartOf":{"@id":"https:\/\/shopnoorfi-wp31835.test.cchosting.fi\/#website"},"primaryImageOfPage":{"@id":"https:\/\/shop.noor.fi\/tuote\/clyde-lattiavalaisin-musta\/#primaryimage"},"image":{"@id":"https:\/\/shop.noor.fi\/tuote\/clyde-lattiavalaisin-musta\/#primaryimage"},"thumbnailUrl":"https:\/\/shop.noor.fi\/wp-content\/uploads\/2023\/11\/5704924001192.jpg","datePublished":"2023-11-01T13:42:57+00:00","dateModified":"2026-05-13T08:15:47+00:00","breadcrumb":{"@id":"https:\/\/shop.noor.fi\/tuote\/clyde-lattiavalaisin-musta\/#breadcrumb"},"inLanguage":"sv-SE","potentialAction":[{"@type":"ReadAction","target":["https:\/\/shop.noor.fi\/tuote\/clyde-lattiavalaisin-musta\/"]}]},{"@type":"ImageObject","inLanguage":"sv-SE","@id":"https:\/\/shop.noor.fi\/tuote\/clyde-lattiavalaisin-musta\/#primaryimage","url":"https:\/\/shop.noor.fi\/wp-content\/uploads\/2023\/11\/5704924001192.jpg","contentUrl":"https:\/\/shop.noor.fi\/wp-content\/uploads\/2023\/11\/5704924001192.jpg","width":857,"height":857},{"@type":"BreadcrumbList","@id":"https:\/\/shop.noor.fi\/tuote\/clyde-lattiavalaisin-musta\/#breadcrumb","itemListElement":[{"@type":"ListItem","position":1,"name":"Etusivu","item":"https:\/\/shop.noor.fi\/sv\/"},{"@type":"ListItem","position":2,"name":"Butik","item":"https:\/\/shopnoorfi-wp31835.test.cchosting.fi\/sv\/butik\/"},{"@type":"ListItem","position":3,"name":"Clyde golvarmatur svart"}]},{"@type":"WebSite","@id":"https:\/\/shopnoorfi-wp31835.test.cchosting.fi\/#website","url":"https:\/\/shopnoorfi-wp31835.test.cchosting.fi\/","name":"Oy Noortrade Ab","description":"Finnish family owned company with over 30 years of professional experience in lighting &amp; interior products import and sales - reliably.","publisher":{"@id":"https:\/\/shopnoorfi-wp31835.test.cchosting.fi\/#organization"},"potentialAction":[{"@type":"SearchAction","target":{"@type":"EntryPoint","urlTemplate":"https:\/\/shopnoorfi-wp31835.test.cchosting.fi\/?s={search_term_string}"},"query-input":{"@type":"PropertyValueSpecification","valueRequired":true,"valueName":"search_term_string"}}],"inLanguage":"sv-SE"},{"@type":"Organization","@id":"https:\/\/shopnoorfi-wp31835.test.cchosting.fi\/#organization","name":"Oy Noortrade Ab","url":"https:\/\/shopnoorfi-wp31835.test.cchosting.fi\/","logo":{"@type":"ImageObject","inLanguage":"sv-SE","@id":"https:\/\/shopnoorfi-wp31835.test.cchosting.fi\/#\/schema\/logo\/image\/","url":"https:\/\/shop.noor.fi\/wp-content\/uploads\/2024\/01\/Oy-Noortrade-Ab-Corbel-VERSAL-bold-BLACK.png","contentUrl":"https:\/\/shop.noor.fi\/wp-content\/uploads\/2024\/01\/Oy-Noortrade-Ab-Corbel-VERSAL-bold-BLACK.png","width":721,"height":177,"caption":"Oy Noortrade Ab"},"image":{"@id":"https:\/\/shopnoorfi-wp31835.test.cchosting.fi\/#\/schema\/logo\/image\/"}}]}},"brands":[{"id":28730,"name":"Nordlux","slug":"nordlux"}],"_links":{"self":[{"href":"https:\/\/shop.noor.fi\/sv\/wp-json\/wp\/v2\/product\/102305","targetHints":{"allow":["GET"]}}],"collection":[{"href":"https:\/\/shop.noor.fi\/sv\/wp-json\/wp\/v2\/product"}],"about":[{"href":"https:\/\/shop.noor.fi\/sv\/wp-json\/wp\/v2\/types\/product"}],"replies":[{"embeddable":true,"href":"https:\/\/shop.noor.fi\/sv\/wp-json\/wp\/v2\/comments?post=102305"}],"wp:featuredmedia":[{"embeddable":true,"href":"https:\/\/shop.noor.fi\/sv\/wp-json\/wp\/v2\/media\/53215"}],"wp:attachment":[{"href":"https:\/\/shop.noor.fi\/sv\/wp-json\/wp\/v2\/media?parent=102305"}],"wp:term":[{"taxonomy":"pwb-brand","embeddable":true,"href":"https:\/\/shop.noor.fi\/sv\/wp-json\/wp\/v2\/pwb-brand?post=102305"},{"taxonomy":"product_brand","embeddable":true,"href":"https:\/\/shop.noor.fi\/sv\/wp-json\/wp\/v2\/product_brand?post=102305"},{"taxonomy":"product_cat","embeddable":true,"href":"https:\/\/shop.noor.fi\/sv\/wp-json\/wp\/v2\/product_cat?post=102305"},{"taxonomy":"product_tag","embeddable":true,"href":"https:\/\/shop.noor.fi\/sv\/wp-json\/wp\/v2\/product_tag?post=102305"}],"curies":[{"name":"wp","href":"https:\/\/api.w.org\/{rel}","templated":true}]}}