{"id":102290,"date":"2023-11-01T15:42:06","date_gmt":"2023-11-01T13:42:06","guid":{"rendered":"https:\/\/shop.noor.fi\/product\/grant-35-pendel-massing\/"},"modified":"2026-03-19T10:48:39","modified_gmt":"2026-03-19T08:48:39","slug":"grant-35-pendel-massing","status":"publish","type":"product","link":"https:\/\/shop.noor.fi\/sv\/produkt\/grant-35-pendel-massing\/","title":{"rendered":"Grant 35 pendel m\u00e4ssing"},"content":{"rendered":"<p>Grant balanserar enkelhet och elegans p\u00e5 b\u00e4sta s\u00e4tt d\u00e4r all on\u00f6dig utsmyckning har skurits bort s\u00e5 att seriens form och material framh\u00e4vs. Den otroligt vackra, lysande glaskupolen omsluts av sin ram som skapar en full\u00e4ndad och dekorativ helhet.<br \/>\nPendeln Grant f\u00f6ljer en av de stora designtrenderna just nu: m\u00e4ssing och vitt opalglas. En elegant detalj \u00e4r kupan i m\u00e4ssing som passar till lampans topp och skapar en full\u00e4ndad helhet. Grant \u00e4r b\u00e5de snygg f\u00f6r sig och n\u00e4r man h\u00e4nger flera tillsammans och kan med f\u00f6rdel kombineras med seriens \u00f6vriga pendellampor i olika storlekar.<br \/>\nGlaset i den h\u00e4r lampan \u00e4r munbl\u00e5st och har tillverkats individuellt f\u00f6r hand. P\u00e5 grund av denna unika process kan luftbubblor uppst\u00e5 i glaset och dessutom kan glasets tjocklek variera. Detta ger glaset dess karakt\u00e4r och levande utseende.<br \/>\nSladdl\u00e4ngd 200 cm. Fast installation.<br \/>\nE27, max 15W. Ljusk\u00e4lla ing\u00e5r ej.<\/p>\n<p>Diameter 35 cm<br \/>\nH\u00f6jd 50 cm<br \/>\nTakkopp 12 cm i diameter, h\u00f6jd 7,8 cm<\/p>\n","protected":false},"excerpt":{"rendered":"<p>Grant balanserar enkelhet och elegans p\u00e5 b\u00e4sta s\u00e4tt d\u00e4r all on\u00f6dig utsmyckning har skurits bort s\u00e5 att seriens form och material framh\u00e4vs. Den otroligt vackra, lysande glaskupolen omsluts av sin ram som skapar en full\u00e4ndad och dekorativ helhet. Pendeln Grant f\u00f6ljer en av de stora designtrenderna just nu: m\u00e4ssing och vitt opalglas. En elegant detalj [&hellip;]<\/p>\n","protected":false},"featured_media":53269,"comment_status":"open","ping_status":"closed","template":"","meta":{"_acf_changed":false,"_relevanssi_hide_post":"","_relevanssi_hide_content":"","_relevanssi_pin_for_all":"","_relevanssi_pin_keywords":"","_relevanssi_unpin_keywords":"","_relevanssi_related_keywords":"","_relevanssi_related_include_ids":"","_relevanssi_related_exclude_ids":"","_relevanssi_related_no_append":"","_relevanssi_related_not_related":"","_relevanssi_related_posts":"","_relevanssi_noindex_reason":""},"pwb-brand":[28730,37488],"product_brand":[],"product_cat":[32115],"product_tag":[],"class_list":{"0":"post-102290","1":"product","2":"type-product","3":"status-publish","4":"has-post-thumbnail","6":"pwb-brand-nordlux","7":"pwb-brand-nordlux-sv","8":"product_cat-pendlar","10":"first","11":"instock","12":"taxable","13":"shipping-taxable","14":"purchasable","15":"product-type-simple"},"acf":[],"yoast_head":"<!-- This site is optimized with the Yoast SEO plugin v27.5 - https:\/\/yoast.com\/product\/yoast-seo-wordpress\/ -->\n<title>Grant 35 pendel m\u00e4ssing - Oy Noortrade Ab<\/title>\n<meta name=\"robots\" content=\"index, follow, max-snippet:-1, max-image-preview:large, max-video-preview:-1\" \/>\n<link rel=\"canonical\" href=\"https:\/\/shop.noor.fi\/tuote\/grant-35-riippuvalaisin-messinki\/\" \/>\n<meta property=\"og:locale\" content=\"sv_SE\" \/>\n<meta property=\"og:type\" content=\"article\" \/>\n<meta property=\"og:title\" content=\"Grant 35 pendel m\u00e4ssing - Oy Noortrade Ab\" \/>\n<meta property=\"og:description\" content=\"Grant balanserar enkelhet och elegans p\u00e5 b\u00e4sta s\u00e4tt d\u00e4r all on\u00f6dig utsmyckning har skurits bort s\u00e5 att seriens form och material framh\u00e4vs. Den otroligt vackra, lysande glaskupolen omsluts av sin ram som skapar en full\u00e4ndad och dekorativ helhet. Pendeln Grant f\u00f6ljer en av de stora designtrenderna just nu: m\u00e4ssing och vitt opalglas. En elegant detalj [&hellip;]\" \/>\n<meta property=\"og:url\" content=\"https:\/\/shop.noor.fi\/tuote\/grant-35-riippuvalaisin-messinki\/\" \/>\n<meta property=\"og:site_name\" content=\"Oy Noortrade Ab\" \/>\n<meta property=\"article:modified_time\" content=\"2026-03-19T08:48:39+00:00\" \/>\n<meta property=\"og:image\" content=\"https:\/\/shop.noor.fi\/wp-content\/uploads\/2023\/11\/5704924001123.jpg\" \/>\n\t<meta property=\"og:image:width\" content=\"857\" \/>\n\t<meta property=\"og:image:height\" content=\"857\" \/>\n\t<meta property=\"og:image:type\" content=\"image\/jpeg\" \/>\n<meta name=\"twitter:card\" content=\"summary_large_image\" \/>\n<meta name=\"twitter:label1\" content=\"Ber\u00e4knad l\u00e4stid\" \/>\n\t<meta name=\"twitter:data1\" content=\"1 minut\" \/>\n<script type=\"application\/ld+json\" class=\"yoast-schema-graph\">{\"@context\":\"https:\\\/\\\/schema.org\",\"@graph\":[{\"@type\":\"WebPage\",\"@id\":\"https:\\\/\\\/shop.noor.fi\\\/tuote\\\/grant-35-riippuvalaisin-messinki\\\/\",\"url\":\"https:\\\/\\\/shop.noor.fi\\\/tuote\\\/grant-35-riippuvalaisin-messinki\\\/\",\"name\":\"Grant 35 pendel m\u00e4ssing - Oy Noortrade Ab\",\"isPartOf\":{\"@id\":\"https:\\\/\\\/shopnoorfi-wp31835.test.cchosting.fi\\\/#website\"},\"primaryImageOfPage\":{\"@id\":\"https:\\\/\\\/shop.noor.fi\\\/tuote\\\/grant-35-riippuvalaisin-messinki\\\/#primaryimage\"},\"image\":{\"@id\":\"https:\\\/\\\/shop.noor.fi\\\/tuote\\\/grant-35-riippuvalaisin-messinki\\\/#primaryimage\"},\"thumbnailUrl\":\"https:\\\/\\\/shop.noor.fi\\\/wp-content\\\/uploads\\\/2023\\\/11\\\/5704924001123.jpg\",\"datePublished\":\"2023-11-01T13:42:06+00:00\",\"dateModified\":\"2026-03-19T08:48:39+00:00\",\"breadcrumb\":{\"@id\":\"https:\\\/\\\/shop.noor.fi\\\/tuote\\\/grant-35-riippuvalaisin-messinki\\\/#breadcrumb\"},\"inLanguage\":\"sv-SE\",\"potentialAction\":[{\"@type\":\"ReadAction\",\"target\":[\"https:\\\/\\\/shop.noor.fi\\\/tuote\\\/grant-35-riippuvalaisin-messinki\\\/\"]}]},{\"@type\":\"ImageObject\",\"inLanguage\":\"sv-SE\",\"@id\":\"https:\\\/\\\/shop.noor.fi\\\/tuote\\\/grant-35-riippuvalaisin-messinki\\\/#primaryimage\",\"url\":\"https:\\\/\\\/shop.noor.fi\\\/wp-content\\\/uploads\\\/2023\\\/11\\\/5704924001123.jpg\",\"contentUrl\":\"https:\\\/\\\/shop.noor.fi\\\/wp-content\\\/uploads\\\/2023\\\/11\\\/5704924001123.jpg\",\"width\":857,\"height\":857},{\"@type\":\"BreadcrumbList\",\"@id\":\"https:\\\/\\\/shop.noor.fi\\\/tuote\\\/grant-35-riippuvalaisin-messinki\\\/#breadcrumb\",\"itemListElement\":[{\"@type\":\"ListItem\",\"position\":1,\"name\":\"Etusivu\",\"item\":\"https:\\\/\\\/shop.noor.fi\\\/sv\\\/\"},{\"@type\":\"ListItem\",\"position\":2,\"name\":\"Butik\",\"item\":\"https:\\\/\\\/shopnoorfi-wp31835.test.cchosting.fi\\\/sv\\\/butik\\\/\"},{\"@type\":\"ListItem\",\"position\":3,\"name\":\"Grant 35 pendel m\u00e4ssing\"}]},{\"@type\":\"WebSite\",\"@id\":\"https:\\\/\\\/shopnoorfi-wp31835.test.cchosting.fi\\\/#website\",\"url\":\"https:\\\/\\\/shopnoorfi-wp31835.test.cchosting.fi\\\/\",\"name\":\"Oy Noortrade Ab\",\"description\":\"Finnish family owned company with over 30 years of professional experience in lighting &amp; interior products import and sales - reliably.\",\"publisher\":{\"@id\":\"https:\\\/\\\/shopnoorfi-wp31835.test.cchosting.fi\\\/#organization\"},\"potentialAction\":[{\"@type\":\"SearchAction\",\"target\":{\"@type\":\"EntryPoint\",\"urlTemplate\":\"https:\\\/\\\/shopnoorfi-wp31835.test.cchosting.fi\\\/?s={search_term_string}\"},\"query-input\":{\"@type\":\"PropertyValueSpecification\",\"valueRequired\":true,\"valueName\":\"search_term_string\"}}],\"inLanguage\":\"sv-SE\"},{\"@type\":\"Organization\",\"@id\":\"https:\\\/\\\/shopnoorfi-wp31835.test.cchosting.fi\\\/#organization\",\"name\":\"Oy Noortrade Ab\",\"url\":\"https:\\\/\\\/shopnoorfi-wp31835.test.cchosting.fi\\\/\",\"logo\":{\"@type\":\"ImageObject\",\"inLanguage\":\"sv-SE\",\"@id\":\"https:\\\/\\\/shopnoorfi-wp31835.test.cchosting.fi\\\/#\\\/schema\\\/logo\\\/image\\\/\",\"url\":\"https:\\\/\\\/shop.noor.fi\\\/wp-content\\\/uploads\\\/2024\\\/01\\\/Oy-Noortrade-Ab-Corbel-VERSAL-bold-BLACK.png\",\"contentUrl\":\"https:\\\/\\\/shop.noor.fi\\\/wp-content\\\/uploads\\\/2024\\\/01\\\/Oy-Noortrade-Ab-Corbel-VERSAL-bold-BLACK.png\",\"width\":721,\"height\":177,\"caption\":\"Oy Noortrade Ab\"},\"image\":{\"@id\":\"https:\\\/\\\/shopnoorfi-wp31835.test.cchosting.fi\\\/#\\\/schema\\\/logo\\\/image\\\/\"}}]}<\/script>\n<!-- \/ Yoast SEO plugin. -->","yoast_head_json":{"title":"Grant 35 pendel m\u00e4ssing - Oy Noortrade Ab","robots":{"index":"index","follow":"follow","max-snippet":"max-snippet:-1","max-image-preview":"max-image-preview:large","max-video-preview":"max-video-preview:-1"},"canonical":"https:\/\/shop.noor.fi\/tuote\/grant-35-riippuvalaisin-messinki\/","og_locale":"sv_SE","og_type":"article","og_title":"Grant 35 pendel m\u00e4ssing - Oy Noortrade Ab","og_description":"Grant balanserar enkelhet och elegans p\u00e5 b\u00e4sta s\u00e4tt d\u00e4r all on\u00f6dig utsmyckning har skurits bort s\u00e5 att seriens form och material framh\u00e4vs. Den otroligt vackra, lysande glaskupolen omsluts av sin ram som skapar en full\u00e4ndad och dekorativ helhet. Pendeln Grant f\u00f6ljer en av de stora designtrenderna just nu: m\u00e4ssing och vitt opalglas. En elegant detalj [&hellip;]","og_url":"https:\/\/shop.noor.fi\/tuote\/grant-35-riippuvalaisin-messinki\/","og_site_name":"Oy Noortrade Ab","article_modified_time":"2026-03-19T08:48:39+00:00","og_image":[{"width":857,"height":857,"url":"https:\/\/shop.noor.fi\/wp-content\/uploads\/2023\/11\/5704924001123.jpg","type":"image\/jpeg"}],"twitter_card":"summary_large_image","twitter_misc":{"Ber\u00e4knad l\u00e4stid":"1 minut"},"schema":{"@context":"https:\/\/schema.org","@graph":[{"@type":"WebPage","@id":"https:\/\/shop.noor.fi\/tuote\/grant-35-riippuvalaisin-messinki\/","url":"https:\/\/shop.noor.fi\/tuote\/grant-35-riippuvalaisin-messinki\/","name":"Grant 35 pendel m\u00e4ssing - Oy Noortrade Ab","isPartOf":{"@id":"https:\/\/shopnoorfi-wp31835.test.cchosting.fi\/#website"},"primaryImageOfPage":{"@id":"https:\/\/shop.noor.fi\/tuote\/grant-35-riippuvalaisin-messinki\/#primaryimage"},"image":{"@id":"https:\/\/shop.noor.fi\/tuote\/grant-35-riippuvalaisin-messinki\/#primaryimage"},"thumbnailUrl":"https:\/\/shop.noor.fi\/wp-content\/uploads\/2023\/11\/5704924001123.jpg","datePublished":"2023-11-01T13:42:06+00:00","dateModified":"2026-03-19T08:48:39+00:00","breadcrumb":{"@id":"https:\/\/shop.noor.fi\/tuote\/grant-35-riippuvalaisin-messinki\/#breadcrumb"},"inLanguage":"sv-SE","potentialAction":[{"@type":"ReadAction","target":["https:\/\/shop.noor.fi\/tuote\/grant-35-riippuvalaisin-messinki\/"]}]},{"@type":"ImageObject","inLanguage":"sv-SE","@id":"https:\/\/shop.noor.fi\/tuote\/grant-35-riippuvalaisin-messinki\/#primaryimage","url":"https:\/\/shop.noor.fi\/wp-content\/uploads\/2023\/11\/5704924001123.jpg","contentUrl":"https:\/\/shop.noor.fi\/wp-content\/uploads\/2023\/11\/5704924001123.jpg","width":857,"height":857},{"@type":"BreadcrumbList","@id":"https:\/\/shop.noor.fi\/tuote\/grant-35-riippuvalaisin-messinki\/#breadcrumb","itemListElement":[{"@type":"ListItem","position":1,"name":"Etusivu","item":"https:\/\/shop.noor.fi\/sv\/"},{"@type":"ListItem","position":2,"name":"Butik","item":"https:\/\/shopnoorfi-wp31835.test.cchosting.fi\/sv\/butik\/"},{"@type":"ListItem","position":3,"name":"Grant 35 pendel m\u00e4ssing"}]},{"@type":"WebSite","@id":"https:\/\/shopnoorfi-wp31835.test.cchosting.fi\/#website","url":"https:\/\/shopnoorfi-wp31835.test.cchosting.fi\/","name":"Oy Noortrade Ab","description":"Finnish family owned company with over 30 years of professional experience in lighting &amp; interior products import and sales - reliably.","publisher":{"@id":"https:\/\/shopnoorfi-wp31835.test.cchosting.fi\/#organization"},"potentialAction":[{"@type":"SearchAction","target":{"@type":"EntryPoint","urlTemplate":"https:\/\/shopnoorfi-wp31835.test.cchosting.fi\/?s={search_term_string}"},"query-input":{"@type":"PropertyValueSpecification","valueRequired":true,"valueName":"search_term_string"}}],"inLanguage":"sv-SE"},{"@type":"Organization","@id":"https:\/\/shopnoorfi-wp31835.test.cchosting.fi\/#organization","name":"Oy Noortrade Ab","url":"https:\/\/shopnoorfi-wp31835.test.cchosting.fi\/","logo":{"@type":"ImageObject","inLanguage":"sv-SE","@id":"https:\/\/shopnoorfi-wp31835.test.cchosting.fi\/#\/schema\/logo\/image\/","url":"https:\/\/shop.noor.fi\/wp-content\/uploads\/2024\/01\/Oy-Noortrade-Ab-Corbel-VERSAL-bold-BLACK.png","contentUrl":"https:\/\/shop.noor.fi\/wp-content\/uploads\/2024\/01\/Oy-Noortrade-Ab-Corbel-VERSAL-bold-BLACK.png","width":721,"height":177,"caption":"Oy Noortrade Ab"},"image":{"@id":"https:\/\/shopnoorfi-wp31835.test.cchosting.fi\/#\/schema\/logo\/image\/"}}]}},"brands":[{"id":28730,"name":"Nordlux","slug":"nordlux"},{"id":37488,"name":"Nordlux","slug":"nordlux-sv"}],"_links":{"self":[{"href":"https:\/\/shop.noor.fi\/sv\/wp-json\/wp\/v2\/product\/102290","targetHints":{"allow":["GET"]}}],"collection":[{"href":"https:\/\/shop.noor.fi\/sv\/wp-json\/wp\/v2\/product"}],"about":[{"href":"https:\/\/shop.noor.fi\/sv\/wp-json\/wp\/v2\/types\/product"}],"replies":[{"embeddable":true,"href":"https:\/\/shop.noor.fi\/sv\/wp-json\/wp\/v2\/comments?post=102290"}],"wp:featuredmedia":[{"embeddable":true,"href":"https:\/\/shop.noor.fi\/sv\/wp-json\/wp\/v2\/media\/53269"}],"wp:attachment":[{"href":"https:\/\/shop.noor.fi\/sv\/wp-json\/wp\/v2\/media?parent=102290"}],"wp:term":[{"taxonomy":"pwb-brand","embeddable":true,"href":"https:\/\/shop.noor.fi\/sv\/wp-json\/wp\/v2\/pwb-brand?post=102290"},{"taxonomy":"product_brand","embeddable":true,"href":"https:\/\/shop.noor.fi\/sv\/wp-json\/wp\/v2\/product_brand?post=102290"},{"taxonomy":"product_cat","embeddable":true,"href":"https:\/\/shop.noor.fi\/sv\/wp-json\/wp\/v2\/product_cat?post=102290"},{"taxonomy":"product_tag","embeddable":true,"href":"https:\/\/shop.noor.fi\/sv\/wp-json\/wp\/v2\/product_tag?post=102290"}],"curies":[{"name":"wp","href":"https:\/\/api.w.org\/{rel}","templated":true}]}}