{"id":102242,"date":"2023-11-01T15:39:40","date_gmt":"2023-11-01T13:39:40","guid":{"rendered":"https:\/\/shop.noor.fi\/product\/veno-vaggarmatur-koppar\/"},"modified":"2026-02-02T09:34:42","modified_gmt":"2026-02-02T07:34:42","slug":"veno-vaggarmatur-koppar","status":"publish","type":"product","link":"https:\/\/shop.noor.fi\/sv\/produkt\/veno-vaggarmatur-koppar\/","title":{"rendered":"Ven\u00f6 v\u00e4ggarmatur koppar"},"content":{"rendered":"<p>En elegant och tidl\u00f6s v\u00e4gglampa som sprider ljuset genom tre sk\u00e4rmar, s\u00e5 att ljusbilden blir mjuk och behaglig. Koppar \u00e4r ett v\u00e4derbest\u00e4ndigt material, vilket g\u00f6r att lampan l\u00e4mpar sig f\u00f6r tuffa f\u00f6rh\u00e5llanden i kustomr\u00e5den.<br \/>\n15 \u00e5rs garanti mot korrosion.<br \/>\nE27, max 60W. Ljusk\u00e4lla ing\u00e5r ej.<\/p>\n<p>Bredd 35 cm<br \/>\nDjup 40 cm<br \/>\nH\u00f6jd 26 cm<br \/>\nV\u00e4ggf\u00e4ste 11,7 cm i diameter<\/p>\n","protected":false},"excerpt":{"rendered":"<p>En elegant och tidl\u00f6s v\u00e4gglampa som sprider ljuset genom tre sk\u00e4rmar, s\u00e5 att ljusbilden blir mjuk och behaglig. Koppar \u00e4r ett v\u00e4derbest\u00e4ndigt material, vilket g\u00f6r att lampan l\u00e4mpar sig f\u00f6r tuffa f\u00f6rh\u00e5llanden i kustomr\u00e5den. 15 \u00e5rs garanti mot korrosion. E27, max 60W. Ljusk\u00e4lla ing\u00e5r ej. Bredd 35 cm Djup 40 cm H\u00f6jd 26 cm V\u00e4ggf\u00e4ste [&hellip;]<\/p>\n","protected":false},"featured_media":86735,"comment_status":"open","ping_status":"closed","template":"","meta":{"_acf_changed":false,"_relevanssi_hide_post":"","_relevanssi_hide_content":"","_relevanssi_pin_for_all":"","_relevanssi_pin_keywords":"","_relevanssi_unpin_keywords":"","_relevanssi_related_keywords":"","_relevanssi_related_include_ids":"","_relevanssi_related_exclude_ids":"","_relevanssi_related_no_append":"","_relevanssi_related_not_related":"","_relevanssi_related_posts":"","_relevanssi_noindex_reason":""},"pwb-brand":[28730],"product_brand":[],"product_cat":[32193],"product_tag":[],"class_list":{"0":"post-102242","1":"product","2":"type-product","3":"status-publish","4":"has-post-thumbnail","6":"pwb-brand-nordlux","7":"product_cat-vagglampor-sv-2","9":"first","10":"instock","11":"taxable","12":"shipping-taxable","13":"purchasable","14":"product-type-simple"},"acf":[],"yoast_head":"<!-- This site is optimized with the Yoast SEO plugin v27.5 - https:\/\/yoast.com\/product\/yoast-seo-wordpress\/ -->\n<title>Ven\u00f6 v\u00e4ggarmatur koppar - Oy Noortrade Ab<\/title>\n<meta name=\"robots\" content=\"index, follow, max-snippet:-1, max-image-preview:large, max-video-preview:-1\" \/>\n<link rel=\"canonical\" href=\"https:\/\/shop.noor.fi\/sv\/produkt\/veno-vaggarmatur-koppar\/\" \/>\n<meta property=\"og:locale\" content=\"sv_SE\" \/>\n<meta property=\"og:type\" content=\"article\" \/>\n<meta property=\"og:title\" content=\"Ven\u00f6 v\u00e4ggarmatur koppar - Oy Noortrade Ab\" \/>\n<meta property=\"og:description\" content=\"En elegant och tidl\u00f6s v\u00e4gglampa som sprider ljuset genom tre sk\u00e4rmar, s\u00e5 att ljusbilden blir mjuk och behaglig. Koppar \u00e4r ett v\u00e4derbest\u00e4ndigt material, vilket g\u00f6r att lampan l\u00e4mpar sig f\u00f6r tuffa f\u00f6rh\u00e5llanden i kustomr\u00e5den. 15 \u00e5rs garanti mot korrosion. E27, max 60W. Ljusk\u00e4lla ing\u00e5r ej. Bredd 35 cm Djup 40 cm H\u00f6jd 26 cm V\u00e4ggf\u00e4ste [&hellip;]\" \/>\n<meta property=\"og:url\" content=\"https:\/\/shop.noor.fi\/sv\/produkt\/veno-vaggarmatur-koppar\/\" \/>\n<meta property=\"og:site_name\" content=\"Oy Noortrade Ab\" \/>\n<meta property=\"article:modified_time\" content=\"2026-02-02T07:34:42+00:00\" \/>\n<meta property=\"og:image\" content=\"https:\/\/shop.noor.fi\/wp-content\/uploads\/2023\/11\/5702376006253.jpg\" \/>\n\t<meta property=\"og:image:width\" content=\"1532\" \/>\n\t<meta property=\"og:image:height\" content=\"1532\" \/>\n\t<meta property=\"og:image:type\" content=\"image\/jpeg\" \/>\n<meta name=\"twitter:card\" content=\"summary_large_image\" \/>\n<script type=\"application\/ld+json\" class=\"yoast-schema-graph\">{\"@context\":\"https:\\\/\\\/schema.org\",\"@graph\":[{\"@type\":\"WebPage\",\"@id\":\"https:\\\/\\\/shop.noor.fi\\\/sv\\\/produkt\\\/veno-vaggarmatur-koppar\\\/\",\"url\":\"https:\\\/\\\/shop.noor.fi\\\/sv\\\/produkt\\\/veno-vaggarmatur-koppar\\\/\",\"name\":\"Ven\u00f6 v\u00e4ggarmatur koppar - Oy Noortrade Ab\",\"isPartOf\":{\"@id\":\"https:\\\/\\\/shopnoorfi-wp31835.test.cchosting.fi\\\/#website\"},\"primaryImageOfPage\":{\"@id\":\"https:\\\/\\\/shop.noor.fi\\\/sv\\\/produkt\\\/veno-vaggarmatur-koppar\\\/#primaryimage\"},\"image\":{\"@id\":\"https:\\\/\\\/shop.noor.fi\\\/sv\\\/produkt\\\/veno-vaggarmatur-koppar\\\/#primaryimage\"},\"thumbnailUrl\":\"https:\\\/\\\/shop.noor.fi\\\/wp-content\\\/uploads\\\/2023\\\/11\\\/5702376006253.jpg\",\"datePublished\":\"2023-11-01T13:39:40+00:00\",\"dateModified\":\"2026-02-02T07:34:42+00:00\",\"breadcrumb\":{\"@id\":\"https:\\\/\\\/shop.noor.fi\\\/sv\\\/produkt\\\/veno-vaggarmatur-koppar\\\/#breadcrumb\"},\"inLanguage\":\"sv-SE\",\"potentialAction\":[{\"@type\":\"ReadAction\",\"target\":[\"https:\\\/\\\/shop.noor.fi\\\/sv\\\/produkt\\\/veno-vaggarmatur-koppar\\\/\"]}]},{\"@type\":\"ImageObject\",\"inLanguage\":\"sv-SE\",\"@id\":\"https:\\\/\\\/shop.noor.fi\\\/sv\\\/produkt\\\/veno-vaggarmatur-koppar\\\/#primaryimage\",\"url\":\"https:\\\/\\\/shop.noor.fi\\\/wp-content\\\/uploads\\\/2023\\\/11\\\/5702376006253.jpg\",\"contentUrl\":\"https:\\\/\\\/shop.noor.fi\\\/wp-content\\\/uploads\\\/2023\\\/11\\\/5702376006253.jpg\",\"width\":1532,\"height\":1532},{\"@type\":\"BreadcrumbList\",\"@id\":\"https:\\\/\\\/shop.noor.fi\\\/sv\\\/produkt\\\/veno-vaggarmatur-koppar\\\/#breadcrumb\",\"itemListElement\":[{\"@type\":\"ListItem\",\"position\":1,\"name\":\"Etusivu\",\"item\":\"https:\\\/\\\/shop.noor.fi\\\/sv\\\/\"},{\"@type\":\"ListItem\",\"position\":2,\"name\":\"Butik\",\"item\":\"https:\\\/\\\/shopnoorfi-wp31835.test.cchosting.fi\\\/sv\\\/butik\\\/\"},{\"@type\":\"ListItem\",\"position\":3,\"name\":\"Ven\u00f6 v\u00e4ggarmatur koppar\"}]},{\"@type\":\"WebSite\",\"@id\":\"https:\\\/\\\/shopnoorfi-wp31835.test.cchosting.fi\\\/#website\",\"url\":\"https:\\\/\\\/shopnoorfi-wp31835.test.cchosting.fi\\\/\",\"name\":\"Oy Noortrade Ab\",\"description\":\"Finnish family owned company with over 30 years of professional experience in lighting &amp; interior products import and sales - reliably.\",\"publisher\":{\"@id\":\"https:\\\/\\\/shopnoorfi-wp31835.test.cchosting.fi\\\/#organization\"},\"potentialAction\":[{\"@type\":\"SearchAction\",\"target\":{\"@type\":\"EntryPoint\",\"urlTemplate\":\"https:\\\/\\\/shopnoorfi-wp31835.test.cchosting.fi\\\/?s={search_term_string}\"},\"query-input\":{\"@type\":\"PropertyValueSpecification\",\"valueRequired\":true,\"valueName\":\"search_term_string\"}}],\"inLanguage\":\"sv-SE\"},{\"@type\":\"Organization\",\"@id\":\"https:\\\/\\\/shopnoorfi-wp31835.test.cchosting.fi\\\/#organization\",\"name\":\"Oy Noortrade Ab\",\"url\":\"https:\\\/\\\/shopnoorfi-wp31835.test.cchosting.fi\\\/\",\"logo\":{\"@type\":\"ImageObject\",\"inLanguage\":\"sv-SE\",\"@id\":\"https:\\\/\\\/shopnoorfi-wp31835.test.cchosting.fi\\\/#\\\/schema\\\/logo\\\/image\\\/\",\"url\":\"https:\\\/\\\/shop.noor.fi\\\/wp-content\\\/uploads\\\/2024\\\/01\\\/Oy-Noortrade-Ab-Corbel-VERSAL-bold-BLACK.png\",\"contentUrl\":\"https:\\\/\\\/shop.noor.fi\\\/wp-content\\\/uploads\\\/2024\\\/01\\\/Oy-Noortrade-Ab-Corbel-VERSAL-bold-BLACK.png\",\"width\":721,\"height\":177,\"caption\":\"Oy Noortrade Ab\"},\"image\":{\"@id\":\"https:\\\/\\\/shopnoorfi-wp31835.test.cchosting.fi\\\/#\\\/schema\\\/logo\\\/image\\\/\"}}]}<\/script>\n<!-- \/ Yoast SEO plugin. -->","yoast_head_json":{"title":"Ven\u00f6 v\u00e4ggarmatur koppar - Oy Noortrade Ab","robots":{"index":"index","follow":"follow","max-snippet":"max-snippet:-1","max-image-preview":"max-image-preview:large","max-video-preview":"max-video-preview:-1"},"canonical":"https:\/\/shop.noor.fi\/sv\/produkt\/veno-vaggarmatur-koppar\/","og_locale":"sv_SE","og_type":"article","og_title":"Ven\u00f6 v\u00e4ggarmatur koppar - Oy Noortrade Ab","og_description":"En elegant och tidl\u00f6s v\u00e4gglampa som sprider ljuset genom tre sk\u00e4rmar, s\u00e5 att ljusbilden blir mjuk och behaglig. Koppar \u00e4r ett v\u00e4derbest\u00e4ndigt material, vilket g\u00f6r att lampan l\u00e4mpar sig f\u00f6r tuffa f\u00f6rh\u00e5llanden i kustomr\u00e5den. 15 \u00e5rs garanti mot korrosion. E27, max 60W. Ljusk\u00e4lla ing\u00e5r ej. Bredd 35 cm Djup 40 cm H\u00f6jd 26 cm V\u00e4ggf\u00e4ste [&hellip;]","og_url":"https:\/\/shop.noor.fi\/sv\/produkt\/veno-vaggarmatur-koppar\/","og_site_name":"Oy Noortrade Ab","article_modified_time":"2026-02-02T07:34:42+00:00","og_image":[{"width":1532,"height":1532,"url":"https:\/\/shop.noor.fi\/wp-content\/uploads\/2023\/11\/5702376006253.jpg","type":"image\/jpeg"}],"twitter_card":"summary_large_image","schema":{"@context":"https:\/\/schema.org","@graph":[{"@type":"WebPage","@id":"https:\/\/shop.noor.fi\/sv\/produkt\/veno-vaggarmatur-koppar\/","url":"https:\/\/shop.noor.fi\/sv\/produkt\/veno-vaggarmatur-koppar\/","name":"Ven\u00f6 v\u00e4ggarmatur koppar - Oy Noortrade Ab","isPartOf":{"@id":"https:\/\/shopnoorfi-wp31835.test.cchosting.fi\/#website"},"primaryImageOfPage":{"@id":"https:\/\/shop.noor.fi\/sv\/produkt\/veno-vaggarmatur-koppar\/#primaryimage"},"image":{"@id":"https:\/\/shop.noor.fi\/sv\/produkt\/veno-vaggarmatur-koppar\/#primaryimage"},"thumbnailUrl":"https:\/\/shop.noor.fi\/wp-content\/uploads\/2023\/11\/5702376006253.jpg","datePublished":"2023-11-01T13:39:40+00:00","dateModified":"2026-02-02T07:34:42+00:00","breadcrumb":{"@id":"https:\/\/shop.noor.fi\/sv\/produkt\/veno-vaggarmatur-koppar\/#breadcrumb"},"inLanguage":"sv-SE","potentialAction":[{"@type":"ReadAction","target":["https:\/\/shop.noor.fi\/sv\/produkt\/veno-vaggarmatur-koppar\/"]}]},{"@type":"ImageObject","inLanguage":"sv-SE","@id":"https:\/\/shop.noor.fi\/sv\/produkt\/veno-vaggarmatur-koppar\/#primaryimage","url":"https:\/\/shop.noor.fi\/wp-content\/uploads\/2023\/11\/5702376006253.jpg","contentUrl":"https:\/\/shop.noor.fi\/wp-content\/uploads\/2023\/11\/5702376006253.jpg","width":1532,"height":1532},{"@type":"BreadcrumbList","@id":"https:\/\/shop.noor.fi\/sv\/produkt\/veno-vaggarmatur-koppar\/#breadcrumb","itemListElement":[{"@type":"ListItem","position":1,"name":"Etusivu","item":"https:\/\/shop.noor.fi\/sv\/"},{"@type":"ListItem","position":2,"name":"Butik","item":"https:\/\/shopnoorfi-wp31835.test.cchosting.fi\/sv\/butik\/"},{"@type":"ListItem","position":3,"name":"Ven\u00f6 v\u00e4ggarmatur koppar"}]},{"@type":"WebSite","@id":"https:\/\/shopnoorfi-wp31835.test.cchosting.fi\/#website","url":"https:\/\/shopnoorfi-wp31835.test.cchosting.fi\/","name":"Oy Noortrade Ab","description":"Finnish family owned company with over 30 years of professional experience in lighting &amp; interior products import and sales - reliably.","publisher":{"@id":"https:\/\/shopnoorfi-wp31835.test.cchosting.fi\/#organization"},"potentialAction":[{"@type":"SearchAction","target":{"@type":"EntryPoint","urlTemplate":"https:\/\/shopnoorfi-wp31835.test.cchosting.fi\/?s={search_term_string}"},"query-input":{"@type":"PropertyValueSpecification","valueRequired":true,"valueName":"search_term_string"}}],"inLanguage":"sv-SE"},{"@type":"Organization","@id":"https:\/\/shopnoorfi-wp31835.test.cchosting.fi\/#organization","name":"Oy Noortrade Ab","url":"https:\/\/shopnoorfi-wp31835.test.cchosting.fi\/","logo":{"@type":"ImageObject","inLanguage":"sv-SE","@id":"https:\/\/shopnoorfi-wp31835.test.cchosting.fi\/#\/schema\/logo\/image\/","url":"https:\/\/shop.noor.fi\/wp-content\/uploads\/2024\/01\/Oy-Noortrade-Ab-Corbel-VERSAL-bold-BLACK.png","contentUrl":"https:\/\/shop.noor.fi\/wp-content\/uploads\/2024\/01\/Oy-Noortrade-Ab-Corbel-VERSAL-bold-BLACK.png","width":721,"height":177,"caption":"Oy Noortrade Ab"},"image":{"@id":"https:\/\/shopnoorfi-wp31835.test.cchosting.fi\/#\/schema\/logo\/image\/"}}]}},"brands":[{"id":28730,"name":"Nordlux","slug":"nordlux"}],"_links":{"self":[{"href":"https:\/\/shop.noor.fi\/sv\/wp-json\/wp\/v2\/product\/102242","targetHints":{"allow":["GET"]}}],"collection":[{"href":"https:\/\/shop.noor.fi\/sv\/wp-json\/wp\/v2\/product"}],"about":[{"href":"https:\/\/shop.noor.fi\/sv\/wp-json\/wp\/v2\/types\/product"}],"replies":[{"embeddable":true,"href":"https:\/\/shop.noor.fi\/sv\/wp-json\/wp\/v2\/comments?post=102242"}],"wp:featuredmedia":[{"embeddable":true,"href":"https:\/\/shop.noor.fi\/sv\/wp-json\/wp\/v2\/media\/86735"}],"wp:attachment":[{"href":"https:\/\/shop.noor.fi\/sv\/wp-json\/wp\/v2\/media?parent=102242"}],"wp:term":[{"taxonomy":"pwb-brand","embeddable":true,"href":"https:\/\/shop.noor.fi\/sv\/wp-json\/wp\/v2\/pwb-brand?post=102242"},{"taxonomy":"product_brand","embeddable":true,"href":"https:\/\/shop.noor.fi\/sv\/wp-json\/wp\/v2\/product_brand?post=102242"},{"taxonomy":"product_cat","embeddable":true,"href":"https:\/\/shop.noor.fi\/sv\/wp-json\/wp\/v2\/product_cat?post=102242"},{"taxonomy":"product_tag","embeddable":true,"href":"https:\/\/shop.noor.fi\/sv\/wp-json\/wp\/v2\/product_tag?post=102242"}],"curies":[{"name":"wp","href":"https:\/\/api.w.org\/{rel}","templated":true}]}}