{"id":102041,"date":"2023-11-01T12:19:47","date_gmt":"2023-11-01T10:19:47","guid":{"rendered":"https:\/\/shop.noor.fi\/product\/maxi-dove-pendel-svart-opal\/"},"modified":"2026-05-06T14:28:11","modified_gmt":"2026-05-06T11:28:11","slug":"maxi-dove-pendel-svart-opal","status":"publish","type":"product","link":"https:\/\/shop.noor.fi\/sv\/produkt\/maxi-dove-pendel-svart-opal\/","title":{"rendered":"Maxi Dove pendel svart\/opal"},"content":{"rendered":"<p>Maxi Dove \u00e4r en pendel i klassisk design. Passar \u00f6ver det lilla matbordet, men ocks\u00e5 tv\u00e5 eller tre \u00f6ver det l\u00e5nga bordet. Med sitt fina opala glas f\u00e5r man ett mjukt fint ljus \u00f6ver hela matbordet.<br \/>\n2,5 meter l\u00e5ng sladd.<br \/>\nE27, max 60W. Ljusk\u00e4lla ing\u00e5r ej.<br \/>\nFast installation, kopplingsplint. Takplugg ing\u00e5r ej.<\/p>\n<p>Diameter 30 cm, h\u00f6jd 26 cm. Takkopp 11 cm i diameter.<\/p>\n","protected":false},"excerpt":{"rendered":"<p>Maxi Dove \u00e4r en pendel i klassisk design. Passar \u00f6ver det lilla matbordet, men ocks\u00e5 tv\u00e5 eller tre \u00f6ver det l\u00e5nga bordet. Med sitt fina opala glas f\u00e5r man ett mjukt fint ljus \u00f6ver hela matbordet. 2,5 meter l\u00e5ng sladd. E27, max 60W. Ljusk\u00e4lla ing\u00e5r ej. Fast installation, kopplingsplint. Takplugg ing\u00e5r ej. Diameter 30 cm, [&hellip;]<\/p>\n","protected":false},"featured_media":82307,"comment_status":"open","ping_status":"closed","template":"","meta":{"_acf_changed":false,"_relevanssi_hide_post":"","_relevanssi_hide_content":"","_relevanssi_pin_for_all":"","_relevanssi_pin_keywords":"","_relevanssi_unpin_keywords":"","_relevanssi_related_keywords":"","_relevanssi_related_include_ids":"","_relevanssi_related_exclude_ids":"","_relevanssi_related_no_append":"","_relevanssi_related_not_related":"","_relevanssi_related_posts":"","_relevanssi_noindex_reason":""},"pwb-brand":[28735],"product_brand":[],"product_cat":[32115],"product_tag":[],"class_list":{"0":"post-102041","1":"product","2":"type-product","3":"status-publish","4":"has-post-thumbnail","6":"pwb-brand-herstal","7":"product_cat-pendlar","9":"first","10":"onbackorder","11":"taxable","12":"shipping-taxable","13":"purchasable","14":"product-type-simple"},"acf":[],"yoast_head":"<!-- This site is optimized with the Yoast SEO plugin v27.5 - https:\/\/yoast.com\/product\/yoast-seo-wordpress\/ -->\n<title>Maxi Dove pendel svart\/opal - Oy Noortrade Ab<\/title>\n<meta name=\"robots\" content=\"index, follow, max-snippet:-1, max-image-preview:large, max-video-preview:-1\" \/>\n<link rel=\"canonical\" href=\"https:\/\/shop.noor.fi\/sv\/produkt\/maxi-dove-pendel-svart-opal\/\" \/>\n<meta property=\"og:locale\" content=\"sv_SE\" \/>\n<meta property=\"og:type\" content=\"article\" \/>\n<meta property=\"og:title\" content=\"Maxi Dove pendel svart\/opal - Oy Noortrade Ab\" \/>\n<meta property=\"og:description\" content=\"Maxi Dove \u00e4r en pendel i klassisk design. Passar \u00f6ver det lilla matbordet, men ocks\u00e5 tv\u00e5 eller tre \u00f6ver det l\u00e5nga bordet. Med sitt fina opala glas f\u00e5r man ett mjukt fint ljus \u00f6ver hela matbordet. 2,5 meter l\u00e5ng sladd. E27, max 60W. Ljusk\u00e4lla ing\u00e5r ej. Fast installation, kopplingsplint. Takplugg ing\u00e5r ej. Diameter 30 cm, [&hellip;]\" \/>\n<meta property=\"og:url\" content=\"https:\/\/shop.noor.fi\/sv\/produkt\/maxi-dove-pendel-svart-opal\/\" \/>\n<meta property=\"og:site_name\" content=\"Oy Noortrade Ab\" \/>\n<meta property=\"article:modified_time\" content=\"2026-05-06T11:28:11+00:00\" \/>\n<meta property=\"og:image\" content=\"https:\/\/shop.noor.fi\/wp-content\/uploads\/2024\/01\/7391534005252.jpg\" \/>\n\t<meta property=\"og:image:width\" content=\"2560\" \/>\n\t<meta property=\"og:image:height\" content=\"2560\" \/>\n\t<meta property=\"og:image:type\" content=\"image\/jpeg\" \/>\n<meta name=\"twitter:card\" content=\"summary_large_image\" \/>\n<script type=\"application\/ld+json\" class=\"yoast-schema-graph\">{\"@context\":\"https:\\\/\\\/schema.org\",\"@graph\":[{\"@type\":\"WebPage\",\"@id\":\"https:\\\/\\\/shop.noor.fi\\\/sv\\\/produkt\\\/maxi-dove-pendel-svart-opal\\\/\",\"url\":\"https:\\\/\\\/shop.noor.fi\\\/sv\\\/produkt\\\/maxi-dove-pendel-svart-opal\\\/\",\"name\":\"Maxi Dove pendel svart\\\/opal - Oy Noortrade Ab\",\"isPartOf\":{\"@id\":\"https:\\\/\\\/shopnoorfi-wp31835.test.cchosting.fi\\\/#website\"},\"primaryImageOfPage\":{\"@id\":\"https:\\\/\\\/shop.noor.fi\\\/sv\\\/produkt\\\/maxi-dove-pendel-svart-opal\\\/#primaryimage\"},\"image\":{\"@id\":\"https:\\\/\\\/shop.noor.fi\\\/sv\\\/produkt\\\/maxi-dove-pendel-svart-opal\\\/#primaryimage\"},\"thumbnailUrl\":\"https:\\\/\\\/shop.noor.fi\\\/wp-content\\\/uploads\\\/2024\\\/01\\\/7391534005252.jpg\",\"datePublished\":\"2023-11-01T10:19:47+00:00\",\"dateModified\":\"2026-05-06T11:28:11+00:00\",\"breadcrumb\":{\"@id\":\"https:\\\/\\\/shop.noor.fi\\\/sv\\\/produkt\\\/maxi-dove-pendel-svart-opal\\\/#breadcrumb\"},\"inLanguage\":\"sv-SE\",\"potentialAction\":[{\"@type\":\"ReadAction\",\"target\":[\"https:\\\/\\\/shop.noor.fi\\\/sv\\\/produkt\\\/maxi-dove-pendel-svart-opal\\\/\"]}]},{\"@type\":\"ImageObject\",\"inLanguage\":\"sv-SE\",\"@id\":\"https:\\\/\\\/shop.noor.fi\\\/sv\\\/produkt\\\/maxi-dove-pendel-svart-opal\\\/#primaryimage\",\"url\":\"https:\\\/\\\/shop.noor.fi\\\/wp-content\\\/uploads\\\/2024\\\/01\\\/7391534005252.jpg\",\"contentUrl\":\"https:\\\/\\\/shop.noor.fi\\\/wp-content\\\/uploads\\\/2024\\\/01\\\/7391534005252.jpg\",\"width\":2560,\"height\":2560},{\"@type\":\"BreadcrumbList\",\"@id\":\"https:\\\/\\\/shop.noor.fi\\\/sv\\\/produkt\\\/maxi-dove-pendel-svart-opal\\\/#breadcrumb\",\"itemListElement\":[{\"@type\":\"ListItem\",\"position\":1,\"name\":\"Etusivu\",\"item\":\"https:\\\/\\\/shop.noor.fi\\\/sv\\\/\"},{\"@type\":\"ListItem\",\"position\":2,\"name\":\"Butik\",\"item\":\"https:\\\/\\\/shopnoorfi-wp31835.test.cchosting.fi\\\/sv\\\/butik\\\/\"},{\"@type\":\"ListItem\",\"position\":3,\"name\":\"Maxi Dove pendel svart\\\/opal\"}]},{\"@type\":\"WebSite\",\"@id\":\"https:\\\/\\\/shopnoorfi-wp31835.test.cchosting.fi\\\/#website\",\"url\":\"https:\\\/\\\/shopnoorfi-wp31835.test.cchosting.fi\\\/\",\"name\":\"Oy Noortrade Ab\",\"description\":\"Finnish family owned company with over 30 years of professional experience in lighting &amp; interior products import and sales - reliably.\",\"publisher\":{\"@id\":\"https:\\\/\\\/shopnoorfi-wp31835.test.cchosting.fi\\\/#organization\"},\"potentialAction\":[{\"@type\":\"SearchAction\",\"target\":{\"@type\":\"EntryPoint\",\"urlTemplate\":\"https:\\\/\\\/shopnoorfi-wp31835.test.cchosting.fi\\\/?s={search_term_string}\"},\"query-input\":{\"@type\":\"PropertyValueSpecification\",\"valueRequired\":true,\"valueName\":\"search_term_string\"}}],\"inLanguage\":\"sv-SE\"},{\"@type\":\"Organization\",\"@id\":\"https:\\\/\\\/shopnoorfi-wp31835.test.cchosting.fi\\\/#organization\",\"name\":\"Oy Noortrade Ab\",\"url\":\"https:\\\/\\\/shopnoorfi-wp31835.test.cchosting.fi\\\/\",\"logo\":{\"@type\":\"ImageObject\",\"inLanguage\":\"sv-SE\",\"@id\":\"https:\\\/\\\/shopnoorfi-wp31835.test.cchosting.fi\\\/#\\\/schema\\\/logo\\\/image\\\/\",\"url\":\"https:\\\/\\\/shop.noor.fi\\\/wp-content\\\/uploads\\\/2024\\\/01\\\/Oy-Noortrade-Ab-Corbel-VERSAL-bold-BLACK.png\",\"contentUrl\":\"https:\\\/\\\/shop.noor.fi\\\/wp-content\\\/uploads\\\/2024\\\/01\\\/Oy-Noortrade-Ab-Corbel-VERSAL-bold-BLACK.png\",\"width\":721,\"height\":177,\"caption\":\"Oy Noortrade Ab\"},\"image\":{\"@id\":\"https:\\\/\\\/shopnoorfi-wp31835.test.cchosting.fi\\\/#\\\/schema\\\/logo\\\/image\\\/\"}}]}<\/script>\n<!-- \/ Yoast SEO plugin. -->","yoast_head_json":{"title":"Maxi Dove pendel svart\/opal - Oy Noortrade Ab","robots":{"index":"index","follow":"follow","max-snippet":"max-snippet:-1","max-image-preview":"max-image-preview:large","max-video-preview":"max-video-preview:-1"},"canonical":"https:\/\/shop.noor.fi\/sv\/produkt\/maxi-dove-pendel-svart-opal\/","og_locale":"sv_SE","og_type":"article","og_title":"Maxi Dove pendel svart\/opal - Oy Noortrade Ab","og_description":"Maxi Dove \u00e4r en pendel i klassisk design. Passar \u00f6ver det lilla matbordet, men ocks\u00e5 tv\u00e5 eller tre \u00f6ver det l\u00e5nga bordet. Med sitt fina opala glas f\u00e5r man ett mjukt fint ljus \u00f6ver hela matbordet. 2,5 meter l\u00e5ng sladd. E27, max 60W. Ljusk\u00e4lla ing\u00e5r ej. Fast installation, kopplingsplint. Takplugg ing\u00e5r ej. Diameter 30 cm, [&hellip;]","og_url":"https:\/\/shop.noor.fi\/sv\/produkt\/maxi-dove-pendel-svart-opal\/","og_site_name":"Oy Noortrade Ab","article_modified_time":"2026-05-06T11:28:11+00:00","og_image":[{"width":2560,"height":2560,"url":"https:\/\/shop.noor.fi\/wp-content\/uploads\/2024\/01\/7391534005252.jpg","type":"image\/jpeg"}],"twitter_card":"summary_large_image","schema":{"@context":"https:\/\/schema.org","@graph":[{"@type":"WebPage","@id":"https:\/\/shop.noor.fi\/sv\/produkt\/maxi-dove-pendel-svart-opal\/","url":"https:\/\/shop.noor.fi\/sv\/produkt\/maxi-dove-pendel-svart-opal\/","name":"Maxi Dove pendel svart\/opal - Oy Noortrade Ab","isPartOf":{"@id":"https:\/\/shopnoorfi-wp31835.test.cchosting.fi\/#website"},"primaryImageOfPage":{"@id":"https:\/\/shop.noor.fi\/sv\/produkt\/maxi-dove-pendel-svart-opal\/#primaryimage"},"image":{"@id":"https:\/\/shop.noor.fi\/sv\/produkt\/maxi-dove-pendel-svart-opal\/#primaryimage"},"thumbnailUrl":"https:\/\/shop.noor.fi\/wp-content\/uploads\/2024\/01\/7391534005252.jpg","datePublished":"2023-11-01T10:19:47+00:00","dateModified":"2026-05-06T11:28:11+00:00","breadcrumb":{"@id":"https:\/\/shop.noor.fi\/sv\/produkt\/maxi-dove-pendel-svart-opal\/#breadcrumb"},"inLanguage":"sv-SE","potentialAction":[{"@type":"ReadAction","target":["https:\/\/shop.noor.fi\/sv\/produkt\/maxi-dove-pendel-svart-opal\/"]}]},{"@type":"ImageObject","inLanguage":"sv-SE","@id":"https:\/\/shop.noor.fi\/sv\/produkt\/maxi-dove-pendel-svart-opal\/#primaryimage","url":"https:\/\/shop.noor.fi\/wp-content\/uploads\/2024\/01\/7391534005252.jpg","contentUrl":"https:\/\/shop.noor.fi\/wp-content\/uploads\/2024\/01\/7391534005252.jpg","width":2560,"height":2560},{"@type":"BreadcrumbList","@id":"https:\/\/shop.noor.fi\/sv\/produkt\/maxi-dove-pendel-svart-opal\/#breadcrumb","itemListElement":[{"@type":"ListItem","position":1,"name":"Etusivu","item":"https:\/\/shop.noor.fi\/sv\/"},{"@type":"ListItem","position":2,"name":"Butik","item":"https:\/\/shopnoorfi-wp31835.test.cchosting.fi\/sv\/butik\/"},{"@type":"ListItem","position":3,"name":"Maxi Dove pendel svart\/opal"}]},{"@type":"WebSite","@id":"https:\/\/shopnoorfi-wp31835.test.cchosting.fi\/#website","url":"https:\/\/shopnoorfi-wp31835.test.cchosting.fi\/","name":"Oy Noortrade Ab","description":"Finnish family owned company with over 30 years of professional experience in lighting &amp; interior products import and sales - reliably.","publisher":{"@id":"https:\/\/shopnoorfi-wp31835.test.cchosting.fi\/#organization"},"potentialAction":[{"@type":"SearchAction","target":{"@type":"EntryPoint","urlTemplate":"https:\/\/shopnoorfi-wp31835.test.cchosting.fi\/?s={search_term_string}"},"query-input":{"@type":"PropertyValueSpecification","valueRequired":true,"valueName":"search_term_string"}}],"inLanguage":"sv-SE"},{"@type":"Organization","@id":"https:\/\/shopnoorfi-wp31835.test.cchosting.fi\/#organization","name":"Oy Noortrade Ab","url":"https:\/\/shopnoorfi-wp31835.test.cchosting.fi\/","logo":{"@type":"ImageObject","inLanguage":"sv-SE","@id":"https:\/\/shopnoorfi-wp31835.test.cchosting.fi\/#\/schema\/logo\/image\/","url":"https:\/\/shop.noor.fi\/wp-content\/uploads\/2024\/01\/Oy-Noortrade-Ab-Corbel-VERSAL-bold-BLACK.png","contentUrl":"https:\/\/shop.noor.fi\/wp-content\/uploads\/2024\/01\/Oy-Noortrade-Ab-Corbel-VERSAL-bold-BLACK.png","width":721,"height":177,"caption":"Oy Noortrade Ab"},"image":{"@id":"https:\/\/shopnoorfi-wp31835.test.cchosting.fi\/#\/schema\/logo\/image\/"}}]}},"brands":[{"id":28735,"name":"Herstal","slug":"herstal"}],"_links":{"self":[{"href":"https:\/\/shop.noor.fi\/sv\/wp-json\/wp\/v2\/product\/102041","targetHints":{"allow":["GET"]}}],"collection":[{"href":"https:\/\/shop.noor.fi\/sv\/wp-json\/wp\/v2\/product"}],"about":[{"href":"https:\/\/shop.noor.fi\/sv\/wp-json\/wp\/v2\/types\/product"}],"replies":[{"embeddable":true,"href":"https:\/\/shop.noor.fi\/sv\/wp-json\/wp\/v2\/comments?post=102041"}],"wp:featuredmedia":[{"embeddable":true,"href":"https:\/\/shop.noor.fi\/sv\/wp-json\/wp\/v2\/media\/82307"}],"wp:attachment":[{"href":"https:\/\/shop.noor.fi\/sv\/wp-json\/wp\/v2\/media?parent=102041"}],"wp:term":[{"taxonomy":"pwb-brand","embeddable":true,"href":"https:\/\/shop.noor.fi\/sv\/wp-json\/wp\/v2\/pwb-brand?post=102041"},{"taxonomy":"product_brand","embeddable":true,"href":"https:\/\/shop.noor.fi\/sv\/wp-json\/wp\/v2\/product_brand?post=102041"},{"taxonomy":"product_cat","embeddable":true,"href":"https:\/\/shop.noor.fi\/sv\/wp-json\/wp\/v2\/product_cat?post=102041"},{"taxonomy":"product_tag","embeddable":true,"href":"https:\/\/shop.noor.fi\/sv\/wp-json\/wp\/v2\/product_tag?post=102041"}],"curies":[{"name":"wp","href":"https:\/\/api.w.org\/{rel}","templated":true}]}}