{"id":102035,"date":"2024-03-08T15:31:43","date_gmt":"2024-03-08T13:31:43","guid":{"rendered":"https:\/\/shop.noor.fi\/product\/harlekin-duo-vaggarmatur-krom\/"},"modified":"2026-05-07T13:20:41","modified_gmt":"2026-05-07T10:20:41","slug":"harlekin-duo-vaggarmatur-krom","status":"publish","type":"product","link":"https:\/\/shop.noor.fi\/sv\/produkt\/harlekin-duo-vaggarmatur-krom\/","title":{"rendered":"Harlekin duo v\u00e4ggarmatur krom"},"content":{"rendered":"<p>Med sin eleganta design och h\u00f6gkvalitativa hantverk kommer denna v\u00e4gglampa utan anstr\u00e4ngning att lyfta upp vilket rum som helst. Med noggrant utformade detaljer ger denna lampa ifr\u00e5n sig en mjuk och inbjudande belysning som skapar en mysig atmosf\u00e4r i ditt vardagsrum, sovrum eller korridor. Dess kompakta storlek g\u00f6r den idealisk f\u00f6r mindre utrymmen, medan dess m\u00e5ngsidiga design s\u00e4kerst\u00e4ller att den kan smidigt sm\u00e4lta in i en rad olika inredningsstilar.<br \/>\nLampan har en 200 cm l\u00e5ng sladd med str\u00f6mbrytare.<\/p>\n<p>Bredd 10,5 cm<br \/>\nDjup 15 cm<br \/>\nH\u00f6jd 32 cm<\/p>\n","protected":false},"excerpt":{"rendered":"<p>Med sin eleganta design och h\u00f6gkvalitativa hantverk kommer denna v\u00e4gglampa utan anstr\u00e4ngning att lyfta upp vilket rum som helst. Med noggrant utformade detaljer ger denna lampa ifr\u00e5n sig en mjuk och inbjudande belysning som skapar en mysig atmosf\u00e4r i ditt vardagsrum, sovrum eller korridor. Dess kompakta storlek g\u00f6r den idealisk f\u00f6r mindre utrymmen, medan dess [&hellip;]<\/p>\n","protected":false},"featured_media":81754,"comment_status":"open","ping_status":"closed","template":"","meta":{"_acf_changed":false,"_relevanssi_hide_post":"","_relevanssi_hide_content":"","_relevanssi_pin_for_all":"","_relevanssi_pin_keywords":"","_relevanssi_unpin_keywords":"","_relevanssi_related_keywords":"","_relevanssi_related_include_ids":"","_relevanssi_related_exclude_ids":"","_relevanssi_related_no_append":"","_relevanssi_related_not_related":"","_relevanssi_related_posts":"","_relevanssi_noindex_reason":""},"pwb-brand":[37485],"product_brand":[],"product_cat":[32120],"product_tag":[],"class_list":{"0":"post-102035","1":"product","2":"type-product","3":"status-publish","4":"has-post-thumbnail","6":"pwb-brand-herstal-sv","7":"product_cat-vagglampor","9":"first","10":"onbackorder","11":"taxable","12":"shipping-taxable","13":"purchasable","14":"product-type-simple"},"acf":[],"yoast_head":"<!-- This site is optimized with the Yoast SEO plugin v27.5 - https:\/\/yoast.com\/product\/yoast-seo-wordpress\/ -->\n<title>Harlekin duo v\u00e4ggarmatur krom - Oy Noortrade Ab<\/title>\n<meta name=\"robots\" content=\"index, follow, max-snippet:-1, max-image-preview:large, max-video-preview:-1\" \/>\n<link rel=\"canonical\" href=\"https:\/\/shop.noor.fi\/sv\/produkt\/harlekin-duo-vaggarmatur-krom\/\" \/>\n<meta property=\"og:locale\" content=\"sv_SE\" \/>\n<meta property=\"og:type\" content=\"article\" \/>\n<meta property=\"og:title\" content=\"Harlekin duo v\u00e4ggarmatur krom - Oy Noortrade Ab\" \/>\n<meta property=\"og:description\" content=\"Med sin eleganta design och h\u00f6gkvalitativa hantverk kommer denna v\u00e4gglampa utan anstr\u00e4ngning att lyfta upp vilket rum som helst. Med noggrant utformade detaljer ger denna lampa ifr\u00e5n sig en mjuk och inbjudande belysning som skapar en mysig atmosf\u00e4r i ditt vardagsrum, sovrum eller korridor. Dess kompakta storlek g\u00f6r den idealisk f\u00f6r mindre utrymmen, medan dess [&hellip;]\" \/>\n<meta property=\"og:url\" content=\"https:\/\/shop.noor.fi\/sv\/produkt\/harlekin-duo-vaggarmatur-krom\/\" \/>\n<meta property=\"og:site_name\" content=\"Oy Noortrade Ab\" \/>\n<meta property=\"article:modified_time\" content=\"2026-05-07T10:20:41+00:00\" \/>\n<meta property=\"og:image\" content=\"https:\/\/shop.noor.fi\/wp-content\/uploads\/2024\/01\/5705614115335.jpg\" \/>\n\t<meta property=\"og:image:width\" content=\"1706\" \/>\n\t<meta property=\"og:image:height\" content=\"2560\" \/>\n\t<meta property=\"og:image:type\" content=\"image\/jpeg\" \/>\n<meta name=\"twitter:card\" content=\"summary_large_image\" \/>\n<script type=\"application\/ld+json\" class=\"yoast-schema-graph\">{\"@context\":\"https:\\\/\\\/schema.org\",\"@graph\":[{\"@type\":\"WebPage\",\"@id\":\"https:\\\/\\\/shop.noor.fi\\\/sv\\\/produkt\\\/harlekin-duo-vaggarmatur-krom\\\/\",\"url\":\"https:\\\/\\\/shop.noor.fi\\\/sv\\\/produkt\\\/harlekin-duo-vaggarmatur-krom\\\/\",\"name\":\"Harlekin duo v\u00e4ggarmatur krom - Oy Noortrade Ab\",\"isPartOf\":{\"@id\":\"https:\\\/\\\/shopnoorfi-wp31835.test.cchosting.fi\\\/#website\"},\"primaryImageOfPage\":{\"@id\":\"https:\\\/\\\/shop.noor.fi\\\/sv\\\/produkt\\\/harlekin-duo-vaggarmatur-krom\\\/#primaryimage\"},\"image\":{\"@id\":\"https:\\\/\\\/shop.noor.fi\\\/sv\\\/produkt\\\/harlekin-duo-vaggarmatur-krom\\\/#primaryimage\"},\"thumbnailUrl\":\"https:\\\/\\\/shop.noor.fi\\\/wp-content\\\/uploads\\\/2024\\\/01\\\/5705614115335.jpg\",\"datePublished\":\"2024-03-08T13:31:43+00:00\",\"dateModified\":\"2026-05-07T10:20:41+00:00\",\"breadcrumb\":{\"@id\":\"https:\\\/\\\/shop.noor.fi\\\/sv\\\/produkt\\\/harlekin-duo-vaggarmatur-krom\\\/#breadcrumb\"},\"inLanguage\":\"sv-SE\",\"potentialAction\":[{\"@type\":\"ReadAction\",\"target\":[\"https:\\\/\\\/shop.noor.fi\\\/sv\\\/produkt\\\/harlekin-duo-vaggarmatur-krom\\\/\"]}]},{\"@type\":\"ImageObject\",\"inLanguage\":\"sv-SE\",\"@id\":\"https:\\\/\\\/shop.noor.fi\\\/sv\\\/produkt\\\/harlekin-duo-vaggarmatur-krom\\\/#primaryimage\",\"url\":\"https:\\\/\\\/shop.noor.fi\\\/wp-content\\\/uploads\\\/2024\\\/01\\\/5705614115335.jpg\",\"contentUrl\":\"https:\\\/\\\/shop.noor.fi\\\/wp-content\\\/uploads\\\/2024\\\/01\\\/5705614115335.jpg\",\"width\":1706,\"height\":2560},{\"@type\":\"BreadcrumbList\",\"@id\":\"https:\\\/\\\/shop.noor.fi\\\/sv\\\/produkt\\\/harlekin-duo-vaggarmatur-krom\\\/#breadcrumb\",\"itemListElement\":[{\"@type\":\"ListItem\",\"position\":1,\"name\":\"Etusivu\",\"item\":\"https:\\\/\\\/shop.noor.fi\\\/sv\\\/\"},{\"@type\":\"ListItem\",\"position\":2,\"name\":\"Butik\",\"item\":\"https:\\\/\\\/shopnoorfi-wp31835.test.cchosting.fi\\\/sv\\\/butik\\\/\"},{\"@type\":\"ListItem\",\"position\":3,\"name\":\"Harlekin duo v\u00e4ggarmatur krom\"}]},{\"@type\":\"WebSite\",\"@id\":\"https:\\\/\\\/shopnoorfi-wp31835.test.cchosting.fi\\\/#website\",\"url\":\"https:\\\/\\\/shopnoorfi-wp31835.test.cchosting.fi\\\/\",\"name\":\"Oy Noortrade Ab\",\"description\":\"Finnish family owned company with over 30 years of professional experience in lighting &amp; interior products import and sales - reliably.\",\"publisher\":{\"@id\":\"https:\\\/\\\/shopnoorfi-wp31835.test.cchosting.fi\\\/#organization\"},\"potentialAction\":[{\"@type\":\"SearchAction\",\"target\":{\"@type\":\"EntryPoint\",\"urlTemplate\":\"https:\\\/\\\/shopnoorfi-wp31835.test.cchosting.fi\\\/?s={search_term_string}\"},\"query-input\":{\"@type\":\"PropertyValueSpecification\",\"valueRequired\":true,\"valueName\":\"search_term_string\"}}],\"inLanguage\":\"sv-SE\"},{\"@type\":\"Organization\",\"@id\":\"https:\\\/\\\/shopnoorfi-wp31835.test.cchosting.fi\\\/#organization\",\"name\":\"Oy Noortrade Ab\",\"url\":\"https:\\\/\\\/shopnoorfi-wp31835.test.cchosting.fi\\\/\",\"logo\":{\"@type\":\"ImageObject\",\"inLanguage\":\"sv-SE\",\"@id\":\"https:\\\/\\\/shopnoorfi-wp31835.test.cchosting.fi\\\/#\\\/schema\\\/logo\\\/image\\\/\",\"url\":\"https:\\\/\\\/shop.noor.fi\\\/wp-content\\\/uploads\\\/2024\\\/01\\\/Oy-Noortrade-Ab-Corbel-VERSAL-bold-BLACK.png\",\"contentUrl\":\"https:\\\/\\\/shop.noor.fi\\\/wp-content\\\/uploads\\\/2024\\\/01\\\/Oy-Noortrade-Ab-Corbel-VERSAL-bold-BLACK.png\",\"width\":721,\"height\":177,\"caption\":\"Oy Noortrade Ab\"},\"image\":{\"@id\":\"https:\\\/\\\/shopnoorfi-wp31835.test.cchosting.fi\\\/#\\\/schema\\\/logo\\\/image\\\/\"}}]}<\/script>\n<!-- \/ Yoast SEO plugin. -->","yoast_head_json":{"title":"Harlekin duo v\u00e4ggarmatur krom - Oy Noortrade Ab","robots":{"index":"index","follow":"follow","max-snippet":"max-snippet:-1","max-image-preview":"max-image-preview:large","max-video-preview":"max-video-preview:-1"},"canonical":"https:\/\/shop.noor.fi\/sv\/produkt\/harlekin-duo-vaggarmatur-krom\/","og_locale":"sv_SE","og_type":"article","og_title":"Harlekin duo v\u00e4ggarmatur krom - Oy Noortrade Ab","og_description":"Med sin eleganta design och h\u00f6gkvalitativa hantverk kommer denna v\u00e4gglampa utan anstr\u00e4ngning att lyfta upp vilket rum som helst. Med noggrant utformade detaljer ger denna lampa ifr\u00e5n sig en mjuk och inbjudande belysning som skapar en mysig atmosf\u00e4r i ditt vardagsrum, sovrum eller korridor. Dess kompakta storlek g\u00f6r den idealisk f\u00f6r mindre utrymmen, medan dess [&hellip;]","og_url":"https:\/\/shop.noor.fi\/sv\/produkt\/harlekin-duo-vaggarmatur-krom\/","og_site_name":"Oy Noortrade Ab","article_modified_time":"2026-05-07T10:20:41+00:00","og_image":[{"width":1706,"height":2560,"url":"https:\/\/shop.noor.fi\/wp-content\/uploads\/2024\/01\/5705614115335.jpg","type":"image\/jpeg"}],"twitter_card":"summary_large_image","schema":{"@context":"https:\/\/schema.org","@graph":[{"@type":"WebPage","@id":"https:\/\/shop.noor.fi\/sv\/produkt\/harlekin-duo-vaggarmatur-krom\/","url":"https:\/\/shop.noor.fi\/sv\/produkt\/harlekin-duo-vaggarmatur-krom\/","name":"Harlekin duo v\u00e4ggarmatur krom - Oy Noortrade Ab","isPartOf":{"@id":"https:\/\/shopnoorfi-wp31835.test.cchosting.fi\/#website"},"primaryImageOfPage":{"@id":"https:\/\/shop.noor.fi\/sv\/produkt\/harlekin-duo-vaggarmatur-krom\/#primaryimage"},"image":{"@id":"https:\/\/shop.noor.fi\/sv\/produkt\/harlekin-duo-vaggarmatur-krom\/#primaryimage"},"thumbnailUrl":"https:\/\/shop.noor.fi\/wp-content\/uploads\/2024\/01\/5705614115335.jpg","datePublished":"2024-03-08T13:31:43+00:00","dateModified":"2026-05-07T10:20:41+00:00","breadcrumb":{"@id":"https:\/\/shop.noor.fi\/sv\/produkt\/harlekin-duo-vaggarmatur-krom\/#breadcrumb"},"inLanguage":"sv-SE","potentialAction":[{"@type":"ReadAction","target":["https:\/\/shop.noor.fi\/sv\/produkt\/harlekin-duo-vaggarmatur-krom\/"]}]},{"@type":"ImageObject","inLanguage":"sv-SE","@id":"https:\/\/shop.noor.fi\/sv\/produkt\/harlekin-duo-vaggarmatur-krom\/#primaryimage","url":"https:\/\/shop.noor.fi\/wp-content\/uploads\/2024\/01\/5705614115335.jpg","contentUrl":"https:\/\/shop.noor.fi\/wp-content\/uploads\/2024\/01\/5705614115335.jpg","width":1706,"height":2560},{"@type":"BreadcrumbList","@id":"https:\/\/shop.noor.fi\/sv\/produkt\/harlekin-duo-vaggarmatur-krom\/#breadcrumb","itemListElement":[{"@type":"ListItem","position":1,"name":"Etusivu","item":"https:\/\/shop.noor.fi\/sv\/"},{"@type":"ListItem","position":2,"name":"Butik","item":"https:\/\/shopnoorfi-wp31835.test.cchosting.fi\/sv\/butik\/"},{"@type":"ListItem","position":3,"name":"Harlekin duo v\u00e4ggarmatur krom"}]},{"@type":"WebSite","@id":"https:\/\/shopnoorfi-wp31835.test.cchosting.fi\/#website","url":"https:\/\/shopnoorfi-wp31835.test.cchosting.fi\/","name":"Oy Noortrade Ab","description":"Finnish family owned company with over 30 years of professional experience in lighting &amp; interior products import and sales - reliably.","publisher":{"@id":"https:\/\/shopnoorfi-wp31835.test.cchosting.fi\/#organization"},"potentialAction":[{"@type":"SearchAction","target":{"@type":"EntryPoint","urlTemplate":"https:\/\/shopnoorfi-wp31835.test.cchosting.fi\/?s={search_term_string}"},"query-input":{"@type":"PropertyValueSpecification","valueRequired":true,"valueName":"search_term_string"}}],"inLanguage":"sv-SE"},{"@type":"Organization","@id":"https:\/\/shopnoorfi-wp31835.test.cchosting.fi\/#organization","name":"Oy Noortrade Ab","url":"https:\/\/shopnoorfi-wp31835.test.cchosting.fi\/","logo":{"@type":"ImageObject","inLanguage":"sv-SE","@id":"https:\/\/shopnoorfi-wp31835.test.cchosting.fi\/#\/schema\/logo\/image\/","url":"https:\/\/shop.noor.fi\/wp-content\/uploads\/2024\/01\/Oy-Noortrade-Ab-Corbel-VERSAL-bold-BLACK.png","contentUrl":"https:\/\/shop.noor.fi\/wp-content\/uploads\/2024\/01\/Oy-Noortrade-Ab-Corbel-VERSAL-bold-BLACK.png","width":721,"height":177,"caption":"Oy Noortrade Ab"},"image":{"@id":"https:\/\/shopnoorfi-wp31835.test.cchosting.fi\/#\/schema\/logo\/image\/"}}]}},"brands":[{"id":37485,"name":"Herstal","slug":"herstal-sv"}],"_links":{"self":[{"href":"https:\/\/shop.noor.fi\/sv\/wp-json\/wp\/v2\/product\/102035","targetHints":{"allow":["GET"]}}],"collection":[{"href":"https:\/\/shop.noor.fi\/sv\/wp-json\/wp\/v2\/product"}],"about":[{"href":"https:\/\/shop.noor.fi\/sv\/wp-json\/wp\/v2\/types\/product"}],"replies":[{"embeddable":true,"href":"https:\/\/shop.noor.fi\/sv\/wp-json\/wp\/v2\/comments?post=102035"}],"wp:featuredmedia":[{"embeddable":true,"href":"https:\/\/shop.noor.fi\/sv\/wp-json\/wp\/v2\/media\/81754"}],"wp:attachment":[{"href":"https:\/\/shop.noor.fi\/sv\/wp-json\/wp\/v2\/media?parent=102035"}],"wp:term":[{"taxonomy":"pwb-brand","embeddable":true,"href":"https:\/\/shop.noor.fi\/sv\/wp-json\/wp\/v2\/pwb-brand?post=102035"},{"taxonomy":"product_brand","embeddable":true,"href":"https:\/\/shop.noor.fi\/sv\/wp-json\/wp\/v2\/product_brand?post=102035"},{"taxonomy":"product_cat","embeddable":true,"href":"https:\/\/shop.noor.fi\/sv\/wp-json\/wp\/v2\/product_cat?post=102035"},{"taxonomy":"product_tag","embeddable":true,"href":"https:\/\/shop.noor.fi\/sv\/wp-json\/wp\/v2\/product_tag?post=102035"}],"curies":[{"name":"wp","href":"https:\/\/api.w.org\/{rel}","templated":true}]}}