{"id":101997,"date":"2024-01-19T04:16:09","date_gmt":"2024-01-19T02:16:09","guid":{"rendered":"https:\/\/shop.noor.fi\/product\/anna-led-strip-kit-milky-ip65-5m-3000k\/"},"modified":"2026-02-05T12:53:48","modified_gmt":"2026-02-05T10:53:48","slug":"anna-led-strip-kit-milky-ip65-5m-3000k","status":"publish","type":"product","link":"https:\/\/shop.noor.fi\/sv\/produkt\/anna-led-strip-kit-milky-ip65-5m-3000k\/","title":{"rendered":"Anna\u00a0LED-strip\u00a0KIT\u00a0Milky\u00a0IP65 5m\u200b\u200b 3000K\u200b\u200b\u200b"},"content":{"rendered":"<p>Anna LED-strip \u00e4r f\u00f6r dig som vill ha ett j\u00e4mt, mjukt, linj\u00e4rt och prickfritt ljus i form av LED-strip som passar b\u00e5de torra och fuktiga inomhusutrymmen. Anna har ett skyddande mj\u00f6lkf\u00e4rgat siliconh\u00f6lje vilket g\u00f6r att den f\u00e5r en fin mjuk ljusbild och \u00e4r l\u00e4tt att torka av.<br \/>\nAnna LED-strip KIT kommer med plugindrivdon med monterad 3m kabel med av\/p\u00e5 brytare. Remsan \u00e4r 5 meter l\u00e5ng och kan sk\u00e4ras till \u00f6nskad l\u00e4ngd p\u00e5 sk\u00e4rm\u00e4rken. Obs! Om remsan sk\u00e4ras \u00e4r den inte l\u00e4ngre IP65-klassad.<br \/>\nL\u00e4tt att montera med sj\u00e4lvh\u00e4ftande tejp.<\/p>\n<p>Vill du kunna dimma din LED-strip kan du enkelt komplettera med Gunilla Cable Dimmer.<\/p>\n","protected":false},"excerpt":{"rendered":"<p>Anna LED-strip \u00e4r f\u00f6r dig som vill ha ett j\u00e4mt, mjukt, linj\u00e4rt och prickfritt ljus i form av LED-strip som passar b\u00e5de torra och fuktiga inomhusutrymmen. Anna har ett skyddande mj\u00f6lkf\u00e4rgat siliconh\u00f6lje vilket g\u00f6r att den f\u00e5r en fin mjuk ljusbild och \u00e4r l\u00e4tt att torka av. Anna LED-strip KIT kommer med plugindrivdon med monterad [&hellip;]<\/p>\n","protected":false},"featured_media":81317,"comment_status":"open","ping_status":"closed","template":"","meta":{"_acf_changed":false,"_relevanssi_hide_post":"","_relevanssi_hide_content":"","_relevanssi_pin_for_all":"","_relevanssi_pin_keywords":"","_relevanssi_unpin_keywords":"","_relevanssi_related_keywords":"","_relevanssi_related_include_ids":"","_relevanssi_related_exclude_ids":"","_relevanssi_related_no_append":"","_relevanssi_related_not_related":"","_relevanssi_related_posts":"","_relevanssi_noindex_reason":""},"pwb-brand":[37486],"product_brand":[],"product_cat":[32171,32170],"product_tag":[],"class_list":{"0":"post-101997","1":"product","2":"type-product","3":"status-publish","4":"has-post-thumbnail","6":"pwb-brand-llitt-sv","7":"product_cat-bankbelysning-till-badrummet","8":"product_cat-bankbelysning","10":"first","11":"instock","12":"taxable","13":"shipping-taxable","14":"purchasable","15":"product-type-simple"},"acf":[],"yoast_head":"<!-- This site is optimized with the Yoast SEO plugin v27.5 - https:\/\/yoast.com\/product\/yoast-seo-wordpress\/ -->\n<title>Anna\u00a0LED-strip\u00a0KIT\u00a0Milky\u00a0IP65 5m\u200b\u200b 3000K\u200b\u200b\u200b - Oy Noortrade Ab<\/title>\n<meta name=\"robots\" content=\"index, follow, max-snippet:-1, max-image-preview:large, max-video-preview:-1\" \/>\n<link rel=\"canonical\" href=\"https:\/\/shop.noor.fi\/sv\/produkt\/anna-led-strip-kit-milky-ip65-5m-3000k\/\" \/>\n<meta property=\"og:locale\" content=\"sv_SE\" \/>\n<meta property=\"og:type\" content=\"article\" \/>\n<meta property=\"og:title\" content=\"Anna\u00a0LED-strip\u00a0KIT\u00a0Milky\u00a0IP65 5m\u200b\u200b 3000K\u200b\u200b\u200b - Oy Noortrade Ab\" \/>\n<meta property=\"og:description\" content=\"Anna LED-strip \u00e4r f\u00f6r dig som vill ha ett j\u00e4mt, mjukt, linj\u00e4rt och prickfritt ljus i form av LED-strip som passar b\u00e5de torra och fuktiga inomhusutrymmen. Anna har ett skyddande mj\u00f6lkf\u00e4rgat siliconh\u00f6lje vilket g\u00f6r att den f\u00e5r en fin mjuk ljusbild och \u00e4r l\u00e4tt att torka av. Anna LED-strip KIT kommer med plugindrivdon med monterad [&hellip;]\" \/>\n<meta property=\"og:url\" content=\"https:\/\/shop.noor.fi\/sv\/produkt\/anna-led-strip-kit-milky-ip65-5m-3000k\/\" \/>\n<meta property=\"og:site_name\" content=\"Oy Noortrade Ab\" \/>\n<meta property=\"article:modified_time\" content=\"2026-02-05T10:53:48+00:00\" \/>\n<meta property=\"og:image\" content=\"https:\/\/shop.noor.fi\/wp-content\/uploads\/2024\/01\/7392971147611.jpg\" \/>\n\t<meta property=\"og:image:width\" content=\"2560\" \/>\n\t<meta property=\"og:image:height\" content=\"1920\" \/>\n\t<meta property=\"og:image:type\" content=\"image\/jpeg\" \/>\n<meta name=\"twitter:card\" content=\"summary_large_image\" \/>\n<meta name=\"twitter:label1\" content=\"Ber\u00e4knad l\u00e4stid\" \/>\n\t<meta name=\"twitter:data1\" content=\"1 minut\" \/>\n<script type=\"application\/ld+json\" class=\"yoast-schema-graph\">{\"@context\":\"https:\\\/\\\/schema.org\",\"@graph\":[{\"@type\":\"WebPage\",\"@id\":\"https:\\\/\\\/shop.noor.fi\\\/sv\\\/produkt\\\/anna-led-strip-kit-milky-ip65-5m-3000k\\\/\",\"url\":\"https:\\\/\\\/shop.noor.fi\\\/sv\\\/produkt\\\/anna-led-strip-kit-milky-ip65-5m-3000k\\\/\",\"name\":\"Anna\u00a0LED-strip\u00a0KIT\u00a0Milky\u00a0IP65 5m\u200b\u200b 3000K\u200b\u200b\u200b - Oy Noortrade Ab\",\"isPartOf\":{\"@id\":\"https:\\\/\\\/shopnoorfi-wp31835.test.cchosting.fi\\\/#website\"},\"primaryImageOfPage\":{\"@id\":\"https:\\\/\\\/shop.noor.fi\\\/sv\\\/produkt\\\/anna-led-strip-kit-milky-ip65-5m-3000k\\\/#primaryimage\"},\"image\":{\"@id\":\"https:\\\/\\\/shop.noor.fi\\\/sv\\\/produkt\\\/anna-led-strip-kit-milky-ip65-5m-3000k\\\/#primaryimage\"},\"thumbnailUrl\":\"https:\\\/\\\/shop.noor.fi\\\/wp-content\\\/uploads\\\/2024\\\/01\\\/7392971147611.jpg\",\"datePublished\":\"2024-01-19T02:16:09+00:00\",\"dateModified\":\"2026-02-05T10:53:48+00:00\",\"breadcrumb\":{\"@id\":\"https:\\\/\\\/shop.noor.fi\\\/sv\\\/produkt\\\/anna-led-strip-kit-milky-ip65-5m-3000k\\\/#breadcrumb\"},\"inLanguage\":\"sv-SE\",\"potentialAction\":[{\"@type\":\"ReadAction\",\"target\":[\"https:\\\/\\\/shop.noor.fi\\\/sv\\\/produkt\\\/anna-led-strip-kit-milky-ip65-5m-3000k\\\/\"]}]},{\"@type\":\"ImageObject\",\"inLanguage\":\"sv-SE\",\"@id\":\"https:\\\/\\\/shop.noor.fi\\\/sv\\\/produkt\\\/anna-led-strip-kit-milky-ip65-5m-3000k\\\/#primaryimage\",\"url\":\"https:\\\/\\\/shop.noor.fi\\\/wp-content\\\/uploads\\\/2024\\\/01\\\/7392971147611.jpg\",\"contentUrl\":\"https:\\\/\\\/shop.noor.fi\\\/wp-content\\\/uploads\\\/2024\\\/01\\\/7392971147611.jpg\",\"width\":2560,\"height\":1920},{\"@type\":\"BreadcrumbList\",\"@id\":\"https:\\\/\\\/shop.noor.fi\\\/sv\\\/produkt\\\/anna-led-strip-kit-milky-ip65-5m-3000k\\\/#breadcrumb\",\"itemListElement\":[{\"@type\":\"ListItem\",\"position\":1,\"name\":\"Etusivu\",\"item\":\"https:\\\/\\\/shop.noor.fi\\\/sv\\\/\"},{\"@type\":\"ListItem\",\"position\":2,\"name\":\"Butik\",\"item\":\"https:\\\/\\\/shopnoorfi-wp31835.test.cchosting.fi\\\/sv\\\/butik\\\/\"},{\"@type\":\"ListItem\",\"position\":3,\"name\":\"Anna\u00a0LED-strip\u00a0KIT\u00a0Milky\u00a0IP65 5m\u200b\u200b 3000K\u200b\u200b\u200b\"}]},{\"@type\":\"WebSite\",\"@id\":\"https:\\\/\\\/shopnoorfi-wp31835.test.cchosting.fi\\\/#website\",\"url\":\"https:\\\/\\\/shopnoorfi-wp31835.test.cchosting.fi\\\/\",\"name\":\"Oy Noortrade Ab\",\"description\":\"Finnish family owned company with over 30 years of professional experience in lighting &amp; interior products import and sales - reliably.\",\"publisher\":{\"@id\":\"https:\\\/\\\/shopnoorfi-wp31835.test.cchosting.fi\\\/#organization\"},\"potentialAction\":[{\"@type\":\"SearchAction\",\"target\":{\"@type\":\"EntryPoint\",\"urlTemplate\":\"https:\\\/\\\/shopnoorfi-wp31835.test.cchosting.fi\\\/?s={search_term_string}\"},\"query-input\":{\"@type\":\"PropertyValueSpecification\",\"valueRequired\":true,\"valueName\":\"search_term_string\"}}],\"inLanguage\":\"sv-SE\"},{\"@type\":\"Organization\",\"@id\":\"https:\\\/\\\/shopnoorfi-wp31835.test.cchosting.fi\\\/#organization\",\"name\":\"Oy Noortrade Ab\",\"url\":\"https:\\\/\\\/shopnoorfi-wp31835.test.cchosting.fi\\\/\",\"logo\":{\"@type\":\"ImageObject\",\"inLanguage\":\"sv-SE\",\"@id\":\"https:\\\/\\\/shopnoorfi-wp31835.test.cchosting.fi\\\/#\\\/schema\\\/logo\\\/image\\\/\",\"url\":\"https:\\\/\\\/shop.noor.fi\\\/wp-content\\\/uploads\\\/2024\\\/01\\\/Oy-Noortrade-Ab-Corbel-VERSAL-bold-BLACK.png\",\"contentUrl\":\"https:\\\/\\\/shop.noor.fi\\\/wp-content\\\/uploads\\\/2024\\\/01\\\/Oy-Noortrade-Ab-Corbel-VERSAL-bold-BLACK.png\",\"width\":721,\"height\":177,\"caption\":\"Oy Noortrade Ab\"},\"image\":{\"@id\":\"https:\\\/\\\/shopnoorfi-wp31835.test.cchosting.fi\\\/#\\\/schema\\\/logo\\\/image\\\/\"}}]}<\/script>\n<!-- \/ Yoast SEO plugin. -->","yoast_head_json":{"title":"Anna\u00a0LED-strip\u00a0KIT\u00a0Milky\u00a0IP65 5m\u200b\u200b 3000K\u200b\u200b\u200b - Oy Noortrade Ab","robots":{"index":"index","follow":"follow","max-snippet":"max-snippet:-1","max-image-preview":"max-image-preview:large","max-video-preview":"max-video-preview:-1"},"canonical":"https:\/\/shop.noor.fi\/sv\/produkt\/anna-led-strip-kit-milky-ip65-5m-3000k\/","og_locale":"sv_SE","og_type":"article","og_title":"Anna\u00a0LED-strip\u00a0KIT\u00a0Milky\u00a0IP65 5m\u200b\u200b 3000K\u200b\u200b\u200b - Oy Noortrade Ab","og_description":"Anna LED-strip \u00e4r f\u00f6r dig som vill ha ett j\u00e4mt, mjukt, linj\u00e4rt och prickfritt ljus i form av LED-strip som passar b\u00e5de torra och fuktiga inomhusutrymmen. Anna har ett skyddande mj\u00f6lkf\u00e4rgat siliconh\u00f6lje vilket g\u00f6r att den f\u00e5r en fin mjuk ljusbild och \u00e4r l\u00e4tt att torka av. Anna LED-strip KIT kommer med plugindrivdon med monterad [&hellip;]","og_url":"https:\/\/shop.noor.fi\/sv\/produkt\/anna-led-strip-kit-milky-ip65-5m-3000k\/","og_site_name":"Oy Noortrade Ab","article_modified_time":"2026-02-05T10:53:48+00:00","og_image":[{"width":2560,"height":1920,"url":"https:\/\/shop.noor.fi\/wp-content\/uploads\/2024\/01\/7392971147611.jpg","type":"image\/jpeg"}],"twitter_card":"summary_large_image","twitter_misc":{"Ber\u00e4knad l\u00e4stid":"1 minut"},"schema":{"@context":"https:\/\/schema.org","@graph":[{"@type":"WebPage","@id":"https:\/\/shop.noor.fi\/sv\/produkt\/anna-led-strip-kit-milky-ip65-5m-3000k\/","url":"https:\/\/shop.noor.fi\/sv\/produkt\/anna-led-strip-kit-milky-ip65-5m-3000k\/","name":"Anna\u00a0LED-strip\u00a0KIT\u00a0Milky\u00a0IP65 5m\u200b\u200b 3000K\u200b\u200b\u200b - Oy Noortrade Ab","isPartOf":{"@id":"https:\/\/shopnoorfi-wp31835.test.cchosting.fi\/#website"},"primaryImageOfPage":{"@id":"https:\/\/shop.noor.fi\/sv\/produkt\/anna-led-strip-kit-milky-ip65-5m-3000k\/#primaryimage"},"image":{"@id":"https:\/\/shop.noor.fi\/sv\/produkt\/anna-led-strip-kit-milky-ip65-5m-3000k\/#primaryimage"},"thumbnailUrl":"https:\/\/shop.noor.fi\/wp-content\/uploads\/2024\/01\/7392971147611.jpg","datePublished":"2024-01-19T02:16:09+00:00","dateModified":"2026-02-05T10:53:48+00:00","breadcrumb":{"@id":"https:\/\/shop.noor.fi\/sv\/produkt\/anna-led-strip-kit-milky-ip65-5m-3000k\/#breadcrumb"},"inLanguage":"sv-SE","potentialAction":[{"@type":"ReadAction","target":["https:\/\/shop.noor.fi\/sv\/produkt\/anna-led-strip-kit-milky-ip65-5m-3000k\/"]}]},{"@type":"ImageObject","inLanguage":"sv-SE","@id":"https:\/\/shop.noor.fi\/sv\/produkt\/anna-led-strip-kit-milky-ip65-5m-3000k\/#primaryimage","url":"https:\/\/shop.noor.fi\/wp-content\/uploads\/2024\/01\/7392971147611.jpg","contentUrl":"https:\/\/shop.noor.fi\/wp-content\/uploads\/2024\/01\/7392971147611.jpg","width":2560,"height":1920},{"@type":"BreadcrumbList","@id":"https:\/\/shop.noor.fi\/sv\/produkt\/anna-led-strip-kit-milky-ip65-5m-3000k\/#breadcrumb","itemListElement":[{"@type":"ListItem","position":1,"name":"Etusivu","item":"https:\/\/shop.noor.fi\/sv\/"},{"@type":"ListItem","position":2,"name":"Butik","item":"https:\/\/shopnoorfi-wp31835.test.cchosting.fi\/sv\/butik\/"},{"@type":"ListItem","position":3,"name":"Anna\u00a0LED-strip\u00a0KIT\u00a0Milky\u00a0IP65 5m\u200b\u200b 3000K\u200b\u200b\u200b"}]},{"@type":"WebSite","@id":"https:\/\/shopnoorfi-wp31835.test.cchosting.fi\/#website","url":"https:\/\/shopnoorfi-wp31835.test.cchosting.fi\/","name":"Oy Noortrade Ab","description":"Finnish family owned company with over 30 years of professional experience in lighting &amp; interior products import and sales - reliably.","publisher":{"@id":"https:\/\/shopnoorfi-wp31835.test.cchosting.fi\/#organization"},"potentialAction":[{"@type":"SearchAction","target":{"@type":"EntryPoint","urlTemplate":"https:\/\/shopnoorfi-wp31835.test.cchosting.fi\/?s={search_term_string}"},"query-input":{"@type":"PropertyValueSpecification","valueRequired":true,"valueName":"search_term_string"}}],"inLanguage":"sv-SE"},{"@type":"Organization","@id":"https:\/\/shopnoorfi-wp31835.test.cchosting.fi\/#organization","name":"Oy Noortrade Ab","url":"https:\/\/shopnoorfi-wp31835.test.cchosting.fi\/","logo":{"@type":"ImageObject","inLanguage":"sv-SE","@id":"https:\/\/shopnoorfi-wp31835.test.cchosting.fi\/#\/schema\/logo\/image\/","url":"https:\/\/shop.noor.fi\/wp-content\/uploads\/2024\/01\/Oy-Noortrade-Ab-Corbel-VERSAL-bold-BLACK.png","contentUrl":"https:\/\/shop.noor.fi\/wp-content\/uploads\/2024\/01\/Oy-Noortrade-Ab-Corbel-VERSAL-bold-BLACK.png","width":721,"height":177,"caption":"Oy Noortrade Ab"},"image":{"@id":"https:\/\/shopnoorfi-wp31835.test.cchosting.fi\/#\/schema\/logo\/image\/"}}]}},"brands":[{"id":37486,"name":"Llitt","slug":"llitt-sv"}],"_links":{"self":[{"href":"https:\/\/shop.noor.fi\/sv\/wp-json\/wp\/v2\/product\/101997","targetHints":{"allow":["GET"]}}],"collection":[{"href":"https:\/\/shop.noor.fi\/sv\/wp-json\/wp\/v2\/product"}],"about":[{"href":"https:\/\/shop.noor.fi\/sv\/wp-json\/wp\/v2\/types\/product"}],"replies":[{"embeddable":true,"href":"https:\/\/shop.noor.fi\/sv\/wp-json\/wp\/v2\/comments?post=101997"}],"wp:featuredmedia":[{"embeddable":true,"href":"https:\/\/shop.noor.fi\/sv\/wp-json\/wp\/v2\/media\/81317"}],"wp:attachment":[{"href":"https:\/\/shop.noor.fi\/sv\/wp-json\/wp\/v2\/media?parent=101997"}],"wp:term":[{"taxonomy":"pwb-brand","embeddable":true,"href":"https:\/\/shop.noor.fi\/sv\/wp-json\/wp\/v2\/pwb-brand?post=101997"},{"taxonomy":"product_brand","embeddable":true,"href":"https:\/\/shop.noor.fi\/sv\/wp-json\/wp\/v2\/product_brand?post=101997"},{"taxonomy":"product_cat","embeddable":true,"href":"https:\/\/shop.noor.fi\/sv\/wp-json\/wp\/v2\/product_cat?post=101997"},{"taxonomy":"product_tag","embeddable":true,"href":"https:\/\/shop.noor.fi\/sv\/wp-json\/wp\/v2\/product_tag?post=101997"}],"curies":[{"name":"wp","href":"https:\/\/api.w.org\/{rel}","templated":true}]}}