{"id":101986,"date":"2024-01-19T04:15:11","date_gmt":"2024-01-19T02:15:11","guid":{"rendered":"https:\/\/shop.noor.fi\/product\/allan-more-decklight-2\/"},"modified":"2026-02-05T22:09:54","modified_gmt":"2026-02-05T20:09:54","slug":"allan-more-decklight","status":"publish","type":"product","link":"https:\/\/shop.noor.fi\/sv\/produkt\/allan-more-decklight\/","title":{"rendered":"Allan More Decklight"},"content":{"rendered":"<p>Allan More Decklight passar till tr\u00e4d\u00e4ck. Armaturen har en integrerad LED med ljusfl\u00f6de av 100 lm, f\u00e4rgtemperaturen \u00e4r 3000 Kelvin. Kabeln \u00e4r 75 cm l\u00e5ng.<br \/>\nMax belastning 100 kg.<br \/>\nTransformatorn ing\u00e5r ej, kompatibla modeller \u00e4r EE-480069 och EE-480070.<br \/>\nSom tillbeh\u00f6r finns \u00e4ven Smartbox (EE-480021), f\u00f6rl\u00e4ngningskabel 2 m (EE-480022) och f\u00f6rl\u00e4ngningskabel 5 m (EE-480023).<\/p>\n<p>Du kan kombinera serien med andra lampor fr\u00e5n Allan-produktfamiljen, s\u00e5som trapplampor och tr\u00e4dg\u00e5rdsspotlights. Den perfekta helhetsl\u00f6sningen f\u00f6r din tr\u00e4dg\u00e5rd!<\/p>\n<p>Diameter 4,2 cm<br \/>\nH\u00f6jd 6,3 cm<br \/>\nMonteringsh\u00e5l i diameter 3,2-3,7 cm<\/p>\n","protected":false},"excerpt":{"rendered":"<p>Allan More Decklight passar till tr\u00e4d\u00e4ck. Armaturen har en integrerad LED med ljusfl\u00f6de av 100 lm, f\u00e4rgtemperaturen \u00e4r 3000 Kelvin. Kabeln \u00e4r 75 cm l\u00e5ng. Max belastning 100 kg. Transformatorn ing\u00e5r ej, kompatibla modeller \u00e4r EE-480069 och EE-480070. Som tillbeh\u00f6r finns \u00e4ven Smartbox (EE-480021), f\u00f6rl\u00e4ngningskabel 2 m (EE-480022) och f\u00f6rl\u00e4ngningskabel 5 m (EE-480023). Du kan [&hellip;]<\/p>\n","protected":false},"featured_media":81240,"comment_status":"open","ping_status":"closed","template":"","meta":{"_acf_changed":false,"_relevanssi_hide_post":"","_relevanssi_hide_content":"","_relevanssi_pin_for_all":"","_relevanssi_pin_keywords":"","_relevanssi_unpin_keywords":"","_relevanssi_related_keywords":"","_relevanssi_related_include_ids":"","_relevanssi_related_exclude_ids":"","_relevanssi_related_no_append":"","_relevanssi_related_not_related":"","_relevanssi_related_posts":"","_relevanssi_noindex_reason":""},"pwb-brand":[28734],"product_brand":[],"product_cat":[31885,32160],"product_tag":[],"class_list":{"0":"post-101986","1":"product","2":"type-product","3":"status-publish","4":"has-post-thumbnail","6":"pwb-brand-llitt","7":"product_cat-upotettavat-valaisimet","8":"product_cat-infallda-lampor","10":"first","11":"instock","12":"taxable","13":"shipping-taxable","14":"purchasable","15":"product-type-simple"},"acf":[],"yoast_head":"<!-- This site is optimized with the Yoast SEO plugin v27.5 - https:\/\/yoast.com\/product\/yoast-seo-wordpress\/ -->\n<title>Allan More Decklight - Oy Noortrade Ab<\/title>\n<meta name=\"robots\" content=\"index, follow, max-snippet:-1, max-image-preview:large, max-video-preview:-1\" \/>\n<link rel=\"canonical\" href=\"https:\/\/shop.noor.fi\/sv\/produkt\/allan-more-decklight\/\" \/>\n<meta property=\"og:locale\" content=\"sv_SE\" \/>\n<meta property=\"og:type\" content=\"article\" \/>\n<meta property=\"og:title\" content=\"Allan More Decklight - Oy Noortrade Ab\" \/>\n<meta property=\"og:description\" content=\"Allan More Decklight passar till tr\u00e4d\u00e4ck. Armaturen har en integrerad LED med ljusfl\u00f6de av 100 lm, f\u00e4rgtemperaturen \u00e4r 3000 Kelvin. Kabeln \u00e4r 75 cm l\u00e5ng. Max belastning 100 kg. Transformatorn ing\u00e5r ej, kompatibla modeller \u00e4r EE-480069 och EE-480070. Som tillbeh\u00f6r finns \u00e4ven Smartbox (EE-480021), f\u00f6rl\u00e4ngningskabel 2 m (EE-480022) och f\u00f6rl\u00e4ngningskabel 5 m (EE-480023). Du kan [&hellip;]\" \/>\n<meta property=\"og:url\" content=\"https:\/\/shop.noor.fi\/sv\/produkt\/allan-more-decklight\/\" \/>\n<meta property=\"og:site_name\" content=\"Oy Noortrade Ab\" \/>\n<meta property=\"article:modified_time\" content=\"2026-02-05T20:09:54+00:00\" \/>\n<meta property=\"og:image\" content=\"https:\/\/shop.noor.fi\/wp-content\/uploads\/2024\/01\/7392971147475.jpg\" \/>\n\t<meta property=\"og:image:width\" content=\"2560\" \/>\n\t<meta property=\"og:image:height\" content=\"1920\" \/>\n\t<meta property=\"og:image:type\" content=\"image\/jpeg\" \/>\n<meta name=\"twitter:card\" content=\"summary_large_image\" \/>\n<meta name=\"twitter:label1\" content=\"Ber\u00e4knad l\u00e4stid\" \/>\n\t<meta name=\"twitter:data1\" content=\"1 minut\" \/>\n<script type=\"application\/ld+json\" class=\"yoast-schema-graph\">{\"@context\":\"https:\\\/\\\/schema.org\",\"@graph\":[{\"@type\":\"WebPage\",\"@id\":\"https:\\\/\\\/shop.noor.fi\\\/sv\\\/produkt\\\/allan-more-decklight\\\/\",\"url\":\"https:\\\/\\\/shop.noor.fi\\\/sv\\\/produkt\\\/allan-more-decklight\\\/\",\"name\":\"Allan More Decklight - Oy Noortrade Ab\",\"isPartOf\":{\"@id\":\"https:\\\/\\\/shopnoorfi-wp31835.test.cchosting.fi\\\/#website\"},\"primaryImageOfPage\":{\"@id\":\"https:\\\/\\\/shop.noor.fi\\\/sv\\\/produkt\\\/allan-more-decklight\\\/#primaryimage\"},\"image\":{\"@id\":\"https:\\\/\\\/shop.noor.fi\\\/sv\\\/produkt\\\/allan-more-decklight\\\/#primaryimage\"},\"thumbnailUrl\":\"https:\\\/\\\/shop.noor.fi\\\/wp-content\\\/uploads\\\/2024\\\/01\\\/7392971147475.jpg\",\"datePublished\":\"2024-01-19T02:15:11+00:00\",\"dateModified\":\"2026-02-05T20:09:54+00:00\",\"breadcrumb\":{\"@id\":\"https:\\\/\\\/shop.noor.fi\\\/sv\\\/produkt\\\/allan-more-decklight\\\/#breadcrumb\"},\"inLanguage\":\"sv-SE\",\"potentialAction\":[{\"@type\":\"ReadAction\",\"target\":[\"https:\\\/\\\/shop.noor.fi\\\/sv\\\/produkt\\\/allan-more-decklight\\\/\"]}]},{\"@type\":\"ImageObject\",\"inLanguage\":\"sv-SE\",\"@id\":\"https:\\\/\\\/shop.noor.fi\\\/sv\\\/produkt\\\/allan-more-decklight\\\/#primaryimage\",\"url\":\"https:\\\/\\\/shop.noor.fi\\\/wp-content\\\/uploads\\\/2024\\\/01\\\/7392971147475.jpg\",\"contentUrl\":\"https:\\\/\\\/shop.noor.fi\\\/wp-content\\\/uploads\\\/2024\\\/01\\\/7392971147475.jpg\",\"width\":2560,\"height\":1920},{\"@type\":\"BreadcrumbList\",\"@id\":\"https:\\\/\\\/shop.noor.fi\\\/sv\\\/produkt\\\/allan-more-decklight\\\/#breadcrumb\",\"itemListElement\":[{\"@type\":\"ListItem\",\"position\":1,\"name\":\"Etusivu\",\"item\":\"https:\\\/\\\/shop.noor.fi\\\/sv\\\/\"},{\"@type\":\"ListItem\",\"position\":2,\"name\":\"Butik\",\"item\":\"https:\\\/\\\/shopnoorfi-wp31835.test.cchosting.fi\\\/sv\\\/butik\\\/\"},{\"@type\":\"ListItem\",\"position\":3,\"name\":\"Allan More Decklight\"}]},{\"@type\":\"WebSite\",\"@id\":\"https:\\\/\\\/shopnoorfi-wp31835.test.cchosting.fi\\\/#website\",\"url\":\"https:\\\/\\\/shopnoorfi-wp31835.test.cchosting.fi\\\/\",\"name\":\"Oy Noortrade Ab\",\"description\":\"Finnish family owned company with over 30 years of professional experience in lighting &amp; interior products import and sales - reliably.\",\"publisher\":{\"@id\":\"https:\\\/\\\/shopnoorfi-wp31835.test.cchosting.fi\\\/#organization\"},\"potentialAction\":[{\"@type\":\"SearchAction\",\"target\":{\"@type\":\"EntryPoint\",\"urlTemplate\":\"https:\\\/\\\/shopnoorfi-wp31835.test.cchosting.fi\\\/?s={search_term_string}\"},\"query-input\":{\"@type\":\"PropertyValueSpecification\",\"valueRequired\":true,\"valueName\":\"search_term_string\"}}],\"inLanguage\":\"sv-SE\"},{\"@type\":\"Organization\",\"@id\":\"https:\\\/\\\/shopnoorfi-wp31835.test.cchosting.fi\\\/#organization\",\"name\":\"Oy Noortrade Ab\",\"url\":\"https:\\\/\\\/shopnoorfi-wp31835.test.cchosting.fi\\\/\",\"logo\":{\"@type\":\"ImageObject\",\"inLanguage\":\"sv-SE\",\"@id\":\"https:\\\/\\\/shopnoorfi-wp31835.test.cchosting.fi\\\/#\\\/schema\\\/logo\\\/image\\\/\",\"url\":\"https:\\\/\\\/shop.noor.fi\\\/wp-content\\\/uploads\\\/2024\\\/01\\\/Oy-Noortrade-Ab-Corbel-VERSAL-bold-BLACK.png\",\"contentUrl\":\"https:\\\/\\\/shop.noor.fi\\\/wp-content\\\/uploads\\\/2024\\\/01\\\/Oy-Noortrade-Ab-Corbel-VERSAL-bold-BLACK.png\",\"width\":721,\"height\":177,\"caption\":\"Oy Noortrade Ab\"},\"image\":{\"@id\":\"https:\\\/\\\/shopnoorfi-wp31835.test.cchosting.fi\\\/#\\\/schema\\\/logo\\\/image\\\/\"}}]}<\/script>\n<!-- \/ Yoast SEO plugin. -->","yoast_head_json":{"title":"Allan More Decklight - Oy Noortrade Ab","robots":{"index":"index","follow":"follow","max-snippet":"max-snippet:-1","max-image-preview":"max-image-preview:large","max-video-preview":"max-video-preview:-1"},"canonical":"https:\/\/shop.noor.fi\/sv\/produkt\/allan-more-decklight\/","og_locale":"sv_SE","og_type":"article","og_title":"Allan More Decklight - Oy Noortrade Ab","og_description":"Allan More Decklight passar till tr\u00e4d\u00e4ck. Armaturen har en integrerad LED med ljusfl\u00f6de av 100 lm, f\u00e4rgtemperaturen \u00e4r 3000 Kelvin. Kabeln \u00e4r 75 cm l\u00e5ng. Max belastning 100 kg. Transformatorn ing\u00e5r ej, kompatibla modeller \u00e4r EE-480069 och EE-480070. Som tillbeh\u00f6r finns \u00e4ven Smartbox (EE-480021), f\u00f6rl\u00e4ngningskabel 2 m (EE-480022) och f\u00f6rl\u00e4ngningskabel 5 m (EE-480023). Du kan [&hellip;]","og_url":"https:\/\/shop.noor.fi\/sv\/produkt\/allan-more-decklight\/","og_site_name":"Oy Noortrade Ab","article_modified_time":"2026-02-05T20:09:54+00:00","og_image":[{"width":2560,"height":1920,"url":"https:\/\/shop.noor.fi\/wp-content\/uploads\/2024\/01\/7392971147475.jpg","type":"image\/jpeg"}],"twitter_card":"summary_large_image","twitter_misc":{"Ber\u00e4knad l\u00e4stid":"1 minut"},"schema":{"@context":"https:\/\/schema.org","@graph":[{"@type":"WebPage","@id":"https:\/\/shop.noor.fi\/sv\/produkt\/allan-more-decklight\/","url":"https:\/\/shop.noor.fi\/sv\/produkt\/allan-more-decklight\/","name":"Allan More Decklight - Oy Noortrade Ab","isPartOf":{"@id":"https:\/\/shopnoorfi-wp31835.test.cchosting.fi\/#website"},"primaryImageOfPage":{"@id":"https:\/\/shop.noor.fi\/sv\/produkt\/allan-more-decklight\/#primaryimage"},"image":{"@id":"https:\/\/shop.noor.fi\/sv\/produkt\/allan-more-decklight\/#primaryimage"},"thumbnailUrl":"https:\/\/shop.noor.fi\/wp-content\/uploads\/2024\/01\/7392971147475.jpg","datePublished":"2024-01-19T02:15:11+00:00","dateModified":"2026-02-05T20:09:54+00:00","breadcrumb":{"@id":"https:\/\/shop.noor.fi\/sv\/produkt\/allan-more-decklight\/#breadcrumb"},"inLanguage":"sv-SE","potentialAction":[{"@type":"ReadAction","target":["https:\/\/shop.noor.fi\/sv\/produkt\/allan-more-decklight\/"]}]},{"@type":"ImageObject","inLanguage":"sv-SE","@id":"https:\/\/shop.noor.fi\/sv\/produkt\/allan-more-decklight\/#primaryimage","url":"https:\/\/shop.noor.fi\/wp-content\/uploads\/2024\/01\/7392971147475.jpg","contentUrl":"https:\/\/shop.noor.fi\/wp-content\/uploads\/2024\/01\/7392971147475.jpg","width":2560,"height":1920},{"@type":"BreadcrumbList","@id":"https:\/\/shop.noor.fi\/sv\/produkt\/allan-more-decklight\/#breadcrumb","itemListElement":[{"@type":"ListItem","position":1,"name":"Etusivu","item":"https:\/\/shop.noor.fi\/sv\/"},{"@type":"ListItem","position":2,"name":"Butik","item":"https:\/\/shopnoorfi-wp31835.test.cchosting.fi\/sv\/butik\/"},{"@type":"ListItem","position":3,"name":"Allan More Decklight"}]},{"@type":"WebSite","@id":"https:\/\/shopnoorfi-wp31835.test.cchosting.fi\/#website","url":"https:\/\/shopnoorfi-wp31835.test.cchosting.fi\/","name":"Oy Noortrade Ab","description":"Finnish family owned company with over 30 years of professional experience in lighting &amp; interior products import and sales - reliably.","publisher":{"@id":"https:\/\/shopnoorfi-wp31835.test.cchosting.fi\/#organization"},"potentialAction":[{"@type":"SearchAction","target":{"@type":"EntryPoint","urlTemplate":"https:\/\/shopnoorfi-wp31835.test.cchosting.fi\/?s={search_term_string}"},"query-input":{"@type":"PropertyValueSpecification","valueRequired":true,"valueName":"search_term_string"}}],"inLanguage":"sv-SE"},{"@type":"Organization","@id":"https:\/\/shopnoorfi-wp31835.test.cchosting.fi\/#organization","name":"Oy Noortrade Ab","url":"https:\/\/shopnoorfi-wp31835.test.cchosting.fi\/","logo":{"@type":"ImageObject","inLanguage":"sv-SE","@id":"https:\/\/shopnoorfi-wp31835.test.cchosting.fi\/#\/schema\/logo\/image\/","url":"https:\/\/shop.noor.fi\/wp-content\/uploads\/2024\/01\/Oy-Noortrade-Ab-Corbel-VERSAL-bold-BLACK.png","contentUrl":"https:\/\/shop.noor.fi\/wp-content\/uploads\/2024\/01\/Oy-Noortrade-Ab-Corbel-VERSAL-bold-BLACK.png","width":721,"height":177,"caption":"Oy Noortrade Ab"},"image":{"@id":"https:\/\/shopnoorfi-wp31835.test.cchosting.fi\/#\/schema\/logo\/image\/"}}]}},"brands":[{"id":28734,"name":"Llitt","slug":"llitt"}],"_links":{"self":[{"href":"https:\/\/shop.noor.fi\/sv\/wp-json\/wp\/v2\/product\/101986","targetHints":{"allow":["GET"]}}],"collection":[{"href":"https:\/\/shop.noor.fi\/sv\/wp-json\/wp\/v2\/product"}],"about":[{"href":"https:\/\/shop.noor.fi\/sv\/wp-json\/wp\/v2\/types\/product"}],"replies":[{"embeddable":true,"href":"https:\/\/shop.noor.fi\/sv\/wp-json\/wp\/v2\/comments?post=101986"}],"wp:featuredmedia":[{"embeddable":true,"href":"https:\/\/shop.noor.fi\/sv\/wp-json\/wp\/v2\/media\/81240"}],"wp:attachment":[{"href":"https:\/\/shop.noor.fi\/sv\/wp-json\/wp\/v2\/media?parent=101986"}],"wp:term":[{"taxonomy":"pwb-brand","embeddable":true,"href":"https:\/\/shop.noor.fi\/sv\/wp-json\/wp\/v2\/pwb-brand?post=101986"},{"taxonomy":"product_brand","embeddable":true,"href":"https:\/\/shop.noor.fi\/sv\/wp-json\/wp\/v2\/product_brand?post=101986"},{"taxonomy":"product_cat","embeddable":true,"href":"https:\/\/shop.noor.fi\/sv\/wp-json\/wp\/v2\/product_cat?post=101986"},{"taxonomy":"product_tag","embeddable":true,"href":"https:\/\/shop.noor.fi\/sv\/wp-json\/wp\/v2\/product_tag?post=101986"}],"curies":[{"name":"wp","href":"https:\/\/api.w.org\/{rel}","templated":true}]}}